{"id":1862,"date":"2021-03-19T10:12:05","date_gmt":"2021-03-19T10:12:05","guid":{"rendered":"https:\/\/www.tadano.com\/espana-y-portugal\/ventas-y-servicios\/piezas\/"},"modified":"2026-03-11T09:06:25","modified_gmt":"2026-03-11T09:06:25","slug":"piezas","status":"publish","type":"page","link":"https:\/\/www.tadano.com\/espana-y-portugal\/es\/ventas-y-servicios\/piezas\/","title":{"rendered":"Piezas"},"content":{"rendered":"\n\n\n<section class=\"hero-section\">\n\n\t\n\t\t\t<style type=\"text\/css\">\n\t\t\t.hero-section .img-holder:before {\n\t\t\t\tdisplay: none;\n\t\t\t}\n\t\t<\/style>\n\t\n\t\n\t<div class=\"img-holder \">\n\t\t\t\t<div class=\"bg-stretch\" style=\"background-position: 50% 50%; \">\n\t\t\t<span data-srcset=\"https:\/\/assets.onetadano.com\/celum_assets\/hero\/Lager_Lauf_web-2.jpg, https:\/\/assets.onetadano.com\/celum_assets\/hero-2x\/Lager_Lauf_web-2.jpg 2x\"><\/span>\n\t\t<\/div>\n\t\t\t\t\t\t<div class=\"logo green-solutions\" style=\"display:none;\">\n\t\t\t<a href=\"#\"><img decoding=\"async\" src=\"https:\/\/www.tadano.com\/espana-y-portugal\/wp-content\/themes\/tadano\/assets\/dist\/images\/Green-Solutions_Logo_White.svg\"><\/a>\n\t\t<\/div>\n\t<\/div>\n\t<div class=\"container\">\n\t\t<div class=\"text-holder \">\n\t\t\t<div class=\"wrap\">\n\t\t\t\t\n\t\t\t\t<ul class=\"breadcrumbs\"><li><a href=\"https:\/\/www.tadano.com\/espana-y-portugal\/es\/\">Inicio<\/a><\/li><\/ul>\n\t\t\t\t\n\n<h1 class=\"wp-block-heading\">Piezas<\/h1>\n\n\n\n<p>Nuestras piezas de repuesto originales para gr\u00faas Tadano contribuyen a que sus gr\u00faas y su empresa alcancen el m\u00e1ximo rendimiento. Estamos aqu\u00ed para apoyarle con una excelente disponibilidad de piezas de repuesto y un env\u00edo r\u00e1pido.<\/p>\n\n\n\n<div class=\"wp-block-buttons is-layout-flex wp-block-buttons-is-layout-flex\">\n<div class=\"wp-block-button\"><a class=\"wp-block-button__link wp-element-button\" href=\"#contact\">CONT\u00c1CTENOS<\/a><\/div>\n<\/div>\n\n\n\n\t\t\t\t\n\t\t\t<\/div>\n\n\t\t\t\n\t\t\t\n\t\t\t\n\t\t<\/div>\n\t<\/div>\n<\/section>\n\n\n<div class=\"wp-block-group is-style-background-cyan is-layout-flow wp-block-group-is-layout-flow\"><div class=\"wp-block-group__inner-container\">\n<h2 class=\"wp-block-heading\">Ayuda directa<\/h2>\n\n\n\n<p>Estamos aqu\u00ed para mantener su negocio y sus gr\u00faas funcionando de forma eficiente. P\u00f3ngase en contacto con nuestros expertos, y recibir\u00e1 las piezas de repuesto originales en el menor tiempo posible.<\/p>\n\n\n\n<div class=\"wp-block-columns is-layout-flex wp-container-core-columns-layout-1 wp-block-columns-is-layout-flex\">\n<div class=\"wp-block-column is-layout-flow wp-block-column-is-layout-flow\">\n<div class=\"wp-block-buttons is-layout-flex wp-block-buttons-is-layout-flex\">\n<div class=\"wp-block-button is-style-dark-blue-with-phone-icon\"><a class=\"wp-block-button__link wp-element-button\" href=\"tel:+34 918720900\">+34 918720900<\/a><\/div>\n<\/div>\n<\/div>\n\n\n\n<div class=\"wp-block-column is-layout-flow wp-block-column-is-layout-flow\">\n<div class=\"wp-block-buttons is-layout-flex wp-block-buttons-is-layout-flex\">\n<div class=\"wp-block-button is-style-dark-blue-with-mail-icon\"><a class=\"wp-block-button__link wp-element-button\" href=\"mailto:tde.info@tadano.com\">Env\u00edenos un correo electr\u00f3nico<\/a><\/div>\n<\/div>\n<\/div>\n<\/div>\n<\/div><\/div>\n\n\n\n<div style=\"height:59px\" aria-hidden=\"true\" class=\"wp-block-spacer\"><\/div>\n\n\n\n<div class=\"wp-block-columns is-layout-flex wp-container-core-columns-layout-2 wp-block-columns-is-layout-flex\">\n<div class=\"wp-block-column is-layout-flow wp-block-column-is-layout-flow\" style=\"flex-basis:60%\">\n<h2 class=\"wp-block-heading\">piezas<\/h2>\n\n\n\n<p>Las piezas originales Tadano garantizan que su equipo contin\u00fae funcionando a pleno rendimiento. Nuestros agentes de servicio y distribuidores le hacen llegar r\u00e1pidamente las piezas adecuadas para minimizar el tiempo de inactividad y mantener la productividad.<\/p>\n<\/div>\n\n\n\n<div class=\"wp-block-column is-layout-flow wp-block-column-is-layout-flow\" style=\"flex-basis:40%\"><\/div>\n<\/div>\n\n\n\n<div class=\"wp-block-columns is-layout-flex wp-container-core-columns-layout-3 wp-block-columns-is-layout-flex\">\n<div class=\"wp-block-column is-layout-flow wp-block-column-is-layout-flow\">\n<h4 class=\"wp-block-heading\">Pedido de piezas<\/h4>\n\n\n\n<p>Pida piezas para gr\u00faas Tadano todo terreno, sobre orugas con pluma telesc\u00f3pica, montadas sobre cami\u00f3n y para terrenos irregulares.<\/p>\n\n\n\n<div class=\"wp-block-buttons is-layout-flex wp-block-buttons-is-layout-flex\">\n<div class=\"wp-block-button\"><a class=\"wp-block-button__link wp-element-button\" href=\"https:\/\/www.tadano.com\/espana-y-portugal\/es\/ventas-y-servicios\/piezas\/piezas-tadano\/\">Pedir piezas<\/a><\/div>\n<\/div>\n<\/div>\n<\/div>\n\n\n\n<h4 class=\"wp-block-heading\">Manuales de piezas<\/h4>\n\n\n\n<p>Explore nuestros manuales de piezas de gr\u00faas todo terreno y sobre orugas.<\/p>\n\n\n\n<div class=\"wp-block-columns is-layout-flex wp-container-core-columns-layout-4 wp-block-columns-is-layout-flex\">\n<div class=\"wp-block-column is-layout-flow wp-block-column-is-layout-flow\" style=\"flex-basis:100%\">\n<div class=\"wp-block-buttons is-layout-flex wp-block-buttons-is-layout-flex\">\n<div class=\"wp-block-button\"><a class=\"wp-block-button__link wp-element-button\" href=\"https:\/\/spareparts.tadanoeurope.com\/catalog\/\" target=\"_blank\" rel=\"noreferrer noopener\">Productos AC &amp; CC<\/a><\/div>\n\n\n\n<div class=\"wp-block-button\"><a class=\"wp-block-button__link wp-element-button\" href=\"https:\/\/spareparts.tadanoeurope.com\/catalogmlm\/\" target=\"_blank\" rel=\"noreferrer noopener\">PRODUCTOS HEREDADOS FRANCIA<\/a><\/div>\n<\/div>\n\n\n\n<p><\/p>\n<\/div>\n<\/div>\n\n\n<div id=\"contact\"><\/div>\n\n\n\n<section class=\"sales-team hide-background-triangle  \">\n   <div class=\"container\">\n                    <div class=\"section-heading\">\n                <div class=\"heading\">\n                    <h2>Su equipo de piezas Tadano<\/h2>\n                <\/div>\n            <\/div>\n              <div class=\"threerow-slider dots-info has-no-images\">\n                 \n                        <div class=\"card-col no-img wide-card\">\n                <div class=\"info-card responsive\">\n                    <div class=\"card-img\">\n                                            <\/div>\n                    <div class=\"card-content\">\n                        <div class=\"card-title\">\n                            <p>Elisabeth Mata<\/p>\n                        <\/div>\n                        <div class=\"card-info\">\n                            <strong class=\"first-row row\">Administraci\u00f3n de Repuestos<\/strong>\n                            <strong class=\"row\">Espa\u00f1a y Portugal<\/strong>\n                            <strong class=\"row\">Espa\u00f1ol, Ingl\u00e9s<\/strong>\n                                                            <strong class=\"row\">\n                                <svg style=\"display:inline;\" xmlns=\"http:\/\/www.w3.org\/2000\/svg\" id=\"Layer_1\" data-name=\"Layer 1\" viewBox=\"0 0 24 24\" width=\"15\" height=\"15\"><path d=\"M24,6.24c0,7.64-10.13,17.76-17.76,17.76-1.67,0-3.23-.63-4.38-1.78l-1-1.15c-1.16-1.16-1.16-3.12,.05-4.33,.03-.03,2.44-1.88,2.44-1.88,1.2-1.14,3.09-1.14,4.28,0l1.46,1.17c3.2-1.36,5.47-3.64,6.93-6.95l-1.16-1.46c-1.15-1.19-1.15-3.09,0-4.28,0,0,1.85-2.41,1.88-2.44,1.21-1.21,3.17-1.21,4.38,0l1.05,.91c1.2,1.19,1.83,2.75,1.83,4.42Z\"\/><\/svg>\n                                <a href=\"tel:+34667975264\">+34 667 975 264<\/a>\n                                <\/strong> \n                                                                                        <strong class=\"row\">\n                                <svg tyle=\"display:inline;\"  xmlns=\"http:\/\/www.w3.org\/2000\/svg\" id=\"Filled\" viewBox=\"0 0 24 24\" width=\"15\" height=\"15\"><path d=\"M23.954,5.542,15.536,13.96a5.007,5.007,0,0,1-7.072,0L.046,5.542C.032,5.7,0,5.843,0,6V18a5.006,5.006,0,0,0,5,5H19a5.006,5.006,0,0,0,5-5V6C24,5.843,23.968,5.7,23.954,5.542Z\"\/><path d=\"M14.122,12.546l9.134-9.135A4.986,4.986,0,0,0,19,1H5A4.986,4.986,0,0,0,.744,3.411l9.134,9.135A3.007,3.007,0,0,0,14.122,12.546Z\"\/><\/svg>\n                                <a href=\"mailto:elisabeth.mata@tadano.com\">elisabeth.mata@tadano.com<\/a>\n                            <\/strong>\n                                                    <\/div>\n                    <\/div>\n                <\/div>\n            <\/div>\n         \n                        <div class=\"card-col no-img wide-card\">\n                <div class=\"info-card responsive\">\n                    <div class=\"card-img\">\n                                            <\/div>\n                    <div class=\"card-content\">\n                        <div class=\"card-title\">\n                            <p>Jos\u00e9 Luis Pinedo<\/p>\n                        <\/div>\n                        <div class=\"card-info\">\n                            <strong class=\"first-row row\">Gerente de Repuestos<\/strong>\n                            <strong class=\"row\">Espa\u00f1a y Portugal<\/strong>\n                            <strong class=\"row\">Espa\u00f1ol, Ingl\u00e9s<\/strong>\n                                                            <strong class=\"row\">\n                                <svg style=\"display:inline;\" xmlns=\"http:\/\/www.w3.org\/2000\/svg\" id=\"Layer_1\" data-name=\"Layer 1\" viewBox=\"0 0 24 24\" width=\"15\" height=\"15\"><path d=\"M24,6.24c0,7.64-10.13,17.76-17.76,17.76-1.67,0-3.23-.63-4.38-1.78l-1-1.15c-1.16-1.16-1.16-3.12,.05-4.33,.03-.03,2.44-1.88,2.44-1.88,1.2-1.14,3.09-1.14,4.28,0l1.46,1.17c3.2-1.36,5.47-3.64,6.93-6.95l-1.16-1.46c-1.15-1.19-1.15-3.09,0-4.28,0,0,1.85-2.41,1.88-2.44,1.21-1.21,3.17-1.21,4.38,0l1.05,.91c1.2,1.19,1.83,2.75,1.83,4.42Z\"\/><\/svg>\n                                <a href=\"tel:+34687673875\">+34 687 673 875<\/a>\n                                <\/strong> \n                                                                                        <strong class=\"row\">\n                                <svg tyle=\"display:inline;\"  xmlns=\"http:\/\/www.w3.org\/2000\/svg\" id=\"Filled\" viewBox=\"0 0 24 24\" width=\"15\" height=\"15\"><path d=\"M23.954,5.542,15.536,13.96a5.007,5.007,0,0,1-7.072,0L.046,5.542C.032,5.7,0,5.843,0,6V18a5.006,5.006,0,0,0,5,5H19a5.006,5.006,0,0,0,5-5V6C24,5.843,23.968,5.7,23.954,5.542Z\"\/><path d=\"M14.122,12.546l9.134-9.135A4.986,4.986,0,0,0,19,1H5A4.986,4.986,0,0,0,.744,3.411l9.134,9.135A3.007,3.007,0,0,0,14.122,12.546Z\"\/><\/svg>\n                                <a href=\"mailto:jose.pinedo@tadano.com\">jose.pinedo@tadano.com<\/a>\n                            <\/strong>\n                                                    <\/div>\n                    <\/div>\n                <\/div>\n            <\/div>\n              <\/div>\n   <\/div>\n<\/section>","protected":false},"excerpt":{"rendered":"<p>Ayuda directa Estamos aqu\u00ed para mantener su negocio y sus gr\u00faas funcionando de forma eficiente. P\u00f3ngase en contacto con nuestros expertos, y recibir\u00e1 las piezas de repuesto originales en el menor tiempo posible. piezas Las piezas originales Tadano garantizan que su equipo contin\u00fae funcionando a pleno rendimiento. Nuestros agentes de servicio y distribuidores le hacen [&hellip;]<\/p>\n","protected":false},"author":1,"featured_media":0,"parent":1825,"menu_order":0,"comment_status":"closed","ping_status":"closed","template":"","meta":{"_acf_changed":false,"footnotes":""},"acf":[],"yoast_head":"<!-- This site is optimized with the Yoast SEO plugin v22.3 - https:\/\/yoast.com\/wordpress\/plugins\/seo\/ -->\n<title>Piezas - Spain &amp; Portugal<\/title>\n<meta name=\"robots\" content=\"index, follow, max-snippet:-1, max-image-preview:large, max-video-preview:-1\" \/>\n<link rel=\"canonical\" href=\"https:\/\/www.tadano.com\/espana-y-portugal\/es\/ventas-y-servicios\/piezas\/\" \/>\n<meta property=\"og:locale\" content=\"es_ES\" \/>\n<meta property=\"og:type\" content=\"article\" \/>\n<meta property=\"og:title\" content=\"Piezas - Spain &amp; Portugal\" \/>\n<meta property=\"og:description\" content=\"Ayuda directa Estamos aqu\u00ed para mantener su negocio y sus gr\u00faas funcionando de forma eficiente. P\u00f3ngase en contacto con nuestros expertos, y recibir\u00e1 las piezas de repuesto originales en el menor tiempo posible. piezas Las piezas originales Tadano garantizan que su equipo contin\u00fae funcionando a pleno rendimiento. Nuestros agentes de servicio y distribuidores le hacen [&hellip;]\" \/>\n<meta property=\"og:url\" content=\"https:\/\/www.tadano.com\/espana-y-portugal\/es\/ventas-y-servicios\/piezas\/\" \/>\n<meta property=\"og:site_name\" content=\"Spain &amp; Portugal\" \/>\n<meta property=\"article:modified_time\" content=\"2026-03-11T09:06:25+00:00\" \/>\n<meta name=\"twitter:card\" content=\"summary_large_image\" \/>\n<meta name=\"twitter:label1\" content=\"Tiempo de lectura\" \/>\n\t<meta name=\"twitter:data1\" content=\"1 minuto\" \/>\n<script type=\"application\/ld+json\" class=\"yoast-schema-graph\">{\"@context\":\"https:\/\/schema.org\",\"@graph\":[{\"@type\":\"WebPage\",\"@id\":\"https:\/\/www.tadano.com\/espana-y-portugal\/es\/ventas-y-servicios\/piezas\/\",\"url\":\"https:\/\/www.tadano.com\/espana-y-portugal\/es\/ventas-y-servicios\/piezas\/\",\"name\":\"Piezas - Spain &amp; Portugal\",\"isPartOf\":{\"@id\":\"https:\/\/www.tadano.com\/espana-y-portugal\/es\/#website\"},\"datePublished\":\"2021-03-19T10:12:05+00:00\",\"dateModified\":\"2026-03-11T09:06:25+00:00\",\"breadcrumb\":{\"@id\":\"https:\/\/www.tadano.com\/espana-y-portugal\/es\/ventas-y-servicios\/piezas\/#breadcrumb\"},\"inLanguage\":\"es\",\"potentialAction\":[{\"@type\":\"ReadAction\",\"target\":[\"https:\/\/www.tadano.com\/espana-y-portugal\/es\/ventas-y-servicios\/piezas\/\"]}]},{\"@type\":\"BreadcrumbList\",\"@id\":\"https:\/\/www.tadano.com\/espana-y-portugal\/es\/ventas-y-servicios\/piezas\/#breadcrumb\",\"itemListElement\":[{\"@type\":\"ListItem\",\"position\":1,\"name\":\"Ventas y Servicios\",\"item\":\"https:\/\/www.tadano.com\/espana-y-portugal\/es\/ventas-y-servicios\/\"},{\"@type\":\"ListItem\",\"position\":2,\"name\":\"Piezas\"}]},{\"@type\":\"WebSite\",\"@id\":\"https:\/\/www.tadano.com\/espana-y-portugal\/es\/#website\",\"url\":\"https:\/\/www.tadano.com\/espana-y-portugal\/es\/\",\"name\":\"Spain &amp; Portugal\",\"description\":\"Just another TADANO EUROPE site\",\"potentialAction\":[{\"@type\":\"SearchAction\",\"target\":{\"@type\":\"EntryPoint\",\"urlTemplate\":\"https:\/\/www.tadano.com\/espana-y-portugal\/es\/?s={search_term_string}\"},\"query-input\":\"required name=search_term_string\"}],\"inLanguage\":\"es\"}]}<\/script>\n<!-- \/ Yoast SEO plugin. -->","yoast_head_json":{"title":"Piezas - Spain &amp; Portugal","robots":{"index":"index","follow":"follow","max-snippet":"max-snippet:-1","max-image-preview":"max-image-preview:large","max-video-preview":"max-video-preview:-1"},"canonical":"https:\/\/www.tadano.com\/espana-y-portugal\/es\/ventas-y-servicios\/piezas\/","og_locale":"es_ES","og_type":"article","og_title":"Piezas - Spain &amp; Portugal","og_description":"Ayuda directa Estamos aqu\u00ed para mantener su negocio y sus gr\u00faas funcionando de forma eficiente. P\u00f3ngase en contacto con nuestros expertos, y recibir\u00e1 las piezas de repuesto originales en el menor tiempo posible. piezas Las piezas originales Tadano garantizan que su equipo contin\u00fae funcionando a pleno rendimiento. Nuestros agentes de servicio y distribuidores le hacen [&hellip;]","og_url":"https:\/\/www.tadano.com\/espana-y-portugal\/es\/ventas-y-servicios\/piezas\/","og_site_name":"Spain &amp; Portugal","article_modified_time":"2026-03-11T09:06:25+00:00","twitter_card":"summary_large_image","twitter_misc":{"Tiempo de lectura":"1 minuto"},"schema":{"@context":"https:\/\/schema.org","@graph":[{"@type":"WebPage","@id":"https:\/\/www.tadano.com\/espana-y-portugal\/es\/ventas-y-servicios\/piezas\/","url":"https:\/\/www.tadano.com\/espana-y-portugal\/es\/ventas-y-servicios\/piezas\/","name":"Piezas - Spain &amp; Portugal","isPartOf":{"@id":"https:\/\/www.tadano.com\/espana-y-portugal\/es\/#website"},"datePublished":"2021-03-19T10:12:05+00:00","dateModified":"2026-03-11T09:06:25+00:00","breadcrumb":{"@id":"https:\/\/www.tadano.com\/espana-y-portugal\/es\/ventas-y-servicios\/piezas\/#breadcrumb"},"inLanguage":"es","potentialAction":[{"@type":"ReadAction","target":["https:\/\/www.tadano.com\/espana-y-portugal\/es\/ventas-y-servicios\/piezas\/"]}]},{"@type":"BreadcrumbList","@id":"https:\/\/www.tadano.com\/espana-y-portugal\/es\/ventas-y-servicios\/piezas\/#breadcrumb","itemListElement":[{"@type":"ListItem","position":1,"name":"Ventas y Servicios","item":"https:\/\/www.tadano.com\/espana-y-portugal\/es\/ventas-y-servicios\/"},{"@type":"ListItem","position":2,"name":"Piezas"}]},{"@type":"WebSite","@id":"https:\/\/www.tadano.com\/espana-y-portugal\/es\/#website","url":"https:\/\/www.tadano.com\/espana-y-portugal\/es\/","name":"Spain &amp; Portugal","description":"Just another TADANO EUROPE site","potentialAction":[{"@type":"SearchAction","target":{"@type":"EntryPoint","urlTemplate":"https:\/\/www.tadano.com\/espana-y-portugal\/es\/?s={search_term_string}"},"query-input":"required name=search_term_string"}],"inLanguage":"es"}]}},"_links":{"self":[{"href":"https:\/\/www.tadano.com\/espana-y-portugal\/es\/wp-json\/wp\/v2\/pages\/1862"}],"collection":[{"href":"https:\/\/www.tadano.com\/espana-y-portugal\/es\/wp-json\/wp\/v2\/pages"}],"about":[{"href":"https:\/\/www.tadano.com\/espana-y-portugal\/es\/wp-json\/wp\/v2\/types\/page"}],"author":[{"embeddable":true,"href":"https:\/\/www.tadano.com\/espana-y-portugal\/es\/wp-json\/wp\/v2\/users\/1"}],"replies":[{"embeddable":true,"href":"https:\/\/www.tadano.com\/espana-y-portugal\/es\/wp-json\/wp\/v2\/comments?post=1862"}],"version-history":[{"count":5,"href":"https:\/\/www.tadano.com\/espana-y-portugal\/es\/wp-json\/wp\/v2\/pages\/1862\/revisions"}],"predecessor-version":[{"id":17862,"href":"https:\/\/www.tadano.com\/espana-y-portugal\/es\/wp-json\/wp\/v2\/pages\/1862\/revisions\/17862"}],"up":[{"embeddable":true,"href":"https:\/\/www.tadano.com\/espana-y-portugal\/es\/wp-json\/wp\/v2\/pages\/1825"}],"wp:attachment":[{"href":"https:\/\/www.tadano.com\/espana-y-portugal\/es\/wp-json\/wp\/v2\/media?parent=1862"}],"curies":[{"name":"wp","href":"https:\/\/api.w.org\/{rel}","templated":true}]}}