{"id":1870,"date":"2021-04-15T06:31:11","date_gmt":"2021-04-15T06:31:11","guid":{"rendered":"https:\/\/www.tadano.com\/espana-y-portugal\/ventas-y-servicios\/repair-shop\/"},"modified":"2021-10-25T08:33:10","modified_gmt":"2021-10-25T08:33:10","slug":"taller-de-reparacion","status":"publish","type":"page","link":"https:\/\/www.tadano.com\/espana-y-portugal\/es\/ventas-y-servicios\/taller-de-reparacion\/","title":{"rendered":"Taller de reparaci\u00f3n"},"content":{"rendered":"\n\n\n<section class=\"hero-section\">\n\n\t\n\t\t\t<style type=\"text\/css\">\n\t\t\t.hero-section .img-holder:before {\n\t\t\t\tdisplay: none;\n\t\t\t}\n\t\t<\/style>\n\t\n\t\n\t<div class=\"img-holder \">\n\t\t\t\t<div class=\"bg-stretch\" style=\"background-position: 50% 50%; \">\n\t\t\t<span data-srcset=\"https:\/\/assets.onewww.tadano.com\/celum_assets\/hero\/Reparaturwerkstatt.jpg, https:\/\/assets.onewww.tadano.com\/celum_assets\/hero-2x\/Reparaturwerkstatt.jpg 2x\"><\/span>\n\t\t<\/div>\n\t\t\t\t\t\t<div class=\"logo green-solutions\" style=\"display:none;\">\n\t\t\t<a href=\"#\"><img decoding=\"async\" src=\"https:\/\/www.tadano.com\/espana-y-portugal\/wp-content\/themes\/tadano\/assets\/dist\/images\/Green-Solutions_Logo_White.svg\"><\/a>\n\t\t<\/div>\n\t<\/div>\n\t<div class=\"container\">\n\t\t<div class=\"text-holder \">\n\t\t\t<div class=\"wrap\">\n\t\t\t\t\n\t\t\t\t<ul class=\"breadcrumbs\"><li><a href=\"https:\/\/www.tadano.com\/espana-y-portugal\/es\/\">Inicio<\/a><\/li><\/ul>\n\t\t\t\t\n\n<h1 class=\"wp-block-heading\">Taller de reparaci\u00f3n<\/h1>\n\n\n\n<p>Conf\u00ede su gr\u00faa a nuestro equipo del taller de reparaci\u00f3n Tadano. Nuestro personal, formado en f\u00e1brica, proteger\u00e1 y conservar\u00e1 su inversi\u00f3n de acuerdo con nuestros elevados est\u00e1ndares de fabricaci\u00f3n.<\/p>\n\n\n\n<div class=\"wp-block-buttons is-layout-flex wp-block-buttons-is-layout-flex\">\n<div class=\"wp-block-button\"><a class=\"wp-block-button__link\" href=\"#contact\">CONT\u00c1CTENOS<\/a><\/div>\n<\/div>\n\n\n\n\t\t\t\t\n\t\t\t<\/div>\n\n\t\t\t\n\t\t\t\n\t\t\t\n\t\t<\/div>\n\t<\/div>\n<\/section>\n\n\n<div class=\"wp-block-group is-style-background-cyan\"><div class=\"wp-block-group__inner-container is-layout-flow wp-block-group-is-layout-flow\">\n<h2 class=\"wp-block-heading\">LO QUE OFRECEMOS<\/h2>\n\n\n\n<p>Los trabajos de reparaci\u00f3n y mantenimiento, as\u00ed como las conversiones, que nuestro servicio postventa no puede llevar a cabo localmente, se llevan a cabo en nuestras instalacion de Lauf \/ Pegnitz, donde disponemos de un taller especializado excelentemente equipado.<\/p>\n\n\n\n<p>Nuestra experiencia de d\u00e9cadas como fabricantes de gr\u00faas y proveedores de servicios significa que est\u00e1 en las mejores manos. Cada gr\u00faa se somete inicialmente a un examen minucioso en el marco de una inspecci\u00f3n de entrada, realizado por nuestro equipo de encargados. En funci\u00f3n de los resultados, elaboramos una estimaci\u00f3n de costes con precios y plazos vinculantes, que le proporciona m\u00e1xima seguridad y le permite planificar de forma fiable el uso posterior de su gr\u00faa. Los trabajos subsiguientes son realizados exclusivamente por especialistas cualificados que utilizan piezas de recambio originales (est\u00e1ndar del fabricante) que, por supuesto, son siempre de \u00faltima generaci\u00f3n.<\/p>\n<\/div><\/div>\n\n\n<div id=\"contact\"><\/div>\n\n\n\n<section class=\"sales-team hide-background-triangle\">\n  \n  <div class=\"container\">\n    <div class=\"section-heading\">\n      <div class=\"heading\">\n                  <h2>SU EQUIPO DE TALLER TADANO<\/h2>\n              <\/div>\n                        <\/div>\n\n    <div class=\"threerow-slider dots-info\">\n                                                <div class=\"card-col no-img\">\n              <div class=\"info-card responsive\">\n                <div class=\"card-img\">\n                                  <\/div>\n                <div class=\"card-content\">\n                                      <div class=\"card-title\"><p>Ignacio Espa\u00f1ol<\/p><\/div>\n                                    <div class=\"card-info\">\n                                                                                                      <strong class=\"row\">T: <a href=\"tel:+34 629 480 293\">+34 629 480 293<\/a><\/strong>\n                                                              <strong class=\"row\">E: <a href=\"mailto:ignacio.Espanol@tadano.com\">ignacio.Espanol@tadano.com<\/a><\/strong>\n                                      <\/div>\n                <\/div>\n              <\/div>\n            <\/div>\n                                  <div class=\"card-col no-img\">\n              <div class=\"info-card responsive\">\n                <div class=\"card-img\">\n                                  <\/div>\n                <div class=\"card-content\">\n                                      <div class=\"card-title\"><p>Manuel Lopez<\/p><\/div>\n                                    <div class=\"card-info\">\n                                                                                                      <strong class=\"row\">T: <a href=\"tel: +34 629 707 735\"> +34 629 707 735<\/a><\/strong>\n                                                              <strong class=\"row\">E: <a href=\"mailto:manuel.lopez@tadano.com\">manuel.lopez@tadano.com<\/a><\/strong>\n                                      <\/div>\n                <\/div>\n              <\/div>\n            <\/div>\n                            <\/div>\n      <\/div>\n<\/section>","protected":false},"excerpt":{"rendered":"<p>LO QUE OFRECEMOS Los trabajos de reparaci\u00f3n y mantenimiento, as\u00ed como las conversiones, que nuestro servicio postventa no puede llevar a cabo localmente, se llevan a cabo en nuestras instalacion de Lauf \/ Pegnitz, donde disponemos de un taller especializado excelentemente equipado. Nuestra experiencia de d\u00e9cadas como fabricantes de gr\u00faas y proveedores de servicios significa [&hellip;]<\/p>\n","protected":false},"author":1,"featured_media":0,"parent":1825,"menu_order":0,"comment_status":"closed","ping_status":"closed","template":"","meta":{"_acf_changed":false,"footnotes":""},"acf":[],"yoast_head":"<!-- This site is optimized with the Yoast SEO plugin v22.3 - https:\/\/yoast.com\/wordpress\/plugins\/seo\/ -->\n<title>Taller de reparaci\u00f3n - Spain &amp; Portugal<\/title>\n<meta name=\"robots\" content=\"index, follow, max-snippet:-1, max-image-preview:large, max-video-preview:-1\" \/>\n<link rel=\"canonical\" href=\"https:\/\/www.tadano.com\/espana-y-portugal\/es\/ventas-y-servicios\/taller-de-reparacion\/\" \/>\n<meta property=\"og:locale\" content=\"es_ES\" \/>\n<meta property=\"og:type\" content=\"article\" \/>\n<meta property=\"og:title\" content=\"Taller de reparaci\u00f3n - Spain &amp; Portugal\" \/>\n<meta property=\"og:description\" content=\"LO QUE OFRECEMOS Los trabajos de reparaci\u00f3n y mantenimiento, as\u00ed como las conversiones, que nuestro servicio postventa no puede llevar a cabo localmente, se llevan a cabo en nuestras instalacion de Lauf \/ Pegnitz, donde disponemos de un taller especializado excelentemente equipado. Nuestra experiencia de d\u00e9cadas como fabricantes de gr\u00faas y proveedores de servicios significa [&hellip;]\" \/>\n<meta property=\"og:url\" content=\"https:\/\/www.tadano.com\/espana-y-portugal\/es\/ventas-y-servicios\/taller-de-reparacion\/\" \/>\n<meta property=\"og:site_name\" content=\"Spain &amp; Portugal\" \/>\n<meta property=\"article:modified_time\" content=\"2021-10-25T08:33:10+00:00\" \/>\n<meta name=\"twitter:card\" content=\"summary_large_image\" \/>\n<meta name=\"twitter:label1\" content=\"Tiempo de lectura\" \/>\n\t<meta name=\"twitter:data1\" content=\"1 minuto\" \/>\n<script type=\"application\/ld+json\" class=\"yoast-schema-graph\">{\"@context\":\"https:\/\/schema.org\",\"@graph\":[{\"@type\":\"WebPage\",\"@id\":\"https:\/\/www.tadano.com\/espana-y-portugal\/es\/ventas-y-servicios\/taller-de-reparacion\/\",\"url\":\"https:\/\/www.tadano.com\/espana-y-portugal\/es\/ventas-y-servicios\/taller-de-reparacion\/\",\"name\":\"Taller de reparaci\u00f3n - Spain &amp; Portugal\",\"isPartOf\":{\"@id\":\"https:\/\/www.tadano.com\/espana-y-portugal\/es\/#website\"},\"datePublished\":\"2021-04-15T06:31:11+00:00\",\"dateModified\":\"2021-10-25T08:33:10+00:00\",\"inLanguage\":\"es\",\"potentialAction\":[{\"@type\":\"ReadAction\",\"target\":[\"https:\/\/www.tadano.com\/espana-y-portugal\/es\/ventas-y-servicios\/taller-de-reparacion\/\"]}]},{\"@type\":\"WebSite\",\"@id\":\"https:\/\/www.tadano.com\/espana-y-portugal\/es\/#website\",\"url\":\"https:\/\/www.tadano.com\/espana-y-portugal\/es\/\",\"name\":\"Spain &amp; Portugal\",\"description\":\"Just another TADANO EUROPE site\",\"potentialAction\":[{\"@type\":\"SearchAction\",\"target\":{\"@type\":\"EntryPoint\",\"urlTemplate\":\"https:\/\/www.tadano.com\/espana-y-portugal\/es\/?s={search_term_string}\"},\"query-input\":\"required name=search_term_string\"}],\"inLanguage\":\"es\"}]}<\/script>\n<!-- \/ Yoast SEO plugin. -->","yoast_head_json":{"title":"Taller de reparaci\u00f3n - Spain &amp; Portugal","robots":{"index":"index","follow":"follow","max-snippet":"max-snippet:-1","max-image-preview":"max-image-preview:large","max-video-preview":"max-video-preview:-1"},"canonical":"https:\/\/www.tadano.com\/espana-y-portugal\/es\/ventas-y-servicios\/taller-de-reparacion\/","og_locale":"es_ES","og_type":"article","og_title":"Taller de reparaci\u00f3n - Spain &amp; Portugal","og_description":"LO QUE OFRECEMOS Los trabajos de reparaci\u00f3n y mantenimiento, as\u00ed como las conversiones, que nuestro servicio postventa no puede llevar a cabo localmente, se llevan a cabo en nuestras instalacion de Lauf \/ Pegnitz, donde disponemos de un taller especializado excelentemente equipado. Nuestra experiencia de d\u00e9cadas como fabricantes de gr\u00faas y proveedores de servicios significa [&hellip;]","og_url":"https:\/\/www.tadano.com\/espana-y-portugal\/es\/ventas-y-servicios\/taller-de-reparacion\/","og_site_name":"Spain &amp; Portugal","article_modified_time":"2021-10-25T08:33:10+00:00","twitter_card":"summary_large_image","twitter_misc":{"Tiempo de lectura":"1 minuto"},"schema":{"@context":"https:\/\/schema.org","@graph":[{"@type":"WebPage","@id":"https:\/\/www.tadano.com\/espana-y-portugal\/es\/ventas-y-servicios\/taller-de-reparacion\/","url":"https:\/\/www.tadano.com\/espana-y-portugal\/es\/ventas-y-servicios\/taller-de-reparacion\/","name":"Taller de reparaci\u00f3n - Spain &amp; Portugal","isPartOf":{"@id":"https:\/\/www.tadano.com\/espana-y-portugal\/es\/#website"},"datePublished":"2021-04-15T06:31:11+00:00","dateModified":"2021-10-25T08:33:10+00:00","inLanguage":"es","potentialAction":[{"@type":"ReadAction","target":["https:\/\/www.tadano.com\/espana-y-portugal\/es\/ventas-y-servicios\/taller-de-reparacion\/"]}]},{"@type":"WebSite","@id":"https:\/\/www.tadano.com\/espana-y-portugal\/es\/#website","url":"https:\/\/www.tadano.com\/espana-y-portugal\/es\/","name":"Spain &amp; Portugal","description":"Just another TADANO EUROPE site","potentialAction":[{"@type":"SearchAction","target":{"@type":"EntryPoint","urlTemplate":"https:\/\/www.tadano.com\/espana-y-portugal\/es\/?s={search_term_string}"},"query-input":"required name=search_term_string"}],"inLanguage":"es"}]}},"_links":{"self":[{"href":"https:\/\/www.tadano.com\/espana-y-portugal\/es\/wp-json\/wp\/v2\/pages\/1870"}],"collection":[{"href":"https:\/\/www.tadano.com\/espana-y-portugal\/es\/wp-json\/wp\/v2\/pages"}],"about":[{"href":"https:\/\/www.tadano.com\/espana-y-portugal\/es\/wp-json\/wp\/v2\/types\/page"}],"author":[{"embeddable":true,"href":"https:\/\/www.tadano.com\/espana-y-portugal\/es\/wp-json\/wp\/v2\/users\/1"}],"replies":[{"embeddable":true,"href":"https:\/\/www.tadano.com\/espana-y-portugal\/es\/wp-json\/wp\/v2\/comments?post=1870"}],"version-history":[{"count":5,"href":"https:\/\/www.tadano.com\/espana-y-portugal\/es\/wp-json\/wp\/v2\/pages\/1870\/revisions"}],"predecessor-version":[{"id":12869,"href":"https:\/\/www.tadano.com\/espana-y-portugal\/es\/wp-json\/wp\/v2\/pages\/1870\/revisions\/12869"}],"up":[{"embeddable":true,"href":"https:\/\/www.tadano.com\/espana-y-portugal\/es\/wp-json\/wp\/v2\/pages\/1825"}],"wp:attachment":[{"href":"https:\/\/www.tadano.com\/espana-y-portugal\/es\/wp-json\/wp\/v2\/media?parent=1870"}],"curies":[{"name":"wp","href":"https:\/\/api.w.org\/{rel}","templated":true}]}}