{"id":1910,"date":"2021-07-02T07:12:23","date_gmt":"2021-07-02T07:12:23","guid":{"rendered":"https:\/\/www.tadano.com\/espana-y-portugal\/tecnologia\/telematics\/"},"modified":"2025-09-15T08:48:51","modified_gmt":"2025-09-15T08:48:51","slug":"sistema-telematico","status":"publish","type":"page","link":"https:\/\/www.tadano.com\/espana-y-portugal\/es\/tecnologia\/sistema-telematico\/","title":{"rendered":"Sistema telem\u00e1tico"},"content":{"rendered":"\n\n\n<section class=\"hero-section\">\n\n\t\n\t\n\t\n\t<div class=\"img-holder \">\n\t\t\t\t<div class=\"bg-stretch\" style=\"background-position: 50% 50%; \">\n\t\t\t<span data-srcset=\"https:\/\/assets.onetadano.com\/celum_assets\/hero\/Demag+IC-1+Remote+%281%29.jpg, https:\/\/assets.onetadano.com\/celum_assets\/hero-2x\/Demag+IC-1+Remote+%281%29.jpg 2x\"><\/span>\n\t\t<\/div>\n\t\t\t\t\t\t<div class=\"logo green-solutions\" style=\"display:none;\">\n\t\t\t<a href=\"#\"><img decoding=\"async\" src=\"https:\/\/www.tadano.com\/espana-y-portugal\/wp-content\/themes\/tadano\/assets\/dist\/images\/Green-Solutions_Logo_White.svg\"><\/a>\n\t\t<\/div>\n\t<\/div>\n\t<div class=\"container\">\n\t\t<div class=\"text-holder \">\n\t\t\t<div class=\"wrap\">\n\t\t\t\t\n\t\t\t\t<ul class=\"breadcrumbs\"><li><a href=\"https:\/\/www.tadano.com\/espana-y-portugal\/es\/\">Inicio<\/a><\/li><\/ul>\n\t\t\t\t\n\n<h1 class=\"wp-block-heading\">Sistema telem\u00e1tico<\/h1>\n\n\n\n<p>Tecnolog\u00eda que utiliza la nube y los datos en tiempo real para mejorar el control y la comunicaci\u00f3n en relaci\u00f3n con el estado operativo, posicionamiento, mantenimiento, resoluci\u00f3n de problemas y mucho m\u00e1s para aumentar la eficiencia y reducir el tiempo de inactividad.<\/p>\n\n\n\n\t\t\t\t\n\t\t\t<\/div>\n\n\t\t\t\n\t\t\t\n\t\t\t\n\t\t<\/div>\n\t<\/div>\n<\/section>\n\n\n<div class=\"wp-block-group is-style-background-triangle-right has-white-color has-dark-blue-background-color has-text-color has-background is-layout-flow wp-block-group-is-layout-flow\"><div class=\"wp-block-group__inner-container\">\n<div class=\"wp-block-columns is-layout-flex wp-container-core-columns-layout-1 wp-block-columns-is-layout-flex\">\n<div class=\"wp-block-column is-layout-flow wp-block-column-is-layout-flow\" style=\"flex-basis:33.33%\">\n<h2 class=\"wp-block-heading\">Explorar tecnolog\u00edas<\/h2>\n\n\n\n<p>Tecnolog\u00eda que transmite datos en tiempo real con detalles sobre el estado operativo, posicionamiento, mantenimiento, resoluci\u00f3n de problemas y mucho m\u00e1s.<\/p>\n\n\n\n<h2 class=\"wp-block-heading\">Nuestra pol\u00edtica sobre el uso de datos de producto<\/h2>\n\n\n\n<p>Nuestra pol\u00edtica sobre el uso de datos de producto<\/p>\n\n\n\n<div class=\"wp-block-buttons is-layout-flex wp-block-buttons-is-layout-flex\">\n<div class=\"wp-block-button is-style-btn-light\"><a class=\"wp-block-button__link wp-element-button\" href=\"https:\/\/www.tadano.com\/espana-y-portugal\/es\/politica-sobre-el-uso-de-datos-de-productos\/\">Leer la pol\u00edtica<\/a><\/div>\n<\/div>\n<\/div>\n\n\n\n<div class=\"wp-block-column is-layout-flow wp-block-column-is-layout-flow\" style=\"flex-basis:66.66%\">\n\n<div class=\"links-block-wrapper\">\n  <div class=\"container\">\n    <section class=\"links-block\">\n\n\n              <div class=\"links-block\">\n                      \n\n            <div class=\"link-single\">\n                              <a href=\"https:\/\/www.tadano.com\/espana-y-portugal\/es\/technologies\/hello-net\/\">\n                                                      <strong class='title'>Hello-Net<\/strong>\n                                                        <p>El sistema telem\u00e1tico que contribuye a la gesti\u00f3n de las gr\u00faas con detalles sobre el estado operativo, la posici\u00f3n y el mantenimiento.<\/p>\n                                  <\/a>\n              <\/div>\n\n                          \n\n            <div class=\"link-single\">\n                              <a href=\"https:\/\/www.tadano.com\/espana-y-portugal\/es\/technologies\/ic-1-remote\/\">\n                                                      <strong class='title'>IC-1 Remote<\/strong>\n                                                        <p>Soluci\u00f3n telem\u00e1tica avanzada que proporciona vistas de datos basadas en la nube en tiempo real, que aumentan la eficiencia de la planificaci\u00f3n del trabajo, permiten la resoluci\u00f3n de problemas a distancia, reduciendo adem\u00e1s el tiempo de inactividad. <\/p>\n                                  <\/a>\n              <\/div>\n\n                        <\/div>\n          \n        \n      <\/section>\n    <\/div>\n  <\/div><\/div>\n<\/div>\n<\/div><\/div>\n\n\n\n    <section class=\"news-section\">\n\n    <div class=\"container\">\n      <div class=\"text-block\">\n        <h2>Noticias<\/h2>\n                        \n                  <a href=\"https:\/\/www.tadano.com\/espana-y-portugal\/es\/acerca-de\/news-list\/\" class=\"link-more\">EXPLORAR TODAS las noticias<\/a>\n        \n\n                <div class=\"controls\">\n          <svg width=\"14\" height=\"31\" viewBox=\"0 0 14 31\" fill=\"none\" xmlns=\"http:\/\/www.w3.org\/2000\/svg\">\n           <path d=\"M13 1L1 15.5L13 30\" stroke=\"#fff\"\/>\n          <\/svg>\n          <svg width=\"15\" height=\"31\" viewBox=\"0 0 15 31\" fill=\"none\" xmlns=\"http:\/\/www.w3.org\/2000\/svg\">\n           <path d=\"M1 1L14 15.5L1 30\" stroke=\"#fff\"\/>\n          <\/svg>\n        <\/div>\n        \n\n        \n      <\/div>\n      <div class=\"slick-slider simple-slider\">\n                              <div>\n              <div class=\"news-single\">\n                <a href=\"https:\/\/www.tadano.com\/espana-y-portugal\/es\/news\/dos-gruas-ac-para-talleres-y-gruas-estacion\/\">\n                  <strong class=\"title\">Dos gruas AC para Talleres y Gr\u00faas Estaci\u00f3n<\/strong>\n                  <ul class=\"meta\">\n                    <li>Publicaci\u00f3n<\/li>\n                    <li><time datetime=\"2020-01-01\">Abr\/02\/2026<\/time><\/li>\n                  <\/ul>\n                <\/a>\n              <\/div>\n            <\/div>\n                      <div>\n              <div class=\"news-single\">\n                <a href=\"https:\/\/www.tadano.com\/espana-y-portugal\/es\/news\/ignacio-espanol-escudero-nombrado-director-general-de-tadano-espana\/\">\n                  <strong class=\"title\">IGNACIO ESPA\u00d1OL ESCUDERO NOMBRADO DIRECTOR GENERAL DE TADANO ESPA\u00d1A<\/strong>\n                  <ul class=\"meta\">\n                    <li>Publicaci\u00f3n<\/li>\n                    <li><time datetime=\"2020-01-01\">Oct\/30\/2025<\/time><\/li>\n                  <\/ul>\n                <\/a>\n              <\/div>\n            <\/div>\n                      <div>\n              <div class=\"news-single\">\n                <a href=\"https:\/\/www.tadano.com\/espana-y-portugal\/es\/news\/la-nueva-octoplus-30\/\">\n                  <strong class=\"title\">La nueva Octoplus 30<\/strong>\n                  <ul class=\"meta\">\n                    <li>Publicaci\u00f3n<\/li>\n                    <li><time datetime=\"2020-01-01\">Sep\/25\/2025<\/time><\/li>\n                  <\/ul>\n                <\/a>\n              <\/div>\n            <\/div>\n                      <div>\n              <div class=\"news-single\">\n                <a href=\"https:\/\/www.tadano.com\/espana-y-portugal\/es\/news\/www.tadano.completa-la-adquisicion-del-sector-empresarial-de-sistemas-de-transporte-de-ihi-transport-machinery\">\n                  <strong class=\"title\">Tadano completa la adquisici\u00f3n del sector empresarial de sistemas de transporte de IHI Transport Machinery<\/strong>\n                  <ul class=\"meta\">\n                    <li>Publicaci\u00f3n<\/li>\n                    <li><time datetime=\"2020-01-01\">Jul\/01\/2025<\/time><\/li>\n                  <\/ul>\n                <\/a>\n              <\/div>\n            <\/div>\n                      <div>\n              <div class=\"news-single\">\n                <a href=\"https:\/\/www.tadano.com\/espana-y-portugal\/es\/news\/tadano-at-bauma-2025\/\">\n                  <strong class=\"title\">Tadano en bauma 2025<\/strong>\n                  <ul class=\"meta\">\n                    <li>Publicaci\u00f3n<\/li>\n                    <li><time datetime=\"2020-01-01\">Abr\/07\/2025<\/time><\/li>\n                  <\/ul>\n                <\/a>\n              <\/div>\n            <\/div>\n                      <div>\n              <div class=\"news-single\">\n                <a href=\"https:\/\/www.tadano.com\/espana-y-portugal\/es\/news\/pm-oil-steel-valla-en-bauma-2025\/\">\n                  <strong class=\"title\">PM, Oil &amp; Steel, Valla en bauma 2025<\/strong>\n                  <ul class=\"meta\">\n                    <li>Publicaci\u00f3n<\/li>\n                    <li><time datetime=\"2020-01-01\">Abr\/07\/2025<\/time><\/li>\n                  <\/ul>\n                <\/a>\n              <\/div>\n            <\/div>\n                      <div>\n              <div class=\"news-single\">\n                <a href=\"https:\/\/www.tadano.com\/espana-y-portugal\/es\/news\/the-new-ac-4-070hl-1-and-ac-5-120h-1-tadano-hybrid-cranes\/\">\n                  <strong class=\"title\">Las nuevas gr\u00faas h\u00edbridas Tadano AC 4.070HL-1 y AC 5.120H-1<\/strong>\n                  <ul class=\"meta\">\n                    <li>Publicaci\u00f3n<\/li>\n                    <li><time datetime=\"2020-01-01\">Abr\/07\/2025<\/time><\/li>\n                  <\/ul>\n                <\/a>\n              <\/div>\n            <\/div>\n                      <div>\n              <div class=\"news-single\">\n                <a href=\"https:\/\/www.tadano.com\/espana-y-portugal\/es\/news\/the-new-tadano-as-23mj-aerial-work-platform\/\">\n                  <strong class=\"title\">La nueva plataforma a\u00e9rea Tadano AS-23MJ<\/strong>\n                  <ul class=\"meta\">\n                    <li>Publicaci\u00f3n<\/li>\n                    <li><time datetime=\"2020-01-01\">Abr\/07\/2025<\/time><\/li>\n                  <\/ul>\n                <\/a>\n              <\/div>\n            <\/div>\n                      <div>\n              <div class=\"news-single\">\n                <a href=\"https:\/\/www.tadano.com\/espana-y-portugal\/es\/news\/the-new-cc-78-1250-1\/\">\n                  <strong class=\"title\">La nueva CC 78.1250-1<\/strong>\n                  <ul class=\"meta\">\n                    <li>Publicaci\u00f3n<\/li>\n                    <li><time datetime=\"2020-01-01\">Abr\/03\/2025<\/time><\/li>\n                  <\/ul>\n                <\/a>\n              <\/div>\n            <\/div>\n                      <div>\n              <div class=\"news-single\">\n                <a href=\"https:\/\/www.tadano.com\/espana-y-portugal\/es\/news\/la-nueva-grua-todo-terreno-tadano-ac-5-250l-2\/\">\n                  <strong class=\"title\">La nueva gr\u00faa todo terreno Tadano AC 5.250L-2<\/strong>\n                  <ul class=\"meta\">\n                    <li>Publicaci\u00f3n<\/li>\n                    <li><time datetime=\"2020-01-01\">Feb\/17\/2025<\/time><\/li>\n                  <\/ul>\n                <\/a>\n              <\/div>\n            <\/div>\n                        <\/div>\n    <\/div>\n  <\/section>\n  \n\n\n<p><\/p>\n","protected":false},"excerpt":{"rendered":"<p>Explorar tecnolog\u00edas Tecnolog\u00eda que transmite datos en tiempo real con detalles sobre el estado operativo, posicionamiento, mantenimiento, resoluci\u00f3n de problemas y mucho m\u00e1s. Nuestra pol\u00edtica sobre el uso de datos de producto Nuestra pol\u00edtica sobre el uso de datos de producto<\/p>\n","protected":false},"author":1,"featured_media":0,"parent":1895,"menu_order":0,"comment_status":"closed","ping_status":"closed","template":"","meta":{"_acf_changed":false,"footnotes":""},"acf":[],"yoast_head":"<!-- This site is optimized with the Yoast SEO plugin v22.3 - https:\/\/yoast.com\/wordpress\/plugins\/seo\/ -->\n<title>Sistema telem\u00e1tico - Spain &amp; Portugal<\/title>\n<meta name=\"robots\" content=\"index, follow, max-snippet:-1, max-image-preview:large, max-video-preview:-1\" \/>\n<link rel=\"canonical\" href=\"https:\/\/www.tadano.com\/espana-y-portugal\/es\/tecnologia\/sistema-telematico\/\" \/>\n<meta property=\"og:locale\" content=\"es_ES\" \/>\n<meta property=\"og:type\" content=\"article\" \/>\n<meta property=\"og:title\" content=\"Sistema telem\u00e1tico - Spain &amp; Portugal\" \/>\n<meta property=\"og:description\" content=\"Explorar tecnolog\u00edas Tecnolog\u00eda que transmite datos en tiempo real con detalles sobre el estado operativo, posicionamiento, mantenimiento, resoluci\u00f3n de problemas y mucho m\u00e1s. Nuestra pol\u00edtica sobre el uso de datos de producto Nuestra pol\u00edtica sobre el uso de datos de producto\" \/>\n<meta property=\"og:url\" content=\"https:\/\/www.tadano.com\/espana-y-portugal\/es\/tecnologia\/sistema-telematico\/\" \/>\n<meta property=\"og:site_name\" content=\"Spain &amp; Portugal\" \/>\n<meta property=\"article:modified_time\" content=\"2025-09-15T08:48:51+00:00\" \/>\n<meta name=\"twitter:card\" content=\"summary_large_image\" \/>\n<meta name=\"twitter:label1\" content=\"Tiempo de lectura\" \/>\n\t<meta name=\"twitter:data1\" content=\"1 minuto\" \/>\n<script type=\"application\/ld+json\" class=\"yoast-schema-graph\">{\"@context\":\"https:\/\/schema.org\",\"@graph\":[{\"@type\":\"WebPage\",\"@id\":\"https:\/\/www.tadano.com\/espana-y-portugal\/es\/tecnologia\/sistema-telematico\/\",\"url\":\"https:\/\/www.tadano.com\/espana-y-portugal\/es\/tecnologia\/sistema-telematico\/\",\"name\":\"Sistema telem\u00e1tico - Spain &amp; Portugal\",\"isPartOf\":{\"@id\":\"https:\/\/www.tadano.com\/espana-y-portugal\/es\/#website\"},\"datePublished\":\"2021-07-02T07:12:23+00:00\",\"dateModified\":\"2025-09-15T08:48:51+00:00\",\"inLanguage\":\"es\",\"potentialAction\":[{\"@type\":\"ReadAction\",\"target\":[\"https:\/\/www.tadano.com\/espana-y-portugal\/es\/tecnologia\/sistema-telematico\/\"]}]},{\"@type\":\"WebSite\",\"@id\":\"https:\/\/www.tadano.com\/espana-y-portugal\/es\/#website\",\"url\":\"https:\/\/www.tadano.com\/espana-y-portugal\/es\/\",\"name\":\"Spain &amp; Portugal\",\"description\":\"Just another TADANO EUROPE site\",\"potentialAction\":[{\"@type\":\"SearchAction\",\"target\":{\"@type\":\"EntryPoint\",\"urlTemplate\":\"https:\/\/www.tadano.com\/espana-y-portugal\/es\/?s={search_term_string}\"},\"query-input\":\"required name=search_term_string\"}],\"inLanguage\":\"es\"}]}<\/script>\n<!-- \/ Yoast SEO plugin. -->","yoast_head_json":{"title":"Sistema telem\u00e1tico - Spain &amp; Portugal","robots":{"index":"index","follow":"follow","max-snippet":"max-snippet:-1","max-image-preview":"max-image-preview:large","max-video-preview":"max-video-preview:-1"},"canonical":"https:\/\/www.tadano.com\/espana-y-portugal\/es\/tecnologia\/sistema-telematico\/","og_locale":"es_ES","og_type":"article","og_title":"Sistema telem\u00e1tico - Spain &amp; Portugal","og_description":"Explorar tecnolog\u00edas Tecnolog\u00eda que transmite datos en tiempo real con detalles sobre el estado operativo, posicionamiento, mantenimiento, resoluci\u00f3n de problemas y mucho m\u00e1s. Nuestra pol\u00edtica sobre el uso de datos de producto Nuestra pol\u00edtica sobre el uso de datos de producto","og_url":"https:\/\/www.tadano.com\/espana-y-portugal\/es\/tecnologia\/sistema-telematico\/","og_site_name":"Spain &amp; Portugal","article_modified_time":"2025-09-15T08:48:51+00:00","twitter_card":"summary_large_image","twitter_misc":{"Tiempo de lectura":"1 minuto"},"schema":{"@context":"https:\/\/schema.org","@graph":[{"@type":"WebPage","@id":"https:\/\/www.tadano.com\/espana-y-portugal\/es\/tecnologia\/sistema-telematico\/","url":"https:\/\/www.tadano.com\/espana-y-portugal\/es\/tecnologia\/sistema-telematico\/","name":"Sistema telem\u00e1tico - Spain &amp; Portugal","isPartOf":{"@id":"https:\/\/www.tadano.com\/espana-y-portugal\/es\/#website"},"datePublished":"2021-07-02T07:12:23+00:00","dateModified":"2025-09-15T08:48:51+00:00","inLanguage":"es","potentialAction":[{"@type":"ReadAction","target":["https:\/\/www.tadano.com\/espana-y-portugal\/es\/tecnologia\/sistema-telematico\/"]}]},{"@type":"WebSite","@id":"https:\/\/www.tadano.com\/espana-y-portugal\/es\/#website","url":"https:\/\/www.tadano.com\/espana-y-portugal\/es\/","name":"Spain &amp; Portugal","description":"Just another TADANO EUROPE site","potentialAction":[{"@type":"SearchAction","target":{"@type":"EntryPoint","urlTemplate":"https:\/\/www.tadano.com\/espana-y-portugal\/es\/?s={search_term_string}"},"query-input":"required name=search_term_string"}],"inLanguage":"es"}]}},"_links":{"self":[{"href":"https:\/\/www.tadano.com\/espana-y-portugal\/es\/wp-json\/wp\/v2\/pages\/1910"}],"collection":[{"href":"https:\/\/www.tadano.com\/espana-y-portugal\/es\/wp-json\/wp\/v2\/pages"}],"about":[{"href":"https:\/\/www.tadano.com\/espana-y-portugal\/es\/wp-json\/wp\/v2\/types\/page"}],"author":[{"embeddable":true,"href":"https:\/\/www.tadano.com\/espana-y-portugal\/es\/wp-json\/wp\/v2\/users\/1"}],"replies":[{"embeddable":true,"href":"https:\/\/www.tadano.com\/espana-y-portugal\/es\/wp-json\/wp\/v2\/comments?post=1910"}],"version-history":[{"count":5,"href":"https:\/\/www.tadano.com\/espana-y-portugal\/es\/wp-json\/wp\/v2\/pages\/1910\/revisions"}],"predecessor-version":[{"id":17304,"href":"https:\/\/www.tadano.com\/espana-y-portugal\/es\/wp-json\/wp\/v2\/pages\/1910\/revisions\/17304"}],"up":[{"embeddable":true,"href":"https:\/\/www.tadano.com\/espana-y-portugal\/es\/wp-json\/wp\/v2\/pages\/1895"}],"wp:attachment":[{"href":"https:\/\/www.tadano.com\/espana-y-portugal\/es\/wp-json\/wp\/v2\/media?parent=1910"}],"curies":[{"name":"wp","href":"https:\/\/api.w.org\/{rel}","templated":true}]}}