{"id":3553,"date":"2021-05-26T05:37:50","date_gmt":"2021-05-26T05:37:50","guid":{"rendered":"https:\/\/www.tadano.com\/espana-y-portugal\/acerca-de\/cadena-de-suministro\/purchasing-policy\/"},"modified":"2022-07-08T08:59:04","modified_gmt":"2022-07-08T08:59:04","slug":"purchasing-policy","status":"publish","type":"page","link":"https:\/\/www.tadano.com\/espana-y-portugal\/es\/acerca-de\/cadena-de-suministro-2\/purchasing-policy\/","title":{"rendered":"Pol\u00edtica de adquisiciones"},"content":{"rendered":"\n\n\n<section class=\"hero-section\">\n\n\t\n\t\t\t<style type=\"text\/css\">\n\t\t\t.hero-section .img-holder:before {\n\t\t\t\tdisplay: none;\n\t\t\t}\n\t\t<\/style>\n\t\n\t\n\t<div class=\"img-holder \">\n\t\t\t\t<div class=\"bg-stretch\" style=\"background-position: 50% 50%; \">\n\t\t\t<span data-srcset=\"https:\/\/assets.onewww.tadano.com\/celum_assets\/hero\/DEMAG-Karriere_Feb2020-16.jpg, https:\/\/assets.onewww.tadano.com\/celum_assets\/hero-2x\/DEMAG-Karriere_Feb2020-16.jpg 2x\"><\/span>\n\t\t<\/div>\n\t\t\t\t\t\t<div class=\"logo green-solutions\" style=\"display:none;\">\n\t\t\t<a href=\"#\"><img decoding=\"async\" src=\"https:\/\/www.tadano.com\/espana-y-portugal\/wp-content\/themes\/tadano\/assets\/dist\/images\/Green-Solutions_Logo_White.svg\"><\/a>\n\t\t<\/div>\n\t<\/div>\n\t<div class=\"container\">\n\t\t<div class=\"text-holder \">\n\t\t\t<div class=\"wrap\">\n\t\t\t\t\n\t\t\t\t<ul class=\"breadcrumbs\"><li><a href=\"https:\/\/www.tadano.com\/espana-y-portugal\/es\/\">Inicio<\/a><\/li><\/ul>\n\t\t\t\t\n\n<h1 class=\"wp-block-heading\">Pol\u00edtica de adquisiciones<\/h1>\n\n\n\n<p>Pol\u00edtica de adquisiciones del Grupo Tadano Europe<\/p>\n\n\n\n\t\t\t\t\n\t\t\t<\/div>\n\n\t\t\t\n\t\t\t\n\t\t\t\n\t\t<\/div>\n\t<\/div>\n<\/section>\n\n\n<div style=\"height:100px\" aria-hidden=\"true\" class=\"wp-block-spacer\"><\/div>\n\n\n\n<div class=\"wp-block-columns is-layout-flex wp-container-core-columns-layout-1 wp-block-columns-is-layout-flex\">\n<div class=\"wp-block-column is-layout-flow wp-block-column-is-layout-flow\" style=\"flex-basis:66.66%\">\n<p>Tadano se esfuerza por establecer relaciones simbi\u00f3ticas con los proveedores, ya que estas s\u00f3lidas asociaciones son cruciales para satisfacer y superar las altas expectativas de nuestros clientes. Nuestros objetivos de adquisici\u00f3n requieren proveedores que compartan nuestros est\u00e1ndares de calidad, seguridad y eficiencia, que entreguen siempre productos extraordinarios en plazos de entrega fiables, con precios eficientes y flexibilidad. En Tadano nos esforzamos por mejorar continuamente nuestras l\u00edneas de productos, sistemas de producci\u00f3n y prestaci\u00f3n de servicios, adapt\u00e1ndonos a las condiciones cambiantes y los requisitos de los clientes. Este objetivo implica trabajar en cooperaci\u00f3n con proveedores de confianza para desarrollar y compartir innovaciones que aumenten el valor para todos nosotros a lo largo de toda la cadena de suministro. Juntos, nos esforzamos por construir un mejor futuro.<\/p>\n\n\n\n<p>Con el fin de definir y mejorar constantemente nuestra cooperaci\u00f3n, ponemos a su disposici\u00f3n para su descarga nuestras directrices de compra de aplicaci\u00f3n general:<\/p>\n\n\n\n<section class=\"link-with-lightbox\">\n\n\t\t\t<a href=\"https:\/\/go.onewww.tadano.com\/QualityGuideline\">Quality Guideline<\/a>\n\t\t<\/section>\n\n\n\n<section class=\"link-with-lightbox\">\n\n\t\t\t<a href=\"https:\/\/go.onewww.tadano.com\/QualityGuideline\u2013Attachment-A\">Quality Guideline Attachment A<\/a>\n\t\t<\/section>\n\n\n\n<section class=\"link-with-lightbox\">\n\n\t\t\t<a href=\"https:\/\/go.onewww.tadano.com\/QualityGuideline\u2013Attachment-B\">Quality Guideline Attachment B<\/a>\n\t\t<\/section>\n\n\n\n<section class=\"link-with-lightbox\">\n\n\t\t\t<a href=\"https:\/\/go.onewww.tadano.com\/InspectionGuideline\">Inspection Guideline<\/a>\n\t\t<\/section>\n\n\n\n<section class=\"link-with-lightbox\">\n\n\t\t\t<a href=\"https:\/\/go.onewww.tadano.com\/InspectionGuideline-Attachment-A\">Inspection Guideline Attachment A<\/a>\n\t\t<\/section>\n<\/div>\n\n\n\n<div class=\"wp-block-column is-layout-flow wp-block-column-is-layout-flow\" style=\"flex-basis:33.33%\"><\/div>\n<\/div>\n\n\n\n<div style=\"height:100px\" aria-hidden=\"true\" class=\"wp-block-spacer\"><\/div>\n","protected":false},"excerpt":{"rendered":"<p>Tadano se esfuerza por establecer relaciones simbi\u00f3ticas con los proveedores, ya que estas s\u00f3lidas asociaciones son cruciales para satisfacer y superar las altas expectativas de nuestros clientes. Nuestros objetivos de adquisici\u00f3n requieren proveedores que compartan nuestros est\u00e1ndares de calidad, seguridad y eficiencia, que entreguen siempre productos extraordinarios en plazos de entrega fiables, con precios eficientes [&hellip;]<\/p>\n","protected":false},"author":2,"featured_media":0,"parent":3539,"menu_order":0,"comment_status":"closed","ping_status":"closed","template":"","meta":{"_acf_changed":false,"footnotes":""},"acf":[],"yoast_head":"<!-- This site is optimized with the Yoast SEO plugin v22.3 - https:\/\/yoast.com\/wordpress\/plugins\/seo\/ -->\n<title>Pol\u00edtica de adquisiciones - Spain &amp; Portugal<\/title>\n<meta name=\"robots\" content=\"index, follow, max-snippet:-1, max-image-preview:large, max-video-preview:-1\" \/>\n<link rel=\"canonical\" href=\"https:\/\/www.tadano.com\/espana-y-portugal\/es\/acerca-de\/cadena-de-suministro-2\/purchasing-policy\/\" \/>\n<meta property=\"og:locale\" content=\"es_ES\" \/>\n<meta property=\"og:type\" content=\"article\" \/>\n<meta property=\"og:title\" content=\"Pol\u00edtica de adquisiciones - Spain &amp; Portugal\" \/>\n<meta property=\"og:description\" content=\"Tadano se esfuerza por establecer relaciones simbi\u00f3ticas con los proveedores, ya que estas s\u00f3lidas asociaciones son cruciales para satisfacer y superar las altas expectativas de nuestros clientes. Nuestros objetivos de adquisici\u00f3n requieren proveedores que compartan nuestros est\u00e1ndares de calidad, seguridad y eficiencia, que entreguen siempre productos extraordinarios en plazos de entrega fiables, con precios eficientes [&hellip;]\" \/>\n<meta property=\"og:url\" content=\"https:\/\/www.tadano.com\/espana-y-portugal\/es\/acerca-de\/cadena-de-suministro-2\/purchasing-policy\/\" \/>\n<meta property=\"og:site_name\" content=\"Spain &amp; Portugal\" \/>\n<meta property=\"article:modified_time\" content=\"2022-07-08T08:59:04+00:00\" \/>\n<meta name=\"twitter:card\" content=\"summary_large_image\" \/>\n<meta name=\"twitter:label1\" content=\"Tiempo de lectura\" \/>\n\t<meta name=\"twitter:data1\" content=\"1 minuto\" \/>\n<script type=\"application\/ld+json\" class=\"yoast-schema-graph\">{\"@context\":\"https:\/\/schema.org\",\"@graph\":[{\"@type\":\"WebPage\",\"@id\":\"https:\/\/www.tadano.com\/espana-y-portugal\/es\/acerca-de\/cadena-de-suministro-2\/purchasing-policy\/\",\"url\":\"https:\/\/www.tadano.com\/espana-y-portugal\/es\/acerca-de\/cadena-de-suministro-2\/purchasing-policy\/\",\"name\":\"Pol\u00edtica de adquisiciones - Spain &amp; Portugal\",\"isPartOf\":{\"@id\":\"https:\/\/www.tadano.com\/espana-y-portugal\/es\/#website\"},\"datePublished\":\"2021-05-26T05:37:50+00:00\",\"dateModified\":\"2022-07-08T08:59:04+00:00\",\"inLanguage\":\"es\",\"potentialAction\":[{\"@type\":\"ReadAction\",\"target\":[\"https:\/\/www.tadano.com\/espana-y-portugal\/es\/acerca-de\/cadena-de-suministro-2\/purchasing-policy\/\"]}]},{\"@type\":\"WebSite\",\"@id\":\"https:\/\/www.tadano.com\/espana-y-portugal\/es\/#website\",\"url\":\"https:\/\/www.tadano.com\/espana-y-portugal\/es\/\",\"name\":\"Spain &amp; Portugal\",\"description\":\"Just another TADANO EUROPE site\",\"potentialAction\":[{\"@type\":\"SearchAction\",\"target\":{\"@type\":\"EntryPoint\",\"urlTemplate\":\"https:\/\/www.tadano.com\/espana-y-portugal\/es\/?s={search_term_string}\"},\"query-input\":\"required name=search_term_string\"}],\"inLanguage\":\"es\"}]}<\/script>\n<!-- \/ Yoast SEO plugin. -->","yoast_head_json":{"title":"Pol\u00edtica de adquisiciones - Spain &amp; Portugal","robots":{"index":"index","follow":"follow","max-snippet":"max-snippet:-1","max-image-preview":"max-image-preview:large","max-video-preview":"max-video-preview:-1"},"canonical":"https:\/\/www.tadano.com\/espana-y-portugal\/es\/acerca-de\/cadena-de-suministro-2\/purchasing-policy\/","og_locale":"es_ES","og_type":"article","og_title":"Pol\u00edtica de adquisiciones - Spain &amp; Portugal","og_description":"Tadano se esfuerza por establecer relaciones simbi\u00f3ticas con los proveedores, ya que estas s\u00f3lidas asociaciones son cruciales para satisfacer y superar las altas expectativas de nuestros clientes. Nuestros objetivos de adquisici\u00f3n requieren proveedores que compartan nuestros est\u00e1ndares de calidad, seguridad y eficiencia, que entreguen siempre productos extraordinarios en plazos de entrega fiables, con precios eficientes [&hellip;]","og_url":"https:\/\/www.tadano.com\/espana-y-portugal\/es\/acerca-de\/cadena-de-suministro-2\/purchasing-policy\/","og_site_name":"Spain &amp; Portugal","article_modified_time":"2022-07-08T08:59:04+00:00","twitter_card":"summary_large_image","twitter_misc":{"Tiempo de lectura":"1 minuto"},"schema":{"@context":"https:\/\/schema.org","@graph":[{"@type":"WebPage","@id":"https:\/\/www.tadano.com\/espana-y-portugal\/es\/acerca-de\/cadena-de-suministro-2\/purchasing-policy\/","url":"https:\/\/www.tadano.com\/espana-y-portugal\/es\/acerca-de\/cadena-de-suministro-2\/purchasing-policy\/","name":"Pol\u00edtica de adquisiciones - Spain &amp; Portugal","isPartOf":{"@id":"https:\/\/www.tadano.com\/espana-y-portugal\/es\/#website"},"datePublished":"2021-05-26T05:37:50+00:00","dateModified":"2022-07-08T08:59:04+00:00","inLanguage":"es","potentialAction":[{"@type":"ReadAction","target":["https:\/\/www.tadano.com\/espana-y-portugal\/es\/acerca-de\/cadena-de-suministro-2\/purchasing-policy\/"]}]},{"@type":"WebSite","@id":"https:\/\/www.tadano.com\/espana-y-portugal\/es\/#website","url":"https:\/\/www.tadano.com\/espana-y-portugal\/es\/","name":"Spain &amp; Portugal","description":"Just another TADANO EUROPE site","potentialAction":[{"@type":"SearchAction","target":{"@type":"EntryPoint","urlTemplate":"https:\/\/www.tadano.com\/espana-y-portugal\/es\/?s={search_term_string}"},"query-input":"required name=search_term_string"}],"inLanguage":"es"}]}},"_links":{"self":[{"href":"https:\/\/www.tadano.com\/espana-y-portugal\/es\/wp-json\/wp\/v2\/pages\/3553"}],"collection":[{"href":"https:\/\/www.tadano.com\/espana-y-portugal\/es\/wp-json\/wp\/v2\/pages"}],"about":[{"href":"https:\/\/www.tadano.com\/espana-y-portugal\/es\/wp-json\/wp\/v2\/types\/page"}],"author":[{"embeddable":true,"href":"https:\/\/www.tadano.com\/espana-y-portugal\/es\/wp-json\/wp\/v2\/users\/2"}],"replies":[{"embeddable":true,"href":"https:\/\/www.tadano.com\/espana-y-portugal\/es\/wp-json\/wp\/v2\/comments?post=3553"}],"version-history":[{"count":2,"href":"https:\/\/www.tadano.com\/espana-y-portugal\/es\/wp-json\/wp\/v2\/pages\/3553\/revisions"}],"predecessor-version":[{"id":15464,"href":"https:\/\/www.tadano.com\/espana-y-portugal\/es\/wp-json\/wp\/v2\/pages\/3553\/revisions\/15464"}],"up":[{"embeddable":true,"href":"https:\/\/www.tadano.com\/espana-y-portugal\/es\/wp-json\/wp\/v2\/pages\/3539"}],"wp:attachment":[{"href":"https:\/\/www.tadano.com\/espana-y-portugal\/es\/wp-json\/wp\/v2\/media?parent=3553"}],"curies":[{"name":"wp","href":"https:\/\/api.w.org\/{rel}","templated":true}]}}