{"id":11105,"date":"2021-05-19T14:23:30","date_gmt":"2021-05-19T14:23:30","guid":{"rendered":"https:\/\/www.tadano.com\/europe\/acerca-de\/cadena-de-suministro\/supplier-portal\/"},"modified":"2024-03-18T10:49:52","modified_gmt":"2024-03-18T10:49:52","slug":"supplier-portal","status":"publish","type":"page","link":"https:\/\/www.tadano.com\/europe\/es\/acerca-de\/cadena-de-suministro\/supplier-portal\/","title":{"rendered":"Portal des proveedor"},"content":{"rendered":"\n\n\n<section class=\"hero-section-alt2\">\n\n\t\n\t\t\t<style type=\"text\/css\">\n\t\t\t.hero-section .img-holder:before {\n\t\t\t\tdisplay: none;\n\t\t\t}\n\t\t<\/style>\n\t\n\t\n\t<div class=\"img-holder \">\n\t\t\t\t<div class=\"bg-stretch\" style=\"background-position: 50% 50%; \">\n\t\t\t<span data-srcset=\"https:\/\/www.tadano.com\/europe\/wp-content\/uploads\/sites\/16\/2023\/09\/Monitor-TomTom-und-Smartphone-1200x725.png, https:\/\/www.tadano.com\/europe\/wp-content\/uploads\/sites\/16\/2023\/09\/Monitor-TomTom-und-Smartphone.png 2x\"><\/span>\n\t\t<\/div>\n\t\t\t\t\t\t<div class=\"logo green-solutions\" style=\"display:none;\">\n\t\t\t<a href=\"#\"><img decoding=\"async\" src=\"https:\/\/www.tadano.com\/europe\/wp-content\/themes\/tadano\/assets\/dist\/images\/Green-Solutions_Logo_White.svg\"><\/a>\n\t\t<\/div>\n\t<\/div>\n\t<div class=\"container\">\n\t\t<div class=\"text-holder \">\n\t\t\t<div class=\"wrap\">\n\t\t\t\t\n\t\t\t\t<ul class=\"breadcrumbs\"><li><a href=\"https:\/\/www.tadano.com\/europe\/es\/\">Inicio<\/a><\/li><\/ul>\n\t\t\t\t\n\n<h1 class=\"wp-block-heading\">portal del proveedor<\/h1>\n\n\n\n<p>Los requisitos log\u00edsticos de la red de proveedores y receptores de mercanc\u00edas siguen aumentando en relaci\u00f3n con los mercados de adquisiciones globales.<\/p>\n\n\n\n<div class=\"wp-block-buttons is-layout-flex wp-block-buttons-is-layout-flex\">\n<div class=\"wp-block-button\"><a class=\"wp-block-button__link wp-element-button\" href=\"https:\/\/supplier-logistics.www.tadano.com\/\" target=\"_blank\" rel=\"noreferrer noopener\">acceso al portal del proveedor<\/a><\/div>\n\n\n\n<div class=\"wp-block-button\"><a class=\"wp-block-button__link wp-element-button\" href=\"https:\/\/www.tadano.com\/europe\/es\/formulario-de-proveedores\/\">Reg\u00edstrese ahora<\/a><\/div>\n<\/div>\n\n\n\n\t\t\t\t\n\t\t\t<\/div>\n\n\t\t\t\n\t\t\t\n\t\t\t\n\t\t<\/div>\n\t<\/div>\n<\/section>\n\n\n<div class=\"wp-block-group is-style-background-white is-layout-flow wp-block-group-is-layout-flow\"><div class=\"wp-block-group__inner-container\">\n<h2 class=\"wp-block-heading\">\u00bfQu\u00e9 es portal del proveedor?<\/h2>\n\n\n\n<p>Portal del proveedor es una plataforma de software basada en la web que hace que los procesos de adquisici\u00f3n y log\u00edstica sean m\u00e1s r\u00e1pidos, m\u00e1s transparentes y m\u00e1s eficientes en el uso de recursos. Para ello, pone a disposici\u00f3n de las plantas, proveedores y transportistas de Tadano todos los datos de transporte relevantes a trav\u00e9s de una interfaz estandarizada y coherente. Los proveedores pueden utilizar portal del proveedor como herramienta de notificaci\u00f3n para registrar sus env\u00edos con el transportista. El uso de portal del proveedor permite una estrecha colaboraci\u00f3n en red entre todas las partes en toda la cadena de suministro para garantizar un intercambio de informaci\u00f3n fiable y una cooperaci\u00f3n de calidad a largo plazo.<\/p>\n<\/div><\/div>\n\n\n\n<div class=\"wp-block-group is-style-background-cyan is-layout-flow wp-block-group-is-layout-flow\"><div class=\"wp-block-group__inner-container\">\n<p><strong>\u00bfQu\u00e9 ventajas le ofrece portal del proveedor?<\/strong><\/p>\n\n\n\n<div class=\"wp-block-columns is-layout-flex wp-container-core-columns-layout-1 wp-block-columns-is-layout-flex\">\n<div class=\"wp-block-column is-layout-flow wp-block-column-is-layout-flow\" style=\"flex-basis:66.66%\">\n<ul>\n<li>Comunicaci\u00f3n a trav\u00e9s de una plataforma central con las diferentes plantas del Grupo Tadano<\/li>\n\n\n\n<li>Mayor transparencia en relaci\u00f3n al estado actual de las \u00f3rdenes abiertas y pendientes<\/li>\n\n\n\n<li>Notificaci\u00f3n autom\u00e1tica al transportista<\/li>\n\n\n\n<li>Documentaci\u00f3n centralizada de las cantidades previstas vs. reales<\/li>\n\n\n\n<li>Gesti\u00f3n integrada de devoluciones<\/li>\n<\/ul>\n<\/div>\n<\/div>\n<\/div><\/div>\n\n\n\n<div class=\"wp-block-group is-style-background-white is-layout-flow wp-block-group-is-layout-flow\"><div class=\"wp-block-group__inner-container\">\n<h2 class=\"wp-block-heading\">Historial de notificaciones y cobros anteriores<\/h2>\n\n\n\n<p>La transferencia de datos en tiempo real de portal del proveedor simplifica la comunicaci\u00f3n entre diferentes programas y plataformas de software. Puede vincular directamente con su sistema ERP, lo que le permite mantener todos los datos necesarios del proceso de pedido y eliminar el laborioso proceso de notificaci\u00f3n. La interfaz intuitiva basada en la web permite un uso manual sencillo, pero muchos procesos pueden automatizarse para ahorrar tiempo y costes. Los documentos importantes pueden importarse directamente en portal del proveedor, eliminando el papeleo innecesario y facilitando la gesti\u00f3n, protegiendo adem\u00e1s el medio ambiente. <strong>La seguridad de los datos es vital para todos nosotros; la protecci\u00f3n de datos es una prioridad absoluta al utilizar portal del proveedor.<\/strong><\/p>\n\n\n\n<h2 class=\"wp-block-heading\">\u00bfQui\u00e9n puede utilizar portal del proveedor?<\/h2>\n\n\n\n<p>Todo lo que necesita para registrarse como proveedor de portal del proveedor es una relaci\u00f3n comercial existente con Tadano.<\/p>\n\n\n\n<div class=\"wp-block-buttons is-layout-flex wp-block-buttons-is-layout-flex\">\n<div class=\"wp-block-button\"><a class=\"wp-block-button__link wp-element-button\" href=\"https:\/\/supplier-logistics.global.www.tadano.com\" target=\"_blank\" rel=\"noreferrer noopener\"><strong>acceso al portal del proveedor<\/strong><\/a><\/div>\n<\/div>\n<\/div><\/div>\n","protected":false},"excerpt":{"rendered":"<p>\u00bfQu\u00e9 es portal del proveedor? Portal del proveedor es una plataforma de software basada en la web que hace que los procesos de adquisici\u00f3n y log\u00edstica sean m\u00e1s r\u00e1pidos, m\u00e1s transparentes y m\u00e1s eficientes en el uso de recursos. Para ello, pone a disposici\u00f3n de las plantas, proveedores y transportistas de Tadano todos los datos [&hellip;]<\/p>\n","protected":false},"author":1,"featured_media":0,"parent":11081,"menu_order":0,"comment_status":"closed","ping_status":"closed","template":"","meta":{"_acf_changed":false,"footnotes":""},"acf":[],"yoast_head":"<!-- This site is optimized with the Yoast SEO plugin v22.3 - https:\/\/yoast.com\/wordpress\/plugins\/seo\/ -->\n<title>Portal des proveedor - Europe<\/title>\n<meta name=\"robots\" content=\"index, follow, max-snippet:-1, max-image-preview:large, max-video-preview:-1\" \/>\n<link rel=\"canonical\" href=\"https:\/\/www.tadano.com\/europe\/es\/acerca-de\/cadena-de-suministro\/supplier-portal\/\" \/>\n<meta property=\"og:locale\" content=\"es_ES\" \/>\n<meta property=\"og:type\" content=\"article\" \/>\n<meta property=\"og:title\" content=\"Portal des proveedor - Europe\" \/>\n<meta property=\"og:description\" content=\"\u00bfQu\u00e9 es portal del proveedor? Portal del proveedor es una plataforma de software basada en la web que hace que los procesos de adquisici\u00f3n y log\u00edstica sean m\u00e1s r\u00e1pidos, m\u00e1s transparentes y m\u00e1s eficientes en el uso de recursos. Para ello, pone a disposici\u00f3n de las plantas, proveedores y transportistas de Tadano todos los datos [&hellip;]\" \/>\n<meta property=\"og:url\" content=\"https:\/\/www.tadano.com\/europe\/es\/acerca-de\/cadena-de-suministro\/supplier-portal\/\" \/>\n<meta property=\"og:site_name\" content=\"Europe\" \/>\n<meta property=\"article:modified_time\" content=\"2024-03-18T10:49:52+00:00\" \/>\n<meta name=\"twitter:card\" content=\"summary_large_image\" \/>\n<meta name=\"twitter:label1\" content=\"Tiempo de lectura\" \/>\n\t<meta name=\"twitter:data1\" content=\"2 minutos\" \/>\n<script type=\"application\/ld+json\" class=\"yoast-schema-graph\">{\"@context\":\"https:\/\/schema.org\",\"@graph\":[{\"@type\":\"WebPage\",\"@id\":\"https:\/\/www.tadano.com\/europe\/es\/acerca-de\/cadena-de-suministro\/supplier-portal\/\",\"url\":\"https:\/\/www.tadano.com\/europe\/es\/acerca-de\/cadena-de-suministro\/supplier-portal\/\",\"name\":\"Portal des proveedor - Europe\",\"isPartOf\":{\"@id\":\"https:\/\/www.tadano.com\/europe\/en\/#website\"},\"datePublished\":\"2021-05-19T14:23:30+00:00\",\"dateModified\":\"2024-03-18T10:49:52+00:00\",\"inLanguage\":\"es\",\"potentialAction\":[{\"@type\":\"ReadAction\",\"target\":[\"https:\/\/www.tadano.com\/europe\/es\/acerca-de\/cadena-de-suministro\/supplier-portal\/\"]}]},{\"@type\":\"WebSite\",\"@id\":\"https:\/\/www.tadano.com\/europe\/en\/#website\",\"url\":\"https:\/\/www.tadano.com\/europe\/en\/\",\"name\":\"Europe\",\"description\":\"Just another TADANO EUROPE site\",\"potentialAction\":[{\"@type\":\"SearchAction\",\"target\":{\"@type\":\"EntryPoint\",\"urlTemplate\":\"https:\/\/www.tadano.com\/europe\/en\/?s={search_term_string}\"},\"query-input\":\"required name=search_term_string\"}],\"inLanguage\":\"es\"}]}<\/script>\n<!-- \/ Yoast SEO plugin. -->","yoast_head_json":{"title":"Portal des proveedor - Europe","robots":{"index":"index","follow":"follow","max-snippet":"max-snippet:-1","max-image-preview":"max-image-preview:large","max-video-preview":"max-video-preview:-1"},"canonical":"https:\/\/www.tadano.com\/europe\/es\/acerca-de\/cadena-de-suministro\/supplier-portal\/","og_locale":"es_ES","og_type":"article","og_title":"Portal des proveedor - Europe","og_description":"\u00bfQu\u00e9 es portal del proveedor? Portal del proveedor es una plataforma de software basada en la web que hace que los procesos de adquisici\u00f3n y log\u00edstica sean m\u00e1s r\u00e1pidos, m\u00e1s transparentes y m\u00e1s eficientes en el uso de recursos. Para ello, pone a disposici\u00f3n de las plantas, proveedores y transportistas de Tadano todos los datos [&hellip;]","og_url":"https:\/\/www.tadano.com\/europe\/es\/acerca-de\/cadena-de-suministro\/supplier-portal\/","og_site_name":"Europe","article_modified_time":"2024-03-18T10:49:52+00:00","twitter_card":"summary_large_image","twitter_misc":{"Tiempo de lectura":"2 minutos"},"schema":{"@context":"https:\/\/schema.org","@graph":[{"@type":"WebPage","@id":"https:\/\/www.tadano.com\/europe\/es\/acerca-de\/cadena-de-suministro\/supplier-portal\/","url":"https:\/\/www.tadano.com\/europe\/es\/acerca-de\/cadena-de-suministro\/supplier-portal\/","name":"Portal des proveedor - Europe","isPartOf":{"@id":"https:\/\/www.tadano.com\/europe\/en\/#website"},"datePublished":"2021-05-19T14:23:30+00:00","dateModified":"2024-03-18T10:49:52+00:00","inLanguage":"es","potentialAction":[{"@type":"ReadAction","target":["https:\/\/www.tadano.com\/europe\/es\/acerca-de\/cadena-de-suministro\/supplier-portal\/"]}]},{"@type":"WebSite","@id":"https:\/\/www.tadano.com\/europe\/en\/#website","url":"https:\/\/www.tadano.com\/europe\/en\/","name":"Europe","description":"Just another TADANO EUROPE site","potentialAction":[{"@type":"SearchAction","target":{"@type":"EntryPoint","urlTemplate":"https:\/\/www.tadano.com\/europe\/en\/?s={search_term_string}"},"query-input":"required name=search_term_string"}],"inLanguage":"es"}]}},"_links":{"self":[{"href":"https:\/\/www.tadano.com\/europe\/es\/wp-json\/wp\/v2\/pages\/11105"}],"collection":[{"href":"https:\/\/www.tadano.com\/europe\/es\/wp-json\/wp\/v2\/pages"}],"about":[{"href":"https:\/\/www.tadano.com\/europe\/es\/wp-json\/wp\/v2\/types\/page"}],"author":[{"embeddable":true,"href":"https:\/\/www.tadano.com\/europe\/es\/wp-json\/wp\/v2\/users\/1"}],"replies":[{"embeddable":true,"href":"https:\/\/www.tadano.com\/europe\/es\/wp-json\/wp\/v2\/comments?post=11105"}],"version-history":[{"count":3,"href":"https:\/\/www.tadano.com\/europe\/es\/wp-json\/wp\/v2\/pages\/11105\/revisions"}],"predecessor-version":[{"id":11678,"href":"https:\/\/www.tadano.com\/europe\/es\/wp-json\/wp\/v2\/pages\/11105\/revisions\/11678"}],"up":[{"embeddable":true,"href":"https:\/\/www.tadano.com\/europe\/es\/wp-json\/wp\/v2\/pages\/11081"}],"wp:attachment":[{"href":"https:\/\/www.tadano.com\/europe\/es\/wp-json\/wp\/v2\/media?parent=11105"}],"curies":[{"name":"wp","href":"https:\/\/api.w.org\/{rel}","templated":true}]}}