{"id":11121,"date":"2021-07-13T06:56:46","date_gmt":"2021-07-13T06:56:46","guid":{"rendered":"https:\/\/www.tadano.com\/europe\/imprint\/"},"modified":"2025-10-15T06:30:01","modified_gmt":"2025-10-15T06:30:01","slug":"imprint","status":"publish","type":"page","link":"https:\/\/www.tadano.com\/europe\/es\/imprint\/","title":{"rendered":"Imprint"},"content":{"rendered":"\n<h1 class=\"wp-block-heading\">Imprint<\/h1>\n\n\n\n<p><strong>Informaci\u00f3n seg\u00fan el art. 5 de la Ley alemana de medios de comunicaci\u00f3n (TMG)<\/strong><\/p>\n\n\n\n<p>Tadano Europe Holdings GmbH<br>Dinglerstra\u00dfe 24<br>66482 Zweibr\u00fccken<\/p>\n\n\n\n<p>Registro mercantil: HRB 32340<br>Tribunal de registro: Tribunal de 1.\u00aa Instancia de Zweibr\u00fccken<\/p>\n\n\n\n<p><strong>Representado por:<br><\/strong>Noriaki Yashiro<br>Hiroyuki Goda<br>Takeshi Motoyama<br>Satoshi Nakayama<\/p>\n\n\n\n<p><strong>Contacto<\/strong><br>Tel\u00e9fono: +49 6332 83-0<br>Fax: +49 6332 83-1000<br>Correo electr\u00f3nico: info.europe@tadano.com<\/p>\n\n\n\n<p><strong>NIF-IVA:<\/strong><\/p>\n\n\n\n<p><strong>N\u00famero de identificaci\u00f3n fiscal (NIF-IVA) seg\u00fan art. 27 a de la ley alemana de impuestos sobre la venta:<br><\/strong>DE 332594660<\/p>\n\n\n\n<p><strong>Responsable del contenido seg\u00fan el art. 55, p\u00e1rrafo 2, del Acuerdo estatal de radiodifusi\u00f3n en Alemania (RStV)<\/strong><\/p>\n\n\n\n<p>Sven Ebinger<br>Dinglerstra\u00dfe 24<br>66482 Zweibr\u00fccken<\/p>\n\n\n\n<p><strong>Informaci\u00f3n sobre la resoluci\u00f3n de litigios en l\u00ednea<\/strong><\/p>\n\n\n\n<p>La Comisi\u00f3n Europea ha creado una plataforma de internet para la resoluci\u00f3n de litigios en l\u00ednea (llamada \u00abplataforma ODR\u00bb). La plataforma ODR sirve de punto de encuentro para la resoluci\u00f3n extrajudicial de litigios relacionados con las obligaciones contractuales derivadas de los contratos de venta en l\u00ednea. Puede acceder a la plataforma ODR en el siguiente enlace:<br>http:\/\/ec.europa.eu\/consumers\/odr<br>Aviso seg\u00fan el art. 36 de la Ley alemana de resoluci\u00f3n de litigios de consumidores (VSBG)<br>Tadano Faun GmbH no participar\u00e1 en ning\u00fan procedimiento de resoluci\u00f3n de litigios ante una junta de arbitraje de consumidores en el sentido de la Ley alemana de resoluci\u00f3n de litigios de consumidores (VSBG) y no est\u00e1 obligada a hacerlo.<\/p>\n\n\n\n<p><strong>Responsabilidad por los contenidos<\/strong><\/p>\n\n\n\n<p>Como proveedores de servicios y seg\u00fan el art. 7, p\u00e1rrafo 1 de la Ley alemana de medios de telecomunicaci\u00f3n (TMG), somos responsables de los contenidos propios en estas p\u00e1ginas seg\u00fan las leyes generales. Sin embargo, como proveedores de servicios y seg\u00fan los Art. 8 a 10 de la TMG, no estamos obligados a supervisar la informaci\u00f3n remitida o almacenada por terceros ni a investigar las circunstancias que pudieran ser indicios de una actividad ilegal.<\/p>\n\n\n\n<p>Las obligaciones de retirar o bloquear el uso de informaci\u00f3n seg\u00fan las leyes generales permanecen intactas. No obstante, una responsabilidad en este sentido solo es posible a partir del momento en que se tenga conocimiento de una infracci\u00f3n concreta. En el momento de conocer tales infracciones procederemos a retirar esos contenidos inmediatamente.<\/p>\n\n\n\n<p><strong>Responsabilidad por los enlaces<\/strong><\/p>\n\n\n\n<p>Nuestra oferta incluye enlaces a p\u00e1ginas web externas de terceros, sobre cuyo contenido no tenemos ninguna influencia.<br>Por esta raz\u00f3n, no podemos ofrecer ninguna garant\u00eda por estos contenidos de terceros. Responsable por el contenido de las p\u00e1ginas enlazadas es el proveedor o gestor correspondiente de las p\u00e1ginas. En el momento de publicar el enlace a una p\u00e1gina web, se revisa la presencia de posibles infracciones en las p\u00e1ginas enlazadas. No se constataron contenidos il\u00edcitos en el momento de publicar el enlace. No obstante, no resulta razonable un control permanente de las p\u00e1ginas enlazadas sin la existencia de indicios concretos de una infracci\u00f3n. En el momento de conocer tales infracciones procederemos a retirar inmediatamente los enlaces respectivos.<\/p>\n\n\n\n<p><strong>Derechos de autor<\/strong><\/p>\n\n\n\n<p>Los contenidos y las obras de estas p\u00e1ginas que hayan sido&nbsp;creados por el operador del sitio est\u00e1n sujetos a los&nbsp;derechos de autor alemanes. La reproducci\u00f3n, modificaci\u00f3n, divulgaci\u00f3n o cualquier tipo de aprovechamiento que supere los l\u00edmites de los derechos de autor exigen una autorizaci\u00f3n escrita del autor o el redactor correspondiente. Las descargas y copias de esta p\u00e1gina solo est\u00e1n autorizadas para el uso privado y no comercial.<br>Si alg\u00fan contenido de esta p\u00e1gina no ha sido creado por el gestor de la misma, se aplicar\u00e1n los derechos de autor de terceros. Los contenidos de terceros se indicar\u00e1n especialmente como tales. No obstante, si tiene constancia de que se est\u00e1n infringiendo derechos de autor, le rogamos que nos lo informe. En caso de tener conocimiento de una infracci\u00f3n procederemos a retirar este tipo de contenidos inmediatamente.<\/p>\n","protected":false},"excerpt":{"rendered":"<p>Imprint Informaci\u00f3n seg\u00fan el art. 5 de la Ley alemana de medios de comunicaci\u00f3n (TMG) Tadano Europe Holdings GmbHDinglerstra\u00dfe 2466482 Zweibr\u00fccken Registro mercantil: HRB 32340Tribunal de registro: Tribunal de 1.\u00aa Instancia de Zweibr\u00fccken Representado por:Noriaki YashiroHiroyuki GodaTakeshi MotoyamaSatoshi Nakayama ContactoTel\u00e9fono: +49 6332 83-0Fax: +49 6332 83-1000Correo electr\u00f3nico: info.europe@tadano.com NIF-IVA: N\u00famero de identificaci\u00f3n fiscal (NIF-IVA) seg\u00fan [&hellip;]<\/p>\n","protected":false},"author":1,"featured_media":0,"parent":0,"menu_order":0,"comment_status":"closed","ping_status":"closed","template":"","meta":{"_acf_changed":false,"footnotes":""},"acf":[],"yoast_head":"<!-- This site is optimized with the Yoast SEO plugin v22.3 - https:\/\/yoast.com\/wordpress\/plugins\/seo\/ -->\n<title>Imprint - Europe<\/title>\n<meta name=\"robots\" content=\"index, follow, max-snippet:-1, max-image-preview:large, max-video-preview:-1\" \/>\n<link rel=\"canonical\" href=\"https:\/\/www.tadano.com\/europe\/es\/imprint\/\" \/>\n<meta property=\"og:locale\" content=\"es_ES\" \/>\n<meta property=\"og:type\" content=\"article\" \/>\n<meta property=\"og:title\" content=\"Imprint - Europe\" \/>\n<meta property=\"og:description\" content=\"Imprint Informaci\u00f3n seg\u00fan el art. 5 de la Ley alemana de medios de comunicaci\u00f3n (TMG) Tadano Europe Holdings GmbHDinglerstra\u00dfe 2466482 Zweibr\u00fccken Registro mercantil: HRB 32340Tribunal de registro: Tribunal de 1.\u00aa Instancia de Zweibr\u00fccken Representado por:Noriaki YashiroHiroyuki GodaTakeshi MotoyamaSatoshi Nakayama ContactoTel\u00e9fono: +49 6332 83-0Fax: +49 6332 83-1000Correo electr\u00f3nico: info.europe@tadano.com NIF-IVA: N\u00famero de identificaci\u00f3n fiscal (NIF-IVA) seg\u00fan [&hellip;]\" \/>\n<meta property=\"og:url\" content=\"https:\/\/www.tadano.com\/europe\/es\/imprint\/\" \/>\n<meta property=\"og:site_name\" content=\"Europe\" \/>\n<meta property=\"article:modified_time\" content=\"2025-10-15T06:30:01+00:00\" \/>\n<meta name=\"twitter:card\" content=\"summary_large_image\" \/>\n<meta name=\"twitter:label1\" content=\"Tiempo de lectura\" \/>\n\t<meta name=\"twitter:data1\" content=\"3 minutos\" \/>\n<script type=\"application\/ld+json\" class=\"yoast-schema-graph\">{\"@context\":\"https:\/\/schema.org\",\"@graph\":[{\"@type\":\"WebPage\",\"@id\":\"https:\/\/www.tadano.com\/europe\/es\/imprint\/\",\"url\":\"https:\/\/www.tadano.com\/europe\/es\/imprint\/\",\"name\":\"Imprint - Europe\",\"isPartOf\":{\"@id\":\"https:\/\/www.tadano.com\/europe\/en\/#website\"},\"datePublished\":\"2021-07-13T06:56:46+00:00\",\"dateModified\":\"2025-10-15T06:30:01+00:00\",\"inLanguage\":\"es\",\"potentialAction\":[{\"@type\":\"ReadAction\",\"target\":[\"https:\/\/www.tadano.com\/europe\/es\/imprint\/\"]}]},{\"@type\":\"WebSite\",\"@id\":\"https:\/\/www.tadano.com\/europe\/en\/#website\",\"url\":\"https:\/\/www.tadano.com\/europe\/en\/\",\"name\":\"Europe\",\"description\":\"Just another TADANO EUROPE site\",\"potentialAction\":[{\"@type\":\"SearchAction\",\"target\":{\"@type\":\"EntryPoint\",\"urlTemplate\":\"https:\/\/www.tadano.com\/europe\/en\/?s={search_term_string}\"},\"query-input\":\"required name=search_term_string\"}],\"inLanguage\":\"es\"}]}<\/script>\n<!-- \/ Yoast SEO plugin. -->","yoast_head_json":{"title":"Imprint - Europe","robots":{"index":"index","follow":"follow","max-snippet":"max-snippet:-1","max-image-preview":"max-image-preview:large","max-video-preview":"max-video-preview:-1"},"canonical":"https:\/\/www.tadano.com\/europe\/es\/imprint\/","og_locale":"es_ES","og_type":"article","og_title":"Imprint - Europe","og_description":"Imprint Informaci\u00f3n seg\u00fan el art. 5 de la Ley alemana de medios de comunicaci\u00f3n (TMG) Tadano Europe Holdings GmbHDinglerstra\u00dfe 2466482 Zweibr\u00fccken Registro mercantil: HRB 32340Tribunal de registro: Tribunal de 1.\u00aa Instancia de Zweibr\u00fccken Representado por:Noriaki YashiroHiroyuki GodaTakeshi MotoyamaSatoshi Nakayama ContactoTel\u00e9fono: +49 6332 83-0Fax: +49 6332 83-1000Correo electr\u00f3nico: info.europe@tadano.com NIF-IVA: N\u00famero de identificaci\u00f3n fiscal (NIF-IVA) seg\u00fan [&hellip;]","og_url":"https:\/\/www.tadano.com\/europe\/es\/imprint\/","og_site_name":"Europe","article_modified_time":"2025-10-15T06:30:01+00:00","twitter_card":"summary_large_image","twitter_misc":{"Tiempo de lectura":"3 minutos"},"schema":{"@context":"https:\/\/schema.org","@graph":[{"@type":"WebPage","@id":"https:\/\/www.tadano.com\/europe\/es\/imprint\/","url":"https:\/\/www.tadano.com\/europe\/es\/imprint\/","name":"Imprint - Europe","isPartOf":{"@id":"https:\/\/www.tadano.com\/europe\/en\/#website"},"datePublished":"2021-07-13T06:56:46+00:00","dateModified":"2025-10-15T06:30:01+00:00","inLanguage":"es","potentialAction":[{"@type":"ReadAction","target":["https:\/\/www.tadano.com\/europe\/es\/imprint\/"]}]},{"@type":"WebSite","@id":"https:\/\/www.tadano.com\/europe\/en\/#website","url":"https:\/\/www.tadano.com\/europe\/en\/","name":"Europe","description":"Just another TADANO EUROPE site","potentialAction":[{"@type":"SearchAction","target":{"@type":"EntryPoint","urlTemplate":"https:\/\/www.tadano.com\/europe\/en\/?s={search_term_string}"},"query-input":"required name=search_term_string"}],"inLanguage":"es"}]}},"_links":{"self":[{"href":"https:\/\/www.tadano.com\/europe\/es\/wp-json\/wp\/v2\/pages\/11121"}],"collection":[{"href":"https:\/\/www.tadano.com\/europe\/es\/wp-json\/wp\/v2\/pages"}],"about":[{"href":"https:\/\/www.tadano.com\/europe\/es\/wp-json\/wp\/v2\/types\/page"}],"author":[{"embeddable":true,"href":"https:\/\/www.tadano.com\/europe\/es\/wp-json\/wp\/v2\/users\/1"}],"replies":[{"embeddable":true,"href":"https:\/\/www.tadano.com\/europe\/es\/wp-json\/wp\/v2\/comments?post=11121"}],"version-history":[{"count":4,"href":"https:\/\/www.tadano.com\/europe\/es\/wp-json\/wp\/v2\/pages\/11121\/revisions"}],"predecessor-version":[{"id":13577,"href":"https:\/\/www.tadano.com\/europe\/es\/wp-json\/wp\/v2\/pages\/11121\/revisions\/13577"}],"wp:attachment":[{"href":"https:\/\/www.tadano.com\/europe\/es\/wp-json\/wp\/v2\/media?parent=11121"}],"curies":[{"name":"wp","href":"https:\/\/api.w.org\/{rel}","templated":true}]}}