{"id":11138,"date":"2021-03-19T09:31:15","date_gmt":"2021-03-19T09:31:15","guid":{"rendered":"https:\/\/www.tadano.com\/europe\/ventas-y-servicios\/formacion\/"},"modified":"2026-04-15T14:35:32","modified_gmt":"2026-04-15T14:35:32","slug":"formacion","status":"publish","type":"page","link":"https:\/\/www.tadano.com\/europe\/es\/ventas-y-servicios\/formacion\/","title":{"rendered":"Formaci\u00f3n"},"content":{"rendered":"\n\n\n<section class=\"hero-section\">\n\n\t\n\t\n\t\n\t<div class=\"img-holder \">\n\t\t\t\t<div class=\"bg-stretch\" style=\"background-position: 50% 50%; \">\n\t\t\t<span data-srcset=\"https:\/\/assets.onetadano.com\/celum_assets\/hero\/DEMAG_Azubi-40.jpg, https:\/\/assets.onetadano.com\/celum_assets\/hero-2x\/DEMAG_Azubi-40.jpg 2x\"><\/span>\n\t\t<\/div>\n\t\t\t\t\t\t<div class=\"logo green-solutions\" style=\"display:none;\">\n\t\t\t<a href=\"#\"><img decoding=\"async\" src=\"https:\/\/www.tadano.com\/europe\/wp-content\/themes\/tadano\/assets\/dist\/images\/Green-Solutions_Logo_White.svg\"><\/a>\n\t\t<\/div>\n\t<\/div>\n\t<div class=\"container\">\n\t\t<div class=\"text-holder \">\n\t\t\t<div class=\"wrap\">\n\t\t\t\t\n\t\t\t\t<ul class=\"breadcrumbs\"><li><a href=\"https:\/\/www.tadano.com\/europe\/es\/\">Inicio<\/a><\/li><\/ul>\n\t\t\t\t\n\n<h1 class=\"wp-block-heading\">Formaci\u00f3n<\/h1>\n\n\n\n<p>Tadano ofrece una formaci\u00f3n completa sobre nuestros productos de marca Tadano y Demag para ayudarle a sacar el m\u00e1ximo partido a sus equipos.<\/p>\n\n\n\n<div class=\"wp-block-buttons is-layout-flex wp-block-buttons-is-layout-flex\">\n<div class=\"wp-block-button\"><a class=\"wp-block-button__link wp-element-button\" href=\"#contact\" rel=\"\">Cont\u00e1ctenos<\/a><\/div>\n<\/div>\n\n\n\n<p><\/p>\n\n\n\n\t\t\t\t\n\t\t\t<\/div>\n\n\t\t\t\n\t\t\t\n\t\t\t\n\t\t<\/div>\n\t<\/div>\n<\/section>\n\n\n<div class=\"wp-block-group is-style-background-triangle-right is-layout-flow wp-block-group-is-layout-flow\"><div class=\"wp-block-group__inner-container\">\n<h2 class=\"wp-block-heading\">TRANSFERENCIA DE LOS CONOCIMIENTOS M\u00c1S ACTUALES<\/h2>\n\n\n\n<p>El Departamento de capacitaci\u00f3n ofrece formaci\u00f3n intensiva en gr\u00faas m\u00f3viles, ya sea para sistemas hidr\u00e1ulicos, sistemas neum\u00e1ticos, ingenier\u00eda el\u00e9ctrica, electr\u00f3nica, sistemas del motor o transmisi\u00f3n.<\/p>\n\n\n\n<p>Las formaciones se llevan a cabo con una mezcla inteligente de formaci\u00f3n pr\u00e1ctica y presencial, utilizando la \u00faltima tecnolog\u00eda, incluidas las herramientas de simulaci\u00f3n m\u00e1s avanzadas.<\/p>\n\n\n\n<p>Al finalizar el curso, los participantes reciben un certificado de participaci\u00f3n.<\/p>\n\n\n\n<div style=\"height:69px\" aria-hidden=\"true\" class=\"wp-block-spacer\"><\/div>\n\n\n\n<h2 class=\"wp-block-heading\">PLAN DE FORMACI\u00d3N<\/h2>\n\n\n\n<p>En el plan de capacitaci\u00f3n a continuaci\u00f3n encontrar\u00e1 m\u00e1s detalles sobre la gran variedad de cursos y sobre la solicitud para participar en las capacitaciones.<\/p>\n\n\n\n<section class=\"evidenz-buchungssystem\">\n  <div class=\"container\">\n        <script type=\"text\/javascript\" src=\"https:\/\/php-obs.evidenz.de\/iframe_js_code.php?mandant=00125\"><\/script>\n        <iframe name=\"evidenz_obs\" src=\"https:\/\/seminars.tadano.com\/index.php?cd[webzielgruppe]=kunden&#038;language=english\" style=\"border:none; height:800px; width:100%;\" frameborder=\"0\" seamless data-scrolltop><\/iframe>\n    <\/div>\n<\/section>\n\n\n<div class=\"wp-block-buttons is-layout-flex wp-block-buttons-is-layout-flex\"><\/div>\n\n\n<div id=\"contact\"><\/div>\n\n\n\n<section class=\"sales-team hide-background-triangle  \">\n   <div class=\"container\">\n                    <div class=\"section-heading\">\n                <div class=\"heading\">\n                    <h2>Su equipo de especialistas en formaci\u00f3n de Tadano<\/h2>\n                <\/div>\n            <\/div>\n              <div class=\"threerow-slider dots-info has-no-images\">\n        <p style=\"color:#fff;\">No contacts found for current region.<\/p>              <\/div>\n   <\/div>\n<\/section><\/div><\/div>\n\n\n\n<div class=\"wp-block-group is-style-background-cyan is-layout-flow wp-block-group-is-layout-flow\"><div class=\"wp-block-group__inner-container\">\n<div class=\"wp-block-columns is-layout-flex wp-container-core-columns-layout-1 wp-block-columns-is-layout-flex\">\n<div class=\"wp-block-column is-layout-flow wp-block-column-is-layout-flow\" style=\"flex-basis:33.33%\">\n<h2 class=\"wp-block-heading has-white-color has-text-color\">M\u00e1s informaci\u00f3n<\/h2>\n\n\n\n<p class=\"has-white-color has-text-color\">Los expertos en gr\u00faas y los programas de formaci\u00f3n de Tadano ayudan a su equipo a solucionar problemas para minimizar el tiempo de inactividad y maximizar la productividad.<\/p>\n<\/div>\n\n\n\n<div class=\"wp-block-column is-layout-flow wp-block-column-is-layout-flow\" style=\"flex-basis:66.66%\"><div class=\"download-button-block\">\n\t<div class=\"btn-holder\">\n\t\t<a href=\"https:\/\/assets.onetadano.com\/celum_assets\/documents\/IC-1 Simulator EN.pdf\" class=\"btn btn-outline\" download>\n\t    IC-1 Simulator (Folleto)\t  <\/a>\n\t<\/div>\n<\/div><\/div>\n<\/div>\n<\/div><\/div>\n","protected":false},"excerpt":{"rendered":"<p>TRANSFERENCIA DE LOS CONOCIMIENTOS M\u00c1S ACTUALES El Departamento de capacitaci\u00f3n ofrece formaci\u00f3n intensiva en gr\u00faas m\u00f3viles, ya sea para sistemas hidr\u00e1ulicos, sistemas neum\u00e1ticos, ingenier\u00eda el\u00e9ctrica, electr\u00f3nica, sistemas del motor o transmisi\u00f3n. Las formaciones se llevan a cabo con una mezcla inteligente de formaci\u00f3n pr\u00e1ctica y presencial, utilizando la \u00faltima tecnolog\u00eda, incluidas las herramientas de simulaci\u00f3n [&hellip;]<\/p>\n","protected":false},"author":1,"featured_media":0,"parent":11135,"menu_order":0,"comment_status":"closed","ping_status":"closed","template":"","meta":{"_acf_changed":false,"footnotes":""},"acf":[],"yoast_head":"<!-- This site is optimized with the Yoast SEO plugin v22.3 - https:\/\/yoast.com\/wordpress\/plugins\/seo\/ -->\n<title>Formaci\u00f3n - Europe<\/title>\n<meta name=\"robots\" content=\"index, follow, max-snippet:-1, max-image-preview:large, max-video-preview:-1\" \/>\n<link rel=\"canonical\" href=\"https:\/\/www.tadano.com\/europe\/en\/sales-services\/training\/\" \/>\n<meta property=\"og:locale\" content=\"es_ES\" \/>\n<meta property=\"og:type\" content=\"article\" \/>\n<meta property=\"og:title\" content=\"Formaci\u00f3n - Europe\" \/>\n<meta property=\"og:description\" content=\"TRANSFERENCIA DE LOS CONOCIMIENTOS M\u00c1S ACTUALES El Departamento de capacitaci\u00f3n ofrece formaci\u00f3n intensiva en gr\u00faas m\u00f3viles, ya sea para sistemas hidr\u00e1ulicos, sistemas neum\u00e1ticos, ingenier\u00eda el\u00e9ctrica, electr\u00f3nica, sistemas del motor o transmisi\u00f3n. Las formaciones se llevan a cabo con una mezcla inteligente de formaci\u00f3n pr\u00e1ctica y presencial, utilizando la \u00faltima tecnolog\u00eda, incluidas las herramientas de simulaci\u00f3n [&hellip;]\" \/>\n<meta property=\"og:url\" content=\"https:\/\/www.tadano.com\/europe\/en\/sales-services\/training\/\" \/>\n<meta property=\"og:site_name\" content=\"Europe\" \/>\n<meta property=\"article:modified_time\" content=\"2026-04-15T14:35:32+00:00\" \/>\n<meta name=\"twitter:card\" content=\"summary_large_image\" \/>\n<meta name=\"twitter:label1\" content=\"Tiempo de lectura\" \/>\n\t<meta name=\"twitter:data1\" content=\"1 minuto\" \/>\n<script type=\"application\/ld+json\" class=\"yoast-schema-graph\">{\"@context\":\"https:\/\/schema.org\",\"@graph\":[{\"@type\":\"WebPage\",\"@id\":\"https:\/\/www.tadano.com\/europe\/en\/sales-services\/training\/\",\"url\":\"https:\/\/www.tadano.com\/europe\/en\/sales-services\/training\/\",\"name\":\"Formaci\u00f3n - Europe\",\"isPartOf\":{\"@id\":\"https:\/\/www.tadano.com\/europe\/en\/#website\"},\"datePublished\":\"2021-03-19T09:31:15+00:00\",\"dateModified\":\"2026-04-15T14:35:32+00:00\",\"breadcrumb\":{\"@id\":\"https:\/\/www.tadano.com\/europe\/en\/sales-services\/training\/#breadcrumb\"},\"inLanguage\":\"es\",\"potentialAction\":[{\"@type\":\"ReadAction\",\"target\":[\"https:\/\/www.tadano.com\/europe\/en\/sales-services\/training\/\"]}]},{\"@type\":\"BreadcrumbList\",\"@id\":\"https:\/\/www.tadano.com\/europe\/en\/sales-services\/training\/#breadcrumb\",\"itemListElement\":[{\"@type\":\"ListItem\",\"position\":1,\"name\":\"Ventas y Servicios\",\"item\":\"https:\/\/www.tadano.com\/europe\/es\/ventas-y-servicios\/\"},{\"@type\":\"ListItem\",\"position\":2,\"name\":\"Formaci\u00f3n\"}]},{\"@type\":\"WebSite\",\"@id\":\"https:\/\/www.tadano.com\/europe\/en\/#website\",\"url\":\"https:\/\/www.tadano.com\/europe\/en\/\",\"name\":\"Europe\",\"description\":\"Just another TADANO EUROPE site\",\"potentialAction\":[{\"@type\":\"SearchAction\",\"target\":{\"@type\":\"EntryPoint\",\"urlTemplate\":\"https:\/\/www.tadano.com\/europe\/en\/?s={search_term_string}\"},\"query-input\":\"required name=search_term_string\"}],\"inLanguage\":\"es\"}]}<\/script>\n<!-- \/ Yoast SEO plugin. -->","yoast_head_json":{"title":"Formaci\u00f3n - Europe","robots":{"index":"index","follow":"follow","max-snippet":"max-snippet:-1","max-image-preview":"max-image-preview:large","max-video-preview":"max-video-preview:-1"},"canonical":"https:\/\/www.tadano.com\/europe\/en\/sales-services\/training\/","og_locale":"es_ES","og_type":"article","og_title":"Formaci\u00f3n - Europe","og_description":"TRANSFERENCIA DE LOS CONOCIMIENTOS M\u00c1S ACTUALES El Departamento de capacitaci\u00f3n ofrece formaci\u00f3n intensiva en gr\u00faas m\u00f3viles, ya sea para sistemas hidr\u00e1ulicos, sistemas neum\u00e1ticos, ingenier\u00eda el\u00e9ctrica, electr\u00f3nica, sistemas del motor o transmisi\u00f3n. Las formaciones se llevan a cabo con una mezcla inteligente de formaci\u00f3n pr\u00e1ctica y presencial, utilizando la \u00faltima tecnolog\u00eda, incluidas las herramientas de simulaci\u00f3n [&hellip;]","og_url":"https:\/\/www.tadano.com\/europe\/en\/sales-services\/training\/","og_site_name":"Europe","article_modified_time":"2026-04-15T14:35:32+00:00","twitter_card":"summary_large_image","twitter_misc":{"Tiempo de lectura":"1 minuto"},"schema":{"@context":"https:\/\/schema.org","@graph":[{"@type":"WebPage","@id":"https:\/\/www.tadano.com\/europe\/en\/sales-services\/training\/","url":"https:\/\/www.tadano.com\/europe\/en\/sales-services\/training\/","name":"Formaci\u00f3n - Europe","isPartOf":{"@id":"https:\/\/www.tadano.com\/europe\/en\/#website"},"datePublished":"2021-03-19T09:31:15+00:00","dateModified":"2026-04-15T14:35:32+00:00","breadcrumb":{"@id":"https:\/\/www.tadano.com\/europe\/en\/sales-services\/training\/#breadcrumb"},"inLanguage":"es","potentialAction":[{"@type":"ReadAction","target":["https:\/\/www.tadano.com\/europe\/en\/sales-services\/training\/"]}]},{"@type":"BreadcrumbList","@id":"https:\/\/www.tadano.com\/europe\/en\/sales-services\/training\/#breadcrumb","itemListElement":[{"@type":"ListItem","position":1,"name":"Ventas y Servicios","item":"https:\/\/www.tadano.com\/europe\/es\/ventas-y-servicios\/"},{"@type":"ListItem","position":2,"name":"Formaci\u00f3n"}]},{"@type":"WebSite","@id":"https:\/\/www.tadano.com\/europe\/en\/#website","url":"https:\/\/www.tadano.com\/europe\/en\/","name":"Europe","description":"Just another TADANO EUROPE site","potentialAction":[{"@type":"SearchAction","target":{"@type":"EntryPoint","urlTemplate":"https:\/\/www.tadano.com\/europe\/en\/?s={search_term_string}"},"query-input":"required name=search_term_string"}],"inLanguage":"es"}]}},"_links":{"self":[{"href":"https:\/\/www.tadano.com\/europe\/es\/wp-json\/wp\/v2\/pages\/11138"}],"collection":[{"href":"https:\/\/www.tadano.com\/europe\/es\/wp-json\/wp\/v2\/pages"}],"about":[{"href":"https:\/\/www.tadano.com\/europe\/es\/wp-json\/wp\/v2\/types\/page"}],"author":[{"embeddable":true,"href":"https:\/\/www.tadano.com\/europe\/es\/wp-json\/wp\/v2\/users\/1"}],"replies":[{"embeddable":true,"href":"https:\/\/www.tadano.com\/europe\/es\/wp-json\/wp\/v2\/comments?post=11138"}],"version-history":[{"count":2,"href":"https:\/\/www.tadano.com\/europe\/es\/wp-json\/wp\/v2\/pages\/11138\/revisions"}],"predecessor-version":[{"id":15200,"href":"https:\/\/www.tadano.com\/europe\/es\/wp-json\/wp\/v2\/pages\/11138\/revisions\/15200"}],"up":[{"embeddable":true,"href":"https:\/\/www.tadano.com\/europe\/es\/wp-json\/wp\/v2\/pages\/11135"}],"wp:attachment":[{"href":"https:\/\/www.tadano.com\/europe\/es\/wp-json\/wp\/v2\/media?parent=11138"}],"curies":[{"name":"wp","href":"https:\/\/api.w.org\/{rel}","templated":true}]}}