{"id":11140,"date":"2021-06-18T07:56:01","date_gmt":"2021-06-18T07:56:01","guid":{"rendered":"https:\/\/www.tadano.com\/europe\/ventas-y-servicios\/piezas\/piezas-tadano\/"},"modified":"2021-08-17T12:35:07","modified_gmt":"2021-08-17T12:35:07","slug":"piezas-tadano","status":"publish","type":"page","link":"https:\/\/www.tadano.com\/europe\/es\/ventas-y-servicios\/piezas\/piezas-tadano\/","title":{"rendered":"PIEZAS TADANO"},"content":{"rendered":"\n\n\n<section class=\"hero-section-alt2\">\n\n\t\n\t\t\t<style type=\"text\/css\">\n\t\t\t.hero-section .img-holder:before {\n\t\t\t\tdisplay: none;\n\t\t\t}\n\t\t<\/style>\n\t\n\t\n\t<div class=\"img-holder \">\n\t\t\t\t<div class=\"bg-stretch\" style=\"background-position: 50% 50%; \">\n\t\t\t<span data-srcset=\"https:\/\/assets.onetadano.com\/celum_assets\/hero\/Lager_Lauf_web-2.jpg, https:\/\/assets.onetadano.com\/celum_assets\/hero-2x\/Lager_Lauf_web-2.jpg 2x\"><\/span>\n\t\t<\/div>\n\t\t\t\t\t\t<div class=\"logo green-solutions\" style=\"display:none;\">\n\t\t\t<a href=\"#\"><img decoding=\"async\" src=\"https:\/\/www.tadano.com\/europe\/wp-content\/themes\/tadano\/assets\/dist\/images\/Green-Solutions_Logo_White.svg\"><\/a>\n\t\t<\/div>\n\t<\/div>\n\t<div class=\"container\">\n\t\t<div class=\"text-holder \">\n\t\t\t<div class=\"wrap\">\n\t\t\t\t\n\t\t\t\t<ul class=\"breadcrumbs\"><li><a href=\"https:\/\/www.tadano.com\/europe\/es\/\">Inicio<\/a><\/li><\/ul>\n\t\t\t\t\n\n<h1 class=\"wp-block-heading\">Piezas Tadano<\/h1>\n\n\n\n<p>Estamos aqu\u00ed para mantener su negocio y sus gr\u00faas funcionando de forma eficiente. P\u00f3ngase en contacto con nuestros expertos, que est\u00e1n disponibles las 24 horas del d\u00eda, y recibir\u00e1 las piezas de repuesto originales en el menor tiempo posible.<\/p>\n\n\n\n\t\t\t\t\n\t\t\t<\/div>\n\n\t\t\t\n\t\t\t\n\t\t\t\n\t\t<\/div>\n\t<\/div>\n<\/section>\n\n\n<script type=\"text\/javascript\">\n\n  const pardotURL = 'https:\/\/info.tadanoeurope.com\/l\/761063\/2021-04-26\/dvq4g';\n\n<\/script>\n\n<section class=\"contact-form-block form-block cookieconsent-optin-marketing\" id=\"contact-form-container\">\n  <div class=\"container\">\n\n   <div class=\"section-heading\">\n    <h2 class=\"form-title\">P\u00f3ngase en contacto con nosotros<\/h2>\n  <\/div>\n\n\n\n  \n    <script type=\"text\/javascript\">\n      var recaptchaPublicKey = '6LcJ044oAAAAAHa4a1TbHqHq3jD3KyKSubByLS51';\n      const formRequiredMessage = 'Este campo es obligatorio';\n      var formRecipient = 'parts-sales@tadanofaun.de';\n      var formSubject = 'Contact Form';\n    <\/script>\n\n    <script src=\"https:\/\/www.google.com\/recaptcha\/api.js?render=6LcJ044oAAAAAHa4a1TbHqHq3jD3KyKSubByLS51\"><\/script>\n\n\n    <form class=\"contact-form\" action=\"#contact-form-container\" method=\"POST\" enctype=\"multipart\/form-data\" id=\"contact-form\" onsubmit=\"dataLayer.push({'event': 'formSubmission'});\">\n      <div class=\"row\">\n        <div class=\"col\">\n          <label for=\"type-request\" class=\"hidden\">Tipo de solicitud *<\/label>\n          <select id=\"form-type-request\" name=\"request-type\" required>\n            <option value=\"\">Tipo de solicitud *<\/option>\n            <option data-selection=\"enable-order-retrofit\">Pedir piezas<\/option>\n            <option data-selection=\"enable-order-retrofit\">Reequipamiento<\/option>\n            <option>Documentaci\u00f3n<\/option>\n            <option data-selection=\"others\">Otros<\/option>\n          <\/select>\n        <\/div>\n        <div class=\"col\"><\/div>\n      <\/div>\n      <div class=\"row\">\n        <div class=\"col\">\n          <label for=\"f-name\" class=\"hidden\">Nombre<\/label>\n          <input type=\"text\" placeholder=\"Nombre *\" name=\"first-name\" required \/>\n        <\/div>\n        <div class=\"col\">\n          <label for=\"l-name\" class=\"hidden\">Apellido<\/label>\n          <input type=\"text\" placeholder=\"Apellido *\" name=\"last-name\" required \/>\n        <\/div>\n        <div class=\"col\">\n          <label for=\"e-address\" class=\"hidden\">Direcci\u00f3n de correo electr\u00f3nico<\/label>\n          <input type=\"email\" placeholder=\"Direcci\u00f3n de correo electr\u00f3nico *\" name=\"email\" required \/>\n        <\/div>\n        <div class=\"col\">\n          <label for=\"tel\" class=\"hidden\">Tel\u00e9fono<\/label>\n          <input type=\"tel\" placeholder=\"Tel\u00e9fono *\" name=\"phone\" required \/>\n        <\/div>\n        <div class=\"col\">\n          <label for=\"company\" class=\"hidden\">Empresa<\/label>\n          <input type=\"text\" placeholder=\"Empresa *\" name=\"company\" required\/>\n        <\/div>\n        <div class=\"col\">\n          <label for=\"country\" class=\"hidden\">Pa\u00eds *<\/label><select required name=\"country\"><option value=\"\">Pa\u00eds *<\/option><option value=\"Afghanistan\">Afganist\u00e1n<\/option>\n<option value=\"Albania\">Albania<\/option>\n<option value=\"Germany\">Alemania<\/option>\n<option value=\"Andorra\">Andorra<\/option>\n<option value=\"Angola\">Angola<\/option>\n<option value=\"Antigua and Barbuda\">Antigua y Barbuda<\/option>\n<option value=\"Saudi Arabia\">Arabia Saudita<\/option>\n<option value=\"Algeria\">Argelia<\/option>\n<option value=\"Argentina\">Argentina<\/option>\n<option value=\"Armenia\">Armenia<\/option>\n<option value=\"Australia\">Australia<\/option>\n<option value=\"Austria\">Austria<\/option>\n<option value=\"Azerbaijan\">Azerbaiy\u00e1n<\/option>\n<option value=\"Bahamas\">Bahamas<\/option>\n<option value=\"Bangladesh\">Banglad\u00e9s<\/option>\n<option value=\"Barbados\">Barbados<\/option>\n<option value=\"Bahrain\">Bar\u00e9in<\/option>\n<option value=\"Belize\">Belice<\/option>\n<option value=\"Benin\">Ben\u00edn<\/option>\n<option value=\"Belarus\">Bielorrusia<\/option>\n<option value=\"Myanmar\">Birmania<\/option>\n<option value=\"Bolivia (Plurinational State of)\">Bolivia<\/option>\n<option value=\"Bosnia and Herzegovina\">Bosnia y Herzegovina<\/option>\n<option value=\"Botswana\">Botsuana<\/option>\n<option value=\"Brazil\">Brasil<\/option>\n<option value=\"Brunei Darussalam\">Brun\u00e9i<\/option>\n<option value=\"Bulgaria\">Bulgaria<\/option>\n<option value=\"Burkina Faso\">Burkina Faso<\/option>\n<option value=\"Burundi\">Burundi<\/option>\n<option value=\"Bhutan\">But\u00e1n<\/option>\n<option value=\"Belgium\">B\u00e9lgica<\/option>\n<option value=\"Cabo Verde\">Cabo Verde<\/option>\n<option value=\"Cambodia\">Camboya<\/option>\n<option value=\"Cameroon\">Camer\u00fan<\/option>\n<option value=\"Canada\">Canad\u00e1<\/option>\n<option value=\"Qatar\">Catar<\/option>\n<option value=\"Chad\">Chad<\/option>\n<option value=\"Chile\">Chile<\/option>\n<option value=\"China\">China<\/option>\n<option value=\"Cyprus\">Chipre<\/option>\n<option value=\"Colombia\">Colombia<\/option>\n<option value=\"Comoros\">Comoras<\/option>\n<option value=\"Korea, Democratic People&#039;s Republic of\">Corea del Norte<\/option>\n<option value=\"Korea, Republic of\">Corea del Sur<\/option>\n<option value=\"C\u00f4te d&#039;Ivoire\">Costa de Marfil<\/option>\n<option value=\"Costa Rica\">Costa Rica<\/option>\n<option value=\"Croatia\">Croacia<\/option>\n<option value=\"Cuba\">Cuba<\/option>\n<option value=\"Denmark\">Dinamarca<\/option>\n<option value=\"Dominica\">Dominica<\/option>\n<option value=\"Ecuador\">Ecuador<\/option>\n<option value=\"Egypt\">Egipto<\/option>\n<option value=\"El Salvador\">El Salvador<\/option>\n<option value=\"United Arab Emirates\">Emiratos \u00c1rabes Unidos<\/option>\n<option value=\"Eritrea\">Eritrea<\/option>\n<option value=\"Slovakia\">Eslovaquia<\/option>\n<option value=\"Slovenia\">Eslovenia<\/option>\n<option value=\"Spain\">Espa\u00f1a<\/option>\n<option value=\"United States\">Estados Unidos<\/option>\n<option value=\"Estonia\">Estonia<\/option>\n<option value=\"Ethiopia\">Etiop\u00eda<\/option>\n<option value=\"Philippines\">Filipinas<\/option>\n<option value=\"Finland\">Finlandia<\/option>\n<option value=\"Fiji\">Fiyi<\/option>\n<option value=\"France\">Francia<\/option>\n<option value=\"Gabon\">Gab\u00f3n<\/option>\n<option value=\"Gambia\">Gambia<\/option>\n<option value=\"Georgia\">Georgia<\/option>\n<option value=\"Ghana\">Ghana<\/option>\n<option value=\"Grenada\">Granada<\/option>\n<option value=\"Greece\">Grecia<\/option>\n<option value=\"Guatemala\">Guatemala<\/option>\n<option value=\"Guinea\">Guinea<\/option>\n<option value=\"Equatorial Guinea\">Guinea Ecuatorial<\/option>\n<option value=\"Guinea-Bissau\">Guinea-Bis\u00e1u<\/option>\n<option value=\"Guyana\">Guyana<\/option>\n<option value=\"Haiti\">Hait\u00ed<\/option>\n<option value=\"Honduras\">Honduras<\/option>\n<option value=\"Hungary\">Hungr\u00eda<\/option>\n<option value=\"India\">India<\/option>\n<option value=\"Indonesia\">Indonesia<\/option>\n<option value=\"Iraq\">Irak<\/option>\n<option value=\"Ireland\">Irlanda<\/option>\n<option value=\"Iran, Islamic Republic of\">Ir\u00e1n<\/option>\n<option value=\"Iceland\">Islandia<\/option>\n<option value=\"Marshall Islands\">Islas Marshall<\/option>\n<option value=\"Solomon Islands\">Islas Salom\u00f3n<\/option>\n<option value=\"Israel\">Israel<\/option>\n<option value=\"Italy\">Italia<\/option>\n<option value=\"Jamaica\">Jamaica<\/option>\n<option value=\"Japan\">Jap\u00f3n<\/option>\n<option value=\"Jordan\">Jordania<\/option>\n<option value=\"Kazakhstan\">Kazajist\u00e1n<\/option>\n<option value=\"Kenya\">Kenia<\/option>\n<option value=\"Kyrgyzstan\">Kirguist\u00e1n<\/option>\n<option value=\"Kiribati\">Kiribati<\/option>\n<option value=\"Kuwait\">Kuwait<\/option>\n<option value=\"Lao People&#039;s Democratic Republic\">Laos<\/option>\n<option value=\"Lesotho\">Lesoto<\/option>\n<option value=\"Latvia\">Letonia<\/option>\n<option value=\"Liberia\">Liberia<\/option>\n<option value=\"Libya\">Libia<\/option>\n<option value=\"Liechtenstein\">Liechtenstein<\/option>\n<option value=\"Lithuania\">Lituania<\/option>\n<option value=\"Luxembourg\">Luxemburgo<\/option>\n<option value=\"Lebanon\">L\u00edbano<\/option>\n<option value=\"North Macedonia\">Macedonia del Norte<\/option>\n<option value=\"Madagascar\">Madagascar<\/option>\n<option value=\"Malaysia\">Malasia<\/option>\n<option value=\"Malawi\">Malaui<\/option>\n<option value=\"Maldives\">Maldivas<\/option>\n<option value=\"Malta\">Malta<\/option>\n<option value=\"Mali\">Mal\u00ed<\/option>\n<option value=\"Morocco\">Marruecos<\/option>\n<option value=\"Mauritius\">Mauricio<\/option>\n<option value=\"Mauritania\">Mauritania<\/option>\n<option value=\"Micronesia (Federated States of)\">Micronesia<\/option>\n<option value=\"Moldova (the Republic of)\">Moldavia<\/option>\n<option value=\"Mongolia\">Mongolia<\/option>\n<option value=\"Montenegro\">Montenegro<\/option>\n<option value=\"Mozambique\">Mozambique<\/option>\n<option value=\"Mexico\">M\u00e9xico<\/option>\n<option value=\"Monaco\">M\u00f3naco<\/option>\n<option value=\"Namibia\">Namibia<\/option>\n<option value=\"Nauru\">Nauru<\/option>\n<option value=\"Nepal\">Nepal<\/option>\n<option value=\"Nicaragua\">Nicaragua<\/option>\n<option value=\"Nigeria\">Nigeria<\/option>\n<option value=\"Norway\">Noruega<\/option>\n<option value=\"New Zealand\">Nueva Zelanda<\/option>\n<option value=\"Niger\">N\u00edger<\/option>\n<option value=\"Oman\">Om\u00e1n<\/option>\n<option value=\"Pakistan\">Pakist\u00e1n<\/option>\n<option value=\"Palau\">Palaos<\/option>\n<option value=\"Panama\">Panam\u00e1<\/option>\n<option value=\"Papua New Guinea\">Pap\u00faa Nueva Guinea<\/option>\n<option value=\"Paraguay\">Paraguay<\/option>\n<option value=\"Netherlands\">Pa\u00edses Bajos<\/option>\n<option value=\"Peru\">Per\u00fa<\/option>\n<option value=\"Poland\">Polonia<\/option>\n<option value=\"Portugal\">Portugal<\/option>\n<option value=\"United Kingdom\">Reino Unido<\/option>\n<option value=\"Central African Republic\">Rep\u00fablica Centroafricana<\/option>\n<option value=\"Czech Republic\">Rep\u00fablica Checa<\/option>\n<option value=\"Congo\">Rep\u00fablica del Congo<\/option>\n<option value=\"Congo, Democratic Republic of the\">Rep\u00fablica Democr\u00e1tica del Congo<\/option>\n<option value=\"Dominican Republic\">Rep\u00fablica Dominicana<\/option>\n<option value=\"Rwanda\">Ruanda<\/option>\n<option value=\"Romania\">Rumania<\/option>\n<option value=\"Russian Federation\">Rusia<\/option>\n<option value=\"Samoa\">Samoa<\/option>\n<option value=\"Saint Kitts and Nevis\">San Crist\u00f3bal y Nieves<\/option>\n<option value=\"San Marino\">San Marino<\/option>\n<option value=\"Saint Vincent and the Grenadines\">San Vicente y las Granadinas<\/option>\n<option value=\"Saint Lucia\">Santa Luc\u00eda<\/option>\n<option value=\"Sao Tome and Principe\">Santo Tom\u00e9 y Pr\u00edncipe<\/option>\n<option value=\"Senegal\">Senegal<\/option>\n<option value=\"Serbia &amp; Montenegro\">Serbia<\/option>\n<option value=\"Seychelles\">Seychelles<\/option>\n<option value=\"Sierra Leone\">Sierra Leona<\/option>\n<option value=\"Singapore\">Singapur<\/option>\n<option value=\"Syrian Arab Republic\">Siria<\/option>\n<option value=\"Somalia\">Somalia<\/option>\n<option value=\"Sri Lanka\">Sri Lanka<\/option>\n<option value=\"Eswatini\">Suazilandia<\/option>\n<option value=\"South Africa\">Sud\u00e1frica<\/option>\n<option value=\"Sudan\">Sud\u00e1n<\/option>\n<option value=\"South Sudan\">Sud\u00e1n del Sur<\/option>\n<option value=\"Sweden\">Suecia<\/option>\n<option value=\"Switzerland\">Suiza<\/option>\n<option value=\"Suriname\">Surinam<\/option>\n<option value=\"Thailand\">Tailandia<\/option>\n<option value=\"Tanzania\">Tanzania<\/option>\n<option value=\"Tajikistan\">Tayikist\u00e1n<\/option>\n<option value=\"Timor-Leste\">Timor Oriental<\/option>\n<option value=\"Togo\">Togo<\/option>\n<option value=\"Tonga\">Tonga<\/option>\n<option value=\"Trinidad and Tobago\">Trinidad y Tobago<\/option>\n<option value=\"Turkmenistan\">Turkmenist\u00e1n<\/option>\n<option value=\"Turkey\">Turqu\u00eda<\/option>\n<option value=\"Tuvalu\">Tuvalu<\/option>\n<option value=\"Tunisia\">T\u00fanez<\/option>\n<option value=\"Ukraine\">Ucrania<\/option>\n<option value=\"Uganda\">Uganda<\/option>\n<option value=\"Uruguay\">Uruguay<\/option>\n<option value=\"Uzbekistan\">Uzbekist\u00e1n<\/option>\n<option value=\"Vanuatu\">Vanuatu<\/option>\n<option value=\"Venezuela, Bolivarian Republic of\">Venezuela<\/option>\n<option value=\"Viet Nam\">Vietnam<\/option>\n<option value=\"Yemen\">Yemen<\/option>\n<option value=\"Djibouti\">Yibuti<\/option>\n<option value=\"Zambia\">Zambia<\/option>\n<option value=\"Zimbabwe\">Zimbabue<\/option>\n<\/select>        <\/div>\n        <div class=\"col full-width\">\n          <label for=\"address\" class=\"hidden\">Direcci\u00f3n<\/label>\n          <input type=\"text\" placeholder=\"Direcci\u00f3n *\" name=\"address\" required \/>\n        <\/div>\n        <div class=\"col\">\n          <label for=\"crane-type\" class=\"hidden\">Tipo de gr\u00faa<\/label>\n          <input type=\"text\" placeholder=\"Tipo de gr\u00faa *\" name=\"crane-type\" required \/>\n        <\/div>\n        <div class=\"col\">\n          <label for=\"serial-number\" class=\"hidden\">N\u00famero de serie<\/label>\n          <input type=\"text\" placeholder=\"N\u00famero de serie *\" name=\"serial-number\" required \/>\n        <\/div>\n      <\/div>\n      <fieldset class=\"hidden visible-for-parts-and-retrofit\">\n        <legend>Pedir piezas<\/legend>\n        <div class=\"row\">\n          <div class=\"col\">\n            <label for=\"offer-or-order\" class=\"hidden\">Un pedido o un presupuesto<\/label>\n            <select name=\"offer-or-order\">\n              <option value=\"\">\u00bfUn pedido o un presupuesto?<\/option>\n              <option>Presupuesto<\/option>\n              <option>Pedido<\/option>\n            <\/select>\n          <\/div>\n        <\/div>\n        <fieldset>\n          <legend>Piezas<\/legend>\n          <div class=\"row parts-group\" id=\"parts-group-master\">\n            <div class=\"col\">\n              <label for=\"part-number\" class=\"hidden\">N\u00famero de pieza<\/label>\n              <input type=\"text\" placeholder=\"N\u00famero de pieza\" name=\"part-number\"  \/>\n            <\/div>\n            <div class=\"col\">\n              <label for=\"quantity\" class=\"hidden\">Cantidad<\/label>\n              <input type=\"text\" placeholder=\"Cantidad\" name=\"quantity\"  \/>\n            <\/div>\n          <\/div>\n          <div class=\"row parts-add-button\">\n            <div class=\"col full-width\" style=\"text-align: center;\">\n              <a class=\"btn btn-outline-white\" id=\"add-spare-parts\" href=\"javascript:void(0)\">Agregar m\u00e1s piezas de repuesto<\/a>\n            <\/div>\n          <\/div>\n        <\/fieldset>\n        <div class=\"row\">\n          <div class=\"col full-width\">\n            <label for=\"different-delivery-address\" class=\"hidden\">\u00bfLa direcci\u00f3n de entrega es diferente de la direcci\u00f3n anterior?<\/label>\n            <select name=\"different-delivery-address\" id=\"form-different-delivery-address\">\n              <option value=\"\">\u00bfLa direcci\u00f3n de entrega es diferente de la direcci\u00f3n anterior?<\/option>\n              <option data-selection=\"yes\">S\u00ed<\/option>\n              <option data-selection=\"no\">No<\/option>\n            <\/select>\n          <\/div>\n          <div class=\"col full-width hidden visible-for-different-delivery-address\">\n            <label for=\"delivery-address\" class=\"hidden\">Direcci\u00f3n de entrega<\/label>\n            <input type=\"text\" placeholder=\"Direcci\u00f3n de entrega\" name=\"delivery-address\" \/>\n          <\/div>\n          <div class=\"col full-width\">\n            <div class=\"visible-label\">\n              <label for=\"delivery-date\">Fecha de entrega deseada<\/label>\n              <input type=\"date\" placeholder=\"Fecha de entrega deseada\" name=\"delivery-date\" \/>\n            <\/div>\n          <\/div>\n        <\/div>\n      <\/fieldset>\n      <div class=\"row\">\n        <div class=\"col full-width\">\n          <label for=\"message\" class=\"hidden\">Mensaje<\/label>\n          <textarea placeholder=\"Mensaje\" name=\"message\" ><\/textarea>\n        <\/div>\n        <div class=\"col full-width\">\n            <div class=\"file\">\n                <label for=\"file-1\" class=\"file\">Adjunto (PDF, ZIP o JPG)<\/label>\n                <input type=\"file\" name=\"file-1\" accept=\"image\/*,.pdf,.zip\" \/>\n            <\/div>\n        <\/div>\n        <div class=\"col full-width terms\">\n          <label class=\"terms-checkbox\">\n            <input type=\"checkbox\" name=\"data-protection\" required title=\"Por favor, acepte nuestra declaraci\u00f3n de protecci\u00f3n de datos\" \/>\n            <span class=\"fake-input\"><\/span>\n            <span class=\"fake-label\">Acepto <a target=\"_blank\" href=\"https:\/\/www.tadano.com\/europe\/es\/ventas-y-servicios\/piezas\/piezas-tadano\/\">la pol\u00edtica de privacidad de datos<\/a> con m\u00e1s informaci\u00f3n.*\n            <\/span>\n          <\/label>\n          <span class=\"req\">*Obligatorio\n\n<\/span>\n        <\/div>\n        <div class=\"loader\"><\/div>\n        <div class=\"col full-width btn-holder\">\n          <input type=\"submit\" class=\"btn btn-outline-white\" value=\"Enviar\" name=\"submit_contact_form\" id=\"submit_form\" \/>\n        <\/div>\n      <\/div>\n    <\/form>\n\n\n\n\n  \n\n  <div class=\"form-success\"  >\n    \n\n<h2 class=\"wp-block-heading\">\u00a1gracias!<\/h2>\n\n\n\n<p>Valoramos enormemente sus aportaciones y solicitudes. Nuestro equipo estudiar\u00e1 su mensaje y le responder\u00e1 lo antes posible. De nuevo, \u00a1gracias!<\/p>\n\n\n  <\/div>\n\n<\/div>\n<\/section>\n\n<div class=\"cookieconsent-optout-marketing cookieconsent\" style=\"background-image: url('https:\/\/www.tadano.com\/europe\/wp-content\/themes\/tadano\/assets\/dist\/images\/nocookie_form.jpg');\">\n      <div class=\"wrapper\">\n        <h3>Debe aceptar las cookies de marketing para ver este contenido<\/h3>\n        <a href=\"javascript: Cookiebot.renew()\" class=\"btn btn-outline-white\">aceptar<\/a>\n    <\/div>\n<\/div>","protected":false},"excerpt":{"rendered":"","protected":false},"author":1,"featured_media":0,"parent":11139,"menu_order":0,"comment_status":"closed","ping_status":"closed","template":"","meta":{"_acf_changed":false,"footnotes":""},"acf":[],"yoast_head":"<!-- This site is optimized with the Yoast SEO plugin v22.3 - https:\/\/yoast.com\/wordpress\/plugins\/seo\/ -->\n<title>PIEZAS TADANO - Europe<\/title>\n<meta name=\"robots\" content=\"index, follow, max-snippet:-1, max-image-preview:large, max-video-preview:-1\" \/>\n<link rel=\"canonical\" href=\"https:\/\/www.tadano.com\/europe\/es\/ventas-y-servicios\/piezas\/piezas-tadano\/\" \/>\n<meta property=\"og:locale\" content=\"es_ES\" \/>\n<meta property=\"og:type\" content=\"article\" \/>\n<meta property=\"og:title\" content=\"PIEZAS TADANO - Europe\" \/>\n<meta property=\"og:url\" content=\"https:\/\/www.tadano.com\/europe\/es\/ventas-y-servicios\/piezas\/piezas-tadano\/\" \/>\n<meta property=\"og:site_name\" content=\"Europe\" \/>\n<meta property=\"article:modified_time\" content=\"2021-08-17T12:35:07+00:00\" \/>\n<meta name=\"twitter:card\" content=\"summary_large_image\" \/>\n<meta name=\"twitter:label1\" content=\"Tiempo de lectura\" \/>\n\t<meta name=\"twitter:data1\" content=\"1 minuto\" \/>\n<script type=\"application\/ld+json\" class=\"yoast-schema-graph\">{\"@context\":\"https:\/\/schema.org\",\"@graph\":[{\"@type\":\"WebPage\",\"@id\":\"https:\/\/www.tadano.com\/europe\/es\/ventas-y-servicios\/piezas\/piezas-tadano\/\",\"url\":\"https:\/\/www.tadano.com\/europe\/es\/ventas-y-servicios\/piezas\/piezas-tadano\/\",\"name\":\"PIEZAS TADANO - Europe\",\"isPartOf\":{\"@id\":\"https:\/\/www.tadano.com\/europe\/en\/#website\"},\"datePublished\":\"2021-06-18T07:56:01+00:00\",\"dateModified\":\"2021-08-17T12:35:07+00:00\",\"inLanguage\":\"es\",\"potentialAction\":[{\"@type\":\"ReadAction\",\"target\":[\"https:\/\/www.tadano.com\/europe\/es\/ventas-y-servicios\/piezas\/piezas-tadano\/\"]}]},{\"@type\":\"WebSite\",\"@id\":\"https:\/\/www.tadano.com\/europe\/en\/#website\",\"url\":\"https:\/\/www.tadano.com\/europe\/en\/\",\"name\":\"Europe\",\"description\":\"Just another TADANO EUROPE site\",\"potentialAction\":[{\"@type\":\"SearchAction\",\"target\":{\"@type\":\"EntryPoint\",\"urlTemplate\":\"https:\/\/www.tadano.com\/europe\/en\/?s={search_term_string}\"},\"query-input\":\"required name=search_term_string\"}],\"inLanguage\":\"es\"}]}<\/script>\n<!-- \/ Yoast SEO plugin. -->","yoast_head_json":{"title":"PIEZAS TADANO - Europe","robots":{"index":"index","follow":"follow","max-snippet":"max-snippet:-1","max-image-preview":"max-image-preview:large","max-video-preview":"max-video-preview:-1"},"canonical":"https:\/\/www.tadano.com\/europe\/es\/ventas-y-servicios\/piezas\/piezas-tadano\/","og_locale":"es_ES","og_type":"article","og_title":"PIEZAS TADANO - Europe","og_url":"https:\/\/www.tadano.com\/europe\/es\/ventas-y-servicios\/piezas\/piezas-tadano\/","og_site_name":"Europe","article_modified_time":"2021-08-17T12:35:07+00:00","twitter_card":"summary_large_image","twitter_misc":{"Tiempo de lectura":"1 minuto"},"schema":{"@context":"https:\/\/schema.org","@graph":[{"@type":"WebPage","@id":"https:\/\/www.tadano.com\/europe\/es\/ventas-y-servicios\/piezas\/piezas-tadano\/","url":"https:\/\/www.tadano.com\/europe\/es\/ventas-y-servicios\/piezas\/piezas-tadano\/","name":"PIEZAS TADANO - Europe","isPartOf":{"@id":"https:\/\/www.tadano.com\/europe\/en\/#website"},"datePublished":"2021-06-18T07:56:01+00:00","dateModified":"2021-08-17T12:35:07+00:00","inLanguage":"es","potentialAction":[{"@type":"ReadAction","target":["https:\/\/www.tadano.com\/europe\/es\/ventas-y-servicios\/piezas\/piezas-tadano\/"]}]},{"@type":"WebSite","@id":"https:\/\/www.tadano.com\/europe\/en\/#website","url":"https:\/\/www.tadano.com\/europe\/en\/","name":"Europe","description":"Just another TADANO EUROPE site","potentialAction":[{"@type":"SearchAction","target":{"@type":"EntryPoint","urlTemplate":"https:\/\/www.tadano.com\/europe\/en\/?s={search_term_string}"},"query-input":"required name=search_term_string"}],"inLanguage":"es"}]}},"_links":{"self":[{"href":"https:\/\/www.tadano.com\/europe\/es\/wp-json\/wp\/v2\/pages\/11140"}],"collection":[{"href":"https:\/\/www.tadano.com\/europe\/es\/wp-json\/wp\/v2\/pages"}],"about":[{"href":"https:\/\/www.tadano.com\/europe\/es\/wp-json\/wp\/v2\/types\/page"}],"author":[{"embeddable":true,"href":"https:\/\/www.tadano.com\/europe\/es\/wp-json\/wp\/v2\/users\/1"}],"replies":[{"embeddable":true,"href":"https:\/\/www.tadano.com\/europe\/es\/wp-json\/wp\/v2\/comments?post=11140"}],"version-history":[{"count":0,"href":"https:\/\/www.tadano.com\/europe\/es\/wp-json\/wp\/v2\/pages\/11140\/revisions"}],"up":[{"embeddable":true,"href":"https:\/\/www.tadano.com\/europe\/es\/wp-json\/wp\/v2\/pages\/11139"}],"wp:attachment":[{"href":"https:\/\/www.tadano.com\/europe\/es\/wp-json\/wp\/v2\/media?parent=11140"}],"curies":[{"name":"wp","href":"https:\/\/api.w.org\/{rel}","templated":true}]}}