{"id":11142,"date":"2021-04-15T06:31:11","date_gmt":"2021-04-15T06:31:11","guid":{"rendered":"https:\/\/www.tadano.com\/europe\/ventas-y-servicios\/taller-de-reparacion\/"},"modified":"2025-07-10T12:11:34","modified_gmt":"2025-07-10T12:11:34","slug":"taller-de-reparacion","status":"publish","type":"page","link":"https:\/\/www.tadano.com\/europe\/es\/ventas-y-servicios\/taller-de-reparacion\/","title":{"rendered":"Taller de reparaci\u00f3n"},"content":{"rendered":"\n\n\n<section class=\"hero-section\">\n\n\t\n\t\t\t<style type=\"text\/css\">\n\t\t\t.hero-section .img-holder:before {\n\t\t\t\tdisplay: none;\n\t\t\t}\n\t\t<\/style>\n\t\n\t\n\t<div class=\"img-holder \">\n\t\t\t\t<div class=\"bg-stretch\" style=\"background-position: 50% 50%; \">\n\t\t\t<span data-srcset=\"https:\/\/assets.onetadano.com\/celum_assets\/hero\/Reparaturwerkstatt.jpg, https:\/\/assets.onetadano.com\/celum_assets\/hero-2x\/Reparaturwerkstatt.jpg 2x\"><\/span>\n\t\t<\/div>\n\t\t\t\t\t\t<div class=\"logo green-solutions\" style=\"display:none;\">\n\t\t\t<a href=\"#\"><img decoding=\"async\" src=\"https:\/\/www.tadano.com\/europe\/wp-content\/themes\/tadano\/assets\/dist\/images\/Green-Solutions_Logo_White.svg\"><\/a>\n\t\t<\/div>\n\t<\/div>\n\t<div class=\"container\">\n\t\t<div class=\"text-holder \">\n\t\t\t<div class=\"wrap\">\n\t\t\t\t\n\t\t\t\t<ul class=\"breadcrumbs\"><li><a href=\"https:\/\/www.tadano.com\/europe\/es\/\">Inicio<\/a><\/li><\/ul>\n\t\t\t\t\n\n<h1 class=\"wp-block-heading\">Taller de reparaci\u00f3n<\/h1>\n\n\n\n<p>Conf\u00ede su gr\u00faa a nuestro equipo del taller de reparaci\u00f3n Tadano. Nuestro personal, formado en f\u00e1brica, proteger\u00e1 y conservar\u00e1 su inversi\u00f3n de acuerdo con nuestros elevados est\u00e1ndares de fabricaci\u00f3n.<\/p>\n\n\n\n<div class=\"wp-block-buttons is-layout-flex wp-block-buttons-is-layout-flex\">\n<div class=\"wp-block-button\"><a class=\"wp-block-button__link wp-element-button\" href=\"#contact\">CONT\u00c1CTENOS<\/a><\/div>\n<\/div>\n\n\n\n\t\t\t\t\n\t\t\t<\/div>\n\n\t\t\t\n\t\t\t\n\t\t\t\n\t\t<\/div>\n\t<\/div>\n<\/section>\n\n\n\n\n<div class=\"wp-block-group is-style-background-cyan is-layout-flow wp-block-group-is-layout-flow\"><div class=\"wp-block-group__inner-container\">\n<h2 class=\"wp-block-heading\">LO QUE OFRECEMOS<\/h2>\n\n\n\n<p>Los trabajos de reparaci\u00f3n y mantenimiento, as\u00ed como las conversiones, que nuestro servicio postventa no puede llevar a cabo localmente, se llevan a cabo en nuestras instalacion de Lauf \/ Pegnitz, donde disponemos de un taller especializado excelentemente equipado.<\/p>\n\n\n\n<p>Nuestra experiencia de d\u00e9cadas como fabricantes de gr\u00faas y proveedores de servicios significa que est\u00e1 en las mejores manos. Cada gr\u00faa se somete inicialmente a un examen minucioso en el marco de una inspecci\u00f3n de entrada, realizado por nuestro equipo de encargados. En funci\u00f3n de los resultados, elaboramos una estimaci\u00f3n de costes con precios y plazos vinculantes, que le proporciona m\u00e1xima seguridad y le permite planificar de forma fiable el uso posterior de su gr\u00faa. Los trabajos subsiguientes son realizados exclusivamente por especialistas cualificados que utilizan piezas de recambio originales (est\u00e1ndar del fabricante) que, por supuesto, son siempre de \u00faltima generaci\u00f3n.<\/p>\n\n\n\n\n\n\n\n\n<section class=\"video-block\">\n  <div class=\"video-box\">\n        <a aria-labelledby=\"video-txt\" data-fancybox href=\"https:\/\/youtu.be\/BYSzoODgjJs\" class=\"video\">\n      <span class=\"play-btn\"><\/span>\n              <div class=\"bg-stretch\" >\n          <span data-srcset=\"https:\/\/img.youtube.com\/vi\/BYSzoODgjJs\/hqdefault.jpg, https:\/\/img.youtube.com\/vi\/BYSzoODgjJs\/hqdefault.jpg 2x\"><\/span>\n        <\/div>\n          <\/a>\n    <div class=\"video-txt\">\n                    <a href=\"https:\/\/youtu.be\/BYSzoODgjJs\" class=\"video-link\">Ver ahora<\/a>\n          <\/div>\n  <\/div>\n<\/section><\/div><\/div>\n\n\n<div id=\"contact\"><\/div>\n\n\n\n<section class=\"sales-team hide-background-triangle  \">\n   <div class=\"container\">\n                    <div class=\"section-heading\">\n                <div class=\"heading\">\n                    <h2>SU EQUIPO DE TALLER TADANO<\/h2>\n                <\/div>\n            <\/div>\n              <div class=\"threerow-slider dots-info has-no-images\">\n        <p style=\"color:#fff;\">No contacts found for current region.<\/p>              <\/div>\n   <\/div>\n<\/section>","protected":false},"excerpt":{"rendered":"<p>LO QUE OFRECEMOS Los trabajos de reparaci\u00f3n y mantenimiento, as\u00ed como las conversiones, que nuestro servicio postventa no puede llevar a cabo localmente, se llevan a cabo en nuestras instalacion de Lauf \/ Pegnitz, donde disponemos de un taller especializado excelentemente equipado. Nuestra experiencia de d\u00e9cadas como fabricantes de gr\u00faas y proveedores de servicios significa [&hellip;]<\/p>\n","protected":false},"author":1,"featured_media":0,"parent":11135,"menu_order":0,"comment_status":"closed","ping_status":"closed","template":"","meta":{"_acf_changed":false,"footnotes":""},"acf":[],"yoast_head":"<!-- This site is optimized with the Yoast SEO plugin v22.3 - https:\/\/yoast.com\/wordpress\/plugins\/seo\/ -->\n<title>Taller de reparaci\u00f3n - Europe<\/title>\n<meta name=\"robots\" content=\"index, follow, max-snippet:-1, max-image-preview:large, max-video-preview:-1\" \/>\n<link rel=\"canonical\" href=\"https:\/\/www.tadano.com\/europe\/en\/sales-services\/repair-shop\/\" \/>\n<meta property=\"og:locale\" content=\"es_ES\" \/>\n<meta property=\"og:type\" content=\"article\" \/>\n<meta property=\"og:title\" content=\"Taller de reparaci\u00f3n - Europe\" \/>\n<meta property=\"og:description\" content=\"LO QUE OFRECEMOS Los trabajos de reparaci\u00f3n y mantenimiento, as\u00ed como las conversiones, que nuestro servicio postventa no puede llevar a cabo localmente, se llevan a cabo en nuestras instalacion de Lauf \/ Pegnitz, donde disponemos de un taller especializado excelentemente equipado. Nuestra experiencia de d\u00e9cadas como fabricantes de gr\u00faas y proveedores de servicios significa [&hellip;]\" \/>\n<meta property=\"og:url\" content=\"https:\/\/www.tadano.com\/europe\/en\/sales-services\/repair-shop\/\" \/>\n<meta property=\"og:site_name\" content=\"Europe\" \/>\n<meta property=\"article:modified_time\" content=\"2025-07-10T12:11:34+00:00\" \/>\n<meta name=\"twitter:card\" content=\"summary_large_image\" \/>\n<meta name=\"twitter:label1\" content=\"Tiempo de lectura\" \/>\n\t<meta name=\"twitter:data1\" content=\"2 minutos\" \/>\n<script type=\"application\/ld+json\" class=\"yoast-schema-graph\">{\"@context\":\"https:\/\/schema.org\",\"@graph\":[{\"@type\":\"WebPage\",\"@id\":\"https:\/\/www.tadano.com\/europe\/en\/sales-services\/repair-shop\/\",\"url\":\"https:\/\/www.tadano.com\/europe\/en\/sales-services\/repair-shop\/\",\"name\":\"Taller de reparaci\u00f3n - Europe\",\"isPartOf\":{\"@id\":\"https:\/\/www.tadano.com\/europe\/en\/#website\"},\"datePublished\":\"2021-04-15T06:31:11+00:00\",\"dateModified\":\"2025-07-10T12:11:34+00:00\",\"breadcrumb\":{\"@id\":\"https:\/\/www.tadano.com\/europe\/en\/sales-services\/repair-shop\/#breadcrumb\"},\"inLanguage\":\"es\",\"potentialAction\":[{\"@type\":\"ReadAction\",\"target\":[\"https:\/\/www.tadano.com\/europe\/en\/sales-services\/repair-shop\/\"]}]},{\"@type\":\"BreadcrumbList\",\"@id\":\"https:\/\/www.tadano.com\/europe\/en\/sales-services\/repair-shop\/#breadcrumb\",\"itemListElement\":[{\"@type\":\"ListItem\",\"position\":1,\"name\":\"Ventas y Servicios\",\"item\":\"https:\/\/www.tadano.com\/europe\/es\/ventas-y-servicios\/\"},{\"@type\":\"ListItem\",\"position\":2,\"name\":\"Taller de reparaci\u00f3n\"}]},{\"@type\":\"WebSite\",\"@id\":\"https:\/\/www.tadano.com\/europe\/en\/#website\",\"url\":\"https:\/\/www.tadano.com\/europe\/en\/\",\"name\":\"Europe\",\"description\":\"Just another TADANO EUROPE site\",\"potentialAction\":[{\"@type\":\"SearchAction\",\"target\":{\"@type\":\"EntryPoint\",\"urlTemplate\":\"https:\/\/www.tadano.com\/europe\/en\/?s={search_term_string}\"},\"query-input\":\"required name=search_term_string\"}],\"inLanguage\":\"es\"}]}<\/script>\n<!-- \/ Yoast SEO plugin. -->","yoast_head_json":{"title":"Taller de reparaci\u00f3n - Europe","robots":{"index":"index","follow":"follow","max-snippet":"max-snippet:-1","max-image-preview":"max-image-preview:large","max-video-preview":"max-video-preview:-1"},"canonical":"https:\/\/www.tadano.com\/europe\/en\/sales-services\/repair-shop\/","og_locale":"es_ES","og_type":"article","og_title":"Taller de reparaci\u00f3n - Europe","og_description":"LO QUE OFRECEMOS Los trabajos de reparaci\u00f3n y mantenimiento, as\u00ed como las conversiones, que nuestro servicio postventa no puede llevar a cabo localmente, se llevan a cabo en nuestras instalacion de Lauf \/ Pegnitz, donde disponemos de un taller especializado excelentemente equipado. Nuestra experiencia de d\u00e9cadas como fabricantes de gr\u00faas y proveedores de servicios significa [&hellip;]","og_url":"https:\/\/www.tadano.com\/europe\/en\/sales-services\/repair-shop\/","og_site_name":"Europe","article_modified_time":"2025-07-10T12:11:34+00:00","twitter_card":"summary_large_image","twitter_misc":{"Tiempo de lectura":"2 minutos"},"schema":{"@context":"https:\/\/schema.org","@graph":[{"@type":"WebPage","@id":"https:\/\/www.tadano.com\/europe\/en\/sales-services\/repair-shop\/","url":"https:\/\/www.tadano.com\/europe\/en\/sales-services\/repair-shop\/","name":"Taller de reparaci\u00f3n - Europe","isPartOf":{"@id":"https:\/\/www.tadano.com\/europe\/en\/#website"},"datePublished":"2021-04-15T06:31:11+00:00","dateModified":"2025-07-10T12:11:34+00:00","breadcrumb":{"@id":"https:\/\/www.tadano.com\/europe\/en\/sales-services\/repair-shop\/#breadcrumb"},"inLanguage":"es","potentialAction":[{"@type":"ReadAction","target":["https:\/\/www.tadano.com\/europe\/en\/sales-services\/repair-shop\/"]}]},{"@type":"BreadcrumbList","@id":"https:\/\/www.tadano.com\/europe\/en\/sales-services\/repair-shop\/#breadcrumb","itemListElement":[{"@type":"ListItem","position":1,"name":"Ventas y Servicios","item":"https:\/\/www.tadano.com\/europe\/es\/ventas-y-servicios\/"},{"@type":"ListItem","position":2,"name":"Taller de reparaci\u00f3n"}]},{"@type":"WebSite","@id":"https:\/\/www.tadano.com\/europe\/en\/#website","url":"https:\/\/www.tadano.com\/europe\/en\/","name":"Europe","description":"Just another TADANO EUROPE site","potentialAction":[{"@type":"SearchAction","target":{"@type":"EntryPoint","urlTemplate":"https:\/\/www.tadano.com\/europe\/en\/?s={search_term_string}"},"query-input":"required name=search_term_string"}],"inLanguage":"es"}]}},"_links":{"self":[{"href":"https:\/\/www.tadano.com\/europe\/es\/wp-json\/wp\/v2\/pages\/11142"}],"collection":[{"href":"https:\/\/www.tadano.com\/europe\/es\/wp-json\/wp\/v2\/pages"}],"about":[{"href":"https:\/\/www.tadano.com\/europe\/es\/wp-json\/wp\/v2\/types\/page"}],"author":[{"embeddable":true,"href":"https:\/\/www.tadano.com\/europe\/es\/wp-json\/wp\/v2\/users\/1"}],"replies":[{"embeddable":true,"href":"https:\/\/www.tadano.com\/europe\/es\/wp-json\/wp\/v2\/comments?post=11142"}],"version-history":[{"count":2,"href":"https:\/\/www.tadano.com\/europe\/es\/wp-json\/wp\/v2\/pages\/11142\/revisions"}],"predecessor-version":[{"id":13404,"href":"https:\/\/www.tadano.com\/europe\/es\/wp-json\/wp\/v2\/pages\/11142\/revisions\/13404"}],"up":[{"embeddable":true,"href":"https:\/\/www.tadano.com\/europe\/es\/wp-json\/wp\/v2\/pages\/11135"}],"wp:attachment":[{"href":"https:\/\/www.tadano.com\/europe\/es\/wp-json\/wp\/v2\/media?parent=11142"}],"curies":[{"name":"wp","href":"https:\/\/api.w.org\/{rel}","templated":true}]}}