{"id":10812,"date":"2021-03-19T11:48:58","date_gmt":"2021-03-19T11:48:58","guid":{"rendered":"https:\/\/www.tadano.com\/europe\/ventes-services\/assistance-clientele\/"},"modified":"2024-01-31T09:29:36","modified_gmt":"2024-01-31T09:29:36","slug":"assistance-clientele","status":"publish","type":"page","link":"https:\/\/www.tadano.com\/europe\/fr\/ventes-services\/assistance-clientele\/","title":{"rendered":"Assistance client\u00e8le"},"content":{"rendered":"\n\n\n<section class=\"hero-section\">\n\n\t\n\t\n\t\n\t<div class=\"img-holder \">\n\t\t\t\t<div class=\"bg-stretch\" style=\"background-position: 50% 50%; \">\n\t\t\t<span data-srcset=\"https:\/\/assets.onetadano.com\/celum_assets\/hero\/Tadano_Servicevan.jpg, https:\/\/assets.onetadano.com\/celum_assets\/hero-2x\/Tadano_Servicevan.jpg 2x\"><\/span>\n\t\t<\/div>\n\t\t\t\t\t\t<div class=\"logo green-solutions\" style=\"display:none;\">\n\t\t\t<a href=\"#\"><img decoding=\"async\" src=\"https:\/\/www.tadano.com\/europe\/wp-content\/themes\/tadano\/assets\/dist\/images\/Green-Solutions_Logo_White.svg\"><\/a>\n\t\t<\/div>\n\t<\/div>\n\t<div class=\"container\">\n\t\t<div class=\"text-holder \">\n\t\t\t<div class=\"wrap\">\n\t\t\t\t\n\t\t\t\t<ul class=\"breadcrumbs\"><li><a href=\"https:\/\/www.tadano.com\/europe\/fr\/\">Accueil<\/a><\/li><\/ul>\n\t\t\t\t\n\n<h1 class=\"wp-block-heading\">ASSISTANCE CLIENT\u00c8LE<\/h1>\n\n\n\n<p>Les \u00e9quipes du support client de Tadano sont form\u00e9es de mani\u00e8re polyvalente pour assurer le bon fonctionnement de tous les produits, y compris les techniciens de service form\u00e9s en usine et les techniciens des canaux de distribution.<br><br>Trouvez le distributeur Tadano le plus proche de chez vous.<\/p>\n\n\n\n<div class=\"wp-block-buttons is-layout-flex wp-block-buttons-is-layout-flex\">\n<div id=\"Your-direct\" class=\"wp-block-button\"><a class=\"wp-block-button__link\" href=\"https:\/\/www.tadano.com\/europe\/fr\/ventes-services\/trouver-un-distributeur\/\" rel=\"\">TROUVER UN DISTRIBUTEUR<\/a><\/div>\n<\/div>\n\n\n\n\t\t\t\t\n\t\t\t<\/div>\n\n\t\t\t\n\t\t\t\n\t\t\t\n\t\t<\/div>\n\t<\/div>\n<\/section>\n\n\n<p><\/p>\n","protected":false},"excerpt":{"rendered":"","protected":false},"author":1,"featured_media":0,"parent":10803,"menu_order":0,"comment_status":"closed","ping_status":"closed","template":"","meta":{"_acf_changed":false,"footnotes":""},"acf":[],"yoast_head":"<!-- This site is optimized with the Yoast SEO plugin v22.3 - https:\/\/yoast.com\/wordpress\/plugins\/seo\/ -->\n<title>Assistance client\u00e8le - Europe<\/title>\n<meta name=\"robots\" content=\"index, follow, max-snippet:-1, max-image-preview:large, max-video-preview:-1\" \/>\n<link rel=\"canonical\" href=\"https:\/\/www.tadano.com\/europe\/fr\/ventes-services\/assistance-clientele\/\" \/>\n<meta property=\"og:locale\" content=\"fr_FR\" \/>\n<meta property=\"og:type\" content=\"article\" \/>\n<meta property=\"og:title\" content=\"Assistance client\u00e8le - Europe\" \/>\n<meta property=\"og:url\" content=\"https:\/\/www.tadano.com\/europe\/fr\/ventes-services\/assistance-clientele\/\" \/>\n<meta property=\"og:site_name\" content=\"Europe\" \/>\n<meta property=\"article:modified_time\" content=\"2024-01-31T09:29:36+00:00\" \/>\n<meta name=\"twitter:card\" content=\"summary_large_image\" \/>\n<meta name=\"twitter:label1\" content=\"Dur\u00e9e de lecture estim\u00e9e\" \/>\n\t<meta name=\"twitter:data1\" content=\"1 minute\" \/>\n<script type=\"application\/ld+json\" class=\"yoast-schema-graph\">{\"@context\":\"https:\/\/schema.org\",\"@graph\":[{\"@type\":\"WebPage\",\"@id\":\"https:\/\/www.tadano.com\/europe\/fr\/ventes-services\/assistance-clientele\/\",\"url\":\"https:\/\/www.tadano.com\/europe\/fr\/ventes-services\/assistance-clientele\/\",\"name\":\"Assistance client\u00e8le - Europe\",\"isPartOf\":{\"@id\":\"https:\/\/www.tadano.com\/europe\/en\/#website\"},\"datePublished\":\"2021-03-19T11:48:58+00:00\",\"dateModified\":\"2024-01-31T09:29:36+00:00\",\"breadcrumb\":{\"@id\":\"https:\/\/www.tadano.com\/europe\/fr\/ventes-services\/assistance-clientele\/#breadcrumb\"},\"inLanguage\":\"fr-FR\",\"potentialAction\":[{\"@type\":\"ReadAction\",\"target\":[\"https:\/\/www.tadano.com\/europe\/fr\/ventes-services\/assistance-clientele\/\"]}]},{\"@type\":\"BreadcrumbList\",\"@id\":\"https:\/\/www.tadano.com\/europe\/fr\/ventes-services\/assistance-clientele\/#breadcrumb\",\"itemListElement\":[{\"@type\":\"ListItem\",\"position\":1,\"name\":\"Ventes et Services\",\"item\":\"https:\/\/www.tadano.com\/europe\/fr\/ventes-services\/\"},{\"@type\":\"ListItem\",\"position\":2,\"name\":\"Assistance client\u00e8le\"}]},{\"@type\":\"WebSite\",\"@id\":\"https:\/\/www.tadano.com\/europe\/en\/#website\",\"url\":\"https:\/\/www.tadano.com\/europe\/en\/\",\"name\":\"Europe\",\"description\":\"Just another TADANO EUROPE site\",\"potentialAction\":[{\"@type\":\"SearchAction\",\"target\":{\"@type\":\"EntryPoint\",\"urlTemplate\":\"https:\/\/www.tadano.com\/europe\/en\/?s={search_term_string}\"},\"query-input\":\"required name=search_term_string\"}],\"inLanguage\":\"fr-FR\"}]}<\/script>\n<!-- \/ Yoast SEO plugin. -->","yoast_head_json":{"title":"Assistance client\u00e8le - Europe","robots":{"index":"index","follow":"follow","max-snippet":"max-snippet:-1","max-image-preview":"max-image-preview:large","max-video-preview":"max-video-preview:-1"},"canonical":"https:\/\/www.tadano.com\/europe\/fr\/ventes-services\/assistance-clientele\/","og_locale":"fr_FR","og_type":"article","og_title":"Assistance client\u00e8le - Europe","og_url":"https:\/\/www.tadano.com\/europe\/fr\/ventes-services\/assistance-clientele\/","og_site_name":"Europe","article_modified_time":"2024-01-31T09:29:36+00:00","twitter_card":"summary_large_image","twitter_misc":{"Dur\u00e9e de lecture estim\u00e9e":"1 minute"},"schema":{"@context":"https:\/\/schema.org","@graph":[{"@type":"WebPage","@id":"https:\/\/www.tadano.com\/europe\/fr\/ventes-services\/assistance-clientele\/","url":"https:\/\/www.tadano.com\/europe\/fr\/ventes-services\/assistance-clientele\/","name":"Assistance client\u00e8le - Europe","isPartOf":{"@id":"https:\/\/www.tadano.com\/europe\/en\/#website"},"datePublished":"2021-03-19T11:48:58+00:00","dateModified":"2024-01-31T09:29:36+00:00","breadcrumb":{"@id":"https:\/\/www.tadano.com\/europe\/fr\/ventes-services\/assistance-clientele\/#breadcrumb"},"inLanguage":"fr-FR","potentialAction":[{"@type":"ReadAction","target":["https:\/\/www.tadano.com\/europe\/fr\/ventes-services\/assistance-clientele\/"]}]},{"@type":"BreadcrumbList","@id":"https:\/\/www.tadano.com\/europe\/fr\/ventes-services\/assistance-clientele\/#breadcrumb","itemListElement":[{"@type":"ListItem","position":1,"name":"Ventes et Services","item":"https:\/\/www.tadano.com\/europe\/fr\/ventes-services\/"},{"@type":"ListItem","position":2,"name":"Assistance client\u00e8le"}]},{"@type":"WebSite","@id":"https:\/\/www.tadano.com\/europe\/en\/#website","url":"https:\/\/www.tadano.com\/europe\/en\/","name":"Europe","description":"Just another TADANO EUROPE site","potentialAction":[{"@type":"SearchAction","target":{"@type":"EntryPoint","urlTemplate":"https:\/\/www.tadano.com\/europe\/en\/?s={search_term_string}"},"query-input":"required name=search_term_string"}],"inLanguage":"fr-FR"}]}},"_links":{"self":[{"href":"https:\/\/www.tadano.com\/europe\/fr\/wp-json\/wp\/v2\/pages\/10812"}],"collection":[{"href":"https:\/\/www.tadano.com\/europe\/fr\/wp-json\/wp\/v2\/pages"}],"about":[{"href":"https:\/\/www.tadano.com\/europe\/fr\/wp-json\/wp\/v2\/types\/page"}],"author":[{"embeddable":true,"href":"https:\/\/www.tadano.com\/europe\/fr\/wp-json\/wp\/v2\/users\/1"}],"replies":[{"embeddable":true,"href":"https:\/\/www.tadano.com\/europe\/fr\/wp-json\/wp\/v2\/comments?post=10812"}],"version-history":[{"count":1,"href":"https:\/\/www.tadano.com\/europe\/fr\/wp-json\/wp\/v2\/pages\/10812\/revisions"}],"predecessor-version":[{"id":11577,"href":"https:\/\/www.tadano.com\/europe\/fr\/wp-json\/wp\/v2\/pages\/10812\/revisions\/11577"}],"up":[{"embeddable":true,"href":"https:\/\/www.tadano.com\/europe\/fr\/wp-json\/wp\/v2\/pages\/10803"}],"wp:attachment":[{"href":"https:\/\/www.tadano.com\/europe\/fr\/wp-json\/wp\/v2\/media?parent=10812"}],"curies":[{"name":"wp","href":"https:\/\/api.w.org\/{rel}","templated":true}]}}