{"id":14785,"date":"2025-06-03T12:45:45","date_gmt":"2025-06-03T12:45:45","guid":{"rendered":"https:\/\/www.tadano.com\/europe\/grues-pick-carry\/"},"modified":"2026-04-16T07:25:56","modified_gmt":"2026-04-16T07:25:56","slug":"grues-pick-carry","status":"publish","type":"page","link":"https:\/\/www.tadano.com\/europe\/fr\/grues-pick-carry\/","title":{"rendered":"Grues Pick &amp; Carry (S\u00e9rie Valla)"},"content":{"rendered":"\n\n\n<section class=\"hero-section\">\n\n\t\n\t\n\t\n\t<div class=\"img-holder \">\n\t\t\t\t<div class=\"bg-stretch\" style=\"background-position: 50% 0; \">\n\t\t\t<span data-srcset=\"https:\/\/mediahub.tadano.com\/m\/2887dad556b24189\/hero-img_Tadano_bauma_machines-78.jpg, https:\/\/mediahub.tadano.com\/m\/2887dad556b24189\/hero_2x-img_Tadano_bauma_machines-78.jpg 2x\"><\/span>\n\t\t<\/div>\n\t\t\t\t\t\t<div class=\"logo green-solutions\" style=\"display:none;\">\n\t\t\t<a href=\"#\"><img decoding=\"async\" src=\"https:\/\/www.tadano.com\/europe\/wp-content\/themes\/tadano\/assets\/dist\/images\/Green-Solutions_Logo_White.svg\"><\/a>\n\t\t<\/div>\n\t<\/div>\n\t<div class=\"container\">\n\t\t<div class=\"text-holder \">\n\t\t\t<div class=\"wrap\">\n\t\t\t\t\n\t\t\t\t<ul class=\"breadcrumbs\"><li><a href=\"https:\/\/www.tadano.com\/europe\/fr\/\">Accueil<\/a><\/li><\/ul>\n\t\t\t\t\n\n<h1 class=\"wp-block-heading\">Grues Pick &amp; Carry (S\u00e9rie Valla)<\/h1>\n\n\n\n<p>Les grues \u00e9lectriques pick &amp; carry de Tadano sont con\u00e7ues pour lever et transporter des charges lourdes avec pr\u00e9cision et agilit\u00e9, sans n\u00e9cessiter de stabilisateurs. Con\u00e7ues pour des environnements o\u00f9 l\u2019espace est limit\u00e9 et o\u00f9 les \u00e9missions doivent \u00eatre r\u00e9duites au minimum, ces grues compactes sont id\u00e9ales pour les applications en int\u00e9rieur, les op\u00e9rations industrielles et les chantiers sensibles.<\/p>\n\n\n\n\t\t\t\t\n\t\t\t<\/div>\n\n\t\t\t\n\t\t\t\n\t\t\t\n\t\t<\/div>\n\t<\/div>\n<\/section>\n\n\n<section class=\"product-compare\" id=\"product-compare-1\" style=\"display: none;\">\n\t<div class=\"container\">\n\t\t<h2>Comparer les produits<\/h2>\n\t\t<div class=\"compare-products\">\n\t\t\t<input type=\"hidden\" id=\"current_lang\" value=\"fr\">\n\t\t\t<input type=\"hidden\" id=\"current_site_id\" value=\"16\">\n\t\t\t<input type=\"hidden\" id=\"current_term_id\" value=\"119\">\n\t\t\t<input type=\"hidden\" id=\"compare_group_by_product_groups\" value=\"0\">\n\n\t\t\t\n\t\t\t\t\t\t\t<div class=\"compare-container\">\n\t\t\t\t\t<label for=\"product-1\" class=\"hidden\">S\u00e9lectionner un produit<\/label>\n\t\t\t\t\t<ul id=\"product-1\" class=\"bh-sl-filters\">\n\t\t\t\t\t\t<select class=\"compare-product-select\" data-compare-id=\"1\" >\n\t\t\t\t\t\t\t<option value=\"\">S\u00e9lectionner un produit<\/option>\n\t\t\t\t\t\t\t\t\t\t\t\t\t<\/select>\n\t\t\t\t\t<\/ul>\n\t\t\t\t\t<div class=\"loader result-loader-1\"><\/div>\n\t\t\t\t\t<div class=\"result result-1\"><\/div>\n\t\t\t\t<\/div>\n\t\t\t\t\t\t\t<div class=\"compare-container\">\n\t\t\t\t\t<label for=\"product-2\" class=\"hidden\">S\u00e9lectionner un produit<\/label>\n\t\t\t\t\t<ul id=\"product-2\" class=\"bh-sl-filters\">\n\t\t\t\t\t\t<select class=\"compare-product-select\" data-compare-id=\"2\" >\n\t\t\t\t\t\t\t<option value=\"\">S\u00e9lectionner un produit<\/option>\n\t\t\t\t\t\t\t\t\t\t\t\t\t<\/select>\n\t\t\t\t\t<\/ul>\n\t\t\t\t\t<div class=\"loader result-loader-2\"><\/div>\n\t\t\t\t\t<div class=\"result result-2\"><\/div>\n\t\t\t\t<\/div>\n\t\t\t\t\t<\/div>\n\t<\/div>\n<\/section>\n\n\n\n    <div class=\" \">\n                <input type=\"hidden\" id=\"filterAxles\" value=\"\"\/>\n        <input type=\"hidden\" id=\"filterMaxLoad\" value=\"1\"\/>\n        <input type=\"hidden\" id=\"filterBoomLength\" value=\"\"\/>\n        <input type=\"hidden\" id=\"filterTipHeight\" value=\"\"\/>\n        <input type=\"hidden\" id=\"filterManufacturingYear\" value=\"\"\/>\n        <input type=\"hidden\" id=\"filterCategory\" value=\"\"\/>\n                <input type=\"hidden\" id=\"filterLegacyStatus\" value=\"\"\/>\n        <input type=\"hidden\" id=\"displayFilter\" value=\"1\"\/>\n        <!-- REFINE AREA START -->\n                    <section class=\"filter-refine\">\n                <form action=\"#\">\n                    <div class=\"container\">\n                        <div class=\"left\">\n                                                            <strong class=\"title\">Affiner votre recherche:<\/strong>\n                                                                                        <ul class=\"tabset-filter\">\n                                                                                                                                                        <li><a href=\"#max-load\"><span>Charge max.<\/span><\/a><\/li>\n                                                                                                                                                                                                                        <\/ul>\n                                <div class=\"tab-content product-tab-content\">\n                                                                                                                                                    <div class=\"tab-refine\" id=\"max-load\">\n                                                                                                                                                                                                                                                                            <\/div>\n                                                                                                                                                                                                                    <\/div>\n\n                                \n                            \n\n                        <\/div>\n                        <div class=\"right\">\n                                                        <div class=\"radio\">\n                                                                    <label for=\"met\" class=\"met\">\n                                        <input type=\"radio\" name=\"filterScale\" id=\"met\" value=\"met\">\n                                        <span class=\"fake-radio\"><\/span>\n                                        <span class=\"fake-label\">M\u00e9trique<\/span>\n                                    <\/label>\n                                    <label for=\"imp\" class=\"imp\">\n                                        <input type=\"radio\" name=\"filterScale\" id=\"imp\" value=\"imp\" >\n                                        <span class=\"fake-radio\"><\/span>\n                                        <span class=\"fake-label\">Imp\u00e9rial<\/span>\n                                    <\/label>\n                                    \n                            <\/div>\n                        <\/div>\n                    <\/div>\n                <\/form>\n            <\/section>\n                <!-- REFINE AREA END -->\n\n                <div class=\"all-results \" >\n            <section class=\"filter-content\">\n                <div class=\"container\">\n                    <div class=\"no-results\">\n                        <h2>D\u00e9sol\u00e9, rien n&rsquo;a \u00e9t\u00e9 trouv\u00e9 \ud83d\ude14<\/h2>\n                        <p>Veuillez ajuster votre recherche. <\/p>\n                    <\/div>\n                    <div class=\"wp-block-buttons is-layout-flex wp-block-buttons-is-layout-flex\" style=\"margin-bottom:20px;\"><\/div>            <\/section>\n        <\/div>\n    <\/div>\n\n\n<section class=\"new-products\">\n  <div class=\"container\">\n    <h2>Nouveaux produits<\/h2>\n    <div class=\"new-products-hold\">\n                                  <div class=\"new-product-single\">\n            <a href=\"https:\/\/www.tadano.com\/europe\/fr\/equipements-de-levage\/knuckle-boom-cranes\/tp\/\">\n              <div class=\"img-holder\">\n                                <div class=\"bg-stretch\" >\n                  <span data-srcset=\"https:\/\/mediahub.tadano.com\/m\/4063873e464c3b3e\/employee-img_tadano_pm_20-5TP-2.jpg, https:\/\/mediahub.tadano.com\/m\/4063873e464c3b3e\/employee_2x-img_tadano_pm_20-5TP-2.jpg 2x\"><\/span>\n                <\/div>\n                              <\/div>\n              <div class=\"text-block\">\n                <strong class=\"title\">TP<\/strong>\n                <span class=\"category\">\n                                  <\/span>\n              <\/div>\n            <\/a>\n          <\/div>\n                            <div class=\"new-product-single\">\n            <a href=\"https:\/\/www.tadano.com\/europe\/fr\/equipements-de-levage\/knuckle-boom-cranes\/power-lift\/\">\n              <div class=\"img-holder\">\n                                <div class=\"bg-stretch\" >\n                  <span data-srcset=\"https:\/\/mediahub.tadano.com\/m\/489a021e7fa5619a\/employee-img_tadano_pm_powerlift-2.jpg, https:\/\/mediahub.tadano.com\/m\/489a021e7fa5619a\/employee_2x-img_tadano_pm_powerlift-2.jpg 2x\"><\/span>\n                <\/div>\n                              <\/div>\n              <div class=\"text-block\">\n                <strong class=\"title\">Power Lift<\/strong>\n                <span class=\"category\">\n                                  <\/span>\n              <\/div>\n            <\/a>\n          <\/div>\n                            <div class=\"new-product-single\">\n            <a href=\"https:\/\/www.tadano.com\/europe\/fr\/equipements-de-levage\/knuckle-boom-cranes\/pm-210-sp\/\">\n              <div class=\"img-holder\">\n                                <div class=\"bg-stretch\" >\n                  <span data-srcset=\"https:\/\/mediahub.tadano.com\/m\/aa571748c19cf60\/employee-img_tadano_pm_210SP-4.jpg, https:\/\/mediahub.tadano.com\/m\/aa571748c19cf60\/employee_2x-img_tadano_pm_210SP-4.jpg 2x\"><\/span>\n                <\/div>\n                              <\/div>\n              <div class=\"text-block\">\n                <strong class=\"title\">PM 210 SP<\/strong>\n                <span class=\"category\">\n                                  <\/span>\n              <\/div>\n            <\/a>\n          <\/div>\n                  <\/div>\n  <\/div>\n<\/section>","protected":false},"excerpt":{"rendered":"","protected":false},"author":1,"featured_media":0,"parent":0,"menu_order":0,"comment_status":"closed","ping_status":"closed","template":"","meta":{"_acf_changed":false,"footnotes":""},"acf":[],"yoast_head":"<!-- This site is optimized with the Yoast SEO plugin v22.3 - https:\/\/yoast.com\/wordpress\/plugins\/seo\/ -->\n<title>Grues Pick &amp; Carry (S\u00e9rie Valla) - Europe<\/title>\n<meta name=\"robots\" content=\"index, follow, max-snippet:-1, max-image-preview:large, max-video-preview:-1\" \/>\n<link rel=\"canonical\" href=\"https:\/\/www.tadano.com\/europe\/fr\/grues-pick-carry\/\" \/>\n<meta property=\"og:locale\" content=\"fr_FR\" \/>\n<meta property=\"og:type\" content=\"article\" \/>\n<meta property=\"og:title\" content=\"Grues Pick &amp; Carry (S\u00e9rie Valla) - Europe\" \/>\n<meta property=\"og:url\" content=\"https:\/\/www.tadano.com\/europe\/fr\/grues-pick-carry\/\" \/>\n<meta property=\"og:site_name\" content=\"Europe\" \/>\n<meta property=\"article:modified_time\" content=\"2026-04-16T07:25:56+00:00\" \/>\n<meta name=\"twitter:card\" content=\"summary_large_image\" \/>\n<meta name=\"twitter:label1\" content=\"Dur\u00e9e de lecture estim\u00e9e\" \/>\n\t<meta name=\"twitter:data1\" content=\"1 minute\" \/>\n<script type=\"application\/ld+json\" class=\"yoast-schema-graph\">{\"@context\":\"https:\/\/schema.org\",\"@graph\":[{\"@type\":\"WebPage\",\"@id\":\"https:\/\/www.tadano.com\/europe\/fr\/grues-pick-carry\/\",\"url\":\"https:\/\/www.tadano.com\/europe\/fr\/grues-pick-carry\/\",\"name\":\"Grues Pick &amp; Carry (S\u00e9rie Valla) - Europe\",\"isPartOf\":{\"@id\":\"https:\/\/www.tadano.com\/europe\/en\/#website\"},\"datePublished\":\"2025-06-03T12:45:45+00:00\",\"dateModified\":\"2026-04-16T07:25:56+00:00\",\"inLanguage\":\"fr-FR\",\"potentialAction\":[{\"@type\":\"ReadAction\",\"target\":[\"https:\/\/www.tadano.com\/europe\/fr\/grues-pick-carry\/\"]}]},{\"@type\":\"WebSite\",\"@id\":\"https:\/\/www.tadano.com\/europe\/en\/#website\",\"url\":\"https:\/\/www.tadano.com\/europe\/en\/\",\"name\":\"Europe\",\"description\":\"Just another TADANO EUROPE site\",\"potentialAction\":[{\"@type\":\"SearchAction\",\"target\":{\"@type\":\"EntryPoint\",\"urlTemplate\":\"https:\/\/www.tadano.com\/europe\/en\/?s={search_term_string}\"},\"query-input\":\"required name=search_term_string\"}],\"inLanguage\":\"fr-FR\"}]}<\/script>\n<!-- \/ Yoast SEO plugin. -->","yoast_head_json":{"title":"Grues Pick &amp; Carry (S\u00e9rie Valla) - Europe","robots":{"index":"index","follow":"follow","max-snippet":"max-snippet:-1","max-image-preview":"max-image-preview:large","max-video-preview":"max-video-preview:-1"},"canonical":"https:\/\/www.tadano.com\/europe\/fr\/grues-pick-carry\/","og_locale":"fr_FR","og_type":"article","og_title":"Grues Pick &amp; Carry (S\u00e9rie Valla) - Europe","og_url":"https:\/\/www.tadano.com\/europe\/fr\/grues-pick-carry\/","og_site_name":"Europe","article_modified_time":"2026-04-16T07:25:56+00:00","twitter_card":"summary_large_image","twitter_misc":{"Dur\u00e9e de lecture estim\u00e9e":"1 minute"},"schema":{"@context":"https:\/\/schema.org","@graph":[{"@type":"WebPage","@id":"https:\/\/www.tadano.com\/europe\/fr\/grues-pick-carry\/","url":"https:\/\/www.tadano.com\/europe\/fr\/grues-pick-carry\/","name":"Grues Pick &amp; Carry (S\u00e9rie Valla) - Europe","isPartOf":{"@id":"https:\/\/www.tadano.com\/europe\/en\/#website"},"datePublished":"2025-06-03T12:45:45+00:00","dateModified":"2026-04-16T07:25:56+00:00","inLanguage":"fr-FR","potentialAction":[{"@type":"ReadAction","target":["https:\/\/www.tadano.com\/europe\/fr\/grues-pick-carry\/"]}]},{"@type":"WebSite","@id":"https:\/\/www.tadano.com\/europe\/en\/#website","url":"https:\/\/www.tadano.com\/europe\/en\/","name":"Europe","description":"Just another TADANO EUROPE site","potentialAction":[{"@type":"SearchAction","target":{"@type":"EntryPoint","urlTemplate":"https:\/\/www.tadano.com\/europe\/en\/?s={search_term_string}"},"query-input":"required name=search_term_string"}],"inLanguage":"fr-FR"}]}},"_links":{"self":[{"href":"https:\/\/www.tadano.com\/europe\/fr\/wp-json\/wp\/v2\/pages\/14785"}],"collection":[{"href":"https:\/\/www.tadano.com\/europe\/fr\/wp-json\/wp\/v2\/pages"}],"about":[{"href":"https:\/\/www.tadano.com\/europe\/fr\/wp-json\/wp\/v2\/types\/page"}],"author":[{"embeddable":true,"href":"https:\/\/www.tadano.com\/europe\/fr\/wp-json\/wp\/v2\/users\/1"}],"replies":[{"embeddable":true,"href":"https:\/\/www.tadano.com\/europe\/fr\/wp-json\/wp\/v2\/comments?post=14785"}],"version-history":[{"count":3,"href":"https:\/\/www.tadano.com\/europe\/fr\/wp-json\/wp\/v2\/pages\/14785\/revisions"}],"predecessor-version":[{"id":15203,"href":"https:\/\/www.tadano.com\/europe\/fr\/wp-json\/wp\/v2\/pages\/14785\/revisions\/15203"}],"wp:attachment":[{"href":"https:\/\/www.tadano.com\/europe\/fr\/wp-json\/wp\/v2\/media?parent=14785"}],"curies":[{"name":"wp","href":"https:\/\/api.w.org\/{rel}","templated":true}]}}