{"id":10990,"date":"2021-03-19T10:12:05","date_gmt":"2021-03-19T10:12:05","guid":{"rendered":"https:\/\/www.tadano.com\/europe\/vendite-e-servizi\/ricambi\/"},"modified":"2023-11-14T14:28:56","modified_gmt":"2023-11-14T14:28:56","slug":"ricambi","status":"publish","type":"page","link":"https:\/\/www.tadano.com\/europe\/it\/vendite-e-servizi\/ricambi\/","title":{"rendered":"Ricambi"},"content":{"rendered":"\n\n\n<section class=\"hero-section\">\n\n\t\n\t\t\t<style type=\"text\/css\">\n\t\t\t.hero-section .img-holder:before {\n\t\t\t\tdisplay: none;\n\t\t\t}\n\t\t<\/style>\n\t\n\t\n\t<div class=\"img-holder \">\n\t\t\t\t<div class=\"bg-stretch\" style=\"background-position: 50% 50%; \">\n\t\t\t<span data-srcset=\"https:\/\/assets.onetadano.com\/celum_assets\/hero\/Lager_Lauf_web-2.jpg, https:\/\/assets.onetadano.com\/celum_assets\/hero-2x\/Lager_Lauf_web-2.jpg 2x\"><\/span>\n\t\t<\/div>\n\t\t\t\t\t\t<div class=\"logo green-solutions\" style=\"display:none;\">\n\t\t\t<a href=\"#\"><img decoding=\"async\" src=\"https:\/\/www.tadano.com\/europe\/wp-content\/themes\/tadano\/assets\/dist\/images\/Green-Solutions_Logo_White.svg\"><\/a>\n\t\t<\/div>\n\t<\/div>\n\t<div class=\"container\">\n\t\t<div class=\"text-holder \">\n\t\t\t<div class=\"wrap\">\n\t\t\t\t\n\t\t\t\t<ul class=\"breadcrumbs\"><li><a href=\"https:\/\/www.tadano.com\/europe\/it\/\">Homepage<\/a><\/li><\/ul>\n\t\t\t\t\n\n<h1 class=\"wp-block-heading\">Ricambi<\/h1>\n\n\n\n<p>I nostri ricambi originali per le gru Tadano e Demag aiutano la tua azienda e le tue gru a raggiungere le massime prestazioni. Siamo qui per darti assistenza con un&#8217;eccellente disponibilit\u00e0 di ricambi e una spedizione rapida.<\/p>\n\n\n\n<div class=\"wp-block-buttons is-layout-flex wp-block-buttons-is-layout-flex\">\n<div class=\"wp-block-button\"><a class=\"wp-block-button__link\" href=\"https:\/\/www.tadano.com\/europe\/it\/informazioni\/contatti\/\">Contatti<\/a><\/div>\n<\/div>\n\n\n\n\t\t\t\t\n\t\t\t<\/div>\n\n\t\t\t\n\t\t\t\n\t\t\t\n\t\t<\/div>\n\t<\/div>\n<\/section>\n\n\n<div class=\"wp-block-group is-style-background-cyan is-layout-flow wp-block-group-is-layout-flow\"><div class=\"wp-block-group__inner-container\">\n<h2 class=\"wp-block-heading\">Aiuto diretto<\/h2>\n\n\n\n<p>Siamo qui per garantire che la tua attivit\u00e0 e le tue gru funzionino senza problemi. Tutto ci\u00f2 che devi fare \u00e8 contattare i nostri esperti, che sono disponibili 24 ore al giorno, e riceverai i ricambi originali nel pi\u00f9 breve tempo possibile.<\/p>\n\n\n\n<div class=\"wp-block-columns is-layout-flex wp-container-core-columns-layout-1 wp-block-columns-is-layout-flex\">\n<div class=\"wp-block-column is-layout-flow wp-block-column-is-layout-flow\">\n<p><strong>Prodotti Tadano<\/strong><\/p>\n\n\n\n<div class=\"wp-block-buttons is-layout-flex wp-block-buttons-is-layout-flex\">\n<div class=\"wp-block-button is-style-icon-phone\"><a class=\"wp-block-button__link\" href=\"tel:+4991231855200\">+49 9123 1855 200<\/a><\/div>\n<\/div>\n\n\n\n<div class=\"wp-block-buttons is-layout-flex wp-block-buttons-is-layout-flex\">\n<div class=\"wp-block-button is-style-icon-mail\"><a class=\"wp-block-button__link\" href=\"mailto:parts-sales@tadanofaun.de\">Mail us<\/a><\/div>\n<\/div>\n<\/div>\n\n\n\n<div class=\"wp-block-column is-layout-flow wp-block-column-is-layout-flow\">\n<p><strong>Prodotti Demag<\/strong><\/p>\n\n\n\n<div class=\"wp-block-buttons is-layout-flex wp-block-buttons-is-layout-flex\">\n<div class=\"wp-block-button is-style-icon-phone\"><a class=\"wp-block-button__link\" href=\"tel:+496332831200\">+49 6332 83 1200<\/a><\/div>\n<\/div>\n\n\n\n<div class=\"wp-block-buttons is-layout-flex wp-block-buttons-is-layout-flex\">\n<div class=\"wp-block-button is-style-icon-mail\"><a class=\"wp-block-button__link\" href=\"mailto:tdf.parts@tadano.com\">Mail us<\/a><\/div>\n<\/div>\n<\/div>\n<\/div>\n<\/div><\/div>\n\n\n\n<div style=\"height:59px\" aria-hidden=\"true\" class=\"wp-block-spacer\"><\/div>\n\n\n\n<div class=\"wp-block-columns is-layout-flex wp-container-core-columns-layout-2 wp-block-columns-is-layout-flex\">\n<div class=\"wp-block-column is-layout-flow wp-block-column-is-layout-flow\" style=\"flex-basis:60%\">\n<p><\/p>\n\n\n\n<h2 class=\"wp-block-heading\">Cerca ricambi<\/h2>\n\n\n\n<p>I ricambi originali Tadano e Demag garantiscono che il tuo macchinario continui a funzionare al massimo delle sue prestazioni. I nostri agenti di assistenza e i nostri distributori possono farti arrivare rapidamente i ricambi giusti per ridurre al minimo i tempi di fermo e mantenere la tua produttivit\u00e0.<\/p>\n<\/div>\n\n\n\n<div class=\"wp-block-column is-layout-flow wp-block-column-is-layout-flow\" style=\"flex-basis:40%\"><\/div>\n<\/div>\n\n\n\n<div class=\"wp-block-columns is-layout-flex wp-container-core-columns-layout-3 wp-block-columns-is-layout-flex\">\n<div class=\"wp-block-column is-layout-flow wp-block-column-is-layout-flow\">\n<p>Ordina ricambi per gru multistrada e gru cingolate Demag. <\/p>\n\n\n\n<div style=\"height:29px\" aria-hidden=\"true\" class=\"wp-block-spacer desktop-only\"><\/div>\n\n\n\n<div class=\"wp-block-buttons is-layout-flex wp-block-buttons-is-layout-flex\">\n<div class=\"wp-block-button\"><a class=\"wp-block-button__link\" href=\"https:\/\/parts.tadanoeurope.com\" target=\"_blank\" rel=\"noreferrer noopener\">TADANO WEBSHOP<\/a><\/div>\n<\/div>\n<\/div>\n\n\n\n<div class=\"wp-block-column is-layout-flow wp-block-column-is-layout-flow\">\n<p>Ordina ricambi per gru multistrada, gru cingolate con braccio telescopico, gru su autocarro e gru fuoristrada Tadano.<\/p>\n\n\n\n<div class=\"wp-block-buttons is-layout-flex wp-block-buttons-is-layout-flex\">\n<div class=\"wp-block-button\"><a class=\"wp-block-button__link\" href=\"https:\/\/www.tadano.com\/dach\/it\/ricambi-tadano\/\">Ricambi Tadano<\/a><\/div>\n<\/div>\n<\/div>\n<\/div>\n\n\n\n<h4 class=\"wp-block-heading\">Manuali dei ricambi<\/h4>\n\n\n\n<p>Cerca nei manuali delle nostre gru multistrada e cingolate.<\/p>\n\n\n\n<div class=\"wp-block-columns is-layout-flex wp-container-core-columns-layout-4 wp-block-columns-is-layout-flex\">\n<div class=\"wp-block-column is-layout-flow wp-block-column-is-layout-flow\" style=\"flex-basis:100%\">\n<div class=\"wp-block-buttons is-layout-flex wp-block-buttons-is-layout-flex\">\n<div class=\"wp-block-button\"><a class=\"wp-block-button__link\" href=\"https:\/\/spareparts.tadanoeurope.com\/catalog\/\" target=\"_blank\" rel=\"noreferrer noopener\">Prodotti Demag<\/a><\/div>\n\n\n\n<div class=\"wp-block-button\"><a class=\"wp-block-button__link\" href=\"https:\/\/spareparts.tadanoeurope.com\/catalogmlm\/\" target=\"_blank\" rel=\"noreferrer noopener\">Prodotti PPM (FRANCIA)<\/a><\/div>\n<\/div>\n\n\n\n<p><\/p>\n<\/div>\n<\/div>\n","protected":false},"excerpt":{"rendered":"<p>Aiuto diretto Siamo qui per garantire che la tua attivit\u00e0 e le tue gru funzionino senza problemi. Tutto ci\u00f2 che devi fare \u00e8 contattare i nostri esperti, che sono disponibili 24 ore al giorno, e riceverai i ricambi originali nel pi\u00f9 breve tempo possibile. Prodotti Tadano Prodotti Demag Cerca ricambi I ricambi originali Tadano e [&hellip;]<\/p>\n","protected":false},"author":1,"featured_media":0,"parent":10838,"menu_order":0,"comment_status":"closed","ping_status":"closed","template":"","meta":{"_acf_changed":false,"footnotes":""},"acf":[],"yoast_head":"<!-- This site is optimized with the Yoast SEO plugin v22.3 - https:\/\/yoast.com\/wordpress\/plugins\/seo\/ -->\n<title>Ricambi - Europe<\/title>\n<meta name=\"robots\" content=\"index, follow, max-snippet:-1, max-image-preview:large, max-video-preview:-1\" \/>\n<link rel=\"canonical\" href=\"https:\/\/www.tadano.com\/europe\/it\/vendite-e-servizi\/ricambi\/\" \/>\n<meta property=\"og:locale\" content=\"it_IT\" \/>\n<meta property=\"og:type\" content=\"article\" \/>\n<meta property=\"og:title\" content=\"Ricambi - Europe\" \/>\n<meta property=\"og:description\" content=\"Aiuto diretto Siamo qui per garantire che la tua attivit\u00e0 e le tue gru funzionino senza problemi. Tutto ci\u00f2 che devi fare \u00e8 contattare i nostri esperti, che sono disponibili 24 ore al giorno, e riceverai i ricambi originali nel pi\u00f9 breve tempo possibile. Prodotti Tadano Prodotti Demag Cerca ricambi I ricambi originali Tadano e [&hellip;]\" \/>\n<meta property=\"og:url\" content=\"https:\/\/www.tadano.com\/europe\/it\/vendite-e-servizi\/ricambi\/\" \/>\n<meta property=\"og:site_name\" content=\"Europe\" \/>\n<meta property=\"article:modified_time\" content=\"2023-11-14T14:28:56+00:00\" \/>\n<meta name=\"twitter:card\" content=\"summary_large_image\" \/>\n<meta name=\"twitter:label1\" content=\"Tempo di lettura stimato\" \/>\n\t<meta name=\"twitter:data1\" content=\"1 minuto\" \/>\n<script type=\"application\/ld+json\" class=\"yoast-schema-graph\">{\"@context\":\"https:\/\/schema.org\",\"@graph\":[{\"@type\":\"WebPage\",\"@id\":\"https:\/\/www.tadano.com\/europe\/it\/vendite-e-servizi\/ricambi\/\",\"url\":\"https:\/\/www.tadano.com\/europe\/it\/vendite-e-servizi\/ricambi\/\",\"name\":\"Ricambi - Europe\",\"isPartOf\":{\"@id\":\"https:\/\/www.tadano.com\/europe\/en\/#website\"},\"datePublished\":\"2021-03-19T10:12:05+00:00\",\"dateModified\":\"2023-11-14T14:28:56+00:00\",\"breadcrumb\":{\"@id\":\"https:\/\/www.tadano.com\/europe\/it\/vendite-e-servizi\/ricambi\/#breadcrumb\"},\"inLanguage\":\"it-IT\",\"potentialAction\":[{\"@type\":\"ReadAction\",\"target\":[\"https:\/\/www.tadano.com\/europe\/it\/vendite-e-servizi\/ricambi\/\"]}]},{\"@type\":\"BreadcrumbList\",\"@id\":\"https:\/\/www.tadano.com\/europe\/it\/vendite-e-servizi\/ricambi\/#breadcrumb\",\"itemListElement\":[{\"@type\":\"ListItem\",\"position\":1,\"name\":\"Vendite e Servizi\",\"item\":\"https:\/\/www.tadano.com\/europe\/it\/vendite-e-servizi\/\"},{\"@type\":\"ListItem\",\"position\":2,\"name\":\"Ricambi\"}]},{\"@type\":\"WebSite\",\"@id\":\"https:\/\/www.tadano.com\/europe\/en\/#website\",\"url\":\"https:\/\/www.tadano.com\/europe\/en\/\",\"name\":\"Europe\",\"description\":\"Just another TADANO EUROPE site\",\"potentialAction\":[{\"@type\":\"SearchAction\",\"target\":{\"@type\":\"EntryPoint\",\"urlTemplate\":\"https:\/\/www.tadano.com\/europe\/en\/?s={search_term_string}\"},\"query-input\":\"required name=search_term_string\"}],\"inLanguage\":\"it-IT\"}]}<\/script>\n<!-- \/ Yoast SEO plugin. -->","yoast_head_json":{"title":"Ricambi - Europe","robots":{"index":"index","follow":"follow","max-snippet":"max-snippet:-1","max-image-preview":"max-image-preview:large","max-video-preview":"max-video-preview:-1"},"canonical":"https:\/\/www.tadano.com\/europe\/it\/vendite-e-servizi\/ricambi\/","og_locale":"it_IT","og_type":"article","og_title":"Ricambi - Europe","og_description":"Aiuto diretto Siamo qui per garantire che la tua attivit\u00e0 e le tue gru funzionino senza problemi. Tutto ci\u00f2 che devi fare \u00e8 contattare i nostri esperti, che sono disponibili 24 ore al giorno, e riceverai i ricambi originali nel pi\u00f9 breve tempo possibile. Prodotti Tadano Prodotti Demag Cerca ricambi I ricambi originali Tadano e [&hellip;]","og_url":"https:\/\/www.tadano.com\/europe\/it\/vendite-e-servizi\/ricambi\/","og_site_name":"Europe","article_modified_time":"2023-11-14T14:28:56+00:00","twitter_card":"summary_large_image","twitter_misc":{"Tempo di lettura stimato":"1 minuto"},"schema":{"@context":"https:\/\/schema.org","@graph":[{"@type":"WebPage","@id":"https:\/\/www.tadano.com\/europe\/it\/vendite-e-servizi\/ricambi\/","url":"https:\/\/www.tadano.com\/europe\/it\/vendite-e-servizi\/ricambi\/","name":"Ricambi - Europe","isPartOf":{"@id":"https:\/\/www.tadano.com\/europe\/en\/#website"},"datePublished":"2021-03-19T10:12:05+00:00","dateModified":"2023-11-14T14:28:56+00:00","breadcrumb":{"@id":"https:\/\/www.tadano.com\/europe\/it\/vendite-e-servizi\/ricambi\/#breadcrumb"},"inLanguage":"it-IT","potentialAction":[{"@type":"ReadAction","target":["https:\/\/www.tadano.com\/europe\/it\/vendite-e-servizi\/ricambi\/"]}]},{"@type":"BreadcrumbList","@id":"https:\/\/www.tadano.com\/europe\/it\/vendite-e-servizi\/ricambi\/#breadcrumb","itemListElement":[{"@type":"ListItem","position":1,"name":"Vendite e Servizi","item":"https:\/\/www.tadano.com\/europe\/it\/vendite-e-servizi\/"},{"@type":"ListItem","position":2,"name":"Ricambi"}]},{"@type":"WebSite","@id":"https:\/\/www.tadano.com\/europe\/en\/#website","url":"https:\/\/www.tadano.com\/europe\/en\/","name":"Europe","description":"Just another TADANO EUROPE site","potentialAction":[{"@type":"SearchAction","target":{"@type":"EntryPoint","urlTemplate":"https:\/\/www.tadano.com\/europe\/en\/?s={search_term_string}"},"query-input":"required name=search_term_string"}],"inLanguage":"it-IT"}]}},"_links":{"self":[{"href":"https:\/\/www.tadano.com\/europe\/it\/wp-json\/wp\/v2\/pages\/10990"}],"collection":[{"href":"https:\/\/www.tadano.com\/europe\/it\/wp-json\/wp\/v2\/pages"}],"about":[{"href":"https:\/\/www.tadano.com\/europe\/it\/wp-json\/wp\/v2\/types\/page"}],"author":[{"embeddable":true,"href":"https:\/\/www.tadano.com\/europe\/it\/wp-json\/wp\/v2\/users\/1"}],"replies":[{"embeddable":true,"href":"https:\/\/www.tadano.com\/europe\/it\/wp-json\/wp\/v2\/comments?post=10990"}],"version-history":[{"count":1,"href":"https:\/\/www.tadano.com\/europe\/it\/wp-json\/wp\/v2\/pages\/10990\/revisions"}],"predecessor-version":[{"id":11194,"href":"https:\/\/www.tadano.com\/europe\/it\/wp-json\/wp\/v2\/pages\/10990\/revisions\/11194"}],"up":[{"embeddable":true,"href":"https:\/\/www.tadano.com\/europe\/it\/wp-json\/wp\/v2\/pages\/10838"}],"wp:attachment":[{"href":"https:\/\/www.tadano.com\/europe\/it\/wp-json\/wp\/v2\/media?parent=10990"}],"curies":[{"name":"wp","href":"https:\/\/api.w.org\/{rel}","templated":true}]}}