{"id":10991,"date":"2021-06-18T07:56:01","date_gmt":"2021-06-18T07:56:01","guid":{"rendered":"https:\/\/www.tadano.com\/europe\/vendite-e-servizi\/ricambi\/ricambi-tadano\/"},"modified":"2021-08-17T12:34:55","modified_gmt":"2021-08-17T12:34:55","slug":"ricambi-tadano","status":"publish","type":"page","link":"https:\/\/www.tadano.com\/europe\/it\/vendite-e-servizi\/ricambi\/ricambi-tadano\/","title":{"rendered":"Ricambi Tadano"},"content":{"rendered":"\n\n\n<section class=\"hero-section-alt2\">\n\n\t\n\t\t\t<style type=\"text\/css\">\n\t\t\t.hero-section .img-holder:before {\n\t\t\t\tdisplay: none;\n\t\t\t}\n\t\t<\/style>\n\t\n\t\n\t<div class=\"img-holder \">\n\t\t\t\t<div class=\"bg-stretch\" style=\"background-position: 50% 50%; \">\n\t\t\t<span data-srcset=\"https:\/\/assets.onetadano.com\/celum_assets\/hero\/Lager_Lauf_web-2.jpg, https:\/\/assets.onetadano.com\/celum_assets\/hero-2x\/Lager_Lauf_web-2.jpg 2x\"><\/span>\n\t\t<\/div>\n\t\t\t\t\t\t<div class=\"logo green-solutions\" style=\"display:none;\">\n\t\t\t<a href=\"#\"><img decoding=\"async\" src=\"https:\/\/www.tadano.com\/europe\/wp-content\/themes\/tadano\/assets\/dist\/images\/Green-Solutions_Logo_White.svg\"><\/a>\n\t\t<\/div>\n\t<\/div>\n\t<div class=\"container\">\n\t\t<div class=\"text-holder \">\n\t\t\t<div class=\"wrap\">\n\t\t\t\t\n\t\t\t\t<ul class=\"breadcrumbs\"><li><a href=\"https:\/\/www.tadano.com\/europe\/it\/\">Homepage<\/a><\/li><\/ul>\n\t\t\t\t\n\n<h1 class=\"wp-block-heading\">Ricambi Tadano<\/h1>\n\n\n\n<p>Siamo qui per garantire che la tua attivit\u00e0 e le tue gru funzionino senza problemi. Tutto ci\u00f2 che devi fare \u00e8 contattare i nostri esperti, che sono disponibili 24 ore al giorno, e riceverai i ricambi originali nel pi\u00f9 breve tempo possibile.<\/p>\n\n\n\n\t\t\t\t\n\t\t\t<\/div>\n\n\t\t\t\n\t\t\t\n\t\t\t\n\t\t<\/div>\n\t<\/div>\n<\/section>\n\n\n<script type=\"text\/javascript\">\n\n  const pardotURL = 'https:\/\/info.tadanoeurope.com\/l\/761063\/2021-04-26\/dvq4g';\n\n<\/script>\n\n<section class=\"contact-form-block form-block cookieconsent-optin-marketing\" id=\"contact-form-container\">\n  <div class=\"container\">\n\n   <div class=\"section-heading\">\n    <h2 class=\"form-title\">Mettiti in contatto con noi<\/h2>\n  <\/div>\n\n\n\n  \n    <script type=\"text\/javascript\">\n      var recaptchaPublicKey = '6LcJ044oAAAAAHa4a1TbHqHq3jD3KyKSubByLS51';\n      const formRequiredMessage = 'Questo campo \u00e8 richiesto';\n      var formRecipient = 'parts-sales@tadanofaun.de';\n      var formSubject = 'Contact Form';\n    <\/script>\n\n    <script src=\"https:\/\/www.google.com\/recaptcha\/api.js?render=6LcJ044oAAAAAHa4a1TbHqHq3jD3KyKSubByLS51\"><\/script>\n\n\n    <form class=\"contact-form\" action=\"#contact-form-container\" method=\"POST\" enctype=\"multipart\/form-data\" id=\"contact-form\" onsubmit=\"dataLayer.push({'event': 'formSubmission'});\">\n      <div class=\"row\">\n        <div class=\"col\">\n          <label for=\"type-request\" class=\"hidden\">Tipo di richiesta *<\/label>\n          <select id=\"form-type-request\" name=\"request-type\" required>\n            <option value=\"\">Tipo di richiesta *<\/option>\n            <option data-selection=\"enable-order-retrofit\">Ordina ricambi<\/option>\n            <option data-selection=\"enable-order-retrofit\">Retrofit<\/option>\n            <option>Documentazione<\/option>\n            <option data-selection=\"others\">Altri<\/option>\n          <\/select>\n        <\/div>\n        <div class=\"col\"><\/div>\n      <\/div>\n      <div class=\"row\">\n        <div class=\"col\">\n          <label for=\"f-name\" class=\"hidden\">Nome<\/label>\n          <input type=\"text\" placeholder=\"Nome *\" name=\"first-name\" required \/>\n        <\/div>\n        <div class=\"col\">\n          <label for=\"l-name\" class=\"hidden\">Cognome<\/label>\n          <input type=\"text\" placeholder=\"Cognome *\" name=\"last-name\" required \/>\n        <\/div>\n        <div class=\"col\">\n          <label for=\"e-address\" class=\"hidden\">Indirizzo e-mail<\/label>\n          <input type=\"email\" placeholder=\"Indirizzo e-mail *\" name=\"email\" required \/>\n        <\/div>\n        <div class=\"col\">\n          <label for=\"tel\" class=\"hidden\">Telefono<\/label>\n          <input type=\"tel\" placeholder=\"Telefono *\" name=\"phone\" required \/>\n        <\/div>\n        <div class=\"col\">\n          <label for=\"company\" class=\"hidden\">Azienda<\/label>\n          <input type=\"text\" placeholder=\"Azienda *\" name=\"company\" required\/>\n        <\/div>\n        <div class=\"col\">\n          <label for=\"country\" class=\"hidden\">Paese *<\/label><select required name=\"country\"><option value=\"\">Paese *<\/option><option value=\"Afghanistan\">Afghanistan<\/option>\n<option value=\"Albania\">Albania<\/option>\n<option value=\"Algeria\">Algeria<\/option>\n<option value=\"Andorra\">Andorra<\/option>\n<option value=\"Angola\">Angola<\/option>\n<option value=\"Antigua and Barbuda\">Antigua e Barbuda<\/option>\n<option value=\"Saudi Arabia\">Arabia Saudita<\/option>\n<option value=\"Argentina\">Argentina<\/option>\n<option value=\"Armenia\">Armenia<\/option>\n<option value=\"Australia\">Australia<\/option>\n<option value=\"Austria\">Austria<\/option>\n<option value=\"Azerbaijan\">Azerbaigian<\/option>\n<option value=\"Bahamas\">Bahamas<\/option>\n<option value=\"Bahrain\">Bahrein<\/option>\n<option value=\"Bangladesh\">Bangladesh<\/option>\n<option value=\"Barbados\">Barbados<\/option>\n<option value=\"Belgium\">Belgio<\/option>\n<option value=\"Belize\">Belize<\/option>\n<option value=\"Benin\">Benin<\/option>\n<option value=\"Bhutan\">Bhutan<\/option>\n<option value=\"Belarus\">Bielorussia<\/option>\n<option value=\"Myanmar\">Birmania<\/option>\n<option value=\"Bolivia (Plurinational State of)\">Bolivia<\/option>\n<option value=\"Bosnia and Herzegovina\">Bosnia ed Erzegovina<\/option>\n<option value=\"Botswana\">Botswana<\/option>\n<option value=\"Brazil\">Brasile<\/option>\n<option value=\"Brunei Darussalam\">Brunei<\/option>\n<option value=\"Bulgaria\">Bulgaria<\/option>\n<option value=\"Burkina Faso\">Burkina Faso<\/option>\n<option value=\"Burundi\">Burundi<\/option>\n<option value=\"Cambodia\">Cambogia<\/option>\n<option value=\"Cameroon\">Camerun<\/option>\n<option value=\"Canada\">Canada<\/option>\n<option value=\"Cabo Verde\">Capo Verde<\/option>\n<option value=\"Chad\">Ciad<\/option>\n<option value=\"Chile\">Cile<\/option>\n<option value=\"China\">Cina<\/option>\n<option value=\"Cyprus\">Cipro<\/option>\n<option value=\"Colombia\">Colombia<\/option>\n<option value=\"Comoros\">Comore<\/option>\n<option value=\"Korea, Democratic People&#039;s Republic of\">Corea del Nord<\/option>\n<option value=\"Korea, Republic of\">Corea del Sud<\/option>\n<option value=\"C\u00f4te d&#039;Ivoire\">Costa d&#039;Avorio<\/option>\n<option value=\"Costa Rica\">Costa Rica<\/option>\n<option value=\"Croatia\">Croazia<\/option>\n<option value=\"Cuba\">Cuba<\/option>\n<option value=\"Denmark\">Danimarca<\/option>\n<option value=\"Dominica\">Dominica<\/option>\n<option value=\"Ecuador\">Ecuador<\/option>\n<option value=\"Egypt\">Egitto<\/option>\n<option value=\"El Salvador\">El Salvador<\/option>\n<option value=\"United Arab Emirates\">Emirati Arabi Uniti<\/option>\n<option value=\"Eritrea\">Eritrea<\/option>\n<option value=\"Estonia\">Estonia<\/option>\n<option value=\"Ethiopia\">Etiopia<\/option>\n<option value=\"Fiji\">Figi<\/option>\n<option value=\"Philippines\">Filippine<\/option>\n<option value=\"Finland\">Finlandia<\/option>\n<option value=\"France\">Francia<\/option>\n<option value=\"Gabon\">Gabon<\/option>\n<option value=\"Gambia\">Gambia<\/option>\n<option value=\"Georgia\">Georgia<\/option>\n<option value=\"Germany\">Germania<\/option>\n<option value=\"Ghana\">Ghana<\/option>\n<option value=\"Jamaica\">Giamaica<\/option>\n<option value=\"Japan\">Giappone<\/option>\n<option value=\"Djibouti\">Gibuti<\/option>\n<option value=\"Jordan\">Giordania<\/option>\n<option value=\"Greece\">Grecia<\/option>\n<option value=\"Grenada\">Grenada<\/option>\n<option value=\"Guatemala\">Guatemala<\/option>\n<option value=\"Guinea\">Guinea<\/option>\n<option value=\"Equatorial Guinea\">Guinea Equatoriale<\/option>\n<option value=\"Guinea-Bissau\">Guinea-Bissau<\/option>\n<option value=\"Guyana\">Guyana<\/option>\n<option value=\"Haiti\">Haiti<\/option>\n<option value=\"Honduras\">Honduras<\/option>\n<option value=\"India\">India<\/option>\n<option value=\"Indonesia\">Indonesia<\/option>\n<option value=\"Iran, Islamic Republic of\">Iran<\/option>\n<option value=\"Iraq\">Iraq<\/option>\n<option value=\"Ireland\">Irlanda<\/option>\n<option value=\"Iceland\">Islanda<\/option>\n<option value=\"Marshall Islands\">Isole Marshall<\/option>\n<option value=\"Solomon Islands\">Isole Salomone<\/option>\n<option value=\"Israel\">Israele<\/option>\n<option value=\"Italy\">Italia<\/option>\n<option value=\"Kazakhstan\">Kazakistan<\/option>\n<option value=\"Kenya\">Kenya<\/option>\n<option value=\"Kyrgyzstan\">Kirghizistan<\/option>\n<option value=\"Kiribati\">Kiribati<\/option>\n<option value=\"Kuwait\">Kuwait<\/option>\n<option value=\"Lao People&#039;s Democratic Republic\">Laos<\/option>\n<option value=\"Lesotho\">Lesotho<\/option>\n<option value=\"Latvia\">Lettonia<\/option>\n<option value=\"Lebanon\">Libano<\/option>\n<option value=\"Liberia\">Liberia<\/option>\n<option value=\"Libya\">Libia<\/option>\n<option value=\"Liechtenstein\">Liechtenstein<\/option>\n<option value=\"Lithuania\">Lituania<\/option>\n<option value=\"Luxembourg\">Lussemburgo<\/option>\n<option value=\"North Macedonia\">Macedonia del Nord<\/option>\n<option value=\"Madagascar\">Madagascar<\/option>\n<option value=\"Malawi\">Malawi<\/option>\n<option value=\"Malaysia\">Malaysia<\/option>\n<option value=\"Maldives\">Maldive<\/option>\n<option value=\"Mali\">Mali<\/option>\n<option value=\"Malta\">Malta<\/option>\n<option value=\"Morocco\">Marocco<\/option>\n<option value=\"Mauritania\">Mauritania<\/option>\n<option value=\"Mauritius\">Mauritius<\/option>\n<option value=\"Mexico\">Messico<\/option>\n<option value=\"Micronesia (Federated States of)\">Micronesia<\/option>\n<option value=\"Moldova (the Republic of)\">Moldavia<\/option>\n<option value=\"Monaco\">Monaco<\/option>\n<option value=\"Mongolia\">Mongolia<\/option>\n<option value=\"Montenegro\">Montenegro<\/option>\n<option value=\"Mozambique\">Mozambico<\/option>\n<option value=\"Namibia\">Namibia<\/option>\n<option value=\"Nauru\">Nauru<\/option>\n<option value=\"Nepal\">Nepal<\/option>\n<option value=\"Nicaragua\">Nicaragua<\/option>\n<option value=\"Niger\">Niger<\/option>\n<option value=\"Nigeria\">Nigeria<\/option>\n<option value=\"Norway\">Norvegia<\/option>\n<option value=\"New Zealand\">Nuova Zelanda<\/option>\n<option value=\"Oman\">Oman<\/option>\n<option value=\"Netherlands\">Paesi Bassi<\/option>\n<option value=\"Pakistan\">Pakistan<\/option>\n<option value=\"Palau\">Palau<\/option>\n<option value=\"Panama\">Panama<\/option>\n<option value=\"Papua New Guinea\">Papua Nuova Guinea<\/option>\n<option value=\"Paraguay\">Paraguay<\/option>\n<option value=\"Peru\">Per\u00f9<\/option>\n<option value=\"Poland\">Polonia<\/option>\n<option value=\"Portugal\">Portogallo<\/option>\n<option value=\"Qatar\">Qatar<\/option>\n<option value=\"Congo, Democratic Republic of the\">RD del Congo<\/option>\n<option value=\"United Kingdom\">Regno Unito<\/option>\n<option value=\"Czech Republic\">Rep. Ceca<\/option>\n<option value=\"Central African Republic\">Rep. Centrafricana<\/option>\n<option value=\"Congo\">Rep. del Congo<\/option>\n<option value=\"Dominican Republic\">Rep. Dominicana<\/option>\n<option value=\"Romania\">Romania<\/option>\n<option value=\"Rwanda\">Ruanda<\/option>\n<option value=\"Russian Federation\">Russia<\/option>\n<option value=\"Saint Kitts and Nevis\">Saint Kitts e Nevis<\/option>\n<option value=\"Saint Lucia\">Saint Lucia<\/option>\n<option value=\"Saint Vincent and the Grenadines\">Saint Vincent e Grenadine<\/option>\n<option value=\"Samoa\">Samoa<\/option>\n<option value=\"San Marino\">San Marino<\/option>\n<option value=\"Senegal\">Senegal<\/option>\n<option value=\"Serbia &amp; Montenegro\">Serbia<\/option>\n<option value=\"Seychelles\">Seychelles<\/option>\n<option value=\"Sierra Leone\">Sierra Leone<\/option>\n<option value=\"Singapore\">Singapore<\/option>\n<option value=\"Syrian Arab Republic\">Siria<\/option>\n<option value=\"Slovakia\">Slovacchia<\/option>\n<option value=\"Slovenia\">Slovenia<\/option>\n<option value=\"Somalia\">Somalia<\/option>\n<option value=\"Spain\">Spagna<\/option>\n<option value=\"Sri Lanka\">Sri Lanka<\/option>\n<option value=\"United States\">Stati Uniti<\/option>\n<option value=\"South Africa\">Sudafrica<\/option>\n<option value=\"Sudan\">Sudan<\/option>\n<option value=\"South Sudan\">Sudan del Sud<\/option>\n<option value=\"Suriname\">Suriname<\/option>\n<option value=\"Sweden\">Svezia<\/option>\n<option value=\"Switzerland\">Svizzera<\/option>\n<option value=\"Eswatini\">Swaziland<\/option>\n<option value=\"Sao Tome and Principe\">S\u00e3o Tom\u00e9 e Pr\u00edncipe<\/option>\n<option value=\"Tajikistan\">Tagikistan<\/option>\n<option value=\"Tanzania\">Tanzania<\/option>\n<option value=\"Thailand\">Thailandia<\/option>\n<option value=\"Timor-Leste\">Timor Est<\/option>\n<option value=\"Togo\">Togo<\/option>\n<option value=\"Tonga\">Tonga<\/option>\n<option value=\"Trinidad and Tobago\">Trinidad e Tobago<\/option>\n<option value=\"Tunisia\">Tunisia<\/option>\n<option value=\"Turkey\">Turchia<\/option>\n<option value=\"Turkmenistan\">Turkmenistan<\/option>\n<option value=\"Tuvalu\">Tuvalu<\/option>\n<option value=\"Ukraine\">Ucraina<\/option>\n<option value=\"Uganda\">Uganda<\/option>\n<option value=\"Hungary\">Ungheria<\/option>\n<option value=\"Uruguay\">Uruguay<\/option>\n<option value=\"Uzbekistan\">Uzbekistan<\/option>\n<option value=\"Vanuatu\">Vanuatu<\/option>\n<option value=\"Venezuela, Bolivarian Republic of\">Venezuela<\/option>\n<option value=\"Viet Nam\">Vietnam<\/option>\n<option value=\"Yemen\">Yemen<\/option>\n<option value=\"Zambia\">Zambia<\/option>\n<option value=\"Zimbabwe\">Zimbabwe<\/option>\n<\/select>        <\/div>\n        <div class=\"col full-width\">\n          <label for=\"address\" class=\"hidden\">Indirizzo<\/label>\n          <input type=\"text\" placeholder=\"Indirizzo *\" name=\"address\" required \/>\n        <\/div>\n        <div class=\"col\">\n          <label for=\"crane-type\" class=\"hidden\">Tipo di gru<\/label>\n          <input type=\"text\" placeholder=\"Tipo di gru *\" name=\"crane-type\" required \/>\n        <\/div>\n        <div class=\"col\">\n          <label for=\"serial-number\" class=\"hidden\">Numero di serie<\/label>\n          <input type=\"text\" placeholder=\"Numero di serie *\" name=\"serial-number\" required \/>\n        <\/div>\n      <\/div>\n      <fieldset class=\"hidden visible-for-parts-and-retrofit\">\n        <legend>Ordina ricambi<\/legend>\n        <div class=\"row\">\n          <div class=\"col\">\n            <label for=\"offer-or-order\" class=\"hidden\">Un ordine o un preventivo<\/label>\n            <select name=\"offer-or-order\">\n              <option value=\"\">Un ordine o un preventivo?<\/option>\n              <option>Preventivo<\/option>\n              <option>Ordine<\/option>\n            <\/select>\n          <\/div>\n        <\/div>\n        <fieldset>\n          <legend>Ricambi<\/legend>\n          <div class=\"row parts-group\" id=\"parts-group-master\">\n            <div class=\"col\">\n              <label for=\"part-number\" class=\"hidden\">Codice componente<\/label>\n              <input type=\"text\" placeholder=\"Codice componente\" name=\"part-number\"  \/>\n            <\/div>\n            <div class=\"col\">\n              <label for=\"quantity\" class=\"hidden\">Quantit\u00e0<\/label>\n              <input type=\"text\" placeholder=\"Quantit\u00e0\" name=\"quantity\"  \/>\n            <\/div>\n          <\/div>\n          <div class=\"row parts-add-button\">\n            <div class=\"col full-width\" style=\"text-align: center;\">\n              <a class=\"btn btn-outline-white\" id=\"add-spare-parts\" href=\"javascript:void(0)\">Aggiungi altre parti di ricambio<\/a>\n            <\/div>\n          <\/div>\n        <\/fieldset>\n        <div class=\"row\">\n          <div class=\"col full-width\">\n            <label for=\"different-delivery-address\" class=\"hidden\">L&#8217;indirizzo di consegna \u00e8 diverso da quello sopra indicato?<\/label>\n            <select name=\"different-delivery-address\" id=\"form-different-delivery-address\">\n              <option value=\"\">L&#8217;indirizzo di consegna \u00e8 diverso da quello sopra indicato?<\/option>\n              <option data-selection=\"yes\">S\u00ec<\/option>\n              <option data-selection=\"no\">No<\/option>\n            <\/select>\n          <\/div>\n          <div class=\"col full-width hidden visible-for-different-delivery-address\">\n            <label for=\"delivery-address\" class=\"hidden\">Indirizzo di consegna<\/label>\n            <input type=\"text\" placeholder=\"Indirizzo di consegna\" name=\"delivery-address\" \/>\n          <\/div>\n          <div class=\"col full-width\">\n            <div class=\"visible-label\">\n              <label for=\"delivery-date\">Data di consegna desiderata<\/label>\n              <input type=\"date\" placeholder=\"Data di consegna desiderata\" name=\"delivery-date\" \/>\n            <\/div>\n          <\/div>\n        <\/div>\n      <\/fieldset>\n      <div class=\"row\">\n        <div class=\"col full-width\">\n          <label for=\"message\" class=\"hidden\">Messaggio<\/label>\n          <textarea placeholder=\"Messaggio\" name=\"message\" ><\/textarea>\n        <\/div>\n        <div class=\"col full-width\">\n            <div class=\"file\">\n                <label for=\"file-1\" class=\"file\">Allegato (PDF, ZIP o JPG)<\/label>\n                <input type=\"file\" name=\"file-1\" accept=\"image\/*,.pdf,.zip\" \/>\n            <\/div>\n        <\/div>\n        <div class=\"col full-width terms\">\n          <label class=\"terms-checkbox\">\n            <input type=\"checkbox\" name=\"data-protection\" required title=\"Si prega di accettare la nostra dichiarazione di protezione dei dati\" \/>\n            <span class=\"fake-input\"><\/span>\n            <span class=\"fake-label\">Riconosco <a target=\"_blank\" href=\"https:\/\/www.tadano.com\/europe\/it\/vendite-e-servizi\/ricambi\/ricambi-tadano\/\">l&#8217;informativa sulla privacy<\/a> con ulteriori informazioni.*\n            <\/span>\n          <\/label>\n          <span class=\"req\">*Richiesto<\/span>\n        <\/div>\n        <div class=\"loader\"><\/div>\n        <div class=\"col full-width btn-holder\">\n          <input type=\"submit\" class=\"btn btn-outline-white\" value=\"Invia\" name=\"submit_contact_form\" id=\"submit_form\" \/>\n        <\/div>\n      <\/div>\n    <\/form>\n\n\n\n\n  \n\n  <div class=\"form-success\"  >\n    \n\n<h2 class=\"wp-block-heading\">GRAZIE!<\/h2>\n\n\n\n<p>Apprezziamo molto i vostri input e le vostre richieste. Il nostro team esaminer\u00e0 il suo messaggio e risponder\u00e0 il pi\u00f9 rapidamente possibile. Di nuovo, grazie!<\/p>\n\n\n  <\/div>\n\n<\/div>\n<\/section>\n\n<div class=\"cookieconsent-optout-marketing cookieconsent\" style=\"background-image: url('https:\/\/www.tadano.com\/europe\/wp-content\/themes\/tadano\/assets\/dist\/images\/nocookie_form.jpg');\">\n      <div class=\"wrapper\">\n        <h3>\u00c8 necessario accettare i cookie di marketing per visualizzare questo contenuto<\/h3>\n        <a href=\"javascript: Cookiebot.renew()\" class=\"btn btn-outline-white\">accettare<\/a>\n    <\/div>\n<\/div>","protected":false},"excerpt":{"rendered":"","protected":false},"author":1,"featured_media":0,"parent":10990,"menu_order":0,"comment_status":"closed","ping_status":"closed","template":"","meta":{"_acf_changed":false,"footnotes":""},"acf":[],"yoast_head":"<!-- This site is optimized with the Yoast SEO plugin v22.3 - https:\/\/yoast.com\/wordpress\/plugins\/seo\/ -->\n<title>Ricambi Tadano - Europe<\/title>\n<meta name=\"robots\" content=\"index, follow, max-snippet:-1, max-image-preview:large, max-video-preview:-1\" \/>\n<link rel=\"canonical\" href=\"https:\/\/www.tadano.com\/europe\/it\/vendite-e-servizi\/ricambi\/ricambi-tadano\/\" \/>\n<meta property=\"og:locale\" content=\"it_IT\" \/>\n<meta property=\"og:type\" content=\"article\" \/>\n<meta property=\"og:title\" content=\"Ricambi Tadano - Europe\" \/>\n<meta property=\"og:url\" content=\"https:\/\/www.tadano.com\/europe\/it\/vendite-e-servizi\/ricambi\/ricambi-tadano\/\" \/>\n<meta property=\"og:site_name\" content=\"Europe\" \/>\n<meta property=\"article:modified_time\" content=\"2021-08-17T12:34:55+00:00\" \/>\n<meta name=\"twitter:card\" content=\"summary_large_image\" \/>\n<meta name=\"twitter:label1\" content=\"Tempo di lettura stimato\" \/>\n\t<meta name=\"twitter:data1\" content=\"1 minuto\" \/>\n<script type=\"application\/ld+json\" class=\"yoast-schema-graph\">{\"@context\":\"https:\/\/schema.org\",\"@graph\":[{\"@type\":\"WebPage\",\"@id\":\"https:\/\/www.tadano.com\/europe\/it\/vendite-e-servizi\/ricambi\/ricambi-tadano\/\",\"url\":\"https:\/\/www.tadano.com\/europe\/it\/vendite-e-servizi\/ricambi\/ricambi-tadano\/\",\"name\":\"Ricambi Tadano - Europe\",\"isPartOf\":{\"@id\":\"https:\/\/www.tadano.com\/europe\/en\/#website\"},\"datePublished\":\"2021-06-18T07:56:01+00:00\",\"dateModified\":\"2021-08-17T12:34:55+00:00\",\"breadcrumb\":{\"@id\":\"https:\/\/www.tadano.com\/europe\/it\/vendite-e-servizi\/ricambi\/ricambi-tadano\/#breadcrumb\"},\"inLanguage\":\"it-IT\",\"potentialAction\":[{\"@type\":\"ReadAction\",\"target\":[\"https:\/\/www.tadano.com\/europe\/it\/vendite-e-servizi\/ricambi\/ricambi-tadano\/\"]}]},{\"@type\":\"BreadcrumbList\",\"@id\":\"https:\/\/www.tadano.com\/europe\/it\/vendite-e-servizi\/ricambi\/ricambi-tadano\/#breadcrumb\",\"itemListElement\":[{\"@type\":\"ListItem\",\"position\":1,\"name\":\"Vendite e Servizi\",\"item\":\"https:\/\/www.tadano.com\/europe\/it\/vendite-e-servizi\/\"},{\"@type\":\"ListItem\",\"position\":2,\"name\":\"Ricambi\",\"item\":\"https:\/\/www.tadano.com\/europe\/it\/vendite-e-servizi\/ricambi\/\"},{\"@type\":\"ListItem\",\"position\":3,\"name\":\"Ricambi Tadano\"}]},{\"@type\":\"WebSite\",\"@id\":\"https:\/\/www.tadano.com\/europe\/en\/#website\",\"url\":\"https:\/\/www.tadano.com\/europe\/en\/\",\"name\":\"Europe\",\"description\":\"Just another TADANO EUROPE site\",\"potentialAction\":[{\"@type\":\"SearchAction\",\"target\":{\"@type\":\"EntryPoint\",\"urlTemplate\":\"https:\/\/www.tadano.com\/europe\/en\/?s={search_term_string}\"},\"query-input\":\"required name=search_term_string\"}],\"inLanguage\":\"it-IT\"}]}<\/script>\n<!-- \/ Yoast SEO plugin. -->","yoast_head_json":{"title":"Ricambi Tadano - Europe","robots":{"index":"index","follow":"follow","max-snippet":"max-snippet:-1","max-image-preview":"max-image-preview:large","max-video-preview":"max-video-preview:-1"},"canonical":"https:\/\/www.tadano.com\/europe\/it\/vendite-e-servizi\/ricambi\/ricambi-tadano\/","og_locale":"it_IT","og_type":"article","og_title":"Ricambi Tadano - Europe","og_url":"https:\/\/www.tadano.com\/europe\/it\/vendite-e-servizi\/ricambi\/ricambi-tadano\/","og_site_name":"Europe","article_modified_time":"2021-08-17T12:34:55+00:00","twitter_card":"summary_large_image","twitter_misc":{"Tempo di lettura stimato":"1 minuto"},"schema":{"@context":"https:\/\/schema.org","@graph":[{"@type":"WebPage","@id":"https:\/\/www.tadano.com\/europe\/it\/vendite-e-servizi\/ricambi\/ricambi-tadano\/","url":"https:\/\/www.tadano.com\/europe\/it\/vendite-e-servizi\/ricambi\/ricambi-tadano\/","name":"Ricambi Tadano - Europe","isPartOf":{"@id":"https:\/\/www.tadano.com\/europe\/en\/#website"},"datePublished":"2021-06-18T07:56:01+00:00","dateModified":"2021-08-17T12:34:55+00:00","breadcrumb":{"@id":"https:\/\/www.tadano.com\/europe\/it\/vendite-e-servizi\/ricambi\/ricambi-tadano\/#breadcrumb"},"inLanguage":"it-IT","potentialAction":[{"@type":"ReadAction","target":["https:\/\/www.tadano.com\/europe\/it\/vendite-e-servizi\/ricambi\/ricambi-tadano\/"]}]},{"@type":"BreadcrumbList","@id":"https:\/\/www.tadano.com\/europe\/it\/vendite-e-servizi\/ricambi\/ricambi-tadano\/#breadcrumb","itemListElement":[{"@type":"ListItem","position":1,"name":"Vendite e Servizi","item":"https:\/\/www.tadano.com\/europe\/it\/vendite-e-servizi\/"},{"@type":"ListItem","position":2,"name":"Ricambi","item":"https:\/\/www.tadano.com\/europe\/it\/vendite-e-servizi\/ricambi\/"},{"@type":"ListItem","position":3,"name":"Ricambi Tadano"}]},{"@type":"WebSite","@id":"https:\/\/www.tadano.com\/europe\/en\/#website","url":"https:\/\/www.tadano.com\/europe\/en\/","name":"Europe","description":"Just another TADANO EUROPE site","potentialAction":[{"@type":"SearchAction","target":{"@type":"EntryPoint","urlTemplate":"https:\/\/www.tadano.com\/europe\/en\/?s={search_term_string}"},"query-input":"required name=search_term_string"}],"inLanguage":"it-IT"}]}},"_links":{"self":[{"href":"https:\/\/www.tadano.com\/europe\/it\/wp-json\/wp\/v2\/pages\/10991"}],"collection":[{"href":"https:\/\/www.tadano.com\/europe\/it\/wp-json\/wp\/v2\/pages"}],"about":[{"href":"https:\/\/www.tadano.com\/europe\/it\/wp-json\/wp\/v2\/types\/page"}],"author":[{"embeddable":true,"href":"https:\/\/www.tadano.com\/europe\/it\/wp-json\/wp\/v2\/users\/1"}],"replies":[{"embeddable":true,"href":"https:\/\/www.tadano.com\/europe\/it\/wp-json\/wp\/v2\/comments?post=10991"}],"version-history":[{"count":0,"href":"https:\/\/www.tadano.com\/europe\/it\/wp-json\/wp\/v2\/pages\/10991\/revisions"}],"up":[{"embeddable":true,"href":"https:\/\/www.tadano.com\/europe\/it\/wp-json\/wp\/v2\/pages\/10990"}],"wp:attachment":[{"href":"https:\/\/www.tadano.com\/europe\/it\/wp-json\/wp\/v2\/media?parent=10991"}],"curies":[{"name":"wp","href":"https:\/\/api.w.org\/{rel}","templated":true}]}}