{"id":14777,"date":"2025-06-03T12:45:45","date_gmt":"2025-06-03T12:45:45","guid":{"rendered":"https:\/\/www.tadano.com\/europe\/gru-pick-and-carry\/"},"modified":"2026-04-16T07:26:32","modified_gmt":"2026-04-16T07:26:32","slug":"gru-pick-and-carry","status":"publish","type":"page","link":"https:\/\/www.tadano.com\/europe\/it\/gru-pick-and-carry\/","title":{"rendered":"Gru pick-and-carry (serie Valla)"},"content":{"rendered":"\n\n\n<section class=\"hero-section\">\n\n\t\n\t\n\t\n\t<div class=\"img-holder \">\n\t\t\t\t<div class=\"bg-stretch\" style=\"background-position: 50% 0; \">\n\t\t\t<span data-srcset=\"https:\/\/mediahub.tadano.com\/m\/2887dad556b24189\/hero-img_Tadano_bauma_machines-78.jpg, https:\/\/mediahub.tadano.com\/m\/2887dad556b24189\/hero_2x-img_Tadano_bauma_machines-78.jpg 2x\"><\/span>\n\t\t<\/div>\n\t\t\t\t\t\t<div class=\"logo green-solutions\" style=\"display:none;\">\n\t\t\t<a href=\"#\"><img decoding=\"async\" src=\"https:\/\/www.tadano.com\/europe\/wp-content\/themes\/tadano\/assets\/dist\/images\/Green-Solutions_Logo_White.svg\"><\/a>\n\t\t<\/div>\n\t<\/div>\n\t<div class=\"container\">\n\t\t<div class=\"text-holder \">\n\t\t\t<div class=\"wrap\">\n\t\t\t\t\n\t\t\t\t<ul class=\"breadcrumbs\"><li><a href=\"https:\/\/www.tadano.com\/europe\/it\/\">Homepage<\/a><\/li><\/ul>\n\t\t\t\t\n\n<h1 class=\"wp-block-heading\">Gru pick-and-carry (serie Valla)<\/h1>\n\n\n\n<p>Le gru elettriche pick &amp; carry di Tadano sono progettate per sollevare e trasportare carichi pesanti con precisione e agilit\u00e0, senza la necessit\u00e0 di stabilizzatori. Pensate per ambienti in cui lo spazio \u00e8 limitato e le emissioni devono essere ridotte al minimo, queste gru compatte sono ideali per applicazioni indoor, operazioni industriali e cantieri sensibili.<\/p>\n\n\n\n\t\t\t\t\n\t\t\t<\/div>\n\n\t\t\t\n\t\t\t\n\t\t\t\n\t\t<\/div>\n\t<\/div>\n<\/section>\n\n\n<section class=\"product-compare\" id=\"product-compare-1\" style=\"display: none;\">\n\t<div class=\"container\">\n\t\t<h2>Confronta i prodotti<\/h2>\n\t\t<div class=\"compare-products\">\n\t\t\t<input type=\"hidden\" id=\"current_lang\" value=\"it\">\n\t\t\t<input type=\"hidden\" id=\"current_site_id\" value=\"16\">\n\t\t\t<input type=\"hidden\" id=\"current_term_id\" value=\"119\">\n\t\t\t<input type=\"hidden\" id=\"compare_group_by_product_groups\" value=\"0\">\n\n\t\t\t\n\t\t\t\t\t\t\t<div class=\"compare-container\">\n\t\t\t\t\t<label for=\"product-1\" class=\"hidden\">Seleziona un prodotto<\/label>\n\t\t\t\t\t<ul id=\"product-1\" class=\"bh-sl-filters\">\n\t\t\t\t\t\t<select class=\"compare-product-select\" data-compare-id=\"1\" >\n\t\t\t\t\t\t\t<option value=\"\">Seleziona un prodotto<\/option>\n\t\t\t\t\t\t\t\t\t\t\t\t\t<\/select>\n\t\t\t\t\t<\/ul>\n\t\t\t\t\t<div class=\"loader result-loader-1\"><\/div>\n\t\t\t\t\t<div class=\"result result-1\"><\/div>\n\t\t\t\t<\/div>\n\t\t\t\t\t\t\t<div class=\"compare-container\">\n\t\t\t\t\t<label for=\"product-2\" class=\"hidden\">Seleziona un prodotto<\/label>\n\t\t\t\t\t<ul id=\"product-2\" class=\"bh-sl-filters\">\n\t\t\t\t\t\t<select class=\"compare-product-select\" data-compare-id=\"2\" >\n\t\t\t\t\t\t\t<option value=\"\">Seleziona un prodotto<\/option>\n\t\t\t\t\t\t\t\t\t\t\t\t\t<\/select>\n\t\t\t\t\t<\/ul>\n\t\t\t\t\t<div class=\"loader result-loader-2\"><\/div>\n\t\t\t\t\t<div class=\"result result-2\"><\/div>\n\t\t\t\t<\/div>\n\t\t\t\t\t<\/div>\n\t<\/div>\n<\/section>\n\n\n\n    <div class=\" \">\n                <input type=\"hidden\" id=\"filterAxles\" value=\"\"\/>\n        <input type=\"hidden\" id=\"filterMaxLoad\" value=\"1\"\/>\n        <input type=\"hidden\" id=\"filterBoomLength\" value=\"\"\/>\n        <input type=\"hidden\" id=\"filterTipHeight\" value=\"\"\/>\n        <input type=\"hidden\" id=\"filterManufacturingYear\" value=\"\"\/>\n        <input type=\"hidden\" id=\"filterCategory\" value=\"\"\/>\n                <input type=\"hidden\" id=\"filterLegacyStatus\" value=\"\"\/>\n        <input type=\"hidden\" id=\"displayFilter\" value=\"1\"\/>\n        <!-- REFINE AREA START -->\n                    <section class=\"filter-refine\">\n                <form action=\"#\">\n                    <div class=\"container\">\n                        <div class=\"left\">\n                                                            <strong class=\"title\">Perfeziona la tua ricerca:<\/strong>\n                                                                                        <ul class=\"tabset-filter\">\n                                                                                                                                                        <li><a href=\"#max-load\"><span>Carico massimo<\/span><\/a><\/li>\n                                                                                                                                                                                                                        <\/ul>\n                                <div class=\"tab-content product-tab-content\">\n                                                                                                                                                    <div class=\"tab-refine\" id=\"max-load\">\n                                                                                                                                                                                                                                                                            <\/div>\n                                                                                                                                                                                                                    <\/div>\n\n                                \n                            \n\n                        <\/div>\n                        <div class=\"right\">\n                                                        <div class=\"radio\">\n                                                                    <label for=\"met\" class=\"met\">\n                                        <input type=\"radio\" name=\"filterScale\" id=\"met\" value=\"met\">\n                                        <span class=\"fake-radio\"><\/span>\n                                        <span class=\"fake-label\">Metrico<\/span>\n                                    <\/label>\n                                    <label for=\"imp\" class=\"imp\">\n                                        <input type=\"radio\" name=\"filterScale\" id=\"imp\" value=\"imp\" >\n                                        <span class=\"fake-radio\"><\/span>\n                                        <span class=\"fake-label\">Imperiale<\/span>\n                                    <\/label>\n                                    \n                            <\/div>\n                        <\/div>\n                    <\/div>\n                <\/form>\n            <\/section>\n                <!-- REFINE AREA END -->\n\n                <div class=\"all-results \" >\n            <section class=\"filter-content\">\n                <div class=\"container\">\n                    <div class=\"no-results\">\n                        <h2>Spiacente, non \u00e8 stato trovato nulla \ud83d\ude14<\/h2>\n                        <p>Per favore, aggiusta la sua ricerca. <\/p>\n                    <\/div>\n                    <div class=\"wp-block-buttons is-layout-flex wp-block-buttons-is-layout-flex\" style=\"margin-bottom:20px;\"><\/div>            <\/section>\n        <\/div>\n    <\/div>\n\n\n<section class=\"new-products\">\n  <div class=\"container\">\n    <h2>Nuovi prodotti<\/h2>\n    <div class=\"new-products-hold\">\n                                  <div class=\"new-product-single\">\n            <a href=\"https:\/\/www.tadano.com\/europe\/it\/attrezzature-di-sollevamento\/knuckle-boom-cranes\/tp\/\">\n              <div class=\"img-holder\">\n                                <div class=\"bg-stretch\" >\n                  <span data-srcset=\"https:\/\/mediahub.tadano.com\/m\/4063873e464c3b3e\/employee-img_tadano_pm_20-5TP-2.jpg, https:\/\/mediahub.tadano.com\/m\/4063873e464c3b3e\/employee_2x-img_tadano_pm_20-5TP-2.jpg 2x\"><\/span>\n                <\/div>\n                              <\/div>\n              <div class=\"text-block\">\n                <strong class=\"title\">TP<\/strong>\n                <span class=\"category\">\n                                  <\/span>\n              <\/div>\n            <\/a>\n          <\/div>\n                            <div class=\"new-product-single\">\n            <a href=\"https:\/\/www.tadano.com\/europe\/it\/attrezzature-di-sollevamento\/knuckle-boom-cranes\/power-lift\/\">\n              <div class=\"img-holder\">\n                                <div class=\"bg-stretch\" >\n                  <span data-srcset=\"https:\/\/mediahub.tadano.com\/m\/489a021e7fa5619a\/employee-img_tadano_pm_powerlift-2.jpg, https:\/\/mediahub.tadano.com\/m\/489a021e7fa5619a\/employee_2x-img_tadano_pm_powerlift-2.jpg 2x\"><\/span>\n                <\/div>\n                              <\/div>\n              <div class=\"text-block\">\n                <strong class=\"title\">Power Lift<\/strong>\n                <span class=\"category\">\n                                  <\/span>\n              <\/div>\n            <\/a>\n          <\/div>\n                            <div class=\"new-product-single\">\n            <a href=\"https:\/\/www.tadano.com\/europe\/it\/attrezzature-di-sollevamento\/knuckle-boom-cranes\/pm-210-sp\/\">\n              <div class=\"img-holder\">\n                                <div class=\"bg-stretch\" >\n                  <span data-srcset=\"https:\/\/mediahub.tadano.com\/m\/aa571748c19cf60\/employee-img_tadano_pm_210SP-4.jpg, https:\/\/mediahub.tadano.com\/m\/aa571748c19cf60\/employee_2x-img_tadano_pm_210SP-4.jpg 2x\"><\/span>\n                <\/div>\n                              <\/div>\n              <div class=\"text-block\">\n                <strong class=\"title\">PM 210 SP<\/strong>\n                <span class=\"category\">\n                                  <\/span>\n              <\/div>\n            <\/a>\n          <\/div>\n                  <\/div>\n  <\/div>\n<\/section>","protected":false},"excerpt":{"rendered":"","protected":false},"author":1,"featured_media":0,"parent":0,"menu_order":0,"comment_status":"closed","ping_status":"closed","template":"","meta":{"_acf_changed":false,"footnotes":""},"acf":[],"yoast_head":"<!-- This site is optimized with the Yoast SEO plugin v22.3 - https:\/\/yoast.com\/wordpress\/plugins\/seo\/ -->\n<title>Gru pick-and-carry (serie Valla) - Europe<\/title>\n<meta name=\"robots\" content=\"index, follow, max-snippet:-1, max-image-preview:large, max-video-preview:-1\" \/>\n<link rel=\"canonical\" href=\"https:\/\/www.tadano.com\/europe\/it\/gru-pick-and-carry\/\" \/>\n<meta property=\"og:locale\" content=\"it_IT\" \/>\n<meta property=\"og:type\" content=\"article\" \/>\n<meta property=\"og:title\" content=\"Gru pick-and-carry (serie Valla) - Europe\" \/>\n<meta property=\"og:url\" content=\"https:\/\/www.tadano.com\/europe\/it\/gru-pick-and-carry\/\" \/>\n<meta property=\"og:site_name\" content=\"Europe\" \/>\n<meta property=\"article:modified_time\" content=\"2026-04-16T07:26:32+00:00\" \/>\n<meta name=\"twitter:card\" content=\"summary_large_image\" \/>\n<meta name=\"twitter:label1\" content=\"Tempo di lettura stimato\" \/>\n\t<meta name=\"twitter:data1\" content=\"1 minuto\" \/>\n<script type=\"application\/ld+json\" class=\"yoast-schema-graph\">{\"@context\":\"https:\/\/schema.org\",\"@graph\":[{\"@type\":\"WebPage\",\"@id\":\"https:\/\/www.tadano.com\/europe\/it\/gru-pick-and-carry\/\",\"url\":\"https:\/\/www.tadano.com\/europe\/it\/gru-pick-and-carry\/\",\"name\":\"Gru pick-and-carry (serie Valla) - Europe\",\"isPartOf\":{\"@id\":\"https:\/\/www.tadano.com\/europe\/en\/#website\"},\"datePublished\":\"2025-06-03T12:45:45+00:00\",\"dateModified\":\"2026-04-16T07:26:32+00:00\",\"inLanguage\":\"it-IT\",\"potentialAction\":[{\"@type\":\"ReadAction\",\"target\":[\"https:\/\/www.tadano.com\/europe\/it\/gru-pick-and-carry\/\"]}]},{\"@type\":\"WebSite\",\"@id\":\"https:\/\/www.tadano.com\/europe\/en\/#website\",\"url\":\"https:\/\/www.tadano.com\/europe\/en\/\",\"name\":\"Europe\",\"description\":\"Just another TADANO EUROPE site\",\"potentialAction\":[{\"@type\":\"SearchAction\",\"target\":{\"@type\":\"EntryPoint\",\"urlTemplate\":\"https:\/\/www.tadano.com\/europe\/en\/?s={search_term_string}\"},\"query-input\":\"required name=search_term_string\"}],\"inLanguage\":\"it-IT\"}]}<\/script>\n<!-- \/ Yoast SEO plugin. -->","yoast_head_json":{"title":"Gru pick-and-carry (serie Valla) - Europe","robots":{"index":"index","follow":"follow","max-snippet":"max-snippet:-1","max-image-preview":"max-image-preview:large","max-video-preview":"max-video-preview:-1"},"canonical":"https:\/\/www.tadano.com\/europe\/it\/gru-pick-and-carry\/","og_locale":"it_IT","og_type":"article","og_title":"Gru pick-and-carry (serie Valla) - Europe","og_url":"https:\/\/www.tadano.com\/europe\/it\/gru-pick-and-carry\/","og_site_name":"Europe","article_modified_time":"2026-04-16T07:26:32+00:00","twitter_card":"summary_large_image","twitter_misc":{"Tempo di lettura stimato":"1 minuto"},"schema":{"@context":"https:\/\/schema.org","@graph":[{"@type":"WebPage","@id":"https:\/\/www.tadano.com\/europe\/it\/gru-pick-and-carry\/","url":"https:\/\/www.tadano.com\/europe\/it\/gru-pick-and-carry\/","name":"Gru pick-and-carry (serie Valla) - Europe","isPartOf":{"@id":"https:\/\/www.tadano.com\/europe\/en\/#website"},"datePublished":"2025-06-03T12:45:45+00:00","dateModified":"2026-04-16T07:26:32+00:00","inLanguage":"it-IT","potentialAction":[{"@type":"ReadAction","target":["https:\/\/www.tadano.com\/europe\/it\/gru-pick-and-carry\/"]}]},{"@type":"WebSite","@id":"https:\/\/www.tadano.com\/europe\/en\/#website","url":"https:\/\/www.tadano.com\/europe\/en\/","name":"Europe","description":"Just another TADANO EUROPE site","potentialAction":[{"@type":"SearchAction","target":{"@type":"EntryPoint","urlTemplate":"https:\/\/www.tadano.com\/europe\/en\/?s={search_term_string}"},"query-input":"required name=search_term_string"}],"inLanguage":"it-IT"}]}},"_links":{"self":[{"href":"https:\/\/www.tadano.com\/europe\/it\/wp-json\/wp\/v2\/pages\/14777"}],"collection":[{"href":"https:\/\/www.tadano.com\/europe\/it\/wp-json\/wp\/v2\/pages"}],"about":[{"href":"https:\/\/www.tadano.com\/europe\/it\/wp-json\/wp\/v2\/types\/page"}],"author":[{"embeddable":true,"href":"https:\/\/www.tadano.com\/europe\/it\/wp-json\/wp\/v2\/users\/1"}],"replies":[{"embeddable":true,"href":"https:\/\/www.tadano.com\/europe\/it\/wp-json\/wp\/v2\/comments?post=14777"}],"version-history":[{"count":2,"href":"https:\/\/www.tadano.com\/europe\/it\/wp-json\/wp\/v2\/pages\/14777\/revisions"}],"predecessor-version":[{"id":15205,"href":"https:\/\/www.tadano.com\/europe\/it\/wp-json\/wp\/v2\/pages\/14777\/revisions\/15205"}],"wp:attachment":[{"href":"https:\/\/www.tadano.com\/europe\/it\/wp-json\/wp\/v2\/media?parent=14777"}],"curies":[{"name":"wp","href":"https:\/\/api.w.org\/{rel}","templated":true}]}}