{"id":1138,"date":"2021-05-26T11:15:40","date_gmt":"2021-05-26T11:15:40","guid":{"rendered":"https:\/\/www.tadano.com\/france\/a-propos\/chaine-approvisionnement\/attentes-fournisseurs\/"},"modified":"2021-07-22T14:07:21","modified_gmt":"2021-07-22T14:07:21","slug":"attentes-fournisseurs","status":"publish","type":"page","link":"https:\/\/www.tadano.com\/france\/fr\/a-propos\/chaine-approvisionnement\/attentes-fournisseurs\/","title":{"rendered":"Attentes vis \u00e0 vis de nos fournisseurs"},"content":{"rendered":"\n\n\n<section class=\"hero-section-alt2\">\n\n\t\n\t\t\t<style type=\"text\/css\">\n\t\t\t.hero-section .img-holder:before {\n\t\t\t\tdisplay: none;\n\t\t\t}\n\t\t<\/style>\n\t\n\t\n\t<div class=\"img-holder \">\n\t\t\t\t<div class=\"bg-stretch\" style=\"background-position: 50% 50%; \">\n\t\t\t<span data-srcset=\"https:\/\/assets.onetadano.com\/celum_assets\/hero\/DEMAG-Karriere_Feb2020-6.jpg, https:\/\/assets.onetadano.com\/celum_assets\/hero-2x\/DEMAG-Karriere_Feb2020-6.jpg 2x\"><\/span>\n\t\t<\/div>\n\t\t\t\t\t\t<div class=\"logo green-solutions\" style=\"display:none;\">\n\t\t\t<a href=\"#\"><img decoding=\"async\" src=\"https:\/\/www.tadano.com\/france\/wp-content\/themes\/tadano\/assets\/dist\/images\/Green-Solutions_Logo_White.svg\"><\/a>\n\t\t<\/div>\n\t<\/div>\n\t<div class=\"container\">\n\t\t<div class=\"text-holder \">\n\t\t\t<div class=\"wrap\">\n\t\t\t\t\n\t\t\t\t<ul class=\"breadcrumbs\"><li><a href=\"https:\/\/www.tadano.com\/france\/fr\/\">Accueil<\/a><\/li><\/ul>\n\t\t\t\t\n\n<h1 class=\"wp-block-heading\">Attentes vis \u00e0 vis de nos fournisseurs<\/h1>\n\n\n\n<p>Attentes vis \u00e0 vis des fournisseurs du groupe Tadano Europe:<\/p>\n\n\n\n\t\t\t\t\n\t\t\t<\/div>\n\n\t\t\t\n\t\t\t\n\t\t\t\n\t\t<\/div>\n\t<\/div>\n<\/section>\n\n\n<div class=\"wp-block-group\"><div class=\"wp-block-group__inner-container is-layout-flow wp-block-group-is-layout-flow\">\n<ul><li><strong>Produits innovants d&rsquo;une qualit\u00e9 exceptionnelle<\/strong><\/li><li><strong>Transactions \u00e9quitables et transparentes avec une livraison fiable<\/strong><\/li><li><strong>D\u00e9lais de livraison fiables<\/strong><\/li><li><strong>Tarification \u00e9conomique avec une comp\u00e9tence syst\u00e8me \u00e9lev\u00e9e<\/strong><\/li><li><strong>Coop\u00e9ration \u00e0 long terme marqu\u00e9e par des efforts continus d&rsquo;am\u00e9lioration et d&rsquo;efficacit\u00e9<\/strong><\/li><\/ul>\n<\/div><\/div>\n","protected":false},"excerpt":{"rendered":"<p>Produits innovants d&rsquo;une qualit\u00e9 exceptionnelle Transactions \u00e9quitables et transparentes avec une livraison fiable D\u00e9lais de livraison fiables Tarification \u00e9conomique avec une comp\u00e9tence syst\u00e8me \u00e9lev\u00e9e Coop\u00e9ration \u00e0 long terme marqu\u00e9e par des efforts continus d&rsquo;am\u00e9lioration et d&rsquo;efficacit\u00e9<\/p>\n","protected":false},"author":2,"featured_media":0,"parent":1131,"menu_order":0,"comment_status":"closed","ping_status":"closed","template":"","meta":{"_acf_changed":false,"footnotes":""},"acf":[],"yoast_head":"<!-- This site is optimized with the Yoast SEO plugin v22.3 - https:\/\/yoast.com\/wordpress\/plugins\/seo\/ -->\n<title>Attentes vis \u00e0 vis de nos fournisseurs - France<\/title>\n<meta name=\"robots\" content=\"index, follow, max-snippet:-1, max-image-preview:large, max-video-preview:-1\" \/>\n<link rel=\"canonical\" href=\"https:\/\/www.tadano.com\/france\/fr\/a-propos\/chaine-approvisionnement\/attentes-fournisseurs\/\" \/>\n<meta property=\"og:locale\" content=\"fr_FR\" \/>\n<meta property=\"og:type\" content=\"article\" \/>\n<meta property=\"og:title\" content=\"Attentes vis \u00e0 vis de nos fournisseurs - France\" \/>\n<meta property=\"og:description\" content=\"Produits innovants d&rsquo;une qualit\u00e9 exceptionnelle Transactions \u00e9quitables et transparentes avec une livraison fiable D\u00e9lais de livraison fiables Tarification \u00e9conomique avec une comp\u00e9tence syst\u00e8me \u00e9lev\u00e9e Coop\u00e9ration \u00e0 long terme marqu\u00e9e par des efforts continus d&rsquo;am\u00e9lioration et d&rsquo;efficacit\u00e9\" \/>\n<meta property=\"og:url\" content=\"https:\/\/www.tadano.com\/france\/fr\/a-propos\/chaine-approvisionnement\/attentes-fournisseurs\/\" \/>\n<meta property=\"og:site_name\" content=\"France\" \/>\n<meta property=\"article:modified_time\" content=\"2021-07-22T14:07:21+00:00\" \/>\n<meta name=\"twitter:card\" content=\"summary_large_image\" \/>\n<meta name=\"twitter:label1\" content=\"Dur\u00e9e de lecture estim\u00e9e\" \/>\n\t<meta name=\"twitter:data1\" content=\"1 minute\" \/>\n<script type=\"application\/ld+json\" class=\"yoast-schema-graph\">{\"@context\":\"https:\/\/schema.org\",\"@graph\":[{\"@type\":\"WebPage\",\"@id\":\"https:\/\/www.tadano.com\/france\/fr\/a-propos\/chaine-approvisionnement\/attentes-fournisseurs\/\",\"url\":\"https:\/\/www.tadano.com\/france\/fr\/a-propos\/chaine-approvisionnement\/attentes-fournisseurs\/\",\"name\":\"Attentes vis \u00e0 vis de nos fournisseurs - France\",\"isPartOf\":{\"@id\":\"https:\/\/www.tadano.com\/france\/fr\/#website\"},\"datePublished\":\"2021-05-26T11:15:40+00:00\",\"dateModified\":\"2021-07-22T14:07:21+00:00\",\"inLanguage\":\"fr-FR\",\"potentialAction\":[{\"@type\":\"ReadAction\",\"target\":[\"https:\/\/www.tadano.com\/france\/fr\/a-propos\/chaine-approvisionnement\/attentes-fournisseurs\/\"]}]},{\"@type\":\"WebSite\",\"@id\":\"https:\/\/www.tadano.com\/france\/fr\/#website\",\"url\":\"https:\/\/www.tadano.com\/france\/fr\/\",\"name\":\"France\",\"description\":\"Just another TADANO EUROPE site\",\"potentialAction\":[{\"@type\":\"SearchAction\",\"target\":{\"@type\":\"EntryPoint\",\"urlTemplate\":\"https:\/\/www.tadano.com\/france\/fr\/?s={search_term_string}\"},\"query-input\":\"required name=search_term_string\"}],\"inLanguage\":\"fr-FR\"}]}<\/script>\n<!-- \/ Yoast SEO plugin. -->","yoast_head_json":{"title":"Attentes vis \u00e0 vis de nos fournisseurs - France","robots":{"index":"index","follow":"follow","max-snippet":"max-snippet:-1","max-image-preview":"max-image-preview:large","max-video-preview":"max-video-preview:-1"},"canonical":"https:\/\/www.tadano.com\/france\/fr\/a-propos\/chaine-approvisionnement\/attentes-fournisseurs\/","og_locale":"fr_FR","og_type":"article","og_title":"Attentes vis \u00e0 vis de nos fournisseurs - France","og_description":"Produits innovants d&rsquo;une qualit\u00e9 exceptionnelle Transactions \u00e9quitables et transparentes avec une livraison fiable D\u00e9lais de livraison fiables Tarification \u00e9conomique avec une comp\u00e9tence syst\u00e8me \u00e9lev\u00e9e Coop\u00e9ration \u00e0 long terme marqu\u00e9e par des efforts continus d&rsquo;am\u00e9lioration et d&rsquo;efficacit\u00e9","og_url":"https:\/\/www.tadano.com\/france\/fr\/a-propos\/chaine-approvisionnement\/attentes-fournisseurs\/","og_site_name":"France","article_modified_time":"2021-07-22T14:07:21+00:00","twitter_card":"summary_large_image","twitter_misc":{"Dur\u00e9e de lecture estim\u00e9e":"1 minute"},"schema":{"@context":"https:\/\/schema.org","@graph":[{"@type":"WebPage","@id":"https:\/\/www.tadano.com\/france\/fr\/a-propos\/chaine-approvisionnement\/attentes-fournisseurs\/","url":"https:\/\/www.tadano.com\/france\/fr\/a-propos\/chaine-approvisionnement\/attentes-fournisseurs\/","name":"Attentes vis \u00e0 vis de nos fournisseurs - France","isPartOf":{"@id":"https:\/\/www.tadano.com\/france\/fr\/#website"},"datePublished":"2021-05-26T11:15:40+00:00","dateModified":"2021-07-22T14:07:21+00:00","inLanguage":"fr-FR","potentialAction":[{"@type":"ReadAction","target":["https:\/\/www.tadano.com\/france\/fr\/a-propos\/chaine-approvisionnement\/attentes-fournisseurs\/"]}]},{"@type":"WebSite","@id":"https:\/\/www.tadano.com\/france\/fr\/#website","url":"https:\/\/www.tadano.com\/france\/fr\/","name":"France","description":"Just another TADANO EUROPE site","potentialAction":[{"@type":"SearchAction","target":{"@type":"EntryPoint","urlTemplate":"https:\/\/www.tadano.com\/france\/fr\/?s={search_term_string}"},"query-input":"required name=search_term_string"}],"inLanguage":"fr-FR"}]}},"_links":{"self":[{"href":"https:\/\/www.tadano.com\/france\/fr\/wp-json\/wp\/v2\/pages\/1138"}],"collection":[{"href":"https:\/\/www.tadano.com\/france\/fr\/wp-json\/wp\/v2\/pages"}],"about":[{"href":"https:\/\/www.tadano.com\/france\/fr\/wp-json\/wp\/v2\/types\/page"}],"author":[{"embeddable":true,"href":"https:\/\/www.tadano.com\/france\/fr\/wp-json\/wp\/v2\/users\/2"}],"replies":[{"embeddable":true,"href":"https:\/\/www.tadano.com\/france\/fr\/wp-json\/wp\/v2\/comments?post=1138"}],"version-history":[{"count":2,"href":"https:\/\/www.tadano.com\/france\/fr\/wp-json\/wp\/v2\/pages\/1138\/revisions"}],"predecessor-version":[{"id":13770,"href":"https:\/\/www.tadano.com\/france\/fr\/wp-json\/wp\/v2\/pages\/1138\/revisions\/13770"}],"up":[{"embeddable":true,"href":"https:\/\/www.tadano.com\/france\/fr\/wp-json\/wp\/v2\/pages\/1131"}],"wp:attachment":[{"href":"https:\/\/www.tadano.com\/france\/fr\/wp-json\/wp\/v2\/media?parent=1138"}],"curies":[{"name":"wp","href":"https:\/\/api.w.org\/{rel}","templated":true}]}}