{"id":1152,"date":"2021-05-19T14:23:30","date_gmt":"2021-05-19T14:23:30","guid":{"rendered":"https:\/\/www.tadano.com\/france\/a-propos\/chaine-approvisionnement\/cartright\/"},"modified":"2024-03-18T10:50:15","modified_gmt":"2024-03-18T10:50:15","slug":"supplier-portal","status":"publish","type":"page","link":"https:\/\/www.tadano.com\/france\/fr\/a-propos\/chaine-approvisionnement\/supplier-portal\/","title":{"rendered":"portail des fournisseurs"},"content":{"rendered":"\n\n\n<section class=\"hero-section-alt2\">\n\n\t\n\t\t\t<style type=\"text\/css\">\n\t\t\t.hero-section .img-holder:before {\n\t\t\t\tdisplay: none;\n\t\t\t}\n\t\t<\/style>\n\t\n\t\n\t<div class=\"img-holder \">\n\t\t\t\t<div class=\"bg-stretch\" style=\"background-position: 50% 50%; \">\n\t\t\t<span data-srcset=\"https:\/\/www.tadano.com\/france\/wp-content\/uploads\/sites\/6\/2021\/08\/Monitor-TomTom-und-Smartphone-1200x725.png, https:\/\/www.tadano.com\/france\/wp-content\/uploads\/sites\/6\/2021\/08\/Monitor-TomTom-und-Smartphone.png 2x\"><\/span>\n\t\t<\/div>\n\t\t\t\t\t\t<div class=\"logo green-solutions\" style=\"display:none;\">\n\t\t\t<a href=\"#\"><img decoding=\"async\" src=\"https:\/\/www.tadano.com\/france\/wp-content\/themes\/tadano\/assets\/dist\/images\/Green-Solutions_Logo_White.svg\"><\/a>\n\t\t<\/div>\n\t<\/div>\n\t<div class=\"container\">\n\t\t<div class=\"text-holder \">\n\t\t\t<div class=\"wrap\">\n\t\t\t\t\n\t\t\t\t<ul class=\"breadcrumbs\"><li><a href=\"https:\/\/www.tadano.com\/france\/fr\/\">Accueil<\/a><\/li><\/ul>\n\t\t\t\t\n\n<h1 class=\"wp-block-heading\">portail des fournisseurs<\/h1>\n\n\n\n<p>Les exigences logistiques de la mise en r\u00e9seau des fournisseurs et des destinataires de marchandises ne cessent de cro\u00eetre lorsqu&rsquo;il s&rsquo;agit de march\u00e9s publics mondiaux..<\/p>\n\n\n\n<div class=\"wp-block-buttons is-layout-flex wp-block-buttons-is-layout-flex\">\n<div class=\"wp-block-button\"><a class=\"wp-block-button__link wp-element-button\" href=\"https:\/\/supplier-logistics.global.www.tadano.com\" target=\"_blank\" rel=\"noreferrer noopener\">acc\u00e8s portail fournisseur<\/a><\/div>\n\n\n\n<div class=\"wp-block-button\"><a class=\"wp-block-button__link wp-element-button\" href=\"https:\/\/www.tadano.com\/france\/fr\/formulaire-du-fournisseur\/\">S&rsquo;inscrire maintenant<\/a><\/div>\n<\/div>\n\n\n\n\t\t\t\t\n\t\t\t<\/div>\n\n\t\t\t\n\t\t\t\n\t\t\t\n\t\t<\/div>\n\t<\/div>\n<\/section>\n\n\n<div class=\"wp-block-group is-style-background-white is-layout-flow wp-block-group-is-layout-flow\"><div class=\"wp-block-group__inner-container\">\n<h2 class=\"wp-block-heading\">Qu&rsquo;est-ce que portail des fournisseurs&nbsp;?<\/h2>\n\n\n\n<p>Portail des fournisseurs est une plateforme logicielle bas\u00e9e sur le web qui acc\u00e9l\u00e8re les processus d&rsquo;achat et de logistique tout en rendant ces derniers plus transparents et plus efficaces en termes de ressources. Pour ce faire, la plateforme met toutes les donn\u00e9es de transport pertinentes \u00e0 la disposition des usines, des fournisseurs et des transitaires de TADANO via une interface standardis\u00e9e et coh\u00e9rente. Les fournisseurs peuvent utiliser comme outil de notification pour de Tadano Portail des fournisseurs enregistrer les exp\u00e9ditions effectu\u00e9es par le biais du transitaire. L&rsquo;utilisation de Tadano portail des fournisseurs permet un travail en r\u00e9seau \u00e9troit avec les partenaires de la cha\u00eene d&rsquo;approvisionnement, ce qui permet un \u00e9change d&rsquo;informations fiable et une coop\u00e9ration de qualit\u00e9 bas\u00e9e sur le long terme..<\/p>\n<\/div><\/div>\n\n\n\n<div class=\"wp-block-group is-style-background-cyan is-layout-flow wp-block-group-is-layout-flow\"><div class=\"wp-block-group__inner-container\">\n<p><strong>Quels avantages portail des fournisseurs vous offre-t-il&nbsp;?<\/strong><\/p>\n\n\n\n<div class=\"wp-block-columns is-layout-flex wp-container-core-columns-layout-1 wp-block-columns-is-layout-flex\">\n<div class=\"wp-block-column is-layout-flow wp-block-column-is-layout-flow\" style=\"flex-basis:66.66%\">\n<ul>\n<li>Communication via une plateforme centralis\u00e9e avec les diff\u00e9rentes usines du Groupe Tadano<\/li>\n\n\n\n<li>Une plus grande transparence concernant l&rsquo;\u00e9tat actuel des commandes en cours et \u00e0 venir<\/li>\n\n\n\n<li>Une notification automatique au transitaire<\/li>\n\n\n\n<li>Une documentation centralis\u00e9e des quantit\u00e9s th\u00e9oriques par rapport aux quantit\u00e9s r\u00e9elles<\/li>\n\n\n\n<li>Un traitement plus rapide et plus transparent des consignes gr\u00e2ce \u00e0 leur gestion int\u00e9gr\u00e9e<\/li>\n\n\n\n<li>Un traitement int\u00e9gr\u00e9 des retours<\/li>\n<\/ul>\n<\/div>\n<\/div>\n<\/div><\/div>\n\n\n\n<div class=\"wp-block-group is-style-background-white is-layout-flow wp-block-group-is-layout-flow\"><div class=\"wp-block-group__inner-container\">\n<h2 class=\"wp-block-heading\">portail des fournisseurs peut-il fonctionner avec votre syst\u00e8me ERP&nbsp;?<\/h2>\n\n\n\n<p>Le transfert de donn\u00e9es en temps r\u00e9el op\u00e9r\u00e9 par portail des fournisseurs simplifie la communication entre les logiciels et les plateformes. Il peut \u00eatre reli\u00e9 directement \u00e0 votre syst\u00e8me ERP, ce qui vous permet de conserver toutes les donn\u00e9es n\u00e9cessaires du processus de commande tout en supprimant la proc\u00e9dure fastidieuse de notification. L&rsquo;interface intuitive bas\u00e9e sur le web peut \u00eatre facilement utilis\u00e9e manuellement en cas de besoin, m\u00eame si de nombreux processus peuvent \u00eatre automatis\u00e9s pour gagner du temps et r\u00e9duire les co\u00fbts. Les principaux documents peuvent \u00eatre import\u00e9s directement dans portail des fournisseurs, ce qui supprime la paperasserie inutile et facilite votre gestion tout en pr\u00e9servant l&rsquo;environnement. <strong>La s\u00e9curit\u00e9 de vos donn\u00e9es est essentielle pour nous tous&nbsp;; la protection des donn\u00e9es constitue une priorit\u00e9 absolue lors de l&rsquo;utilisation de portail des fournisseurs.<\/strong><\/p>\n\n\n\n<h2 class=\"wp-block-heading\">Qui peut utiliser portail des fournisseurs ?<\/h2>\n\n\n\n<p>Pour vous inscrire en tant que fournisseur utilisateur de portail des fournisseurs, il suffit que vous entreteniez d\u00e9j\u00e0 une relation commerciale avec Tadano.<\/p>\n\n\n\n<div class=\"wp-block-buttons is-layout-flex wp-block-buttons-is-layout-flex\">\n<div class=\"wp-block-button\"><a class=\"wp-block-button__link wp-element-button\" href=\"https:\/\/supplier-logistics.global.www.tadano.com\" target=\"_blank\" rel=\"noreferrer noopener\">acc\u00e8s portail des fournisseurs<\/a><\/div>\n<\/div>\n<\/div><\/div>\n","protected":false},"excerpt":{"rendered":"<p>Qu&rsquo;est-ce que portail des fournisseurs&nbsp;? Portail des fournisseurs est une plateforme logicielle bas\u00e9e sur le web qui acc\u00e9l\u00e8re les processus d&rsquo;achat et de logistique tout en rendant ces derniers plus transparents et plus efficaces en termes de ressources. Pour ce faire, la plateforme met toutes les donn\u00e9es de transport pertinentes \u00e0 la disposition des usines, [&hellip;]<\/p>\n","protected":false},"author":1,"featured_media":0,"parent":1131,"menu_order":0,"comment_status":"closed","ping_status":"closed","template":"","meta":{"_acf_changed":false,"footnotes":""},"acf":[],"yoast_head":"<!-- This site is optimized with the Yoast SEO plugin v22.3 - https:\/\/yoast.com\/wordpress\/plugins\/seo\/ -->\n<title>portail des fournisseurs - France<\/title>\n<meta name=\"robots\" content=\"index, follow, max-snippet:-1, max-image-preview:large, max-video-preview:-1\" \/>\n<link rel=\"canonical\" href=\"https:\/\/www.tadano.com\/france\/fr\/a-propos\/chaine-approvisionnement\/supplier-portal\/\" \/>\n<meta property=\"og:locale\" content=\"fr_FR\" \/>\n<meta property=\"og:type\" content=\"article\" \/>\n<meta property=\"og:title\" content=\"portail des fournisseurs - France\" \/>\n<meta property=\"og:description\" content=\"Qu&rsquo;est-ce que portail des fournisseurs&nbsp;? Portail des fournisseurs est une plateforme logicielle bas\u00e9e sur le web qui acc\u00e9l\u00e8re les processus d&rsquo;achat et de logistique tout en rendant ces derniers plus transparents et plus efficaces en termes de ressources. Pour ce faire, la plateforme met toutes les donn\u00e9es de transport pertinentes \u00e0 la disposition des usines, [&hellip;]\" \/>\n<meta property=\"og:url\" content=\"https:\/\/www.tadano.com\/france\/fr\/a-propos\/chaine-approvisionnement\/supplier-portal\/\" \/>\n<meta property=\"og:site_name\" content=\"France\" \/>\n<meta property=\"article:modified_time\" content=\"2024-03-18T10:50:15+00:00\" \/>\n<meta name=\"twitter:card\" content=\"summary_large_image\" \/>\n<meta name=\"twitter:label1\" content=\"Dur\u00e9e de lecture estim\u00e9e\" \/>\n\t<meta name=\"twitter:data1\" content=\"2 minutes\" \/>\n<script type=\"application\/ld+json\" class=\"yoast-schema-graph\">{\"@context\":\"https:\/\/schema.org\",\"@graph\":[{\"@type\":\"WebPage\",\"@id\":\"https:\/\/www.tadano.com\/france\/fr\/a-propos\/chaine-approvisionnement\/supplier-portal\/\",\"url\":\"https:\/\/www.tadano.com\/france\/fr\/a-propos\/chaine-approvisionnement\/supplier-portal\/\",\"name\":\"portail des fournisseurs - France\",\"isPartOf\":{\"@id\":\"https:\/\/www.tadano.com\/france\/fr\/#website\"},\"datePublished\":\"2021-05-19T14:23:30+00:00\",\"dateModified\":\"2024-03-18T10:50:15+00:00\",\"inLanguage\":\"fr-FR\",\"potentialAction\":[{\"@type\":\"ReadAction\",\"target\":[\"https:\/\/www.tadano.com\/france\/fr\/a-propos\/chaine-approvisionnement\/supplier-portal\/\"]}]},{\"@type\":\"WebSite\",\"@id\":\"https:\/\/www.tadano.com\/france\/fr\/#website\",\"url\":\"https:\/\/www.tadano.com\/france\/fr\/\",\"name\":\"France\",\"description\":\"Just another TADANO EUROPE site\",\"potentialAction\":[{\"@type\":\"SearchAction\",\"target\":{\"@type\":\"EntryPoint\",\"urlTemplate\":\"https:\/\/www.tadano.com\/france\/fr\/?s={search_term_string}\"},\"query-input\":\"required name=search_term_string\"}],\"inLanguage\":\"fr-FR\"}]}<\/script>\n<!-- \/ Yoast SEO plugin. -->","yoast_head_json":{"title":"portail des fournisseurs - France","robots":{"index":"index","follow":"follow","max-snippet":"max-snippet:-1","max-image-preview":"max-image-preview:large","max-video-preview":"max-video-preview:-1"},"canonical":"https:\/\/www.tadano.com\/france\/fr\/a-propos\/chaine-approvisionnement\/supplier-portal\/","og_locale":"fr_FR","og_type":"article","og_title":"portail des fournisseurs - France","og_description":"Qu&rsquo;est-ce que portail des fournisseurs&nbsp;? Portail des fournisseurs est une plateforme logicielle bas\u00e9e sur le web qui acc\u00e9l\u00e8re les processus d&rsquo;achat et de logistique tout en rendant ces derniers plus transparents et plus efficaces en termes de ressources. Pour ce faire, la plateforme met toutes les donn\u00e9es de transport pertinentes \u00e0 la disposition des usines, [&hellip;]","og_url":"https:\/\/www.tadano.com\/france\/fr\/a-propos\/chaine-approvisionnement\/supplier-portal\/","og_site_name":"France","article_modified_time":"2024-03-18T10:50:15+00:00","twitter_card":"summary_large_image","twitter_misc":{"Dur\u00e9e de lecture estim\u00e9e":"2 minutes"},"schema":{"@context":"https:\/\/schema.org","@graph":[{"@type":"WebPage","@id":"https:\/\/www.tadano.com\/france\/fr\/a-propos\/chaine-approvisionnement\/supplier-portal\/","url":"https:\/\/www.tadano.com\/france\/fr\/a-propos\/chaine-approvisionnement\/supplier-portal\/","name":"portail des fournisseurs - France","isPartOf":{"@id":"https:\/\/www.tadano.com\/france\/fr\/#website"},"datePublished":"2021-05-19T14:23:30+00:00","dateModified":"2024-03-18T10:50:15+00:00","inLanguage":"fr-FR","potentialAction":[{"@type":"ReadAction","target":["https:\/\/www.tadano.com\/france\/fr\/a-propos\/chaine-approvisionnement\/supplier-portal\/"]}]},{"@type":"WebSite","@id":"https:\/\/www.tadano.com\/france\/fr\/#website","url":"https:\/\/www.tadano.com\/france\/fr\/","name":"France","description":"Just another TADANO EUROPE site","potentialAction":[{"@type":"SearchAction","target":{"@type":"EntryPoint","urlTemplate":"https:\/\/www.tadano.com\/france\/fr\/?s={search_term_string}"},"query-input":"required name=search_term_string"}],"inLanguage":"fr-FR"}]}},"_links":{"self":[{"href":"https:\/\/www.tadano.com\/france\/fr\/wp-json\/wp\/v2\/pages\/1152"}],"collection":[{"href":"https:\/\/www.tadano.com\/france\/fr\/wp-json\/wp\/v2\/pages"}],"about":[{"href":"https:\/\/www.tadano.com\/france\/fr\/wp-json\/wp\/v2\/types\/page"}],"author":[{"embeddable":true,"href":"https:\/\/www.tadano.com\/france\/fr\/wp-json\/wp\/v2\/users\/1"}],"replies":[{"embeddable":true,"href":"https:\/\/www.tadano.com\/france\/fr\/wp-json\/wp\/v2\/comments?post=1152"}],"version-history":[{"count":5,"href":"https:\/\/www.tadano.com\/france\/fr\/wp-json\/wp\/v2\/pages\/1152\/revisions"}],"predecessor-version":[{"id":13876,"href":"https:\/\/www.tadano.com\/france\/fr\/wp-json\/wp\/v2\/pages\/1152\/revisions\/13876"}],"up":[{"embeddable":true,"href":"https:\/\/www.tadano.com\/france\/fr\/wp-json\/wp\/v2\/pages\/1131"}],"wp:attachment":[{"href":"https:\/\/www.tadano.com\/france\/fr\/wp-json\/wp\/v2\/media?parent=1152"}],"curies":[{"name":"wp","href":"https:\/\/api.w.org\/{rel}","templated":true}]}}