{"id":1164,"date":"2021-05-26T05:37:50","date_gmt":"2021-05-26T05:37:50","guid":{"rendered":"https:\/\/www.tadano.com\/france\/a-propos\/chaine-approvisionnement\/politique-achats\/"},"modified":"2022-07-08T08:58:40","modified_gmt":"2022-07-08T08:58:40","slug":"politique-achats","status":"publish","type":"page","link":"https:\/\/www.tadano.com\/france\/fr\/a-propos\/chaine-approvisionnement\/politique-achats\/","title":{"rendered":"Politique d&rsquo;achats"},"content":{"rendered":"\n\n\n<section class=\"hero-section\">\n\n\t\n\t\t\t<style type=\"text\/css\">\n\t\t\t.hero-section .img-holder:before {\n\t\t\t\tdisplay: none;\n\t\t\t}\n\t\t<\/style>\n\t\n\t\n\t<div class=\"img-holder \">\n\t\t\t\t<div class=\"bg-stretch\" style=\"background-position: 50% 50%; \">\n\t\t\t<span data-srcset=\"https:\/\/assets.onetadano.com\/celum_assets\/hero\/DEMAG-Karriere_Feb2020-16.jpg, https:\/\/assets.onetadano.com\/celum_assets\/hero-2x\/DEMAG-Karriere_Feb2020-16.jpg 2x\"><\/span>\n\t\t<\/div>\n\t\t\t\t\t\t<div class=\"logo green-solutions\" style=\"display:none;\">\n\t\t\t<a href=\"#\"><img decoding=\"async\" src=\"https:\/\/www.tadano.com\/france\/wp-content\/themes\/tadano\/assets\/dist\/images\/Green-Solutions_Logo_White.svg\"><\/a>\n\t\t<\/div>\n\t<\/div>\n\t<div class=\"container\">\n\t\t<div class=\"text-holder \">\n\t\t\t<div class=\"wrap\">\n\t\t\t\t\n\t\t\t\t<ul class=\"breadcrumbs\"><li><a href=\"https:\/\/www.tadano.com\/france\/fr\/\">Accueil<\/a><\/li><\/ul>\n\t\t\t\t\n\n<h1 class=\"wp-block-heading\">Politique d&rsquo;achats<\/h1>\n\n\n\n<p>La politique d&rsquo;achats de Tadano Europe.<\/p>\n\n\n\n\t\t\t\t\n\t\t\t<\/div>\n\n\t\t\t\n\t\t\t\n\t\t\t\n\t\t<\/div>\n\t<\/div>\n<\/section>\n\n\n<div style=\"height:100px\" aria-hidden=\"true\" class=\"wp-block-spacer\"><\/div>\n\n\n\n<div class=\"wp-block-columns is-layout-flex wp-container-core-columns-layout-1 wp-block-columns-is-layout-flex\">\n<div class=\"wp-block-column is-layout-flow wp-block-column-is-layout-flow\" style=\"flex-basis:66.66%\">\n<p>Tadano s&rsquo;efforce d&rsquo;\u00e9tablir des relations de symbiose avec ses fournisseurs, car ces partenariats solides sont essentiels pour r\u00e9pondre et d\u00e9passer les attentes \u00e9lev\u00e9es de nos clients. Nos objectifs d&rsquo;approvisionnement requi\u00e8rent des fournisseurs qui partagent nos normes de qualit\u00e9, de s\u00e9curit\u00e9 et d&rsquo;efficacit\u00e9 en fournissant des produits de qualit\u00e9 constante dans des d\u00e9lais de livraison fiables avec des prix efficaces et une grande flexibilit\u00e9. Tadano s&rsquo;efforce d&rsquo;am\u00e9liorer en permanence ses lignes de produits, ses syst\u00e8mes de production et ses prestations de services pour tenir compte de l&rsquo;\u00e9volution des conditions et des exigences des clients. Cet objectif implique de travailler en coop\u00e9ration avec des fournisseurs de confiance pour d\u00e9velopper et partager des innovations qui augmentent la valeur pour nous tous tout au long de la cha\u00eene d&rsquo;approvisionnement. Ensemble, nous cherchons \u00e0 construire un avenir meilleur.<\/p>\n\n\n\n<p>Afin de d\u00e9finir et d&rsquo;am\u00e9liorer constamment notre coop\u00e9ration, nous mettons \u00e0 disposition nos directives g\u00e9n\u00e9rales d&rsquo;achat pour t\u00e9l\u00e9chargement ici :<\/p>\n\n\n\n<section class=\"link-with-lightbox\">\n\n\t\t\t<a href=\"https:\/\/go.onetadano.com\/QualityGuideline\">Quality Guideline<\/a>\n\t\t<\/section>\n\n\n\n<section class=\"link-with-lightbox\">\n\n\t\t\t<a href=\"https:\/\/go.onetadano.com\/QualityGuideline\u2013Attachment-A\">Quality Guideline Attachment A<\/a>\n\t\t<\/section>\n\n\n\n<section class=\"link-with-lightbox\">\n\n\t\t\t<a href=\"https:\/\/go.onetadano.com\/QualityGuideline\u2013Attachment-B\">Quality Guideline Attachment B<\/a>\n\t\t<\/section>\n\n\n\n<section class=\"link-with-lightbox\">\n\n\t\t\t<a href=\"https:\/\/go.onetadano.com\/InspectionGuideline\">Inspection Guideline<\/a>\n\t\t<\/section>\n\n\n\n<section class=\"link-with-lightbox\">\n\n\t\t\t<a href=\"https:\/\/go.onetadano.com\/InspectionGuideline-Attachment-A\">Inspection Guideline Attachment A<\/a>\n\t\t<\/section>\n<\/div>\n\n\n\n<div class=\"wp-block-column is-layout-flow wp-block-column-is-layout-flow\" style=\"flex-basis:33.33%\"><\/div>\n<\/div>\n\n\n\n<div style=\"height:100px\" aria-hidden=\"true\" class=\"wp-block-spacer\"><\/div>\n","protected":false},"excerpt":{"rendered":"<p>Tadano s&rsquo;efforce d&rsquo;\u00e9tablir des relations de symbiose avec ses fournisseurs, car ces partenariats solides sont essentiels pour r\u00e9pondre et d\u00e9passer les attentes \u00e9lev\u00e9es de nos clients. Nos objectifs d&rsquo;approvisionnement requi\u00e8rent des fournisseurs qui partagent nos normes de qualit\u00e9, de s\u00e9curit\u00e9 et d&rsquo;efficacit\u00e9 en fournissant des produits de qualit\u00e9 constante dans des d\u00e9lais de livraison fiables [&hellip;]<\/p>\n","protected":false},"author":2,"featured_media":0,"parent":1131,"menu_order":0,"comment_status":"closed","ping_status":"closed","template":"","meta":{"_acf_changed":false,"footnotes":""},"acf":[],"yoast_head":"<!-- This site is optimized with the Yoast SEO plugin v22.3 - https:\/\/yoast.com\/wordpress\/plugins\/seo\/ -->\n<title>Politique d&#039;achats - France<\/title>\n<meta name=\"robots\" content=\"index, follow, max-snippet:-1, max-image-preview:large, max-video-preview:-1\" \/>\n<link rel=\"canonical\" href=\"https:\/\/www.tadano.com\/france\/fr\/a-propos\/chaine-approvisionnement\/politique-achats\/\" \/>\n<meta property=\"og:locale\" content=\"fr_FR\" \/>\n<meta property=\"og:type\" content=\"article\" \/>\n<meta property=\"og:title\" content=\"Politique d&#039;achats - France\" \/>\n<meta property=\"og:description\" content=\"Tadano s&rsquo;efforce d&rsquo;\u00e9tablir des relations de symbiose avec ses fournisseurs, car ces partenariats solides sont essentiels pour r\u00e9pondre et d\u00e9passer les attentes \u00e9lev\u00e9es de nos clients. Nos objectifs d&rsquo;approvisionnement requi\u00e8rent des fournisseurs qui partagent nos normes de qualit\u00e9, de s\u00e9curit\u00e9 et d&rsquo;efficacit\u00e9 en fournissant des produits de qualit\u00e9 constante dans des d\u00e9lais de livraison fiables [&hellip;]\" \/>\n<meta property=\"og:url\" content=\"https:\/\/www.tadano.com\/france\/fr\/a-propos\/chaine-approvisionnement\/politique-achats\/\" \/>\n<meta property=\"og:site_name\" content=\"France\" \/>\n<meta property=\"article:modified_time\" content=\"2022-07-08T08:58:40+00:00\" \/>\n<meta name=\"twitter:card\" content=\"summary_large_image\" \/>\n<meta name=\"twitter:label1\" content=\"Dur\u00e9e de lecture estim\u00e9e\" \/>\n\t<meta name=\"twitter:data1\" content=\"1 minute\" \/>\n<script type=\"application\/ld+json\" class=\"yoast-schema-graph\">{\"@context\":\"https:\/\/schema.org\",\"@graph\":[{\"@type\":\"WebPage\",\"@id\":\"https:\/\/www.tadano.com\/france\/fr\/a-propos\/chaine-approvisionnement\/politique-achats\/\",\"url\":\"https:\/\/www.tadano.com\/france\/fr\/a-propos\/chaine-approvisionnement\/politique-achats\/\",\"name\":\"Politique d'achats - France\",\"isPartOf\":{\"@id\":\"https:\/\/www.tadano.com\/france\/fr\/#website\"},\"datePublished\":\"2021-05-26T05:37:50+00:00\",\"dateModified\":\"2022-07-08T08:58:40+00:00\",\"inLanguage\":\"fr-FR\",\"potentialAction\":[{\"@type\":\"ReadAction\",\"target\":[\"https:\/\/www.tadano.com\/france\/fr\/a-propos\/chaine-approvisionnement\/politique-achats\/\"]}]},{\"@type\":\"WebSite\",\"@id\":\"https:\/\/www.tadano.com\/france\/fr\/#website\",\"url\":\"https:\/\/www.tadano.com\/france\/fr\/\",\"name\":\"France\",\"description\":\"Just another TADANO EUROPE site\",\"potentialAction\":[{\"@type\":\"SearchAction\",\"target\":{\"@type\":\"EntryPoint\",\"urlTemplate\":\"https:\/\/www.tadano.com\/france\/fr\/?s={search_term_string}\"},\"query-input\":\"required name=search_term_string\"}],\"inLanguage\":\"fr-FR\"}]}<\/script>\n<!-- \/ Yoast SEO plugin. -->","yoast_head_json":{"title":"Politique d'achats - France","robots":{"index":"index","follow":"follow","max-snippet":"max-snippet:-1","max-image-preview":"max-image-preview:large","max-video-preview":"max-video-preview:-1"},"canonical":"https:\/\/www.tadano.com\/france\/fr\/a-propos\/chaine-approvisionnement\/politique-achats\/","og_locale":"fr_FR","og_type":"article","og_title":"Politique d'achats - France","og_description":"Tadano s&rsquo;efforce d&rsquo;\u00e9tablir des relations de symbiose avec ses fournisseurs, car ces partenariats solides sont essentiels pour r\u00e9pondre et d\u00e9passer les attentes \u00e9lev\u00e9es de nos clients. Nos objectifs d&rsquo;approvisionnement requi\u00e8rent des fournisseurs qui partagent nos normes de qualit\u00e9, de s\u00e9curit\u00e9 et d&rsquo;efficacit\u00e9 en fournissant des produits de qualit\u00e9 constante dans des d\u00e9lais de livraison fiables [&hellip;]","og_url":"https:\/\/www.tadano.com\/france\/fr\/a-propos\/chaine-approvisionnement\/politique-achats\/","og_site_name":"France","article_modified_time":"2022-07-08T08:58:40+00:00","twitter_card":"summary_large_image","twitter_misc":{"Dur\u00e9e de lecture estim\u00e9e":"1 minute"},"schema":{"@context":"https:\/\/schema.org","@graph":[{"@type":"WebPage","@id":"https:\/\/www.tadano.com\/france\/fr\/a-propos\/chaine-approvisionnement\/politique-achats\/","url":"https:\/\/www.tadano.com\/france\/fr\/a-propos\/chaine-approvisionnement\/politique-achats\/","name":"Politique d'achats - France","isPartOf":{"@id":"https:\/\/www.tadano.com\/france\/fr\/#website"},"datePublished":"2021-05-26T05:37:50+00:00","dateModified":"2022-07-08T08:58:40+00:00","inLanguage":"fr-FR","potentialAction":[{"@type":"ReadAction","target":["https:\/\/www.tadano.com\/france\/fr\/a-propos\/chaine-approvisionnement\/politique-achats\/"]}]},{"@type":"WebSite","@id":"https:\/\/www.tadano.com\/france\/fr\/#website","url":"https:\/\/www.tadano.com\/france\/fr\/","name":"France","description":"Just another TADANO EUROPE site","potentialAction":[{"@type":"SearchAction","target":{"@type":"EntryPoint","urlTemplate":"https:\/\/www.tadano.com\/france\/fr\/?s={search_term_string}"},"query-input":"required name=search_term_string"}],"inLanguage":"fr-FR"}]}},"_links":{"self":[{"href":"https:\/\/www.tadano.com\/france\/fr\/wp-json\/wp\/v2\/pages\/1164"}],"collection":[{"href":"https:\/\/www.tadano.com\/france\/fr\/wp-json\/wp\/v2\/pages"}],"about":[{"href":"https:\/\/www.tadano.com\/france\/fr\/wp-json\/wp\/v2\/types\/page"}],"author":[{"embeddable":true,"href":"https:\/\/www.tadano.com\/france\/fr\/wp-json\/wp\/v2\/users\/2"}],"replies":[{"embeddable":true,"href":"https:\/\/www.tadano.com\/france\/fr\/wp-json\/wp\/v2\/comments?post=1164"}],"version-history":[{"count":3,"href":"https:\/\/www.tadano.com\/france\/fr\/wp-json\/wp\/v2\/pages\/1164\/revisions"}],"predecessor-version":[{"id":13772,"href":"https:\/\/www.tadano.com\/france\/fr\/wp-json\/wp\/v2\/pages\/1164\/revisions\/13772"}],"up":[{"embeddable":true,"href":"https:\/\/www.tadano.com\/france\/fr\/wp-json\/wp\/v2\/pages\/1131"}],"wp:attachment":[{"href":"https:\/\/www.tadano.com\/france\/fr\/wp-json\/wp\/v2\/media?parent=1164"}],"curies":[{"name":"wp","href":"https:\/\/api.w.org\/{rel}","templated":true}]}}