{"id":13845,"date":"2023-12-11T14:46:24","date_gmt":"2023-12-11T14:46:24","guid":{"rendered":"https:\/\/www.tadano.com\/france\/a-propos\/chaine-approvisionnement\/loi-sur-les-obligations-de-diligence-raisonnable-des-entreprises\/"},"modified":"2026-04-15T10:27:42","modified_gmt":"2026-04-15T10:27:42","slug":"loi-sur-les-obligations-de-diligence-raisonnable-des-entreprises","status":"publish","type":"page","link":"https:\/\/www.tadano.com\/france\/fr\/a-propos\/chaine-approvisionnement\/loi-sur-les-obligations-de-diligence-raisonnable-des-entreprises\/","title":{"rendered":"Loi sur les obligations de diligence raisonnable des entreprises"},"content":{"rendered":"\n\n\n<section class=\"hero-section-alt2\">\n\n\t\n\t\t\t<style type=\"text\/css\">\n\t\t\t.hero-section .img-holder:before {\n\t\t\t\tdisplay: none;\n\t\t\t}\n\t\t<\/style>\n\t\n\t\n\t<div class=\"img-holder \">\n\t\t\t\t<div class=\"bg-stretch\" style=\"background-position: 50% 50%; \">\n\t\t\t<span data-srcset=\"https:\/\/assets.onetadano.com\/celum_assets\/hero\/DEMAG-Karriere_Feb2020-20.jpg, https:\/\/assets.onetadano.com\/celum_assets\/hero-2x\/DEMAG-Karriere_Feb2020-20.jpg 2x\"><\/span>\n\t\t<\/div>\n\t\t\t\t\t\t<div class=\"logo green-solutions\" style=\"display:none;\">\n\t\t\t<a href=\"#\"><img decoding=\"async\" src=\"https:\/\/www.tadano.com\/france\/wp-content\/themes\/tadano\/assets\/dist\/images\/Green-Solutions_Logo_White.svg\"><\/a>\n\t\t<\/div>\n\t<\/div>\n\t<div class=\"container\">\n\t\t<div class=\"text-holder \">\n\t\t\t<div class=\"wrap\">\n\t\t\t\t\n\t\t\t\t<ul class=\"breadcrumbs\"><li><a href=\"https:\/\/www.tadano.com\/france\/fr\/\">Accueil<\/a><\/li><\/ul>\n\t\t\t\t\n\n<h1 class=\"wp-block-heading\">Loi sur les obligations de diligence raisonnable des entreprises<\/h1>\n\n\n\n<p>Vous trouverez ici des documents conformes \u00e0 la loi sur le devoir de vigilance \u00e0 l&rsquo;\u00e9gard de la cha\u00eene d&rsquo;approvisionnement.<\/p>\n\n\n\n\t\t\t\t\n\t\t\t<\/div>\n\n\t\t\t\n\t\t\t\n\t\t\t\n\t\t<\/div>\n\t<\/div>\n<\/section>\n\n\n<div style=\"height:133px\" aria-hidden=\"true\" class=\"wp-block-spacer\"><\/div>\n\n\n\n<div class=\"wp-block-buttons is-layout-flex wp-block-buttons-is-layout-flex\"><\/div>\n\n\n\n<div class=\"wp-block-columns is-layout-flex wp-container-core-columns-layout-1 wp-block-columns-is-layout-flex\">\n<div class=\"wp-block-column is-layout-flow wp-block-column-is-layout-flow\">\n<div class=\"wp-block-buttons is-layout-flex wp-block-buttons-is-layout-flex\">\n<div class=\"wp-block-button\"><a class=\"wp-block-button__link wp-element-button\" href=\"https:\/\/www.tadano.com\/wp-content\/uploads\/2026\/04\/principle-declaration-human-rights-2026.pdf\">D\u00e9claration de principe<\/a><\/div>\n<\/div>\n<\/div>\n\n\n\n<div class=\"wp-block-column is-layout-flow wp-block-column-is-layout-flow\">\n<div class=\"wp-block-buttons is-layout-flex wp-block-buttons-is-layout-flex\">\n<div class=\"wp-block-button\"><a class=\"wp-block-button__link wp-element-button\" href=\"https:\/\/www.tadano.com\/wp-content\/uploads\/2023\/12\/Rules_of_procedure_en.pdf\">R\u00e8glement de proc\u00e9dure<\/a><\/div>\n<\/div>\n<\/div>\n\n\n\n<div class=\"wp-block-column is-layout-flow wp-block-column-is-layout-flow\">\n<div class=\"wp-block-buttons is-layout-flex wp-block-buttons-is-layout-flex\">\n<div class=\"wp-block-button\"><a class=\"wp-block-button__link wp-element-button\" href=\"https:\/\/www.tadano.com\/wp-content\/uploads\/2024\/06\/LKSG_Bericht_Geschaftsjahr_2023.pdf\">rapport loi sur la cha\u00eene d&rsquo;approvisionnement BAFA 2023<\/a><\/div>\n<\/div>\n<\/div>\n<\/div>\n","protected":false},"excerpt":{"rendered":"","protected":false},"author":3,"featured_media":0,"parent":1131,"menu_order":0,"comment_status":"closed","ping_status":"closed","template":"","meta":{"_acf_changed":false,"footnotes":""},"acf":[],"yoast_head":"<!-- This site is optimized with the Yoast SEO plugin v22.3 - https:\/\/yoast.com\/wordpress\/plugins\/seo\/ -->\n<title>Loi sur les obligations de diligence raisonnable des entreprises - France<\/title>\n<meta name=\"robots\" content=\"index, follow, max-snippet:-1, max-image-preview:large, max-video-preview:-1\" \/>\n<link rel=\"canonical\" href=\"https:\/\/www.tadano.com\/france\/fr\/a-propos\/chaine-approvisionnement\/loi-sur-les-obligations-de-diligence-raisonnable-des-entreprises\/\" \/>\n<meta property=\"og:locale\" content=\"fr_FR\" \/>\n<meta property=\"og:type\" content=\"article\" \/>\n<meta property=\"og:title\" content=\"Loi sur les obligations de diligence raisonnable des entreprises - France\" \/>\n<meta property=\"og:url\" content=\"https:\/\/www.tadano.com\/france\/fr\/a-propos\/chaine-approvisionnement\/loi-sur-les-obligations-de-diligence-raisonnable-des-entreprises\/\" \/>\n<meta property=\"og:site_name\" content=\"France\" \/>\n<meta property=\"article:modified_time\" content=\"2026-04-15T10:27:42+00:00\" \/>\n<meta name=\"twitter:card\" content=\"summary_large_image\" \/>\n<meta name=\"twitter:label1\" content=\"Dur\u00e9e de lecture estim\u00e9e\" \/>\n\t<meta name=\"twitter:data1\" content=\"1 minute\" \/>\n<script type=\"application\/ld+json\" class=\"yoast-schema-graph\">{\"@context\":\"https:\/\/schema.org\",\"@graph\":[{\"@type\":\"WebPage\",\"@id\":\"https:\/\/www.tadano.com\/france\/fr\/a-propos\/chaine-approvisionnement\/loi-sur-les-obligations-de-diligence-raisonnable-des-entreprises\/\",\"url\":\"https:\/\/www.tadano.com\/france\/fr\/a-propos\/chaine-approvisionnement\/loi-sur-les-obligations-de-diligence-raisonnable-des-entreprises\/\",\"name\":\"Loi sur les obligations de diligence raisonnable des entreprises - France\",\"isPartOf\":{\"@id\":\"https:\/\/www.tadano.com\/france\/fr\/#website\"},\"datePublished\":\"2023-12-11T14:46:24+00:00\",\"dateModified\":\"2026-04-15T10:27:42+00:00\",\"breadcrumb\":{\"@id\":\"https:\/\/www.tadano.com\/france\/fr\/a-propos\/chaine-approvisionnement\/loi-sur-les-obligations-de-diligence-raisonnable-des-entreprises\/#breadcrumb\"},\"inLanguage\":\"fr-FR\",\"potentialAction\":[{\"@type\":\"ReadAction\",\"target\":[\"https:\/\/www.tadano.com\/france\/fr\/a-propos\/chaine-approvisionnement\/loi-sur-les-obligations-de-diligence-raisonnable-des-entreprises\/\"]}]},{\"@type\":\"BreadcrumbList\",\"@id\":\"https:\/\/www.tadano.com\/france\/fr\/a-propos\/chaine-approvisionnement\/loi-sur-les-obligations-de-diligence-raisonnable-des-entreprises\/#breadcrumb\",\"itemListElement\":[{\"@type\":\"ListItem\",\"position\":1,\"name\":\"\u00c0 propos\",\"item\":\"https:\/\/www.tadano.com\/france\/a-propos\/\"},{\"@type\":\"ListItem\",\"position\":2,\"name\":\"Cha\u00eene d\u2019approvisionnement\",\"item\":\"https:\/\/www.tadano.com\/france\/fr\/a-propos\/chaine-approvisionnement\/\"},{\"@type\":\"ListItem\",\"position\":3,\"name\":\"Loi sur les obligations de diligence raisonnable des entreprises\"}]},{\"@type\":\"WebSite\",\"@id\":\"https:\/\/www.tadano.com\/france\/fr\/#website\",\"url\":\"https:\/\/www.tadano.com\/france\/fr\/\",\"name\":\"France\",\"description\":\"Just another TADANO EUROPE site\",\"potentialAction\":[{\"@type\":\"SearchAction\",\"target\":{\"@type\":\"EntryPoint\",\"urlTemplate\":\"https:\/\/www.tadano.com\/france\/fr\/?s={search_term_string}\"},\"query-input\":\"required name=search_term_string\"}],\"inLanguage\":\"fr-FR\"}]}<\/script>\n<!-- \/ Yoast SEO plugin. -->","yoast_head_json":{"title":"Loi sur les obligations de diligence raisonnable des entreprises - France","robots":{"index":"index","follow":"follow","max-snippet":"max-snippet:-1","max-image-preview":"max-image-preview:large","max-video-preview":"max-video-preview:-1"},"canonical":"https:\/\/www.tadano.com\/france\/fr\/a-propos\/chaine-approvisionnement\/loi-sur-les-obligations-de-diligence-raisonnable-des-entreprises\/","og_locale":"fr_FR","og_type":"article","og_title":"Loi sur les obligations de diligence raisonnable des entreprises - France","og_url":"https:\/\/www.tadano.com\/france\/fr\/a-propos\/chaine-approvisionnement\/loi-sur-les-obligations-de-diligence-raisonnable-des-entreprises\/","og_site_name":"France","article_modified_time":"2026-04-15T10:27:42+00:00","twitter_card":"summary_large_image","twitter_misc":{"Dur\u00e9e de lecture estim\u00e9e":"1 minute"},"schema":{"@context":"https:\/\/schema.org","@graph":[{"@type":"WebPage","@id":"https:\/\/www.tadano.com\/france\/fr\/a-propos\/chaine-approvisionnement\/loi-sur-les-obligations-de-diligence-raisonnable-des-entreprises\/","url":"https:\/\/www.tadano.com\/france\/fr\/a-propos\/chaine-approvisionnement\/loi-sur-les-obligations-de-diligence-raisonnable-des-entreprises\/","name":"Loi sur les obligations de diligence raisonnable des entreprises - France","isPartOf":{"@id":"https:\/\/www.tadano.com\/france\/fr\/#website"},"datePublished":"2023-12-11T14:46:24+00:00","dateModified":"2026-04-15T10:27:42+00:00","breadcrumb":{"@id":"https:\/\/www.tadano.com\/france\/fr\/a-propos\/chaine-approvisionnement\/loi-sur-les-obligations-de-diligence-raisonnable-des-entreprises\/#breadcrumb"},"inLanguage":"fr-FR","potentialAction":[{"@type":"ReadAction","target":["https:\/\/www.tadano.com\/france\/fr\/a-propos\/chaine-approvisionnement\/loi-sur-les-obligations-de-diligence-raisonnable-des-entreprises\/"]}]},{"@type":"BreadcrumbList","@id":"https:\/\/www.tadano.com\/france\/fr\/a-propos\/chaine-approvisionnement\/loi-sur-les-obligations-de-diligence-raisonnable-des-entreprises\/#breadcrumb","itemListElement":[{"@type":"ListItem","position":1,"name":"\u00c0 propos","item":"https:\/\/www.tadano.com\/france\/a-propos\/"},{"@type":"ListItem","position":2,"name":"Cha\u00eene d\u2019approvisionnement","item":"https:\/\/www.tadano.com\/france\/fr\/a-propos\/chaine-approvisionnement\/"},{"@type":"ListItem","position":3,"name":"Loi sur les obligations de diligence raisonnable des entreprises"}]},{"@type":"WebSite","@id":"https:\/\/www.tadano.com\/france\/fr\/#website","url":"https:\/\/www.tadano.com\/france\/fr\/","name":"France","description":"Just another TADANO EUROPE site","potentialAction":[{"@type":"SearchAction","target":{"@type":"EntryPoint","urlTemplate":"https:\/\/www.tadano.com\/france\/fr\/?s={search_term_string}"},"query-input":"required name=search_term_string"}],"inLanguage":"fr-FR"}]}},"_links":{"self":[{"href":"https:\/\/www.tadano.com\/france\/fr\/wp-json\/wp\/v2\/pages\/13845"}],"collection":[{"href":"https:\/\/www.tadano.com\/france\/fr\/wp-json\/wp\/v2\/pages"}],"about":[{"href":"https:\/\/www.tadano.com\/france\/fr\/wp-json\/wp\/v2\/types\/page"}],"author":[{"embeddable":true,"href":"https:\/\/www.tadano.com\/france\/fr\/wp-json\/wp\/v2\/users\/3"}],"replies":[{"embeddable":true,"href":"https:\/\/www.tadano.com\/france\/fr\/wp-json\/wp\/v2\/comments?post=13845"}],"version-history":[{"count":2,"href":"https:\/\/www.tadano.com\/france\/fr\/wp-json\/wp\/v2\/pages\/13845\/revisions"}],"predecessor-version":[{"id":14872,"href":"https:\/\/www.tadano.com\/france\/fr\/wp-json\/wp\/v2\/pages\/13845\/revisions\/14872"}],"up":[{"embeddable":true,"href":"https:\/\/www.tadano.com\/france\/fr\/wp-json\/wp\/v2\/pages\/1131"}],"wp:attachment":[{"href":"https:\/\/www.tadano.com\/france\/fr\/wp-json\/wp\/v2\/media?parent=13845"}],"curies":[{"name":"wp","href":"https:\/\/api.w.org\/{rel}","templated":true}]}}