{"id":1407,"date":"2021-03-19T10:12:05","date_gmt":"2021-03-19T10:12:05","guid":{"rendered":"https:\/\/www.tadano.com\/france\/ventes-services\/pieces-de-rechange\/"},"modified":"2026-03-11T09:04:42","modified_gmt":"2026-03-11T09:04:42","slug":"pieces-de-rechange","status":"publish","type":"page","link":"https:\/\/www.tadano.com\/france\/fr\/ventes-services\/pieces-de-rechange\/","title":{"rendered":"Pi\u00e8ces de rechange"},"content":{"rendered":"\n\n\n<section class=\"hero-section\">\n\n\t\n\t\t\t<style type=\"text\/css\">\n\t\t\t.hero-section .img-holder:before {\n\t\t\t\tdisplay: none;\n\t\t\t}\n\t\t<\/style>\n\t\n\t\n\t<div class=\"img-holder \">\n\t\t\t\t<div class=\"bg-stretch\" style=\"background-position: 50% 50%; \">\n\t\t\t<span data-srcset=\"https:\/\/assets.onetadano.com\/celum_assets\/hero\/Lager_Lauf_web-2.jpg, https:\/\/assets.onetadano.com\/celum_assets\/hero-2x\/Lager_Lauf_web-2.jpg 2x\"><\/span>\n\t\t<\/div>\n\t\t\t\t\t\t<div class=\"logo green-solutions\" style=\"display:none;\">\n\t\t\t<a href=\"#\"><img decoding=\"async\" src=\"https:\/\/www.tadano.com\/france\/wp-content\/themes\/tadano\/assets\/dist\/images\/Green-Solutions_Logo_White.svg\"><\/a>\n\t\t<\/div>\n\t<\/div>\n\t<div class=\"container\">\n\t\t<div class=\"text-holder \">\n\t\t\t<div class=\"wrap\">\n\t\t\t\t\n\t\t\t\t<ul class=\"breadcrumbs\"><li><a href=\"https:\/\/www.tadano.com\/france\/fr\/\">Accueil<\/a><\/li><\/ul>\n\t\t\t\t\n\n<h1 class=\"wp-block-heading\">PI\u00c8CES DE RECHANGE<\/h1>\n\n\n\n<p>Nos pi\u00e8ces de rechange originales pour grues Tadano aident votre entreprise et vos grues \u00e0 atteindre des performances optimales. Nous sommes l\u00e0 pour vous soutenir avec une excellente disponibilit\u00e9 des pi\u00e8ces de rechange et une exp\u00e9dition rapide.<\/p>\n\n\n\n<div class=\"wp-block-buttons is-layout-flex wp-block-buttons-is-layout-flex\">\n<div class=\"wp-block-button\"><a class=\"wp-block-button__link wp-element-button\" href=\"#contact\">contactEZ-NOUS<\/a><\/div>\n<\/div>\n\n\n\n\t\t\t\t\n\t\t\t<\/div>\n\n\t\t\t\n\t\t\t\n\t\t\t\n\t\t<\/div>\n\t<\/div>\n<\/section>\n\n\n<div class=\"wp-block-group is-style-background-cyan is-layout-flow wp-block-group-is-layout-flow\"><div class=\"wp-block-group__inner-container\">\n<h2 class=\"wp-block-heading\">AIDE DIRECTE<\/h2>\n\n\n\n<p>Nous sommes l\u00e0 pour assurer le bon fonctionnement de votre entreprise et de vos grues. Il vous suffit de contacter nos experts, et vous recevrez les pi\u00e8ces de rechange originales dans les plus brefs d\u00e9lais.<\/p>\n\n\n\n<div class=\"wp-block-columns is-layout-flex wp-container-core-columns-layout-1 wp-block-columns-is-layout-flex\">\n<div class=\"wp-block-column is-layout-flow wp-block-column-is-layout-flow\">\n<div class=\"wp-block-buttons is-layout-flex wp-block-buttons-is-layout-flex\">\n<div class=\"wp-block-button is-style-dark-blue-with-phone-icon\"><a class=\"wp-block-button__link wp-element-button\" href=\"tel:+33358348128\">+33 358 348 128<\/a><\/div>\n<\/div>\n<\/div>\n\n\n\n<div class=\"wp-block-column is-layout-flow wp-block-column-is-layout-flow\">\n<div class=\"wp-block-buttons is-layout-flex wp-block-buttons-is-layout-flex\">\n<div class=\"wp-block-button is-style-dark-blue-with-mail-icon\"><a class=\"wp-block-button__link wp-element-button\" href=\"mailto:pieces-detachees@tadano.com\">EMAIL<\/a><\/div>\n<\/div>\n<\/div>\n<\/div>\n<\/div><\/div>\n\n\n\n<div style=\"height:59px\" aria-hidden=\"true\" class=\"wp-block-spacer\"><\/div>\n\n\n\n<div class=\"wp-block-columns is-layout-flex wp-container-core-columns-layout-2 wp-block-columns-is-layout-flex\">\n<div class=\"wp-block-column is-layout-flow wp-block-column-is-layout-flow\" style=\"flex-basis:60%\">\n<h2 class=\"wp-block-heading\">PI\u00c8CES<\/h2>\n\n\n\n<p>Les pi\u00e8ces d&rsquo;origine Tadano garantissent que votre \u00e9quipement continue \u00e0 fonctionner au maximum de ses performances. Nos agents de service et nos distributeurs peuvent vous fournir rapidement les bonnes pi\u00e8ces pour minimiser les temps d&rsquo;arr\u00eat et vous permettre de rester productif.<\/p>\n<\/div>\n\n\n\n<div class=\"wp-block-column is-layout-flow wp-block-column-is-layout-flow\" style=\"flex-basis:40%\"><\/div>\n<\/div>\n\n\n\n<h4 class=\"wp-block-heading\">Commande de pi\u00e8ces<\/h4>\n\n\n\n<p>Commander des pi\u00e8ces d\u00e9tach\u00e9es pour les grues tout-terrain, sur chenilles, camion-grues et automotrices lentes de Tadano.<\/p>\n\n\n\n<div class=\"wp-block-buttons is-layout-flex wp-block-buttons-is-layout-flex\">\n<div class=\"wp-block-button\"><a class=\"wp-block-button__link wp-element-button\" href=\"https:\/\/www.tadano.com\/france\/fr\/ventes-services\/pieces-de-rechange\/pieces-de-rechange-tadano\/\">Commander des pi\u00e8ces<\/a><\/div>\n<\/div>\n\n\n\n<p><\/p>\n\n\n\n<h4 class=\"wp-block-heading\">Manuels de pi\u00e8ces<\/h4>\n\n\n\n<p>Parcourez nos manuels de pi\u00e8ces pour grues tout-terrain et grues sur chenilles.<\/p>\n\n\n\n<div class=\"wp-block-columns is-layout-flex wp-container-core-columns-layout-3 wp-block-columns-is-layout-flex\">\n<div class=\"wp-block-column is-layout-flow wp-block-column-is-layout-flow\" style=\"flex-basis:100%\">\n<div class=\"wp-block-buttons is-layout-flex wp-block-buttons-is-layout-flex\">\n<div class=\"wp-block-button\"><a class=\"wp-block-button__link wp-element-button\" href=\"https:\/\/spareparts.tadanoeurope.com\/catalog\/\" target=\"_blank\" rel=\"noreferrer noopener\">PRODUITS AC &amp; CC<\/a><\/div>\n\n\n\n<div class=\"wp-block-button\"><a class=\"wp-block-button__link wp-element-button\" href=\"https:\/\/spareparts.tadanoeurope.com\/catalogmlm\/\" target=\"_blank\" rel=\"noreferrer noopener\">PRODUITS HISTORIQUES MONTCEAU-LES-MINES<\/a><\/div>\n<\/div>\n\n\n\n<p><\/p>\n<\/div>\n<\/div>\n\n\n<div id=\"contact\"><\/div>\n\n\n\n<section class=\"sales-team hide-background-triangle  \">\n   <div class=\"container\">\n                    <div class=\"section-heading\">\n                <div class=\"heading\">\n                    <h2>Votre \u00c9quipe Pi\u00e8ces D\u00e9tach\u00e9es Tadano France<\/h2>\n                <\/div>\n            <\/div>\n              <div class=\"threerow-slider dots-info has-no-images\">\n                 \n                        <div class=\"card-col no-img wide-card\">\n                <div class=\"info-card responsive\">\n                    <div class=\"card-img\">\n                                            <\/div>\n                    <div class=\"card-content\">\n                        <div class=\"card-title\">\n                            <p>Philippe Capoferri<\/p>\n                        <\/div>\n                        <div class=\"card-info\">\n                            <strong class=\"first-row row\">Responsable vente pi\u00e8ces de rechange<\/strong>\n                            <strong class=\"row\"><\/strong>\n                            <strong class=\"row\"><\/strong>\n                                                            <strong class=\"row\">\n                                <svg style=\"display:inline;\" xmlns=\"http:\/\/www.w3.org\/2000\/svg\" id=\"Layer_1\" data-name=\"Layer 1\" viewBox=\"0 0 24 24\" width=\"15\" height=\"15\"><path d=\"M24,6.24c0,7.64-10.13,17.76-17.76,17.76-1.67,0-3.23-.63-4.38-1.78l-1-1.15c-1.16-1.16-1.16-3.12,.05-4.33,.03-.03,2.44-1.88,2.44-1.88,1.2-1.14,3.09-1.14,4.28,0l1.46,1.17c3.2-1.36,5.47-3.64,6.93-6.95l-1.16-1.46c-1.15-1.19-1.15-3.09,0-4.28,0,0,1.85-2.41,1.88-2.44,1.21-1.21,3.17-1.21,4.38,0l1.05,.91c1.2,1.19,1.83,2.75,1.83,4.42Z\"\/><\/svg>\n                                <a href=\"tel:+33358348123\">+33 3 58 34 81 23<\/a>\n                                <\/strong> \n                                                                                        <strong class=\"row\">\n                                <svg tyle=\"display:inline;\"  xmlns=\"http:\/\/www.w3.org\/2000\/svg\" id=\"Filled\" viewBox=\"0 0 24 24\" width=\"15\" height=\"15\"><path d=\"M23.954,5.542,15.536,13.96a5.007,5.007,0,0,1-7.072,0L.046,5.542C.032,5.7,0,5.843,0,6V18a5.006,5.006,0,0,0,5,5H19a5.006,5.006,0,0,0,5-5V6C24,5.843,23.968,5.7,23.954,5.542Z\"\/><path d=\"M14.122,12.546l9.134-9.135A4.986,4.986,0,0,0,19,1H5A4.986,4.986,0,0,0,.744,3.411l9.134,9.135A3.007,3.007,0,0,0,14.122,12.546Z\"\/><\/svg>\n                                <a href=\"mailto:philippe.capoferri@tadano.com\">philippe.capoferri@tadano.com<\/a>\n                            <\/strong>\n                                                    <\/div>\n                    <\/div>\n                <\/div>\n            <\/div>\n         \n                        <div class=\"card-col no-img wide-card\">\n                <div class=\"info-card responsive\">\n                    <div class=\"card-img\">\n                                            <\/div>\n                    <div class=\"card-content\">\n                        <div class=\"card-title\">\n                            <p>Benjamin Aupecle<\/p>\n                        <\/div>\n                        <div class=\"card-info\">\n                            <strong class=\"first-row row\">Commercial pi\u00e8ces de rechange<\/strong>\n                            <strong class=\"row\"><\/strong>\n                            <strong class=\"row\"><\/strong>\n                                                            <strong class=\"row\">\n                                <svg style=\"display:inline;\" xmlns=\"http:\/\/www.w3.org\/2000\/svg\" id=\"Layer_1\" data-name=\"Layer 1\" viewBox=\"0 0 24 24\" width=\"15\" height=\"15\"><path d=\"M24,6.24c0,7.64-10.13,17.76-17.76,17.76-1.67,0-3.23-.63-4.38-1.78l-1-1.15c-1.16-1.16-1.16-3.12,.05-4.33,.03-.03,2.44-1.88,2.44-1.88,1.2-1.14,3.09-1.14,4.28,0l1.46,1.17c3.2-1.36,5.47-3.64,6.93-6.95l-1.16-1.46c-1.15-1.19-1.15-3.09,0-4.28,0,0,1.85-2.41,1.88-2.44,1.21-1.21,3.17-1.21,4.38,0l1.05,.91c1.2,1.19,1.83,2.75,1.83,4.42Z\"\/><\/svg>\n                                <a href=\"tel:+33358348121\">+33 3 58 34 81 21<\/a>\n                                <\/strong> \n                                                                                        <strong class=\"row\">\n                                <svg tyle=\"display:inline;\"  xmlns=\"http:\/\/www.w3.org\/2000\/svg\" id=\"Filled\" viewBox=\"0 0 24 24\" width=\"15\" height=\"15\"><path d=\"M23.954,5.542,15.536,13.96a5.007,5.007,0,0,1-7.072,0L.046,5.542C.032,5.7,0,5.843,0,6V18a5.006,5.006,0,0,0,5,5H19a5.006,5.006,0,0,0,5-5V6C24,5.843,23.968,5.7,23.954,5.542Z\"\/><path d=\"M14.122,12.546l9.134-9.135A4.986,4.986,0,0,0,19,1H5A4.986,4.986,0,0,0,.744,3.411l9.134,9.135A3.007,3.007,0,0,0,14.122,12.546Z\"\/><\/svg>\n                                <a href=\"mailto:benjamin.aupecle@tadano.com\">benjamin.aupecle@tadano.com<\/a>\n                            <\/strong>\n                                                    <\/div>\n                    <\/div>\n                <\/div>\n            <\/div>\n         \n                        <div class=\"card-col no-img wide-card\">\n                <div class=\"info-card responsive\">\n                    <div class=\"card-img\">\n                                            <\/div>\n                    <div class=\"card-content\">\n                        <div class=\"card-title\">\n                            <p>C\u00e9dric Fernandes<\/p>\n                        <\/div>\n                        <div class=\"card-info\">\n                            <strong class=\"first-row row\">Commercial pi\u00e8ces de rechange<\/strong>\n                            <strong class=\"row\"><\/strong>\n                            <strong class=\"row\"><\/strong>\n                                                            <strong class=\"row\">\n                                <svg style=\"display:inline;\" xmlns=\"http:\/\/www.w3.org\/2000\/svg\" id=\"Layer_1\" data-name=\"Layer 1\" viewBox=\"0 0 24 24\" width=\"15\" height=\"15\"><path d=\"M24,6.24c0,7.64-10.13,17.76-17.76,17.76-1.67,0-3.23-.63-4.38-1.78l-1-1.15c-1.16-1.16-1.16-3.12,.05-4.33,.03-.03,2.44-1.88,2.44-1.88,1.2-1.14,3.09-1.14,4.28,0l1.46,1.17c3.2-1.36,5.47-3.64,6.93-6.95l-1.16-1.46c-1.15-1.19-1.15-3.09,0-4.28,0,0,1.85-2.41,1.88-2.44,1.21-1.21,3.17-1.21,4.38,0l1.05,.91c1.2,1.19,1.83,2.75,1.83,4.42Z\"\/><\/svg>\n                                <a href=\"tel:+33358348130\">+33 358 348 130<\/a>\n                                <\/strong> \n                                                                                        <strong class=\"row\">\n                                <svg tyle=\"display:inline;\"  xmlns=\"http:\/\/www.w3.org\/2000\/svg\" id=\"Filled\" viewBox=\"0 0 24 24\" width=\"15\" height=\"15\"><path d=\"M23.954,5.542,15.536,13.96a5.007,5.007,0,0,1-7.072,0L.046,5.542C.032,5.7,0,5.843,0,6V18a5.006,5.006,0,0,0,5,5H19a5.006,5.006,0,0,0,5-5V6C24,5.843,23.968,5.7,23.954,5.542Z\"\/><path d=\"M14.122,12.546l9.134-9.135A4.986,4.986,0,0,0,19,1H5A4.986,4.986,0,0,0,.744,3.411l9.134,9.135A3.007,3.007,0,0,0,14.122,12.546Z\"\/><\/svg>\n                                <a href=\"mailto:cedric.fernandes@tadano.com\">cedric.fernandes@tadano.com<\/a>\n                            <\/strong>\n                                                    <\/div>\n                    <\/div>\n                <\/div>\n            <\/div>\n         \n                        <div class=\"card-col no-img wide-card\">\n                <div class=\"info-card responsive\">\n                    <div class=\"card-img\">\n                                            <\/div>\n                    <div class=\"card-content\">\n                        <div class=\"card-title\">\n                            <p>Sandra Vernus<\/p>\n                        <\/div>\n                        <div class=\"card-info\">\n                            <strong class=\"first-row row\">Assistante service pi\u00e8ces de rechange<\/strong>\n                            <strong class=\"row\"><\/strong>\n                            <strong class=\"row\"><\/strong>\n                                                            <strong class=\"row\">\n                                <svg style=\"display:inline;\" xmlns=\"http:\/\/www.w3.org\/2000\/svg\" id=\"Layer_1\" data-name=\"Layer 1\" viewBox=\"0 0 24 24\" width=\"15\" height=\"15\"><path d=\"M24,6.24c0,7.64-10.13,17.76-17.76,17.76-1.67,0-3.23-.63-4.38-1.78l-1-1.15c-1.16-1.16-1.16-3.12,.05-4.33,.03-.03,2.44-1.88,2.44-1.88,1.2-1.14,3.09-1.14,4.28,0l1.46,1.17c3.2-1.36,5.47-3.64,6.93-6.95l-1.16-1.46c-1.15-1.19-1.15-3.09,0-4.28,0,0,1.85-2.41,1.88-2.44,1.21-1.21,3.17-1.21,4.38,0l1.05,.91c1.2,1.19,1.83,2.75,1.83,4.42Z\"\/><\/svg>\n                                <a href=\"tel:+33358348122\">+33 3 58 34 81 22<\/a>\n                                <\/strong> \n                                                                                        <strong class=\"row\">\n                                <svg tyle=\"display:inline;\"  xmlns=\"http:\/\/www.w3.org\/2000\/svg\" id=\"Filled\" viewBox=\"0 0 24 24\" width=\"15\" height=\"15\"><path d=\"M23.954,5.542,15.536,13.96a5.007,5.007,0,0,1-7.072,0L.046,5.542C.032,5.7,0,5.843,0,6V18a5.006,5.006,0,0,0,5,5H19a5.006,5.006,0,0,0,5-5V6C24,5.843,23.968,5.7,23.954,5.542Z\"\/><path d=\"M14.122,12.546l9.134-9.135A4.986,4.986,0,0,0,19,1H5A4.986,4.986,0,0,0,.744,3.411l9.134,9.135A3.007,3.007,0,0,0,14.122,12.546Z\"\/><\/svg>\n                                <a href=\"mailto:sandra.vernus@tadano.com\">sandra.vernus@tadano.com<\/a>\n                            <\/strong>\n                                                    <\/div>\n                    <\/div>\n                <\/div>\n            <\/div>\n              <\/div>\n   <\/div>\n<\/section>","protected":false},"excerpt":{"rendered":"<p>AIDE DIRECTE Nous sommes l\u00e0 pour assurer le bon fonctionnement de votre entreprise et de vos grues. Il vous suffit de contacter nos experts, et vous recevrez les pi\u00e8ces de rechange originales dans les plus brefs d\u00e9lais. PI\u00c8CES Les pi\u00e8ces d&rsquo;origine Tadano garantissent que votre \u00e9quipement continue \u00e0 fonctionner au maximum de ses performances. Nos [&hellip;]<\/p>\n","protected":false},"author":1,"featured_media":0,"parent":1339,"menu_order":0,"comment_status":"closed","ping_status":"closed","template":"","meta":{"_acf_changed":false,"footnotes":""},"acf":[],"yoast_head":"<!-- This site is optimized with the Yoast SEO plugin v22.3 - https:\/\/yoast.com\/wordpress\/plugins\/seo\/ -->\n<title>Pi\u00e8ces de rechange - France<\/title>\n<meta name=\"robots\" content=\"index, follow, max-snippet:-1, max-image-preview:large, max-video-preview:-1\" \/>\n<link rel=\"canonical\" href=\"https:\/\/www.tadano.com\/france\/fr\/ventes-services\/pieces-de-rechange\/\" \/>\n<meta property=\"og:locale\" content=\"fr_FR\" \/>\n<meta property=\"og:type\" content=\"article\" \/>\n<meta property=\"og:title\" content=\"Pi\u00e8ces de rechange - France\" \/>\n<meta property=\"og:description\" content=\"AIDE DIRECTE Nous sommes l\u00e0 pour assurer le bon fonctionnement de votre entreprise et de vos grues. Il vous suffit de contacter nos experts, et vous recevrez les pi\u00e8ces de rechange originales dans les plus brefs d\u00e9lais. PI\u00c8CES Les pi\u00e8ces d&rsquo;origine Tadano garantissent que votre \u00e9quipement continue \u00e0 fonctionner au maximum de ses performances. Nos [&hellip;]\" \/>\n<meta property=\"og:url\" content=\"https:\/\/www.tadano.com\/france\/fr\/ventes-services\/pieces-de-rechange\/\" \/>\n<meta property=\"og:site_name\" content=\"France\" \/>\n<meta property=\"article:modified_time\" content=\"2026-03-11T09:04:42+00:00\" \/>\n<meta name=\"twitter:card\" content=\"summary_large_image\" \/>\n<meta name=\"twitter:label1\" content=\"Dur\u00e9e de lecture estim\u00e9e\" \/>\n\t<meta name=\"twitter:data1\" content=\"1 minute\" \/>\n<script type=\"application\/ld+json\" class=\"yoast-schema-graph\">{\"@context\":\"https:\/\/schema.org\",\"@graph\":[{\"@type\":\"WebPage\",\"@id\":\"https:\/\/www.tadano.com\/france\/fr\/ventes-services\/pieces-de-rechange\/\",\"url\":\"https:\/\/www.tadano.com\/france\/fr\/ventes-services\/pieces-de-rechange\/\",\"name\":\"Pi\u00e8ces de rechange - France\",\"isPartOf\":{\"@id\":\"https:\/\/www.tadano.com\/france\/fr\/#website\"},\"datePublished\":\"2021-03-19T10:12:05+00:00\",\"dateModified\":\"2026-03-11T09:04:42+00:00\",\"breadcrumb\":{\"@id\":\"https:\/\/www.tadano.com\/france\/fr\/ventes-services\/pieces-de-rechange\/#breadcrumb\"},\"inLanguage\":\"fr-FR\",\"potentialAction\":[{\"@type\":\"ReadAction\",\"target\":[\"https:\/\/www.tadano.com\/france\/fr\/ventes-services\/pieces-de-rechange\/\"]}]},{\"@type\":\"BreadcrumbList\",\"@id\":\"https:\/\/www.tadano.com\/france\/fr\/ventes-services\/pieces-de-rechange\/#breadcrumb\",\"itemListElement\":[{\"@type\":\"ListItem\",\"position\":1,\"name\":\"Ventes et Services\",\"item\":\"https:\/\/www.tadano.com\/france\/fr\/ventes-services\/\"},{\"@type\":\"ListItem\",\"position\":2,\"name\":\"Pi\u00e8ces de rechange\"}]},{\"@type\":\"WebSite\",\"@id\":\"https:\/\/www.tadano.com\/france\/fr\/#website\",\"url\":\"https:\/\/www.tadano.com\/france\/fr\/\",\"name\":\"France\",\"description\":\"Just another TADANO EUROPE site\",\"potentialAction\":[{\"@type\":\"SearchAction\",\"target\":{\"@type\":\"EntryPoint\",\"urlTemplate\":\"https:\/\/www.tadano.com\/france\/fr\/?s={search_term_string}\"},\"query-input\":\"required name=search_term_string\"}],\"inLanguage\":\"fr-FR\"}]}<\/script>\n<!-- \/ Yoast SEO plugin. -->","yoast_head_json":{"title":"Pi\u00e8ces de rechange - France","robots":{"index":"index","follow":"follow","max-snippet":"max-snippet:-1","max-image-preview":"max-image-preview:large","max-video-preview":"max-video-preview:-1"},"canonical":"https:\/\/www.tadano.com\/france\/fr\/ventes-services\/pieces-de-rechange\/","og_locale":"fr_FR","og_type":"article","og_title":"Pi\u00e8ces de rechange - France","og_description":"AIDE DIRECTE Nous sommes l\u00e0 pour assurer le bon fonctionnement de votre entreprise et de vos grues. Il vous suffit de contacter nos experts, et vous recevrez les pi\u00e8ces de rechange originales dans les plus brefs d\u00e9lais. PI\u00c8CES Les pi\u00e8ces d&rsquo;origine Tadano garantissent que votre \u00e9quipement continue \u00e0 fonctionner au maximum de ses performances. Nos [&hellip;]","og_url":"https:\/\/www.tadano.com\/france\/fr\/ventes-services\/pieces-de-rechange\/","og_site_name":"France","article_modified_time":"2026-03-11T09:04:42+00:00","twitter_card":"summary_large_image","twitter_misc":{"Dur\u00e9e de lecture estim\u00e9e":"1 minute"},"schema":{"@context":"https:\/\/schema.org","@graph":[{"@type":"WebPage","@id":"https:\/\/www.tadano.com\/france\/fr\/ventes-services\/pieces-de-rechange\/","url":"https:\/\/www.tadano.com\/france\/fr\/ventes-services\/pieces-de-rechange\/","name":"Pi\u00e8ces de rechange - France","isPartOf":{"@id":"https:\/\/www.tadano.com\/france\/fr\/#website"},"datePublished":"2021-03-19T10:12:05+00:00","dateModified":"2026-03-11T09:04:42+00:00","breadcrumb":{"@id":"https:\/\/www.tadano.com\/france\/fr\/ventes-services\/pieces-de-rechange\/#breadcrumb"},"inLanguage":"fr-FR","potentialAction":[{"@type":"ReadAction","target":["https:\/\/www.tadano.com\/france\/fr\/ventes-services\/pieces-de-rechange\/"]}]},{"@type":"BreadcrumbList","@id":"https:\/\/www.tadano.com\/france\/fr\/ventes-services\/pieces-de-rechange\/#breadcrumb","itemListElement":[{"@type":"ListItem","position":1,"name":"Ventes et Services","item":"https:\/\/www.tadano.com\/france\/fr\/ventes-services\/"},{"@type":"ListItem","position":2,"name":"Pi\u00e8ces de rechange"}]},{"@type":"WebSite","@id":"https:\/\/www.tadano.com\/france\/fr\/#website","url":"https:\/\/www.tadano.com\/france\/fr\/","name":"France","description":"Just another TADANO EUROPE site","potentialAction":[{"@type":"SearchAction","target":{"@type":"EntryPoint","urlTemplate":"https:\/\/www.tadano.com\/france\/fr\/?s={search_term_string}"},"query-input":"required name=search_term_string"}],"inLanguage":"fr-FR"}]}},"_links":{"self":[{"href":"https:\/\/www.tadano.com\/france\/fr\/wp-json\/wp\/v2\/pages\/1407"}],"collection":[{"href":"https:\/\/www.tadano.com\/france\/fr\/wp-json\/wp\/v2\/pages"}],"about":[{"href":"https:\/\/www.tadano.com\/france\/fr\/wp-json\/wp\/v2\/types\/page"}],"author":[{"embeddable":true,"href":"https:\/\/www.tadano.com\/france\/fr\/wp-json\/wp\/v2\/users\/1"}],"replies":[{"embeddable":true,"href":"https:\/\/www.tadano.com\/france\/fr\/wp-json\/wp\/v2\/comments?post=1407"}],"version-history":[{"count":5,"href":"https:\/\/www.tadano.com\/france\/fr\/wp-json\/wp\/v2\/pages\/1407\/revisions"}],"predecessor-version":[{"id":14664,"href":"https:\/\/www.tadano.com\/france\/fr\/wp-json\/wp\/v2\/pages\/1407\/revisions\/14664"}],"up":[{"embeddable":true,"href":"https:\/\/www.tadano.com\/france\/fr\/wp-json\/wp\/v2\/pages\/1339"}],"wp:attachment":[{"href":"https:\/\/www.tadano.com\/france\/fr\/wp-json\/wp\/v2\/media?parent=1407"}],"curies":[{"name":"wp","href":"https:\/\/api.w.org\/{rel}","templated":true}]}}