{"id":14226,"date":"2025-08-06T11:49:40","date_gmt":"2025-08-06T11:49:40","guid":{"rendered":"https:\/\/www.tadano.com\/france\/product-data-usage\/"},"modified":"2025-09-15T08:41:50","modified_gmt":"2025-09-15T08:41:50","slug":"utilisation-des-donnees-produit","status":"publish","type":"page","link":"https:\/\/www.tadano.com\/france\/fr\/utilisation-des-donnees-produit\/","title":{"rendered":"Utilisation des donn\u00e9es produit"},"content":{"rendered":"\n\n<style type=\"text\/css\">\n    .header .main-menu .accordion >li >a,\n    .header .language-opener {\n        color: #fff;\n    }\n    .header .main-menu .accordion >li >a:hover,\n    .header .language-opener:hover {\n        color: #00AAE8;\n    }    \n    .header .language-block .selected {\n        color: #fff;\n    }\n    .header .language-block .drop {\n        background: #00AAE8;\n        border-color: #fff;\n    }\n    .editor-styles-wrapper .hero-section-alt2.bg-off .img-holder {\n        height: 0px!important;\n    }\n    .language-block .drop .switch {\n        color: #fff;\n    }\n    .hero-section-alt2.bg-off .img-holder {\n        height: 100%;\n    }\n     .header .logo .black_blue {\n        display: none;\n    }\n    .header .logo .white_blue {\n        display: block;\n    }\n<\/style>\n\n<section class=\"special-header hero-section-alt2\" style=\"background-position: 50% 50%; background-image: url(https:\/\/mediahub.tadano.com\/m\/5f8e540df0cb1bfd\/gallery_full-img_Demag_demag-ic-1-plus-jpg.jpg);\">\n    <div class=\"container\">\n      <div class=\"text-holder l-equipments support\">\n        <div class=\"wrap\">\n          \n\n<h1 class=\"wp-block-heading\">Politique relative \u00e0 l&rsquo;utilisation des donn\u00e9es sur les produits<\/h1>\n\n\n        <\/div>\n      <\/div>\n    <\/div>\n<\/section>\n\n<section class=\"navigation-block\">\n            <ul>\n                        <li>\n                    <a href=\"#agreement\" target=\"_self\">\n                        Convention d&#039;utilisation des donn\u00e9es                    <\/a>\n                <\/li>\n                                    <li>\n                    <a href=\"#telematics\" target=\"_self\">\n                        Solutions t\u00e9l\u00e9matiques                    <\/a>\n                <\/li>\n                                    <li>\n                    <a href=\"#commitment\" target=\"_self\">\n                        Notre engagement                    <\/a>\n                <\/li>\n                                    <li>\n                    <a href=\"https:\/\/www.tadano.com\/france\/fr\/a-propos\/contactez-nous\/\" target=\"_self\">\n                        Contactez-nous                    <\/a>\n                <\/li>\n                            <\/ul>\n    <\/section>\n\n\n<div style=\"height:50px\" aria-hidden=\"true\" class=\"wp-block-spacer\"><\/div>\n\n\n<div id=\"agreement\"><\/div>\n\n\n\n<h2 class=\"wp-block-heading\">Convention d&rsquo;utilisation des donn\u00e9es<\/h2>\n\n\n\n<p>Tadano s&rsquo;engage \u00e0 traiter les donn\u00e9es de mani\u00e8re responsable, \u00e9quitable et l\u00e9gale. La pr\u00e9sente convention d&rsquo;utilisation des donn\u00e9es vous informe des conditions d&rsquo;utilisation, de partage et de traitement des donn\u00e9es conform\u00e9ment au r\u00e8glement (UE) 2023\/2854 (\u00ab loi europ\u00e9enne sur les donn\u00e9es \u00bb).<\/p>\n\n\n\n<div class=\"wp-block-buttons is-layout-flex wp-block-buttons-is-layout-flex\">\n<div class=\"wp-block-button\"><a class=\"wp-block-button__link wp-element-button\" href=\"https:\/\/mediahub.tadano.com\/m\/3f01f870504354f0\/original\/doc_tadano_DataUseAgreement_EN.pdf\" target=\"_blank\" rel=\"noreferrer noopener\">t\u00e9l\u00e9charger LA convention d&rsquo;utilisation des donn\u00e9es<\/a><\/div>\n<\/div>\n\n\n\n<div style=\"height:50px\" aria-hidden=\"true\" class=\"wp-block-spacer\"><\/div>\n\n\n<div id=\"telematics\"><\/div>\n\n\n\n<h2 class=\"wp-block-heading\">Solutions t\u00e9l\u00e9matiques<\/h2>\n\n\n\n<p>Chez Tadano, nous nous engageons \u00e0 fournir des solutions t\u00e9l\u00e9matiques de pointe qui am\u00e9liorent la s\u00e9curit\u00e9, l&rsquo;efficacit\u00e9 et la productivit\u00e9 de l&rsquo;ensemble de nos produits. Conform\u00e9ment \u00e0 la loi europ\u00e9enne sur les donn\u00e9es, nous soutenons pleinement un acc\u00e8s transparent, \u00e9quitable et s\u00e9curis\u00e9 aux donn\u00e9es g\u00e9n\u00e9r\u00e9es par nos machines connect\u00e9es.<\/p>\n\n\n\n<p>Veuillez cliquer sur la solution t\u00e9l\u00e9matique disponible pour votre produit afin d&rsquo;obtenir de plus amples informations.<\/p>\n\n\n<section class=\"overflow-hidden\">\n    <div class=\"container\">\n      <ul class=\"legal-accordion style-small\">\n          <li>\n            <a href=\"#\" class=\"opener\"><span>IC-1 Remote<\/span><\/a>\n            <div class=\"slide\">\n              <div class=\"slide-wrap\">\n                \n\n<p><strong><u>Rapport de gestion de flotte<\/u><\/strong><\/p>\n\n\n\n<p>Le rapport sur les donn\u00e9es de gestion de flotte fournit des informations sur les principaux param\u00e8tres de fonctionnement de votre grue :<\/p>\n\n\n\n<ul>\n<li><strong>\u00c9tat et utilisation des grues<\/strong><\/li>\n\n\n\n<li><strong>Contr\u00f4le de la charge et de la port\u00e9e<\/strong> \u2013 charges actuelles\/maximales et port\u00e9e<\/li>\n\n\n\n<li><strong>Configuration de l&rsquo;\u00e9quipement<\/strong> \u2013 longueurs de fl\u00e8che, angles, contrepoids<\/li>\n\n\n\n<li><strong>Stabilit\u00e9 et s\u00e9curit\u00e9<\/strong> \u2013 forces des stabilisateurs, pression au sol, inclinaison, donn\u00e9es sur le vent<\/li>\n\n\n\n<li><strong>Entra\u00eenements et dur\u00e9e de vie<\/strong> \u2013 heures de fonctionnement, surveillance de l&rsquo;usure, dur\u00e9e de vie restante<\/li>\n\n\n\n<li><strong>Moteurs et syst\u00e8me hydraulique<\/strong> \u2013 r\u00e9gime (tours par minute), temp\u00e9ratures, niveaux d&rsquo;huile et de carburant<\/li>\n\n\n\n<li><strong>Donn\u00e9es du v\u00e9hicule<\/strong> \u2013 kilom\u00e9trage, vitesse, pression des pneus (pour les grues mobiles)<\/li>\n\n\n\n<li><strong>Informations sur la maintenance et les logiciels<\/strong> \u2013 \u00e9tat du LMB, diagnostics, versions logicielles<\/li>\n<\/ul>\n\n\n\n<p><\/p>\n\n\n\n<p><strong><u>Rapport de l&rsquo;enregistreur de donn\u00e9es<\/u><\/strong><\/p>\n\n\n\n<p>Le syst\u00e8me IC-1 Remote enregistre et stocke des donn\u00e9es d\u00e9taill\u00e9es sur les grues \u00e0 des fins d&rsquo;analyse, de s\u00e9curit\u00e9 et de maintenance :<\/p>\n\n\n\n<ul>\n<li><strong>Journal des op\u00e9rations et du temps<\/strong> \u2013 enregistrement pr\u00e9cis de la date, de l&rsquo;heure, du mode et de la configuration de la fl\u00e8che<\/li>\n\n\n\n<li><strong>Donn\u00e9es de charge et de port\u00e9e<\/strong> \u2013 charges actuelles\/maximales, utilisation, rayon, hauteur de la fl\u00e8che<\/li>\n\n\n\n<li><strong>Surveillance de la s\u00e9curit\u00e9<\/strong> \u2013 \u00e9v\u00e9nements d&rsquo;arr\u00eat LMB, alertes de surcharge, codes d&rsquo;erreur<\/li>\n\n\n\n<li><strong>Actions de l&rsquo;op\u00e9rateur<\/strong> \u2013 levage, relevage, pivotement, t\u00e9lescopage, configuration de l&rsquo;enroulement<\/li>\n\n\n\n<li><strong>Surveillance du support et du contrepoids<\/strong> \u2013 pressions des stabilisateurs, \u00e9tat du contrepoids<\/li>\n<\/ul>\n\n\n\n<div class=\"wp-block-buttons is-layout-flex wp-block-buttons-is-layout-flex\">\n<div class=\"wp-block-button\"><a class=\"wp-block-button__link wp-element-button\" href=\"https:\/\/www.ic-1-remote.com\/signin\" target=\"_blank\" rel=\"noreferrer noopener\">VERS IC-1 Remote<\/a><\/div>\n<\/div>\n\n\n              <\/div>\n            <\/div>\n          <\/li>\n      <\/ul>\n  <\/div>\n<\/section>\n\n<section class=\"overflow-hidden\">\n    <div class=\"container\">\n      <ul class=\"legal-accordion style-small\">\n          <li>\n            <a href=\"#\" class=\"opener\"><span>Hello-Net<\/span><\/a>\n            <div class=\"slide\">\n              <div class=\"slide-wrap\">\n                \n\n<p>Les exportations Hello-Net fournissent des statistiques d\u00e9taill\u00e9es sur les performances et l&rsquo;utilisation de chaque grue, class\u00e9es par ordre chronologique.<\/p>\n\n\n\n<p><strong><u>Exportations de donn\u00e9es<\/u><\/strong><\/p>\n\n\n\n<ul>\n<li><strong>\u00c9quipement et emplacement<\/strong> \u2013 OEM, mod\u00e8le, num\u00e9ro de s\u00e9rie, position GPS et dernier emplacement connu<\/li>\n\n\n\n<li><strong>Utilisation<\/strong> \u2013 nombre total d&rsquo;heures et nombre d&rsquo;heures quotidiennes, temps de prise de force et temps de d\u00e9placement, nombre de levages, mesures de charge, vitesse<\/li>\n\n\n\n<li><strong>Performances <\/strong>\u2013 niveaux de carburant et de DEF, habitudes de consommation, donn\u00e9es de temp\u00e9rature et de pression<\/li>\n\n\n\n<li><strong>Fonctionnement<\/strong> \u2013 enregistrement de l&rsquo;\u00e9tat toutes les 15 minutes, analyse du fonctionnement par rapport au ralenti\/\u00e0 vide<\/li>\n\n\n\n<li><strong>Maintenance et s\u00e9curit\u00e9<\/strong> \u2013 alertes pour les filtres, les fluides, les freins, les surcharges, les surr\u00e9gimes et les alarmes<\/li>\n<\/ul>\n\n\n\n<div class=\"wp-block-buttons is-layout-flex wp-block-buttons-is-layout-flex\">\n<div class=\"wp-block-button\"><a class=\"wp-block-button__link wp-element-button\" href=\"https:\/\/hellonet-owners.tadano.jp\/login\/\" target=\"_blank\" rel=\"noreferrer noopener\">VERS Hello-Net<\/a><\/div>\n<\/div>\n\n\n              <\/div>\n            <\/div>\n          <\/li>\n      <\/ul>\n  <\/div>\n<\/section>\n\n<section class=\"overflow-hidden\">\n    <div class=\"container\">\n      <ul class=\"legal-accordion style-small\">\n          <li>\n            <a href=\"#\" class=\"opener\"><span>Valla Connect<\/span><\/a>\n            <div class=\"slide\">\n              <div class=\"slide-wrap\">\n                \n\n<p>Valla Connect fournit des exportations structur\u00e9es qui fournissent des donn\u00e9es essentielles sur la flotte et les machines pour assurer la visibilit\u00e9 et le suivi des performances.<\/p>\n\n\n\n<p><strong><u>Exportations de donn\u00e9es<\/u><\/strong><\/p>\n\n\n\n<ul>\n<li><strong>Informations sur le syst\u00e8me et l&rsquo;\u00e9quipement<\/strong> \u2013 identifiant, type, mod\u00e8le et \u00e9tat de fonctionnement de la machine<\/li>\n\n\n\n<li><strong>Suivi de localisation<\/strong> \u2013 position GPS, date et heure de capture<\/li>\n\n\n\n<li><strong>Donn\u00e9es op\u00e9rationnelles<\/strong> \u2013 type de machine, configuration et activit\u00e9s enregistr\u00e9es<\/li>\n\n\n\n<li><strong>Diagnostics et codes d&rsquo;erreur<\/strong> \u2013 rapports d&rsquo;erreurs g\u00e9n\u00e9r\u00e9s par la machine pour la d\u00e9tection des pannes et la planification de la maintenance<\/li>\n<\/ul>\n\n\n\n<div class=\"wp-block-buttons is-layout-flex wp-block-buttons-is-layout-flex\">\n<div class=\"wp-block-button\"><a class=\"wp-block-button__link wp-element-button\" href=\"https:\/\/sso.cobointouch.net\/realms\/CoboIntouchSSO\/protocol\/openid-connect\/auth?scope=openid+profile+email&amp;response_type=code&amp;redirect_uri=https%3A%2F%2Fwww.cobointouch.net%2Fc%2Fportal%2Flogin&amp;state=446ad5082591add77e6e4d772d7645fb&amp;client_id=Intouch\" target=\"_blank\" rel=\"noreferrer noopener\">VERS Valla Connect<\/a><\/div>\n<\/div>\n\n\n              <\/div>\n            <\/div>\n          <\/li>\n      <\/ul>\n  <\/div>\n<\/section>\n\n<section class=\"overflow-hidden\">\n    <div class=\"container\">\n      <ul class=\"legal-accordion style-small\">\n          <li>\n            <a href=\"#\" class=\"opener\"><span>PM Connect<\/span><\/a>\n            <div class=\"slide\">\n              <div class=\"slide-wrap\">\n                \n\n<p>PM Connect fournit des ensembles de donn\u00e9es structur\u00e9s couvrant l&#8217;emplacement des grues, leur configuration, leurs param\u00e8tres de fonctionnement et leur \u00e9tat d&rsquo;entretien.<\/p>\n\n\n\n<p><strong><u><strong><u>Exportations de donn\u00e9es<\/u><\/strong><\/u><\/strong><\/p>\n\n\n\n<ul>\n<li><strong>Emplacement et heure <\/strong>\u2013 horodatage, coordonn\u00e9es GPS, altitude, nom du projet<\/li>\n\n\n\n<li><strong>Configuration et \u00e9tat des grues<\/strong> \u2013 type de grue mont\u00e9e, zone de travail, angles de la fl\u00e8che et de rotation, extensions et \u00e9tat des stabilisateurs, mesures d&rsquo;inclinaison<\/li>\n\n\n\n<li><strong>Param\u00e8tres hydrauliques et m\u00e9caniques<\/strong> \u2013 pressions des v\u00e9rins, pression du bloc de vannes, charge du treuil, temp\u00e9rature de l&rsquo;huile<\/li>\n\n\n\n<li><strong>Modes de fonctionnement et commandes<\/strong> \u2013 mode grue, mode outil, r\u00e9glages des stabilisateurs, activations des \u00e9lectrovannes<\/li>\n\n\n\n<li><strong>Conditions d&rsquo;arr\u00eat et maintenance<\/strong> \u2013 d\u00e9clencheurs pour surcharge, alignement, fin de course du v\u00e9rin, inclinaison, donn\u00e9es de stabilisateur manquantes ; heures de travail, comptes \u00e0 rebours de maintenance, minuteries de prise de force et du moteur, compteurs d&rsquo;urgence et de limitation<\/li>\n\n\n\n<li><strong>Journaux d&rsquo;\u00e9v\u00e9nements et d&rsquo;erreurs<\/strong> \u2013 enregistrements op\u00e9rationnels horodat\u00e9s avec instantan\u00e9s de l&rsquo;\u00e9tat du syst\u00e8me et des param\u00e8tres \u00e0 des fins de diagnostic et d&rsquo;analyse<\/li>\n<\/ul>\n\n\n\n<div class=\"wp-block-buttons is-layout-flex wp-block-buttons-is-layout-flex\">\n<div class=\"wp-block-button\"><a class=\"wp-block-button__link wp-element-button\" href=\"https:\/\/mya4u.com\/login\" target=\"_blank\" rel=\"noreferrer noopener\">VERS PM Connect<\/a><\/div>\n<\/div>\n\n\n              <\/div>\n            <\/div>\n          <\/li>\n      <\/ul>\n  <\/div>\n<\/section>\n\n<section class=\"overflow-hidden\">\n    <div class=\"container\">\n      <ul class=\"legal-accordion style-small\">\n          <li>\n            <a href=\"#\" class=\"opener\"><span>Oil&amp;Steel Connect<\/span><\/a>\n            <div class=\"slide\">\n              <div class=\"slide-wrap\">\n                \n\n<p>Oil &amp; Steel Connect enregistre les donn\u00e9es op\u00e9rationnelles, l&#8217;emplacement et les indicateurs de maintenance.<\/p>\n\n\n\n<p><strong><u>Exportation de donn\u00e9es<\/u><\/strong><\/p>\n\n\n\n<ul>\n<li><strong>Emplacement et heure<\/strong> \u2013 horodatage, coordonn\u00e9es GPS, altitude, nom du projet<\/li>\n\n\n\n<li><strong>\u00c9tat du syst\u00e8me<\/strong> \u2013 nombre total d&rsquo;heures de fonctionnement, version du logiciel, indicateurs de d\u00e9fauts actifs<\/li>\n\n\n\n<li><strong>Maintenance et entretien<\/strong> \u2013 indicateur d&rsquo;\u00e9tat de maintenance, compteurs d&rsquo;urgence et de limitation<\/li>\n\n\n\n<li><strong>Minuteries op\u00e9rationnelles<\/strong> \u2013 temps de fonctionnement quotidien de la prise de force, du moteur, de la partie a\u00e9rienne et de la partie inf\u00e9rieure<\/li>\n\n\n\n<li><strong>Suivi de l&rsquo;utilisation<\/strong> \u2013 \u00e9tat d&rsquo;engagement de la prise de force et heures de fonctionnement pour l&rsquo;analyse des performances<\/li>\n<\/ul>\n\n\n\n<div class=\"wp-block-buttons is-layout-flex wp-block-buttons-is-layout-flex\">\n<div class=\"wp-block-button\"><a class=\"wp-block-button__link wp-element-button\" href=\"https:\/\/mya4u.com\/login\" target=\"_blank\" rel=\"noreferrer noopener\">VERS Oil&amp;steel Connect<\/a><\/div>\n<\/div>\n\n\n              <\/div>\n            <\/div>\n          <\/li>\n      <\/ul>\n  <\/div>\n<\/section>\n\n\n<div style=\"height:50px\" aria-hidden=\"true\" class=\"wp-block-spacer\"><\/div>\n\n\n<div id=\"commitment\"><\/div>\n\n\n\n<h2 class=\"wp-block-heading\">Notre engagement<\/h2>\n\n\n\n<p>Tadano adh\u00e8re aux principes de la loi europ\u00e9enne sur les donn\u00e9es (EU Data Act) et y voit une opportunit\u00e9 de renforcer ses partenariats avec ses clients et ses parties prenantes. Nous nous engageons \u00e0:<\/p>\n\n\n\n<ul>\n<li>Garantir la<strong> transparence des donn\u00e9es<\/strong> sans compromettre l&rsquo;int\u00e9grit\u00e9 du syst\u00e8me<\/li>\n\n\n\n<li>Soutenir<strong> l&rsquo;innovation ax\u00e9e sur les donn\u00e9es<\/strong> dans l&rsquo;exploitation des grues et la gestion de la flotte<\/li>\n\n\n\n<li>Permettre une <strong>collaboration ouverte<\/strong> tout au long de la cha\u00eene de valeur gr\u00e2ce \u00e0 un partage responsable des donn\u00e9es<\/li>\n<\/ul>\n\n\n\n<div style=\"height:50px\" aria-hidden=\"true\" class=\"wp-block-spacer\"><\/div>\n\n\n\n<h2 class=\"wp-block-heading\">Nous sommes l\u00e0 pour vous aider.<\/h2>\n\n\n\n<p>Tadano s&rsquo;engage \u00e0 respecter pleinement la loi europ\u00e9enne sur les donn\u00e9es (r\u00e8glement (UE) 2023\/2854) et \u00e0 fournir un acc\u00e8s transparent aux donn\u00e9es g\u00e9n\u00e9r\u00e9es par les produits, le cas \u00e9ch\u00e9ant.<\/p>\n\n\n\n<p>Si vous avez des questions concernant vos droits d&rsquo;acc\u00e8s aux donn\u00e9es, si vous souhaitez demander l&rsquo;acc\u00e8s aux donn\u00e9es g\u00e9n\u00e9r\u00e9es par les machines ou si vous avez besoin d&rsquo;informations suppl\u00e9mentaires sur la mani\u00e8re dont Tadano traite les donn\u00e9es en vertu de la loi europ\u00e9enne sur les donn\u00e9es, notre \u00e9quipe est l\u00e0 pour vous aider.<\/p>\n\n\n\n<div class=\"wp-block-buttons is-layout-flex wp-block-buttons-is-layout-flex\">\n<div class=\"wp-block-button\"><a class=\"wp-block-button__link wp-element-button\" href=\"https:\/\/www.tadano.com\/france\/fr\/a-propos\/contactez-nous\/\" target=\"_blank\" rel=\"noreferrer noopener\">Contactez-nous<\/a><\/div>\n<\/div>\n\n\n\n<div style=\"height:50px\" aria-hidden=\"true\" class=\"wp-block-spacer\"><\/div>\n","protected":false},"excerpt":{"rendered":"<p>Convention d&rsquo;utilisation des donn\u00e9es Tadano s&rsquo;engage \u00e0 traiter les donn\u00e9es de mani\u00e8re responsable, \u00e9quitable et l\u00e9gale. La pr\u00e9sente convention d&rsquo;utilisation des donn\u00e9es vous informe des conditions d&rsquo;utilisation, de partage et de traitement des donn\u00e9es conform\u00e9ment au r\u00e8glement (UE) 2023\/2854 (\u00ab loi europ\u00e9enne sur les donn\u00e9es \u00bb). Solutions t\u00e9l\u00e9matiques Chez Tadano, nous nous engageons \u00e0 fournir [&hellip;]<\/p>\n","protected":false},"author":2,"featured_media":0,"parent":0,"menu_order":0,"comment_status":"closed","ping_status":"closed","template":"","meta":{"_acf_changed":false,"footnotes":""},"acf":[],"yoast_head":"<!-- This site is optimized with the Yoast SEO plugin v22.3 - https:\/\/yoast.com\/wordpress\/plugins\/seo\/ -->\n<title>Utilisation des donn\u00e9es produit - France<\/title>\n<meta name=\"robots\" content=\"index, follow, max-snippet:-1, max-image-preview:large, max-video-preview:-1\" \/>\n<link rel=\"canonical\" href=\"https:\/\/www.tadano.com\/france\/utilisation-des-donnees-produit\/\" \/>\n<meta property=\"og:locale\" content=\"fr_FR\" \/>\n<meta property=\"og:type\" content=\"article\" \/>\n<meta property=\"og:title\" content=\"Utilisation des donn\u00e9es produit - France\" \/>\n<meta property=\"og:description\" content=\"Convention d&rsquo;utilisation des donn\u00e9es Tadano s&rsquo;engage \u00e0 traiter les donn\u00e9es de mani\u00e8re responsable, \u00e9quitable et l\u00e9gale. La pr\u00e9sente convention d&rsquo;utilisation des donn\u00e9es vous informe des conditions d&rsquo;utilisation, de partage et de traitement des donn\u00e9es conform\u00e9ment au r\u00e8glement (UE) 2023\/2854 (\u00ab loi europ\u00e9enne sur les donn\u00e9es \u00bb). Solutions t\u00e9l\u00e9matiques Chez Tadano, nous nous engageons \u00e0 fournir [&hellip;]\" \/>\n<meta property=\"og:url\" content=\"https:\/\/www.tadano.com\/france\/utilisation-des-donnees-produit\/\" \/>\n<meta property=\"og:site_name\" content=\"France\" \/>\n<meta property=\"article:modified_time\" content=\"2025-09-15T08:41:50+00:00\" \/>\n<meta name=\"twitter:card\" content=\"summary_large_image\" \/>\n<meta name=\"twitter:label1\" content=\"Dur\u00e9e de lecture estim\u00e9e\" \/>\n\t<meta name=\"twitter:data1\" content=\"5 minutes\" \/>\n<script type=\"application\/ld+json\" class=\"yoast-schema-graph\">{\"@context\":\"https:\/\/schema.org\",\"@graph\":[{\"@type\":\"WebPage\",\"@id\":\"https:\/\/www.tadano.com\/france\/utilisation-des-donnees-produit\/\",\"url\":\"https:\/\/www.tadano.com\/france\/utilisation-des-donnees-produit\/\",\"name\":\"Utilisation des donn\u00e9es produit - France\",\"isPartOf\":{\"@id\":\"https:\/\/www.tadano.com\/france\/fr\/#website\"},\"datePublished\":\"2025-08-06T11:49:40+00:00\",\"dateModified\":\"2025-09-15T08:41:50+00:00\",\"inLanguage\":\"fr-FR\",\"potentialAction\":[{\"@type\":\"ReadAction\",\"target\":[\"https:\/\/www.tadano.com\/france\/utilisation-des-donnees-produit\/\"]}]},{\"@type\":\"WebSite\",\"@id\":\"https:\/\/www.tadano.com\/france\/fr\/#website\",\"url\":\"https:\/\/www.tadano.com\/france\/fr\/\",\"name\":\"France\",\"description\":\"Just another TADANO EUROPE site\",\"potentialAction\":[{\"@type\":\"SearchAction\",\"target\":{\"@type\":\"EntryPoint\",\"urlTemplate\":\"https:\/\/www.tadano.com\/france\/fr\/?s={search_term_string}\"},\"query-input\":\"required name=search_term_string\"}],\"inLanguage\":\"fr-FR\"}]}<\/script>\n<!-- \/ Yoast SEO plugin. -->","yoast_head_json":{"title":"Utilisation des donn\u00e9es produit - France","robots":{"index":"index","follow":"follow","max-snippet":"max-snippet:-1","max-image-preview":"max-image-preview:large","max-video-preview":"max-video-preview:-1"},"canonical":"https:\/\/www.tadano.com\/france\/utilisation-des-donnees-produit\/","og_locale":"fr_FR","og_type":"article","og_title":"Utilisation des donn\u00e9es produit - France","og_description":"Convention d&rsquo;utilisation des donn\u00e9es Tadano s&rsquo;engage \u00e0 traiter les donn\u00e9es de mani\u00e8re responsable, \u00e9quitable et l\u00e9gale. La pr\u00e9sente convention d&rsquo;utilisation des donn\u00e9es vous informe des conditions d&rsquo;utilisation, de partage et de traitement des donn\u00e9es conform\u00e9ment au r\u00e8glement (UE) 2023\/2854 (\u00ab loi europ\u00e9enne sur les donn\u00e9es \u00bb). Solutions t\u00e9l\u00e9matiques Chez Tadano, nous nous engageons \u00e0 fournir [&hellip;]","og_url":"https:\/\/www.tadano.com\/france\/utilisation-des-donnees-produit\/","og_site_name":"France","article_modified_time":"2025-09-15T08:41:50+00:00","twitter_card":"summary_large_image","twitter_misc":{"Dur\u00e9e de lecture estim\u00e9e":"5 minutes"},"schema":{"@context":"https:\/\/schema.org","@graph":[{"@type":"WebPage","@id":"https:\/\/www.tadano.com\/france\/utilisation-des-donnees-produit\/","url":"https:\/\/www.tadano.com\/france\/utilisation-des-donnees-produit\/","name":"Utilisation des donn\u00e9es produit - France","isPartOf":{"@id":"https:\/\/www.tadano.com\/france\/fr\/#website"},"datePublished":"2025-08-06T11:49:40+00:00","dateModified":"2025-09-15T08:41:50+00:00","inLanguage":"fr-FR","potentialAction":[{"@type":"ReadAction","target":["https:\/\/www.tadano.com\/france\/utilisation-des-donnees-produit\/"]}]},{"@type":"WebSite","@id":"https:\/\/www.tadano.com\/france\/fr\/#website","url":"https:\/\/www.tadano.com\/france\/fr\/","name":"France","description":"Just another TADANO EUROPE site","potentialAction":[{"@type":"SearchAction","target":{"@type":"EntryPoint","urlTemplate":"https:\/\/www.tadano.com\/france\/fr\/?s={search_term_string}"},"query-input":"required name=search_term_string"}],"inLanguage":"fr-FR"}]}},"_links":{"self":[{"href":"https:\/\/www.tadano.com\/france\/fr\/wp-json\/wp\/v2\/pages\/14226"}],"collection":[{"href":"https:\/\/www.tadano.com\/france\/fr\/wp-json\/wp\/v2\/pages"}],"about":[{"href":"https:\/\/www.tadano.com\/france\/fr\/wp-json\/wp\/v2\/types\/page"}],"author":[{"embeddable":true,"href":"https:\/\/www.tadano.com\/france\/fr\/wp-json\/wp\/v2\/users\/2"}],"replies":[{"embeddable":true,"href":"https:\/\/www.tadano.com\/france\/fr\/wp-json\/wp\/v2\/comments?post=14226"}],"version-history":[{"count":1,"href":"https:\/\/www.tadano.com\/france\/fr\/wp-json\/wp\/v2\/pages\/14226\/revisions"}],"predecessor-version":[{"id":14238,"href":"https:\/\/www.tadano.com\/france\/fr\/wp-json\/wp\/v2\/pages\/14226\/revisions\/14238"}],"wp:attachment":[{"href":"https:\/\/www.tadano.com\/france\/fr\/wp-json\/wp\/v2\/media?parent=14226"}],"curies":[{"name":"wp","href":"https:\/\/api.w.org\/{rel}","templated":true}]}}