{"id":14957,"date":"2026-04-15T13:55:52","date_gmt":"2026-04-15T13:55:52","guid":{"rendered":"https:\/\/www.tadano.com\/france\/evenements\/"},"modified":"2026-04-23T09:29:17","modified_gmt":"2026-04-23T09:29:17","slug":"evenements","status":"publish","type":"page","link":"https:\/\/www.tadano.com\/france\/fr\/evenements\/","title":{"rendered":"\u00c9v\u00e9nements"},"content":{"rendered":"\n\n\n<section class=\"hero-section\">\n\n\t\n\t\t\t<style type=\"text\/css\">\n\t\t\t.hero-section .img-holder:before {\n\t\t\t\tdisplay: none;\n\t\t\t}\n\t\t<\/style>\n\t\n\t\n\t<div class=\"img-holder \">\n\t\t\t\t<div class=\"bg-stretch\" style=\"background-position: 0 50%; \">\n\t\t\t<span data-srcset=\"https:\/\/mediahub.tadano.com\/m\/3e5371e3560f257f\/hero-img_tadano_bauma_booth_opening-4.jpg, https:\/\/mediahub.tadano.com\/m\/3e5371e3560f257f\/hero_2x-img_tadano_bauma_booth_opening-4.jpg 2x\"><\/span>\n\t\t<\/div>\n\t\t\t\t\t\t<div class=\"logo green-solutions\" style=\"display:none;\">\n\t\t\t<a href=\"#\"><img decoding=\"async\" src=\"https:\/\/www.tadano.com\/france\/wp-content\/themes\/tadano\/assets\/dist\/images\/Green-Solutions_Logo_White.svg\"><\/a>\n\t\t<\/div>\n\t<\/div>\n\t<div class=\"container\">\n\t\t<div class=\"text-holder \">\n\t\t\t<div class=\"wrap\">\n\t\t\t\t\n\t\t\t\t<ul class=\"breadcrumbs\"><li><a href=\"https:\/\/www.tadano.com\/france\/fr\/\">Accueil<\/a><\/li><\/ul>\n\t\t\t\t\n\n<h1 class=\"wp-block-heading\">\u00c9v\u00e9nements<\/h1>\n\n\n\n<p>Restez inform\u00e9 du calendrier des \u00e9v\u00e9nements de Tadano. Vous trouverez ici tous les salons, conf\u00e9rences et \u00e9v\u00e9nements professionnels \u00e0 venir auxquels Tadano participera tout au long de l\u2019ann\u00e9e.<\/p>\n\n\n\n\t\t\t\t\n\t\t\t<\/div>\n\n\t\t\t\n\t\t\t\n\t\t\t\n\t\t<\/div>\n\t<\/div>\n<\/section>\n\n\n<div class=\"wp-block-group is-style-background-triangle-right\"><div class=\"wp-block-group__inner-container is-layout-constrained wp-block-group-is-layout-constrained\">\n<h2 class=\"wp-block-heading\">\u00c9v\u00e9nements &amp; conf\u00e9rences \u00e0 venir<\/h2>\n\n\n\n<p>Vous trouverez ci-dessous un aper\u00e7u complet des \u00e9v\u00e9nements \u00e0 venir auxquels Tadano sera repr\u00e9sent\u00e9. Des salons internationaux aux conf\u00e9rences sp\u00e9cialis\u00e9es, d\u00e9couvrez o\u00f9 et quand rencontrer notre \u00e9quipe en personne.<\/p>\n\n\n\n<div class=\"wp-block-columns is-layout-flex wp-container-core-columns-is-layout-9d6595d7 wp-block-columns-is-layout-flex\">\n<div class=\"wp-block-column is-layout-flow wp-block-column-is-layout-flow\">\n<h3 class=\"wp-block-heading\">S<span style=\"text-transform: lowercase;\" class=\"custom-lowercase\">a<\/span>m<span style=\"text-transform: lowercase;\" class=\"custom-lowercase\">o<\/span>t<span style=\"text-transform: lowercase;\" class=\"custom-lowercase\">er<\/span><\/h3>\n\n\n\n<div class=\"wp-block-columns is-layout-flex wp-container-core-columns-is-layout-9d6595d7 wp-block-columns-is-layout-flex\">\n<div class=\"wp-block-column is-layout-flow wp-block-column-is-layout-flow\" style=\"flex-basis:33.33%\">\n<figure class=\"wp-block-image size-large\"><img decoding=\"async\" src=\"https:\/\/img.oemoffhighway.com\/files\/base\/acbm\/ooh\/image\/2017\/01\/SAMOTER_Logo2017.5873eb4e0e6f1.png?auto=format%2Ccompress&amp;q=70\" alt=\"\"\/><\/figure>\n<\/div>\n\n\n\n<div class=\"wp-block-column is-layout-flow wp-block-column-is-layout-flow\" style=\"flex-basis:66.66%\">\n<p><strong>6\u20139 mai 2026<\/strong><\/p>\n\n\n\n<div class=\"wp-block-group is-vertical is-layout-flex wp-container-core-group-is-layout-8cf370e7 wp-block-group-is-layout-flex\">\n<p><strong>Veronafiere<br><\/strong>Viale del Lavoro, 8<br>37135 V\u00e9rone<br>Italie<\/p>\n\n\n\n<p>Gammes de produits pr\u00e9sent\u00e9es : nacelles \u00e9l\u00e9vatrices.<\/p>\n\n\n\n<div class=\"wp-block-buttons is-layout-flex wp-block-buttons-is-layout-flex\">\n<div class=\"wp-block-button is-style-btn-light\"><a class=\"wp-block-button__link wp-element-button\" href=\"https:\/\/www.samoter.it\/en\" target=\"_blank\" rel=\"noreferrer noopener\">EN SAVOIR PLUS<\/a><\/div>\n<\/div>\n<\/div>\n<\/div>\n<\/div>\n<\/div>\n<\/div>\n\n\n\n<div class=\"wp-block-columns is-layout-flex wp-container-core-columns-is-layout-9d6595d7 wp-block-columns-is-layout-flex\">\n<div class=\"wp-block-column is-layout-flow wp-block-column-is-layout-flow\">\n<h3 class=\"wp-block-heading\">APEX<\/h3>\n\n\n\n<div class=\"wp-block-columns is-layout-flex wp-container-core-columns-is-layout-9d6595d7 wp-block-columns-is-layout-flex\">\n<div class=\"wp-block-column is-layout-flow wp-block-column-is-layout-flow\" style=\"flex-basis:33.33%\">\n<figure class=\"wp-block-image size-large\"><img decoding=\"async\" src=\"https:\/\/apexshow.com\/wp-content\/uploads\/cropped-APEX-2026-768x489.png\" alt=\"\"\/><\/figure>\n<\/div>\n\n\n\n<div class=\"wp-block-column is-layout-flow wp-block-column-is-layout-flow\" style=\"flex-basis:66.66%\">\n<p><strong>2\u20134 juin 2026<\/strong><\/p>\n\n\n\n<div class=\"wp-block-group is-vertical is-layout-flex wp-container-core-group-is-layout-8cf370e7 wp-block-group-is-layout-flex\">\n<p><strong>MECC Maastricht<br><\/strong>Forum 100<br>6229 GV Maastricht<br>Pays-Bas<\/p>\n\n\n\n<p>Gammes de produits pr\u00e9sent\u00e9es : nacelles \u00e9l\u00e9vatrices.<\/p>\n\n\n\n<div class=\"wp-block-buttons is-layout-flex wp-block-buttons-is-layout-flex\">\n<div class=\"wp-block-button is-style-btn-light\"><a class=\"wp-block-button__link wp-element-button\" href=\"https:\/\/apexshow.com\/\" target=\"_blank\" rel=\"noreferrer noopener\">EN SAVOIR PLUS<\/a><\/div>\n<\/div>\n<\/div>\n<\/div>\n<\/div>\n<\/div>\n<\/div>\n\n\n\n<div class=\"wp-block-columns is-layout-flex wp-container-core-columns-is-layout-9d6595d7 wp-block-columns-is-layout-flex\">\n<div class=\"wp-block-column is-layout-flow wp-block-column-is-layout-flow\">\n<h3 class=\"wp-block-heading\">ANAGRUAL<\/h3>\n\n\n\n<div class=\"wp-block-columns is-layout-flex wp-container-core-columns-is-layout-9d6595d7 wp-block-columns-is-layout-flex\">\n<div class=\"wp-block-column is-layout-flow wp-block-column-is-layout-flow\" style=\"flex-basis:33.33%\">\n<figure class=\"wp-block-image size-large\"><img decoding=\"async\" src=\"https:\/\/anagrual.es\/wp-content\/uploads\/2025\/11\/anagrual-logo-o.png\" alt=\"\"\/><\/figure>\n<\/div>\n\n\n\n<div class=\"wp-block-column is-layout-flow wp-block-column-is-layout-flow\" style=\"flex-basis:66.66%\">\n<p><strong>Juin 2026<\/strong><\/p>\n\n\n\n<div class=\"wp-block-group is-vertical is-layout-flex wp-container-core-group-is-layout-8cf370e7 wp-block-group-is-layout-flex\">\n<p><strong>Paseo de la Castellana, 179<\/strong><br>7\u00ba B2<br>28046 Madrid<br>Espagne<\/p>\n\n\n\n<p>Gammes de produits pr\u00e9sent\u00e9es : grues.<\/p>\n\n\n\n<div class=\"wp-block-buttons is-layout-flex wp-block-buttons-is-layout-flex\">\n<div class=\"wp-block-button is-style-btn-light\"><a class=\"wp-block-button__link wp-element-button\" href=\"https:\/\/anagrual.es\/\" target=\"_blank\" rel=\"noreferrer noopener\">EN SAVOIR PLUS<\/a><\/div>\n<\/div>\n<\/div>\n<\/div>\n<\/div>\n<\/div>\n<\/div>\n\n\n\n<div class=\"wp-block-columns is-layout-flex wp-container-core-columns-is-layout-9d6595d7 wp-block-columns-is-layout-flex\">\n<div class=\"wp-block-column is-layout-flow wp-block-column-is-layout-flow\">\n<h3 class=\"wp-block-heading\">Vertikal Days<\/h3>\n\n\n\n<div class=\"wp-block-columns is-layout-flex wp-container-core-columns-is-layout-9d6595d7 wp-block-columns-is-layout-flex\">\n<div class=\"wp-block-column is-layout-flow wp-block-column-is-layout-flow\" style=\"flex-basis:33.33%\">\n<figure class=\"wp-block-image size-large\"><img decoding=\"async\" src=\"https:\/\/vertikaldays.net\/images\/logo\/vertikaldays.gif\" alt=\"\"\/><\/figure>\n<\/div>\n\n\n\n<div class=\"wp-block-column is-layout-flow wp-block-column-is-layout-flow\" style=\"flex-basis:66.66%\">\n<p><strong>9\u201310 septembre 2026<\/strong><\/p>\n\n\n\n<div class=\"wp-block-group is-vertical is-layout-flex wp-container-core-group-is-layout-8cf370e7 wp-block-group-is-layout-flex\">\n<p><strong>Newark Showground<\/strong><br>Lincoln Rd, Coddington<br>Newark NG24 2NY<br>Royaume-Uni<\/p>\n\n\n\n<p>Gammes de produits pr\u00e9sent\u00e9es : grues tout terrain.<\/p>\n\n\n\n<div class=\"wp-block-buttons is-layout-flex wp-block-buttons-is-layout-flex\">\n<div class=\"wp-block-button is-style-btn-light\"><a class=\"wp-block-button__link wp-element-button\" href=\"https:\/\/vertikaldays.net\/\" target=\"_blank\" rel=\"noreferrer noopener\">EN SAVOIR PLUS<\/a><\/div>\n<\/div>\n<\/div>\n<\/div>\n<\/div>\n<\/div>\n<\/div>\n\n\n\n<div class=\"wp-block-columns is-layout-flex wp-container-core-columns-is-layout-9d6595d7 wp-block-columns-is-layout-flex\">\n<div class=\"wp-block-column is-layout-flow wp-block-column-is-layout-flow\">\n<h3 class=\"wp-block-heading\">JDL EXPO<\/h3>\n\n\n\n<div class=\"wp-block-columns is-layout-flex wp-container-core-columns-is-layout-9d6595d7 wp-block-columns-is-layout-flex\">\n<div class=\"wp-block-column is-layout-flow wp-block-column-is-layout-flow\" style=\"flex-basis:33.33%\">\n<figure class=\"wp-block-image size-large\"><img decoding=\"async\" src=\"https:\/\/jdlexpo.com\/wp-content\/uploads\/2024\/10\/cropped-LOGO-JDL-EXPO-PUB-.png\" alt=\"\"\/><\/figure>\n<\/div>\n\n\n\n<div class=\"wp-block-column is-layout-flow wp-block-column-is-layout-flow\" style=\"flex-basis:66.66%\">\n<p><strong>16\u201318 septembre 2026<\/strong><\/p>\n\n\n\n<div class=\"wp-block-group is-vertical is-layout-flex wp-container-core-group-is-layout-8cf370e7 wp-block-group-is-layout-flex\">\n<p><strong>Palais des Congr\u00e8s<br><\/strong>19 Av. Charles de Gaulle<br>21200 Beaune<br>France<\/p>\n\n\n\n<p>Gammes de produits pr\u00e9sent\u00e9es : grues tout terrain, grues pick &amp; carry, nacelles \u00e9l\u00e9vatrices.<\/p>\n\n\n\n<div class=\"wp-block-buttons is-layout-flex wp-block-buttons-is-layout-flex\">\n<div class=\"wp-block-button is-style-btn-light\"><a class=\"wp-block-button__link wp-element-button\" href=\"https:\/\/jdlexpo.com\/\" target=\"_blank\" rel=\"noreferrer noopener\">EN SAVOIR PLUS<\/a><\/div>\n<\/div>\n<\/div>\n<\/div>\n<\/div>\n<\/div>\n<\/div>\n\n\n\n<div class=\"wp-block-columns is-layout-flex wp-container-core-columns-is-layout-9d6595d7 wp-block-columns-is-layout-flex\">\n<div class=\"wp-block-column is-layout-flow wp-block-column-is-layout-flow\">\n<h3 class=\"wp-block-heading\">Movicarga PEM<\/h3>\n\n\n\n<div class=\"wp-block-columns is-layout-flex wp-container-core-columns-is-layout-9d6595d7 wp-block-columns-is-layout-flex\">\n<div class=\"wp-block-column is-layout-flow wp-block-column-is-layout-flow\" style=\"flex-basis:33.33%\">\n<figure class=\"wp-block-image size-large\"><img decoding=\"async\" src=\"https:\/\/movicarga.com\/wp-content\/uploads\/2026\/02\/Sin-nombre-2.jpg\" alt=\"\"\/><\/figure>\n<\/div>\n\n\n\n<div class=\"wp-block-column is-layout-flow wp-block-column-is-layout-flow\" style=\"flex-basis:66.66%\">\n<p><strong>24 septembre 2026<\/strong><\/p>\n\n\n\n<div class=\"wp-block-group is-vertical is-layout-flex wp-container-core-group-is-layout-8cf370e7 wp-block-group-is-layout-flex\">\n<p><strong>La Casa de M\u00f3nico<br><\/strong>C. de Cabeza de Manzaneda, 105, Moncloa &#8211; Aravaca<br>28023 Madrid, Espagne<\/p>\n\n\n\n<p>Gammes de produits pr\u00e9sent\u00e9es : grues.<\/p>\n\n\n\n<div class=\"wp-block-buttons is-layout-flex wp-block-buttons-is-layout-flex\">\n<div class=\"wp-block-button is-style-btn-light\"><a class=\"wp-block-button__link wp-element-button\" href=\"https:\/\/movicarga.com\/premios-elevacion-movicarga\/\" target=\"_blank\" rel=\"noreferrer noopener\">EN SAVOIR PLUS<\/a><\/div>\n<\/div>\n<\/div>\n<\/div>\n<\/div>\n<\/div>\n<\/div>\n\n\n\n<div class=\"wp-block-columns is-layout-flex wp-container-core-columns-is-layout-9d6595d7 wp-block-columns-is-layout-flex\">\n<div class=\"wp-block-column is-layout-flow wp-block-column-is-layout-flow\">\n<h3 class=\"wp-block-heading\">SALONVERT<\/h3>\n\n\n\n<div class=\"wp-block-columns is-layout-flex wp-container-core-columns-is-layout-9d6595d7 wp-block-columns-is-layout-flex\">\n<div class=\"wp-block-column is-layout-flow wp-block-column-is-layout-flow\" style=\"flex-basis:33.33%\">\n<figure class=\"wp-block-image size-large\"><img decoding=\"async\" src=\"https:\/\/api-frontassets.inwink.com\/event\/5c06dc8a-baeb-f011-8195-0022488a3e24\/asset\/a3f11c27-27f5-f011-832e-6045bd95454f\/file\/fichier-204\" alt=\"\"\/><\/figure>\n<\/div>\n\n\n\n<div class=\"wp-block-column is-layout-flow wp-block-column-is-layout-flow\" style=\"flex-basis:66.66%\">\n<p><strong>23\u201324 septembre 2026<\/strong><\/p>\n\n\n\n<div class=\"wp-block-group is-vertical is-layout-flex wp-container-core-group-is-layout-8cf370e7 wp-block-group-is-layout-flex\">\n<p><strong>Ch\u00e2teau de Baville<\/strong><br>91530 Saint-Ch\u00e9ron<br><br>France<\/p>\n\n\n\n<p>Gammes de produits pr\u00e9sent\u00e9es : nacelles \u00e9l\u00e9vatrices.<\/p>\n\n\n\n<div class=\"wp-block-buttons is-layout-flex wp-block-buttons-is-layout-flex\">\n<div class=\"wp-block-button is-style-btn-light\"><a class=\"wp-block-button__link wp-element-button\" href=\"https:\/\/www.salonvert.com\/\" target=\"_blank\" rel=\"noreferrer noopener\">EN SAVOIR PLUS<\/a><\/div>\n<\/div>\n<\/div>\n<\/div>\n<\/div>\n<\/div>\n<\/div>\n\n\n\n<div class=\"wp-block-columns is-layout-flex wp-container-core-columns-is-layout-9d6595d7 wp-block-columns-is-layout-flex\">\n<div class=\"wp-block-column is-layout-flow wp-block-column-is-layout-flow\">\n<h3 class=\"wp-block-heading\">Assodimi\/Assonolo<\/h3>\n\n\n\n<div class=\"wp-block-columns is-layout-flex wp-container-core-columns-is-layout-9d6595d7 wp-block-columns-is-layout-flex\">\n<div class=\"wp-block-column is-layout-flow wp-block-column-is-layout-flow\" style=\"flex-basis:33.33%\">\n<figure class=\"wp-block-image size-large\"><img decoding=\"async\" src=\"https:\/\/www.assodimi.it\/images\/logo.png?23\" alt=\"\"\/><\/figure>\n<\/div>\n\n\n\n<div class=\"wp-block-column is-layout-flow wp-block-column-is-layout-flow\" style=\"flex-basis:66.66%\">\n<p><strong>24\u201325 septembre 2026<\/strong><\/p>\n\n\n\n<div class=\"wp-block-group is-vertical is-layout-flex wp-container-core-group-is-layout-8cf370e7 wp-block-group-is-layout-flex\">\n<p><strong>Palaverdi<\/strong><br>Viale Delle Esposizioni, 393a<br>43126 Parme PR<br>Italie<\/p>\n\n\n\n<p>Gammes de produits pr\u00e9sent\u00e9es : nacelles \u00e9l\u00e9vatrices.<\/p>\n\n\n\n<div class=\"wp-block-buttons is-layout-flex wp-block-buttons-is-layout-flex\">\n<div class=\"wp-block-button is-style-btn-light\"><a class=\"wp-block-button__link wp-element-button\" href=\"https:\/\/www.assodimi.it\/\" target=\"_blank\" rel=\"noreferrer noopener\">EN SAVOIR PLUS<\/a><\/div>\n<\/div>\n<\/div>\n<\/div>\n<\/div>\n<\/div>\n<\/div>\n\n\n\n<div class=\"wp-block-columns is-layout-flex wp-container-core-columns-is-layout-9d6595d7 wp-block-columns-is-layout-flex\">\n<div class=\"wp-block-column is-layout-flow wp-block-column-is-layout-flow\">\n<h3 class=\"wp-block-heading\">Platformers\u2018 Days<\/h3>\n\n\n\n<div class=\"wp-block-columns is-layout-flex wp-container-core-columns-is-layout-9d6595d7 wp-block-columns-is-layout-flex\">\n<div class=\"wp-block-column is-layout-flow wp-block-column-is-layout-flow\" style=\"flex-basis:33.33%\">\n<figure class=\"wp-block-image size-large\"><img decoding=\"async\" src=\"https:\/\/www.platformers-days.de\/messe-files\/adminonly\/platformersdays_logo_header_211x154px.png\" alt=\"\"\/><\/figure>\n<\/div>\n\n\n\n<div class=\"wp-block-column is-layout-flow wp-block-column-is-layout-flow\" style=\"flex-basis:66.66%\">\n<p><strong>8\u20139 octobre 2026<\/strong><\/p>\n\n\n\n<div class=\"wp-block-group is-vertical is-layout-flex wp-container-core-group-is-layout-8cf370e7 wp-block-group-is-layout-flex\">\n<p>Parc des expositions de Karlsruhe<br>Messeallee 1<br>76287 Rheinstetten<br>Allemagne<\/p>\n\n\n\n<p>Gammes de produits pr\u00e9sent\u00e9es : nacelles \u00e9l\u00e9vatrices, grues pick &amp; carry.<\/p>\n\n\n\n<div class=\"wp-block-buttons is-layout-flex wp-block-buttons-is-layout-flex\">\n<div class=\"wp-block-button is-style-btn-light\"><a class=\"wp-block-button__link wp-element-button\" href=\"https:\/\/www.platformers-days.de\/\" target=\"_blank\" rel=\"noreferrer noopener\">EN SAVOIR PLUS<\/a><\/div>\n<\/div>\n<\/div>\n<\/div>\n<\/div>\n<\/div>\n<\/div>\n\n\n\n<div class=\"wp-block-columns is-layout-flex wp-container-core-columns-is-layout-9d6595d7 wp-block-columns-is-layout-flex\">\n<div class=\"wp-block-column is-layout-flow wp-block-column-is-layout-flow\">\n<h3 class=\"wp-block-heading\">ESTA \u2013 50e anniversaire<\/h3>\n\n\n\n<div class=\"wp-block-columns is-layout-flex wp-container-core-columns-is-layout-9d6595d7 wp-block-columns-is-layout-flex\">\n<div class=\"wp-block-column is-layout-flow wp-block-column-is-layout-flow\" style=\"flex-basis:33.33%\">\n<figure class=\"wp-block-image size-large\"><img decoding=\"async\" src=\"https:\/\/estaeurope.eu\/wp-content\/uploads\/2020\/06\/ESTA_logo.png\" alt=\"\"\/><\/figure>\n<\/div>\n\n\n\n<div class=\"wp-block-column is-layout-flow wp-block-column-is-layout-flow\" style=\"flex-basis:66.66%\">\n<p><strong>23 octobre 2026<\/strong><\/p>\n\n\n\n<div class=\"wp-block-group is-vertical is-layout-flex wp-container-core-group-is-layout-8cf370e7 wp-block-group-is-layout-flex\">\n<p>H\u00f4tel Okura<br>Ferdinand Bolstraat 333<br>1072 LH Amsterdam<br>Pays-Bas<\/p>\n\n\n\n<p>Gammes de produits pr\u00e9sent\u00e9es : grues.<\/p>\n\n\n\n<div class=\"wp-block-buttons is-layout-flex wp-block-buttons-is-layout-flex\">\n<div class=\"wp-block-button is-style-btn-light\"><a class=\"wp-block-button__link wp-element-button\" href=\"https:\/\/estaeurope.eu\/celebration-event\/\" target=\"_blank\" rel=\"noreferrer noopener\">EN SAVOIR PLUS<\/a><\/div>\n<\/div>\n<\/div>\n<\/div>\n<\/div>\n<\/div>\n<\/div>\n<\/div><\/div>\n","protected":false},"excerpt":{"rendered":"<p>\u00c9v\u00e9nements &amp; conf\u00e9rences \u00e0 venir Vous trouverez ci-dessous un aper\u00e7u complet des \u00e9v\u00e9nements \u00e0 venir auxquels Tadano sera repr\u00e9sent\u00e9. Des salons internationaux aux conf\u00e9rences sp\u00e9cialis\u00e9es, d\u00e9couvrez o\u00f9 et quand rencontrer notre \u00e9quipe en personne. Samoter 6\u20139 mai 2026 VeronafiereViale del Lavoro, 837135 V\u00e9roneItalie Gammes de produits pr\u00e9sent\u00e9es : nacelles \u00e9l\u00e9vatrices. APEX 2\u20134 juin 2026 MECC [&hellip;]<\/p>\n","protected":false},"author":3,"featured_media":0,"parent":0,"menu_order":0,"comment_status":"closed","ping_status":"closed","template":"","meta":{"_acf_changed":false,"footnotes":""},"class_list":["post-14957","page","type-page","status-publish","hentry"],"acf":[],"yoast_head":"<!-- This site is optimized with the Yoast SEO plugin v27.5 - https:\/\/yoast.com\/product\/yoast-seo-wordpress\/ -->\n<title>\u00c9v\u00e9nements - France<\/title>\n<meta name=\"robots\" content=\"index, follow, max-snippet:-1, max-image-preview:large, max-video-preview:-1\" \/>\n<link rel=\"canonical\" href=\"https:\/\/www.tadano.com\/france\/fr\/evenements\/\" \/>\n<meta property=\"og:locale\" content=\"fr_FR\" \/>\n<meta property=\"og:type\" content=\"article\" \/>\n<meta property=\"og:title\" content=\"\u00c9v\u00e9nements - France\" \/>\n<meta property=\"og:description\" content=\"\u00c9v\u00e9nements &amp; conf\u00e9rences \u00e0 venir Vous trouverez ci-dessous un aper\u00e7u complet des \u00e9v\u00e9nements \u00e0 venir auxquels Tadano sera repr\u00e9sent\u00e9. Des salons internationaux aux conf\u00e9rences sp\u00e9cialis\u00e9es, d\u00e9couvrez o\u00f9 et quand rencontrer notre \u00e9quipe en personne. Samoter 6\u20139 mai 2026 VeronafiereViale del Lavoro, 837135 V\u00e9roneItalie Gammes de produits pr\u00e9sent\u00e9es : nacelles \u00e9l\u00e9vatrices. APEX 2\u20134 juin 2026 MECC [&hellip;]\" \/>\n<meta property=\"og:url\" content=\"https:\/\/www.tadano.com\/france\/fr\/evenements\/\" \/>\n<meta property=\"og:site_name\" content=\"France\" \/>\n<meta property=\"article:modified_time\" content=\"2026-04-23T09:29:17+00:00\" \/>\n<meta property=\"og:image\" content=\"https:\/\/img.oemoffhighway.com\/files\/base\/acbm\/ooh\/image\/2017\/01\/SAMOTER_Logo2017.5873eb4e0e6f1.png?auto=format%2Ccompress&amp;q=70\" \/>\n<meta name=\"twitter:card\" content=\"summary_large_image\" \/>\n<meta name=\"twitter:label1\" content=\"Dur\u00e9e de lecture estim\u00e9e\" \/>\n\t<meta name=\"twitter:data1\" content=\"4 minutes\" \/>\n<script type=\"application\/ld+json\" class=\"yoast-schema-graph\">{\"@context\":\"https:\\\/\\\/schema.org\",\"@graph\":[{\"@type\":\"WebPage\",\"@id\":\"https:\\\/\\\/www.tadano.com\\\/france\\\/fr\\\/evenements\\\/\",\"url\":\"https:\\\/\\\/www.tadano.com\\\/france\\\/fr\\\/evenements\\\/\",\"name\":\"\u00c9v\u00e9nements - France\",\"isPartOf\":{\"@id\":\"https:\\\/\\\/www.tadano.com\\\/france\\\/fr\\\/#website\"},\"primaryImageOfPage\":{\"@id\":\"https:\\\/\\\/www.tadano.com\\\/france\\\/fr\\\/evenements\\\/#primaryimage\"},\"image\":{\"@id\":\"https:\\\/\\\/www.tadano.com\\\/france\\\/fr\\\/evenements\\\/#primaryimage\"},\"thumbnailUrl\":\"https:\\\/\\\/img.oemoffhighway.com\\\/files\\\/base\\\/acbm\\\/ooh\\\/image\\\/2017\\\/01\\\/SAMOTER_Logo2017.5873eb4e0e6f1.png?auto=format%2Ccompress&amp;q=70\",\"datePublished\":\"2026-04-15T13:55:52+00:00\",\"dateModified\":\"2026-04-23T09:29:17+00:00\",\"inLanguage\":\"fr-FR\",\"potentialAction\":[{\"@type\":\"ReadAction\",\"target\":[\"https:\\\/\\\/www.tadano.com\\\/france\\\/fr\\\/evenements\\\/\"]}]},{\"@type\":\"ImageObject\",\"inLanguage\":\"fr-FR\",\"@id\":\"https:\\\/\\\/www.tadano.com\\\/france\\\/fr\\\/evenements\\\/#primaryimage\",\"url\":\"https:\\\/\\\/img.oemoffhighway.com\\\/files\\\/base\\\/acbm\\\/ooh\\\/image\\\/2017\\\/01\\\/SAMOTER_Logo2017.5873eb4e0e6f1.png?auto=format%2Ccompress&amp;q=70\",\"contentUrl\":\"https:\\\/\\\/img.oemoffhighway.com\\\/files\\\/base\\\/acbm\\\/ooh\\\/image\\\/2017\\\/01\\\/SAMOTER_Logo2017.5873eb4e0e6f1.png?auto=format%2Ccompress&amp;q=70\"},{\"@type\":\"WebSite\",\"@id\":\"https:\\\/\\\/www.tadano.com\\\/france\\\/fr\\\/#website\",\"url\":\"https:\\\/\\\/www.tadano.com\\\/france\\\/fr\\\/\",\"name\":\"France\",\"description\":\"Just another TADANO EUROPE site\",\"potentialAction\":[{\"@type\":\"SearchAction\",\"target\":{\"@type\":\"EntryPoint\",\"urlTemplate\":\"https:\\\/\\\/www.tadano.com\\\/france\\\/fr\\\/?s={search_term_string}\"},\"query-input\":{\"@type\":\"PropertyValueSpecification\",\"valueRequired\":true,\"valueName\":\"search_term_string\"}}],\"inLanguage\":\"fr-FR\"}]}<\/script>\n<!-- \/ Yoast SEO plugin. -->","yoast_head_json":{"title":"\u00c9v\u00e9nements - France","robots":{"index":"index","follow":"follow","max-snippet":"max-snippet:-1","max-image-preview":"max-image-preview:large","max-video-preview":"max-video-preview:-1"},"canonical":"https:\/\/www.tadano.com\/france\/fr\/evenements\/","og_locale":"fr_FR","og_type":"article","og_title":"\u00c9v\u00e9nements - France","og_description":"\u00c9v\u00e9nements &amp; conf\u00e9rences \u00e0 venir Vous trouverez ci-dessous un aper\u00e7u complet des \u00e9v\u00e9nements \u00e0 venir auxquels Tadano sera repr\u00e9sent\u00e9. Des salons internationaux aux conf\u00e9rences sp\u00e9cialis\u00e9es, d\u00e9couvrez o\u00f9 et quand rencontrer notre \u00e9quipe en personne. Samoter 6\u20139 mai 2026 VeronafiereViale del Lavoro, 837135 V\u00e9roneItalie Gammes de produits pr\u00e9sent\u00e9es : nacelles \u00e9l\u00e9vatrices. APEX 2\u20134 juin 2026 MECC [&hellip;]","og_url":"https:\/\/www.tadano.com\/france\/fr\/evenements\/","og_site_name":"France","article_modified_time":"2026-04-23T09:29:17+00:00","og_image":[{"url":"https:\/\/img.oemoffhighway.com\/files\/base\/acbm\/ooh\/image\/2017\/01\/SAMOTER_Logo2017.5873eb4e0e6f1.png?auto=format%2Ccompress&amp;q=70","type":"","width":"","height":""}],"twitter_card":"summary_large_image","twitter_misc":{"Dur\u00e9e de lecture estim\u00e9e":"4 minutes"},"schema":{"@context":"https:\/\/schema.org","@graph":[{"@type":"WebPage","@id":"https:\/\/www.tadano.com\/france\/fr\/evenements\/","url":"https:\/\/www.tadano.com\/france\/fr\/evenements\/","name":"\u00c9v\u00e9nements - France","isPartOf":{"@id":"https:\/\/www.tadano.com\/france\/fr\/#website"},"primaryImageOfPage":{"@id":"https:\/\/www.tadano.com\/france\/fr\/evenements\/#primaryimage"},"image":{"@id":"https:\/\/www.tadano.com\/france\/fr\/evenements\/#primaryimage"},"thumbnailUrl":"https:\/\/img.oemoffhighway.com\/files\/base\/acbm\/ooh\/image\/2017\/01\/SAMOTER_Logo2017.5873eb4e0e6f1.png?auto=format%2Ccompress&amp;q=70","datePublished":"2026-04-15T13:55:52+00:00","dateModified":"2026-04-23T09:29:17+00:00","inLanguage":"fr-FR","potentialAction":[{"@type":"ReadAction","target":["https:\/\/www.tadano.com\/france\/fr\/evenements\/"]}]},{"@type":"ImageObject","inLanguage":"fr-FR","@id":"https:\/\/www.tadano.com\/france\/fr\/evenements\/#primaryimage","url":"https:\/\/img.oemoffhighway.com\/files\/base\/acbm\/ooh\/image\/2017\/01\/SAMOTER_Logo2017.5873eb4e0e6f1.png?auto=format%2Ccompress&amp;q=70","contentUrl":"https:\/\/img.oemoffhighway.com\/files\/base\/acbm\/ooh\/image\/2017\/01\/SAMOTER_Logo2017.5873eb4e0e6f1.png?auto=format%2Ccompress&amp;q=70"},{"@type":"WebSite","@id":"https:\/\/www.tadano.com\/france\/fr\/#website","url":"https:\/\/www.tadano.com\/france\/fr\/","name":"France","description":"Just another TADANO EUROPE site","potentialAction":[{"@type":"SearchAction","target":{"@type":"EntryPoint","urlTemplate":"https:\/\/www.tadano.com\/france\/fr\/?s={search_term_string}"},"query-input":{"@type":"PropertyValueSpecification","valueRequired":true,"valueName":"search_term_string"}}],"inLanguage":"fr-FR"}]}},"_links":{"self":[{"href":"https:\/\/www.tadano.com\/france\/fr\/wp-json\/wp\/v2\/pages\/14957","targetHints":{"allow":["GET"]}}],"collection":[{"href":"https:\/\/www.tadano.com\/france\/fr\/wp-json\/wp\/v2\/pages"}],"about":[{"href":"https:\/\/www.tadano.com\/france\/fr\/wp-json\/wp\/v2\/types\/page"}],"author":[{"embeddable":true,"href":"https:\/\/www.tadano.com\/france\/fr\/wp-json\/wp\/v2\/users\/3"}],"replies":[{"embeddable":true,"href":"https:\/\/www.tadano.com\/france\/fr\/wp-json\/wp\/v2\/comments?post=14957"}],"version-history":[{"count":1,"href":"https:\/\/www.tadano.com\/france\/fr\/wp-json\/wp\/v2\/pages\/14957\/revisions"}],"predecessor-version":[{"id":15010,"href":"https:\/\/www.tadano.com\/france\/fr\/wp-json\/wp\/v2\/pages\/14957\/revisions\/15010"}],"wp:attachment":[{"href":"https:\/\/www.tadano.com\/france\/fr\/wp-json\/wp\/v2\/media?parent=14957"}],"curies":[{"name":"wp","href":"https:\/\/api.w.org\/{rel}","templated":true}]}}