{"id":10050,"date":"2023-01-20T13:34:32","date_gmt":"2023-01-20T13:34:32","guid":{"rendered":"https:\/\/www.tadano.com\/italia\/questionario-sullo-scambio-elettronico-di-dati\/"},"modified":"2023-05-08T07:04:39","modified_gmt":"2023-05-08T07:04:39","slug":"questionario-sullo-scambio-elettronico-di-dati","status":"publish","type":"page","link":"https:\/\/www.tadano.com\/italia\/it\/questionario-sullo-scambio-elettronico-di-dati\/","title":{"rendered":"Questionario sullo scambio elettronico di dati"},"content":{"rendered":"\n\n\n<section class=\"hero-section\">\n\n\t\n\t\t\t<style type=\"text\/css\">\n\t\t\t.hero-section .img-holder:before {\n\t\t\t\tdisplay: none;\n\t\t\t}\n\t\t<\/style>\n\t\n\t\n\t<div class=\"img-holder no-background-image\">\n\t\t\t\t\t\t<div class=\"logo green-solutions\" style=\"display:none;\">\n\t\t\t<a href=\"#\"><img decoding=\"async\" src=\"https:\/\/www.tadano.com\/italia\/wp-content\/themes\/tadano\/assets\/dist\/images\/Green-Solutions_Logo_White.svg\"><\/a>\n\t\t<\/div>\n\t<\/div>\n\t<div class=\"container\">\n\t\t<div class=\"text-holder \">\n\t\t\t<div class=\"wrap\">\n\t\t\t\t\n\t\t\t\t<ul class=\"breadcrumbs\"><li><a href=\"https:\/\/www.tadano.com\/italia\/it\/\">Homepage<\/a><\/li><\/ul>\n\t\t\t\t\n\n<h1 class=\"wp-block-heading\">Modulo per i fornitori<\/h1>\n\n\n\n<p>Questionario sullo scambio elettronico di dati<\/p>\n\n\n\n\t\t\t\t\n\t\t\t<\/div>\n\n\t\t\t\n\t\t\t\n\t\t\t\n\t\t<\/div>\n\t<\/div>\n<\/section>\n\n\n<script type=\"text\/javascript\">\n\n  const pardotURL = 'https:\/\/info.tadanoeurope.com\/l\/761063\/2021-04-26\/dvq4g';\n\n<\/script>\n\n<section class=\"contact-form-block form-block cookieconsent-optin-marketing\" id=\"contact-form-container\">\n  <div class=\"container\">\n\n\n\n\n  \n    <script type=\"text\/javascript\">\n      var recaptchaPublicKey = '6Ldq-sgaAAAAAFdx0YPp6eTsOESRRTjR4mf2ROcn';\n      const formRequiredMessage = 'Questo campo \u00e8 richiesto';\n      var formRecipient = 'tdg-tfg.procurement@tadano.com';\n      var formSubject = 'Contact Form';\n    <\/script>\n\n    <script src=\"https:\/\/www.google.com\/recaptcha\/api.js?render=6Ldq-sgaAAAAAFdx0YPp6eTsOESRRTjR4mf2ROcn\"><\/script>\n\n\n    <form class=\"contact-form\" action=\"#contact-form-container\" method=\"POST\" enctype=\"multipart\/form-data\" id=\"contact-form\" onsubmit=\"dataLayer.push({'event': 'formSubmission'});\">\n         \n    <fieldset>\n        <legend>Dati generali<\/legend>\n        <div class=\"row\">\n            <div class=\"col\">\n                <label for=\"supplier\" class=\"hidden\">Fornitore<\/label>\n                <input type=\"text\" placeholder=\"Fornitore *\" name=\"supplier\" required\/>\n            <\/div>\n            <div class=\"col\">\n                <label for=\"vendor-number\" class=\"hidden\">Codice creditore Tadano<\/label>\n                <input type=\"text\" placeholder=\"Codice creditore Tadano\" name=\"vendor-number\"\/>\n            <\/div>\n            <div class=\"col full-width\">\n                <label for=\"address\" class=\"hidden\">Indirizzo<\/label>\n                <input type=\"text\" placeholder=\"Indirizzo *\" name=\"address\" required \/>\n            <\/div>\n        <\/div>\n    <\/fieldset>\n\n    <fieldset>\n        <legend>Il tuo referente &#8211; tecnico <\/legend>\n        <div class=\"row\">\n            <div class=\"col\">\n                <label for=\"contact-technical-name\" class=\"hidden\">Nome<\/label>\n                <input type=\"text\" placeholder=\"Nome\" name=\"contact-technical-name\" \/>\n            <\/div>\n            <div class=\"col\"><\/div>\n            <div class=\"col\">\n                <label for=\"contact-technical-email\" class=\"hidden\">Indirizzo e-mail<\/label>\n                <input type=\"email\" placeholder=\"Indirizzo e-mail\" name=\"contact-technical-email\" \/>\n            <\/div>\n            <div class=\"col\">\n                <label for=\"contact-technical-phone\" class=\"hidden\">Telefono<\/label>\n                <input type=\"tel\" placeholder=\"Telefono\" name=\"contact-technical-phone\" \/>\n            <\/div>\n        <\/div>\n    <\/fieldset>\n\n    <fieldset>\n        <legend>Il tuo referente &#8211; commerciale<\/legend>\n        <div class=\"row\">\n            <div class=\"col\">\n                <label for=\"contact-professional-name\" class=\"hidden\">Nome<\/label>\n                <input type=\"text\" placeholder=\"Nome\" name=\"contact-professional-name\" \/>\n            <\/div>\n            <div class=\"col\"><\/div>\n            <div class=\"col\">\n                <label for=\"contact-professional-email\" class=\"hidden\">Indirizzo e-mail<\/label>\n                <input type=\"email\" placeholder=\"Indirizzo e-mail\" name=\"contact-professional-email\" \/>\n            <\/div>\n            <div class=\"col\">\n                <label for=\"contact-professional-phone\" class=\"hidden\">Telefono<\/label>\n                <input type=\"tel\" placeholder=\"Telefono\" name=\"contact-professional-phone\" \/>\n            <\/div>\n        <\/div>\n    <\/fieldset>\n\n    <fieldset>\n        <legend>Referente Tadano (vendite)<\/legend>\n        <div class=\"row\">\n            <div class=\"col\">\n                <label for=\"contact-purchasing-name\" class=\"hidden\">Nome<\/label>\n                <input type=\"text\" placeholder=\"Nome\" name=\"contact-purchasing-name\" \/>\n            <\/div>\n            <div class=\"col\"><\/div>\n            <div class=\"col\">\n                <label for=\"contact-purchasing-email\" class=\"hidden\">Indirizzo e-mail<\/label>\n                <input type=\"email\" placeholder=\"Indirizzo e-mail\" name=\"contact-purchasing-email\" \/>\n            <\/div>\n            <div class=\"col\">\n                <label for=\"contact-purchasing-phone\" class=\"hidden\">Telefono<\/label>\n                <input type=\"tel\" placeholder=\"Telefono\" name=\"contact-purchasing-phone\" \/>\n            <\/div>\n        <\/div>\n    <\/fieldset>\n\n    <h2 style=\"margin-bottom: 10px;\">Grado di integrazione<\/h2>\n    <fieldset>\n        <legend>Informazioni generali<\/legend>\n       \n        <div class=\"row\">\n            <div class=\"col full-width\">\n                <label for=\"erp-system\" class=\"hidden\">Quale sistema ERP utilizza?<\/label>\n                <input type=\"text\" placeholder=\"Quale sistema ERP utilizza?\" name=\"erp-system\"  \/>\n            <\/div>\n            <div class=\"col full-width\">\n                <label for=\"data-exchanged-with-other-partners\" class=\"hidden\">Avviene gi\u00e0 uno scambio di dati tramite EDI con altri partner commerciali?<\/label>\n                <select name=\"data-exchanged-with-other-partners\">\n                    <option value=\"\">Avviene gi\u00e0 uno scambio di dati tramite EDI con altri partner commerciali?<\/option>\n                    <option>S\u00ec<\/option>\n                    <option>No<\/option>\n                <\/select>\n            <\/div>\n            <div class=\"col full-width\">\n                <label for=\"data-processing-via-edi-provider\" class=\"hidden\">Per la gestione utilizza un fornitore di servizi EDI? <\/label>\n                <select id=\"data-processing-via-edi-provider\" name=\"data-processing-via-edi-provider\">\n                    <option value=\"\">Per la gestione utilizza un fornitore di servizi EDI? <\/option>\n                    <option value=\"yes\">S\u00ec<\/option>\n                    <option>No<\/option>\n                <\/select>\n            <\/div>\n        <\/div>\n\n        <div id=\"contact-details-edi-service-provider\" style=\"display:none;\">\n            <div class=\"row\">\n                <div class=\"col full-width\" style=\"padding-bottom:10px;\">\n                    <h3 style=\"\">Dati di contatto fornitore di servizi EDI<\/h3>\n                <\/div>\n                <div class=\"col\">\n                    <label for=\"edi-service-provider-name\" class=\"hidden\">Nome<\/label>\n                    <input type=\"text\" placeholder=\"Nome\" name=\"edi-service-provider-name\" \/>\n                <\/div>\n                <div class=\"col\">\n                    <label for=\"edi-service-provider-contact-person\" class=\"hidden\">Referente<\/label>\n                    <input type=\"email\" placeholder=\"Referente\" name=\"edi-service-provider-contact-person\" \/>\n                <\/div>\n                <div class=\"col\">\n                    <label for=\"edi-service-provider-contact\" class=\"hidden\">Contatta<\/label>\n                    <input type=\"tel\" placeholder=\"Contatta\" name=\"edi-service-provider-contact\" \/>\n                <\/div>\n                <div class=\"col\">\n                    <label for=\"edi-service-provider-software\" class=\"hidden\">Software di conversione EDI<\/label>\n                    <input type=\"tel\" placeholder=\"Software di conversione EDI\" name=\"edi-service-provider-software\" \/>\n                <\/div>\n            <\/div>\n        <\/div>\n  \n    <\/fieldset>\n\n        \n\n    <fieldset>\n        <legend>Processi aziendali pianificati<\/legend>\n        <div class=\"row\">\n            <div class=\"col full-width\" style=\"padding-bottom: 10px;\">\n                <h3 style=\"\">Quali formati di trasmissione dei dati desidera\/supporta?<\/h3>\n                <p>Tadano Standard = XML-IDOC<\/p>\n            <\/div>\n        <\/div>\n\n        <fieldset>\n            <legend>Ordini <\/legend>\n            <div class=\"row\">\n                <div class=\"col\">\n                    <label class=\"terms-checkbox\">\n                        <input type=\"checkbox\" name=\"data-transfer-orders-default\" title=\"ORDERS (Tadano Standard)\" \/>\n                        <span class=\"fake-input\"><\/span>\n                        <span class=\"fake-label\">ORDERS (Tadano Standard)                        <\/span>\n                    <\/label>\n                <\/div>\n                <div class=\"col\">\n                    <label for=\"data-transfer-orders-other\" class=\"hidden\">Altri<\/label>\n                    <input type=\"text\" placeholder=\"Altri\" name=\"data-transfer-orders-other\" \/>\n                <\/div>\n            <\/div>\n        <\/fieldset>\n\n        <fieldset>\n            <legend>Modifiche all&#8217;ordine<\/legend>\n            <div class=\"row\">\n                <div class=\"col\">\n                    <label class=\"terms-checkbox\">\n                        <input type=\"checkbox\" name=\"data-transfer-orders-change-default\" title=\"ORDCHG (Tadano Standard)\" \/>\n                        <span class=\"fake-input\"><\/span>\n                        <span class=\"fake-label\">ORDCHG (Tadano Standard)                        <\/span>\n                    <\/label>\n                <\/div>\n                <div class=\"col\">\n                    <label for=\"data-transfer-orders-change-other\" class=\"hidden\">Altri<\/label>\n                    <input type=\"text\" placeholder=\"Altri\" name=\"data-transfer-orders-change-other\" \/>\n                <\/div>\n            <\/div>\n        <\/fieldset>\n\n        <fieldset>\n            <legend>Piani di consegna<\/legend>\n            <div class=\"row\">\n                <div class=\"col\">\n                    <label class=\"terms-checkbox\">\n                        <input type=\"checkbox\" name=\"data-transfer-sheduling-aggreements-default\" title=\"DELINS (Tadano Standard)\" \/>\n                        <span class=\"fake-input\"><\/span>\n                        <span class=\"fake-label\">DELINS (Tadano Standard)                        <\/span>\n                    <\/label>\n                <\/div>\n                <div class=\"col\">\n                    <label for=\"data-transfer-sheduling-aggreements-other\" class=\"hidden\">Altri<\/label>\n                    <input type=\"text\" placeholder=\"Altri\" name=\"data-transfer-sheduling-aggreements-other\" \/>\n                <\/div>\n            <\/div>\n        <\/fieldset>\n\n        <fieldset>\n            <legend>Conferme d&#8217;ordine<\/legend>\n            <div class=\"row\">\n                <div class=\"col\">\n                    <label class=\"terms-checkbox\">\n                        <input type=\"checkbox\" name=\"data-transfer-order-confirmations-default\" title=\"ORDRSP (Tadano Standard)\" \/>\n                        <span class=\"fake-input\"><\/span>\n                        <span class=\"fake-label\">ORDRSP (Tadano Standard)                        <\/span>\n                    <\/label>\n                <\/div>\n                <div class=\"col\">\n                    <label for=\"data-transfer-order-confirmations-other\" class=\"hidden\">Altri<\/label>\n                    <input type=\"text\" placeholder=\"Altri\" name=\"data-transfer-order-confirmations-other\" \/>\n                <\/div>\n            <\/div>\n        <\/fieldset>\n\n        <fieldset>\n            <legend>Consegne<\/legend>\n            <div class=\"row\">\n                <div class=\"col\">\n                    <label class=\"terms-checkbox\">\n                        <input type=\"checkbox\" name=\"data-transfer-deliveries-default\" title=\"DESADV (Tadano Standard)\" \/>\n                        <span class=\"fake-input\"><\/span>\n                        <span class=\"fake-label\">DESADV (Tadano Standard)                        <\/span>\n                    <\/label>\n                <\/div>\n                <div class=\"col\">\n                    <label for=\"data-transfer-deliveries-other\" class=\"hidden\">Altri<\/label>\n                    <input type=\"text\" placeholder=\"Altri\" name=\"data-transfer-deliveries-other\" \/>\n                <\/div>\n            <\/div>\n        <\/fieldset>\n\n    <\/fieldset>\n\n    <fieldset>\n        <legend>Standard di comunicazione\n\n<\/legend>\n        <div class=\"row\">\n            <div class=\"col\">\n                <label class=\"terms-checkbox\">\n                    <input type=\"checkbox\" name=\"communication-standard-sftp\" title=\"SFTP\" \/>\n                    <span class=\"fake-input\"><\/span>\n                    <span class=\"fake-label\">SFTP                    <\/span>\n                <\/label>\n            <\/div>\n            <div class=\"col\">\n                <label for=\"communication-standard-other\" class=\"hidden\">Altri<\/label>\n                <input type=\"text\" placeholder=\"Altri\" name=\"communication-standard-other\" \/>\n            <\/div>\n        <\/div>\n    <\/fieldset>\n\n    <fieldset>\n        <legend>Linea temporale pianificata<\/legend>\n        <div class=\"row\">\n            <div class=\"col full-width\">\n                <label for=\"scheduled-time-frame\" class=\"hidden\">Linea temporale pianificata<\/label>\n                <input type=\"text\" placeholder=\"Linea temporale pianificata\" name=\"scheduled-time-frame\" \/>\n            <\/div>\n        <\/div>\n    <\/fieldset>\n\n    <fieldset>\n        <legend>Altro\/Osservazioni<\/legend>\n        <div class=\"row\">\n            <div class=\"col full-width\">\n            <label for=\"message\" class=\"hidden\">Messaggio<\/label>\n            <textarea placeholder=\"Messaggio\" name=\"message\" ><\/textarea>\n            <\/div>\n        <\/div>\n    <\/fieldset>\n\n\n      <div class=\"row\">\n        <div class=\"col full-width terms\">\n          <label class=\"terms-checkbox\">\n            <input type=\"checkbox\" name=\"data-protection\" required title=\"Si prega di accettare la nostra dichiarazione di protezione dei dati\" \/>\n            <span class=\"fake-input\"><\/span>\n            <span class=\"fake-label\">Riconosco <a target=\"_blank\" href=\"https:\/\/www.tadano.com\/italia\/it\/questionario-sullo-scambio-elettronico-di-dati\/\">l&#8217;informativa sulla privacy<\/a> con ulteriori informazioni.*\n            <\/span>\n          <\/label>\n          <span class=\"req\">*Richiesto<\/span>\n        <\/div>\n        <div class=\"loader\"><\/div>\n        <div class=\"col full-width btn-holder\">\n          <input type=\"submit\" class=\"btn btn-outline-white\" value=\"Registratevi ora\" name=\"submit_contact_form\" id=\"submit_form\" \/>\n        <\/div>\n      <\/div>\n    <\/form>\n\n\n\n\n  \n\n  <div class=\"form-success\"  >\n    \n\n<h2 class=\"wp-block-heading\">GRAZIE!<\/h2>\n\n\n\n<p>Apprezziamo molto i vostri suggerimenti e le vostre richieste. Il nostro team esaminer\u00e0 il suo messaggio e risponder\u00e0 il pi\u00f9 rapidamente possibile. Ancora una volta, grazie!<\/p>\n\n\n  <\/div>\n\n<\/div>\n\n\n<script type=\"text\/javascript\">\n    window.addEventListener('load', function() {\n        \/\/ if select with id \"data-processing-via-edi-provider\" is true then show the div with id \"contact-details-edi-service-provider\" else hide it; no jquery\n        document.getElementById('data-processing-via-edi-provider').addEventListener('change', function() {\n        if (this.value == 'yes') {\n            document.getElementById('contact-details-edi-service-provider').style.display = 'block';\n        } else {\n            document.getElementById('contact-details-edi-service-provider').style.display = 'none';\n        }\n        });\n    });\n  <\/script>\n\n\n\n<\/section>\n\n<div class=\"cookieconsent-optout-marketing cookieconsent\" style=\"background-image: url('https:\/\/www.tadano.com\/italia\/wp-content\/themes\/tadano\/assets\/dist\/images\/nocookie_form.jpg');\">\n      <div class=\"wrapper\">\n        <h3>\u00c8 necessario accettare i cookie di marketing per visualizzare questo contenuto<\/h3>\n        <a href=\"javascript: Cookiebot.renew()\" class=\"btn btn-outline-white\">accettare<\/a>\n    <\/div>\n<\/div>","protected":false},"excerpt":{"rendered":"","protected":false},"author":1,"featured_media":0,"parent":0,"menu_order":0,"comment_status":"closed","ping_status":"closed","template":"","meta":{"_acf_changed":false,"footnotes":""},"acf":[],"yoast_head":"<!-- This site is optimized with the Yoast SEO plugin v22.3 - https:\/\/yoast.com\/wordpress\/plugins\/seo\/ -->\n<title>Questionario sullo scambio elettronico di dati - Italy<\/title>\n<meta name=\"robots\" content=\"index, follow, max-snippet:-1, max-image-preview:large, max-video-preview:-1\" \/>\n<link rel=\"canonical\" href=\"https:\/\/www.tadano.com\/italia\/questionario-sullo-scambio-elettronico-di-dati\/\" \/>\n<meta property=\"og:locale\" content=\"it_IT\" \/>\n<meta property=\"og:type\" content=\"article\" \/>\n<meta property=\"og:title\" content=\"Questionario sullo scambio elettronico di dati - Italy\" \/>\n<meta property=\"og:url\" content=\"https:\/\/www.tadano.com\/italia\/questionario-sullo-scambio-elettronico-di-dati\/\" \/>\n<meta property=\"og:site_name\" content=\"Italy\" \/>\n<meta property=\"article:modified_time\" content=\"2023-05-08T07:04:39+00:00\" \/>\n<meta name=\"twitter:card\" content=\"summary_large_image\" \/>\n<meta name=\"twitter:label1\" content=\"Tempo di lettura stimato\" \/>\n\t<meta name=\"twitter:data1\" content=\"1 minuto\" \/>\n<script type=\"application\/ld+json\" class=\"yoast-schema-graph\">{\"@context\":\"https:\/\/schema.org\",\"@graph\":[{\"@type\":\"WebPage\",\"@id\":\"https:\/\/www.tadano.com\/italia\/questionario-sullo-scambio-elettronico-di-dati\/\",\"url\":\"https:\/\/www.tadano.com\/italia\/questionario-sullo-scambio-elettronico-di-dati\/\",\"name\":\"Questionario sullo scambio elettronico di dati - Italy\",\"isPartOf\":{\"@id\":\"https:\/\/www.tadano.com\/italia\/it\/#website\"},\"datePublished\":\"2023-01-20T13:34:32+00:00\",\"dateModified\":\"2023-05-08T07:04:39+00:00\",\"inLanguage\":\"it-IT\",\"potentialAction\":[{\"@type\":\"ReadAction\",\"target\":[\"https:\/\/www.tadano.com\/italia\/questionario-sullo-scambio-elettronico-di-dati\/\"]}]},{\"@type\":\"WebSite\",\"@id\":\"https:\/\/www.tadano.com\/italia\/it\/#website\",\"url\":\"https:\/\/www.tadano.com\/italia\/it\/\",\"name\":\"Italy\",\"description\":\"Just another TADANO EUROPE site\",\"potentialAction\":[{\"@type\":\"SearchAction\",\"target\":{\"@type\":\"EntryPoint\",\"urlTemplate\":\"https:\/\/www.tadano.com\/italia\/it\/?s={search_term_string}\"},\"query-input\":\"required name=search_term_string\"}],\"inLanguage\":\"it-IT\"}]}<\/script>\n<!-- \/ Yoast SEO plugin. -->","yoast_head_json":{"title":"Questionario sullo scambio elettronico di dati - Italy","robots":{"index":"index","follow":"follow","max-snippet":"max-snippet:-1","max-image-preview":"max-image-preview:large","max-video-preview":"max-video-preview:-1"},"canonical":"https:\/\/www.tadano.com\/italia\/questionario-sullo-scambio-elettronico-di-dati\/","og_locale":"it_IT","og_type":"article","og_title":"Questionario sullo scambio elettronico di dati - Italy","og_url":"https:\/\/www.tadano.com\/italia\/questionario-sullo-scambio-elettronico-di-dati\/","og_site_name":"Italy","article_modified_time":"2023-05-08T07:04:39+00:00","twitter_card":"summary_large_image","twitter_misc":{"Tempo di lettura stimato":"1 minuto"},"schema":{"@context":"https:\/\/schema.org","@graph":[{"@type":"WebPage","@id":"https:\/\/www.tadano.com\/italia\/questionario-sullo-scambio-elettronico-di-dati\/","url":"https:\/\/www.tadano.com\/italia\/questionario-sullo-scambio-elettronico-di-dati\/","name":"Questionario sullo scambio elettronico di dati - Italy","isPartOf":{"@id":"https:\/\/www.tadano.com\/italia\/it\/#website"},"datePublished":"2023-01-20T13:34:32+00:00","dateModified":"2023-05-08T07:04:39+00:00","inLanguage":"it-IT","potentialAction":[{"@type":"ReadAction","target":["https:\/\/www.tadano.com\/italia\/questionario-sullo-scambio-elettronico-di-dati\/"]}]},{"@type":"WebSite","@id":"https:\/\/www.tadano.com\/italia\/it\/#website","url":"https:\/\/www.tadano.com\/italia\/it\/","name":"Italy","description":"Just another TADANO EUROPE site","potentialAction":[{"@type":"SearchAction","target":{"@type":"EntryPoint","urlTemplate":"https:\/\/www.tadano.com\/italia\/it\/?s={search_term_string}"},"query-input":"required name=search_term_string"}],"inLanguage":"it-IT"}]}},"_links":{"self":[{"href":"https:\/\/www.tadano.com\/italia\/it\/wp-json\/wp\/v2\/pages\/10050"}],"collection":[{"href":"https:\/\/www.tadano.com\/italia\/it\/wp-json\/wp\/v2\/pages"}],"about":[{"href":"https:\/\/www.tadano.com\/italia\/it\/wp-json\/wp\/v2\/types\/page"}],"author":[{"embeddable":true,"href":"https:\/\/www.tadano.com\/italia\/it\/wp-json\/wp\/v2\/users\/1"}],"replies":[{"embeddable":true,"href":"https:\/\/www.tadano.com\/italia\/it\/wp-json\/wp\/v2\/comments?post=10050"}],"version-history":[{"count":0,"href":"https:\/\/www.tadano.com\/italia\/it\/wp-json\/wp\/v2\/pages\/10050\/revisions"}],"wp:attachment":[{"href":"https:\/\/www.tadano.com\/italia\/it\/wp-json\/wp\/v2\/media?parent=10050"}],"curies":[{"name":"wp","href":"https:\/\/api.w.org\/{rel}","templated":true}]}}