{"id":10464,"date":"2025-07-28T14:16:06","date_gmt":"2025-07-28T14:16:06","guid":{"rendered":"https:\/\/www.tadano.com\/italia\/?page_id=10464"},"modified":"2025-07-28T14:16:06","modified_gmt":"2025-07-28T14:16:06","slug":"area-manager-autogru-italia-m-f-d","status":"publish","type":"page","link":"https:\/\/www.tadano.com\/italia\/it\/informazioni\/carriere\/area-manager-autogru-italia-m-f-d\/","title":{"rendered":"Area Manager Autogru Italia (m\/f\/d)"},"content":{"rendered":"\n\n\n<section class=\"hero-section\">\n\n\t\n\t\n\t\n\t<div class=\"img-holder \">\n\t\t\t\t<div class=\"bg-stretch\" style=\"background-position: 50% 50%; \">\n\t\t\t<span data-srcset=\"https:\/\/assets.onetadano.com\/celum_assets\/hero\/TADANO_lineup___NEWYORK__B__.jpg, https:\/\/assets.onetadano.com\/celum_assets\/hero-2x\/TADANO_lineup___NEWYORK__B__.jpg 2x\"><\/span>\n\t\t<\/div>\n\t\t\t\t\t\t<div class=\"logo green-solutions\" style=\"display:none;\">\n\t\t\t<a href=\"#\"><img decoding=\"async\" src=\"https:\/\/www.tadano.com\/italia\/wp-content\/themes\/tadano\/assets\/dist\/images\/Green-Solutions_Logo_White.svg\"><\/a>\n\t\t<\/div>\n\t<\/div>\n\t<div class=\"container\">\n\t\t<div class=\"text-holder \">\n\t\t\t<div class=\"wrap\">\n\t\t\t\t\n\t\t\t\t<ul class=\"breadcrumbs\"><li><a href=\"https:\/\/www.tadano.com\/italia\/it\/\">Homepage<\/a><\/li><\/ul>\n\t\t\t\t\n\n<h1 class=\"wp-block-heading\"><strong>CARRIERE<\/strong><\/h1>\n\n\n\n<p>Essendo parte del Gruppo Tadano, la &#8220;Tadano Demag GmbH Italian Branch&#8221; condivide la missione di lavorare per fornire ai nostri clienti attrezzature di sollevamento e servizi correlati che non solo soddisfino le loro aspettative, ma le superino.<\/p>\n\n\n\n\t\t\t\t\n\t\t\t<\/div>\n\n\t\t\t\n\t\t\t\n\t\t\t\n\t\t<\/div>\n\t<\/div>\n<\/section>\n\n\n<div class=\"wp-block-group is-style-background-white is-layout-flow wp-block-group-is-layout-flow\"><div class=\"wp-block-group__inner-container\">\n<h1 class=\"wp-block-heading\">Area Manager Autogru Italia (m\/f\/d)<\/h1>\n\n\n\n<p class=\"has-black-color has-text-color has-link-color wp-elements-41f4fc72f45b5800a990fcf1660f7217\">Contratto a tempo indeterminato | Disponibilit\u00e0 immediata |<strong> S. Cesario S\/Panaro (MO)<\/strong><\/p>\n\n\n\n<p class=\"has-dark-blue-color has-text-color has-link-color wp-elements-53b280c020c7a4b200e60c4401f6850e\"><strong>Chi siamo<\/strong><\/p>\n\n\n\n<p><strong>Panoramica aziendale<\/strong><\/p>\n\n\n\n<p>Il Gruppo Tadano opera a livello globale, specializzandosi nello sviluppo e nella produzione di gru mobili idrauliche e attrezzature di sollevamento. Con impianti di produzione in diverse localit\u00e0 nel mondo, tra cui Giappone, Germania e USA, Tadano si impegna a fornire gru mobili di alta qualit\u00e0.<\/p>\n\n\n\n<p>Tadano Italia gestisce la vendita di attrezzature di sollevamento nuove e usate, nonch\u00e9 la vendita di servizi e ricambi all&#8217;interno del Paese.<\/p>\n\n\n\n<p><strong>La posizione<\/strong><\/p>\n\n\n\n<p>Per la branch commerciale italiana di Tadano dedicata alle autogr\u00f9 che ha sede in provincia di Modena ricerchiamo una figura di <strong>Sales Manager<\/strong> che avr\u00e0 la responsabilit\u00e0 di gestire il portafoglio clienti esistente e di sviluppare nuove opportunit\u00e0 di business in accordo con le direttive di gruppo e la politica commerciale di filiale.<\/p>\n\n\n\n<p><strong><strong>Entra a far parte del nostro Team vendite Tadano in Italia:<\/strong><\/strong><\/p>\n\n\n\n<p class=\"has-dark-blue-color has-text-color has-link-color wp-elements-3f10a37521bcd7c532908042fce21939\"><strong><strong>Le tue responsabilit\u00e0 come Sales Manager<\/strong><\/strong><\/p>\n\n\n\n<ul>\n<li>Gestire e mantenere le relazioni con il portafoglio clienti attuale;<\/li>\n\n\n\n<li>Analizzare il territorio di riferimento con l\u2019obiettivo di individuare nuove opportunit\u00e0 di business;<\/li>\n\n\n\n<li>Individuare e creare relazione con i principale stakeholder e mantenersi aggiornato rispetto ai piani di sviluppo nazionali in ambito edile e civile;<\/li>\n\n\n\n<li>Gestire l&#8217;implementazione della strategia di vendita sul territorio di competenza assicurando il raggiungimento degli obiettivi relativi competenza attraverso il costante monitoraggio dei risultati e dei KPI;<\/li>\n\n\n\n<li>Partecipare a fiere ed agli altri eventi aziendali<\/li>\n<\/ul>\n\n\n\n<p class=\"has-dark-blue-color has-text-color has-link-color wp-elements-7ae07ab3a507f1f7796ddef3deba2098\"><strong><strong>Le tue qualifiche come Sales Manager<\/strong><\/strong><\/p>\n\n\n\n<p>Pregressa esperienza equivalente, diploma tecnico o Laurea<\/p>\n\n\n\n<p>In qualit\u00e0 di candidato ideale, hai una pregressa esperienza di almeno 3-5 anni in ruoli commerciali sviluppata in ambito sollevamento e presenti consolidate competenze di business development e creazione di relazioni commerciali strategiche.<\/p>\n\n\n\n<p>Hai capacit\u00e0 di gestire trattative complesse ed una costante attenzione all\u2019esigenze del mercato ed alla proposizione di soluzioni in ottica consulenziale e ambisci a diventare un punto di riferimento riconosciuto dal mercato.<\/p>\n\n\n\n<p>Completano il profilo: la disponibilit\u00e0 ad effettuare trasferte sul territorio nazionale, ottime doti comunicative, precisione ed accuratezza, capacit\u00e0 di interfacciarsi su differenti livelli e ottima conoscenza della lingua inglese.<\/p>\n\n\n\n<p class=\"has-dark-blue-color has-text-color has-link-color wp-elements-7d2ffb21e58e610ed350f2510d9f4ecb\"><strong>Cosa offriamo<\/strong><\/p>\n\n\n\n<ul>\n<li>Prodotti innovativi e di alto livello e un lavoro stimolante in un settore in continua evoluzione<\/li>\n\n\n\n<li>La possibilit\u00e0 di gestire autonomamente il proprio lavoro<\/li>\n\n\n\n<li>Un salario iniziale competitivo e un contratto a tempo indeterminato<\/li>\n\n\n\n<li>Formazione tecnica approfondita sui prodotti<\/li>\n<\/ul>\n\n\n\n<p class=\"has-dark-blue-color has-text-color has-link-color wp-elements-e5021ac79b9f7b7d3bca378fb55c723c\"><strong>Candidati ora!<\/strong><\/p>\n\n\n\n<p>Se hai domande su questa posizione, contatta <strong><a href=\"https:\/\/www.linkedin.com\/in\/davidecamperi\/\" target=\"_blank\" rel=\"noreferrer noopener\">Davide Camperi<\/a><\/strong>, Business Leader Italy all&#8217;indirizzo e-mail <a href=\"mailto:davide.camperi@tadano.com\"><strong>davide.camperi@tadano.com<\/strong><\/a> &nbsp;o su LinkedIn <strong><a href=\"https:\/\/www.linkedin.com\/in\/davidecamperi\/\" target=\"_blank\" rel=\"noreferrer noopener\">linkedin.com\/in\/davidecamperi<\/a><\/strong><\/p>\n\n\n\n<p><strong>Si prega di inviare il proprio CV in italiano o in inglese.<\/strong><\/p>\n<\/div><\/div>\n","protected":false},"excerpt":{"rendered":"<p>Area Manager Autogru Italia (m\/f\/d) Contratto a tempo indeterminato | Disponibilit\u00e0 immediata | S. Cesario S\/Panaro (MO) Chi siamo Panoramica aziendale Il Gruppo Tadano opera a livello globale, specializzandosi nello sviluppo e nella produzione di gru mobili idrauliche e attrezzature di sollevamento. Con impianti di produzione in diverse localit\u00e0 nel mondo, tra cui Giappone, Germania [&hellip;]<\/p>\n","protected":false},"author":3,"featured_media":0,"parent":10171,"menu_order":0,"comment_status":"closed","ping_status":"closed","template":"","meta":{"_acf_changed":false,"footnotes":""},"acf":[],"yoast_head":"<!-- This site is optimized with the Yoast SEO plugin v22.3 - https:\/\/yoast.com\/wordpress\/plugins\/seo\/ -->\n<title>Area Manager Autogru Italia (m\/f\/d) - Italy<\/title>\n<meta name=\"robots\" content=\"index, follow, max-snippet:-1, max-image-preview:large, max-video-preview:-1\" \/>\n<link rel=\"canonical\" href=\"https:\/\/www.tadano.com\/italia\/it\/informazioni\/carriere\/area-manager-autogru-italia-m-f-d\/\" \/>\n<meta property=\"og:locale\" content=\"it_IT\" \/>\n<meta property=\"og:type\" content=\"article\" \/>\n<meta property=\"og:title\" content=\"Area Manager Autogru Italia (m\/f\/d) - Italy\" \/>\n<meta property=\"og:description\" content=\"Area Manager Autogru Italia (m\/f\/d) Contratto a tempo indeterminato | Disponibilit\u00e0 immediata | S. Cesario S\/Panaro (MO) Chi siamo Panoramica aziendale Il Gruppo Tadano opera a livello globale, specializzandosi nello sviluppo e nella produzione di gru mobili idrauliche e attrezzature di sollevamento. Con impianti di produzione in diverse localit\u00e0 nel mondo, tra cui Giappone, Germania [&hellip;]\" \/>\n<meta property=\"og:url\" content=\"https:\/\/www.tadano.com\/italia\/it\/informazioni\/carriere\/area-manager-autogru-italia-m-f-d\/\" \/>\n<meta property=\"og:site_name\" content=\"Italy\" \/>\n<meta name=\"twitter:card\" content=\"summary_large_image\" \/>\n<meta name=\"twitter:label1\" content=\"Tempo di lettura stimato\" \/>\n\t<meta name=\"twitter:data1\" content=\"3 minuti\" \/>\n<script type=\"application\/ld+json\" class=\"yoast-schema-graph\">{\"@context\":\"https:\/\/schema.org\",\"@graph\":[{\"@type\":\"WebPage\",\"@id\":\"https:\/\/www.tadano.com\/italia\/it\/informazioni\/carriere\/area-manager-autogru-italia-m-f-d\/\",\"url\":\"https:\/\/www.tadano.com\/italia\/it\/informazioni\/carriere\/area-manager-autogru-italia-m-f-d\/\",\"name\":\"Area Manager Autogru Italia (m\/f\/d) - Italy\",\"isPartOf\":{\"@id\":\"https:\/\/www.tadano.com\/italia\/it\/#website\"},\"datePublished\":\"2025-07-28T14:16:06+00:00\",\"dateModified\":\"2025-07-28T14:16:06+00:00\",\"breadcrumb\":{\"@id\":\"https:\/\/www.tadano.com\/italia\/it\/informazioni\/carriere\/area-manager-autogru-italia-m-f-d\/#breadcrumb\"},\"inLanguage\":\"it-IT\",\"potentialAction\":[{\"@type\":\"ReadAction\",\"target\":[\"https:\/\/www.tadano.com\/italia\/it\/informazioni\/carriere\/area-manager-autogru-italia-m-f-d\/\"]}]},{\"@type\":\"BreadcrumbList\",\"@id\":\"https:\/\/www.tadano.com\/italia\/it\/informazioni\/carriere\/area-manager-autogru-italia-m-f-d\/#breadcrumb\",\"itemListElement\":[{\"@type\":\"ListItem\",\"position\":1,\"name\":\"Carriere\",\"item\":\"https:\/\/www.tadano.com\/italia\/it\/informazioni\/carriere\/\"},{\"@type\":\"ListItem\",\"position\":2,\"name\":\"Area Manager Autogru Italia (m\/f\/d)\"}]},{\"@type\":\"WebSite\",\"@id\":\"https:\/\/www.tadano.com\/italia\/it\/#website\",\"url\":\"https:\/\/www.tadano.com\/italia\/it\/\",\"name\":\"Italy\",\"description\":\"Just another TADANO EUROPE site\",\"potentialAction\":[{\"@type\":\"SearchAction\",\"target\":{\"@type\":\"EntryPoint\",\"urlTemplate\":\"https:\/\/www.tadano.com\/italia\/it\/?s={search_term_string}\"},\"query-input\":\"required name=search_term_string\"}],\"inLanguage\":\"it-IT\"}]}<\/script>\n<!-- \/ Yoast SEO plugin. -->","yoast_head_json":{"title":"Area Manager Autogru Italia (m\/f\/d) - Italy","robots":{"index":"index","follow":"follow","max-snippet":"max-snippet:-1","max-image-preview":"max-image-preview:large","max-video-preview":"max-video-preview:-1"},"canonical":"https:\/\/www.tadano.com\/italia\/it\/informazioni\/carriere\/area-manager-autogru-italia-m-f-d\/","og_locale":"it_IT","og_type":"article","og_title":"Area Manager Autogru Italia (m\/f\/d) - Italy","og_description":"Area Manager Autogru Italia (m\/f\/d) Contratto a tempo indeterminato | Disponibilit\u00e0 immediata | S. Cesario S\/Panaro (MO) Chi siamo Panoramica aziendale Il Gruppo Tadano opera a livello globale, specializzandosi nello sviluppo e nella produzione di gru mobili idrauliche e attrezzature di sollevamento. Con impianti di produzione in diverse localit\u00e0 nel mondo, tra cui Giappone, Germania [&hellip;]","og_url":"https:\/\/www.tadano.com\/italia\/it\/informazioni\/carriere\/area-manager-autogru-italia-m-f-d\/","og_site_name":"Italy","twitter_card":"summary_large_image","twitter_misc":{"Tempo di lettura stimato":"3 minuti"},"schema":{"@context":"https:\/\/schema.org","@graph":[{"@type":"WebPage","@id":"https:\/\/www.tadano.com\/italia\/it\/informazioni\/carriere\/area-manager-autogru-italia-m-f-d\/","url":"https:\/\/www.tadano.com\/italia\/it\/informazioni\/carriere\/area-manager-autogru-italia-m-f-d\/","name":"Area Manager Autogru Italia (m\/f\/d) - Italy","isPartOf":{"@id":"https:\/\/www.tadano.com\/italia\/it\/#website"},"datePublished":"2025-07-28T14:16:06+00:00","dateModified":"2025-07-28T14:16:06+00:00","breadcrumb":{"@id":"https:\/\/www.tadano.com\/italia\/it\/informazioni\/carriere\/area-manager-autogru-italia-m-f-d\/#breadcrumb"},"inLanguage":"it-IT","potentialAction":[{"@type":"ReadAction","target":["https:\/\/www.tadano.com\/italia\/it\/informazioni\/carriere\/area-manager-autogru-italia-m-f-d\/"]}]},{"@type":"BreadcrumbList","@id":"https:\/\/www.tadano.com\/italia\/it\/informazioni\/carriere\/area-manager-autogru-italia-m-f-d\/#breadcrumb","itemListElement":[{"@type":"ListItem","position":1,"name":"Carriere","item":"https:\/\/www.tadano.com\/italia\/it\/informazioni\/carriere\/"},{"@type":"ListItem","position":2,"name":"Area Manager Autogru Italia (m\/f\/d)"}]},{"@type":"WebSite","@id":"https:\/\/www.tadano.com\/italia\/it\/#website","url":"https:\/\/www.tadano.com\/italia\/it\/","name":"Italy","description":"Just another TADANO EUROPE site","potentialAction":[{"@type":"SearchAction","target":{"@type":"EntryPoint","urlTemplate":"https:\/\/www.tadano.com\/italia\/it\/?s={search_term_string}"},"query-input":"required name=search_term_string"}],"inLanguage":"it-IT"}]}},"_links":{"self":[{"href":"https:\/\/www.tadano.com\/italia\/it\/wp-json\/wp\/v2\/pages\/10464"}],"collection":[{"href":"https:\/\/www.tadano.com\/italia\/it\/wp-json\/wp\/v2\/pages"}],"about":[{"href":"https:\/\/www.tadano.com\/italia\/it\/wp-json\/wp\/v2\/types\/page"}],"author":[{"embeddable":true,"href":"https:\/\/www.tadano.com\/italia\/it\/wp-json\/wp\/v2\/users\/3"}],"replies":[{"embeddable":true,"href":"https:\/\/www.tadano.com\/italia\/it\/wp-json\/wp\/v2\/comments?post=10464"}],"version-history":[{"count":1,"href":"https:\/\/www.tadano.com\/italia\/it\/wp-json\/wp\/v2\/pages\/10464\/revisions"}],"predecessor-version":[{"id":10465,"href":"https:\/\/www.tadano.com\/italia\/it\/wp-json\/wp\/v2\/pages\/10464\/revisions\/10465"}],"up":[{"embeddable":true,"href":"https:\/\/www.tadano.com\/italia\/it\/wp-json\/wp\/v2\/pages\/10171"}],"wp:attachment":[{"href":"https:\/\/www.tadano.com\/italia\/it\/wp-json\/wp\/v2\/media?parent=10464"}],"curies":[{"name":"wp","href":"https:\/\/api.w.org\/{rel}","templated":true}]}}