{"id":10545,"date":"2025-10-30T09:37:26","date_gmt":"2025-10-30T09:37:26","guid":{"rendered":"https:\/\/www.tadano.com\/italia\/condizioni-generali-di-utilizzo\/"},"modified":"2026-02-02T10:31:16","modified_gmt":"2026-02-02T10:31:16","slug":"condizioni-generali-di-utilizzo","status":"publish","type":"page","link":"https:\/\/www.tadano.com\/italia\/it\/strumenti-tadano\/condizioni-generali-di-utilizzo\/","title":{"rendered":"Condizioni generali di utilizzo"},"content":{"rendered":"\n<p>Si prega di notare che l\u2019utilizzo di tutti i file CAD \u00e8 soggetto alle condizioni d\u2019uso di Tadano.<br>Le presenti condizioni d\u2019uso definiscono i termini e le condizioni relativi ai dati e ai servizi offerti dal Gruppo Tadano su questo sito web.<br>Si prega di attenersi a questo accordo per quanto riguarda l\u2019utilizzo dei dati e dei servizi forniti su questo sito web.<\/p>\n\n\n\n<h2 class=\"wp-block-heading\">I. Utilizzo dei dati e limitazione di responsabilit\u00e0:<\/h2>\n\n\n\n<p>Tutte le notizie, i dati, i servizi e le altre informazioni pubblicati sul sito web sono di propriet\u00e0 della Societ\u00e0. Tali informazioni non possono essere divulgate senza il previo consenso scritto della Societ\u00e0, indipendentemente dal fatto che siano in formato cartaceo o elettronico.<\/p>\n\n\n\n<p>I dati pubblicati sul sito web (i \u201cDati\u201d) sono di esclusiva propriet\u00e0 della Societ\u00e0. Utilizzando il sito web, l\u2019Utente conferma di accettare le seguenti condizioni:<\/p>\n\n\n\n<ol>\n<li>La Societ\u00e0 fornisce i dati allo scopo di pianificare o visualizzare l\u2019uso, il movimento, la manutenzione o il funzionamento della macchina. I Dati sono forniti esclusivamente a scopo di riferimento e possono differire dalla macchina reale.<\/li>\n\n\n\n<li>L\u2019Utente \u00e8 responsabile della valutazione e si assume tutti i rischi associati all\u2019utilizzo dei Dati, inclusi quelli relativi all\u2019accuratezza, alla completezza o all\u2019idoneit\u00e0 dei Dati.<\/li>\n\n\n\n<li>La Societ\u00e0 non potr\u00e0 in alcun modo essere ritenuta responsabile, senza limitazioni, per errori o omissioni nei Dati, n\u00e9 per eventuali perdite o danni derivanti dall\u2019utilizzo dei Dati, inclusi i danni causati da virus informatici o codici dannosi.<\/li>\n\n\n\n<li>La Societ\u00e0 non potr\u00e0 in alcun modo essere ritenuta responsabile per eventuali danni diretti o indiretti subiti dall\u2019Utente o da terzi, inclusi, a titolo esemplificativo e non esaustivo, perdita di profitti, spese, perdita di dati, perdita di software o danni o perdite di hardware, nonch\u00e9 i costi sostenuti per mitigare, recuperare, riprodurre o riparare tali perdite o danni.<\/li>\n\n\n\n<li>Nell\u2019utilizzo dei dati CAD forniti, l\u2019Utente comprende che la flessione del braccio non \u00e8 inclusa nei modelli. I modelli sono destinati esclusivamente a rappresentare i prodotti offerti dalla Societ\u00e0.<\/li>\n<\/ol>\n\n\n\n<h2 class=\"wp-block-heading\">II. Limitazioni d\u2019uso:<\/h2>\n\n\n\n<p>L\u2019Utente pu\u00f2 utilizzare i Dati esclusivamente allo scopo di pianificare o visualizzare l\u2019uso, il movimento, la manutenzione o il funzionamento della macchina. Salvo previo consenso scritto della Societ\u00e0, l\u2019Utente non pu\u00f2 (i) distribuire i Dati come parte di un servizio esterno, (ii) copiare o pubblicare i Dati su qualsiasi sito web, (iii) distribuire i Dati su qualsiasi supporto di memorizzazione, o (iv) utilizzare i Dati con l\u2019obiettivo di competere con il servizio del sito web. Senza limitare quanto sopra, l\u2019Utente accetta di non utilizzare il servizio del sito web per:<\/p>\n\n\n\n<p>Come indicato di seguito, scaricare, pubblicare o trasmettere in qualsiasi modo dati o contenuti che siano illegali, dannosi, minacciosi, abusivi, molesti, criminali, diffamatori, volgari, osceni, lesivi della privacy, odiosi o riprovevoli per motivi razziali, etici o di altra natura.<\/p>\n\n\n\n<ul>\n<li>Danneggiare i minori in qualsiasi modo.<\/li>\n<\/ul>\n\n\n\n<ul>\n<li>Fingersi un\u2019altra persona o entit\u00e0, o fornire dichiarazioni fuorvianti o false riguardo all\u2019affiliazione dell\u2019Utente o della Societ\u00e0 con una persona o un\u2019entit\u00e0. \u2022 Falsificare le intestazioni o manipolare in altro modo gli identificatori al fine di occultare l\u2019origine dei Dati inviati tramite il servizio.<\/li>\n\n\n\n<li>Scaricare, pubblicare o trasmettere in qualsiasi modo contenuti che violino brevetti, marchi registrati, segreti commerciali, diritti d\u2019autore o altri diritti esclusivi di terzi.<\/li>\n\n\n\n<li>Scaricare, pubblicare o trasmettere in qualsiasi modo pubblicit\u00e0 non sollecitata o non autorizzata, materiale promozionale, comunicazioni indesiderate o qualsiasi altra forma di sollecitazione.<\/li>\n\n\n\n<li>Scaricare, pubblicare o trasmettere in qualsiasi modo materiale contenente virus informatici o qualsiasi altro codice, file o programma progettato per interrompere, distruggere o limitare il normale utilizzo di software, hardware o dispositivi di telecomunicazione.<\/li>\n\n\n\n<li>Ostacolare o interrompere il servizio del sito web o i server o le reti ad esso collegati, o violare condizioni, procedure, politiche o normative applicabili alle reti associate al servizio del sito web.<\/li>\n\n\n\n<li>Molestare in qualsiasi modo un altro utente del sito web.<\/li>\n\n\n\n<li>Raccogliere o archiviare dati personali relativi ad altri utenti del sito web.<\/li>\n\n\n\n<li>Utilizzare il sito web come spazio di archiviazione per il caricamento remoto o come accesso a un\u2019altra homepage all\u2019interno o all\u2019esterno del sito web.<\/li>\n<\/ul>\n\n\n\n<h2 class=\"wp-block-heading\">III. Collegamenti a siti web di terze parti:<\/h2>\n\n\n\n<p>Il sito web contiene collegamenti diretti o indiretti (collegamenti ipertestuali) ad altri siti web, homepage o pagine web (collettivamente, \u201cAltri Siti\u201d). La Societ\u00e0 fornisce tali collegamenti esclusivamente per comodit\u00e0 degli utenti del sito web. I gestori o i fornitori di tali Altri Siti sono gli unici responsabili dei relativi contenuti e informazioni. Nella misura in cui tali Altri Siti esulano dal controllo ragionevole della Societ\u00e0, la presenza di un collegamento ipertestuale sul sito web non implica che il loro contenuto (o quello del relativo Altro Sito) sia stato approvato dalla Societ\u00e0. Pertanto, la Societ\u00e0 non potr\u00e0 in alcun modo essere ritenuta responsabile per eventuali perdite o danni derivanti dall\u2019utilizzo di tali collegamenti ipertestuali o Altri Siti.<\/p>\n\n\n\n<h2 class=\"wp-block-heading\">IV. Trattamento dei dati personali:<\/h2>\n\n\n\n<p>Al momento dell\u2019acquisizione dei dati CAD, l\u2019Utente deve compilare un questionario. In tale contesto, l\u2019Utente accetta di fornire informazioni personali accurate (nazionalit\u00e0, luogo di lavoro, tipo di settore, scopo dell\u2019utilizzo dei dati CAD, software CAD 3D attualmente utilizzato e indirizzo e-mail) e di comunicarle. L\u2019Utente accetta che le informazioni personali possano essere trasferite alle nostre affiliate, controllate e partner al fine di migliorare i nostri servizi.<br>L\u2019account dell\u2019Utente deve essere utilizzato esclusivamente dalla persona registrata con quel nome e indirizzo e-mail. Gli utenti del sito web non sono autorizzati a utilizzare account diversi dal proprio. L\u2019Utente \u00e8 informato che i produttori di componenti registrati sul sito web ricevono dati esclusivamente sugli utenti che hanno scaricato dati dai rispettivi cataloghi.<\/p>\n\n\n\n<h2 class=\"wp-block-heading\">V. Diritto di rimozione o disabilitazione dell\u2019accesso:<\/h2>\n\n\n\n<p>La Societ\u00e0 si riserva il diritto di interrompere l\u2019accesso qualora l\u2019Utente violi le presenti Condizioni Generali.<br>La Societ\u00e0 avr\u00e0 il diritto, ma non l\u2019obbligo, di interrompere o disabilitare l\u2019accesso a qualsiasi Dato con effetto immediato qualora tale Dato sia (i) diffamatorio, osceno, violento, offensivo o altrimenti inaccettabile, indesiderabile o riprovevole a esclusiva discrezione della Societ\u00e0; (ii) in violazione di leggi, normative o diritti di terzi, inclusi, a titolo esemplificativo, i diritti d\u2019autore e le leggi contro la diffamazione e la violazione della privacy; o (iii) in violazione delle suddette limitazioni d\u2019uso e portato a conoscenza della Societ\u00e0.<\/p>\n\n\n\n<h2 class=\"wp-block-heading\">VI. Comunicazioni:<\/h2>\n\n\n\n<p>L\u2019Utente accetta che tutte le comunicazioni effettuate dalla Societ\u00e0 ai sensi delle presenti Condizioni Generali siano inviate all\u2019Utente tramite e-mail in formato testo semplice.<\/p>\n\n\n\n<p>Fatto salvo quanto sopra, la presente disposizione si applica anche alle e-mail che potrebbero contenere dati riservati dell\u2019Utente, inclusa la password, qualora dimenticata e richiesta dall\u2019Utente.<\/p>\n\n\n\n<h2 class=\"wp-block-heading\">VII. Servizi Tadano e garanzia:<\/h2>\n\n\n\n<p>La Societ\u00e0 si impegna a fornire le migliori prestazioni al fine di offrire all\u2019Utente un sito web e servizi affidabili;<br>tuttavia, l\u2019Utente riconosce che la sicurezza dei dati su Internet non pu\u00f2 essere completamente garantita.<br>I servizi sono pertanto forniti \u201ccos\u00ec come sono\u201d e, poich\u00e9 la disponibilit\u00e0 del sito web non pu\u00f2 essere garantita in ogni momento a causa delle condizioni tecniche intrinseche di Internet e del suo utilizzo, la Societ\u00e0 non potr\u00e0 essere ritenuta responsabile per eventuali perdite o danni subiti dall\u2019Utente o da terzi a causa di interruzioni del servizio, indisponibilit\u00e0 o manutenzione del sito web, malfunzionamenti della connessione Internet (o sua perdita) o qualsiasi altro evento o circostanza.<\/p>\n\n\n\n<h2 class=\"wp-block-heading\">Informazioni sui dati BIM<\/h2>\n\n\n\n<ol>\n<li>I file BIM forniti dalla Societ\u00e0 sono in formato Autodesk\u00ae Revit\u00ae RFA.<\/li>\n\n\n\n<li>Le versioni disponibili dei file RFA sono elencate nella pagina di download.<\/li>\n\n\n\n<li>I file BIM forniti dalla Societ\u00e0 sono stati compressi per ridurre la dimensione dei file. Di conseguenza, la Societ\u00e0 non pu\u00f2 garantire l\u2019accuratezza delle informazioni. Le informazioni contenute nei file BIM forniti dalla Societ\u00e0 sono solo a scopo di riferimento.<\/li>\n\n\n\n<li>La Societ\u00e0 non garantisce l\u2019accuratezza delle condizioni di vincolo, come i campi di movimento, cos\u00ec come definite nei file BIM forniti dalla Societ\u00e0.<\/li>\n<\/ol>\n\n","protected":false},"excerpt":{"rendered":"<p>Si prega di notare che l\u2019utilizzo di tutti i file CAD \u00e8 soggetto alle condizioni d\u2019uso di Tadano.Le presenti condizioni d\u2019uso definiscono i termini e le condizioni relativi ai dati e ai servizi offerti dal Gruppo Tadano su questo sito web.Si prega di attenersi a questo accordo per quanto riguarda l\u2019utilizzo dei dati e dei [&hellip;]<\/p>\n","protected":false},"author":3,"featured_media":0,"parent":10052,"menu_order":0,"comment_status":"closed","ping_status":"closed","template":"","meta":{"_acf_changed":false,"footnotes":""},"acf":[],"yoast_head":"<!-- This site is optimized with the Yoast SEO plugin v22.3 - https:\/\/yoast.com\/wordpress\/plugins\/seo\/ -->\n<title>Condizioni generali di utilizzo - Italy<\/title>\n<meta name=\"robots\" content=\"index, follow, max-snippet:-1, max-image-preview:large, max-video-preview:-1\" \/>\n<link rel=\"canonical\" href=\"https:\/\/www.tadano.com\/italia\/it\/strumenti-tadano\/condizioni-generali-di-utilizzo\/\" \/>\n<meta property=\"og:locale\" content=\"it_IT\" \/>\n<meta property=\"og:type\" content=\"article\" \/>\n<meta property=\"og:title\" content=\"Condizioni generali di utilizzo - Italy\" \/>\n<meta property=\"og:description\" content=\"Si prega di notare che l\u2019utilizzo di tutti i file CAD \u00e8 soggetto alle condizioni d\u2019uso di Tadano.Le presenti condizioni d\u2019uso definiscono i termini e le condizioni relativi ai dati e ai servizi offerti dal Gruppo Tadano su questo sito web.Si prega di attenersi a questo accordo per quanto riguarda l\u2019utilizzo dei dati e dei [&hellip;]\" \/>\n<meta property=\"og:url\" content=\"https:\/\/www.tadano.com\/italia\/it\/strumenti-tadano\/condizioni-generali-di-utilizzo\/\" \/>\n<meta property=\"og:site_name\" content=\"Italy\" \/>\n<meta property=\"article:modified_time\" content=\"2026-02-02T10:31:16+00:00\" \/>\n<meta name=\"twitter:card\" content=\"summary_large_image\" \/>\n<meta name=\"twitter:label1\" content=\"Tempo di lettura stimato\" \/>\n\t<meta name=\"twitter:data1\" content=\"6 minuti\" \/>\n<script type=\"application\/ld+json\" class=\"yoast-schema-graph\">{\"@context\":\"https:\/\/schema.org\",\"@graph\":[{\"@type\":\"WebPage\",\"@id\":\"https:\/\/www.tadano.com\/italia\/it\/strumenti-tadano\/condizioni-generali-di-utilizzo\/\",\"url\":\"https:\/\/www.tadano.com\/italia\/it\/strumenti-tadano\/condizioni-generali-di-utilizzo\/\",\"name\":\"Condizioni generali di utilizzo - Italy\",\"isPartOf\":{\"@id\":\"https:\/\/www.tadano.com\/italia\/it\/#website\"},\"datePublished\":\"2025-10-30T09:37:26+00:00\",\"dateModified\":\"2026-02-02T10:31:16+00:00\",\"inLanguage\":\"it-IT\",\"potentialAction\":[{\"@type\":\"ReadAction\",\"target\":[\"https:\/\/www.tadano.com\/italia\/it\/strumenti-tadano\/condizioni-generali-di-utilizzo\/\"]}]},{\"@type\":\"WebSite\",\"@id\":\"https:\/\/www.tadano.com\/italia\/it\/#website\",\"url\":\"https:\/\/www.tadano.com\/italia\/it\/\",\"name\":\"Italy\",\"description\":\"Just another TADANO EUROPE site\",\"potentialAction\":[{\"@type\":\"SearchAction\",\"target\":{\"@type\":\"EntryPoint\",\"urlTemplate\":\"https:\/\/www.tadano.com\/italia\/it\/?s={search_term_string}\"},\"query-input\":\"required name=search_term_string\"}],\"inLanguage\":\"it-IT\"}]}<\/script>\n<!-- \/ Yoast SEO plugin. -->","yoast_head_json":{"title":"Condizioni generali di utilizzo - Italy","robots":{"index":"index","follow":"follow","max-snippet":"max-snippet:-1","max-image-preview":"max-image-preview:large","max-video-preview":"max-video-preview:-1"},"canonical":"https:\/\/www.tadano.com\/italia\/it\/strumenti-tadano\/condizioni-generali-di-utilizzo\/","og_locale":"it_IT","og_type":"article","og_title":"Condizioni generali di utilizzo - Italy","og_description":"Si prega di notare che l\u2019utilizzo di tutti i file CAD \u00e8 soggetto alle condizioni d\u2019uso di Tadano.Le presenti condizioni d\u2019uso definiscono i termini e le condizioni relativi ai dati e ai servizi offerti dal Gruppo Tadano su questo sito web.Si prega di attenersi a questo accordo per quanto riguarda l\u2019utilizzo dei dati e dei [&hellip;]","og_url":"https:\/\/www.tadano.com\/italia\/it\/strumenti-tadano\/condizioni-generali-di-utilizzo\/","og_site_name":"Italy","article_modified_time":"2026-02-02T10:31:16+00:00","twitter_card":"summary_large_image","twitter_misc":{"Tempo di lettura stimato":"6 minuti"},"schema":{"@context":"https:\/\/schema.org","@graph":[{"@type":"WebPage","@id":"https:\/\/www.tadano.com\/italia\/it\/strumenti-tadano\/condizioni-generali-di-utilizzo\/","url":"https:\/\/www.tadano.com\/italia\/it\/strumenti-tadano\/condizioni-generali-di-utilizzo\/","name":"Condizioni generali di utilizzo - Italy","isPartOf":{"@id":"https:\/\/www.tadano.com\/italia\/it\/#website"},"datePublished":"2025-10-30T09:37:26+00:00","dateModified":"2026-02-02T10:31:16+00:00","inLanguage":"it-IT","potentialAction":[{"@type":"ReadAction","target":["https:\/\/www.tadano.com\/italia\/it\/strumenti-tadano\/condizioni-generali-di-utilizzo\/"]}]},{"@type":"WebSite","@id":"https:\/\/www.tadano.com\/italia\/it\/#website","url":"https:\/\/www.tadano.com\/italia\/it\/","name":"Italy","description":"Just another TADANO EUROPE site","potentialAction":[{"@type":"SearchAction","target":{"@type":"EntryPoint","urlTemplate":"https:\/\/www.tadano.com\/italia\/it\/?s={search_term_string}"},"query-input":"required name=search_term_string"}],"inLanguage":"it-IT"}]}},"_links":{"self":[{"href":"https:\/\/www.tadano.com\/italia\/it\/wp-json\/wp\/v2\/pages\/10545"}],"collection":[{"href":"https:\/\/www.tadano.com\/italia\/it\/wp-json\/wp\/v2\/pages"}],"about":[{"href":"https:\/\/www.tadano.com\/italia\/it\/wp-json\/wp\/v2\/types\/page"}],"author":[{"embeddable":true,"href":"https:\/\/www.tadano.com\/italia\/it\/wp-json\/wp\/v2\/users\/3"}],"replies":[{"embeddable":true,"href":"https:\/\/www.tadano.com\/italia\/it\/wp-json\/wp\/v2\/comments?post=10545"}],"version-history":[{"count":1,"href":"https:\/\/www.tadano.com\/italia\/it\/wp-json\/wp\/v2\/pages\/10545\/revisions"}],"predecessor-version":[{"id":10589,"href":"https:\/\/www.tadano.com\/italia\/it\/wp-json\/wp\/v2\/pages\/10545\/revisions\/10589"}],"up":[{"embeddable":true,"href":"https:\/\/www.tadano.com\/italia\/it\/wp-json\/wp\/v2\/pages\/10052"}],"wp:attachment":[{"href":"https:\/\/www.tadano.com\/italia\/it\/wp-json\/wp\/v2\/media?parent=10545"}],"curies":[{"name":"wp","href":"https:\/\/api.w.org\/{rel}","templated":true}]}}