{"id":10546,"date":"2025-10-30T09:38:52","date_gmt":"2025-10-30T09:38:52","guid":{"rendered":"https:\/\/www.tadano.com\/italia\/faq-risorse-di-prodotto\/"},"modified":"2026-01-28T10:00:57","modified_gmt":"2026-01-28T10:00:57","slug":"faq-risorse-di-prodotto","status":"publish","type":"page","link":"https:\/\/www.tadano.com\/italia\/it\/faq-risorse-di-prodotto\/","title":{"rendered":"FAQ (Risorse di prodotto)"},"content":{"rendered":"\n<h2 class=\"wp-block-heading\">Domande frequenti<\/h2>\n\n\n\n<p><strong>D: Potreste spiegarmi come utilizzare il CAD?<\/strong><\/p>\n\n\n\n<p><strong>R:<\/strong>&nbsp;Non accettiamo richieste relative all\u2019utilizzo dei software CAD. Si prega di consultare le istruzioni fornite con il software CAD in uso.<\/p>\n\n\n\n<p><strong>D: Desidero dati CAD che non sono presenti nell\u2019elenco dei dati.<\/strong><\/p>\n\n\n\n<p><strong>R:<\/strong>&nbsp;Tutti i dati CAD attualmente disponibili da Tadano sono visualizzati nell\u2019elenco dei dati.<\/p>\n\n\n\n<p><strong>D: I dati non vengono visualizzati correttamente sullo schermo.<\/strong><\/p>\n\n\n\n<p><strong>R:<\/strong>&nbsp;Questo sistema \u00e8 compatibile con Internet Explorer versione 6.0 o successive.<br>*Altri browser potrebbero non visualizzare correttamente i contenuti.<\/p>\n\n\n\n<h2 class=\"wp-block-heading\">Domande sui dati CAD<\/h2>\n\n\n\n<p><strong>D: Il download di questi dati CAD \u00e8 a pagamento?<\/strong><\/p>\n\n\n\n<p><strong>R:<\/strong>&nbsp;Questi dati CAD possono essere scaricati gratuitamente.<\/p>\n\n\n\n<p><strong>D: Il browser non passa alla schermata dei dati CAD.<\/strong><\/p>\n\n\n\n<p><strong>R:<\/strong>&nbsp;Le impostazioni dei cookie potrebbero non essere valide.<br>In particolare, quando si utilizza Internet Explorer 6, i cookie sono disabilitati nelle impostazioni predefinite. Si prega di modificare le impostazioni come segue:<br>Per Internet Explorer 6.0:<br>Fare clic su \u201cStrumenti\u201d nella barra dei menu \u2192 \u201cOpzioni Internet\u201d \u2192 \u201cScheda Privacy\u201d \u2192 \u201cImpostazioni avanzate della privacy\u201d \u2192 \u201cSostituisci gestione automatica dei cookie\u201d \u2192 selezionare \u201cConsenti sempre cookie di sessione\u201d \u2192 fare clic su \u201cOK\u201d.<\/p>\n\n\n\n<p><strong>D: Dopo aver scaricato i dati CAD, questi vengono decompressi e viene creato un file DXF, ma i dati non si aprono sullo schermo.<\/strong><\/p>\n\n\n\n<p><strong>R:<\/strong>&nbsp;Per utilizzare i dati CAD \u00e8 necessario un software CAD. Senza un software CAD non \u00e8 possibile aprire i dati.<\/p>\n\n\n\n<p><strong>D: Dispongo di un software CAD, ma non riesco ad aprire un file DXF.<\/strong><\/p>\n\n\n\n<p><strong>R:<\/strong>&nbsp;Verificare che nel comando \u201cApri\u201d del software CAD sia disponibile l\u2019opzione \u201cDXF\u201d.<\/p>\n\n\n\n<p><strong>D: I dati CAD sono stati scaricati in formato PDF. Dove si trovano i dati in formato DXF?<\/strong><\/p>\n\n\n\n<p><strong>R:<\/strong>&nbsp;Verificare di non aver scaricato i dati \u201cSpecifiche\u201d. Sia \u201cSpecifiche\u201d che \u201cDati CAD\u201d sono selezionabili nella schermata principale dopo aver accettato i termini di utilizzo.<br>Fare clic sull\u2019icona \u201cDati CAD\u201d nella schermata principale.<\/p>\n\n\n\n<p><strong>D: Potreste fornirmi un diagramma del percorso di spostamento?<\/strong><\/p>\n\n\n\n<p><strong>R:<\/strong>&nbsp;Siamo spiacenti, ma ci\u00f2 non \u00e8 disponibile. In alternativa, si prega di scaricare dal sito web il diagramma delle parti del modello richiesto e creare un diagramma CAD che soddisfi le proprie esigenze.<\/p>\n\n\n\n<p><strong>D: Non capisco come utilizzare i dati CAD. Potreste spiegarmelo?<\/strong><\/p>\n\n\n\n<p><strong>R:<\/strong>&nbsp;Non accettiamo richieste relative all\u2019utilizzo dei software CAD. Si prega di consultare le istruzioni fornite con il software CAD in uso.<\/p>\n\n\n\n<p><strong>D: In quale scala vengono forniti i dati CAD?<\/strong><\/p>\n\n\n\n<p><strong>R:<\/strong>&nbsp;Tadano fornisce i dati CAD in scala reale.<\/p>\n\n\n\n<p><strong>D: Potreste spiegarmi come assemblare le parti?<\/strong><\/p>\n\n\n\n<p><strong>R:<\/strong>&nbsp;A ciascuna parte sono associati punti di origine. Sovrapponendo tali punti di origine \u00e8 possibile visualizzare come le parti vengono assemblate.<br>Domande sulle specifiche<\/p>\n\n\n\n<h2 class=\"wp-block-heading\">Domande sulle specifiche<\/h2>\n\n\n\n<p><strong>D: Qual \u00e8 il significato delle linee in grassetto nel diagramma delle portate nominali?<\/strong><\/p>\n\n\n\n<p><strong>R:<\/strong>&nbsp;Le portate indicate nelle tabelle di carico delle gru mobili sono determinate da (1) la resistenza (la gru non si rompe durante il sollevamento del carico) oppure (2) la stabilit\u00e0 (la gru non si ribalta durante il sollevamento del carico). Il valore inferiore tra i due viene utilizzato per determinare la portata nominale.<br>Nelle gru mobili, quando si lavora con un raggio ridotto, i limiti sono determinati dalla resistenza del braccio. Quando si lavora con un raggio maggiore, i limiti sono determinati dal punto di ribaltamento. Le linee in grassetto indicano il punto oltre il quale un sovraccarico causerebbe danni strutturali alla gru (valori al di sopra della linea in grassetto), rispetto al punto in cui un sovraccarico causerebbe il ribaltamento della gru (valori al di sotto della linea in grassetto).<br>Sia che si considerino le portate al di sopra o al di sotto della linea in grassetto, non vi \u00e8 alcun problema nell\u2019impostare un carico di lavoro che rientri nei limiti di portata nominale indicati nella tabella di carico.<br>Come nota importante per la pianificazione dei lavori, le portate sono calcolate con la gru posizionata su una superficie piana. Inoltre, poich\u00e9 il dispositivo di sicurezza AML impedisce qualsiasi operazione della gru al di fuori delle portate nominali indicate nella tabella di carico, in alcuni casi potrebbe essere necessario utilizzare gru con capacit\u00e0 superiore per determinati sollevamenti. Si prega pertanto di pianificare i lavori di conseguenza.<\/p>\n\n\n\n<p><strong>D: Nella scheda tecnica della gru fuoristrada \u00e8 indicata una capacit\u00e0 di superamento pendenze (tan \u03b8) pari a 0,57. \u00c8 realmente possibile per il veicolo affrontare strade reali con tale pendenza?<\/strong><\/p>\n\n\n\n<p><strong>R:<\/strong>&nbsp;Una capacit\u00e0 di superamento pendenze (tan \u03b8) pari a 0,57 corrisponde a un angolo di 30\u00b0, ma questo valore deriva da un calcolo dell\u2019angolo massimo di inclinazione ammissibile che tiene conto del motore, del convertitore di coppia e della trasmissione. Pertanto, se non si verifica slittamento tra la superficie stradale e i pneumatici, \u00e8 possibile affrontare una strada con una pendenza di 30\u00b0.<br>Tuttavia, sulle strade reali si verifica un certo slittamento, determinato dal coefficiente di attrito della superficie stradale. Se tale coefficiente \u00e8 pari o superiore a 0,6, \u00e8 possibile affrontare una strada con una pendenza di 30\u00b0. In generale, il coefficiente di attrito delle superfici pavimentate (asciutte) \u00e8 stimato tra 0,4 e 0,7; quando il coefficiente \u00e8 pari a 0,4, la pendenza superabile \u00e8 di circa 20\u00b0.<\/p>\n\n\n\n<h2 class=\"wp-block-heading\">Domande sulle forze di reazione degli stabilizzatori<\/h2>\n\n\n\n<p><strong>D: Il browser non passa alla schermata delle forze di reazione degli stabilizzatori.<\/strong><\/p>\n\n\n\n<p><strong>R:<\/strong>&nbsp;Le impostazioni dei cookie potrebbero non essere valide.<br>In particolare, quando si utilizza Internet Explorer 6, i cookie sono disabilitati nelle impostazioni predefinite. Si prega di modificare le impostazioni come segue:<br>Per Internet Explorer 6.0:<br>Fare clic su \u201cStrumenti\u201d nella barra dei menu \u2192 \u201cOpzioni Internet\u201d \u2192 \u201cScheda Privacy\u201d \u2192 \u201cImpostazioni avanzate della privacy\u201d \u2192 \u201cSostituisci gestione automatica dei cookie\u201d \u2192 selezionare \u201cConsenti sempre cookie di sessione\u201d \u2192 fare clic su \u201cOK\u201d.<\/p>\n\n\n\n<h2 class=\"wp-block-heading\">Altre domande<\/h2>\n\n\n\n<p><strong>D: Vorrei caricare e visualizzare specifiche e dati CAD sul mio server Internet.<\/strong><\/p>\n\n\n\n<p><strong>R:<\/strong>&nbsp;Siamo spiacenti, ma vi chiediamo di astenervi dal pubblicare informazioni proprietarie appartenenti a Tadano sul server della vostra azienda.<br>Si prega di creare un collegamento alla pagina principale di Tadano (http:\/\/www.tadano.com\/).<\/p>\n\n\n\n<p><strong>D: Vorrei includere un collegamento ai vostri dati CAD e alle specifiche nella mia homepage.<\/strong><\/p>\n\n\n\n<p><strong>R:<\/strong>&nbsp;Siamo spiacenti, ma vi chiediamo di astenervi dal collegare dalla vostra homepage informazioni proprietarie di Tadano.<br>Si prega di creare un collegamento alla pagina principale di Tadano (http:\/\/www.tadano.com\/).<\/p>\n\n","protected":false},"excerpt":{"rendered":"<p>Domande frequenti D: Potreste spiegarmi come utilizzare il CAD? R:&nbsp;Non accettiamo richieste relative all\u2019utilizzo dei software CAD. Si prega di consultare le istruzioni fornite con il software CAD in uso. D: Desidero dati CAD che non sono presenti nell\u2019elenco dei dati. R:&nbsp;Tutti i dati CAD attualmente disponibili da Tadano sono visualizzati nell\u2019elenco dei dati. D: [&hellip;]<\/p>\n","protected":false},"author":3,"featured_media":0,"parent":0,"menu_order":0,"comment_status":"closed","ping_status":"closed","template":"","meta":{"_acf_changed":false,"footnotes":""},"acf":[],"yoast_head":"<!-- This site is optimized with the Yoast SEO plugin v22.3 - https:\/\/yoast.com\/wordpress\/plugins\/seo\/ -->\n<title>FAQ (Risorse di prodotto) - Italy<\/title>\n<meta name=\"robots\" content=\"index, follow, max-snippet:-1, max-image-preview:large, max-video-preview:-1\" \/>\n<link rel=\"canonical\" href=\"https:\/\/www.tadano.com\/italia\/it\/faq-risorse-di-prodotto\/\" \/>\n<meta property=\"og:locale\" content=\"it_IT\" \/>\n<meta property=\"og:type\" content=\"article\" \/>\n<meta property=\"og:title\" content=\"FAQ (Risorse di prodotto) - Italy\" \/>\n<meta property=\"og:description\" content=\"Domande frequenti D: Potreste spiegarmi come utilizzare il CAD? R:&nbsp;Non accettiamo richieste relative all\u2019utilizzo dei software CAD. Si prega di consultare le istruzioni fornite con il software CAD in uso. D: Desidero dati CAD che non sono presenti nell\u2019elenco dei dati. R:&nbsp;Tutti i dati CAD attualmente disponibili da Tadano sono visualizzati nell\u2019elenco dei dati. D: [&hellip;]\" \/>\n<meta property=\"og:url\" content=\"https:\/\/www.tadano.com\/italia\/it\/faq-risorse-di-prodotto\/\" \/>\n<meta property=\"og:site_name\" content=\"Italy\" \/>\n<meta property=\"article:modified_time\" content=\"2026-01-28T10:00:57+00:00\" \/>\n<meta name=\"twitter:card\" content=\"summary_large_image\" \/>\n<meta name=\"twitter:label1\" content=\"Tempo di lettura stimato\" \/>\n\t<meta name=\"twitter:data1\" content=\"5 minuti\" \/>\n<script type=\"application\/ld+json\" class=\"yoast-schema-graph\">{\"@context\":\"https:\/\/schema.org\",\"@graph\":[{\"@type\":\"WebPage\",\"@id\":\"https:\/\/www.tadano.com\/italia\/it\/faq-risorse-di-prodotto\/\",\"url\":\"https:\/\/www.tadano.com\/italia\/it\/faq-risorse-di-prodotto\/\",\"name\":\"FAQ (Risorse di prodotto) - Italy\",\"isPartOf\":{\"@id\":\"https:\/\/www.tadano.com\/italia\/it\/#website\"},\"datePublished\":\"2025-10-30T09:38:52+00:00\",\"dateModified\":\"2026-01-28T10:00:57+00:00\",\"inLanguage\":\"it-IT\",\"potentialAction\":[{\"@type\":\"ReadAction\",\"target\":[\"https:\/\/www.tadano.com\/italia\/it\/faq-risorse-di-prodotto\/\"]}]},{\"@type\":\"WebSite\",\"@id\":\"https:\/\/www.tadano.com\/italia\/it\/#website\",\"url\":\"https:\/\/www.tadano.com\/italia\/it\/\",\"name\":\"Italy\",\"description\":\"Just another TADANO EUROPE site\",\"potentialAction\":[{\"@type\":\"SearchAction\",\"target\":{\"@type\":\"EntryPoint\",\"urlTemplate\":\"https:\/\/www.tadano.com\/italia\/it\/?s={search_term_string}\"},\"query-input\":\"required name=search_term_string\"}],\"inLanguage\":\"it-IT\"}]}<\/script>\n<!-- \/ Yoast SEO plugin. -->","yoast_head_json":{"title":"FAQ (Risorse di prodotto) - Italy","robots":{"index":"index","follow":"follow","max-snippet":"max-snippet:-1","max-image-preview":"max-image-preview:large","max-video-preview":"max-video-preview:-1"},"canonical":"https:\/\/www.tadano.com\/italia\/it\/faq-risorse-di-prodotto\/","og_locale":"it_IT","og_type":"article","og_title":"FAQ (Risorse di prodotto) - Italy","og_description":"Domande frequenti D: Potreste spiegarmi come utilizzare il CAD? R:&nbsp;Non accettiamo richieste relative all\u2019utilizzo dei software CAD. Si prega di consultare le istruzioni fornite con il software CAD in uso. D: Desidero dati CAD che non sono presenti nell\u2019elenco dei dati. R:&nbsp;Tutti i dati CAD attualmente disponibili da Tadano sono visualizzati nell\u2019elenco dei dati. D: [&hellip;]","og_url":"https:\/\/www.tadano.com\/italia\/it\/faq-risorse-di-prodotto\/","og_site_name":"Italy","article_modified_time":"2026-01-28T10:00:57+00:00","twitter_card":"summary_large_image","twitter_misc":{"Tempo di lettura stimato":"5 minuti"},"schema":{"@context":"https:\/\/schema.org","@graph":[{"@type":"WebPage","@id":"https:\/\/www.tadano.com\/italia\/it\/faq-risorse-di-prodotto\/","url":"https:\/\/www.tadano.com\/italia\/it\/faq-risorse-di-prodotto\/","name":"FAQ (Risorse di prodotto) - Italy","isPartOf":{"@id":"https:\/\/www.tadano.com\/italia\/it\/#website"},"datePublished":"2025-10-30T09:38:52+00:00","dateModified":"2026-01-28T10:00:57+00:00","inLanguage":"it-IT","potentialAction":[{"@type":"ReadAction","target":["https:\/\/www.tadano.com\/italia\/it\/faq-risorse-di-prodotto\/"]}]},{"@type":"WebSite","@id":"https:\/\/www.tadano.com\/italia\/it\/#website","url":"https:\/\/www.tadano.com\/italia\/it\/","name":"Italy","description":"Just another TADANO EUROPE site","potentialAction":[{"@type":"SearchAction","target":{"@type":"EntryPoint","urlTemplate":"https:\/\/www.tadano.com\/italia\/it\/?s={search_term_string}"},"query-input":"required name=search_term_string"}],"inLanguage":"it-IT"}]}},"_links":{"self":[{"href":"https:\/\/www.tadano.com\/italia\/it\/wp-json\/wp\/v2\/pages\/10546"}],"collection":[{"href":"https:\/\/www.tadano.com\/italia\/it\/wp-json\/wp\/v2\/pages"}],"about":[{"href":"https:\/\/www.tadano.com\/italia\/it\/wp-json\/wp\/v2\/types\/page"}],"author":[{"embeddable":true,"href":"https:\/\/www.tadano.com\/italia\/it\/wp-json\/wp\/v2\/users\/3"}],"replies":[{"embeddable":true,"href":"https:\/\/www.tadano.com\/italia\/it\/wp-json\/wp\/v2\/comments?post=10546"}],"version-history":[{"count":0,"href":"https:\/\/www.tadano.com\/italia\/it\/wp-json\/wp\/v2\/pages\/10546\/revisions"}],"wp:attachment":[{"href":"https:\/\/www.tadano.com\/italia\/it\/wp-json\/wp\/v2\/media?parent=10546"}],"curies":[{"name":"wp","href":"https:\/\/api.w.org\/{rel}","templated":true}]}}