{"id":10942,"date":"2026-03-13T14:32:20","date_gmt":"2026-03-13T14:32:20","guid":{"rendered":"https:\/\/www.tadano.com\/italia\/?page_id=10942"},"modified":"2026-03-13T14:42:25","modified_gmt":"2026-03-13T14:42:25","slug":"certificazioni","status":"publish","type":"page","link":"https:\/\/www.tadano.com\/italia\/it\/certificazioni\/","title":{"rendered":"Certificazioni"},"content":{"rendered":"\n\n\n<section class=\"hero-section-alt2\">\n\n\t\n\t\t\t<style type=\"text\/css\">\n\t\t\t.hero-section .img-holder:before {\n\t\t\t\tdisplay: none;\n\t\t\t}\n\t\t<\/style>\n\t\n\t\n\t<div class=\"img-holder \">\n\t\t\t\t<div class=\"bg-stretch\" style=\"background-position: 50% 50%; \">\n\t\t\t<span data-srcset=\"https:\/\/mediahub.tadano.com\/m\/9db9f62a0ab2b0e\/hero-img_tadano_Faun_Lauf_Office.jpg, https:\/\/mediahub.tadano.com\/m\/9db9f62a0ab2b0e\/hero_2x-img_tadano_Faun_Lauf_Office.jpg 2x\"><\/span>\n\t\t<\/div>\n\t\t\t\t\t\t<div class=\"logo green-solutions\" style=\"display:none;\">\n\t\t\t<a href=\"#\"><img decoding=\"async\" src=\"https:\/\/www.tadano.com\/italia\/wp-content\/themes\/tadano\/assets\/dist\/images\/Green-Solutions_Logo_White.svg\"><\/a>\n\t\t<\/div>\n\t<\/div>\n\t<div class=\"container\">\n\t\t<div class=\"text-holder \">\n\t\t\t<div class=\"wrap\">\n\t\t\t\t\n\t\t\t\t<ul class=\"breadcrumbs\"><li><a href=\"https:\/\/www.tadano.com\/italia\/it\/\">Homepage<\/a><\/li><\/ul>\n\t\t\t\t\n\n<h1 class=\"wp-block-heading\">Certificazioni<\/h1>\n\n\n\n<p>Le nostre certificazioni testimoniano l\u2019impegno costante per qualit\u00e0, sicurezza e sostenibilit\u00e0. Attraverso standard internazionali riconosciuti, garantiamo che processi e attivit\u00e0 rispettino i pi\u00f9 alti requisiti del settore. Un impegno concreto per offrire ai nostri clienti affidabilit\u00e0, trasparenza e miglioramento continuo.<\/p>\n\n\n\n\t\t\t\t\n\t\t\t<\/div>\n\n\t\t\t\n\t\t\t\n\t\t\t\n\t\t<\/div>\n\t<\/div>\n<\/section>\n\n<section class=\"link-list\">\n    <div class=\"container\">\n                            <a href=\"https:\/\/www.tadano.com\/italia\/wp-content\/uploads\/sites\/7\/2026\/03\/CERTIFICATO_ISO_9001_-PM-OIL-STEEL.pdf\" target=\"_blank\">\n                        <i><img decoding=\"async\" src=\"https:\/\/www.tadano.com\/italia\/wp-content\/themes\/tadano\/assets\/dist\/images\/icon-file-pdf.svg\"><\/i>\n                        CERTIFICATO_ISO_9001_ PM OIL &amp; STEEL                    <\/a>\n                                    <a href=\"https:\/\/www.tadano.com\/italia\/wp-content\/uploads\/sites\/7\/2026\/03\/CERTIFICATO_ISO_14001_PM-OIL-STEEL-2024.pdf\" target=\"_blank\">\n                        <i><img decoding=\"async\" src=\"https:\/\/www.tadano.com\/italia\/wp-content\/themes\/tadano\/assets\/dist\/images\/icon-file-pdf.svg\"><\/i>\n                        CERTIFICATO_ISO_14001_PM OIL &amp; STEEL                    <\/a>\n                                    <a href=\"https:\/\/www.tadano.com\/italia\/wp-content\/uploads\/sites\/7\/2026\/03\/CERTIFICATO-ISO-37001-PM-OIL-STEEL-2025.pdf\" target=\"_blank\">\n                        <i><img decoding=\"async\" src=\"https:\/\/www.tadano.com\/italia\/wp-content\/themes\/tadano\/assets\/dist\/images\/icon-file-pdf.svg\"><\/i>\n                        CERTIFICATO ISO 37001 2025                    <\/a>\n                                    <a href=\"https:\/\/www.tadano.com\/italia\/wp-content\/uploads\/sites\/7\/2026\/03\/CERTIFICATO_ISO_45001_PM-OIL-STEEL-2025.pdf\" target=\"_blank\">\n                        <i><img decoding=\"async\" src=\"https:\/\/www.tadano.com\/italia\/wp-content\/themes\/tadano\/assets\/dist\/images\/icon-file-pdf.svg\"><\/i>\n                        CERTIFICATO_ISO_45001_PM OIL &amp; STEEL                    <\/a>\n                                    <a href=\"https:\/\/www.tadano.com\/italia\/wp-content\/uploads\/sites\/7\/2026\/03\/CERTIFICATO_ISO_50001_PM-OIL-STEEL.pdf\" target=\"_blank\">\n                        <i><img decoding=\"async\" src=\"https:\/\/www.tadano.com\/italia\/wp-content\/themes\/tadano\/assets\/dist\/images\/icon-file-pdf.svg\"><\/i>\n                        CERTIFICATO_ISO_50001_PM OIL &amp; STEEL                    <\/a>\n                    <\/div>\n<\/section>","protected":false},"excerpt":{"rendered":"","protected":false},"author":3,"featured_media":0,"parent":0,"menu_order":0,"comment_status":"closed","ping_status":"closed","template":"","meta":{"_acf_changed":false,"footnotes":""},"acf":[],"yoast_head":"<!-- This site is optimized with the Yoast SEO plugin v22.3 - https:\/\/yoast.com\/wordpress\/plugins\/seo\/ -->\n<title>Certificazioni - Italy<\/title>\n<meta name=\"robots\" content=\"index, follow, max-snippet:-1, max-image-preview:large, max-video-preview:-1\" \/>\n<link rel=\"canonical\" href=\"https:\/\/www.tadano.com\/italia\/certificazioni\/\" \/>\n<meta property=\"og:locale\" content=\"it_IT\" \/>\n<meta property=\"og:type\" content=\"article\" \/>\n<meta property=\"og:title\" content=\"Certificazioni - Italy\" \/>\n<meta property=\"og:url\" content=\"https:\/\/www.tadano.com\/italia\/certificazioni\/\" \/>\n<meta property=\"og:site_name\" content=\"Italy\" \/>\n<meta property=\"article:modified_time\" content=\"2026-03-13T14:42:25+00:00\" \/>\n<meta name=\"twitter:card\" content=\"summary_large_image\" \/>\n<meta name=\"twitter:label1\" content=\"Tempo di lettura stimato\" \/>\n\t<meta name=\"twitter:data1\" content=\"1 minuto\" \/>\n<script type=\"application\/ld+json\" class=\"yoast-schema-graph\">{\"@context\":\"https:\/\/schema.org\",\"@graph\":[{\"@type\":\"WebPage\",\"@id\":\"https:\/\/www.tadano.com\/italia\/certificazioni\/\",\"url\":\"https:\/\/www.tadano.com\/italia\/certificazioni\/\",\"name\":\"Certificazioni - Italy\",\"isPartOf\":{\"@id\":\"https:\/\/www.tadano.com\/italia\/it\/#website\"},\"datePublished\":\"2026-03-13T14:32:20+00:00\",\"dateModified\":\"2026-03-13T14:42:25+00:00\",\"inLanguage\":\"it-IT\",\"potentialAction\":[{\"@type\":\"ReadAction\",\"target\":[\"https:\/\/www.tadano.com\/italia\/certificazioni\/\"]}]},{\"@type\":\"WebSite\",\"@id\":\"https:\/\/www.tadano.com\/italia\/it\/#website\",\"url\":\"https:\/\/www.tadano.com\/italia\/it\/\",\"name\":\"Italy\",\"description\":\"Just another TADANO EUROPE site\",\"potentialAction\":[{\"@type\":\"SearchAction\",\"target\":{\"@type\":\"EntryPoint\",\"urlTemplate\":\"https:\/\/www.tadano.com\/italia\/it\/?s={search_term_string}\"},\"query-input\":\"required name=search_term_string\"}],\"inLanguage\":\"it-IT\"}]}<\/script>\n<!-- \/ Yoast SEO plugin. -->","yoast_head_json":{"title":"Certificazioni - Italy","robots":{"index":"index","follow":"follow","max-snippet":"max-snippet:-1","max-image-preview":"max-image-preview:large","max-video-preview":"max-video-preview:-1"},"canonical":"https:\/\/www.tadano.com\/italia\/certificazioni\/","og_locale":"it_IT","og_type":"article","og_title":"Certificazioni - Italy","og_url":"https:\/\/www.tadano.com\/italia\/certificazioni\/","og_site_name":"Italy","article_modified_time":"2026-03-13T14:42:25+00:00","twitter_card":"summary_large_image","twitter_misc":{"Tempo di lettura stimato":"1 minuto"},"schema":{"@context":"https:\/\/schema.org","@graph":[{"@type":"WebPage","@id":"https:\/\/www.tadano.com\/italia\/certificazioni\/","url":"https:\/\/www.tadano.com\/italia\/certificazioni\/","name":"Certificazioni - Italy","isPartOf":{"@id":"https:\/\/www.tadano.com\/italia\/it\/#website"},"datePublished":"2026-03-13T14:32:20+00:00","dateModified":"2026-03-13T14:42:25+00:00","inLanguage":"it-IT","potentialAction":[{"@type":"ReadAction","target":["https:\/\/www.tadano.com\/italia\/certificazioni\/"]}]},{"@type":"WebSite","@id":"https:\/\/www.tadano.com\/italia\/it\/#website","url":"https:\/\/www.tadano.com\/italia\/it\/","name":"Italy","description":"Just another TADANO EUROPE site","potentialAction":[{"@type":"SearchAction","target":{"@type":"EntryPoint","urlTemplate":"https:\/\/www.tadano.com\/italia\/it\/?s={search_term_string}"},"query-input":"required name=search_term_string"}],"inLanguage":"it-IT"}]}},"_links":{"self":[{"href":"https:\/\/www.tadano.com\/italia\/it\/wp-json\/wp\/v2\/pages\/10942"}],"collection":[{"href":"https:\/\/www.tadano.com\/italia\/it\/wp-json\/wp\/v2\/pages"}],"about":[{"href":"https:\/\/www.tadano.com\/italia\/it\/wp-json\/wp\/v2\/types\/page"}],"author":[{"embeddable":true,"href":"https:\/\/www.tadano.com\/italia\/it\/wp-json\/wp\/v2\/users\/3"}],"replies":[{"embeddable":true,"href":"https:\/\/www.tadano.com\/italia\/it\/wp-json\/wp\/v2\/comments?post=10942"}],"version-history":[{"count":4,"href":"https:\/\/www.tadano.com\/italia\/it\/wp-json\/wp\/v2\/pages\/10942\/revisions"}],"predecessor-version":[{"id":10949,"href":"https:\/\/www.tadano.com\/italia\/it\/wp-json\/wp\/v2\/pages\/10942\/revisions\/10949"}],"wp:attachment":[{"href":"https:\/\/www.tadano.com\/italia\/it\/wp-json\/wp\/v2\/media?parent=10942"}],"curies":[{"name":"wp","href":"https:\/\/api.w.org\/{rel}","templated":true}]}}