{"id":503,"date":"2021-02-03T07:59:32","date_gmt":"2021-02-03T07:59:32","guid":{"rendered":"https:\/\/www.tadano.com\/italia\/attrezzature-di-sollevamento\/"},"modified":"2026-02-26T13:24:47","modified_gmt":"2026-02-26T13:24:47","slug":"attrezzature-di-sollevamento","status":"publish","type":"page","link":"https:\/\/www.tadano.com\/italia\/it\/attrezzature-di-sollevamento\/","title":{"rendered":"Attrezzature di sollevamento"},"content":{"rendered":"\n\n\n<section class=\"hero-section\">\n\n\t\n\t\t\t<style type=\"text\/css\">\n\t\t\t.hero-section .img-holder:before {\n\t\t\t\tdisplay: none;\n\t\t\t}\n\t\t<\/style>\n\t\n\t\n\t<div class=\"img-holder \">\n\t\t\t\t<div class=\"bg-stretch\" style=\"background-position: 50% 50%; \">\n\t\t\t<span data-srcset=\"https:\/\/assets.onetadano.com\/celum_assets\/hero\/TADANO_line-up_june_2021.jpg, https:\/\/assets.onetadano.com\/celum_assets\/hero-2x\/TADANO_line-up_june_2021.jpg 2x\"><\/span>\n\t\t<\/div>\n\t\t\t\t\t\t<div class=\"logo green-solutions\" style=\"display:none;\">\n\t\t\t<a href=\"#\"><img decoding=\"async\" src=\"https:\/\/www.tadano.com\/italia\/wp-content\/themes\/tadano\/assets\/dist\/images\/Green-Solutions_Logo_White.svg\"><\/a>\n\t\t<\/div>\n\t<\/div>\n\t<div class=\"container\">\n\t\t<div class=\"text-holder \">\n\t\t\t<div class=\"wrap\">\n\t\t\t\t\n\t\t\t\t<ul class=\"breadcrumbs\"><li><a href=\"https:\/\/www.tadano.com\/italia\/it\/\">Homepage<\/a><\/li><\/ul>\n\t\t\t\t\n\n<h1 class=\"wp-block-heading\">Attrezzature di sollevamento<\/h1>\n\n\n\n<p>Il Gruppo Tadano offre un&#8217;ampia gamma di attrezzature di sollevamento di qualit\u00e0 in grado di gestire praticamente qualsiasi tipo di terreno, scenario di applicazione e carico.<\/p>\n\n\n\n<div class=\"wp-block-buttons is-layout-flex wp-block-buttons-is-layout-flex\">\n<div class=\"wp-block-button\"><a class=\"wp-block-button__link wp-element-button\" href=\"https:\/\/www.tadano.com\/italia\/it\/panoramica-dei-prodotti\/\"><strong>VISUALIZZA TUTTI I PRODOTTI<\/strong><\/a><\/div>\n<\/div>\n\n\n\n\t\t\t\t\n\t\t\t<\/div>\n\n\t\t\t\n\t\t\t\n\t\t\t\n\t\t<\/div>\n\t<\/div>\n<\/section>\n\n\n<div class=\"wp-block-group is-style-background-triangle-right has-white-color has-dark-blue-background-color has-text-color has-background is-layout-flow wp-block-group-is-layout-flow\"><div class=\"wp-block-group__inner-container\">\n<div class=\"wp-block-columns is-layout-flex wp-container-core-columns-layout-1 wp-block-columns-is-layout-flex\">\n<div class=\"wp-block-column is-layout-flow wp-block-column-is-layout-flow\" style=\"flex-basis:33.33%\">\n<h2 class=\"wp-block-heading\">Ricerca per categoria<\/h2>\n\n\n\n<p>Qualunque siano le vostre esigenze di lavoro, noi abbiamo le soluzioni. Scoprite cosa possono aiutarvi a realizzare i diversi modelli di gru Tadano.<\/p>\n\n\n<div class=\"download-button-block\">\n\t<div class=\"btn-holder\">\n\t\t<a href=\"https:\/\/mediahub.tadano.com\/m\/17db90e9a00b5a0b\/original\/doc_tadano_OfferingFlyer_EU_it_view.pdf\" class=\"btn btn-outline\" download>\n\t    GAMMA PRODOTTI\t  <\/a>\n\t<\/div>\n<\/div>\n\n\n<div style=\"height:50px\" aria-hidden=\"true\" class=\"wp-block-spacer\"><\/div>\n\n\n\n<h3 class=\"wp-block-heading\">Interessato a gru usate?<\/h3>\n\n\n\n<p>Cerca nell&#8217;elenco di gru usate: multistrada, fuoristrada gommate o cingolate, tutte in ottimo stato..<\/p>\n\n\n\n<div class=\"wp-block-buttons is-layout-flex wp-block-buttons-is-layout-flex\">\n<div class=\"wp-block-button is-style-btn-light\"><a class=\"wp-block-button__link wp-element-button\" href=\"https:\/\/www.tadano.com\/italia\/it\/attrezzature-di-sollevamento\/gru-usate\/\">Ricerca gru usate<\/a><\/div>\n<\/div>\n<\/div>\n\n\n\n<div class=\"wp-block-column is-layout-flow wp-block-column-is-layout-flow\" style=\"flex-basis:66.66%\"><div class=\"links-block-wrapper\">\n  <div class=\"container\">\n    <section class=\"links-block\">\n              <div class=\"links-block\">\n                                  <div class=\"link-single  \">\n                              <a href=\"https:\/\/www.tadano.com\/italia\/it\/gru-multistrada\/\">\n                               \n                                  <strong class='title'>Gru multistrada<\/strong>\n                                                  <p>Sterzo integrale e varie lunghezze del braccio per forti prestazioni in sicurezza praticamente ovunque.<\/p>\n                              <\/a>\n            <\/div>\n                                  <div class=\"link-single  \">\n                              <a href=\"https:\/\/www.tadano.com\/italia\/it\/gru-city\/\">\n                               \n                                  <strong class='title'>Gru City<\/strong>\n                                                  <p>Il braccio base corto permette di lavorare con angoli stretti e distanze ridotte.<\/p>\n                              <\/a>\n            <\/div>\n                                  <div class=\"link-single  \">\n                              <a href=\"https:\/\/www.tadano.com\/italia\/it\/gru-cingolate\/\">\n                               \n                                  <strong class='title'>Gru cingolate<\/strong>\n                                                  <p>Facili da trasportare nonostante le loro dimensioni; con gli accessori in dotazione sono adatte per quasi tutti i lavori.<\/p>\n                              <\/a>\n            <\/div>\n                                  <div class=\"link-single  \">\n                              <a href=\"https:\/\/www.tadano.com\/italia\/it\/gru-cingolate-con-braccio-telescopico\/\">\n                               \n                                  <strong class='title'>Gru cingolate con braccio telescopico<\/strong>\n                                                  <p>Versatilit\u00e0 e grande potenza con capacit\u00e0 di prelievo e trasporto a 360\u00b0 e accessori per migliorare la produttivit\u00e0.<\/p>\n                              <\/a>\n            <\/div>\n                                  <div class=\"link-single  \">\n                              <a href=\"https:\/\/www.tadano.com\/italia\/it\/gru-fuoristrada\/\">\n                               \n                                  <strong class='title'>Gru fuoristrada<\/strong>\n                                                  <p>Lo sterzo integrale e la trazione integrale consentono di muoversi facilmente in spazi ridotti e su terreni irregolari.<\/p>\n                              <\/a>\n            <\/div>\n                                  <div class=\"link-single  \">\n                              <a href=\"https:\/\/www.tadano.com\/italia\/it\/gru-pick-and-carry\/\">\n                               \n                                  <strong class='title'>Gru pick-and-carry (serie Valla)<\/strong>\n                                                  <p>Design compatto ed elettrico per sollevamenti precisi e prestazioni agili a zero emissioni.<\/p>\n                              <\/a>\n            <\/div>\n                                  <div class=\"link-single  \">\n                              <a href=\"https:\/\/www.tadano.com\/italia\/it\/gru-su-autocarro-a-braccio-articolato\/\">\n                               \n                                  <strong class='title'>Gru su autocarro a braccio articolato (serie PM)<\/strong>\n                                                  <p>Bracci compatti e potenti per controllo preciso e sollevamenti versatili in spazi ridotti.<\/p>\n                              <\/a>\n            <\/div>\n                                  <div class=\"link-single  \">\n                              <a href=\"https:\/\/www.tadano.com\/italia\/it\/retrofit\/\">\n                               \n                                  <strong class='title'>Retrofit<\/strong>\n                                                  <p>Esplora la gamma completa di soluzioni di retrofit Tadano per flotte di gru.<\/p>\n                              <\/a>\n            <\/div>\n                  <\/div>\n                    \n    <\/section>\n  <\/div>\n<\/div><\/div>\n<\/div>\n<\/div><\/div>\n\n\n\n<div style=\"height:100px\" aria-hidden=\"true\" class=\"wp-block-spacer\"><\/div>\n\n\n\n<h2 class=\"wp-block-heading\">Il vantaggio Tadano<\/h2>\n\n\n\n<p>Tadano \u00e8 leader nel settore del sollevamento perch\u00e9 la qualit\u00e0 \u00e8 l&#8217;aspetto preso in maggior considerazione. Le nostre gru offrono un valore eccezionale, lunga durata e grande affidabilit\u00e0 per tutte le esigenze del tuo progetto. I dati raccolti dai clienti rivelano livelli di efficienza di funzionamento molto pi\u00f9 elevati con Tadano rispetto alla concorrenza. La capacit\u00e0 di durare a lungo nasce da un&#8217;ingegneria e da un design strutturale di livello superiore, che si manifestano nell&#8217;intero processo di fabbricazione e nei singoli componenti di eccezionale qualit\u00e0 installati su ogni gru. Quando scegli Tadano, hai il vantaggio di aver bisogno di meno ricambi e di meno manutenzione con tempi di fermo macchina ridotti. Il risultato? Tassi di rendimento maggiori e costi di propriet\u00e0 e di funzionamento pi\u00f9 bassi di qualsiasi altra gru sul mercato.<\/p>\n\n\n\n<div class=\"wp-block-columns is-layout-flex wp-container-core-columns-layout-2 wp-block-columns-is-layout-flex\">\n<div class=\"wp-block-column is-layout-flow wp-block-column-is-layout-flow\">\n<h3 class=\"wp-block-heading\">Valore.<\/h3>\n\n\n\n<p>La qualit\u00e0 superiore di Tadano significa maggior efficienza di funzionamento con tempi di fermo ridotti. Il risultato? Tassi di rendimento pi\u00f9 elevati e costi di propriet\u00e0 e di funzionamento pi\u00f9 bassi di qualsiasi altra gru sul mercato.<\/p>\n<\/div>\n\n\n\n<div class=\"wp-block-column is-layout-flow wp-block-column-is-layout-flow\">\n<h3 class=\"wp-block-heading\">La robustezza \u00e8 incorporata.<\/h3>\n\n\n\n<p>Grazie all&#8217;ingegneria e al design strutturale di alto livello uniti a processi di produzione di qualit\u00e0, le gru Tadano non si guastano facilmente e si riparano velocemente.<\/p>\n<\/div>\n\n\n\n<div class=\"wp-block-column is-layout-flow wp-block-column-is-layout-flow\">\n<h3 class=\"wp-block-heading\">Attendibilit\u00e0.<\/h3>\n\n\n\n<p>Tadano si impegna a produrre gru prive di difetti, carenze e differenze significative grazie all&#8217;impiego di concetti, processi, fornitori, design, test e servizio di assistenza per clienti di grande affidabilit\u00e0.<\/p>\n<\/div>\n<\/div>\n\n\n\n\n<section class=\"featured-block01\">\n  <div class=\"img-holder\">\n        <div class=\"bg-stretch\" style=\"background-position: 0 100%; \">\n      <span data-srcset=\"https:\/\/assets.onetadano.com\/celum_assets\/hero\/TA4355%7E1.jpg, https:\/\/assets.onetadano.com\/celum_assets\/hero-2x\/TA4355%7E1.jpg 2x\"><\/span>\n    <\/div>\n      <\/div>\n  <div class=\"container\">\n    <div class=\"text-holder\">\n      \n\n<h2 class=\"wp-block-heading\">TECNOLOGIA<\/h2>\n\n\n\n<p>Dalle nostre tecnologie di sollevamento ai nostri servizi di assistenza intelligenti, consideriamo ogni prodotto come un mezzo per migliorare l&#8217;esperienza che si ha del sollevamento, rendendolo pi\u00f9 efficiente e pi\u00f9 economico per la tua azienda.<\/p>\n\n\n\n<div class=\"wp-block-buttons is-layout-flex wp-block-buttons-is-layout-flex\">\n<div class=\"wp-block-button is-style-default\"><a class=\"wp-block-button__link wp-element-button\" href=\"https:\/\/www.tadano.com\/italia\/it\/tecnologia\/\">Sfoglia le nostre tecnologie<\/a><\/div>\n<\/div>\n\n\n    <\/div>\n  <\/div>\n<\/section>\n\n\n\n<section class=\"featured-block02\">\n  <div class=\"img-holder\">\n        <div class=\"bg-stretch\" style=\"background-position: 0 100%; \">\n      <span data-srcset=\"https:\/\/assets.onetadano.com\/celum_assets\/hero\/TAD19I2-scaled.jpg, https:\/\/assets.onetadano.com\/celum_assets\/hero-2x\/TAD19I2-scaled.jpg 2x\"><\/span>\n    <\/div>\n      <\/div>\n  <div class=\"container\">\n    <div class=\"text-holder\">\n      \n\n<h2 class=\"wp-block-heading\">offerte su gru di diverse marche, modelli e dimensioni per soddisfare le esigenze del tuo progetto.<\/h2>\n\n\n\n<p>Cerca nell&#8217;elenco di gru d&#8217;occasione: multistrada, fuoristrada gommate o cingolate, tutte in ottimo stato.<\/p>\n\n\n\n<div class=\"wp-block-buttons is-layout-flex wp-block-buttons-is-layout-flex\">\n<div class=\"wp-block-button\"><a class=\"wp-block-button__link wp-element-button\" href=\"https:\/\/www.tadano.com\/italia\/it\/attrezzature-di-sollevamento\/gru-usate\/\">Ricerca gru usate<\/a><\/div>\n<\/div>\n\n\n    <\/div>\n  <\/div>\n<\/section>","protected":false},"excerpt":{"rendered":"<p>Ricerca per categoria Qualunque siano le vostre esigenze di lavoro, noi abbiamo le soluzioni. Scoprite cosa possono aiutarvi a realizzare i diversi modelli di gru Tadano. Interessato a gru usate? Cerca nell&#8217;elenco di gru usate: multistrada, fuoristrada gommate o cingolate, tutte in ottimo stato.. Il vantaggio Tadano Tadano \u00e8 leader nel settore del sollevamento perch\u00e9 [&hellip;]<\/p>\n","protected":false},"author":1,"featured_media":0,"parent":0,"menu_order":0,"comment_status":"closed","ping_status":"closed","template":"","meta":{"_acf_changed":false,"footnotes":""},"acf":[],"yoast_head":"<!-- This site is optimized with the Yoast SEO plugin v22.3 - https:\/\/yoast.com\/wordpress\/plugins\/seo\/ -->\n<title>Attrezzature di sollevamento - Italy<\/title>\n<meta name=\"robots\" content=\"index, follow, max-snippet:-1, max-image-preview:large, max-video-preview:-1\" \/>\n<link rel=\"canonical\" href=\"https:\/\/www.tadano.com\/italia\/it\/attrezzature-di-sollevamento\/\" \/>\n<meta property=\"og:locale\" content=\"it_IT\" \/>\n<meta property=\"og:type\" content=\"article\" \/>\n<meta property=\"og:title\" content=\"Attrezzature di sollevamento - Italy\" \/>\n<meta property=\"og:description\" content=\"Ricerca per categoria Qualunque siano le vostre esigenze di lavoro, noi abbiamo le soluzioni. Scoprite cosa possono aiutarvi a realizzare i diversi modelli di gru Tadano. Interessato a gru usate? Cerca nell&#8217;elenco di gru usate: multistrada, fuoristrada gommate o cingolate, tutte in ottimo stato.. Il vantaggio Tadano Tadano \u00e8 leader nel settore del sollevamento perch\u00e9 [&hellip;]\" \/>\n<meta property=\"og:url\" content=\"https:\/\/www.tadano.com\/italia\/it\/attrezzature-di-sollevamento\/\" \/>\n<meta property=\"og:site_name\" content=\"Italy\" \/>\n<meta property=\"article:modified_time\" content=\"2026-02-26T13:24:47+00:00\" \/>\n<meta name=\"twitter:card\" content=\"summary_large_image\" \/>\n<meta name=\"twitter:label1\" content=\"Tempo di lettura stimato\" \/>\n\t<meta name=\"twitter:data1\" content=\"2 minuti\" \/>\n<script type=\"application\/ld+json\" class=\"yoast-schema-graph\">{\"@context\":\"https:\/\/schema.org\",\"@graph\":[{\"@type\":\"WebPage\",\"@id\":\"https:\/\/www.tadano.com\/italia\/it\/attrezzature-di-sollevamento\/\",\"url\":\"https:\/\/www.tadano.com\/italia\/it\/attrezzature-di-sollevamento\/\",\"name\":\"Attrezzature di sollevamento - Italy\",\"isPartOf\":{\"@id\":\"https:\/\/www.tadano.com\/italia\/it\/#website\"},\"datePublished\":\"2021-02-03T07:59:32+00:00\",\"dateModified\":\"2026-02-26T13:24:47+00:00\",\"inLanguage\":\"it-IT\",\"potentialAction\":[{\"@type\":\"ReadAction\",\"target\":[\"https:\/\/www.tadano.com\/italia\/it\/attrezzature-di-sollevamento\/\"]}]},{\"@type\":\"WebSite\",\"@id\":\"https:\/\/www.tadano.com\/italia\/it\/#website\",\"url\":\"https:\/\/www.tadano.com\/italia\/it\/\",\"name\":\"Italy\",\"description\":\"Just another TADANO EUROPE site\",\"potentialAction\":[{\"@type\":\"SearchAction\",\"target\":{\"@type\":\"EntryPoint\",\"urlTemplate\":\"https:\/\/www.tadano.com\/italia\/it\/?s={search_term_string}\"},\"query-input\":\"required name=search_term_string\"}],\"inLanguage\":\"it-IT\"}]}<\/script>\n<!-- \/ Yoast SEO plugin. -->","yoast_head_json":{"title":"Attrezzature di sollevamento - Italy","robots":{"index":"index","follow":"follow","max-snippet":"max-snippet:-1","max-image-preview":"max-image-preview:large","max-video-preview":"max-video-preview:-1"},"canonical":"https:\/\/www.tadano.com\/italia\/it\/attrezzature-di-sollevamento\/","og_locale":"it_IT","og_type":"article","og_title":"Attrezzature di sollevamento - Italy","og_description":"Ricerca per categoria Qualunque siano le vostre esigenze di lavoro, noi abbiamo le soluzioni. Scoprite cosa possono aiutarvi a realizzare i diversi modelli di gru Tadano. Interessato a gru usate? Cerca nell&#8217;elenco di gru usate: multistrada, fuoristrada gommate o cingolate, tutte in ottimo stato.. Il vantaggio Tadano Tadano \u00e8 leader nel settore del sollevamento perch\u00e9 [&hellip;]","og_url":"https:\/\/www.tadano.com\/italia\/it\/attrezzature-di-sollevamento\/","og_site_name":"Italy","article_modified_time":"2026-02-26T13:24:47+00:00","twitter_card":"summary_large_image","twitter_misc":{"Tempo di lettura stimato":"2 minuti"},"schema":{"@context":"https:\/\/schema.org","@graph":[{"@type":"WebPage","@id":"https:\/\/www.tadano.com\/italia\/it\/attrezzature-di-sollevamento\/","url":"https:\/\/www.tadano.com\/italia\/it\/attrezzature-di-sollevamento\/","name":"Attrezzature di sollevamento - Italy","isPartOf":{"@id":"https:\/\/www.tadano.com\/italia\/it\/#website"},"datePublished":"2021-02-03T07:59:32+00:00","dateModified":"2026-02-26T13:24:47+00:00","inLanguage":"it-IT","potentialAction":[{"@type":"ReadAction","target":["https:\/\/www.tadano.com\/italia\/it\/attrezzature-di-sollevamento\/"]}]},{"@type":"WebSite","@id":"https:\/\/www.tadano.com\/italia\/it\/#website","url":"https:\/\/www.tadano.com\/italia\/it\/","name":"Italy","description":"Just another TADANO EUROPE site","potentialAction":[{"@type":"SearchAction","target":{"@type":"EntryPoint","urlTemplate":"https:\/\/www.tadano.com\/italia\/it\/?s={search_term_string}"},"query-input":"required name=search_term_string"}],"inLanguage":"it-IT"}]}},"_links":{"self":[{"href":"https:\/\/www.tadano.com\/italia\/it\/wp-json\/wp\/v2\/pages\/503"}],"collection":[{"href":"https:\/\/www.tadano.com\/italia\/it\/wp-json\/wp\/v2\/pages"}],"about":[{"href":"https:\/\/www.tadano.com\/italia\/it\/wp-json\/wp\/v2\/types\/page"}],"author":[{"embeddable":true,"href":"https:\/\/www.tadano.com\/italia\/it\/wp-json\/wp\/v2\/users\/1"}],"replies":[{"embeddable":true,"href":"https:\/\/www.tadano.com\/italia\/it\/wp-json\/wp\/v2\/comments?post=503"}],"version-history":[{"count":5,"href":"https:\/\/www.tadano.com\/italia\/it\/wp-json\/wp\/v2\/pages\/503\/revisions"}],"predecessor-version":[{"id":10887,"href":"https:\/\/www.tadano.com\/italia\/it\/wp-json\/wp\/v2\/pages\/503\/revisions\/10887"}],"wp:attachment":[{"href":"https:\/\/www.tadano.com\/italia\/it\/wp-json\/wp\/v2\/media?parent=503"}],"curies":[{"name":"wp","href":"https:\/\/api.w.org\/{rel}","templated":true}]}}