{"id":5187,"date":"2021-11-09T15:32:24","date_gmt":"2021-11-09T15:32:24","guid":{"rendered":"https:\/\/www.tadano.com\/italia\/obiettivi-in-materia-di-ambiente-e-sostenibilita\/"},"modified":"2026-01-29T08:05:48","modified_gmt":"2026-01-29T08:05:48","slug":"obiettivi-in-materia-di-ambiente-e-sostenibilita","status":"publish","type":"page","link":"https:\/\/www.tadano.com\/italia\/it\/obiettivi-in-materia-di-ambiente-e-sostenibilita\/","title":{"rendered":"Obiettivi in materia di ambiente e sostenibilit\u00e0"},"content":{"rendered":"\n\n\n<section class=\"hero-section\">\n\n\t\n\t\n\t\n\t<div class=\"img-holder \">\n\t\t\t\t<div class=\"bg-stretch\" style=\"background-position: 50% 50%; \">\n\t\t\t<span data-srcset=\"https:\/\/assets.onetadano.com\/celum_assets\/hero\/green-leaf-texture-close-up-green-leaf-background-plant-ecology-scaled.jpg, https:\/\/assets.onetadano.com\/celum_assets\/hero-2x\/green-leaf-texture-close-up-green-leaf-background-plant-ecology-scaled.jpg 2x\"><\/span>\n\t\t<\/div>\n\t\t\t\t\t\t<div class=\"logo green-solutions\" style=\"display:none;\">\n\t\t\t<a href=\"#\"><img decoding=\"async\" src=\"https:\/\/www.tadano.com\/italia\/wp-content\/themes\/tadano\/assets\/dist\/images\/Green-Solutions_Logo_White.svg\"><\/a>\n\t\t<\/div>\n\t<\/div>\n\t<div class=\"container\">\n\t\t<div class=\"text-holder \">\n\t\t\t<div class=\"wrap\">\n\t\t\t\t\n\t\t\t\t<ul class=\"breadcrumbs\"><li><a href=\"https:\/\/www.tadano.com\/italia\/it\/\">Homepage<\/a><\/li><\/ul>\n\t\t\t\t\n\n<h1 class=\"wp-block-heading\"><strong>Obiettivi in materia di ambiente e sostenibilit\u00e0<\/strong><\/h1>\n\n\n\n<p>Il Gruppo Tadano sente profondamente l&#8217;esigenza di contribuire alla protezione dell&#8217;ambiente globale e alla creazione di una societ\u00e0 sostenibile.<\/p>\n\n\n\n\t\t\t\t\n\t\t\t<\/div>\n\n\t\t\t\n\t\t\t\n\t\t\t\n\t\t<\/div>\n\t<\/div>\n<\/section>\n\n\n<div class=\"wp-block-group is-layout-flow wp-block-group-is-layout-flow\"><div class=\"wp-block-group__inner-container\">\n<h1 class=\"wp-block-heading\"><strong>Politica ambientale<\/strong><\/h1>\n\n\n\n<p>Lavoriamo in favore della societ\u00e0 rendendo pi\u00f9 armonico l&#8217;equilibrio tra le persone, le macchine e l&#8217;ambiente.<\/p>\n\n\n\n<h3 class=\"wp-block-heading\">1. PROMUOVERE UN COMPORTAMENTO RESPONSABILE NEI CONFRONTI DELL&#8217;AMBIENTE.<\/h3>\n\n\n\n<p>Nella convinzione che l&#8217;autoconsapevolezza sia il primo passo verso un&#8217;impegno e un miglioramento duraturi, riteniamo che sia molto importante la formazione di ogni dipendente e l&#8217;attenzione che ciascuno pone verso questi temi nel suo lavoro quotidiano.<\/p>\n\n\n\n<h3 class=\"wp-block-heading\">2. SVILUPPARE PRODOTTI RISPETTOSI DELL&#8217;AMBIENTE.<\/h3>\n\n\n\n<p>Consapevoli del fatto che l&#8217;uso dei prodotti del Gruppo Tadano ha un impatto sull&#8217;ambiente, siamo impegnati a sviluppare prodotti che siano rispettosi dell&#8217;ambiente durante il loro intero ciclo di vita, in particolare in termini di efficienza del carburante e bassa emissione di rumore.<\/p>\n\n\n\n<h3 class=\"wp-block-heading\">3. CONDURRE ATTIVIT\u00c0 AZIENDALI RESPONSABILI DAL PUNTO DI VISTA AMBIENTALE.<\/h3>\n\n\n\n<p>In tutti i nostri processi aziendali, la nostra attenzione \u00e8 rivolta a ridurre l&#8217;impatto sull&#8217;ambiente attraverso la conservazione delle risorse, il riciclaggio, la prevenzione dell&#8217;inquinamento ambientale e altri provvedimenti.<\/p>\n\n\n\n<p><\/p>\n\n\n\n<div class=\"wp-block-buttons is-layout-flex wp-block-buttons-is-layout-flex\">\n<div class=\"wp-block-button is-style-btn-outline-white\"><a class=\"wp-block-button__link wp-element-button\" href=\"https:\/\/www.tadano.co.jp\/en\/ir\/esg\/\" target=\"_blank\" rel=\"noreferrer noopener\">VISITA IL SITO TADANO.CO.JP <\/a><\/div>\n<\/div>\n<\/div><\/div>\n\n\n\n<div class=\"wp-block-group is-style-background-white is-layout-flow wp-block-group-is-layout-flow\"><div class=\"wp-block-group__inner-container\">\n<h1 class=\"wp-block-heading\">OBIETTIVI AMBIENTALI A LUNGO TERMINE DEL GRUPPO TADANO<\/h1>\n\n\n\n<div class=\"wp-block-columns is-layout-flex wp-container-core-columns-layout-2 wp-block-columns-is-layout-flex\">\n<div class=\"wp-block-column is-layout-flow wp-block-column-is-layout-flow\" style=\"flex-basis:66.66%\">\n<p>Sulla base delle raccomandazioni della Task Force on Climate-Related Financial Disclosures (TCFD) il Gruppo Tadano si \u00e8 posto degli obiettivi concreti:<\/p>\n\n\n\n<div style=\"height:81px\" aria-hidden=\"true\" class=\"wp-block-spacer\"><\/div>\n\n\n\n<div class=\"wp-block-columns is-layout-flex wp-container-core-columns-layout-1 wp-block-columns-is-layout-flex\">\n<div class=\"wp-block-column is-layout-flow wp-block-column-is-layout-flow\">\n<h1 class=\"wp-block-heading has-text-align-right\">25%<\/h1>\n\n\n\n<h1 class=\"wp-block-heading has-text-align-right\">35%<\/h1>\n<\/div>\n\n\n\n<div class=\"wp-block-column is-layout-flow wp-block-column-is-layout-flow\">\n<p>di riduzione delle emissioni di CO2 derivanti dalle attivit\u00e0 aziendali<\/p>\n\n\n\n<p>di riduzione delle emissioni di CO2 dei nostri prodotti<\/p>\n<\/div>\n<\/div>\n<\/div>\n\n\n\n<div class=\"wp-block-column is-layout-flow wp-block-column-is-layout-flow\" style=\"flex-basis:33.33%\">\n<figure class=\"wp-block-image size-large\"><img decoding=\"async\" src=\"https:\/\/assets.onetadano.com\/celum_assets\/TDN Green Solutions Pos RGB.jpg\" alt=\"\"\/><\/figure>\n<\/div>\n<\/div>\n<\/div><\/div>\n\n\n\n<div class=\"wp-block-group is-style-background-cyan is-layout-flow wp-block-group-is-layout-flow\"><div class=\"wp-block-group__inner-container\">\n<h2 class=\"wp-block-heading\">DA RIDUZIONE DELLE EMISSIONI A ZERO EMISSIONI<\/h2>\n\n\n\n<p>Con i nostri motori compatibili con E-Pack e HVO, offriamo gi\u00e0 soluzioni per un funzionamento ecologico delle gru.<\/p>\n\n\n\n<div class=\"wp-block-buttons is-layout-flex wp-block-buttons-is-layout-flex\">\n<div class=\"wp-block-button is-style-default\"><a class=\"wp-block-button__link wp-element-button\">ULTERIORI INFORMAZIONI<\/a><\/div>\n<\/div>\n<\/div><\/div>\n","protected":false},"excerpt":{"rendered":"<p>Politica ambientale Lavoriamo in favore della societ\u00e0 rendendo pi\u00f9 armonico l&#8217;equilibrio tra le persone, le macchine e l&#8217;ambiente. 1. PROMUOVERE UN COMPORTAMENTO RESPONSABILE NEI CONFRONTI DELL&#8217;AMBIENTE. Nella convinzione che l&#8217;autoconsapevolezza sia il primo passo verso un&#8217;impegno e un miglioramento duraturi, riteniamo che sia molto importante la formazione di ogni dipendente e l&#8217;attenzione che ciascuno pone [&hellip;]<\/p>\n","protected":false},"author":2,"featured_media":0,"parent":0,"menu_order":0,"comment_status":"closed","ping_status":"closed","template":"","meta":{"_acf_changed":false,"footnotes":""},"acf":[],"yoast_head":"<!-- This site is optimized with the Yoast SEO plugin v22.3 - https:\/\/yoast.com\/wordpress\/plugins\/seo\/ -->\n<title>Obiettivi in materia di ambiente e sostenibilit\u00e0 - Italy<\/title>\n<meta name=\"robots\" content=\"index, follow, max-snippet:-1, max-image-preview:large, max-video-preview:-1\" \/>\n<link rel=\"canonical\" href=\"https:\/\/www.tadano.com\/italia\/it\/obiettivi-in-materia-di-ambiente-e-sostenibilita\/\" \/>\n<meta property=\"og:locale\" content=\"it_IT\" \/>\n<meta property=\"og:type\" content=\"article\" \/>\n<meta property=\"og:title\" content=\"Obiettivi in materia di ambiente e sostenibilit\u00e0 - Italy\" \/>\n<meta property=\"og:description\" content=\"Politica ambientale Lavoriamo in favore della societ\u00e0 rendendo pi\u00f9 armonico l&#8217;equilibrio tra le persone, le macchine e l&#8217;ambiente. 1. PROMUOVERE UN COMPORTAMENTO RESPONSABILE NEI CONFRONTI DELL&#8217;AMBIENTE. Nella convinzione che l&#8217;autoconsapevolezza sia il primo passo verso un&#8217;impegno e un miglioramento duraturi, riteniamo che sia molto importante la formazione di ogni dipendente e l&#8217;attenzione che ciascuno pone [&hellip;]\" \/>\n<meta property=\"og:url\" content=\"https:\/\/www.tadano.com\/italia\/it\/obiettivi-in-materia-di-ambiente-e-sostenibilita\/\" \/>\n<meta property=\"og:site_name\" content=\"Italy\" \/>\n<meta property=\"article:modified_time\" content=\"2026-01-29T08:05:48+00:00\" \/>\n<meta name=\"twitter:card\" content=\"summary_large_image\" \/>\n<meta name=\"twitter:label1\" content=\"Tempo di lettura stimato\" \/>\n\t<meta name=\"twitter:data1\" content=\"2 minuti\" \/>\n<script type=\"application\/ld+json\" class=\"yoast-schema-graph\">{\"@context\":\"https:\/\/schema.org\",\"@graph\":[{\"@type\":\"WebPage\",\"@id\":\"https:\/\/www.tadano.com\/italia\/it\/obiettivi-in-materia-di-ambiente-e-sostenibilita\/\",\"url\":\"https:\/\/www.tadano.com\/italia\/it\/obiettivi-in-materia-di-ambiente-e-sostenibilita\/\",\"name\":\"Obiettivi in materia di ambiente e sostenibilit\u00e0 - Italy\",\"isPartOf\":{\"@id\":\"https:\/\/www.tadano.com\/italia\/it\/#website\"},\"datePublished\":\"2021-11-09T15:32:24+00:00\",\"dateModified\":\"2026-01-29T08:05:48+00:00\",\"inLanguage\":\"it-IT\",\"potentialAction\":[{\"@type\":\"ReadAction\",\"target\":[\"https:\/\/www.tadano.com\/italia\/it\/obiettivi-in-materia-di-ambiente-e-sostenibilita\/\"]}]},{\"@type\":\"WebSite\",\"@id\":\"https:\/\/www.tadano.com\/italia\/it\/#website\",\"url\":\"https:\/\/www.tadano.com\/italia\/it\/\",\"name\":\"Italy\",\"description\":\"Just another TADANO EUROPE site\",\"potentialAction\":[{\"@type\":\"SearchAction\",\"target\":{\"@type\":\"EntryPoint\",\"urlTemplate\":\"https:\/\/www.tadano.com\/italia\/it\/?s={search_term_string}\"},\"query-input\":\"required name=search_term_string\"}],\"inLanguage\":\"it-IT\"}]}<\/script>\n<!-- \/ Yoast SEO plugin. -->","yoast_head_json":{"title":"Obiettivi in materia di ambiente e sostenibilit\u00e0 - Italy","robots":{"index":"index","follow":"follow","max-snippet":"max-snippet:-1","max-image-preview":"max-image-preview:large","max-video-preview":"max-video-preview:-1"},"canonical":"https:\/\/www.tadano.com\/italia\/it\/obiettivi-in-materia-di-ambiente-e-sostenibilita\/","og_locale":"it_IT","og_type":"article","og_title":"Obiettivi in materia di ambiente e sostenibilit\u00e0 - Italy","og_description":"Politica ambientale Lavoriamo in favore della societ\u00e0 rendendo pi\u00f9 armonico l&#8217;equilibrio tra le persone, le macchine e l&#8217;ambiente. 1. PROMUOVERE UN COMPORTAMENTO RESPONSABILE NEI CONFRONTI DELL&#8217;AMBIENTE. Nella convinzione che l&#8217;autoconsapevolezza sia il primo passo verso un&#8217;impegno e un miglioramento duraturi, riteniamo che sia molto importante la formazione di ogni dipendente e l&#8217;attenzione che ciascuno pone [&hellip;]","og_url":"https:\/\/www.tadano.com\/italia\/it\/obiettivi-in-materia-di-ambiente-e-sostenibilita\/","og_site_name":"Italy","article_modified_time":"2026-01-29T08:05:48+00:00","twitter_card":"summary_large_image","twitter_misc":{"Tempo di lettura stimato":"2 minuti"},"schema":{"@context":"https:\/\/schema.org","@graph":[{"@type":"WebPage","@id":"https:\/\/www.tadano.com\/italia\/it\/obiettivi-in-materia-di-ambiente-e-sostenibilita\/","url":"https:\/\/www.tadano.com\/italia\/it\/obiettivi-in-materia-di-ambiente-e-sostenibilita\/","name":"Obiettivi in materia di ambiente e sostenibilit\u00e0 - Italy","isPartOf":{"@id":"https:\/\/www.tadano.com\/italia\/it\/#website"},"datePublished":"2021-11-09T15:32:24+00:00","dateModified":"2026-01-29T08:05:48+00:00","inLanguage":"it-IT","potentialAction":[{"@type":"ReadAction","target":["https:\/\/www.tadano.com\/italia\/it\/obiettivi-in-materia-di-ambiente-e-sostenibilita\/"]}]},{"@type":"WebSite","@id":"https:\/\/www.tadano.com\/italia\/it\/#website","url":"https:\/\/www.tadano.com\/italia\/it\/","name":"Italy","description":"Just another TADANO EUROPE site","potentialAction":[{"@type":"SearchAction","target":{"@type":"EntryPoint","urlTemplate":"https:\/\/www.tadano.com\/italia\/it\/?s={search_term_string}"},"query-input":"required name=search_term_string"}],"inLanguage":"it-IT"}]}},"_links":{"self":[{"href":"https:\/\/www.tadano.com\/italia\/it\/wp-json\/wp\/v2\/pages\/5187"}],"collection":[{"href":"https:\/\/www.tadano.com\/italia\/it\/wp-json\/wp\/v2\/pages"}],"about":[{"href":"https:\/\/www.tadano.com\/italia\/it\/wp-json\/wp\/v2\/types\/page"}],"author":[{"embeddable":true,"href":"https:\/\/www.tadano.com\/italia\/it\/wp-json\/wp\/v2\/users\/2"}],"replies":[{"embeddable":true,"href":"https:\/\/www.tadano.com\/italia\/it\/wp-json\/wp\/v2\/comments?post=5187"}],"version-history":[{"count":4,"href":"https:\/\/www.tadano.com\/italia\/it\/wp-json\/wp\/v2\/pages\/5187\/revisions"}],"predecessor-version":[{"id":10583,"href":"https:\/\/www.tadano.com\/italia\/it\/wp-json\/wp\/v2\/pages\/5187\/revisions\/10583"}],"wp:attachment":[{"href":"https:\/\/www.tadano.com\/italia\/it\/wp-json\/wp\/v2\/media?parent=5187"}],"curies":[{"name":"wp","href":"https:\/\/api.w.org\/{rel}","templated":true}]}}