{"id":5210,"date":"2021-12-10T11:29:05","date_gmt":"2021-12-10T11:29:05","guid":{"rendered":"https:\/\/www.tadano.com\/italia\/tecnologia\/tecnologie-per-lambiente-e-il-clima\/"},"modified":"2022-01-11T09:17:31","modified_gmt":"2022-01-11T09:17:31","slug":"tecnologie-per-lambiente-e-il-clima","status":"publish","type":"page","link":"https:\/\/www.tadano.com\/italia\/it\/tecnologia\/tecnologie-per-lambiente-e-il-clima\/","title":{"rendered":"Tecnologie per l&#8217;ambiente e il clima"},"content":{"rendered":"\n\n\n<section class=\"hero-section\">\n\n\t\n\t\n\t\n\t<div class=\"img-holder \">\n\t\t\t\t<div class=\"bg-stretch\" style=\"background-position: 0 50%; \">\n\t\t\t<span data-srcset=\"https:\/\/assets.onetadano.com\/celum_assets\/hero\/HVO.jpg, https:\/\/assets.onetadano.com\/celum_assets\/hero-2x\/HVO.jpg 2x\"><\/span>\n\t\t<\/div>\n\t\t\t\t\t\t<div class=\"logo green-solutions\" style=\"display:none;\">\n\t\t\t<a href=\"#\"><img decoding=\"async\" src=\"https:\/\/www.tadano.com\/italia\/wp-content\/themes\/tadano\/assets\/dist\/images\/Green-Solutions_Logo_White.svg\"><\/a>\n\t\t<\/div>\n\t<\/div>\n\t<div class=\"container\">\n\t\t<div class=\"text-holder \">\n\t\t\t<div class=\"wrap\">\n\t\t\t\t\n\t\t\t\t<ul class=\"breadcrumbs\"><li><a href=\"https:\/\/www.tadano.com\/italia\/it\/\">Homepage<\/a><\/li><\/ul>\n\t\t\t\t\n\n<h1 class=\"wp-block-heading\">Tecnologie per l&#8217;ambiente e il clima<\/h1>\n\n\n\n<p>La tutela ambientale e la sostenibilit\u00e0 costituiscono parte integrante della filosofia aziendale Tadano. Per questo operiamo per lo sviluppo costante di tecnologie di trasmissione che assicurino livelli di emissioni ridotti o azzerati e che consentano ai clienti di impiegare le gru secondo modalit\u00e0 rispettose dell&#8217;ambiente e del clima.<\/p>\n\n\n\n\t\t\t\t\n\t\t\t<\/div>\n\n\t\t\t\n\t\t\t\n\t\t\t\n\t\t<\/div>\n\t<\/div>\n<\/section>\n\n\n<div class=\"wp-block-group is-style-background-triangle-right has-white-color has-dark-blue-background-color has-text-color has-background\"><div class=\"wp-block-group__inner-container is-layout-flow wp-block-group-is-layout-flow\">\n<div class=\"wp-block-columns is-layout-flex wp-container-core-columns-layout-1 wp-block-columns-is-layout-flex\">\n<div class=\"wp-block-column is-layout-flow wp-block-column-is-layout-flow\" style=\"flex-basis:33.33%\">\n<h2 class=\"wp-block-heading\">Ricerca tecnologie<\/h2>\n\n\n\n<p>Le tecnologie Tadano, in grado di abbattere i consumi e le emissioni, riducono la formazione di gas serra e di inquinanti e minimizzano, in molti casi, anche i costi operativi.<\/p>\n<\/div>\n\n\n\n<div class=\"wp-block-column is-layout-flow wp-block-column-is-layout-flow\" style=\"flex-basis:66.66%\">\n\n<div class=\"links-block-wrapper\">\n  <div class=\"container\">\n    <section class=\"links-block\">\n\n\n              <div class=\"links-block\">\n                      \n\n            <div class=\"link-single\">\n                              <a href=\"https:\/\/www.tadano.com\/italia\/it\/technologies\/carburante-diesel-alternativo\/\">\n                                                      <strong class='title'>Carburante diesel alternativo<\/strong>\n                                                        <p>Tutte le gru Tadano oggi disponibili possono essere utilizzate anche con vari carburanti diesel alternativi, in base al modello. In diversi casi, l&#8217;uso di tali carburanti permette alla gru di generare meno emissioni e quindi di essere pi\u00f9 rispettosa del clima e dell&#8217;ambiente.<\/p>\n                                  <\/a>\n              <\/div>\n\n                          \n\n            <div class=\"link-single\">\n                              <a href=\"https:\/\/www.tadano.com\/italia\/it\/technologies\/e-pack\/\">\n                                                      <strong class='title'>e-PACK<\/strong>\n                                                        <p>Funzionamento della gru con sistema elettroidraulico a zero emissioni. Perfetta per le aree urbane, di notte o per funzionare in spazi chiusi.<\/p>\n                                  <\/a>\n              <\/div>\n\n                          \n\n            <div class=\"link-single\">\n                              <a href=\"https:\/\/www.tadano.com\/italia\/it\/technologies\/sistema-eco-mode\/\">\n                                                      <strong class='title'>Sistema Eco Mode<\/strong>\n                                                        <p>Con la modalit\u00e0 Eco \u00e8 possibile regolare la velocit\u00e0 massima del motore per ridurre le emissioni, il consumo di carburante e il rumore, garantendo al contempo un funzionamento stabile della gru.<\/p>\n                                  <\/a>\n              <\/div>\n\n                          \n\n            <div class=\"link-single\">\n                              <a href=\"https:\/\/www.tadano.com\/italia\/it\/technologies\/start-stop\/\">\n                                                      <strong class='title'>Start-Stop<\/strong>\n                                                        <p>La funzione start-stop consente di arrestare manualmente il motore con la semplice pressione di un pulsante nella cabina durante l&#8217;uso della gru, per evitare tempi di funzionamento senza utilizzo. In questo modo si riducono i consumi di carburante della gru, le emissioni e le ore di funzionamento. Sebbene il motore venga arrestato, il sistema di comando della gru resta attivo e dopo il riavvio la gru \u00e8 subito pronta a ripartire.<\/p>\n                                  <\/a>\n              <\/div>\n\n                        <\/div>\n          \n        \n      <\/section>\n    <\/div>\n  <\/div><\/div>\n<\/div>\n<\/div><\/div>\n\n\n\n    <section class=\"news-section\">\n\n    <div class=\"container\">\n      <div class=\"text-block\">\n        <h2>Notizie<\/h2>\n                        \n                  <a href=\"https:\/\/www.tadano.com\/italia\/it\/news-list\/\" class=\"link-more\">ESPLORARE TUTTE le notizie<\/a>\n        \n\n                <div class=\"controls\">\n          <svg width=\"14\" height=\"31\" viewBox=\"0 0 14 31\" fill=\"none\" xmlns=\"http:\/\/www.w3.org\/2000\/svg\">\n           <path d=\"M13 1L1 15.5L13 30\" stroke=\"#fff\"\/>\n          <\/svg>\n          <svg width=\"15\" height=\"31\" viewBox=\"0 0 15 31\" fill=\"none\" xmlns=\"http:\/\/www.w3.org\/2000\/svg\">\n           <path d=\"M1 1L14 15.5L1 30\" stroke=\"#fff\"\/>\n          <\/svg>\n        <\/div>\n        \n\n        \n      <\/div>\n      <div class=\"slick-slider simple-slider\">\n                              <div>\n              <div class=\"news-single\">\n                <a href=\"https:\/\/www.tadano.com\/italia\/it\/news\/nuovo-jib-meccanico-orientabile-a-9-posizioni\/\">\n                  <strong class=\"title\">Nuovo jib meccanico orientabile a 9 posizioni<\/strong>\n                  <ul class=\"meta\">\n                    <li>Pubblicazione<\/li>\n                    <li><time datetime=\"2020-01-01\">Mar\/27\/2026<\/time><\/li>\n                  <\/ul>\n                <\/a>\n              <\/div>\n            <\/div>\n                      <div>\n              <div class=\"news-single\">\n                <a href=\"https:\/\/www.tadano.com\/italia\/it\/news\/nuovo-sales-manager-per-le-autogru-tadano-in-italia\/\">\n                  <strong class=\"title\">Nuovo Sales Manager per le autogr\u00f9 Tadano in Italia<\/strong>\n                  <ul class=\"meta\">\n                    <li>Pubblicazione<\/li>\n                    <li><time datetime=\"2020-01-01\">Gen\/21\/2026<\/time><\/li>\n                  <\/ul>\n                <\/a>\n              <\/div>\n            <\/div>\n                      <div>\n              <div class=\"news-single\">\n                <a href=\"https:\/\/www.tadano.com\/italia\/it\/news\/la-nuova-octoplus-30\/\">\n                  <strong class=\"title\">La nuova Octoplus 30<\/strong>\n                  <ul class=\"meta\">\n                    <li>Pubblicazione<\/li>\n                    <li><time datetime=\"2020-01-01\">Set\/25\/2025<\/time><\/li>\n                  <\/ul>\n                <\/a>\n              <\/div>\n            <\/div>\n                      <div>\n              <div class=\"news-single\">\n                <a href=\"https:\/\/www.tadano.com\/italia\/it\/news\/tadano-perfeziona-lacquisizione-della-divisione-sistemi-di-trasporto-di-ihi-transport-machinery\/\">\n                  <strong class=\"title\">Tadano perfeziona l&#8217;acquisizione della divisione sistemi di trasporto di IHI Transport Machinery<\/strong>\n                  <ul class=\"meta\">\n                    <li>Pubblicazione<\/li>\n                    <li><time datetime=\"2020-01-01\">Lug\/01\/2025<\/time><\/li>\n                  <\/ul>\n                <\/a>\n              <\/div>\n            <\/div>\n                      <div>\n              <div class=\"news-single\">\n                <a href=\"https:\/\/www.tadano.com\/italia\/it\/news\/vernazza-autogru-rafforza-la-flotta-con-tadano-ac-7-450-1\/\">\n                  <strong class=\"title\">Vernazza Autogr\u00f9 rafforza la flotta con Tadano AC 7.450-1<\/strong>\n                  <ul class=\"meta\">\n                    <li>Pubblicazione<\/li>\n                    <li><time datetime=\"2020-01-01\">Mag\/20\/2025<\/time><\/li>\n                  <\/ul>\n                <\/a>\n              <\/div>\n            <\/div>\n                      <div>\n              <div class=\"news-single\">\n                <a href=\"https:\/\/www.tadano.com\/italia\/it\/news\/autotrasporti-porro-amplia-la-flotta-con-le-gru-multistrada-tadano-ac-7-450-1-e-ac-4-080-1-confermate-al-bauma-2025\/\">\n                  <strong class=\"title\">Autotrasporti Porro amplia la flotta con le gru multistrada Tadano AC 7.450-1 e AC 4.080-1 confermate al bauma 2025<\/strong>\n                  <ul class=\"meta\">\n                    <li>Pubblicazione<\/li>\n                    <li><time datetime=\"2020-01-01\">Apr\/30\/2025<\/time><\/li>\n                  <\/ul>\n                <\/a>\n              <\/div>\n            <\/div>\n                      <div>\n              <div class=\"news-single\">\n                <a href=\"https:\/\/www.tadano.com\/italia\/it\/news\/autovictor-ordina-una-gru-multistrada-tadano-ac-6-300-1-al-bauma-2025\/\">\n                  <strong class=\"title\">Autovictor ordina una gru multistrada Tadano AC 6.300-1 al bauma 2025<\/strong>\n                  <ul class=\"meta\">\n                    <li>Pubblicazione<\/li>\n                    <li><time datetime=\"2020-01-01\">Apr\/22\/2025<\/time><\/li>\n                  <\/ul>\n                <\/a>\n              <\/div>\n            <\/div>\n                      <div>\n              <div class=\"news-single\">\n                <a href=\"https:\/\/www.tadano.com\/italia\/it\/news\/tadano-at-bauma-2025\/\">\n                  <strong class=\"title\">Tadano a bauma 2025<\/strong>\n                  <ul class=\"meta\">\n                    <li>Pubblicazione<\/li>\n                    <li><time datetime=\"2020-01-01\">Apr\/07\/2025<\/time><\/li>\n                  <\/ul>\n                <\/a>\n              <\/div>\n            <\/div>\n                      <div>\n              <div class=\"news-single\">\n                <a href=\"https:\/\/www.tadano.com\/italia\/it\/news\/the-new-ac-4-070hl-1-and-ac-5-120h-1-tadano-hybrid-cranes\/\">\n                  <strong class=\"title\">Le nuove gru ibride AC 4.070HL-1 e AC 5.120H-1 di Tadano<\/strong>\n                  <ul class=\"meta\">\n                    <li>Pubblicazione<\/li>\n                    <li><time datetime=\"2020-01-01\">Apr\/07\/2025<\/time><\/li>\n                  <\/ul>\n                <\/a>\n              <\/div>\n            <\/div>\n                      <div>\n              <div class=\"news-single\">\n                <a href=\"https:\/\/www.tadano.com\/italia\/it\/news\/pm-oil-steel-valla-a-bauma-2025\/\">\n                  <strong class=\"title\">PM, Oil &amp; Steel, Valla a bauma 2025<\/strong>\n                  <ul class=\"meta\">\n                    <li>Pubblicazione<\/li>\n                    <li><time datetime=\"2020-01-01\">Apr\/07\/2025<\/time><\/li>\n                  <\/ul>\n                <\/a>\n              <\/div>\n            <\/div>\n                        <\/div>\n    <\/div>\n  <\/section>\n  \n\n\n<p><\/p>\n","protected":false},"excerpt":{"rendered":"<p>Ricerca tecnologie Le tecnologie Tadano, in grado di abbattere i consumi e le emissioni, riducono la formazione di gas serra e di inquinanti e minimizzano, in molti casi, anche i costi operativi.<\/p>\n","protected":false},"author":3,"featured_media":0,"parent":706,"menu_order":0,"comment_status":"closed","ping_status":"closed","template":"","meta":{"_acf_changed":false,"footnotes":""},"acf":[],"yoast_head":"<!-- This site is optimized with the Yoast SEO plugin v22.3 - https:\/\/yoast.com\/wordpress\/plugins\/seo\/ -->\n<title>Tecnologie per l&#039;ambiente e il clima - Italy<\/title>\n<meta name=\"robots\" content=\"index, follow, max-snippet:-1, max-image-preview:large, max-video-preview:-1\" \/>\n<link rel=\"canonical\" href=\"https:\/\/www.tadano.com\/italia\/it\/tecnologia\/tecnologie-per-lambiente-e-il-clima\/\" \/>\n<meta property=\"og:locale\" content=\"it_IT\" \/>\n<meta property=\"og:type\" content=\"article\" \/>\n<meta property=\"og:title\" content=\"Tecnologie per l&#039;ambiente e il clima - Italy\" \/>\n<meta property=\"og:description\" content=\"Ricerca tecnologie Le tecnologie Tadano, in grado di abbattere i consumi e le emissioni, riducono la formazione di gas serra e di inquinanti e minimizzano, in molti casi, anche i costi operativi.\" \/>\n<meta property=\"og:url\" content=\"https:\/\/www.tadano.com\/italia\/it\/tecnologia\/tecnologie-per-lambiente-e-il-clima\/\" \/>\n<meta property=\"og:site_name\" content=\"Italy\" \/>\n<meta property=\"article:modified_time\" content=\"2022-01-11T09:17:31+00:00\" \/>\n<meta name=\"twitter:card\" content=\"summary_large_image\" \/>\n<meta name=\"twitter:label1\" content=\"Tempo di lettura stimato\" \/>\n\t<meta name=\"twitter:data1\" content=\"1 minuto\" \/>\n<script type=\"application\/ld+json\" class=\"yoast-schema-graph\">{\"@context\":\"https:\/\/schema.org\",\"@graph\":[{\"@type\":\"WebPage\",\"@id\":\"https:\/\/www.tadano.com\/italia\/it\/tecnologia\/tecnologie-per-lambiente-e-il-clima\/\",\"url\":\"https:\/\/www.tadano.com\/italia\/it\/tecnologia\/tecnologie-per-lambiente-e-il-clima\/\",\"name\":\"Tecnologie per l'ambiente e il clima - Italy\",\"isPartOf\":{\"@id\":\"https:\/\/www.tadano.com\/italia\/it\/#website\"},\"datePublished\":\"2021-12-10T11:29:05+00:00\",\"dateModified\":\"2022-01-11T09:17:31+00:00\",\"inLanguage\":\"it-IT\",\"potentialAction\":[{\"@type\":\"ReadAction\",\"target\":[\"https:\/\/www.tadano.com\/italia\/it\/tecnologia\/tecnologie-per-lambiente-e-il-clima\/\"]}]},{\"@type\":\"WebSite\",\"@id\":\"https:\/\/www.tadano.com\/italia\/it\/#website\",\"url\":\"https:\/\/www.tadano.com\/italia\/it\/\",\"name\":\"Italy\",\"description\":\"Just another TADANO EUROPE site\",\"potentialAction\":[{\"@type\":\"SearchAction\",\"target\":{\"@type\":\"EntryPoint\",\"urlTemplate\":\"https:\/\/www.tadano.com\/italia\/it\/?s={search_term_string}\"},\"query-input\":\"required name=search_term_string\"}],\"inLanguage\":\"it-IT\"}]}<\/script>\n<!-- \/ Yoast SEO plugin. -->","yoast_head_json":{"title":"Tecnologie per l'ambiente e il clima - Italy","robots":{"index":"index","follow":"follow","max-snippet":"max-snippet:-1","max-image-preview":"max-image-preview:large","max-video-preview":"max-video-preview:-1"},"canonical":"https:\/\/www.tadano.com\/italia\/it\/tecnologia\/tecnologie-per-lambiente-e-il-clima\/","og_locale":"it_IT","og_type":"article","og_title":"Tecnologie per l'ambiente e il clima - Italy","og_description":"Ricerca tecnologie Le tecnologie Tadano, in grado di abbattere i consumi e le emissioni, riducono la formazione di gas serra e di inquinanti e minimizzano, in molti casi, anche i costi operativi.","og_url":"https:\/\/www.tadano.com\/italia\/it\/tecnologia\/tecnologie-per-lambiente-e-il-clima\/","og_site_name":"Italy","article_modified_time":"2022-01-11T09:17:31+00:00","twitter_card":"summary_large_image","twitter_misc":{"Tempo di lettura stimato":"1 minuto"},"schema":{"@context":"https:\/\/schema.org","@graph":[{"@type":"WebPage","@id":"https:\/\/www.tadano.com\/italia\/it\/tecnologia\/tecnologie-per-lambiente-e-il-clima\/","url":"https:\/\/www.tadano.com\/italia\/it\/tecnologia\/tecnologie-per-lambiente-e-il-clima\/","name":"Tecnologie per l'ambiente e il clima - Italy","isPartOf":{"@id":"https:\/\/www.tadano.com\/italia\/it\/#website"},"datePublished":"2021-12-10T11:29:05+00:00","dateModified":"2022-01-11T09:17:31+00:00","inLanguage":"it-IT","potentialAction":[{"@type":"ReadAction","target":["https:\/\/www.tadano.com\/italia\/it\/tecnologia\/tecnologie-per-lambiente-e-il-clima\/"]}]},{"@type":"WebSite","@id":"https:\/\/www.tadano.com\/italia\/it\/#website","url":"https:\/\/www.tadano.com\/italia\/it\/","name":"Italy","description":"Just another TADANO EUROPE site","potentialAction":[{"@type":"SearchAction","target":{"@type":"EntryPoint","urlTemplate":"https:\/\/www.tadano.com\/italia\/it\/?s={search_term_string}"},"query-input":"required name=search_term_string"}],"inLanguage":"it-IT"}]}},"_links":{"self":[{"href":"https:\/\/www.tadano.com\/italia\/it\/wp-json\/wp\/v2\/pages\/5210"}],"collection":[{"href":"https:\/\/www.tadano.com\/italia\/it\/wp-json\/wp\/v2\/pages"}],"about":[{"href":"https:\/\/www.tadano.com\/italia\/it\/wp-json\/wp\/v2\/types\/page"}],"author":[{"embeddable":true,"href":"https:\/\/www.tadano.com\/italia\/it\/wp-json\/wp\/v2\/users\/3"}],"replies":[{"embeddable":true,"href":"https:\/\/www.tadano.com\/italia\/it\/wp-json\/wp\/v2\/comments?post=5210"}],"version-history":[{"count":2,"href":"https:\/\/www.tadano.com\/italia\/it\/wp-json\/wp\/v2\/pages\/5210\/revisions"}],"predecessor-version":[{"id":10063,"href":"https:\/\/www.tadano.com\/italia\/it\/wp-json\/wp\/v2\/pages\/5210\/revisions\/10063"}],"up":[{"embeddable":true,"href":"https:\/\/www.tadano.com\/italia\/it\/wp-json\/wp\/v2\/pages\/706"}],"wp:attachment":[{"href":"https:\/\/www.tadano.com\/italia\/it\/wp-json\/wp\/v2\/media?parent=5210"}],"curies":[{"name":"wp","href":"https:\/\/api.w.org\/{rel}","templated":true}]}}