{"id":559,"date":"2021-04-07T08:59:15","date_gmt":"2021-04-07T08:59:15","guid":{"rendered":"https:\/\/www.tadano.com\/italia\/attrezzature-di-sollevamento\/gru-city\/"},"modified":"2024-11-08T12:30:50","modified_gmt":"2024-11-08T12:30:50","slug":"gru-city","status":"publish","type":"page","link":"https:\/\/www.tadano.com\/italia\/it\/gru-city\/","title":{"rendered":"Gru City"},"content":{"rendered":"\n\n\n<section class=\"hero-section\">\n\n\t\n\t\n\t\n\t<div class=\"img-holder \">\n\t\t\t\t<div class=\"bg-stretch\" style=\"background-position: 50% 50%; \">\n\t\t\t<span data-srcset=\"https:\/\/assets.onetadano.com\/celum_assets\/hero\/TDN+AC+3.045-1+CITY+street+view+parking.jpg, https:\/\/assets.onetadano.com\/celum_assets\/hero-2x\/TDN+AC+3.045-1+CITY+street+view+parking.jpg 2x\"><\/span>\n\t\t<\/div>\n\t\t\t\t\t\t<div class=\"logo green-solutions\" style=\"display:none;\">\n\t\t\t<a href=\"#\"><img decoding=\"async\" src=\"https:\/\/www.tadano.com\/italia\/wp-content\/themes\/tadano\/assets\/dist\/images\/Green-Solutions_Logo_White.svg\"><\/a>\n\t\t<\/div>\n\t<\/div>\n\t<div class=\"container\">\n\t\t<div class=\"text-holder \">\n\t\t\t<div class=\"wrap\">\n\t\t\t\t\n\t\t\t\t<ul class=\"breadcrumbs\"><li><a href=\"https:\/\/www.tadano.com\/italia\/it\/\">Homepage<\/a><\/li><\/ul>\n\t\t\t\t\n\n<h1 class=\"wp-block-heading\">Gru City<\/h1>\n\n\n<div class=\"read-more-block\" id=\"read-more-1\">\n\n    <style type=\"text\/css\">\n        .read-more-block {\n            margin-bottom: 20px;\n        }\n        .read-more__content {\n            position: relative;\n            z-index: 1;\n            max-height: 160px;\n            overflow: hidden;\n            transition: max-height 2.15s ease-in;\n        }\n        .read-more__overlay {\n            position: absolute;\n            bottom: 0;\n            left: 0;\n            width: 100%;\n            height: 80px;\n            background-image: linear-gradient(transparent, #fff);\n            z-index: 2;\n        }\n        .read-more__button {\n            width: 100%;\n        }\n        .read-more__button a {\n            color: #02377a;\n        }\n        .read-more__button a svg {\n            margin-right: 4px;\n        }\n            \n    <\/style>\n\n    <div class=\"read-more__content\">\n        \n\n<p>La gru AC 3.045-1 City di Tadano \u00e8 la soluzione ideale per i cantieri urbani grazie al suo design compatto e alla grande flessibilit\u00e0 operativa. Il suo braccio corto consente di lavorare con angoli stretti, mentre il sistema di posizionamento degli stabilizzatori Flex Base offre una stabilit\u00e0 superiore su terreni irregolari. Inoltre, il sistema opzionale E-Pack consente un funzionamento completamente elettrico e a zero emissioni, rendendo questa gru perfetta per progetti in aree sensibili all&#8217;ambiente. Con un\u2019eccellente manovrabilit\u00e0 e una cabina ergonomica che assicura il massimo comfort, la AC 3.045-1 \u00e8 progettata per garantire prestazioni elevate anche negli spazi pi\u00f9 ristretti.<\/p>\n\n\n        <div class=\"read-more__overlay\"><\/div>\n    <\/div>\n    <div class=\"read-more__button\">\n        <a href=\"javascript:showMore('read-more-1')\">\n            <svg width=\"18\" height=\"11\" viewBox=\"0 0 18 11\" fill=\"none\" xmlns=\"http:\/\/www.w3.org\/2000\/svg\">\n                <path d=\"M1.01543 0L0 1.01543L9 10.0154L18 1.01543L16.9846 0L9 7.98457L1.01543 0Z\" fill=\"#162F6F\"\/>\n            <\/svg>\n            Scopri di pi\u00f9 \n        <\/a>\n     <\/div>\n\n     <script type=\"text\/javascript\">\n        function showMore(id) {\n            var content = document.getElementById(id).querySelector('.read-more__content');\n            var overlay = document.getElementById(id).querySelector('.read-more__overlay');\n            var button = document.getElementById(id).querySelector('.read-more__button');\n            content.style.maxHeight = '2000px';\n            overlay.style.display = 'none';\n            button.style.opacity = '0';\n        }\n    <\/script>\n<\/div>\n\n\n\n<div class=\"wp-block-buttons is-layout-flex wp-block-buttons-is-layout-flex\">\n<div class=\"wp-block-button is-style-btn-outline\"><a class=\"wp-block-button__link wp-element-button\" href=\"https:\/\/www.tadano.com\/italia\/it\/panoramica-dei-prodotti\/\">Visualizza tutti i prodotti<\/a><\/div>\n<\/div>\n\n\n\n\t\t\t\t\n\t\t\t<\/div>\n\n\t\t\t\n\t\t\t\n\t\t\t\n\t\t<\/div>\n\t<\/div>\n<\/section>\n\n\n<section class=\"product-compare\" id=\"product-compare\" style=\"display: none;\">\n\t<div class=\"container\">\n\t\t<h2>Confronta i prodotti<\/h2>\n\t\t<div class=\"compare-products\">\n\t\t\t<div class=\"compare-container\">\n\t\t\t\t<label for=\"product-1\" class=\"hidden\">Seleziona un prodotto<\/label>\n\t\t\t\t<input type=\"hidden\" id=\"current_lang\" value=\"it\">\n\t\t\t\t<input type=\"hidden\" id=\"current_site_id\" value=\"7\">\n\t\t\t\t<input type=\"hidden\" id=\"current_term_id\" value=\"6\">\n\t\t\t\t<ul id=\"product-1\" class=\"bh-sl-filters\">\n\t\t\t\t\t<select data-compare-id=\"1\">\n\t\t\t\t\t\t<option value=\"\">Seleziona un prodotto<\/option>\n\t\t\t\t\t\t\t\t\t\t\t\t\t\t<option value=\"5046\">AC 3.045-1 City<\/option>\n\t\t\t\t\t\t\t\t\t\t\t\t\t<\/select>\n\t\t\t\t<\/ul>\n\t\t\t\t<div class=\"loader result-loader-1\"><\/div>\n\t\t\t\t<div class=\"result result-1\"><\/div>\n\t\t\t<\/div>\n\t\t\t<div class=\"compare-container\">\n\t\t\t\t<label for=\"product-2\" class=\"hidden\">Seleziona un prodotto<\/label>\n\t\t\t\t<ul id=\"product-2\" class=\"bh-sl-filters\">\n\t\t\t\t\t<select data-compare-id=\"2\">\n\t\t\t\t\t\t<option value=\"\">Seleziona un prodotto<\/option>\n\t\t\t\t\t\t\t\t\t\t\t\t\t\t<option value=\"5046\">AC 3.045-1 City<\/option>\n\t\t\t\t\t\t\t\t\t\t\t\t\t<\/select>\n\t\t\t\t<\/ul>\n\t\t\t\t<div class=\"loader result-loader-2\"><\/div>\n\t\t\t\t<div class=\"result result-2\"><\/div>\n\t\t\t<\/div>\n\t\t<\/div>\n\t<\/div>\n<\/section>\n\n\n\n    <div class=\"products-hide-filtering \">\n                <input type=\"hidden\" id=\"filterAxles\" value=\"\"\/>\n        <input type=\"hidden\" id=\"filterMaxLoad\" value=\"\"\/>\n        <input type=\"hidden\" id=\"filterBoomLength\" value=\"1\"\/>\n        <input type=\"hidden\" id=\"filterTipHeight\" value=\"\"\/>\n        <input type=\"hidden\" id=\"filterManufacturingYear\" value=\"\"\/>\n        <input type=\"hidden\" id=\"filterCategory\" value=\"\"\/>\n                <input type=\"hidden\" id=\"filterLegacyStatus\" value=\"\"\/>\n        <input type=\"hidden\" id=\"displayFilter\" value=\"1\"\/>\n        <!-- REFINE AREA START -->\n                    <section class=\"filter-refine\">\n                <form action=\"#\">\n                    <div class=\"container\">\n                        <div class=\"left\">\n                                                            <strong class=\"title\">Perfeziona la tua ricerca:<\/strong>\n                                                                                        <ul class=\"tabset-filter\">\n                                                                                                                                                                                        <li><a href=\"#boom-length\"><span>Lunghezza braccio<\/span><\/a><\/li>\n                                                                                                                                                                                <\/ul>\n                                <div class=\"tab-content product-tab-content\">\n                                                                                                                                                                                        <div class=\"tab-refine\" id=\"boom-length\">\n                                                                                                                                            <div class=\"tab-refine-wrapper scaled scaled-met\"\n                                                    id=\"boom-length-met\">\n                                                    <strong class=\"sub-title\">Lunghezza braccio<\/strong>\n                                                    <div class=\"range-holder\">\n                                                        <label for=\"range_boomlength_met\"\n                                                            class=\"hidden\">Gamma di lunghezza del braccio<\/label>\n                                                        <input step=\"1\"\n                                                            value=\"31,32\"\n                                                            type=\"range\" multiple id=\"range_boomlength_met\"\n                                                            min=\"31\"\n                                                            max=\"32\">\n                                                        <div class=\"range-values\">\n                                                            <span>31.2 m<\/span>\n                                                            <span>31.2 m<\/span>\n                                                        <\/div>\n                                                    <\/div>\n                                                <\/div>\n                                                                                                                                                                                            <div class=\"tab-refine-wrapper scaled scaled-imp\"\n                                                    id=\"boom-length-imp\">\n                                                    <strong class=\"sub-title\">Lunghezza braccio<\/strong>\n                                                    <div class=\"range-holder\">\n                                                        <label for=\"range_boomlength_imp\"\n                                                            class=\"hidden\">Gamma di lunghezza del braccio<\/label>\n                                                        <input step=\"1\"\n                                                            value=\"145,145\"\n                                                            type=\"range\" multiple id=\"range_boomlength_imp\"\n                                                            min=\"145\"\n                                                            max=\"145\">\n                                                        <div class=\"range-values\">\n                                                            <span>145.0 ft<\/span>\n                                                            <span>145.0 ft<\/span>\n                                                        <\/div>\n                                                    <\/div>\n                                                <\/div>\n                                                                                                                                    <\/div>\n                                                                                                                                                                                <\/div>\n\n                                \n                            \n\n                        <\/div>\n                        <div class=\"right\">\n                                                        <div class=\"radio\">\n                                                                    <label for=\"met\" class=\"met\">\n                                        <input type=\"radio\" name=\"filterScale\" id=\"met\" value=\"met\">\n                                        <span class=\"fake-radio\"><\/span>\n                                        <span class=\"fake-label\">Metrico<\/span>\n                                    <\/label>\n                                    <label for=\"imp\" class=\"imp\">\n                                        <input type=\"radio\" name=\"filterScale\" id=\"imp\" value=\"imp\" >\n                                        <span class=\"fake-radio\"><\/span>\n                                        <span class=\"fake-label\">Imperiale<\/span>\n                                    <\/label>\n                                    \n                            <\/div>\n                        <\/div>\n                    <\/div>\n                <\/form>\n            <\/section>\n                <!-- REFINE AREA END -->\n\n                <div class=\"all-results \" >\n            <section class=\"filter-content\">\n                <div class=\"container\">\n                    <div class=\"no-results\">\n                        <h2>Spiacente, non \u00e8 stato trovato nulla \ud83d\ude14<\/h2>\n                        <p>Per favore, aggiusta la sua ricerca. <\/p>\n                    <\/div>\n                                                <h2>Gru City<\/h2>\n                           \n                        <div class=\"filter-compare used-cranes\">\n                            \n<div class=\"product-filter-item\" \n            data-product-id=\"5046\"\n                    data-product-axles=\"3\"\n                                        data-product-boomlength-met=\"31.2\"\n                data-product-boomlength-imp=\"145\"\n                data-product-tipheight-met=\"46\"\n                data-product-tipheight-imp=\"141.7\"\n            >\n    <div class=\"compare-single \">\n\n                            <div class=\"green-solutions\">\n                <img decoding=\"async\" src=\"https:\/\/www.tadano.com\/italia\/wp-content\/themes\/tadano\/assets\/dist\/images\/Green-Solutions_Logo_Color.svg\">\n                            <\/div>\n                <div class=\"img-holder\">\n                            <div class=\"bg-stretch\" >\n                    <span data-srcset=\"https:\/\/mediahub.tadano.com\/m\/25047804cba4e93b\/img_thumb-img_tadano_AC3045CITY_Sideview.png, https:\/\/mediahub.tadano.com\/m\/25047804cba4e93b\/img_thumb_2x-img_tadano_AC3045CITY_Sideview.png 2x\"><\/span>\n                <\/div>\n                                <\/div>\n        <div class=\"opener-wrap\">\n                            <a href=\"https:\/\/www.tadano.com\/italia\/it\/attrezzature-di-sollevamento\/gru-city\/ac-3-045-1-city\/\" class=\"opener\">\n                    AC 3.045-1 City                                    <\/a>\n                    <\/div>\n        <div class=\"text-block\">\n                            <div class=\"heading\">\n                    <h3>AC 3.045-1 City<\/h3>\n                                            <a href=\"https:\/\/mediahub.tadano.com\/m\/408382246333bbac\/original\/doc_tadano_AC3045-1-City_datasheet_metric_en_de_fr_it_es_pt_ru.pdf\" class=\"specs\">Scheda tecnica<\/a>\n                                    <\/div>\n            \n                                    <ul class=\"scaled scaled-met\">\n                                                                                                                            <li><strong>Lunghezza del braccio principale:<\/strong> 31.2 m<\/li>\n                                                                                                    <li><strong>Estensione del braccio:<\/strong> 1.1 m \/ 7.1 m &#8211; 13 m<\/li>\n                                                                                                    <li><strong>Altezza massima della punta:<\/strong> 46 m<\/li>\n                                                                                    \n                    <\/ul>\n                                    <ul class=\"scaled scaled-imp\">\n                                                                                                                            <li><strong>Lunghezza del braccio principale:<\/strong> 145.0 ft<\/li>\n                                                                                                    <li><strong>Estensione del braccio:<\/strong> 3.6 ft \/ 23.2 ft &#8211; 42.6 ft<\/li>\n                                                                                                    <li><strong>Altezza massima della punta:<\/strong> 141.7 ft<\/li>\n                                                                                    \n                    <\/ul>\n                                    <\/div>\n        <ul class=\"btn-list\">\n                        <li>\n                                <a href=\"https:\/\/www.tadano.com\/italia\/it\/attrezzature-di-sollevamento\/gru-city\/ac-3-045-1-city\/\" class=\"btn-details\">\n                    <span class=\"mobile-only\">Dettagli<\/span>\n                    <span class=\"desktop-only\">Ulteriori informazioni<\/span>\n                <\/a>\n            <\/li>\n            \n                                <li class=\"scaled-metric\">\n                        <a href=\"https:\/\/mediahub.tadano.com\/m\/408382246333bbac\/original\/doc_tadano_AC3045-1-City_datasheet_metric_en_de_fr_it_es_pt_ru.pdf\" class=\"btn-specs\" >\n                            <span class=\"mobile-only\">Specifiche<\/span>\n                            <span class=\"desktop-only\">Scheda tecnica<\/span>\n                        <\/a>\n                    <\/li>\n\n                                                <li class=\"scaled-imperial\">\n                                <a href=\"https:\/\/mediahub.tadano.com\/m\/72119b49437570f8\/original\/doc_tadano_AC3045-1-City_datasheet_imperial_en.pdf\" class=\"btn-specs\" >\n                                    <span class=\"mobile-only\">Specifiche<\/span>\n                                    <span class=\"desktop-only\">Scheda tecnica<\/span>\n                                <\/a>\n                            <\/li>\n                        \n                \n            \n            \n            \n\n        <\/ul>\n    <\/div><!-- end compare single -->\n<\/div><!-- end product filter item -->                        <\/div><!-- end filter compare -->\n\n                                    <\/section>\n        <\/div>\n    <\/div>\n\n\n<section class=\"new-products\">\n  <div class=\"container\">\n    <h2>Nuovi prodotti<\/h2>\n    <div class=\"new-products-hold\">\n                                  <div class=\"new-product-single\">\n            <a href=\"https:\/\/www.tadano.com\/italia\/it\/attrezzature-di-sollevamento\/gru-multistrada\/ac-5-250l-2\/\">\n              <div class=\"img-holder\">\n                                <div class=\"bg-stretch\" >\n                  <span data-srcset=\"https:\/\/mediahub.tadano.com\/m\/3030b5811b8aa0e8\/employee-img_tadano_AC5250L-2_cutout_side.png, https:\/\/mediahub.tadano.com\/m\/3030b5811b8aa0e8\/employee_2x-img_tadano_AC5250L-2_cutout_side.png 2x\"><\/span>\n                <\/div>\n                              <\/div>\n              <div class=\"text-block\">\n                <strong class=\"title\">AC 5.250L-2<\/strong>\n                <span class=\"category\">\n                                  <\/span>\n              <\/div>\n            <\/a>\n          <\/div>\n                            <div class=\"new-product-single\">\n            <a href=\"https:\/\/www.tadano.com\/italia\/it\/attrezzature-di-sollevamento\/cru-cingolate\/cc-78-1250-1\/\">\n              <div class=\"img-holder\">\n                                <div class=\"bg-stretch\" >\n                  <span data-srcset=\"https:\/\/mediahub.tadano.com\/m\/66ee5e28b8e2e436\/employee-img_tadano_CC781250_cuout_side.png, https:\/\/mediahub.tadano.com\/m\/66ee5e28b8e2e436\/employee_2x-img_tadano_CC781250_cuout_side.png 2x\"><\/span>\n                <\/div>\n                              <\/div>\n              <div class=\"text-block\">\n                <strong class=\"title\">CC 78.1250-1<\/strong>\n                <span class=\"category\">\n                                  <\/span>\n              <\/div>\n            <\/a>\n          <\/div>\n                            <div class=\"new-product-single\">\n            <a href=\"https:\/\/www.tadano.com\/italia\/it\/attrezzature-di-sollevamento\/piattaforme-aeree-semoventi\/octoplus-30\/\">\n              <div class=\"img-holder\">\n                                <div class=\"bg-stretch\" >\n                  <span data-srcset=\"https:\/\/mediahub.tadano.com\/m\/33d8dd62c73a0632\/employee-img_oilandsteel_octoplus30_cutout_side.png, https:\/\/mediahub.tadano.com\/m\/33d8dd62c73a0632\/employee_2x-img_oilandsteel_octoplus30_cutout_side.png 2x\"><\/span>\n                <\/div>\n                              <\/div>\n              <div class=\"text-block\">\n                <strong class=\"title\">Octoplus 30<\/strong>\n                <span class=\"category\">\n                                  <\/span>\n              <\/div>\n            <\/a>\n          <\/div>\n                  <\/div>\n  <\/div>\n<\/section>","protected":false},"excerpt":{"rendered":"","protected":false},"author":1,"featured_media":0,"parent":0,"menu_order":0,"comment_status":"closed","ping_status":"closed","template":"","meta":{"_acf_changed":false,"footnotes":""},"acf":[],"yoast_head":"<!-- This site is optimized with the Yoast SEO plugin v22.3 - https:\/\/yoast.com\/wordpress\/plugins\/seo\/ -->\n<title>Gru City - Italy<\/title>\n<meta name=\"robots\" content=\"index, follow, max-snippet:-1, max-image-preview:large, max-video-preview:-1\" \/>\n<link rel=\"canonical\" href=\"https:\/\/www.tadano.com\/italia\/it\/gru-city\/\" \/>\n<meta property=\"og:locale\" content=\"it_IT\" \/>\n<meta property=\"og:type\" content=\"article\" \/>\n<meta property=\"og:title\" content=\"Gru City - Italy\" \/>\n<meta property=\"og:url\" content=\"https:\/\/www.tadano.com\/italia\/it\/gru-city\/\" \/>\n<meta property=\"og:site_name\" content=\"Italy\" \/>\n<meta property=\"article:modified_time\" content=\"2024-11-08T12:30:50+00:00\" \/>\n<meta name=\"twitter:card\" content=\"summary_large_image\" \/>\n<meta name=\"twitter:label1\" content=\"Tempo di lettura stimato\" \/>\n\t<meta name=\"twitter:data1\" content=\"1 minuto\" \/>\n<script type=\"application\/ld+json\" class=\"yoast-schema-graph\">{\"@context\":\"https:\/\/schema.org\",\"@graph\":[{\"@type\":\"WebPage\",\"@id\":\"https:\/\/www.tadano.com\/italia\/it\/gru-city\/\",\"url\":\"https:\/\/www.tadano.com\/italia\/it\/gru-city\/\",\"name\":\"Gru City - Italy\",\"isPartOf\":{\"@id\":\"https:\/\/www.tadano.com\/italia\/it\/#website\"},\"datePublished\":\"2021-04-07T08:59:15+00:00\",\"dateModified\":\"2024-11-08T12:30:50+00:00\",\"inLanguage\":\"it-IT\",\"potentialAction\":[{\"@type\":\"ReadAction\",\"target\":[\"https:\/\/www.tadano.com\/italia\/it\/gru-city\/\"]}]},{\"@type\":\"WebSite\",\"@id\":\"https:\/\/www.tadano.com\/italia\/it\/#website\",\"url\":\"https:\/\/www.tadano.com\/italia\/it\/\",\"name\":\"Italy\",\"description\":\"Just another TADANO EUROPE site\",\"potentialAction\":[{\"@type\":\"SearchAction\",\"target\":{\"@type\":\"EntryPoint\",\"urlTemplate\":\"https:\/\/www.tadano.com\/italia\/it\/?s={search_term_string}\"},\"query-input\":\"required name=search_term_string\"}],\"inLanguage\":\"it-IT\"}]}<\/script>\n<!-- \/ Yoast SEO plugin. -->","yoast_head_json":{"title":"Gru City - Italy","robots":{"index":"index","follow":"follow","max-snippet":"max-snippet:-1","max-image-preview":"max-image-preview:large","max-video-preview":"max-video-preview:-1"},"canonical":"https:\/\/www.tadano.com\/italia\/it\/gru-city\/","og_locale":"it_IT","og_type":"article","og_title":"Gru City - Italy","og_url":"https:\/\/www.tadano.com\/italia\/it\/gru-city\/","og_site_name":"Italy","article_modified_time":"2024-11-08T12:30:50+00:00","twitter_card":"summary_large_image","twitter_misc":{"Tempo di lettura stimato":"1 minuto"},"schema":{"@context":"https:\/\/schema.org","@graph":[{"@type":"WebPage","@id":"https:\/\/www.tadano.com\/italia\/it\/gru-city\/","url":"https:\/\/www.tadano.com\/italia\/it\/gru-city\/","name":"Gru City - Italy","isPartOf":{"@id":"https:\/\/www.tadano.com\/italia\/it\/#website"},"datePublished":"2021-04-07T08:59:15+00:00","dateModified":"2024-11-08T12:30:50+00:00","inLanguage":"it-IT","potentialAction":[{"@type":"ReadAction","target":["https:\/\/www.tadano.com\/italia\/it\/gru-city\/"]}]},{"@type":"WebSite","@id":"https:\/\/www.tadano.com\/italia\/it\/#website","url":"https:\/\/www.tadano.com\/italia\/it\/","name":"Italy","description":"Just another TADANO EUROPE site","potentialAction":[{"@type":"SearchAction","target":{"@type":"EntryPoint","urlTemplate":"https:\/\/www.tadano.com\/italia\/it\/?s={search_term_string}"},"query-input":"required name=search_term_string"}],"inLanguage":"it-IT"}]}},"_links":{"self":[{"href":"https:\/\/www.tadano.com\/italia\/it\/wp-json\/wp\/v2\/pages\/559"}],"collection":[{"href":"https:\/\/www.tadano.com\/italia\/it\/wp-json\/wp\/v2\/pages"}],"about":[{"href":"https:\/\/www.tadano.com\/italia\/it\/wp-json\/wp\/v2\/types\/page"}],"author":[{"embeddable":true,"href":"https:\/\/www.tadano.com\/italia\/it\/wp-json\/wp\/v2\/users\/1"}],"replies":[{"embeddable":true,"href":"https:\/\/www.tadano.com\/italia\/it\/wp-json\/wp\/v2\/comments?post=559"}],"version-history":[{"count":4,"href":"https:\/\/www.tadano.com\/italia\/it\/wp-json\/wp\/v2\/pages\/559\/revisions"}],"predecessor-version":[{"id":10256,"href":"https:\/\/www.tadano.com\/italia\/it\/wp-json\/wp\/v2\/pages\/559\/revisions\/10256"}],"wp:attachment":[{"href":"https:\/\/www.tadano.com\/italia\/it\/wp-json\/wp\/v2\/media?parent=559"}],"curies":[{"name":"wp","href":"https:\/\/api.w.org\/{rel}","templated":true}]}}