{"id":661,"date":"2021-05-19T14:23:30","date_gmt":"2021-05-19T14:23:30","guid":{"rendered":"https:\/\/www.tadano.com\/italia\/informazioni\/filiera-fornitori\/cartright\/"},"modified":"2024-03-18T10:50:20","modified_gmt":"2024-03-18T10:50:20","slug":"supplier-portal","status":"publish","type":"page","link":"https:\/\/www.tadano.com\/italia\/it\/informazioni\/filiera-fornitori\/supplier-portal\/","title":{"rendered":"Portale Dei Fornitori"},"content":{"rendered":"\n\n\n<section class=\"hero-section-alt2\">\n\n\t\n\t\t\t<style type=\"text\/css\">\n\t\t\t.hero-section .img-holder:before {\n\t\t\t\tdisplay: none;\n\t\t\t}\n\t\t<\/style>\n\t\n\t\n\t<div class=\"img-holder \">\n\t\t\t\t<div class=\"bg-stretch\" style=\"background-position: 50% 50%; \">\n\t\t\t<span data-srcset=\"https:\/\/www.tadano.com\/italia\/wp-content\/uploads\/sites\/7\/2021\/08\/Monitor-TomTom-und-Smartphone-1200x725.png, https:\/\/www.tadano.com\/italia\/wp-content\/uploads\/sites\/7\/2021\/08\/Monitor-TomTom-und-Smartphone.png 2x\"><\/span>\n\t\t<\/div>\n\t\t\t\t\t\t<div class=\"logo green-solutions\" style=\"display:none;\">\n\t\t\t<a href=\"#\"><img decoding=\"async\" src=\"https:\/\/www.tadano.com\/italia\/wp-content\/themes\/tadano\/assets\/dist\/images\/Green-Solutions_Logo_White.svg\"><\/a>\n\t\t<\/div>\n\t<\/div>\n\t<div class=\"container\">\n\t\t<div class=\"text-holder \">\n\t\t\t<div class=\"wrap\">\n\t\t\t\t\n\t\t\t\t<ul class=\"breadcrumbs\"><li><a href=\"https:\/\/www.tadano.com\/italia\/it\/\">Homepage<\/a><\/li><\/ul>\n\t\t\t\t\n\n<h1 class=\"wp-block-heading\">portale dei fornitori<\/h1>\n\n\n\n<p>Dal punto di vista logistico l&#8217;esigenza di collegare in rete fornitori e destinatari di merci \u00e8 costantemente in crescita quando si tratta di mercati di approvvigionamento globali.<\/p>\n\n\n\n<div class=\"wp-block-buttons is-layout-flex wp-block-buttons-is-layout-flex\">\n<div class=\"wp-block-button\"><a class=\"wp-block-button__link wp-element-button\" href=\"https:\/\/supplier-logistics.global.www.tadano.com\" target=\"_blank\" rel=\"noreferrer noopener\">accesso al portale fornitori<\/a><\/div>\n\n\n\n<div class=\"wp-block-button\"><a class=\"wp-block-button__link wp-element-button\" href=\"https:\/\/www.tadano.com\/italia\/it\/questionario-sullo-scambio-elettronico-di-dati\/\">Registrati ora<\/a><\/div>\n<\/div>\n\n\n\n\t\t\t\t\n\t\t\t<\/div>\n\n\t\t\t\n\t\t\t\n\t\t\t\n\t\t<\/div>\n\t<\/div>\n<\/section>\n\n\n<div class=\"wp-block-group is-style-background-white is-layout-flow wp-block-group-is-layout-flow\"><div class=\"wp-block-group__inner-container\">\n<h2 class=\"wp-block-heading\">Che cos&#8217;\u00e8 portale dei fornitori?<\/h2>\n\n\n\n<p>Portale dei fornitori \u00e8 una piattaforma software basata sul web che rende i processi di acquisto e logistica pi\u00f9 veloci, pi\u00f9 trasparenti e pi\u00f9 efficienti in termini di risorse. Questo obiettivo viene raggiunto rendendo tutti i dati di trasporto rilevanti disponibili agli stabilimenti Tadano, ai fornitori e agli spedizionieri tramite un&#8217;interfaccia standardizzata e omogenea. I fornitori possono utilizzare Tadano portale dei fornitori come strumento di notifica per registrare le loro spedizioni con lo spedizioniere. L&#8217;utilizzo di portale dei fornitori consente una stretta collaborazione con i partner lungo la filiera di fornitori per garantire uno scambio di informazioni affidabile e una cooperazione di qualit\u00e0 e a lungo termine.<\/p>\n<\/div><\/div>\n\n\n\n<div class=\"wp-block-group is-style-background-cyan is-layout-flow wp-block-group-is-layout-flow\"><div class=\"wp-block-group__inner-container\">\n<p><strong>Quali vantaggi offre portale dei fornitori?<\/strong><\/p>\n\n\n\n<div class=\"wp-block-columns is-layout-flex wp-container-core-columns-layout-1 wp-block-columns-is-layout-flex\">\n<div class=\"wp-block-column is-layout-flow wp-block-column-is-layout-flow\" style=\"flex-basis:66.66%\">\n<ul>\n<li>Comunicazione tramite una piattaforma centrale con diversi stabilimenti in tutto il Gruppo Tadano<\/li>\n\n\n\n<li>Maggiore trasparenza riguardo allo stato attuale degli ordini aperti e in scadenza<\/li>\n\n\n\n<li>Notifica automatica allo spedizioniere<\/li>\n\n\n\n<li>Documentazione centralizzata delle quantit\u00e0 previste rispetto a quelle effettive<\/li>\n\n\n\n<li>Gestione pi\u00f9 rapida e trasparente dei contenitori vuoti grazie alla gestione integrata dei vuoti<\/li>\n\n\n\n<li>Gestione integrata dei resi<\/li>\n<\/ul>\n\n\n\n<p><\/p>\n<\/div>\n<\/div>\n<\/div><\/div>\n\n\n\n<div class=\"wp-block-group is-style-background-white is-layout-flow wp-block-group-is-layout-flow\"><div class=\"wp-block-group__inner-container\">\n<h2 class=\"wp-block-heading\">portale dei fornitori pu\u00f2 interagire con il tuo sistema ERP?<\/h2>\n\n\n\n<p>Portale dei fornitori trasferisce i dati in tempo reale in modo da semplificare la comunicazione tra programmi software e piattaforme. Pu\u00f2 collegarsi direttamente al tuo sistema ERP, consentendoti di conservare tutti i dati relativi al processo di ordinazione che sono indispensabili senza al contempo dover ricorrere a processi di notifica che farebbero perder tempo. L&#8217;interfaccia basata su web \u00e8 molto intuitiva e permette di utilizzarla facilmente in modalit\u00e0 manuale quando lo si desidera, anche se molti processi possono essere automatizzati per risparmiare tempo e costi. I documenti rilevanti possono essere importati direttamente in portale dei fornitori, eliminando inutili scartoffie, rendendo pi\u00f9 facile la gestione e contribuendo a preservare l&#8217;ambiente. <strong>La sicurezza dei tuoi dati \u00e8 fondamentale per tutti noi; la protezione dei dati \u00e8 una priorit\u00e0 assoluta quando si usa portale dei fornitori.<\/strong><\/p>\n\n\n\n<h2 class=\"wp-block-heading\">Chi pu\u00f2 usare portale dei fornitori?<\/h2>\n\n\n\n<p>Per registrarti come fornitore con portale dei fornitori \u00e8 sufficiente che tu abbia in corso una relazione commerciale con TADANO. <\/p>\n\n\n\n<div class=\"wp-block-buttons is-layout-flex wp-block-buttons-is-layout-flex\">\n<div class=\"wp-block-button\"><a class=\"wp-block-button__link wp-element-button\" href=\"https:\/\/supplier-logistics.global.www.tadano.com\" target=\"_blank\" rel=\"noreferrer noopener\"><strong>accesso al portale fornitori<\/strong><\/a><\/div>\n<\/div>\n<\/div><\/div>\n","protected":false},"excerpt":{"rendered":"<p>Che cos&#8217;\u00e8 portale dei fornitori? Portale dei fornitori \u00e8 una piattaforma software basata sul web che rende i processi di acquisto e logistica pi\u00f9 veloci, pi\u00f9 trasparenti e pi\u00f9 efficienti in termini di risorse. Questo obiettivo viene raggiunto rendendo tutti i dati di trasporto rilevanti disponibili agli stabilimenti Tadano, ai fornitori e agli spedizionieri tramite [&hellip;]<\/p>\n","protected":false},"author":1,"featured_media":0,"parent":635,"menu_order":0,"comment_status":"closed","ping_status":"closed","template":"","meta":{"_acf_changed":false,"footnotes":""},"acf":[],"yoast_head":"<!-- This site is optimized with the Yoast SEO plugin v22.3 - https:\/\/yoast.com\/wordpress\/plugins\/seo\/ -->\n<title>Portale Dei Fornitori - Italy<\/title>\n<meta name=\"robots\" content=\"index, follow, max-snippet:-1, max-image-preview:large, max-video-preview:-1\" \/>\n<link rel=\"canonical\" href=\"https:\/\/www.tadano.com\/italia\/it\/informazioni\/filiera-fornitori\/supplier-portal\/\" \/>\n<meta property=\"og:locale\" content=\"it_IT\" \/>\n<meta property=\"og:type\" content=\"article\" \/>\n<meta property=\"og:title\" content=\"Portale Dei Fornitori - Italy\" \/>\n<meta property=\"og:description\" content=\"Che cos&#8217;\u00e8 portale dei fornitori? Portale dei fornitori \u00e8 una piattaforma software basata sul web che rende i processi di acquisto e logistica pi\u00f9 veloci, pi\u00f9 trasparenti e pi\u00f9 efficienti in termini di risorse. Questo obiettivo viene raggiunto rendendo tutti i dati di trasporto rilevanti disponibili agli stabilimenti Tadano, ai fornitori e agli spedizionieri tramite [&hellip;]\" \/>\n<meta property=\"og:url\" content=\"https:\/\/www.tadano.com\/italia\/it\/informazioni\/filiera-fornitori\/supplier-portal\/\" \/>\n<meta property=\"og:site_name\" content=\"Italy\" \/>\n<meta property=\"article:modified_time\" content=\"2024-03-18T10:50:20+00:00\" \/>\n<meta name=\"twitter:card\" content=\"summary_large_image\" \/>\n<meta name=\"twitter:label1\" content=\"Tempo di lettura stimato\" \/>\n\t<meta name=\"twitter:data1\" content=\"2 minuti\" \/>\n<script type=\"application\/ld+json\" class=\"yoast-schema-graph\">{\"@context\":\"https:\/\/schema.org\",\"@graph\":[{\"@type\":\"WebPage\",\"@id\":\"https:\/\/www.tadano.com\/italia\/it\/informazioni\/filiera-fornitori\/supplier-portal\/\",\"url\":\"https:\/\/www.tadano.com\/italia\/it\/informazioni\/filiera-fornitori\/supplier-portal\/\",\"name\":\"Portale Dei Fornitori - Italy\",\"isPartOf\":{\"@id\":\"https:\/\/www.tadano.com\/italia\/it\/#website\"},\"datePublished\":\"2021-05-19T14:23:30+00:00\",\"dateModified\":\"2024-03-18T10:50:20+00:00\",\"inLanguage\":\"it-IT\",\"potentialAction\":[{\"@type\":\"ReadAction\",\"target\":[\"https:\/\/www.tadano.com\/italia\/it\/informazioni\/filiera-fornitori\/supplier-portal\/\"]}]},{\"@type\":\"WebSite\",\"@id\":\"https:\/\/www.tadano.com\/italia\/it\/#website\",\"url\":\"https:\/\/www.tadano.com\/italia\/it\/\",\"name\":\"Italy\",\"description\":\"Just another TADANO EUROPE site\",\"potentialAction\":[{\"@type\":\"SearchAction\",\"target\":{\"@type\":\"EntryPoint\",\"urlTemplate\":\"https:\/\/www.tadano.com\/italia\/it\/?s={search_term_string}\"},\"query-input\":\"required name=search_term_string\"}],\"inLanguage\":\"it-IT\"}]}<\/script>\n<!-- \/ Yoast SEO plugin. -->","yoast_head_json":{"title":"Portale Dei Fornitori - Italy","robots":{"index":"index","follow":"follow","max-snippet":"max-snippet:-1","max-image-preview":"max-image-preview:large","max-video-preview":"max-video-preview:-1"},"canonical":"https:\/\/www.tadano.com\/italia\/it\/informazioni\/filiera-fornitori\/supplier-portal\/","og_locale":"it_IT","og_type":"article","og_title":"Portale Dei Fornitori - Italy","og_description":"Che cos&#8217;\u00e8 portale dei fornitori? Portale dei fornitori \u00e8 una piattaforma software basata sul web che rende i processi di acquisto e logistica pi\u00f9 veloci, pi\u00f9 trasparenti e pi\u00f9 efficienti in termini di risorse. Questo obiettivo viene raggiunto rendendo tutti i dati di trasporto rilevanti disponibili agli stabilimenti Tadano, ai fornitori e agli spedizionieri tramite [&hellip;]","og_url":"https:\/\/www.tadano.com\/italia\/it\/informazioni\/filiera-fornitori\/supplier-portal\/","og_site_name":"Italy","article_modified_time":"2024-03-18T10:50:20+00:00","twitter_card":"summary_large_image","twitter_misc":{"Tempo di lettura stimato":"2 minuti"},"schema":{"@context":"https:\/\/schema.org","@graph":[{"@type":"WebPage","@id":"https:\/\/www.tadano.com\/italia\/it\/informazioni\/filiera-fornitori\/supplier-portal\/","url":"https:\/\/www.tadano.com\/italia\/it\/informazioni\/filiera-fornitori\/supplier-portal\/","name":"Portale Dei Fornitori - Italy","isPartOf":{"@id":"https:\/\/www.tadano.com\/italia\/it\/#website"},"datePublished":"2021-05-19T14:23:30+00:00","dateModified":"2024-03-18T10:50:20+00:00","inLanguage":"it-IT","potentialAction":[{"@type":"ReadAction","target":["https:\/\/www.tadano.com\/italia\/it\/informazioni\/filiera-fornitori\/supplier-portal\/"]}]},{"@type":"WebSite","@id":"https:\/\/www.tadano.com\/italia\/it\/#website","url":"https:\/\/www.tadano.com\/italia\/it\/","name":"Italy","description":"Just another TADANO EUROPE site","potentialAction":[{"@type":"SearchAction","target":{"@type":"EntryPoint","urlTemplate":"https:\/\/www.tadano.com\/italia\/it\/?s={search_term_string}"},"query-input":"required name=search_term_string"}],"inLanguage":"it-IT"}]}},"_links":{"self":[{"href":"https:\/\/www.tadano.com\/italia\/it\/wp-json\/wp\/v2\/pages\/661"}],"collection":[{"href":"https:\/\/www.tadano.com\/italia\/it\/wp-json\/wp\/v2\/pages"}],"about":[{"href":"https:\/\/www.tadano.com\/italia\/it\/wp-json\/wp\/v2\/types\/page"}],"author":[{"embeddable":true,"href":"https:\/\/www.tadano.com\/italia\/it\/wp-json\/wp\/v2\/users\/1"}],"replies":[{"embeddable":true,"href":"https:\/\/www.tadano.com\/italia\/it\/wp-json\/wp\/v2\/comments?post=661"}],"version-history":[{"count":5,"href":"https:\/\/www.tadano.com\/italia\/it\/wp-json\/wp\/v2\/pages\/661\/revisions"}],"predecessor-version":[{"id":10140,"href":"https:\/\/www.tadano.com\/italia\/it\/wp-json\/wp\/v2\/pages\/661\/revisions\/10140"}],"up":[{"embeddable":true,"href":"https:\/\/www.tadano.com\/italia\/it\/wp-json\/wp\/v2\/pages\/635"}],"wp:attachment":[{"href":"https:\/\/www.tadano.com\/italia\/it\/wp-json\/wp\/v2\/media?parent=661"}],"curies":[{"name":"wp","href":"https:\/\/api.w.org\/{rel}","templated":true}]}}