{"id":679,"date":"2021-07-13T06:55:34","date_gmt":"2021-07-13T06:55:34","guid":{"rendered":"https:\/\/www.tadano.com\/italia\/informazioni-legali\/"},"modified":"2025-10-15T06:29:53","modified_gmt":"2025-10-15T06:29:53","slug":"informazioni-legali","status":"publish","type":"page","link":"https:\/\/www.tadano.com\/italia\/it\/informazioni-legali\/","title":{"rendered":"Informazioni legali"},"content":{"rendered":"\n<h1 class=\"wp-block-heading\">Informazioni legali<\/h1>\n\n\n\n<p><strong>Indicazioni secondo il \u00a7 5 della Legge tedesca sul mezzo televisivo (TMG)<\/strong><\/p>\n\n\n\n<p>Tadano Europe Holdings GmbH<br>Dinglerstra\u00dfe 24<br>D-66482 Zweibr\u00fccken<\/p>\n\n\n\n<p>Registro delle imprese: HRB 32340<br>Tribunale del registro: Pretura di Zweibr\u00fccken<\/p>\n\n\n\n<p><strong>Rappresentanti:<\/strong><br>Noriaki Yashiro<br>Hiroyuki Goda<br>Takeshi Motoyama<br>Satoshi Nakayama<\/p>\n\n\n\n<p><strong>Contatti<\/strong><br>Telefono: +49 6332 83-0<br>Fax: +49 6332 83-1000<br>E-mail: info.europe@tadano.com<\/p>\n\n\n\n<p><strong>Numero di identificazione IVA<\/strong><\/p>\n\n\n\n<p><strong>Numero di identificazione IVA secondo il \u00a7 27 a della Legge tedesca relativa all&#8217;imposta sul fatturato:<br><\/strong>DE 332594660<\/p>\n\n\n\n<p><strong>Responsabile del contenuto di cui al \u00a7 55 comma 2 del Trattato tedesco sulla radiodiffusione (RStV)<\/strong><\/p>\n\n\n\n<p>Sven Ebinger<br>Dinglerstra\u00dfe 24<br>D-66482 Zweibr\u00fccken<\/p>\n\n\n\n<p><strong>Informazioni sulla risoluzione online delle controversie<\/strong><\/p>\n\n\n\n<p>La Commissione dell\u2019Unione europea ha messo a disposizione una piattaforma su Internet per la risoluzione online delle controversie (la cosiddetta \u201cPiattaforma ODR\u201d). La piattaforma ODR \u00e8 un punto di incontro per la risoluzione extragiudiziale delle controversie relative agli obblighi contrattuali derivanti dai contratti di vendita online. La piattaforma ODR pu\u00f2 essere consultata al seguente link:<br>http:\/\/ec.europa.eu\/consumers\/odr<br>Indicazioni secondo il \u00a7 36 della Legge tedesca sulla risoluzione delle controversie per i consumatori (VSBG)<br>Ai sensi della legge tedesca sulla risoluzione delle controversie dei consumatori (VSBG), Tadano Faun GmbH non parteciper\u00e0 a nessuna procedura di risoluzione delle controversie innanzi a un ufficio arbitrale per consumatori ne \u00e8 obbligata a farlo.<\/p>\n\n\n\n<p><strong>Responsabilit\u00e0 per contenuti<\/strong><\/p>\n\n\n\n<p>Ai sensi del \u00a7 7 comma 1 della TMG, in quanto fornitore di servizi, siamo responsabili dei nostri contenuti su queste pagine secondo i principi normativi generali. Ai sensi dei \u00a7\u00a7 8 fino a 10 della TMG, siamo tuttavia tenuti, in quanto fornitore di servizi, a monitorare o, a seconda del caso, ricercare le informazioni trasmesse o salvate di propriet\u00e0 altrui, che contravvengono alla legge.<\/p>\n\n\n\n<p>Rimangono inalterati gli obblighi relativi alla necessit\u00e0 di rimuovere o bloccare l\u2019uso di informazioni secondo i principi normativi generali. Tuttavia, la responsabilit\u00e0 concreta \u00e8 posta in essere solo dal momento in cui veniamo a conoscenza di una concreta violazione della legge. Ci impegniamo a rimuovere i contenuti interessati, dal momento in cui veniamo a conoscenza di una corrispondente violazione.<\/p>\n\n\n\n<p><strong>Responsabilit\u00e0 per i collegamenti ipertestuali<\/strong><\/p>\n\n\n\n<p>La nostra offerta contiene link (collegamenti ipertestuali) che indirizzano a siti web terzi, sui cui contenuti non abbiamo nessuna influenza.<br>Per questa ragione non possiamo assumerci nessuna responsabilit\u00e0 relativamente ai contenuti di propriet\u00e0 altrui. Il responsabile dei contenuti della pagina a cui si indirizza \u00e8 il fornitore o proprietario stesso del sito. I siti web a cui i link rimandano sono stati verificati per possibili violazioni al momento dello stabilimento del collegamento ipertestuale. Al momento dello stabilimento del collegamento ipertestuale non si era a conoscenza di contenuti illeciti. Inoltre, una supervisione permanente delle pagine a cui si rimanda non \u00e8 ragionevole senza prove concrete di una violazione della legge. Ci impegniamo a rimuovere i link interessati, dal momento in cui veniamo a conoscenza di una corrispondente violazione.<\/p>\n\n\n\n<p><strong>Diritto d\u2019autore<\/strong><\/p>\n\n\n\n<p>I contenuti e le opere presenti su queste pagine e realizzati dai gestori dei siti web sono soggette al diritto d\u2019autore della legge tedesca. La duplicazione, la modifica, la distribuzione o qualsiasi forma di commercializzazione di tale materiale, al di fuori dell\u2019ambito della legge sul diritto d\u2019autore, richiedono il previo consenso scritto del rispettivo autore o creatore. I download e le copie di queste pagine sono destinati esclusivamente all\u2019uso privato e non commerciale.<br>Se il contenuto di questo sito web non \u00e8 stato creato dal gestore, si applicano i diritti d\u2019autore di terzi. Nello specifico, i contenuti di terzi sono contrassegnati come tali. Se tuttavia si viene a conoscenza di una violazione del diritto d\u2019autore, vi preghiamo di contattarci. Ci impegniamo a rimuovere i contenuti interessati, dal momento in cui veniamo a conoscenza di una corrispondente violazione.<\/p>\n","protected":false},"excerpt":{"rendered":"<p>Informazioni legali Indicazioni secondo il \u00a7 5 della Legge tedesca sul mezzo televisivo (TMG) Tadano Europe Holdings GmbHDinglerstra\u00dfe 24D-66482 Zweibr\u00fccken Registro delle imprese: HRB 32340Tribunale del registro: Pretura di Zweibr\u00fccken Rappresentanti:Noriaki YashiroHiroyuki GodaTakeshi MotoyamaSatoshi Nakayama ContattiTelefono: +49 6332 83-0Fax: +49 6332 83-1000E-mail: info.europe@tadano.com Numero di identificazione IVA Numero di identificazione IVA secondo il \u00a7 27 [&hellip;]<\/p>\n","protected":false},"author":1,"featured_media":0,"parent":0,"menu_order":0,"comment_status":"closed","ping_status":"closed","template":"","meta":{"_acf_changed":false,"footnotes":""},"acf":[],"yoast_head":"<!-- This site is optimized with the Yoast SEO plugin v22.3 - https:\/\/yoast.com\/wordpress\/plugins\/seo\/ -->\n<title>Informazioni legali - Italy<\/title>\n<meta name=\"robots\" content=\"index, follow, max-snippet:-1, max-image-preview:large, max-video-preview:-1\" \/>\n<link rel=\"canonical\" href=\"https:\/\/www.tadano.com\/italia\/informazioni-legali\/\" \/>\n<meta property=\"og:locale\" content=\"it_IT\" \/>\n<meta property=\"og:type\" content=\"article\" \/>\n<meta property=\"og:title\" content=\"Informazioni legali - Italy\" \/>\n<meta property=\"og:description\" content=\"Informazioni legali Indicazioni secondo il \u00a7 5 della Legge tedesca sul mezzo televisivo (TMG) Tadano Europe Holdings GmbHDinglerstra\u00dfe 24D-66482 Zweibr\u00fccken Registro delle imprese: HRB 32340Tribunale del registro: Pretura di Zweibr\u00fccken Rappresentanti:Noriaki YashiroHiroyuki GodaTakeshi MotoyamaSatoshi Nakayama ContattiTelefono: +49 6332 83-0Fax: +49 6332 83-1000E-mail: info.europe@tadano.com Numero di identificazione IVA Numero di identificazione IVA secondo il \u00a7 27 [&hellip;]\" \/>\n<meta property=\"og:url\" content=\"https:\/\/www.tadano.com\/italia\/informazioni-legali\/\" \/>\n<meta property=\"og:site_name\" content=\"Italy\" \/>\n<meta property=\"article:modified_time\" content=\"2025-10-15T06:29:53+00:00\" \/>\n<meta name=\"twitter:card\" content=\"summary_large_image\" \/>\n<meta name=\"twitter:label1\" content=\"Tempo di lettura stimato\" \/>\n\t<meta name=\"twitter:data1\" content=\"3 minuti\" \/>\n<script type=\"application\/ld+json\" class=\"yoast-schema-graph\">{\"@context\":\"https:\/\/schema.org\",\"@graph\":[{\"@type\":\"WebPage\",\"@id\":\"https:\/\/www.tadano.com\/italia\/informazioni-legali\/\",\"url\":\"https:\/\/www.tadano.com\/italia\/informazioni-legali\/\",\"name\":\"Informazioni legali - Italy\",\"isPartOf\":{\"@id\":\"https:\/\/www.tadano.com\/italia\/it\/#website\"},\"datePublished\":\"2021-07-13T06:55:34+00:00\",\"dateModified\":\"2025-10-15T06:29:53+00:00\",\"inLanguage\":\"it-IT\",\"potentialAction\":[{\"@type\":\"ReadAction\",\"target\":[\"https:\/\/www.tadano.com\/italia\/informazioni-legali\/\"]}]},{\"@type\":\"WebSite\",\"@id\":\"https:\/\/www.tadano.com\/italia\/it\/#website\",\"url\":\"https:\/\/www.tadano.com\/italia\/it\/\",\"name\":\"Italy\",\"description\":\"Just another TADANO EUROPE site\",\"potentialAction\":[{\"@type\":\"SearchAction\",\"target\":{\"@type\":\"EntryPoint\",\"urlTemplate\":\"https:\/\/www.tadano.com\/italia\/it\/?s={search_term_string}\"},\"query-input\":\"required name=search_term_string\"}],\"inLanguage\":\"it-IT\"}]}<\/script>\n<!-- \/ Yoast SEO plugin. -->","yoast_head_json":{"title":"Informazioni legali - Italy","robots":{"index":"index","follow":"follow","max-snippet":"max-snippet:-1","max-image-preview":"max-image-preview:large","max-video-preview":"max-video-preview:-1"},"canonical":"https:\/\/www.tadano.com\/italia\/informazioni-legali\/","og_locale":"it_IT","og_type":"article","og_title":"Informazioni legali - Italy","og_description":"Informazioni legali Indicazioni secondo il \u00a7 5 della Legge tedesca sul mezzo televisivo (TMG) Tadano Europe Holdings GmbHDinglerstra\u00dfe 24D-66482 Zweibr\u00fccken Registro delle imprese: HRB 32340Tribunale del registro: Pretura di Zweibr\u00fccken Rappresentanti:Noriaki YashiroHiroyuki GodaTakeshi MotoyamaSatoshi Nakayama ContattiTelefono: +49 6332 83-0Fax: +49 6332 83-1000E-mail: info.europe@tadano.com Numero di identificazione IVA Numero di identificazione IVA secondo il \u00a7 27 [&hellip;]","og_url":"https:\/\/www.tadano.com\/italia\/informazioni-legali\/","og_site_name":"Italy","article_modified_time":"2025-10-15T06:29:53+00:00","twitter_card":"summary_large_image","twitter_misc":{"Tempo di lettura stimato":"3 minuti"},"schema":{"@context":"https:\/\/schema.org","@graph":[{"@type":"WebPage","@id":"https:\/\/www.tadano.com\/italia\/informazioni-legali\/","url":"https:\/\/www.tadano.com\/italia\/informazioni-legali\/","name":"Informazioni legali - Italy","isPartOf":{"@id":"https:\/\/www.tadano.com\/italia\/it\/#website"},"datePublished":"2021-07-13T06:55:34+00:00","dateModified":"2025-10-15T06:29:53+00:00","inLanguage":"it-IT","potentialAction":[{"@type":"ReadAction","target":["https:\/\/www.tadano.com\/italia\/informazioni-legali\/"]}]},{"@type":"WebSite","@id":"https:\/\/www.tadano.com\/italia\/it\/#website","url":"https:\/\/www.tadano.com\/italia\/it\/","name":"Italy","description":"Just another TADANO EUROPE site","potentialAction":[{"@type":"SearchAction","target":{"@type":"EntryPoint","urlTemplate":"https:\/\/www.tadano.com\/italia\/it\/?s={search_term_string}"},"query-input":"required name=search_term_string"}],"inLanguage":"it-IT"}]}},"_links":{"self":[{"href":"https:\/\/www.tadano.com\/italia\/it\/wp-json\/wp\/v2\/pages\/679"}],"collection":[{"href":"https:\/\/www.tadano.com\/italia\/it\/wp-json\/wp\/v2\/pages"}],"about":[{"href":"https:\/\/www.tadano.com\/italia\/it\/wp-json\/wp\/v2\/types\/page"}],"author":[{"embeddable":true,"href":"https:\/\/www.tadano.com\/italia\/it\/wp-json\/wp\/v2\/users\/1"}],"replies":[{"embeddable":true,"href":"https:\/\/www.tadano.com\/italia\/it\/wp-json\/wp\/v2\/comments?post=679"}],"version-history":[{"count":5,"href":"https:\/\/www.tadano.com\/italia\/it\/wp-json\/wp\/v2\/pages\/679\/revisions"}],"predecessor-version":[{"id":10492,"href":"https:\/\/www.tadano.com\/italia\/it\/wp-json\/wp\/v2\/pages\/679\/revisions\/10492"}],"wp:attachment":[{"href":"https:\/\/www.tadano.com\/italia\/it\/wp-json\/wp\/v2\/media?parent=679"}],"curies":[{"name":"wp","href":"https:\/\/api.w.org\/{rel}","templated":true}]}}