{"id":706,"date":"2021-03-19T08:33:45","date_gmt":"2021-03-19T08:33:45","guid":{"rendered":"https:\/\/www.tadano.com\/italia\/tecnologia\/"},"modified":"2025-11-20T09:18:18","modified_gmt":"2025-11-20T09:18:18","slug":"tecnologia","status":"publish","type":"page","link":"https:\/\/www.tadano.com\/italia\/it\/tecnologia\/","title":{"rendered":"Tecnologia"},"content":{"rendered":"\n\n\n<section class=\"hero-section\">\n\n\t\n\t\n\t\n\t<div class=\"img-holder \">\n\t\t\t\t<div class=\"bg-stretch\" style=\"background-position: 50% 50%; \">\n\t\t\t<span data-srcset=\"https:\/\/assets.onetadano.com\/celum_assets\/hero\/Demag+IC-1+Remote+%281%29.jpg, https:\/\/assets.onetadano.com\/celum_assets\/hero-2x\/Demag+IC-1+Remote+%281%29.jpg 2x\"><\/span>\n\t\t<\/div>\n\t\t\t\t\t\t<div class=\"logo green-solutions\" style=\"display:none;\">\n\t\t\t<a href=\"#\"><img decoding=\"async\" src=\"https:\/\/www.tadano.com\/italia\/wp-content\/themes\/tadano\/assets\/dist\/images\/Green-Solutions_Logo_White.svg\"><\/a>\n\t\t<\/div>\n\t<\/div>\n\t<div class=\"container\">\n\t\t<div class=\"text-holder \">\n\t\t\t<div class=\"wrap\">\n\t\t\t\t\n\t\t\t\t<ul class=\"breadcrumbs\"><li><a href=\"https:\/\/www.tadano.com\/italia\/it\/\">Homepage<\/a><\/li><\/ul>\n\t\t\t\t\n\n<h1 class=\"wp-block-heading\">Tecnologia<\/h1>\n\n\n\n<p>Dalle nostre tecnologie di sollevamento ai nostri servizi di assistenza intelligenti, consideriamo ogni prodotto come un mezzo per migliorare l&#8217;esperienza che si ha del sollevamento, rendendolo pi\u00f9 efficiente e pi\u00f9 economico per la tua azienda.<\/p>\n\n\n\n\t\t\t\t\n\t\t\t<\/div>\n\n\t\t\t\n\t\t\t\n\t\t\t\n\t\t<\/div>\n\t<\/div>\n<\/section>\n\n\n<div class=\"wp-block-group is-style-background-triangle-right has-white-color has-dark-blue-background-color has-text-color has-background is-layout-flow wp-block-group-is-layout-flow\"><div class=\"wp-block-group__inner-container\">\n<div class=\"wp-block-columns is-layout-flex wp-container-core-columns-layout-1 wp-block-columns-is-layout-flex\">\n<div class=\"wp-block-column is-layout-flow wp-block-column-is-layout-flow\" style=\"flex-basis:33.33%\">\n<h2 class=\"wp-block-heading\">Ricerca tecnologie<\/h2>\n\n\n\n<p>Le tecnologie innovative di Tadano si combinano con servizi di assistenza intelligenti per rendere ogni sollevamento efficiente ed economico per la tua azienda.<\/p>\n<\/div>\n\n\n\n<div class=\"wp-block-column is-layout-flow wp-block-column-is-layout-flow\" style=\"flex-basis:66.66%\"><div class=\"links-block-wrapper\">\n  <div class=\"container\">\n    <section class=\"links-block\">\n              <div class=\"links-block\">\n                                  <div class=\"link-single  \">\n                              <a href=\"https:\/\/www.tadano.com\/italia\/it\/tecnologia\/hardware-delle-gru\/\">\n                               \n                                  <strong class='title'>HARDWARE DELLE GRU<\/strong>\n                                                  <p>Migliora il posizionamento degli stabilizzatori, aumenta flessibilit\u00e0 e sbraccio, disaccoppia pi\u00f9 facilmente i contrappesi non necessari, riduci al minimo le emissioni e aggiungi a una capacit\u00e0 ed efficienza gi\u00e0 straordinarie una variet\u00e0 di sistemi di controllo.<\/p>\n                              <\/a>\n            <\/div>\n                                  <div class=\"link-single  \">\n                              <a href=\"https:\/\/www.tadano.com\/italia\/it\/tecnologia\/gestione-delle-gru\/\">\n                               \n                                  <strong class='title'>GESTIONE DELLE GRU<\/strong>\n                                                  <p>Ottieni la massima capacit\u00e0 possibile dalla tua gru impiegando strumenti di gestione grazie ai quali \u00e8 possibile ampliare la visibilit\u00e0, aumentare la flessibilit\u00e0, rafforzare la stabilit\u00e0, migliorare la capacit\u00e0, affrontare le difficolt\u00e0 di cantieri eccezionalmente impegnativi e persino ridurre le emissioni e i costi.<\/p>\n                              <\/a>\n            <\/div>\n                                  <div class=\"link-single  \">\n                              <a href=\"https:\/\/www.tadano.com\/italia\/it\/tecnologia\/sistemi-di-controllo\/\">\n                               \n                                  <strong class='title'>SISTEMI DI CONTROLLO<\/strong>\n                                                  <p>Aggiungi alla versatilit\u00e0 e flessibilit\u00e0 della gru la capacit\u00e0 di determinare la sua capacit\u00e0 in tempo reale e di impostare i limiti di sollevamento, configurazioni multiple asimmetriche degli stabilizzatori, di utilizzare le soluzioni pi\u00f9 avanzate per il monitoraggio dei dati e la risoluzione dei problemi e altro ancora.<\/p>\n                              <\/a>\n            <\/div>\n                                  <div class=\"link-single  \">\n                              <a href=\"https:\/\/www.tadano.com\/italia\/it\/tecnologia\/telematica\/\">\n                               \n                                  <strong class='title'>TELEMATICA<\/strong>\n                                                  <p>Tecnologia che comprende il cloud e i dati in tempo reale per migliorare il livello di controllo e la trasmissione dei dati relativi allo stato di funzionamento, la posizione, le condizioni di manutenzione, la risoluzione dei problemi e altro ancora al fine di aumentare l\u2019efficienza e ridurre i tempi di inattivit\u00e0.<\/p>\n                              <\/a>\n            <\/div>\n                                  <div class=\"link-single  \">\n                              <a href=\"https:\/\/www.tadano.com\/italia\/it\/tecnologia\/tecnologie-per-lambiente-e-il-clima\/\">\n                               \n                                  <strong class='title'>Tecnologie per l\u2019ambiente e il clima<\/strong>\n                                                  <p>Carburanti alternativi, sistemi elettroidraulici a zero emissioni, velocit\u00e0 del motore ottimizzata e funzione start-stop riducono consumo di carburante, emissioni, rumore e tempi di inattivit\u00e0, favorendo un funzionamento pi\u00f9 pulito ed efficiente.<\/p>\n                              <\/a>\n            <\/div>\n                  <\/div>\n                    \n    <\/section>\n  <\/div>\n<\/div><\/div>\n<\/div>\n<\/div><\/div>\n\n\n\n    <section class=\"news-section\">\n\n    <div class=\"container\">\n      <div class=\"text-block\">\n        <h2>Notizie<\/h2>\n                        \n                  <a href=\"https:\/\/www.tadano.com\/italia\/it\/news-list\/\" class=\"link-more\">ESPLORARE TUTTE le notizie<\/a>\n        \n\n                <div class=\"controls\">\n          <svg width=\"14\" height=\"31\" viewBox=\"0 0 14 31\" fill=\"none\" xmlns=\"http:\/\/www.w3.org\/2000\/svg\">\n           <path d=\"M13 1L1 15.5L13 30\" stroke=\"#fff\"\/>\n          <\/svg>\n          <svg width=\"15\" height=\"31\" viewBox=\"0 0 15 31\" fill=\"none\" xmlns=\"http:\/\/www.w3.org\/2000\/svg\">\n           <path d=\"M1 1L14 15.5L1 30\" stroke=\"#fff\"\/>\n          <\/svg>\n        <\/div>\n        \n\n        \n      <\/div>\n      <div class=\"slick-slider simple-slider\">\n                              <div>\n              <div class=\"news-single\">\n                <a href=\"https:\/\/www.tadano.com\/italia\/it\/news\/nuovo-jib-meccanico-orientabile-a-9-posizioni\/\">\n                  <strong class=\"title\">Nuovo jib meccanico orientabile a 9 posizioni<\/strong>\n                  <ul class=\"meta\">\n                    <li>Pubblicazione<\/li>\n                    <li><time datetime=\"2020-01-01\">Mar\/27\/2026<\/time><\/li>\n                  <\/ul>\n                <\/a>\n              <\/div>\n            <\/div>\n                      <div>\n              <div class=\"news-single\">\n                <a href=\"https:\/\/www.tadano.com\/italia\/it\/news\/nuovo-sales-manager-per-le-autogru-tadano-in-italia\/\">\n                  <strong class=\"title\">Nuovo Sales Manager per le autogr\u00f9 Tadano in Italia<\/strong>\n                  <ul class=\"meta\">\n                    <li>Pubblicazione<\/li>\n                    <li><time datetime=\"2020-01-01\">Gen\/21\/2026<\/time><\/li>\n                  <\/ul>\n                <\/a>\n              <\/div>\n            <\/div>\n                      <div>\n              <div class=\"news-single\">\n                <a href=\"https:\/\/www.tadano.com\/italia\/it\/news\/la-nuova-octoplus-30\/\">\n                  <strong class=\"title\">La nuova Octoplus 30<\/strong>\n                  <ul class=\"meta\">\n                    <li>Pubblicazione<\/li>\n                    <li><time datetime=\"2020-01-01\">Set\/25\/2025<\/time><\/li>\n                  <\/ul>\n                <\/a>\n              <\/div>\n            <\/div>\n                      <div>\n              <div class=\"news-single\">\n                <a href=\"https:\/\/www.tadano.com\/italia\/it\/news\/tadano-perfeziona-lacquisizione-della-divisione-sistemi-di-trasporto-di-ihi-transport-machinery\/\">\n                  <strong class=\"title\">Tadano perfeziona l&#8217;acquisizione della divisione sistemi di trasporto di IHI Transport Machinery<\/strong>\n                  <ul class=\"meta\">\n                    <li>Pubblicazione<\/li>\n                    <li><time datetime=\"2020-01-01\">Lug\/01\/2025<\/time><\/li>\n                  <\/ul>\n                <\/a>\n              <\/div>\n            <\/div>\n                      <div>\n              <div class=\"news-single\">\n                <a href=\"https:\/\/www.tadano.com\/italia\/it\/news\/vernazza-autogru-rafforza-la-flotta-con-tadano-ac-7-450-1\/\">\n                  <strong class=\"title\">Vernazza Autogr\u00f9 rafforza la flotta con Tadano AC 7.450-1<\/strong>\n                  <ul class=\"meta\">\n                    <li>Pubblicazione<\/li>\n                    <li><time datetime=\"2020-01-01\">Mag\/20\/2025<\/time><\/li>\n                  <\/ul>\n                <\/a>\n              <\/div>\n            <\/div>\n                      <div>\n              <div class=\"news-single\">\n                <a href=\"https:\/\/www.tadano.com\/italia\/it\/news\/autotrasporti-porro-amplia-la-flotta-con-le-gru-multistrada-tadano-ac-7-450-1-e-ac-4-080-1-confermate-al-bauma-2025\/\">\n                  <strong class=\"title\">Autotrasporti Porro amplia la flotta con le gru multistrada Tadano AC 7.450-1 e AC 4.080-1 confermate al bauma 2025<\/strong>\n                  <ul class=\"meta\">\n                    <li>Pubblicazione<\/li>\n                    <li><time datetime=\"2020-01-01\">Apr\/30\/2025<\/time><\/li>\n                  <\/ul>\n                <\/a>\n              <\/div>\n            <\/div>\n                      <div>\n              <div class=\"news-single\">\n                <a href=\"https:\/\/www.tadano.com\/italia\/it\/news\/autovictor-ordina-una-gru-multistrada-tadano-ac-6-300-1-al-bauma-2025\/\">\n                  <strong class=\"title\">Autovictor ordina una gru multistrada Tadano AC 6.300-1 al bauma 2025<\/strong>\n                  <ul class=\"meta\">\n                    <li>Pubblicazione<\/li>\n                    <li><time datetime=\"2020-01-01\">Apr\/22\/2025<\/time><\/li>\n                  <\/ul>\n                <\/a>\n              <\/div>\n            <\/div>\n                      <div>\n              <div class=\"news-single\">\n                <a href=\"https:\/\/www.tadano.com\/italia\/it\/news\/tadano-at-bauma-2025\/\">\n                  <strong class=\"title\">Tadano a bauma 2025<\/strong>\n                  <ul class=\"meta\">\n                    <li>Pubblicazione<\/li>\n                    <li><time datetime=\"2020-01-01\">Apr\/07\/2025<\/time><\/li>\n                  <\/ul>\n                <\/a>\n              <\/div>\n            <\/div>\n                      <div>\n              <div class=\"news-single\">\n                <a href=\"https:\/\/www.tadano.com\/italia\/it\/news\/the-new-ac-4-070hl-1-and-ac-5-120h-1-tadano-hybrid-cranes\/\">\n                  <strong class=\"title\">Le nuove gru ibride AC 4.070HL-1 e AC 5.120H-1 di Tadano<\/strong>\n                  <ul class=\"meta\">\n                    <li>Pubblicazione<\/li>\n                    <li><time datetime=\"2020-01-01\">Apr\/07\/2025<\/time><\/li>\n                  <\/ul>\n                <\/a>\n              <\/div>\n            <\/div>\n                      <div>\n              <div class=\"news-single\">\n                <a href=\"https:\/\/www.tadano.com\/italia\/it\/news\/pm-oil-steel-valla-a-bauma-2025\/\">\n                  <strong class=\"title\">PM, Oil &amp; Steel, Valla a bauma 2025<\/strong>\n                  <ul class=\"meta\">\n                    <li>Pubblicazione<\/li>\n                    <li><time datetime=\"2020-01-01\">Apr\/07\/2025<\/time><\/li>\n                  <\/ul>\n                <\/a>\n              <\/div>\n            <\/div>\n                        <\/div>\n    <\/div>\n  <\/section>\n  \n\n\n<p><\/p>\n","protected":false},"excerpt":{"rendered":"<p>Ricerca tecnologie Le tecnologie innovative di Tadano si combinano con servizi di assistenza intelligenti per rendere ogni sollevamento efficiente ed economico per la tua azienda.<\/p>\n","protected":false},"author":1,"featured_media":0,"parent":0,"menu_order":0,"comment_status":"closed","ping_status":"closed","template":"","meta":{"_acf_changed":false,"footnotes":""},"acf":[],"yoast_head":"<!-- This site is optimized with the Yoast SEO plugin v22.3 - https:\/\/yoast.com\/wordpress\/plugins\/seo\/ -->\n<title>Tecnologia - Italy<\/title>\n<meta name=\"robots\" content=\"index, follow, max-snippet:-1, max-image-preview:large, max-video-preview:-1\" \/>\n<link rel=\"canonical\" href=\"https:\/\/www.tadano.com\/italia\/it\/tecnologia\/\" \/>\n<meta property=\"og:locale\" content=\"it_IT\" \/>\n<meta property=\"og:type\" content=\"article\" \/>\n<meta property=\"og:title\" content=\"Tecnologia - Italy\" \/>\n<meta property=\"og:description\" content=\"Ricerca tecnologie Le tecnologie innovative di Tadano si combinano con servizi di assistenza intelligenti per rendere ogni sollevamento efficiente ed economico per la tua azienda.\" \/>\n<meta property=\"og:url\" content=\"https:\/\/www.tadano.com\/italia\/it\/tecnologia\/\" \/>\n<meta property=\"og:site_name\" content=\"Italy\" \/>\n<meta property=\"article:modified_time\" content=\"2025-11-20T09:18:18+00:00\" \/>\n<meta name=\"twitter:card\" content=\"summary_large_image\" \/>\n<meta name=\"twitter:label1\" content=\"Tempo di lettura stimato\" \/>\n\t<meta name=\"twitter:data1\" content=\"1 minuto\" \/>\n<script type=\"application\/ld+json\" class=\"yoast-schema-graph\">{\"@context\":\"https:\/\/schema.org\",\"@graph\":[{\"@type\":\"WebPage\",\"@id\":\"https:\/\/www.tadano.com\/italia\/it\/tecnologia\/\",\"url\":\"https:\/\/www.tadano.com\/italia\/it\/tecnologia\/\",\"name\":\"Tecnologia - Italy\",\"isPartOf\":{\"@id\":\"https:\/\/www.tadano.com\/italia\/it\/#website\"},\"datePublished\":\"2021-03-19T08:33:45+00:00\",\"dateModified\":\"2025-11-20T09:18:18+00:00\",\"inLanguage\":\"it-IT\",\"potentialAction\":[{\"@type\":\"ReadAction\",\"target\":[\"https:\/\/www.tadano.com\/italia\/it\/tecnologia\/\"]}]},{\"@type\":\"WebSite\",\"@id\":\"https:\/\/www.tadano.com\/italia\/it\/#website\",\"url\":\"https:\/\/www.tadano.com\/italia\/it\/\",\"name\":\"Italy\",\"description\":\"Just another TADANO EUROPE site\",\"potentialAction\":[{\"@type\":\"SearchAction\",\"target\":{\"@type\":\"EntryPoint\",\"urlTemplate\":\"https:\/\/www.tadano.com\/italia\/it\/?s={search_term_string}\"},\"query-input\":\"required name=search_term_string\"}],\"inLanguage\":\"it-IT\"}]}<\/script>\n<!-- \/ Yoast SEO plugin. -->","yoast_head_json":{"title":"Tecnologia - Italy","robots":{"index":"index","follow":"follow","max-snippet":"max-snippet:-1","max-image-preview":"max-image-preview:large","max-video-preview":"max-video-preview:-1"},"canonical":"https:\/\/www.tadano.com\/italia\/it\/tecnologia\/","og_locale":"it_IT","og_type":"article","og_title":"Tecnologia - Italy","og_description":"Ricerca tecnologie Le tecnologie innovative di Tadano si combinano con servizi di assistenza intelligenti per rendere ogni sollevamento efficiente ed economico per la tua azienda.","og_url":"https:\/\/www.tadano.com\/italia\/it\/tecnologia\/","og_site_name":"Italy","article_modified_time":"2025-11-20T09:18:18+00:00","twitter_card":"summary_large_image","twitter_misc":{"Tempo di lettura stimato":"1 minuto"},"schema":{"@context":"https:\/\/schema.org","@graph":[{"@type":"WebPage","@id":"https:\/\/www.tadano.com\/italia\/it\/tecnologia\/","url":"https:\/\/www.tadano.com\/italia\/it\/tecnologia\/","name":"Tecnologia - Italy","isPartOf":{"@id":"https:\/\/www.tadano.com\/italia\/it\/#website"},"datePublished":"2021-03-19T08:33:45+00:00","dateModified":"2025-11-20T09:18:18+00:00","inLanguage":"it-IT","potentialAction":[{"@type":"ReadAction","target":["https:\/\/www.tadano.com\/italia\/it\/tecnologia\/"]}]},{"@type":"WebSite","@id":"https:\/\/www.tadano.com\/italia\/it\/#website","url":"https:\/\/www.tadano.com\/italia\/it\/","name":"Italy","description":"Just another TADANO EUROPE site","potentialAction":[{"@type":"SearchAction","target":{"@type":"EntryPoint","urlTemplate":"https:\/\/www.tadano.com\/italia\/it\/?s={search_term_string}"},"query-input":"required name=search_term_string"}],"inLanguage":"it-IT"}]}},"_links":{"self":[{"href":"https:\/\/www.tadano.com\/italia\/it\/wp-json\/wp\/v2\/pages\/706"}],"collection":[{"href":"https:\/\/www.tadano.com\/italia\/it\/wp-json\/wp\/v2\/pages"}],"about":[{"href":"https:\/\/www.tadano.com\/italia\/it\/wp-json\/wp\/v2\/types\/page"}],"author":[{"embeddable":true,"href":"https:\/\/www.tadano.com\/italia\/it\/wp-json\/wp\/v2\/users\/1"}],"replies":[{"embeddable":true,"href":"https:\/\/www.tadano.com\/italia\/it\/wp-json\/wp\/v2\/comments?post=706"}],"version-history":[{"count":5,"href":"https:\/\/www.tadano.com\/italia\/it\/wp-json\/wp\/v2\/pages\/706\/revisions"}],"predecessor-version":[{"id":10510,"href":"https:\/\/www.tadano.com\/italia\/it\/wp-json\/wp\/v2\/pages\/706\/revisions\/10510"}],"wp:attachment":[{"href":"https:\/\/www.tadano.com\/italia\/it\/wp-json\/wp\/v2\/media?parent=706"}],"curies":[{"name":"wp","href":"https:\/\/api.w.org\/{rel}","templated":true}]}}