{"id":720,"date":"2021-07-02T07:12:51","date_gmt":"2021-07-02T07:12:51","guid":{"rendered":"https:\/\/www.tadano.com\/italia\/tecnologia\/hardware-delle-gru\/"},"modified":"2026-02-16T07:40:23","modified_gmt":"2026-02-16T07:40:23","slug":"hardware-delle-gru","status":"publish","type":"page","link":"https:\/\/www.tadano.com\/italia\/it\/tecnologia\/hardware-delle-gru\/","title":{"rendered":"Hardware delle gru"},"content":{"rendered":"\n\n\n<section class=\"hero-section\">\n\n\t\n\t\n\t\n\t<div class=\"img-holder \">\n\t\t\t\t<div class=\"bg-stretch\" style=\"background-position: 50% 100%; \">\n\t\t\t<span data-srcset=\"https:\/\/assets.onetadano.com\/celum_assets\/hero\/Superlift_3800_Hofmann_Boombooster_Flexframe_6_bea.jpg, https:\/\/assets.onetadano.com\/celum_assets\/hero-2x\/Superlift_3800_Hofmann_Boombooster_Flexframe_6_bea.jpg 2x\"><\/span>\n\t\t<\/div>\n\t\t\t\t\t\t<div class=\"logo green-solutions\" style=\"display:none;\">\n\t\t\t<a href=\"#\"><img decoding=\"async\" src=\"https:\/\/www.tadano.com\/italia\/wp-content\/themes\/tadano\/assets\/dist\/images\/Green-Solutions_Logo_White.svg\"><\/a>\n\t\t<\/div>\n\t<\/div>\n\t<div class=\"container\">\n\t\t<div class=\"text-holder \">\n\t\t\t<div class=\"wrap\">\n\t\t\t\t\n\t\t\t\t<ul class=\"breadcrumbs\"><li><a href=\"https:\/\/www.tadano.com\/italia\/it\/\">Homepage<\/a><\/li><\/ul>\n\t\t\t\t\n\n<h1 class=\"wp-block-heading\">Hardware delle gru<\/h1>\n\n\n\n<p>Migliora il posizionamento degli stabilizzatori, aumenta flessibilit\u00e0 e sbraccio, disaccoppia pi\u00f9 facilmente i contrappesi non necessari, riduci al minimo le emissioni e aggiungi a una capacit\u00e0 ed efficienza gi\u00e0 straordinarie una variet\u00e0 di sistemi di controllo.<\/p>\n\n\n\n\t\t\t\t\n\t\t\t<\/div>\n\n\t\t\t\n\t\t\t\n\t\t\t\n\t\t<\/div>\n\t<\/div>\n<\/section>\n\n\n<div class=\"wp-block-group is-style-background-triangle-right has-white-color has-dark-blue-background-color has-text-color has-background is-layout-flow wp-block-group-is-layout-flow\"><div class=\"wp-block-group__inner-container\">\n<div class=\"wp-block-columns is-layout-flex wp-container-core-columns-layout-1 wp-block-columns-is-layout-flex\">\n<div class=\"wp-block-column is-layout-flow wp-block-column-is-layout-flow\" style=\"flex-basis:33.33%\">\n<h2 class=\"wp-block-heading\">Ricerca tecnologie<\/h2>\n\n\n\n<p>Sistemi e accessori che aumentano la gi\u00e0 notevole flessibilit\u00e0 e capacit\u00e0 offerte dalle gru Tadano.<\/p>\n<\/div>\n\n\n\n<div class=\"wp-block-column is-layout-flow wp-block-column-is-layout-flow\" style=\"flex-basis:66.66%\">\n\n<div class=\"links-block-wrapper\">\n  <div class=\"container\">\n    <section class=\"links-block\">\n\n\n              <div class=\"links-block\">\n                      \n\n            <div class=\"link-single\">\n                              <a href=\"https:\/\/www.tadano.com\/italia\/it\/technologies\/boom-booster-cc\/\">\n                                                      <strong class='title'>Boom Booster CC<\/strong>\n                                                        <p>Aumenta fino al 90% la capacit\u00e0 di sollevamento delle tue CC 38.650-1, CC 68.1250-1, e CC 88.1600-1 per sollevamenti pesanti con configurazioni a braccio lungo. Disponibile con le gru nuove o come retrofit.<\/p>\n                                  <\/a>\n              <\/div>\n\n                          \n\n            <div class=\"link-single\">\n                              <a href=\"https:\/\/www.tadano.com\/italia\/it\/technologies\/e-pack\/\">\n                                                      <strong class='title'>e-PACK<\/strong>\n                                                        <p>Funzionamento della gru con sistema elettroidraulico a zero emissioni. Perfetta per le aree urbane, di notte o per funzionare in spazi chiusi.<\/p>\n                                  <\/a>\n              <\/div>\n\n                          \n\n            <div class=\"link-single\">\n                              <a href=\"https:\/\/www.tadano.com\/italia\/it\/technologies\/flex-frame\/\">\n                                                      <strong class='title'>Flex Frame<\/strong>\n                                                        <p>Sostituendo il consueto cilindro di sfilo, il sistema Flex Frame consente di impostare facilmente il raggio di lavoro del contrappeso con il sistema superlift, riducendo il tempo di allestimento e di impilamento dei moduli del contrappeso.<\/p>\n                                  <\/a>\n              <\/div>\n\n                          \n\n            <div class=\"link-single\">\n                              <a href=\"https:\/\/www.tadano.com\/italia\/it\/technologies\/htoj\/\">\n                                                      <strong class='title'>HTOJ<\/strong>\n                                                        <p>Utilizza questo falcone ad azionamento idraulico completamente telescopico e inclinabile per sollevare senza problemi carichi oltre i bordi e in situazioni che presentano ostacoli verso l&#8217;alto. <\/p>\n                                  <\/a>\n              <\/div>\n\n                          \n\n            <div class=\"link-single\">\n                              <a href=\"https:\/\/www.tadano.com\/italia\/it\/technologies\/split-tray\/\">\n                                                      <strong class='title'>Split Tray<\/strong>\n                                                        <p>Aumenta l&#8217;efficienza grazie alla possibilit\u00e0 di sganciare facilmente i moduli del contrappeso non necessari, risparmiando tempo di assemblaggio e risorse di personale ed eliminando la necessit\u00e0 di una gru di assistenza.<\/p>\n                                  <\/a>\n              <\/div>\n\n                        <\/div>\n          \n        \n      <\/section>\n    <\/div>\n  <\/div><\/div>\n<\/div>\n<\/div><\/div>\n\n\n\n    <section class=\"news-section\">\n\n    <div class=\"container\">\n      <div class=\"text-block\">\n        <h2>Notizie<\/h2>\n                        \n                  <a href=\"https:\/\/www.tadano.com\/italia\/it\/news-list\/\" class=\"link-more\">ESPLORARE TUTTE le notizie<\/a>\n        \n\n                <div class=\"controls\">\n          <svg width=\"14\" height=\"31\" viewBox=\"0 0 14 31\" fill=\"none\" xmlns=\"http:\/\/www.w3.org\/2000\/svg\">\n           <path d=\"M13 1L1 15.5L13 30\" stroke=\"#fff\"\/>\n          <\/svg>\n          <svg width=\"15\" height=\"31\" viewBox=\"0 0 15 31\" fill=\"none\" xmlns=\"http:\/\/www.w3.org\/2000\/svg\">\n           <path d=\"M1 1L14 15.5L1 30\" stroke=\"#fff\"\/>\n          <\/svg>\n        <\/div>\n        \n\n        \n      <\/div>\n      <div class=\"slick-slider simple-slider\">\n                              <div>\n              <div class=\"news-single\">\n                <a href=\"https:\/\/www.tadano.com\/italia\/it\/news\/nuovo-jib-meccanico-orientabile-a-9-posizioni\/\">\n                  <strong class=\"title\">Nuovo jib meccanico orientabile a 9 posizioni<\/strong>\n                  <ul class=\"meta\">\n                    <li>Pubblicazione<\/li>\n                    <li><time datetime=\"2020-01-01\">Mar\/27\/2026<\/time><\/li>\n                  <\/ul>\n                <\/a>\n              <\/div>\n            <\/div>\n                      <div>\n              <div class=\"news-single\">\n                <a href=\"https:\/\/www.tadano.com\/italia\/it\/news\/nuovo-sales-manager-per-le-autogru-tadano-in-italia\/\">\n                  <strong class=\"title\">Nuovo Sales Manager per le autogr\u00f9 Tadano in Italia<\/strong>\n                  <ul class=\"meta\">\n                    <li>Pubblicazione<\/li>\n                    <li><time datetime=\"2020-01-01\">Gen\/21\/2026<\/time><\/li>\n                  <\/ul>\n                <\/a>\n              <\/div>\n            <\/div>\n                      <div>\n              <div class=\"news-single\">\n                <a href=\"https:\/\/www.tadano.com\/italia\/it\/news\/la-nuova-octoplus-30\/\">\n                  <strong class=\"title\">La nuova Octoplus 30<\/strong>\n                  <ul class=\"meta\">\n                    <li>Pubblicazione<\/li>\n                    <li><time datetime=\"2020-01-01\">Set\/25\/2025<\/time><\/li>\n                  <\/ul>\n                <\/a>\n              <\/div>\n            <\/div>\n                      <div>\n              <div class=\"news-single\">\n                <a href=\"https:\/\/www.tadano.com\/italia\/it\/news\/tadano-perfeziona-lacquisizione-della-divisione-sistemi-di-trasporto-di-ihi-transport-machinery\/\">\n                  <strong class=\"title\">Tadano perfeziona l&#8217;acquisizione della divisione sistemi di trasporto di IHI Transport Machinery<\/strong>\n                  <ul class=\"meta\">\n                    <li>Pubblicazione<\/li>\n                    <li><time datetime=\"2020-01-01\">Lug\/01\/2025<\/time><\/li>\n                  <\/ul>\n                <\/a>\n              <\/div>\n            <\/div>\n                      <div>\n              <div class=\"news-single\">\n                <a href=\"https:\/\/www.tadano.com\/italia\/it\/news\/vernazza-autogru-rafforza-la-flotta-con-tadano-ac-7-450-1\/\">\n                  <strong class=\"title\">Vernazza Autogr\u00f9 rafforza la flotta con Tadano AC 7.450-1<\/strong>\n                  <ul class=\"meta\">\n                    <li>Pubblicazione<\/li>\n                    <li><time datetime=\"2020-01-01\">Mag\/20\/2025<\/time><\/li>\n                  <\/ul>\n                <\/a>\n              <\/div>\n            <\/div>\n                      <div>\n              <div class=\"news-single\">\n                <a href=\"https:\/\/www.tadano.com\/italia\/it\/news\/autotrasporti-porro-amplia-la-flotta-con-le-gru-multistrada-tadano-ac-7-450-1-e-ac-4-080-1-confermate-al-bauma-2025\/\">\n                  <strong class=\"title\">Autotrasporti Porro amplia la flotta con le gru multistrada Tadano AC 7.450-1 e AC 4.080-1 confermate al bauma 2025<\/strong>\n                  <ul class=\"meta\">\n                    <li>Pubblicazione<\/li>\n                    <li><time datetime=\"2020-01-01\">Apr\/30\/2025<\/time><\/li>\n                  <\/ul>\n                <\/a>\n              <\/div>\n            <\/div>\n                      <div>\n              <div class=\"news-single\">\n                <a href=\"https:\/\/www.tadano.com\/italia\/it\/news\/autovictor-ordina-una-gru-multistrada-tadano-ac-6-300-1-al-bauma-2025\/\">\n                  <strong class=\"title\">Autovictor ordina una gru multistrada Tadano AC 6.300-1 al bauma 2025<\/strong>\n                  <ul class=\"meta\">\n                    <li>Pubblicazione<\/li>\n                    <li><time datetime=\"2020-01-01\">Apr\/22\/2025<\/time><\/li>\n                  <\/ul>\n                <\/a>\n              <\/div>\n            <\/div>\n                      <div>\n              <div class=\"news-single\">\n                <a href=\"https:\/\/www.tadano.com\/italia\/it\/news\/tadano-at-bauma-2025\/\">\n                  <strong class=\"title\">Tadano a bauma 2025<\/strong>\n                  <ul class=\"meta\">\n                    <li>Pubblicazione<\/li>\n                    <li><time datetime=\"2020-01-01\">Apr\/07\/2025<\/time><\/li>\n                  <\/ul>\n                <\/a>\n              <\/div>\n            <\/div>\n                      <div>\n              <div class=\"news-single\">\n                <a href=\"https:\/\/www.tadano.com\/italia\/it\/news\/the-new-ac-4-070hl-1-and-ac-5-120h-1-tadano-hybrid-cranes\/\">\n                  <strong class=\"title\">Le nuove gru ibride AC 4.070HL-1 e AC 5.120H-1 di Tadano<\/strong>\n                  <ul class=\"meta\">\n                    <li>Pubblicazione<\/li>\n                    <li><time datetime=\"2020-01-01\">Apr\/07\/2025<\/time><\/li>\n                  <\/ul>\n                <\/a>\n              <\/div>\n            <\/div>\n                      <div>\n              <div class=\"news-single\">\n                <a href=\"https:\/\/www.tadano.com\/italia\/it\/news\/pm-oil-steel-valla-a-bauma-2025\/\">\n                  <strong class=\"title\">PM, Oil &amp; Steel, Valla a bauma 2025<\/strong>\n                  <ul class=\"meta\">\n                    <li>Pubblicazione<\/li>\n                    <li><time datetime=\"2020-01-01\">Apr\/07\/2025<\/time><\/li>\n                  <\/ul>\n                <\/a>\n              <\/div>\n            <\/div>\n                        <\/div>\n    <\/div>\n  <\/section>\n  \n\n\n<p><\/p>\n","protected":false},"excerpt":{"rendered":"<p>Ricerca tecnologie Sistemi e accessori che aumentano la gi\u00e0 notevole flessibilit\u00e0 e capacit\u00e0 offerte dalle gru Tadano.<\/p>\n","protected":false},"author":1,"featured_media":0,"parent":706,"menu_order":0,"comment_status":"closed","ping_status":"closed","template":"","meta":{"_acf_changed":false,"footnotes":""},"acf":[],"yoast_head":"<!-- This site is optimized with the Yoast SEO plugin v22.3 - https:\/\/yoast.com\/wordpress\/plugins\/seo\/ -->\n<title>Hardware delle gru - Italy<\/title>\n<meta name=\"robots\" content=\"index, follow, max-snippet:-1, max-image-preview:large, max-video-preview:-1\" \/>\n<link rel=\"canonical\" href=\"https:\/\/www.tadano.com\/italia\/it\/tecnologia\/hardware-delle-gru\/\" \/>\n<meta property=\"og:locale\" content=\"it_IT\" \/>\n<meta property=\"og:type\" content=\"article\" \/>\n<meta property=\"og:title\" content=\"Hardware delle gru - Italy\" \/>\n<meta property=\"og:description\" content=\"Ricerca tecnologie Sistemi e accessori che aumentano la gi\u00e0 notevole flessibilit\u00e0 e capacit\u00e0 offerte dalle gru Tadano.\" \/>\n<meta property=\"og:url\" content=\"https:\/\/www.tadano.com\/italia\/it\/tecnologia\/hardware-delle-gru\/\" \/>\n<meta property=\"og:site_name\" content=\"Italy\" \/>\n<meta property=\"article:modified_time\" content=\"2026-02-16T07:40:23+00:00\" \/>\n<meta name=\"twitter:card\" content=\"summary_large_image\" \/>\n<meta name=\"twitter:label1\" content=\"Tempo di lettura stimato\" \/>\n\t<meta name=\"twitter:data1\" content=\"1 minuto\" \/>\n<script type=\"application\/ld+json\" class=\"yoast-schema-graph\">{\"@context\":\"https:\/\/schema.org\",\"@graph\":[{\"@type\":\"WebPage\",\"@id\":\"https:\/\/www.tadano.com\/italia\/it\/tecnologia\/hardware-delle-gru\/\",\"url\":\"https:\/\/www.tadano.com\/italia\/it\/tecnologia\/hardware-delle-gru\/\",\"name\":\"Hardware delle gru - Italy\",\"isPartOf\":{\"@id\":\"https:\/\/www.tadano.com\/italia\/it\/#website\"},\"datePublished\":\"2021-07-02T07:12:51+00:00\",\"dateModified\":\"2026-02-16T07:40:23+00:00\",\"breadcrumb\":{\"@id\":\"https:\/\/www.tadano.com\/italia\/it\/tecnologia\/hardware-delle-gru\/#breadcrumb\"},\"inLanguage\":\"it-IT\",\"potentialAction\":[{\"@type\":\"ReadAction\",\"target\":[\"https:\/\/www.tadano.com\/italia\/it\/tecnologia\/hardware-delle-gru\/\"]}]},{\"@type\":\"BreadcrumbList\",\"@id\":\"https:\/\/www.tadano.com\/italia\/it\/tecnologia\/hardware-delle-gru\/#breadcrumb\",\"itemListElement\":[{\"@type\":\"ListItem\",\"position\":1,\"name\":\"Tecnologia\",\"item\":\"https:\/\/www.tadano.com\/italia\/it\/tecnologia\/\"},{\"@type\":\"ListItem\",\"position\":2,\"name\":\"Hardware delle gru\"}]},{\"@type\":\"WebSite\",\"@id\":\"https:\/\/www.tadano.com\/italia\/it\/#website\",\"url\":\"https:\/\/www.tadano.com\/italia\/it\/\",\"name\":\"Italy\",\"description\":\"Just another TADANO EUROPE site\",\"potentialAction\":[{\"@type\":\"SearchAction\",\"target\":{\"@type\":\"EntryPoint\",\"urlTemplate\":\"https:\/\/www.tadano.com\/italia\/it\/?s={search_term_string}\"},\"query-input\":\"required name=search_term_string\"}],\"inLanguage\":\"it-IT\"}]}<\/script>\n<!-- \/ Yoast SEO plugin. -->","yoast_head_json":{"title":"Hardware delle gru - Italy","robots":{"index":"index","follow":"follow","max-snippet":"max-snippet:-1","max-image-preview":"max-image-preview:large","max-video-preview":"max-video-preview:-1"},"canonical":"https:\/\/www.tadano.com\/italia\/it\/tecnologia\/hardware-delle-gru\/","og_locale":"it_IT","og_type":"article","og_title":"Hardware delle gru - Italy","og_description":"Ricerca tecnologie Sistemi e accessori che aumentano la gi\u00e0 notevole flessibilit\u00e0 e capacit\u00e0 offerte dalle gru Tadano.","og_url":"https:\/\/www.tadano.com\/italia\/it\/tecnologia\/hardware-delle-gru\/","og_site_name":"Italy","article_modified_time":"2026-02-16T07:40:23+00:00","twitter_card":"summary_large_image","twitter_misc":{"Tempo di lettura stimato":"1 minuto"},"schema":{"@context":"https:\/\/schema.org","@graph":[{"@type":"WebPage","@id":"https:\/\/www.tadano.com\/italia\/it\/tecnologia\/hardware-delle-gru\/","url":"https:\/\/www.tadano.com\/italia\/it\/tecnologia\/hardware-delle-gru\/","name":"Hardware delle gru - Italy","isPartOf":{"@id":"https:\/\/www.tadano.com\/italia\/it\/#website"},"datePublished":"2021-07-02T07:12:51+00:00","dateModified":"2026-02-16T07:40:23+00:00","breadcrumb":{"@id":"https:\/\/www.tadano.com\/italia\/it\/tecnologia\/hardware-delle-gru\/#breadcrumb"},"inLanguage":"it-IT","potentialAction":[{"@type":"ReadAction","target":["https:\/\/www.tadano.com\/italia\/it\/tecnologia\/hardware-delle-gru\/"]}]},{"@type":"BreadcrumbList","@id":"https:\/\/www.tadano.com\/italia\/it\/tecnologia\/hardware-delle-gru\/#breadcrumb","itemListElement":[{"@type":"ListItem","position":1,"name":"Tecnologia","item":"https:\/\/www.tadano.com\/italia\/it\/tecnologia\/"},{"@type":"ListItem","position":2,"name":"Hardware delle gru"}]},{"@type":"WebSite","@id":"https:\/\/www.tadano.com\/italia\/it\/#website","url":"https:\/\/www.tadano.com\/italia\/it\/","name":"Italy","description":"Just another TADANO EUROPE site","potentialAction":[{"@type":"SearchAction","target":{"@type":"EntryPoint","urlTemplate":"https:\/\/www.tadano.com\/italia\/it\/?s={search_term_string}"},"query-input":"required name=search_term_string"}],"inLanguage":"it-IT"}]}},"_links":{"self":[{"href":"https:\/\/www.tadano.com\/italia\/it\/wp-json\/wp\/v2\/pages\/720"}],"collection":[{"href":"https:\/\/www.tadano.com\/italia\/it\/wp-json\/wp\/v2\/pages"}],"about":[{"href":"https:\/\/www.tadano.com\/italia\/it\/wp-json\/wp\/v2\/types\/page"}],"author":[{"embeddable":true,"href":"https:\/\/www.tadano.com\/italia\/it\/wp-json\/wp\/v2\/users\/1"}],"replies":[{"embeddable":true,"href":"https:\/\/www.tadano.com\/italia\/it\/wp-json\/wp\/v2\/comments?post=720"}],"version-history":[{"count":5,"href":"https:\/\/www.tadano.com\/italia\/it\/wp-json\/wp\/v2\/pages\/720\/revisions"}],"predecessor-version":[{"id":10629,"href":"https:\/\/www.tadano.com\/italia\/it\/wp-json\/wp\/v2\/pages\/720\/revisions\/10629"}],"up":[{"embeddable":true,"href":"https:\/\/www.tadano.com\/italia\/it\/wp-json\/wp\/v2\/pages\/706"}],"wp:attachment":[{"href":"https:\/\/www.tadano.com\/italia\/it\/wp-json\/wp\/v2\/media?parent=720"}],"curies":[{"name":"wp","href":"https:\/\/api.w.org\/{rel}","templated":true}]}}