{"id":726,"date":"2021-07-02T07:13:25","date_gmt":"2021-07-02T07:13:25","guid":{"rendered":"https:\/\/www.tadano.com\/italia\/tecnologia\/tutte-le-tecnologie\/"},"modified":"2025-05-20T13:34:32","modified_gmt":"2025-05-20T13:34:32","slug":"tutte-le-tecnologie","status":"publish","type":"page","link":"https:\/\/www.tadano.com\/italia\/it\/tecnologia\/tutte-le-tecnologie\/","title":{"rendered":"Tutte le tecnologie"},"content":{"rendered":"\n\n\n<section class=\"hero-section\">\n\n\t\n\t\n\t\n\t<div class=\"img-holder \">\n\t\t\t\t<div class=\"bg-stretch\" style=\"background-position: 50% 50%; \">\n\t\t\t<span data-srcset=\"https:\/\/assets.onetadano.com\/celum_assets\/hero\/Demag+IC-1+Remote+%281%29.jpg, https:\/\/assets.onetadano.com\/celum_assets\/hero-2x\/Demag+IC-1+Remote+%281%29.jpg 2x\"><\/span>\n\t\t<\/div>\n\t\t\t\t\t\t<div class=\"logo green-solutions\" style=\"display:none;\">\n\t\t\t<a href=\"#\"><img decoding=\"async\" src=\"https:\/\/www.tadano.com\/italia\/wp-content\/themes\/tadano\/assets\/dist\/images\/Green-Solutions_Logo_White.svg\"><\/a>\n\t\t<\/div>\n\t<\/div>\n\t<div class=\"container\">\n\t\t<div class=\"text-holder \">\n\t\t\t<div class=\"wrap\">\n\t\t\t\t\n\t\t\t\t<ul class=\"breadcrumbs\"><li><a href=\"https:\/\/www.tadano.com\/italia\/it\/\">Homepage<\/a><\/li><\/ul>\n\t\t\t\t\n\n<h1 class=\"wp-block-heading\">Tutte le tecnologie<\/h1>\n\n\n\n<p>Dalle nostre tecnologie di sollevamento ai nostri servizi di assistenza intelligenti, consideriamo ogni prodotto come un mezzo per migliorare l&#8217;esperienza che si ha del sollevamento, rendendolo pi\u00f9 efficiente e pi\u00f9 economico per la tua azienda.<\/p>\n\n\n\n\t\t\t\t\n\t\t\t<\/div>\n\n\t\t\t\n\t\t\t\n\t\t\t\n\t\t<\/div>\n\t<\/div>\n<\/section>\n\n\n<div class=\"wp-block-group is-style-background-triangle-right has-white-color has-dark-blue-background-color has-text-color has-background is-layout-flow wp-block-group-is-layout-flow\"><div class=\"wp-block-group__inner-container\">\n<div class=\"wp-block-columns is-layout-flex wp-container-core-columns-layout-1 wp-block-columns-is-layout-flex\">\n<div class=\"wp-block-column is-layout-flow wp-block-column-is-layout-flow\" style=\"flex-basis:33.33%\">\n<h2 class=\"wp-block-heading\">RICERCA TECNOLOGIE<\/h2>\n\n\n\n<p>Le tecnologie innovative di Tadano si combinano con servizi di assistenza intelligenti per rendere ogni sollevamento efficiente ed economico per la tua azienda.<\/p>\n<\/div>\n\n\n\n<div class=\"wp-block-column is-layout-flow wp-block-column-is-layout-flow\" style=\"flex-basis:66.66%\">\n\n<div class=\"links-block-wrapper\">\n  <div class=\"container\">\n    <section class=\"links-block\">\n\n\n              <div class=\"links-block\">\n                      \n\n            <div class=\"link-single\">\n                              <a href=\"https:\/\/www.tadano.com\/italia\/it\/technologies\/aml-e\/\">\n                                                      <strong class='title'>AML-E<\/strong>\n                                                        <p>Gli aggiornamenti pi\u00f9 recenti per la regolazione e il monitoraggio con le funzionalit\u00e0 pi\u00f9 avanzate per leggere i parametri essenziali, impostare i limiti di sollevamento, risolvere facilmente i problemi e altro ancora.<\/p>\n                                  <\/a>\n              <\/div>\n\n                          \n\n            <div class=\"link-single\">\n                              <a href=\"https:\/\/www.tadano.com\/italia\/it\/technologies\/aml-f\/\">\n                                                      <strong class='title'>AML-F<\/strong>\n                                                        <p>Il comando AML-F \u00e8 il pi\u00f9 recente sistema di controllo per gru multistrada Tadano, gru su autocarro e gru cingolate a braccio telescopico.<\/p>\n                                  <\/a>\n              <\/div>\n\n                          \n\n            <div class=\"link-single\">\n                              <a href=\"https:\/\/www.tadano.com\/italia\/it\/technologies\/boom-booster-cc\/\">\n                                                      <strong class='title'>Boom Booster CC<\/strong>\n                                                        <p>Aumenta fino al 90% la capacit\u00e0 di sollevamento delle tue CC 38.650-1, CC 68.1250-1, e CC 88.1600-1 per sollevamenti pesanti con configurazioni a braccio lungo. Disponibile con le gru nuove o come retrofit.<\/p>\n                                  <\/a>\n              <\/div>\n\n                          \n\n            <div class=\"link-single\">\n                              <a href=\"https:\/\/www.tadano.com\/italia\/it\/technologies\/carburante-diesel-alternativo\/\">\n                                                      <strong class='title'>Carburante diesel alternativo<\/strong>\n                                                        <p>Tutte le gru Tadano oggi disponibili possono essere utilizzate anche con vari carburanti diesel alternativi, in base al modello. In diversi casi, l&#8217;uso di tali carburanti permette alla gru di generare meno emissioni e quindi di essere pi\u00f9 rispettosa del clima e dell&#8217;ambiente.<\/p>\n                                  <\/a>\n              <\/div>\n\n                          \n\n            <div class=\"link-single\">\n                              <a href=\"https:\/\/www.tadano.com\/italia\/it\/technologies\/e-pack\/\">\n                                                      <strong class='title'>e-PACK<\/strong>\n                                                        <p>Funzionamento della gru con sistema elettroidraulico a zero emissioni. Perfetta per le aree urbane, di notte o per funzionare in spazi chiusi.<\/p>\n                                  <\/a>\n              <\/div>\n\n                          \n\n            <div class=\"link-single\">\n                              <a href=\"https:\/\/www.tadano.com\/italia\/it\/technologies\/flex-base\/\">\n                                                      <strong class='title'>Flex Base<\/strong>\n                                                        <p>Il sistema di posizionamento continuo degli stabilizzatori definisce la loro posizione in tempo reale a seconda dell&#8217;angolo di rotazione della torretta per ogni posizione del braccio.<\/p>\n                                  <\/a>\n              <\/div>\n\n                          \n\n            <div class=\"link-single\">\n                              <a href=\"https:\/\/www.tadano.com\/italia\/it\/technologies\/flex-frame\/\">\n                                                      <strong class='title'>Flex Frame<\/strong>\n                                                        <p>Sostituendo il consueto cilindro di sfilo, il sistema Flex Frame consente di impostare facilmente il raggio di lavoro del contrappeso con il sistema superlift, riducendo il tempo di allestimento e di impilamento dei moduli del contrappeso.<\/p>\n                                  <\/a>\n              <\/div>\n\n                          \n\n            <div class=\"link-single\">\n                              <a href=\"https:\/\/www.tadano.com\/italia\/it\/technologies\/hello-net\/\">\n                                                      <strong class='title'>Hello-Net<\/strong>\n                                                        <p>Il sistema telematico ti assiste nella gestione della gru fornendo dati dettagliati sullo stato di funzionamento, la posizione e la manutenzione.<\/p>\n                                  <\/a>\n              <\/div>\n\n                          \n\n            <div class=\"link-single\">\n                              <a href=\"https:\/\/www.tadano.com\/italia\/it\/technologies\/heytadano\/\">\n                                                      <strong class='title'>HeyTadano<\/strong>\n                                                        <p>Assistente gru con intelligenza artificiale per un accesso immediato alle conoscenze di Tadano. Disponibile sempre e ovunque, in cantiere o in ufficio.<\/p>\n                                  <\/a>\n              <\/div>\n\n                          \n\n            <div class=\"link-single\">\n                              <a href=\"https:\/\/www.tadano.com\/italia\/it\/technologies\/htoj\/\">\n                                                      <strong class='title'>HTOJ<\/strong>\n                                                        <p>Utilizza questo falcone ad azionamento idraulico completamente telescopico e inclinabile per sollevare senza problemi carichi oltre i bordi e in situazioni che presentano ostacoli verso l&#8217;alto. <\/p>\n                                  <\/a>\n              <\/div>\n\n                          \n\n            <div class=\"link-single\">\n                              <a href=\"https:\/\/www.tadano.com\/italia\/it\/technologies\/ic-1-per-le-gru-cc\/\">\n                                                      <strong class='title'>IC-1 per le gru CC<\/strong>\n                                                        <p>Migliora l&#8217;efficienza delle tue gru cingolate a traliccio con controlli intuitivi per allestimento, utilizzo e manutenzione.<\/p>\n                                  <\/a>\n              <\/div>\n\n                          \n\n            <div class=\"link-single\">\n                              <a href=\"https:\/\/www.tadano.com\/italia\/it\/technologies\/ic-1-plus\/\">\n                                                      <strong class='title'>IC-1 Plus<\/strong>\n                                                        <p>Consente maggior flessibilit\u00e0 determinando direttamente in tempo reale la capacit\u00e0 della gru e permettendo di adottare pi\u00f9 configurazioni asimmetriche degli stabilizzatori per lavorare in spazi ristretti. Un contrappeso ridotto comporta minori costi di trasporto.<\/p>\n                                  <\/a>\n              <\/div>\n\n                          \n\n            <div class=\"link-single\">\n                              <a href=\"https:\/\/www.tadano.com\/italia\/it\/technologies\/ic-1-remote\/\">\n                                                      <strong class='title'>IC-1 Remote<\/strong>\n                                                        <p>Soluzione telematica avanzata che garantisce la visualizzazione in tempo reale dei dati su cloud rendendo pi\u00f9 efficiente la pianificazione del lavoro, consente di risolvere i problemi da remoto e di ridurre i tempi di inattivit\u00e0. <\/p>\n                                  <\/a>\n              <\/div>\n\n                          \n\n            <div class=\"link-single\">\n                              <a href=\"https:\/\/www.tadano.com\/italia\/it\/technologies\/lift-adjuster\/\">\n                                                      <strong class='title'>Lift Adjuster<\/strong>\n                                                        <p>Questo sistema unico ed esclusivo aiuta tutti gli operatori di gru fuoristrada a monitorare e regolare il movimento dei carichi monitorando al contempo l&#8217;ambiente circostante.<\/p>\n                                  <\/a>\n              <\/div>\n\n                          \n\n            <div class=\"link-single\">\n                              <a href=\"https:\/\/www.tadano.com\/italia\/it\/technologies\/opti-width\/\">\n                                                      <strong class='title'>Opti-Width<\/strong>\n                                                        <p>I diagrammi di carico consentono infinite combinazioni di configurazioni con larghezza tra i cingoli simmetrica e asimmetrica e, di conseguenza, notevoli miglioramenti della capacit\u00e0 di sollevamento.<\/p>\n                                  <\/a>\n              <\/div>\n\n                          \n\n            <div class=\"link-single\">\n                              <a href=\"https:\/\/www.tadano.com\/italia\/it\/technologies\/sistema-eco-mode\/\">\n                                                      <strong class='title'>Sistema Eco Mode<\/strong>\n                                                        <p>Con la modalit\u00e0 Eco \u00e8 possibile regolare la velocit\u00e0 massima del motore per ridurre le emissioni, il consumo di carburante e il rumore, garantendo al contempo un funzionamento stabile della gru.<\/p>\n                                  <\/a>\n              <\/div>\n\n                          \n\n            <div class=\"link-single\">\n                              <a href=\"https:\/\/www.tadano.com\/italia\/it\/technologies\/smart-chart\/\">\n                                                      <strong class='title'>Smart Chart<\/strong>\n                                                        <p>Non puoi estendere completamente tutti gli stabilizzatori? Smart Chart ridisegna letteralmente l&#8217;area di lavoro convenzionale per migliorare significativamente la produttivit\u00e0.<\/p>\n                                  <\/a>\n              <\/div>\n\n                          \n\n            <div class=\"link-single\">\n                              <a href=\"https:\/\/www.tadano.com\/italia\/it\/technologies\/split-tray\/\">\n                                                      <strong class='title'>Split Tray<\/strong>\n                                                        <p>Aumenta l&#8217;efficienza grazie alla possibilit\u00e0 di sganciare facilmente i moduli del contrappeso non necessari, risparmiando tempo di assemblaggio e risorse di personale ed eliminando la necessit\u00e0 di una gru di assistenza.<\/p>\n                                  <\/a>\n              <\/div>\n\n                          \n\n            <div class=\"link-single\">\n                              <a href=\"https:\/\/www.tadano.com\/italia\/it\/technologies\/start-stop\/\">\n                                                      <strong class='title'>Start-Stop<\/strong>\n                                                        <p>La funzione start-stop consente di arrestare manualmente il motore con la semplice pressione di un pulsante nella cabina durante l&#8217;uso della gru, per evitare tempi di funzionamento senza utilizzo. In questo modo si riducono i consumi di carburante della gru, le emissioni e le ore di funzionamento. Sebbene il motore venga arrestato, il sistema di comando della gru resta attivo e dopo il riavvio la gru \u00e8 subito pronta a ripartire.<\/p>\n                                  <\/a>\n              <\/div>\n\n                          \n\n            <div class=\"link-single\">\n                              <a href=\"https:\/\/www.tadano.com\/italia\/it\/technologies\/surround-view\/\">\n                                                      <strong class='title'>Surround View<\/strong>\n                                                        <p>Con il sistema a sei telecamere che fornisce una visione completa degli ostacoli a 360\u00b0, scopri i punti ciechi e visualizzi il raggio di rotazione posteriore, la portata degli stabilizzatori e altro ancora.<\/p>\n                                  <\/a>\n              <\/div>\n\n                        <\/div>\n          \n        \n      <\/section>\n    <\/div>\n  <\/div><\/div>\n<\/div>\n<\/div><\/div>\n\n\n\n    <section class=\"news-section\">\n\n    <div class=\"container\">\n      <div class=\"text-block\">\n        <h2>Notizie<\/h2>\n                        \n                  <a href=\"https:\/\/www.tadano.com\/italia\/it\/news-list\/\" class=\"link-more\">ESPLORARE TUTTE le notizie<\/a>\n        \n\n                <div class=\"controls\">\n          <svg width=\"14\" height=\"31\" viewBox=\"0 0 14 31\" fill=\"none\" xmlns=\"http:\/\/www.w3.org\/2000\/svg\">\n           <path d=\"M13 1L1 15.5L13 30\" stroke=\"#fff\"\/>\n          <\/svg>\n          <svg width=\"15\" height=\"31\" viewBox=\"0 0 15 31\" fill=\"none\" xmlns=\"http:\/\/www.w3.org\/2000\/svg\">\n           <path d=\"M1 1L14 15.5L1 30\" stroke=\"#fff\"\/>\n          <\/svg>\n        <\/div>\n        \n\n        \n      <\/div>\n      <div class=\"slick-slider simple-slider\">\n                              <div>\n              <div class=\"news-single\">\n                <a href=\"https:\/\/www.tadano.com\/italia\/it\/news\/nuovo-jib-meccanico-orientabile-a-9-posizioni\/\">\n                  <strong class=\"title\">Nuovo jib meccanico orientabile a 9 posizioni<\/strong>\n                  <ul class=\"meta\">\n                    <li>Pubblicazione<\/li>\n                    <li><time datetime=\"2020-01-01\">Mar\/27\/2026<\/time><\/li>\n                  <\/ul>\n                <\/a>\n              <\/div>\n            <\/div>\n                      <div>\n              <div class=\"news-single\">\n                <a href=\"https:\/\/www.tadano.com\/italia\/it\/news\/nuovo-sales-manager-per-le-autogru-tadano-in-italia\/\">\n                  <strong class=\"title\">Nuovo Sales Manager per le autogr\u00f9 Tadano in Italia<\/strong>\n                  <ul class=\"meta\">\n                    <li>Pubblicazione<\/li>\n                    <li><time datetime=\"2020-01-01\">Gen\/21\/2026<\/time><\/li>\n                  <\/ul>\n                <\/a>\n              <\/div>\n            <\/div>\n                      <div>\n              <div class=\"news-single\">\n                <a href=\"https:\/\/www.tadano.com\/italia\/it\/news\/la-nuova-octoplus-30\/\">\n                  <strong class=\"title\">La nuova Octoplus 30<\/strong>\n                  <ul class=\"meta\">\n                    <li>Pubblicazione<\/li>\n                    <li><time datetime=\"2020-01-01\">Set\/25\/2025<\/time><\/li>\n                  <\/ul>\n                <\/a>\n              <\/div>\n            <\/div>\n                      <div>\n              <div class=\"news-single\">\n                <a href=\"https:\/\/www.tadano.com\/italia\/it\/news\/tadano-perfeziona-lacquisizione-della-divisione-sistemi-di-trasporto-di-ihi-transport-machinery\/\">\n                  <strong class=\"title\">Tadano perfeziona l&#8217;acquisizione della divisione sistemi di trasporto di IHI Transport Machinery<\/strong>\n                  <ul class=\"meta\">\n                    <li>Pubblicazione<\/li>\n                    <li><time datetime=\"2020-01-01\">Lug\/01\/2025<\/time><\/li>\n                  <\/ul>\n                <\/a>\n              <\/div>\n            <\/div>\n                      <div>\n              <div class=\"news-single\">\n                <a href=\"https:\/\/www.tadano.com\/italia\/it\/news\/vernazza-autogru-rafforza-la-flotta-con-tadano-ac-7-450-1\/\">\n                  <strong class=\"title\">Vernazza Autogr\u00f9 rafforza la flotta con Tadano AC 7.450-1<\/strong>\n                  <ul class=\"meta\">\n                    <li>Pubblicazione<\/li>\n                    <li><time datetime=\"2020-01-01\">Mag\/20\/2025<\/time><\/li>\n                  <\/ul>\n                <\/a>\n              <\/div>\n            <\/div>\n                      <div>\n              <div class=\"news-single\">\n                <a href=\"https:\/\/www.tadano.com\/italia\/it\/news\/autotrasporti-porro-amplia-la-flotta-con-le-gru-multistrada-tadano-ac-7-450-1-e-ac-4-080-1-confermate-al-bauma-2025\/\">\n                  <strong class=\"title\">Autotrasporti Porro amplia la flotta con le gru multistrada Tadano AC 7.450-1 e AC 4.080-1 confermate al bauma 2025<\/strong>\n                  <ul class=\"meta\">\n                    <li>Pubblicazione<\/li>\n                    <li><time datetime=\"2020-01-01\">Apr\/30\/2025<\/time><\/li>\n                  <\/ul>\n                <\/a>\n              <\/div>\n            <\/div>\n                      <div>\n              <div class=\"news-single\">\n                <a href=\"https:\/\/www.tadano.com\/italia\/it\/news\/autovictor-ordina-una-gru-multistrada-tadano-ac-6-300-1-al-bauma-2025\/\">\n                  <strong class=\"title\">Autovictor ordina una gru multistrada Tadano AC 6.300-1 al bauma 2025<\/strong>\n                  <ul class=\"meta\">\n                    <li>Pubblicazione<\/li>\n                    <li><time datetime=\"2020-01-01\">Apr\/22\/2025<\/time><\/li>\n                  <\/ul>\n                <\/a>\n              <\/div>\n            <\/div>\n                      <div>\n              <div class=\"news-single\">\n                <a href=\"https:\/\/www.tadano.com\/italia\/it\/news\/tadano-at-bauma-2025\/\">\n                  <strong class=\"title\">Tadano a bauma 2025<\/strong>\n                  <ul class=\"meta\">\n                    <li>Pubblicazione<\/li>\n                    <li><time datetime=\"2020-01-01\">Apr\/07\/2025<\/time><\/li>\n                  <\/ul>\n                <\/a>\n              <\/div>\n            <\/div>\n                      <div>\n              <div class=\"news-single\">\n                <a href=\"https:\/\/www.tadano.com\/italia\/it\/news\/the-new-ac-4-070hl-1-and-ac-5-120h-1-tadano-hybrid-cranes\/\">\n                  <strong class=\"title\">Le nuove gru ibride AC 4.070HL-1 e AC 5.120H-1 di Tadano<\/strong>\n                  <ul class=\"meta\">\n                    <li>Pubblicazione<\/li>\n                    <li><time datetime=\"2020-01-01\">Apr\/07\/2025<\/time><\/li>\n                  <\/ul>\n                <\/a>\n              <\/div>\n            <\/div>\n                      <div>\n              <div class=\"news-single\">\n                <a href=\"https:\/\/www.tadano.com\/italia\/it\/news\/pm-oil-steel-valla-a-bauma-2025\/\">\n                  <strong class=\"title\">PM, Oil &amp; Steel, Valla a bauma 2025<\/strong>\n                  <ul class=\"meta\">\n                    <li>Pubblicazione<\/li>\n                    <li><time datetime=\"2020-01-01\">Apr\/07\/2025<\/time><\/li>\n                  <\/ul>\n                <\/a>\n              <\/div>\n            <\/div>\n                        <\/div>\n    <\/div>\n  <\/section>\n  \n\n\n<p><\/p>\n","protected":false},"excerpt":{"rendered":"<p>RICERCA TECNOLOGIE Le tecnologie innovative di Tadano si combinano con servizi di assistenza intelligenti per rendere ogni sollevamento efficiente ed economico per la tua azienda.<\/p>\n","protected":false},"author":1,"featured_media":0,"parent":706,"menu_order":0,"comment_status":"closed","ping_status":"closed","template":"","meta":{"_acf_changed":false,"footnotes":""},"acf":[],"yoast_head":"<!-- This site is optimized with the Yoast SEO plugin v22.3 - https:\/\/yoast.com\/wordpress\/plugins\/seo\/ -->\n<title>Tutte le tecnologie - Italy<\/title>\n<meta name=\"robots\" content=\"index, follow, max-snippet:-1, max-image-preview:large, max-video-preview:-1\" \/>\n<link rel=\"canonical\" href=\"https:\/\/www.tadano.com\/italia\/it\/tecnologia\/tutte-le-tecnologie\/\" \/>\n<meta property=\"og:locale\" content=\"it_IT\" \/>\n<meta property=\"og:type\" content=\"article\" \/>\n<meta property=\"og:title\" content=\"Tutte le tecnologie - Italy\" \/>\n<meta property=\"og:description\" content=\"RICERCA TECNOLOGIE Le tecnologie innovative di Tadano si combinano con servizi di assistenza intelligenti per rendere ogni sollevamento efficiente ed economico per la tua azienda.\" \/>\n<meta property=\"og:url\" content=\"https:\/\/www.tadano.com\/italia\/it\/tecnologia\/tutte-le-tecnologie\/\" \/>\n<meta property=\"og:site_name\" content=\"Italy\" \/>\n<meta property=\"article:modified_time\" content=\"2025-05-20T13:34:32+00:00\" \/>\n<meta name=\"twitter:card\" content=\"summary_large_image\" \/>\n<meta name=\"twitter:label1\" content=\"Tempo di lettura stimato\" \/>\n\t<meta name=\"twitter:data1\" content=\"1 minuto\" \/>\n<script type=\"application\/ld+json\" class=\"yoast-schema-graph\">{\"@context\":\"https:\/\/schema.org\",\"@graph\":[{\"@type\":\"WebPage\",\"@id\":\"https:\/\/www.tadano.com\/italia\/it\/tecnologia\/tutte-le-tecnologie\/\",\"url\":\"https:\/\/www.tadano.com\/italia\/it\/tecnologia\/tutte-le-tecnologie\/\",\"name\":\"Tutte le tecnologie - Italy\",\"isPartOf\":{\"@id\":\"https:\/\/www.tadano.com\/italia\/it\/#website\"},\"datePublished\":\"2021-07-02T07:13:25+00:00\",\"dateModified\":\"2025-05-20T13:34:32+00:00\",\"inLanguage\":\"it-IT\",\"potentialAction\":[{\"@type\":\"ReadAction\",\"target\":[\"https:\/\/www.tadano.com\/italia\/it\/tecnologia\/tutte-le-tecnologie\/\"]}]},{\"@type\":\"WebSite\",\"@id\":\"https:\/\/www.tadano.com\/italia\/it\/#website\",\"url\":\"https:\/\/www.tadano.com\/italia\/it\/\",\"name\":\"Italy\",\"description\":\"Just another TADANO EUROPE site\",\"potentialAction\":[{\"@type\":\"SearchAction\",\"target\":{\"@type\":\"EntryPoint\",\"urlTemplate\":\"https:\/\/www.tadano.com\/italia\/it\/?s={search_term_string}\"},\"query-input\":\"required name=search_term_string\"}],\"inLanguage\":\"it-IT\"}]}<\/script>\n<!-- \/ Yoast SEO plugin. -->","yoast_head_json":{"title":"Tutte le tecnologie - Italy","robots":{"index":"index","follow":"follow","max-snippet":"max-snippet:-1","max-image-preview":"max-image-preview:large","max-video-preview":"max-video-preview:-1"},"canonical":"https:\/\/www.tadano.com\/italia\/it\/tecnologia\/tutte-le-tecnologie\/","og_locale":"it_IT","og_type":"article","og_title":"Tutte le tecnologie - Italy","og_description":"RICERCA TECNOLOGIE Le tecnologie innovative di Tadano si combinano con servizi di assistenza intelligenti per rendere ogni sollevamento efficiente ed economico per la tua azienda.","og_url":"https:\/\/www.tadano.com\/italia\/it\/tecnologia\/tutte-le-tecnologie\/","og_site_name":"Italy","article_modified_time":"2025-05-20T13:34:32+00:00","twitter_card":"summary_large_image","twitter_misc":{"Tempo di lettura stimato":"1 minuto"},"schema":{"@context":"https:\/\/schema.org","@graph":[{"@type":"WebPage","@id":"https:\/\/www.tadano.com\/italia\/it\/tecnologia\/tutte-le-tecnologie\/","url":"https:\/\/www.tadano.com\/italia\/it\/tecnologia\/tutte-le-tecnologie\/","name":"Tutte le tecnologie - Italy","isPartOf":{"@id":"https:\/\/www.tadano.com\/italia\/it\/#website"},"datePublished":"2021-07-02T07:13:25+00:00","dateModified":"2025-05-20T13:34:32+00:00","inLanguage":"it-IT","potentialAction":[{"@type":"ReadAction","target":["https:\/\/www.tadano.com\/italia\/it\/tecnologia\/tutte-le-tecnologie\/"]}]},{"@type":"WebSite","@id":"https:\/\/www.tadano.com\/italia\/it\/#website","url":"https:\/\/www.tadano.com\/italia\/it\/","name":"Italy","description":"Just another TADANO EUROPE site","potentialAction":[{"@type":"SearchAction","target":{"@type":"EntryPoint","urlTemplate":"https:\/\/www.tadano.com\/italia\/it\/?s={search_term_string}"},"query-input":"required name=search_term_string"}],"inLanguage":"it-IT"}]}},"_links":{"self":[{"href":"https:\/\/www.tadano.com\/italia\/it\/wp-json\/wp\/v2\/pages\/726"}],"collection":[{"href":"https:\/\/www.tadano.com\/italia\/it\/wp-json\/wp\/v2\/pages"}],"about":[{"href":"https:\/\/www.tadano.com\/italia\/it\/wp-json\/wp\/v2\/types\/page"}],"author":[{"embeddable":true,"href":"https:\/\/www.tadano.com\/italia\/it\/wp-json\/wp\/v2\/users\/1"}],"replies":[{"embeddable":true,"href":"https:\/\/www.tadano.com\/italia\/it\/wp-json\/wp\/v2\/comments?post=726"}],"version-history":[{"count":5,"href":"https:\/\/www.tadano.com\/italia\/it\/wp-json\/wp\/v2\/pages\/726\/revisions"}],"predecessor-version":[{"id":10399,"href":"https:\/\/www.tadano.com\/italia\/it\/wp-json\/wp\/v2\/pages\/726\/revisions\/10399"}],"up":[{"embeddable":true,"href":"https:\/\/www.tadano.com\/italia\/it\/wp-json\/wp\/v2\/pages\/706"}],"wp:attachment":[{"href":"https:\/\/www.tadano.com\/italia\/it\/wp-json\/wp\/v2\/media?parent=726"}],"curies":[{"name":"wp","href":"https:\/\/api.w.org\/{rel}","templated":true}]}}