{"id":7481,"date":"2021-03-18T15:17:08","date_gmt":"2021-03-18T15:17:08","guid":{"rendered":"https:\/\/www.tadano.com\/latam\/product-overview\/"},"modified":"2021-08-11T15:27:44","modified_gmt":"2021-08-11T15:27:44","slug":"product-overview","status":"publish","type":"page","link":"https:\/\/www.tadano.com\/latam\/es\/product-overview\/","title":{"rendered":"Resumen De Productos"},"content":{"rendered":"\n\n\n<section class=\"hero-section\">\n\n\t\n\t\t\t<style type=\"text\/css\">\n\t\t\t.hero-section .img-holder:before {\n\t\t\t\tdisplay: none;\n\t\t\t}\n\t\t<\/style>\n\t\n\t\n\t<div class=\"img-holder \">\n\t\t\t\t<div class=\"bg-stretch\" style=\"background-position: 50% 50%; \">\n\t\t\t<span data-srcset=\"https:\/\/assets.onetadano.com\/celum_assets\/hero\/TADANO_line-up_june_2021.jpg, https:\/\/assets.onetadano.com\/celum_assets\/hero-2x\/TADANO_line-up_june_2021.jpg 2x\"><\/span>\n\t\t<\/div>\n\t\t\t\t\t\t<div class=\"logo green-solutions\" style=\"display:none;\">\n\t\t\t<a href=\"#\"><img decoding=\"async\" src=\"https:\/\/www.tadano.com\/latam\/wp-content\/themes\/tadano\/assets\/dist\/images\/Green-Solutions_Logo_White.svg\"><\/a>\n\t\t<\/div>\n\t<\/div>\n\t<div class=\"container\">\n\t\t<div class=\"text-holder \">\n\t\t\t<div class=\"wrap\">\n\t\t\t\t\n\t\t\t\t<ul class=\"breadcrumbs\"><li><a href=\"https:\/\/www.tadano.com\/latam\/es\/\">Inicio<\/a><\/li><\/ul>\n\t\t\t\t\n\n<h1 class=\"wp-block-heading\">RESUMEN DE PRODUCTOS<\/h1>\n\n\n\n<p>Las gr\u00faas Tadano cuentan con un dise\u00f1o, ingenier\u00eda y componentes de calidad superior para brindar una fiabilidad inigualable. \u00bfEl resultado? Un valor excepcional con cada modelo de gr\u00faa.<\/p>\n\n\n\n<div class=\"wp-block-buttons is-layout-flex wp-block-buttons-is-layout-flex\">\n<div class=\"wp-block-button\"><a class=\"wp-block-button__link\" href=\"https:\/\/www.tadano.com\/en\/about\/contact-us\/\">SOLICITAR AHORA<\/a><\/div>\n<\/div>\n\n\n\n\t\t\t\t\n\t\t\t<\/div>\n\n\t\t\t\n\t\t\t\n\t\t\t\n\t\t<\/div>\n\t<\/div>\n<\/section>\n\n\n\n\n    \n  <section class=\"related-products\">\n    <div class=\"container\">\n      <div class=\"heading\">\n      <h2>Gr\u00faas todo terreno<\/h2>\n        <a href=\"https:\/\/www.tadano.com\/latam\/en\/all-terrain-cranes\/\" class=\"link-all desktop-only\">Ver todo<\/a>\n      <\/div>\n\n              <div class=\"r-products\">\n                      \n            <div class=\"r-product-single\">\n              <a href=\"https:\/\/www.tadano.com\/latam\/es\/equipos-de-elevacion\/gruas-todo-terreno\/ac-2-040-1\/\">\n                <div class=\"img-holder\">\n                                    <div class=\"bg-stretch\" >\n                    <span data-srcset=\"https:\/\/mediahub.tadano.com\/m\/348f34df52e14990\/img_thumb-img_tadano_AC2040-1_cutout_side.png, https:\/\/mediahub.tadano.com\/m\/348f34df52e14990\/img_thumb_2x-img_tadano_AC2040-1_cutout_side.png 2x\"><\/span>\n                  <\/div>\n                                  <\/div>\n                <div class=\"text-block\">\n                  <strong class=\"title\">AC 2.040-1<\/strong>\n                  <span class=\"category\">\n                                      <\/span>\n                <\/div>\n              <\/a>\n            <\/div>\n                      \n            <div class=\"r-product-single\">\n              <a href=\"https:\/\/www.tadano.com\/latam\/es\/equipos-de-elevacion\/gruas-todo-terreno\/ac-3-060-1\/\">\n                <div class=\"img-holder\">\n                                    <div class=\"bg-stretch\" >\n                    <span data-srcset=\"https:\/\/mediahub.tadano.com\/m\/9e23aa811faaee6\/img_thumb-img_tadano_AC3060-1_cutout_side.png, https:\/\/mediahub.tadano.com\/m\/9e23aa811faaee6\/img_thumb_2x-img_tadano_AC3060-1_cutout_side.png 2x\"><\/span>\n                  <\/div>\n                                  <\/div>\n                <div class=\"text-block\">\n                  <strong class=\"title\">AC 3.060-1<\/strong>\n                  <span class=\"category\">\n                                      <\/span>\n                <\/div>\n              <\/a>\n            <\/div>\n                      \n            <div class=\"r-product-single\">\n              <a href=\"https:\/\/www.tadano.com\/latam\/es\/equipos-de-elevacion\/gruas-todo-terreno\/ac-3-060-2\/\">\n                <div class=\"img-holder\">\n                                    <div class=\"bg-stretch\" >\n                    <span data-srcset=\"https:\/\/mediahub.tadano.com\/m\/1f157511c04e5b9b\/img_thumb-img_tadano_AC3060-2_cutout_side.png, https:\/\/mediahub.tadano.com\/m\/1f157511c04e5b9b\/img_thumb_2x-img_tadano_AC3060-2_cutout_side.png 2x\"><\/span>\n                  <\/div>\n                                  <\/div>\n                <div class=\"text-block\">\n                  <strong class=\"title\">AC 3.060-2<\/strong>\n                  <span class=\"category\">\n                                      <\/span>\n                <\/div>\n              <\/a>\n            <\/div>\n                      \n            <div class=\"r-product-single\">\n              <a href=\"https:\/\/www.tadano.com\/latam\/es\/equipos-de-elevacion\/gruas-todo-terreno\/ac-4-070-2\/\">\n                <div class=\"img-holder\">\n                                    <div class=\"bg-stretch\" >\n                    <span data-srcset=\"https:\/\/mediahub.tadano.com\/m\/60b9563a47f9e4d2\/img_thumb-img_tadano_AC4070-2_cutout_side.png, https:\/\/mediahub.tadano.com\/m\/60b9563a47f9e4d2\/img_thumb_2x-img_tadano_AC4070-2_cutout_side.png 2x\"><\/span>\n                  <\/div>\n                                  <\/div>\n                <div class=\"text-block\">\n                  <strong class=\"title\">AC 4.070-2<\/strong>\n                  <span class=\"category\">\n                                      <\/span>\n                <\/div>\n              <\/a>\n            <\/div>\n                  <\/div>\n          <\/div>\n  <\/section>\n\n    \n  <section class=\"related-products\">\n    <div class=\"container\">\n      <div class=\"heading\">\n      <h2>Gr\u00faas City<\/h2>\n        <a href=\"https:\/\/www.tadano.com\/latam\/en\/city-cranes\/\" class=\"link-all desktop-only\">Ver todo<\/a>\n      <\/div>\n\n              <div class=\"r-products\">\n                      \n            <div class=\"r-product-single\">\n              <a href=\"https:\/\/www.tadano.com\/latam\/es\/equipos-de-elevacion\/gruas-city\/ac-3-045-1-city\/\">\n                <div class=\"img-holder\">\n                                    <div class=\"bg-stretch\" >\n                    <span data-srcset=\"https:\/\/mediahub.tadano.com\/m\/25047804cba4e93b\/img_thumb-img_tadano_AC3045CITY_Sideview.png, https:\/\/mediahub.tadano.com\/m\/25047804cba4e93b\/img_thumb_2x-img_tadano_AC3045CITY_Sideview.png 2x\"><\/span>\n                  <\/div>\n                                  <\/div>\n                <div class=\"text-block\">\n                  <strong class=\"title\">AC 3.045-1 City<\/strong>\n                  <span class=\"category\">\n                                      <\/span>\n                <\/div>\n              <\/a>\n            <\/div>\n                  <\/div>\n          <\/div>\n  <\/section>\n\n    \n  <section class=\"related-products\">\n    <div class=\"container\">\n      <div class=\"heading\">\n      <h2>Gr\u00faas sobre orugas<\/h2>\n        <a href=\"https:\/\/www.tadano.com\/latam\/en\/lattice-boom-crawler-cranes\/\" class=\"link-all desktop-only\">Ver todo<\/a>\n      <\/div>\n\n              <div class=\"r-products\">\n                      \n            <div class=\"r-product-single\">\n              <a href=\"https:\/\/www.tadano.com\/latam\/es\/equipos-de-elevacion\/gruas-sobre-orugas\/cc-24-400-1\/\">\n                <div class=\"img-holder\">\n                                    <div class=\"bg-stretch\" >\n                    <span data-srcset=\"https:\/\/mediahub.tadano.com\/m\/7bd2d691c6282dca\/img_thumb-img_tadano_CC24400_cutout_side.png, https:\/\/mediahub.tadano.com\/m\/7bd2d691c6282dca\/img_thumb_2x-img_tadano_CC24400_cutout_side.png 2x\"><\/span>\n                  <\/div>\n                                  <\/div>\n                <div class=\"text-block\">\n                  <strong class=\"title\">CC 24.400-1<\/strong>\n                  <span class=\"category\">\n                                      <\/span>\n                <\/div>\n              <\/a>\n            <\/div>\n                      \n            <div class=\"r-product-single\">\n              <a href=\"https:\/\/www.tadano.com\/latam\/es\/equipos-de-elevacion\/gruas-sobre-orugas\/cc-28-600-2\/\">\n                <div class=\"img-holder\">\n                                    <div class=\"bg-stretch\" >\n                    <span data-srcset=\"https:\/\/assets.onetadano.com\/celum_assets\/img-thumb\/TDN_CC+28.600-2_2022_Cutout.jpg, https:\/\/assets.onetadano.com\/celum_assets\/img-thumb-2x\/TDN_CC+28.600-2_2022_Cutout.jpg 2x\"><\/span>\n                  <\/div>\n                                  <\/div>\n                <div class=\"text-block\">\n                  <strong class=\"title\">CC 28.600-2<\/strong>\n                  <span class=\"category\">\n                                      <\/span>\n                <\/div>\n              <\/a>\n            <\/div>\n                      \n            <div class=\"r-product-single\">\n              <a href=\"https:\/\/www.tadano.com\/latam\/es\/equipos-de-elevacion\/gruas-sobre-orugas\/cc-38-650-1\/\">\n                <div class=\"img-holder\">\n                                    <div class=\"bg-stretch\" >\n                    <span data-srcset=\"https:\/\/mediahub.tadano.com\/m\/3cbee7136cd0e2b2\/img_thumb-img_tadano_CC38650_cutout_side.png, https:\/\/mediahub.tadano.com\/m\/3cbee7136cd0e2b2\/img_thumb_2x-img_tadano_CC38650_cutout_side.png 2x\"><\/span>\n                  <\/div>\n                                  <\/div>\n                <div class=\"text-block\">\n                  <strong class=\"title\">CC 38.650-1<\/strong>\n                  <span class=\"category\">\n                                      <\/span>\n                <\/div>\n              <\/a>\n            <\/div>\n                      \n            <div class=\"r-product-single\">\n              <a href=\"https:\/\/www.tadano.com\/latam\/es\/equipos-de-elevacion\/gruas-sobre-orugas\/cc-68-1250-1\/\">\n                <div class=\"img-holder\">\n                                    <div class=\"bg-stretch\" >\n                    <span data-srcset=\"https:\/\/mediahub.tadano.com\/m\/68b50bfda304ad98\/img_thumb-img_tadano_CC681250_cutout_side.png, https:\/\/mediahub.tadano.com\/m\/68b50bfda304ad98\/img_thumb_2x-img_tadano_CC681250_cutout_side.png 2x\"><\/span>\n                  <\/div>\n                                  <\/div>\n                <div class=\"text-block\">\n                  <strong class=\"title\">CC 68.1250-1<\/strong>\n                  <span class=\"category\">\n                                      <\/span>\n                <\/div>\n              <\/a>\n            <\/div>\n                  <\/div>\n          <\/div>\n  <\/section>\n\n    \n  <section class=\"related-products\">\n    <div class=\"container\">\n      <div class=\"heading\">\n      <h2>Gr\u00faas para terrenos dif\u00edciles<\/h2>\n        <a href=\"https:\/\/www.tadano.com\/latam\/en\/rough-terrain-cranes\/\" class=\"link-all desktop-only\">Ver todo<\/a>\n      <\/div>\n\n              <div class=\"r-products\">\n                      \n            <div class=\"r-product-single\">\n              <a href=\"https:\/\/www.tadano.com\/latam\/es\/equipos-de-elevacion\/gruas-para-terrenos-irregulares\/gr-300ex-3\/\">\n                <div class=\"img-holder\">\n                                    <div class=\"bg-stretch\" >\n                    <span data-srcset=\"https:\/\/assets.onetadano.com\/celum_assets\/img-thumb\/IMG00000001107_JPEG_GR300EX_010_2015.jpg, https:\/\/assets.onetadano.com\/celum_assets\/img-thumb-2x\/IMG00000001107_JPEG_GR300EX_010_2015.jpg 2x\"><\/span>\n                  <\/div>\n                                  <\/div>\n                <div class=\"text-block\">\n                  <strong class=\"title\">GR-300EX-3<\/strong>\n                  <span class=\"category\">\n                                      <\/span>\n                <\/div>\n              <\/a>\n            <\/div>\n                      \n            <div class=\"r-product-single\">\n              <a href=\"https:\/\/www.tadano.com\/latam\/es\/equipos-de-elevacion\/gruas-para-terrenos-irregulares\/gr-350xl-3\/\">\n                <div class=\"img-holder\">\n                                    <div class=\"bg-stretch\" >\n                    <span data-srcset=\"https:\/\/assets.onetadano.com\/celum_assets\/img-thumb\/GR350XL_3_Sideview.jpg, https:\/\/assets.onetadano.com\/celum_assets\/img-thumb-2x\/GR350XL_3_Sideview.jpg 2x\"><\/span>\n                  <\/div>\n                                  <\/div>\n                <div class=\"text-block\">\n                  <strong class=\"title\">GR-350XL-3<\/strong>\n                  <span class=\"category\">\n                                      <\/span>\n                <\/div>\n              <\/a>\n            <\/div>\n                      \n            <div class=\"r-product-single\">\n              <a href=\"https:\/\/www.tadano.com\/latam\/es\/equipos-de-elevacion\/gruas-para-terrenos-irregulares\/gr-500exs-3\/\">\n                <div class=\"img-holder\">\n                                    <div class=\"bg-stretch\" >\n                    <span data-srcset=\"https:\/\/assets.onetadano.com\/celum_assets\/img-thumb\/IMG00000001207_JPEG_GR500EXS_015.jpg, https:\/\/assets.onetadano.com\/celum_assets\/img-thumb-2x\/IMG00000001207_JPEG_GR500EXS_015.jpg 2x\"><\/span>\n                  <\/div>\n                                  <\/div>\n                <div class=\"text-block\">\n                  <strong class=\"title\">GR-500EXS-3<\/strong>\n                  <span class=\"category\">\n                                      <\/span>\n                <\/div>\n              <\/a>\n            <\/div>\n                      \n            <div class=\"r-product-single\">\n              <a href=\"https:\/\/www.tadano.com\/latam\/es\/equipos-de-elevacion\/gruas-para-terrenos-irregulares\/gr-550xl-3\/\">\n                <div class=\"img-holder\">\n                                    <div class=\"bg-stretch\" >\n                    <span data-srcset=\"https:\/\/assets.onetadano.com\/celum_assets\/img-thumb\/IMG00000001093_JPEG_GR550XL_007_2015.jpg, https:\/\/assets.onetadano.com\/celum_assets\/img-thumb-2x\/IMG00000001093_JPEG_GR550XL_007_2015.jpg 2x\"><\/span>\n                  <\/div>\n                                  <\/div>\n                <div class=\"text-block\">\n                  <strong class=\"title\">GR-550XL-3<\/strong>\n                  <span class=\"category\">\n                                      <\/span>\n                <\/div>\n              <\/a>\n            <\/div>\n                  <\/div>\n          <\/div>\n  <\/section>\n\n    \n  <section class=\"related-products\">\n    <div class=\"container\">\n      <div class=\"heading\">\n      <h2>Gr\u00faas sobre orugas con pluma telesc\u00f3pica<\/h2>\n        <a href=\"https:\/\/www.tadano.com\/latam\/en\/telescopic-boom-crawler-cranes\/\" class=\"link-all desktop-only\">Ver todo<\/a>\n      <\/div>\n\n              <div class=\"r-products\">\n                      \n            <div class=\"r-product-single\">\n              <a href=\"https:\/\/www.tadano.com\/latam\/es\/equipos-de-elevacion\/gruas-sobre-orugas-com-pluma-telescopica\/gtc-350\/\">\n                <div class=\"img-holder\">\n                                    <div class=\"bg-stretch\" >\n                    <span data-srcset=\"https:\/\/mediahub.tadano.com\/m\/712ab276ae0dfb52\/img_thumb-img_tadano_GTC350_sideview.png, https:\/\/mediahub.tadano.com\/m\/712ab276ae0dfb52\/img_thumb_2x-img_tadano_GTC350_sideview.png 2x\"><\/span>\n                  <\/div>\n                                  <\/div>\n                <div class=\"text-block\">\n                  <strong class=\"title\">GTC-350<\/strong>\n                  <span class=\"category\">\n                                      <\/span>\n                <\/div>\n              <\/a>\n            <\/div>\n                      \n            <div class=\"r-product-single\">\n              <a href=\"https:\/\/www.tadano.com\/latam\/es\/equipos-de-elevacion\/gruas-sobre-orugas-com-pluma-telescopica\/gtc-700\/\">\n                <div class=\"img-holder\">\n                                    <div class=\"bg-stretch\" >\n                    <span data-srcset=\"https:\/\/mediahub.tadano.com\/m\/4a377ab2aa9ecbbd\/img_thumb-img_tadano_GTC-700_cutout_side.png, https:\/\/mediahub.tadano.com\/m\/4a377ab2aa9ecbbd\/img_thumb_2x-img_tadano_GTC-700_cutout_side.png 2x\"><\/span>\n                  <\/div>\n                                  <\/div>\n                <div class=\"text-block\">\n                  <strong class=\"title\">GTC-700<\/strong>\n                  <span class=\"category\">\n                                      <\/span>\n                <\/div>\n              <\/a>\n            <\/div>\n                      \n            <div class=\"r-product-single\">\n              <a href=\"https:\/\/www.tadano.com\/latam\/es\/equipos-de-elevacion\/gruas-sobre-orugas-com-pluma-telescopica\/gtc-900\/\">\n                <div class=\"img-holder\">\n                                    <div class=\"bg-stretch\" >\n                    <span data-srcset=\"https:\/\/mediahub.tadano.com\/m\/2cee44521c44e741\/img_thumb-img_tadano_GTC900_sideview.png, https:\/\/mediahub.tadano.com\/m\/2cee44521c44e741\/img_thumb_2x-img_tadano_GTC900_sideview.png 2x\"><\/span>\n                  <\/div>\n                                  <\/div>\n                <div class=\"text-block\">\n                  <strong class=\"title\">GTC-900<\/strong>\n                  <span class=\"category\">\n                                      <\/span>\n                <\/div>\n              <\/a>\n            <\/div>\n                      \n            <div class=\"r-product-single\">\n              <a href=\"https:\/\/www.tadano.com\/latam\/es\/equipos-de-elevacion\/gruas-sobre-orugas-com-pluma-telescopica\/gtc-1300\/\">\n                <div class=\"img-holder\">\n                                    <div class=\"bg-stretch\" >\n                    <span data-srcset=\"https:\/\/assets.onetadano.com\/celum_assets\/img-thumb\/GTC-1300-TEMP.jpg, https:\/\/assets.onetadano.com\/celum_assets\/img-thumb-2x\/GTC-1300-TEMP.jpg 2x\"><\/span>\n                  <\/div>\n                                  <\/div>\n                <div class=\"text-block\">\n                  <strong class=\"title\">GTC-1300<\/strong>\n                  <span class=\"category\">\n                                      <\/span>\n                <\/div>\n              <\/a>\n            <\/div>\n                  <\/div>\n          <\/div>\n  <\/section>\n\n    \n  <section class=\"related-products\">\n    <div class=\"container\">\n      <div class=\"heading\">\n      <h2>Truck Cranes<\/h2>\n        <a href=\"https:\/\/www.tadano.com\/latam\/en\/truck-cranes\/\" class=\"link-all desktop-only\">Ver todo<\/a>\n      <\/div>\n\n              <div class=\"r-products\">\n                      \n            <div class=\"r-product-single\">\n              <a href=\"https:\/\/www.tadano.com\/latam\/es\/equipos-de-elevacion\/truck-cranes\/gt-300el-3\/\">\n                <div class=\"img-holder\">\n                                    <div class=\"bg-stretch\" >\n                    <span data-srcset=\"https:\/\/mediahub.tadano.com\/m\/325eae674d9fe1\/img_thumb-img_Tadano_GT300EL_Sideview-jpg.jpg, https:\/\/mediahub.tadano.com\/m\/325eae674d9fe1\/img_thumb_2x-img_Tadano_GT300EL_Sideview-jpg.jpg 2x\"><\/span>\n                  <\/div>\n                                  <\/div>\n                <div class=\"text-block\">\n                  <strong class=\"title\">GT-300EL-3<\/strong>\n                  <span class=\"category\">\n                                      <\/span>\n                <\/div>\n              <\/a>\n            <\/div>\n                      \n            <div class=\"r-product-single\">\n              <a href=\"https:\/\/www.tadano.com\/latam\/es\/equipos-de-elevacion\/truck-cranes\/gt-600el-3\/\">\n                <div class=\"img-holder\">\n                                    <div class=\"bg-stretch\" >\n                    <span data-srcset=\"https:\/\/mediahub.tadano.com\/m\/2b7c712b1afbcd7b\/img_thumb-img_Tadano_GT600EL_Sideview-jpg.jpg, https:\/\/mediahub.tadano.com\/m\/2b7c712b1afbcd7b\/img_thumb_2x-img_Tadano_GT600EL_Sideview-jpg.jpg 2x\"><\/span>\n                  <\/div>\n                                  <\/div>\n                <div class=\"text-block\">\n                  <strong class=\"title\">GT-600EL-3<\/strong>\n                  <span class=\"category\">\n                                      <\/span>\n                <\/div>\n              <\/a>\n            <\/div>\n                      \n            <div class=\"r-product-single\">\n              <a href=\"https:\/\/www.tadano.com\/latam\/es\/equipos-de-elevacion\/truck-cranes\/gt-750el-3\/\">\n                <div class=\"img-holder\">\n                                    <div class=\"bg-stretch\" >\n                    <span data-srcset=\"https:\/\/mediahub.tadano.com\/m\/5bfa8d835dcef5f5\/img_thumb-img_Tadano_GT750EL_Sideview-jpg.jpg, https:\/\/mediahub.tadano.com\/m\/5bfa8d835dcef5f5\/img_thumb_2x-img_Tadano_GT750EL_Sideview-jpg.jpg 2x\"><\/span>\n                  <\/div>\n                                  <\/div>\n                <div class=\"text-block\">\n                  <strong class=\"title\">GT-750EL-3<\/strong>\n                  <span class=\"category\">\n                                      <\/span>\n                <\/div>\n              <\/a>\n            <\/div>\n                  <\/div>\n          <\/div>\n  <\/section>\n\n    ","protected":false},"excerpt":{"rendered":"","protected":false},"author":1,"featured_media":0,"parent":0,"menu_order":0,"comment_status":"closed","ping_status":"closed","template":"","meta":{"_acf_changed":false,"footnotes":""},"acf":[],"yoast_head":"<!-- This site is optimized with the Yoast SEO plugin v22.3 - https:\/\/yoast.com\/wordpress\/plugins\/seo\/ -->\n<title>Resumen De Productos - Latin America \/ Caribbean<\/title>\n<meta name=\"robots\" content=\"index, follow, max-snippet:-1, max-image-preview:large, max-video-preview:-1\" \/>\n<link rel=\"canonical\" href=\"https:\/\/www.tadano.com\/latam\/es\/product-overview\/\" \/>\n<meta property=\"og:locale\" content=\"es_ES\" \/>\n<meta property=\"og:type\" content=\"article\" \/>\n<meta property=\"og:title\" content=\"Resumen De Productos - Latin America \/ Caribbean\" \/>\n<meta property=\"og:url\" content=\"https:\/\/www.tadano.com\/latam\/es\/product-overview\/\" \/>\n<meta property=\"og:site_name\" content=\"Latin America \/ Caribbean\" \/>\n<meta property=\"article:modified_time\" content=\"2021-08-11T15:27:44+00:00\" \/>\n<meta name=\"twitter:card\" content=\"summary_large_image\" \/>\n<meta name=\"twitter:label1\" content=\"Tiempo de lectura\" \/>\n\t<meta name=\"twitter:data1\" content=\"1 minuto\" \/>\n<script type=\"application\/ld+json\" class=\"yoast-schema-graph\">{\"@context\":\"https:\/\/schema.org\",\"@graph\":[{\"@type\":\"WebPage\",\"@id\":\"https:\/\/www.tadano.com\/latam\/es\/product-overview\/\",\"url\":\"https:\/\/www.tadano.com\/latam\/es\/product-overview\/\",\"name\":\"Resumen De Productos - Latin America \/ Caribbean\",\"isPartOf\":{\"@id\":\"https:\/\/www.tadano.com\/latam\/en\/#website\"},\"datePublished\":\"2021-03-18T15:17:08+00:00\",\"dateModified\":\"2021-08-11T15:27:44+00:00\",\"inLanguage\":\"es\",\"potentialAction\":[{\"@type\":\"ReadAction\",\"target\":[\"https:\/\/www.tadano.com\/latam\/es\/product-overview\/\"]}]},{\"@type\":\"WebSite\",\"@id\":\"https:\/\/www.tadano.com\/latam\/en\/#website\",\"url\":\"https:\/\/www.tadano.com\/latam\/en\/\",\"name\":\"Latin America \/ Caribbean\",\"description\":\"Just another TADANO EUROPE site\",\"potentialAction\":[{\"@type\":\"SearchAction\",\"target\":{\"@type\":\"EntryPoint\",\"urlTemplate\":\"https:\/\/www.tadano.com\/latam\/en\/?s={search_term_string}\"},\"query-input\":\"required name=search_term_string\"}],\"inLanguage\":\"es\"}]}<\/script>\n<!-- \/ Yoast SEO plugin. -->","yoast_head_json":{"title":"Resumen De Productos - Latin America \/ Caribbean","robots":{"index":"index","follow":"follow","max-snippet":"max-snippet:-1","max-image-preview":"max-image-preview:large","max-video-preview":"max-video-preview:-1"},"canonical":"https:\/\/www.tadano.com\/latam\/es\/product-overview\/","og_locale":"es_ES","og_type":"article","og_title":"Resumen De Productos - Latin America \/ Caribbean","og_url":"https:\/\/www.tadano.com\/latam\/es\/product-overview\/","og_site_name":"Latin America \/ Caribbean","article_modified_time":"2021-08-11T15:27:44+00:00","twitter_card":"summary_large_image","twitter_misc":{"Tiempo de lectura":"1 minuto"},"schema":{"@context":"https:\/\/schema.org","@graph":[{"@type":"WebPage","@id":"https:\/\/www.tadano.com\/latam\/es\/product-overview\/","url":"https:\/\/www.tadano.com\/latam\/es\/product-overview\/","name":"Resumen De Productos - Latin America \/ Caribbean","isPartOf":{"@id":"https:\/\/www.tadano.com\/latam\/en\/#website"},"datePublished":"2021-03-18T15:17:08+00:00","dateModified":"2021-08-11T15:27:44+00:00","inLanguage":"es","potentialAction":[{"@type":"ReadAction","target":["https:\/\/www.tadano.com\/latam\/es\/product-overview\/"]}]},{"@type":"WebSite","@id":"https:\/\/www.tadano.com\/latam\/en\/#website","url":"https:\/\/www.tadano.com\/latam\/en\/","name":"Latin America \/ Caribbean","description":"Just another TADANO EUROPE site","potentialAction":[{"@type":"SearchAction","target":{"@type":"EntryPoint","urlTemplate":"https:\/\/www.tadano.com\/latam\/en\/?s={search_term_string}"},"query-input":"required name=search_term_string"}],"inLanguage":"es"}]}},"_links":{"self":[{"href":"https:\/\/www.tadano.com\/latam\/es\/wp-json\/wp\/v2\/pages\/7481"}],"collection":[{"href":"https:\/\/www.tadano.com\/latam\/es\/wp-json\/wp\/v2\/pages"}],"about":[{"href":"https:\/\/www.tadano.com\/latam\/es\/wp-json\/wp\/v2\/types\/page"}],"author":[{"embeddable":true,"href":"https:\/\/www.tadano.com\/latam\/es\/wp-json\/wp\/v2\/users\/1"}],"replies":[{"embeddable":true,"href":"https:\/\/www.tadano.com\/latam\/es\/wp-json\/wp\/v2\/comments?post=7481"}],"version-history":[{"count":0,"href":"https:\/\/www.tadano.com\/latam\/es\/wp-json\/wp\/v2\/pages\/7481\/revisions"}],"wp:attachment":[{"href":"https:\/\/www.tadano.com\/latam\/es\/wp-json\/wp\/v2\/media?parent=7481"}],"curies":[{"name":"wp","href":"https:\/\/api.w.org\/{rel}","templated":true}]}}