{"id":7517,"date":"2023-09-18T11:07:40","date_gmt":"2023-09-18T11:07:40","guid":{"rendered":"https:\/\/www.tadano.com\/latam\/inversores\/"},"modified":"2023-09-18T11:07:42","modified_gmt":"2023-09-18T11:07:42","slug":"inversores","status":"publish","type":"page","link":"https:\/\/www.tadano.com\/latam\/es\/inversores\/","title":{"rendered":"Inversores"},"content":{"rendered":"\n\n\n<section class=\"hero-section\">\n\n\t\n\t\n\t\n\t<div class=\"img-holder \">\n\t\t\t\t<div class=\"bg-stretch\" style=\"background-position: 50% 50%; \">\n\t\t\t<span data-srcset=\"https:\/\/assets.onetadano.com\/celum_assets\/hero\/AdobeStock_225681297+%5BConverted%5D.jpg, https:\/\/assets.onetadano.com\/celum_assets\/hero-2x\/AdobeStock_225681297+%5BConverted%5D.jpg 2x\"><\/span>\n\t\t<\/div>\n\t\t\t\t\t\t<div class=\"logo green-solutions\" style=\"display:none;\">\n\t\t\t<a href=\"#\"><img decoding=\"async\" src=\"https:\/\/www.tadano.com\/latam\/wp-content\/themes\/tadano\/assets\/dist\/images\/Green-Solutions_Logo_White.svg\"><\/a>\n\t\t<\/div>\n\t<\/div>\n\t<div class=\"container\">\n\t\t<div class=\"text-holder \">\n\t\t\t<div class=\"wrap\">\n\t\t\t\t\n\t\t\t\t<ul class=\"breadcrumbs\"><li><a href=\"https:\/\/www.tadano.com\/latam\/es\/\">Inicio<\/a><\/li><\/ul>\n\t\t\t\t\n\n<h1 class=\"wp-block-heading\">Inversores<\/h1>\n\n\n\n<p>Una cultura de gesti\u00f3n s\u00f3lida y transparente. Productos y servicios de extraordinaria calidad. Contribuciones sociales destacadas. Todo ello sintetizado para maximizar el valor y el retorno de la inversi\u00f3n.<\/p>\n\n\n\n\t\t\t\t\n\t\t\t<\/div>\n\n\t\t\t\n\t\t\t\n\t\t\t\n\t\t<\/div>\n\t<\/div>\n<\/section>\n\n\n<div class=\"wp-block-group is-style-background-triangle-left is-layout-flow wp-block-group-is-layout-flow\"><div class=\"wp-block-group__inner-container\">\n<p>Tadano apuesta por maximizar el valor corporativo de acuerdo con las expectativas de las partes interesadas. Estas incluyen una cultura de gesti\u00f3n s\u00f3lida y transparente, excelencia continua a trav\u00e9s de productos y servicios de calidad y contribuciones a la sociedad regidas por nuestra filosof\u00eda empresarial de \u00abCreaci\u00f3n, Contribuci\u00f3n y Cooperaci\u00f3n\u00bb. El Grupo Tadano cree firmemente que una empresa s\u00f3lo puede existir con \u00e9xito si est\u00e1 en armon\u00eda con la sociedad y las personas. Como reconocido fabricante de equipos de elevaci\u00f3n, Tadano se ha situado en una posici\u00f3n \u00fanica para contribuir en proyectos de restauraci\u00f3n cultural e instalaciones y reparaciones de infraestructuras cruciales en todo el mundo. Nos esforzamos continuamente por lograr una eficiencia responsable desde la producci\u00f3n hasta la generaci\u00f3n de energ\u00eda renovable que maximice el rendimiento de la inversi\u00f3n.<\/p>\n\n\n\n<div class=\"wp-block-buttons is-layout-flex wp-block-buttons-is-layout-flex\">\n<div class=\"wp-block-button is-style-text-only\"><a class=\"wp-block-button__link\" href=\"https:\/\/www.tadano.com\/ir\/index.html\">relaciones con inversionistas<\/a><\/div>\n<\/div>\n<\/div><\/div>\n","protected":false},"excerpt":{"rendered":"<p>Tadano apuesta por maximizar el valor corporativo de acuerdo con las expectativas de las partes interesadas. Estas incluyen una cultura de gesti\u00f3n s\u00f3lida y transparente, excelencia continua a trav\u00e9s de productos y servicios de calidad y contribuciones a la sociedad regidas por nuestra filosof\u00eda empresarial de \u00abCreaci\u00f3n, Contribuci\u00f3n y Cooperaci\u00f3n\u00bb. El Grupo Tadano cree firmemente [&hellip;]<\/p>\n","protected":false},"author":3,"featured_media":0,"parent":0,"menu_order":0,"comment_status":"closed","ping_status":"closed","template":"","meta":{"_acf_changed":false,"footnotes":""},"acf":[],"yoast_head":"<!-- This site is optimized with the Yoast SEO plugin v22.3 - https:\/\/yoast.com\/wordpress\/plugins\/seo\/ -->\n<title>Inversores - Latin America \/ Caribbean<\/title>\n<meta name=\"robots\" content=\"index, follow, max-snippet:-1, max-image-preview:large, max-video-preview:-1\" \/>\n<link rel=\"canonical\" href=\"https:\/\/www.tadano.com\/latam\/es\/inversores\/\" \/>\n<meta property=\"og:locale\" content=\"es_ES\" \/>\n<meta property=\"og:type\" content=\"article\" \/>\n<meta property=\"og:title\" content=\"Inversores - Latin America \/ Caribbean\" \/>\n<meta property=\"og:description\" content=\"Tadano apuesta por maximizar el valor corporativo de acuerdo con las expectativas de las partes interesadas. Estas incluyen una cultura de gesti\u00f3n s\u00f3lida y transparente, excelencia continua a trav\u00e9s de productos y servicios de calidad y contribuciones a la sociedad regidas por nuestra filosof\u00eda empresarial de \u00abCreaci\u00f3n, Contribuci\u00f3n y Cooperaci\u00f3n\u00bb. El Grupo Tadano cree firmemente [&hellip;]\" \/>\n<meta property=\"og:url\" content=\"https:\/\/www.tadano.com\/latam\/es\/inversores\/\" \/>\n<meta property=\"og:site_name\" content=\"Latin America \/ Caribbean\" \/>\n<meta property=\"article:modified_time\" content=\"2023-09-18T11:07:42+00:00\" \/>\n<meta name=\"twitter:card\" content=\"summary_large_image\" \/>\n<meta name=\"twitter:label1\" content=\"Tiempo de lectura\" \/>\n\t<meta name=\"twitter:data1\" content=\"1 minuto\" \/>\n<script type=\"application\/ld+json\" class=\"yoast-schema-graph\">{\"@context\":\"https:\/\/schema.org\",\"@graph\":[{\"@type\":\"WebPage\",\"@id\":\"https:\/\/www.tadano.com\/latam\/es\/inversores\/\",\"url\":\"https:\/\/www.tadano.com\/latam\/es\/inversores\/\",\"name\":\"Inversores - Latin America \/ Caribbean\",\"isPartOf\":{\"@id\":\"https:\/\/www.tadano.com\/latam\/en\/#website\"},\"datePublished\":\"2023-09-18T11:07:40+00:00\",\"dateModified\":\"2023-09-18T11:07:42+00:00\",\"inLanguage\":\"es\",\"potentialAction\":[{\"@type\":\"ReadAction\",\"target\":[\"https:\/\/www.tadano.com\/latam\/es\/inversores\/\"]}]},{\"@type\":\"WebSite\",\"@id\":\"https:\/\/www.tadano.com\/latam\/en\/#website\",\"url\":\"https:\/\/www.tadano.com\/latam\/en\/\",\"name\":\"Latin America \/ Caribbean\",\"description\":\"Just another TADANO EUROPE site\",\"potentialAction\":[{\"@type\":\"SearchAction\",\"target\":{\"@type\":\"EntryPoint\",\"urlTemplate\":\"https:\/\/www.tadano.com\/latam\/en\/?s={search_term_string}\"},\"query-input\":\"required name=search_term_string\"}],\"inLanguage\":\"es\"}]}<\/script>\n<!-- \/ Yoast SEO plugin. -->","yoast_head_json":{"title":"Inversores - Latin America \/ Caribbean","robots":{"index":"index","follow":"follow","max-snippet":"max-snippet:-1","max-image-preview":"max-image-preview:large","max-video-preview":"max-video-preview:-1"},"canonical":"https:\/\/www.tadano.com\/latam\/es\/inversores\/","og_locale":"es_ES","og_type":"article","og_title":"Inversores - Latin America \/ Caribbean","og_description":"Tadano apuesta por maximizar el valor corporativo de acuerdo con las expectativas de las partes interesadas. Estas incluyen una cultura de gesti\u00f3n s\u00f3lida y transparente, excelencia continua a trav\u00e9s de productos y servicios de calidad y contribuciones a la sociedad regidas por nuestra filosof\u00eda empresarial de \u00abCreaci\u00f3n, Contribuci\u00f3n y Cooperaci\u00f3n\u00bb. El Grupo Tadano cree firmemente [&hellip;]","og_url":"https:\/\/www.tadano.com\/latam\/es\/inversores\/","og_site_name":"Latin America \/ Caribbean","article_modified_time":"2023-09-18T11:07:42+00:00","twitter_card":"summary_large_image","twitter_misc":{"Tiempo de lectura":"1 minuto"},"schema":{"@context":"https:\/\/schema.org","@graph":[{"@type":"WebPage","@id":"https:\/\/www.tadano.com\/latam\/es\/inversores\/","url":"https:\/\/www.tadano.com\/latam\/es\/inversores\/","name":"Inversores - Latin America \/ Caribbean","isPartOf":{"@id":"https:\/\/www.tadano.com\/latam\/en\/#website"},"datePublished":"2023-09-18T11:07:40+00:00","dateModified":"2023-09-18T11:07:42+00:00","inLanguage":"es","potentialAction":[{"@type":"ReadAction","target":["https:\/\/www.tadano.com\/latam\/es\/inversores\/"]}]},{"@type":"WebSite","@id":"https:\/\/www.tadano.com\/latam\/en\/#website","url":"https:\/\/www.tadano.com\/latam\/en\/","name":"Latin America \/ Caribbean","description":"Just another TADANO EUROPE site","potentialAction":[{"@type":"SearchAction","target":{"@type":"EntryPoint","urlTemplate":"https:\/\/www.tadano.com\/latam\/en\/?s={search_term_string}"},"query-input":"required name=search_term_string"}],"inLanguage":"es"}]}},"_links":{"self":[{"href":"https:\/\/www.tadano.com\/latam\/es\/wp-json\/wp\/v2\/pages\/7517"}],"collection":[{"href":"https:\/\/www.tadano.com\/latam\/es\/wp-json\/wp\/v2\/pages"}],"about":[{"href":"https:\/\/www.tadano.com\/latam\/es\/wp-json\/wp\/v2\/types\/page"}],"author":[{"embeddable":true,"href":"https:\/\/www.tadano.com\/latam\/es\/wp-json\/wp\/v2\/users\/3"}],"replies":[{"embeddable":true,"href":"https:\/\/www.tadano.com\/latam\/es\/wp-json\/wp\/v2\/comments?post=7517"}],"version-history":[{"count":0,"href":"https:\/\/www.tadano.com\/latam\/es\/wp-json\/wp\/v2\/pages\/7517\/revisions"}],"wp:attachment":[{"href":"https:\/\/www.tadano.com\/latam\/es\/wp-json\/wp\/v2\/media?parent=7517"}],"curies":[{"name":"wp","href":"https:\/\/api.w.org\/{rel}","templated":true}]}}