{"id":7524,"date":"2021-03-19T09:38:58","date_gmt":"2021-03-19T09:38:58","guid":{"rendered":"https:\/\/www.tadano.com\/latam\/ventas-y-servicios\/ventas-2\/"},"modified":"2023-11-13T13:33:11","modified_gmt":"2023-11-13T13:33:11","slug":"ventas-2","status":"publish","type":"page","link":"https:\/\/www.tadano.com\/latam\/es\/ventas-y-servicios\/ventas-2\/","title":{"rendered":"Ventas"},"content":{"rendered":"\n\n\n<section class=\"hero-section\">\n\n\t\n\t\n\t\n\t<div class=\"img-holder \">\n\t\t\t\t<div class=\"bg-stretch\" style=\"background-position: 50% 50%; \">\n\t\t\t<span data-srcset=\"https:\/\/assets.onetadano.com\/celum_assets\/hero\/Tadano_Lauf_fullres-6.jpg, https:\/\/assets.onetadano.com\/celum_assets\/hero-2x\/Tadano_Lauf_fullres-6.jpg 2x\"><\/span>\n\t\t<\/div>\n\t\t\t\t\t\t<div class=\"logo green-solutions\" style=\"display:none;\">\n\t\t\t<a href=\"#\"><img decoding=\"async\" src=\"https:\/\/www.tadano.com\/latam\/wp-content\/themes\/tadano\/assets\/dist\/images\/Green-Solutions_Logo_White.svg\"><\/a>\n\t\t<\/div>\n\t<\/div>\n\t<div class=\"container\">\n\t\t<div class=\"text-holder \">\n\t\t\t<div class=\"wrap\">\n\t\t\t\t\n\t\t\t\t<ul class=\"breadcrumbs\"><li><a href=\"https:\/\/www.tadano.com\/latam\/es\/\">Inicio<\/a><\/li><\/ul>\n\t\t\t\t\n\n<h1 class=\"wp-block-heading\" id=\"h-ventas\">Ventas<\/h1>\n\n\n\n<p><br>Descubra c\u00f3mo los productos y servicios de Tadano en su regi\u00f3n pueden satisfacer sus necesidades de soluciones de elevaci\u00f3n. \u00a1P\u00f3ngase en contacto con nuestro experimentado equipo de ventas!<\/p>\n\n\n\n\t\t\t\t\n\t\t\t<\/div>\n\n\t\t\t\n\t\t\t\n\t\t\t\n\t\t<\/div>\n\t<\/div>\n<\/section>\n\n\n<section class=\"sales-team hide-background-triangle  \">\n   <div class=\"container\">\n                    <div class=\"section-heading\">\n                <div class=\"heading\">\n                    <h2>Su equipo de ventas Tadano<\/h2>\n                <\/div>\n            <\/div>\n              <div class=\"salesteam-slider dots-info has-no-images\">\n                 \n                        <div class=\"card-col no-img wide-card\">\n                <div class=\"info-card responsive\">\n                    <div class=\"card-img\">\n                                            <\/div>\n                    <div class=\"card-content\">\n                        <div class=\"card-title\">\n                            <p>Obed DeAlba<\/p>\n                        <\/div>\n                        <div class=\"card-info\">\n                            <strong class=\"first-row row\">Regional Business Manager<\/strong>\n                            <strong class=\"row\">Latin America<\/strong>\n                            <strong class=\"row\">Spanish, English<\/strong>\n                                                            <strong class=\"row\">\n                                <svg style=\"display:inline;\" xmlns=\"http:\/\/www.w3.org\/2000\/svg\" id=\"Layer_1\" data-name=\"Layer 1\" viewBox=\"0 0 24 24\" width=\"15\" height=\"15\"><path d=\"M24,6.24c0,7.64-10.13,17.76-17.76,17.76-1.67,0-3.23-.63-4.38-1.78l-1-1.15c-1.16-1.16-1.16-3.12,.05-4.33,.03-.03,2.44-1.88,2.44-1.88,1.2-1.14,3.09-1.14,4.28,0l1.46,1.17c3.2-1.36,5.47-3.64,6.93-6.95l-1.16-1.46c-1.15-1.19-1.15-3.09,0-4.28,0,0,1.85-2.41,1.88-2.44,1.21-1.21,3.17-1.21,4.38,0l1.05,.91c1.2,1.19,1.83,2.75,1.83,4.42Z\"\/><\/svg>\n                                <a href=\"tel:+52-998-147-3249\">+52-998-147-3249<\/a>\n                                <\/strong> \n                                                                                        <strong class=\"row\">\n                                <svg tyle=\"display:inline;\"  xmlns=\"http:\/\/www.w3.org\/2000\/svg\" id=\"Filled\" viewBox=\"0 0 24 24\" width=\"15\" height=\"15\"><path d=\"M23.954,5.542,15.536,13.96a5.007,5.007,0,0,1-7.072,0L.046,5.542C.032,5.7,0,5.843,0,6V18a5.006,5.006,0,0,0,5,5H19a5.006,5.006,0,0,0,5-5V6C24,5.843,23.968,5.7,23.954,5.542Z\"\/><path d=\"M14.122,12.546l9.134-9.135A4.986,4.986,0,0,0,19,1H5A4.986,4.986,0,0,0,.744,3.411l9.134,9.135A3.007,3.007,0,0,0,14.122,12.546Z\"\/><\/svg>\n                                <a href=\"mailto:obed.dealba@tadano.com\">obed.dealba@tadano.com<\/a>\n                            <\/strong>\n                                                    <\/div>\n                    <\/div>\n                <\/div>\n            <\/div>\n              <\/div>\n   <\/div>\n<\/section>\n\n\n<p><\/p>\n","protected":false},"excerpt":{"rendered":"","protected":false},"author":1,"featured_media":0,"parent":7437,"menu_order":0,"comment_status":"closed","ping_status":"closed","template":"","meta":{"_acf_changed":false,"footnotes":""},"acf":[],"yoast_head":"<!-- This site is optimized with the Yoast SEO plugin v22.3 - https:\/\/yoast.com\/wordpress\/plugins\/seo\/ -->\n<title>Ventas - Latin America \/ Caribbean<\/title>\n<meta name=\"robots\" content=\"index, follow, max-snippet:-1, max-image-preview:large, max-video-preview:-1\" \/>\n<link rel=\"canonical\" href=\"https:\/\/www.tadano.com\/latam\/es\/ventas-y-servicios\/ventas-2\/\" \/>\n<meta property=\"og:locale\" content=\"es_ES\" \/>\n<meta property=\"og:type\" content=\"article\" \/>\n<meta property=\"og:title\" content=\"Ventas - Latin America \/ Caribbean\" \/>\n<meta property=\"og:url\" content=\"https:\/\/www.tadano.com\/latam\/es\/ventas-y-servicios\/ventas-2\/\" \/>\n<meta property=\"og:site_name\" content=\"Latin America \/ Caribbean\" \/>\n<meta property=\"article:modified_time\" content=\"2023-11-13T13:33:11+00:00\" \/>\n<meta name=\"twitter:card\" content=\"summary_large_image\" \/>\n<meta name=\"twitter:label1\" content=\"Tiempo de lectura\" \/>\n\t<meta name=\"twitter:data1\" content=\"1 minuto\" \/>\n<script type=\"application\/ld+json\" class=\"yoast-schema-graph\">{\"@context\":\"https:\/\/schema.org\",\"@graph\":[{\"@type\":\"WebPage\",\"@id\":\"https:\/\/www.tadano.com\/latam\/es\/ventas-y-servicios\/ventas-2\/\",\"url\":\"https:\/\/www.tadano.com\/latam\/es\/ventas-y-servicios\/ventas-2\/\",\"name\":\"Ventas - Latin America \/ Caribbean\",\"isPartOf\":{\"@id\":\"https:\/\/www.tadano.com\/latam\/en\/#website\"},\"datePublished\":\"2021-03-19T09:38:58+00:00\",\"dateModified\":\"2023-11-13T13:33:11+00:00\",\"breadcrumb\":{\"@id\":\"https:\/\/www.tadano.com\/latam\/es\/ventas-y-servicios\/ventas-2\/#breadcrumb\"},\"inLanguage\":\"es\",\"potentialAction\":[{\"@type\":\"ReadAction\",\"target\":[\"https:\/\/www.tadano.com\/latam\/es\/ventas-y-servicios\/ventas-2\/\"]}]},{\"@type\":\"BreadcrumbList\",\"@id\":\"https:\/\/www.tadano.com\/latam\/es\/ventas-y-servicios\/ventas-2\/#breadcrumb\",\"itemListElement\":[{\"@type\":\"ListItem\",\"position\":1,\"name\":\"Ventas y Servicios\",\"item\":\"https:\/\/www.tadano.com\/latam\/es\/ventas-y-servicios\/\"},{\"@type\":\"ListItem\",\"position\":2,\"name\":\"Ventas\"}]},{\"@type\":\"WebSite\",\"@id\":\"https:\/\/www.tadano.com\/latam\/en\/#website\",\"url\":\"https:\/\/www.tadano.com\/latam\/en\/\",\"name\":\"Latin America \/ Caribbean\",\"description\":\"Just another TADANO EUROPE site\",\"potentialAction\":[{\"@type\":\"SearchAction\",\"target\":{\"@type\":\"EntryPoint\",\"urlTemplate\":\"https:\/\/www.tadano.com\/latam\/en\/?s={search_term_string}\"},\"query-input\":\"required name=search_term_string\"}],\"inLanguage\":\"es\"}]}<\/script>\n<!-- \/ Yoast SEO plugin. -->","yoast_head_json":{"title":"Ventas - Latin America \/ Caribbean","robots":{"index":"index","follow":"follow","max-snippet":"max-snippet:-1","max-image-preview":"max-image-preview:large","max-video-preview":"max-video-preview:-1"},"canonical":"https:\/\/www.tadano.com\/latam\/es\/ventas-y-servicios\/ventas-2\/","og_locale":"es_ES","og_type":"article","og_title":"Ventas - Latin America \/ Caribbean","og_url":"https:\/\/www.tadano.com\/latam\/es\/ventas-y-servicios\/ventas-2\/","og_site_name":"Latin America \/ Caribbean","article_modified_time":"2023-11-13T13:33:11+00:00","twitter_card":"summary_large_image","twitter_misc":{"Tiempo de lectura":"1 minuto"},"schema":{"@context":"https:\/\/schema.org","@graph":[{"@type":"WebPage","@id":"https:\/\/www.tadano.com\/latam\/es\/ventas-y-servicios\/ventas-2\/","url":"https:\/\/www.tadano.com\/latam\/es\/ventas-y-servicios\/ventas-2\/","name":"Ventas - Latin America \/ Caribbean","isPartOf":{"@id":"https:\/\/www.tadano.com\/latam\/en\/#website"},"datePublished":"2021-03-19T09:38:58+00:00","dateModified":"2023-11-13T13:33:11+00:00","breadcrumb":{"@id":"https:\/\/www.tadano.com\/latam\/es\/ventas-y-servicios\/ventas-2\/#breadcrumb"},"inLanguage":"es","potentialAction":[{"@type":"ReadAction","target":["https:\/\/www.tadano.com\/latam\/es\/ventas-y-servicios\/ventas-2\/"]}]},{"@type":"BreadcrumbList","@id":"https:\/\/www.tadano.com\/latam\/es\/ventas-y-servicios\/ventas-2\/#breadcrumb","itemListElement":[{"@type":"ListItem","position":1,"name":"Ventas y Servicios","item":"https:\/\/www.tadano.com\/latam\/es\/ventas-y-servicios\/"},{"@type":"ListItem","position":2,"name":"Ventas"}]},{"@type":"WebSite","@id":"https:\/\/www.tadano.com\/latam\/en\/#website","url":"https:\/\/www.tadano.com\/latam\/en\/","name":"Latin America \/ Caribbean","description":"Just another TADANO EUROPE site","potentialAction":[{"@type":"SearchAction","target":{"@type":"EntryPoint","urlTemplate":"https:\/\/www.tadano.com\/latam\/en\/?s={search_term_string}"},"query-input":"required name=search_term_string"}],"inLanguage":"es"}]}},"_links":{"self":[{"href":"https:\/\/www.tadano.com\/latam\/es\/wp-json\/wp\/v2\/pages\/7524"}],"collection":[{"href":"https:\/\/www.tadano.com\/latam\/es\/wp-json\/wp\/v2\/pages"}],"about":[{"href":"https:\/\/www.tadano.com\/latam\/es\/wp-json\/wp\/v2\/types\/page"}],"author":[{"embeddable":true,"href":"https:\/\/www.tadano.com\/latam\/es\/wp-json\/wp\/v2\/users\/1"}],"replies":[{"embeddable":true,"href":"https:\/\/www.tadano.com\/latam\/es\/wp-json\/wp\/v2\/comments?post=7524"}],"version-history":[{"count":1,"href":"https:\/\/www.tadano.com\/latam\/es\/wp-json\/wp\/v2\/pages\/7524\/revisions"}],"predecessor-version":[{"id":7525,"href":"https:\/\/www.tadano.com\/latam\/es\/wp-json\/wp\/v2\/pages\/7524\/revisions\/7525"}],"up":[{"embeddable":true,"href":"https:\/\/www.tadano.com\/latam\/es\/wp-json\/wp\/v2\/pages\/7437"}],"wp:attachment":[{"href":"https:\/\/www.tadano.com\/latam\/es\/wp-json\/wp\/v2\/media?parent=7524"}],"curies":[{"name":"wp","href":"https:\/\/api.w.org\/{rel}","templated":true}]}}