{"id":8676,"date":"2025-10-30T09:38:52","date_gmt":"2025-10-30T09:38:52","guid":{"rendered":"https:\/\/www.tadano.com\/latam\/faq-recursos-del-producto\/"},"modified":"2026-01-28T10:08:49","modified_gmt":"2026-01-28T10:08:49","slug":"faq-recursos-del-producto","status":"publish","type":"page","link":"https:\/\/www.tadano.com\/latam\/es\/faq-recursos-del-producto\/","title":{"rendered":"FAQ (Recursos del producto)"},"content":{"rendered":"\n<h2 class=\"wp-block-heading\">Preguntas m\u00e1s frecuentes<\/h2>\n\n\n\n<p><strong>P: Ind\u00edqueme c\u00f3mo utilizar CAD.<\/strong><\/p>\n\n\n\n<p><strong>R:<\/strong>&nbsp;No aceptamos consultas sobre c\u00f3mo operar el software CAD. Consulte las instrucciones incluidas con el software CAD que est\u00e9 utilizando.<\/p>\n\n\n\n<p><strong>P: Quiero datos CAD que no figuran en la lista de datos.<\/strong><\/p>\n\n\n\n<p><strong>R:<\/strong>&nbsp;Todos los datos CAD actualmente disponibles de Tadano se muestran en la lista de datos.<\/p>\n\n\n\n<p><strong>P: Los datos no se muestran correctamente en la pantalla.<\/strong><\/p>\n\n\n\n<p><strong>R:<\/strong>&nbsp;Este sistema es compatible con Internet Explorer 6.0 o versiones posteriores.<br>*Otros navegadores pueden no mostrar el contenido correctamente.<\/p>\n\n\n\n<h2 class=\"wp-block-heading\">Preguntas sobre los datos CAD<\/h2>\n\n\n\n<p><strong>P: \u00bfTiene alg\u00fan costo descargar estos datos CAD?<\/strong><\/p>\n\n\n\n<p><strong>R:<\/strong>&nbsp;Estos datos CAD pueden descargarse de forma gratuita.<\/p>\n\n\n\n<p><strong>P: El navegador no avanza a la pantalla de datos CAD.<\/strong><\/p>\n\n\n\n<p><strong>R:<\/strong>&nbsp;Es posible que la configuraci\u00f3n de cookies no sea v\u00e1lida.<br>Especialmente al utilizar Internet Explorer 6, las cookies est\u00e1n desactivadas en la configuraci\u00f3n predeterminada. Cambie la configuraci\u00f3n de la siguiente manera:<br>Para Internet Explorer 6.0:<br>Haga clic en \u201cHerramientas\u201d en la barra de men\u00fa \u2192 \u201cOpciones de Internet\u201d \u2192 \u201cPesta\u00f1a Privacidad\u201d \u2192 \u201cConfiguraci\u00f3n avanzada de privacidad\u201d \u2192 \u201cReemplazar la administraci\u00f3n autom\u00e1tica de cookies\u201d \u2192 marque \u201cPermitir siempre cookies de sesi\u00f3n\u201d \u2192 haga clic en \u201cAceptar\u201d.<\/p>\n\n\n\n<p><strong>P: Despu\u00e9s de descargar los datos CAD, se descomprimen y se crea un archivo DXF, pero los datos no se abren en la pantalla.<\/strong><\/p>\n\n\n\n<p><strong>R:<\/strong>&nbsp;Para utilizar los datos CAD es necesario contar con un software CAD. Sin un software CAD no es posible abrir los datos.<\/p>\n\n\n\n<p><strong>P: Tengo software CAD, pero no puedo abrir un archivo DXF.<\/strong><\/p>\n\n\n\n<p><strong>R:<\/strong>&nbsp;Aseg\u00farese de que exista una opci\u00f3n \u201cDXF\u201d en el comando \u201cAbrir\u201d de su software CAD.<\/p>\n\n\n\n<p><strong>P: Los datos CAD se descargaron en formato PDF. \u00bfD\u00f3nde est\u00e1n los datos en formato DXF?<\/strong><\/p>\n\n\n\n<p><strong>R:<\/strong>&nbsp;Aseg\u00farese de no haber descargado los datos de \u201cEspecificaciones\u201d. Tanto \u201cEspecificaciones\u201d como \u201cDatos CAD\u201d se pueden seleccionar en la pantalla principal despu\u00e9s de aceptar los t\u00e9rminos de uso.<br>Haga clic en el icono \u201cDatos CAD\u201d en la pantalla principal.<\/p>\n\n\n\n<p><strong>P: Proporci\u00f3neme un diagrama de trayectoria de desplazamiento.<\/strong><\/p>\n\n\n\n<p><strong>R:<\/strong>&nbsp;Lo sentimos, pero esto no est\u00e1 disponible. En su lugar, descargue el diagrama de piezas del modelo requerido desde el sitio web y cree un diagrama CAD que cumpla con sus requisitos.<\/p>\n\n\n\n<p><strong>P: No entiendo c\u00f3mo utilizar los datos CAD. \u00bfPodr\u00eda explic\u00e1rmelo?<\/strong><\/p>\n\n\n\n<p><strong>R:<\/strong>&nbsp;No aceptamos consultas sobre c\u00f3mo operar el software CAD. Consulte las instrucciones incluidas con el software CAD que est\u00e9 utilizando.<\/p>\n\n\n\n<p><strong>P: \u00bfA qu\u00e9 escala se proporcionan los datos CAD?<\/strong><\/p>\n\n\n\n<p><strong>R:<\/strong>&nbsp;Tadano proporciona los datos CAD a escala real.<\/p>\n\n\n\n<p><strong>P: Ind\u00edqueme c\u00f3mo ensamblar las piezas.<\/strong><\/p>\n\n\n\n<p><strong>R:<\/strong>&nbsp;Se incluyen puntos de origen en cada pieza. Superponga estos puntos de origen para ver c\u00f3mo se ensamblan las piezas.<br>Preguntas sobre especificaciones<\/p>\n\n\n\n<h2 class=\"wp-block-heading\">Preguntas sobre las especificaciones<\/h2>\n\n\n\n<p><strong>P: \u00bfCu\u00e1l es el significado de las l\u00edneas en negrita en la tabla de cargas nominales?<\/strong><\/p>\n\n\n\n<p><strong>R:<\/strong>&nbsp;Las capacidades de carga de las gr\u00faas m\u00f3viles se determinan por (1) la resistencia (la gr\u00faa no se rompe al levantar una carga) o (2) la estabilidad (la gr\u00faa no se vuelca al levantar una carga). Se utiliza el valor menor de estos dos factores para determinar la capacidad nominal.<br>En las gr\u00faas m\u00f3viles, cuando se trabaja con un radio peque\u00f1o, las limitaciones est\u00e1n determinadas por la resistencia de la pluma. Cuando se trabaja con un radio mayor, las limitaciones est\u00e1n determinadas por el punto de vuelco. Las l\u00edneas en negrita indican el punto en el que una sobrecarga da\u00f1ar\u00eda estructuralmente la gr\u00faa (valores por encima de la l\u00ednea en negrita) en comparaci\u00f3n con el punto en el que una sobrecarga da\u00f1ar\u00eda la gr\u00faa por vuelco (valores por debajo de la l\u00ednea en negrita).<br>Tanto si se observan las capacidades por encima como por debajo de la l\u00ednea en negrita, no hay problema en configurar una carga de trabajo que se mantenga dentro de los l\u00edmites de carga nominal indicados en la tabla.<br>Como nota importante para la planificaci\u00f3n del trabajo, las capacidades de carga se calculan cuando la gr\u00faa est\u00e1 instalada sobre una superficie nivelada. Adem\u00e1s, dado que el dispositivo de seguridad AML impide cualquier operaci\u00f3n fuera de las capacidades nominales indicadas en la tabla, puede haber casos en los que sea necesario utilizar gr\u00faas de mayor capacidad para determinadas elevaciones; planifique su trabajo en consecuencia.<\/p>\n\n\n\n<p><strong>P: En la hoja de especificaciones de la gr\u00faa todoterreno se indica una capacidad de ascenso (tan \u03b8) de 0,57. \u00bfEs realmente posible que el veh\u00edculo suba carreteras reales con esta pendiente?<\/strong><\/p>\n\n\n\n<p><strong>R:<\/strong>&nbsp;Una capacidad de ascenso (tan \u03b8) de 0,57 equivale a 30\u00b0 en t\u00e9rminos de \u00e1ngulo, pero este valor es el resultado de un c\u00e1lculo del \u00e1ngulo m\u00e1ximo de inclinaci\u00f3n permitido, teniendo en cuenta el motor, el convertidor de par y la transmisi\u00f3n. Por lo tanto, si no hay deslizamiento entre la superficie de la carretera y el neum\u00e1tico, es posible subir una carretera con una pendiente de 30\u00b0.<br>Sin embargo, en carreteras reales existe cierto deslizamiento, que depende del coeficiente de fricci\u00f3n de la superficie. Si el coeficiente de fricci\u00f3n es de 0,6 o superior, es posible subir una carretera con una pendiente de 30\u00b0. En general, el coeficiente de fricci\u00f3n de superficies pavimentadas (secas) se estima entre 0,4 y 0,7, pero cuando es de 0,4, la capacidad de ascenso posible es de aproximadamente 20\u00b0.<\/p>\n\n\n\n<h2 class=\"wp-block-heading\">Preguntas sobre las figuras de fuerza de reacci\u00f3n de los estabilizadores<\/h2>\n\n\n\n<p><strong>P: El navegador no avanza a la pantalla de fuerza de reacci\u00f3n de los estabilizadores.<\/strong><\/p>\n\n\n\n<p><strong>R:<\/strong>&nbsp;Es posible que la configuraci\u00f3n de cookies no sea v\u00e1lida.<br>Especialmente al utilizar Internet Explorer 6, las cookies est\u00e1n desactivadas en la configuraci\u00f3n predeterminada. Cambie la configuraci\u00f3n de la siguiente manera:<br>Para Internet Explorer 6.0:<br>Haga clic en \u201cHerramientas\u201d en la barra de men\u00fa \u2192 \u201cOpciones de Internet\u201d \u2192 \u201cPesta\u00f1a Privacidad\u201d \u2192 \u201cConfiguraci\u00f3n avanzada de privacidad\u201d \u2192 \u201cReemplazar la administraci\u00f3n autom\u00e1tica de cookies\u201d \u2192 marque \u201cPermitir siempre cookies de sesi\u00f3n\u201d \u2192 haga clic en \u201cAceptar\u201d.<\/p>\n\n\n\n<h2 class=\"wp-block-heading\">Otras preguntas<\/h2>\n\n\n\n<p><strong>P: Me gustar\u00eda cargar y mostrar especificaciones y datos CAD en mi servidor de Internet.<\/strong><\/p>\n\n\n\n<p><strong>R:<\/strong>&nbsp;Lo sentimos, pero le solicitamos que se abstenga de publicar informaci\u00f3n propietaria de Tadano en el servidor de su empresa.<br>Por favor, enlace a la p\u00e1gina principal de Tadano (http:\/\/www.tadano.com\/).<\/p>\n\n\n\n<p><strong>P: Me gustar\u00eda incluir un enlace a sus datos CAD y especificaciones en mi p\u00e1gina web.<\/strong><\/p>\n\n\n\n<p><strong>R:<\/strong>&nbsp;Lo sentimos, pero le solicitamos que se abstenga de enlazar informaci\u00f3n propietaria de Tadano desde su p\u00e1gina web.<br>Por favor, enlace a la p\u00e1gina principal de Tadano (http:\/\/www.tadano.com\/).<\/p>\n\n","protected":false},"excerpt":{"rendered":"<p>Preguntas m\u00e1s frecuentes P: Ind\u00edqueme c\u00f3mo utilizar CAD. R:&nbsp;No aceptamos consultas sobre c\u00f3mo operar el software CAD. Consulte las instrucciones incluidas con el software CAD que est\u00e9 utilizando. P: Quiero datos CAD que no figuran en la lista de datos. R:&nbsp;Todos los datos CAD actualmente disponibles de Tadano se muestran en la lista de datos. [&hellip;]<\/p>\n","protected":false},"author":3,"featured_media":0,"parent":0,"menu_order":0,"comment_status":"closed","ping_status":"closed","template":"","meta":{"_acf_changed":false,"footnotes":""},"acf":[],"yoast_head":"<!-- This site is optimized with the Yoast SEO plugin v22.3 - https:\/\/yoast.com\/wordpress\/plugins\/seo\/ -->\n<title>FAQ (Recursos del producto) - Latin America \/ Caribbean<\/title>\n<meta name=\"robots\" content=\"index, follow, max-snippet:-1, max-image-preview:large, max-video-preview:-1\" \/>\n<link rel=\"canonical\" href=\"https:\/\/www.tadano.com\/latam\/es\/faq-recursos-del-producto\/\" \/>\n<meta property=\"og:locale\" content=\"es_ES\" \/>\n<meta property=\"og:type\" content=\"article\" \/>\n<meta property=\"og:title\" content=\"FAQ (Recursos del producto) - Latin America \/ Caribbean\" \/>\n<meta property=\"og:description\" content=\"Preguntas m\u00e1s frecuentes P: Ind\u00edqueme c\u00f3mo utilizar CAD. R:&nbsp;No aceptamos consultas sobre c\u00f3mo operar el software CAD. Consulte las instrucciones incluidas con el software CAD que est\u00e9 utilizando. P: Quiero datos CAD que no figuran en la lista de datos. R:&nbsp;Todos los datos CAD actualmente disponibles de Tadano se muestran en la lista de datos. [&hellip;]\" \/>\n<meta property=\"og:url\" content=\"https:\/\/www.tadano.com\/latam\/es\/faq-recursos-del-producto\/\" \/>\n<meta property=\"og:site_name\" content=\"Latin America \/ Caribbean\" \/>\n<meta property=\"article:modified_time\" content=\"2026-01-28T10:08:49+00:00\" \/>\n<meta name=\"twitter:card\" content=\"summary_large_image\" \/>\n<meta name=\"twitter:label1\" content=\"Tiempo de lectura\" \/>\n\t<meta name=\"twitter:data1\" content=\"5 minutos\" \/>\n<script type=\"application\/ld+json\" class=\"yoast-schema-graph\">{\"@context\":\"https:\/\/schema.org\",\"@graph\":[{\"@type\":\"WebPage\",\"@id\":\"https:\/\/www.tadano.com\/latam\/es\/faq-recursos-del-producto\/\",\"url\":\"https:\/\/www.tadano.com\/latam\/es\/faq-recursos-del-producto\/\",\"name\":\"FAQ (Recursos del producto) - Latin America \/ Caribbean\",\"isPartOf\":{\"@id\":\"https:\/\/www.tadano.com\/latam\/en\/#website\"},\"datePublished\":\"2025-10-30T09:38:52+00:00\",\"dateModified\":\"2026-01-28T10:08:49+00:00\",\"inLanguage\":\"es\",\"potentialAction\":[{\"@type\":\"ReadAction\",\"target\":[\"https:\/\/www.tadano.com\/latam\/es\/faq-recursos-del-producto\/\"]}]},{\"@type\":\"WebSite\",\"@id\":\"https:\/\/www.tadano.com\/latam\/en\/#website\",\"url\":\"https:\/\/www.tadano.com\/latam\/en\/\",\"name\":\"Latin America \/ Caribbean\",\"description\":\"Just another TADANO EUROPE site\",\"potentialAction\":[{\"@type\":\"SearchAction\",\"target\":{\"@type\":\"EntryPoint\",\"urlTemplate\":\"https:\/\/www.tadano.com\/latam\/en\/?s={search_term_string}\"},\"query-input\":\"required name=search_term_string\"}],\"inLanguage\":\"es\"}]}<\/script>\n<!-- \/ Yoast SEO plugin. -->","yoast_head_json":{"title":"FAQ (Recursos del producto) - Latin America \/ Caribbean","robots":{"index":"index","follow":"follow","max-snippet":"max-snippet:-1","max-image-preview":"max-image-preview:large","max-video-preview":"max-video-preview:-1"},"canonical":"https:\/\/www.tadano.com\/latam\/es\/faq-recursos-del-producto\/","og_locale":"es_ES","og_type":"article","og_title":"FAQ (Recursos del producto) - Latin America \/ Caribbean","og_description":"Preguntas m\u00e1s frecuentes P: Ind\u00edqueme c\u00f3mo utilizar CAD. R:&nbsp;No aceptamos consultas sobre c\u00f3mo operar el software CAD. Consulte las instrucciones incluidas con el software CAD que est\u00e9 utilizando. P: Quiero datos CAD que no figuran en la lista de datos. R:&nbsp;Todos los datos CAD actualmente disponibles de Tadano se muestran en la lista de datos. [&hellip;]","og_url":"https:\/\/www.tadano.com\/latam\/es\/faq-recursos-del-producto\/","og_site_name":"Latin America \/ Caribbean","article_modified_time":"2026-01-28T10:08:49+00:00","twitter_card":"summary_large_image","twitter_misc":{"Tiempo de lectura":"5 minutos"},"schema":{"@context":"https:\/\/schema.org","@graph":[{"@type":"WebPage","@id":"https:\/\/www.tadano.com\/latam\/es\/faq-recursos-del-producto\/","url":"https:\/\/www.tadano.com\/latam\/es\/faq-recursos-del-producto\/","name":"FAQ (Recursos del producto) - Latin America \/ Caribbean","isPartOf":{"@id":"https:\/\/www.tadano.com\/latam\/en\/#website"},"datePublished":"2025-10-30T09:38:52+00:00","dateModified":"2026-01-28T10:08:49+00:00","inLanguage":"es","potentialAction":[{"@type":"ReadAction","target":["https:\/\/www.tadano.com\/latam\/es\/faq-recursos-del-producto\/"]}]},{"@type":"WebSite","@id":"https:\/\/www.tadano.com\/latam\/en\/#website","url":"https:\/\/www.tadano.com\/latam\/en\/","name":"Latin America \/ Caribbean","description":"Just another TADANO EUROPE site","potentialAction":[{"@type":"SearchAction","target":{"@type":"EntryPoint","urlTemplate":"https:\/\/www.tadano.com\/latam\/en\/?s={search_term_string}"},"query-input":"required name=search_term_string"}],"inLanguage":"es"}]}},"_links":{"self":[{"href":"https:\/\/www.tadano.com\/latam\/es\/wp-json\/wp\/v2\/pages\/8676"}],"collection":[{"href":"https:\/\/www.tadano.com\/latam\/es\/wp-json\/wp\/v2\/pages"}],"about":[{"href":"https:\/\/www.tadano.com\/latam\/es\/wp-json\/wp\/v2\/types\/page"}],"author":[{"embeddable":true,"href":"https:\/\/www.tadano.com\/latam\/es\/wp-json\/wp\/v2\/users\/3"}],"replies":[{"embeddable":true,"href":"https:\/\/www.tadano.com\/latam\/es\/wp-json\/wp\/v2\/comments?post=8676"}],"version-history":[{"count":0,"href":"https:\/\/www.tadano.com\/latam\/es\/wp-json\/wp\/v2\/pages\/8676\/revisions"}],"wp:attachment":[{"href":"https:\/\/www.tadano.com\/latam\/es\/wp-json\/wp\/v2\/media?parent=8676"}],"curies":[{"name":"wp","href":"https:\/\/api.w.org\/{rel}","templated":true}]}}