{"id":7829,"date":"2022-04-29T07:45:51","date_gmt":"2022-04-29T07:45:51","guid":{"rendered":"https:\/\/www.tadano.com\/latam\/equipements-de-levage-doccasion\/"},"modified":"2023-11-06T09:35:37","modified_gmt":"2023-11-06T09:35:37","slug":"equipements-de-levage-doccasion","status":"publish","type":"page","link":"https:\/\/www.tadano.com\/latam\/fr\/equipements-de-levage-doccasion\/","title":{"rendered":"\u00c9QUIPEMENTS DE LEVAGE D\u2019OCCASION"},"content":{"rendered":"\n\n\n<section class=\"hero-section\">\n\n\t\n\t\n\t\n\t<div class=\"img-holder \">\n\t\t\t\t<div class=\"bg-stretch\" style=\"background-position: 50% 50%; \">\n\t\t\t<span data-srcset=\"https:\/\/assets.onetadano.com\/celum_assets\/hero\/UsedEquipment.jpg, https:\/\/assets.onetadano.com\/celum_assets\/hero-2x\/UsedEquipment.jpg 2x\"><\/span>\n\t\t<\/div>\n\t\t\t\t\t\t<div class=\"logo green-solutions\" style=\"display:none;\">\n\t\t\t<a href=\"#\"><img decoding=\"async\" src=\"https:\/\/www.tadano.com\/latam\/wp-content\/themes\/tadano\/assets\/dist\/images\/Green-Solutions_Logo_White.svg\"><\/a>\n\t\t<\/div>\n\t<\/div>\n\t<div class=\"container\">\n\t\t<div class=\"text-holder \">\n\t\t\t<div class=\"wrap\">\n\t\t\t\t\n\t\t\t\t<ul class=\"breadcrumbs\"><li><a href=\"https:\/\/www.tadano.com\/latam\/fr\/\">Accueil<\/a><\/li><\/ul>\n\t\t\t\t\n\n<h1 class=\"wp-block-heading\">\u00c9QUIPEMENTS DE LEVAGE D\u2019OCCASION<\/h1>\n\n\n\n<p>Parcourez les diff\u00e9rents mod\u00e8les et tailles pour r\u00e9pondre aux besoins de votre projet. Vous ne trouvez pas la perle rare ? Faites-le nous savoir et nous nous efforcerons de vous fournir la meilleure solution.<\/p>\n\n\n\n<div class=\"wp-block-buttons is-layout-flex wp-block-buttons-is-layout-flex\">\n<div class=\"wp-block-button is-style-btn-outline\"><a class=\"wp-block-button__link\" href=\"https:\/\/www.tadano.com\/latam\/fr\/equipements-de-levage\/grues-d-occasion\/\">GRUES D&rsquo;OCCASION<\/a><\/div>\n<\/div>\n\n\n\n\t\t\t\t\n\t\t\t<\/div>\n\n\t\t\t\n\t\t\t\n\t\t\t\n\t\t<\/div>\n\t<\/div>\n<\/section>\n\n    <div class=\"products-hide-filtering used-section\">\n                <input type=\"hidden\" id=\"filterAxles\" value=\"\"\/>\n        <input type=\"hidden\" id=\"filterMaxLoad\" value=\"\"\/>\n        <input type=\"hidden\" id=\"filterBoomLength\" value=\"1\"\/>\n        <input type=\"hidden\" id=\"filterTipHeight\" value=\"\"\/>\n        <input type=\"hidden\" id=\"filterManufacturingYear\" value=\"\"\/>\n        <input type=\"hidden\" id=\"filterCategory\" value=\"\"\/>\n                <input type=\"hidden\" id=\"filterLegacyStatus\" value=\"\"\/>\n        <input type=\"hidden\" id=\"displayFilter\" value=\"1\"\/>\n        <!-- REFINE AREA START -->\n                    <section class=\"filter-refine\">\n                <form action=\"#\">\n                    <div class=\"container\">\n                        <div class=\"left\">\n                                                            <strong class=\"title\">Affiner votre recherche:<\/strong>\n                                                                                        <ul class=\"tabset-filter\">\n                                                                                                                                                                                        <li><a href=\"#boom-length\"><span>Longueur de fl\u00e8che<\/span><\/a><\/li>\n                                                                                                                                                                                <\/ul>\n                                <div class=\"tab-content product-tab-content\">\n                                                                                                                                                                                        <div class=\"tab-refine\" id=\"boom-length\">\n                                                                                                                                                                                                                                                                            <\/div>\n                                                                                                                                                                                <\/div>\n\n                                \n                            \n\n                        <\/div>\n                        <div class=\"right\">\n                                                        <div class=\"radio\">\n                                                                    <label for=\"met\" class=\"met\">\n                                        <input type=\"radio\" name=\"filterScale\" id=\"met\" value=\"met\">\n                                        <span class=\"fake-radio\"><\/span>\n                                        <span class=\"fake-label\">M\u00e9trique<\/span>\n                                    <\/label>\n                                    <label for=\"imp\" class=\"imp\">\n                                        <input type=\"radio\" name=\"filterScale\" id=\"imp\" value=\"imp\" >\n                                        <span class=\"fake-radio\"><\/span>\n                                        <span class=\"fake-label\">Imp\u00e9rial<\/span>\n                                    <\/label>\n                                    \n                            <\/div>\n                        <\/div>\n                    <\/div>\n                <\/form>\n            <\/section>\n                <!-- REFINE AREA END -->\n\n        \n                <div class=\"all-results \" style=\"z-index:1; position:relative;\">\n            <section class=\"filter-content\">\n                <div class=\"container\">\n                    <div class=\"no-results\">\n                        <h2>D\u00e9sol\u00e9, rien n&rsquo;a \u00e9t\u00e9 trouv\u00e9 \ud83d\ude14<\/h2>\n                        <p>Veuillez ajuster votre recherche. <\/p>\n                    <\/div>\n                                                                                <h2>Grues d&rsquo;occasion<\/h2>\n                                                       \n                        <div class=\"filter-compare used-cranes\">\n                                                    <\/div><!-- end filter compare -->\n\n                                    <\/section>\n        <\/div>\n    <\/div>\n\n\n<div class=\"wp-block-group is-style-is-style-background-white-light-triangle is-style-background-white-light-triangle is-layout-flow wp-block-group-is-layout-flow\"><div class=\"wp-block-group__inner-container\">\n<h2 class=\"wp-block-heading\">GRUES D&rsquo;OCCASION &#8211; NOTRE PROMESSE<\/h2>\n\n\n\n<p>Le r\u00e9seau mondial d&rsquo;experts de Tadano vous aidera \u00e0 trouver la bonne solution pour tout projet. Une vari\u00e9t\u00e9 de grues d&rsquo;occasion approuv\u00e9es par les \u00e9quipementiers, entretenues et certifi\u00e9es peuvent \u00eatre optimis\u00e9es pour vos besoins sp\u00e9cifiques. Les modifications, les r\u00e9parations, le transport et le financement font partie d&rsquo;une exp\u00e9rience client pratique, \u00e0 partir d&rsquo;un seul point de contact..<\/p>\n\n\n\n<h2 class=\"wp-block-heading\">\u00c9QUIPE DE VENTE GRUES D&rsquo;OCCASION<\/h2>\n\n\n\n<p>D\u00e9couvrez le r\u00e9seau mondial d&rsquo;experts en grues d&rsquo;occasion de Tadano, d\u00e9vou\u00e9s et exp\u00e9riment\u00e9s, qui sont pr\u00eats \u00e0 vous fournir des informations et un soutien tout au long de votre processus de d\u00e9cision.<\/p>\n\n\n\n<div class=\"wp-block-buttons is-layout-flex wp-block-buttons-is-layout-flex\">\n<div class=\"wp-block-button is-style-text-only\"><a class=\"wp-block-button__link\" href=\"https:\/\/www.tadano.com\/en\/used-cranes-team\/\">D\u00c9COUVREZ L&rsquo;\u00c9QUIPE<\/a><\/div>\n<\/div>\n<\/div><\/div>\n\n\n\n    <section class=\"news-section\">\n\n    <div class=\"container\">\n      <div class=\"text-block\">\n        <h2>Actualit\u00e9s<\/h2>\n                        \n                  <a href=\"https:\/\/www.tadano.com\/latam\/fr\/news-list\/\" class=\"link-more\">EXPLORER TOUTES les News<\/a>\n        \n\n                <div class=\"controls\">\n          <svg width=\"14\" height=\"31\" viewBox=\"0 0 14 31\" fill=\"none\" xmlns=\"http:\/\/www.w3.org\/2000\/svg\">\n           <path d=\"M13 1L1 15.5L13 30\" stroke=\"#fff\"\/>\n          <\/svg>\n          <svg width=\"15\" height=\"31\" viewBox=\"0 0 15 31\" fill=\"none\" xmlns=\"http:\/\/www.w3.org\/2000\/svg\">\n           <path d=\"M1 1L14 15.5L1 30\" stroke=\"#fff\"\/>\n          <\/svg>\n        <\/div>\n        \n\n        \n      <\/div>\n      <div class=\"slick-slider simple-slider\">\n                              <div>\n              <div class=\"news-single\">\n                <a href=\"https:\/\/www.tadano.com\/latam\/fr\/news\/tadano-finalise-lacquisition-de-lactivite-systemes-de-transport-de-la-societe-ihi-transport-machinery\/\">\n                  <strong class=\"title\">Tadano finalise l\u2019acquisition de l\u2019activit\u00e9 Syst\u00e8mes de transport de la soci\u00e9t\u00e9 IHI Transport Machinery<\/strong>\n                  <ul class=\"meta\">\n                    <li>Publication<\/li>\n                    <li><time datetime=\"2020-01-01\">Juil\/01\/2025<\/time><\/li>\n                  <\/ul>\n                <\/a>\n              <\/div>\n            <\/div>\n                      <div>\n              <div class=\"news-single\">\n                <a href=\"https:\/\/www.tadano.com\/latam\/fr\/news\/tadano-at-bauma-2025\/\">\n                  <strong class=\"title\">Tadano \u00e0 la bauma 2025<\/strong>\n                  <ul class=\"meta\">\n                    <li>Publication<\/li>\n                    <li><time datetime=\"2020-01-01\">Avr\/07\/2025<\/time><\/li>\n                  <\/ul>\n                <\/a>\n              <\/div>\n            <\/div>\n                      <div>\n              <div class=\"news-single\">\n                <a href=\"https:\/\/www.tadano.com\/latam\/fr\/news\/the-new-cc-78-1250-1\/\">\n                  <strong class=\"title\">La nouvelle Tadano CC 78.1250-1<\/strong>\n                  <ul class=\"meta\">\n                    <li>Publication<\/li>\n                    <li><time datetime=\"2020-01-01\">Avr\/03\/2025<\/time><\/li>\n                  <\/ul>\n                <\/a>\n              <\/div>\n            <\/div>\n                      <div>\n              <div class=\"news-single\">\n                <a href=\"https:\/\/www.tadano.com\/latam\/fr\/news\/longueur-hauteur-et-portee-accrues-nouvelle-grue-tout-terrain-tadano-ac-5-250l-2-equipee-dune-fleche-principale-de-79-metres\/\">\n                  <strong class=\"title\">LONGUEUR, HAUTEUR ET PORT\u00c9E ACCRUES: NOUVELLE GRUE TOUT-TERRAIN TADANO AC 5.250L-2 \u00c9QUIP\u00c9E D\u2019UNE FL\u00c8CHE PRINCIPALE DE 79 M\u00c8TRES<\/strong>\n                  <ul class=\"meta\">\n                    <li>Publication<\/li>\n                    <li><time datetime=\"2020-01-01\">F\u00e9v\/20\/2025<\/time><\/li>\n                  <\/ul>\n                <\/a>\n              <\/div>\n            <\/div>\n                      <div>\n              <div class=\"news-single\">\n                <a href=\"https:\/\/www.tadano.com\/latam\/fr\/news\/la-tadano-ac-7-450-1-fait-coup-double-dans-le-wisconsin\/\">\n                  <strong class=\"title\">La Tadano AC 7.450-1 fait coup double dans le Wisconsin<\/strong>\n                  <ul class=\"meta\">\n                    <li>Publication<\/li>\n                    <li><time datetime=\"2020-01-01\">Nov\/12\/2024<\/time><\/li>\n                  <\/ul>\n                <\/a>\n              <\/div>\n            <\/div>\n                      <div>\n              <div class=\"news-single\">\n                <a href=\"https:\/\/www.tadano.com\/latam\/fr\/news\/la-nouvelle-tadano-ac-5-250-2-seduit-par-ses-solutions-innovantes\/\">\n                  <strong class=\"title\">La nouvelle Tadano AC 5.250-2 s\u00e9duit par ses solutions innovantes<\/strong>\n                  <ul class=\"meta\">\n                    <li>Publication<\/li>\n                    <li><time datetime=\"2020-01-01\">Juil\/22\/2024<\/time><\/li>\n                  <\/ul>\n                <\/a>\n              <\/div>\n            <\/div>\n                        <\/div>\n    <\/div>\n  <\/section>\n  ","protected":false},"excerpt":{"rendered":"<p>GRUES D&rsquo;OCCASION &#8211; NOTRE PROMESSE Le r\u00e9seau mondial d&rsquo;experts de Tadano vous aidera \u00e0 trouver la bonne solution pour tout projet. Une vari\u00e9t\u00e9 de grues d&rsquo;occasion approuv\u00e9es par les \u00e9quipementiers, entretenues et certifi\u00e9es peuvent \u00eatre optimis\u00e9es pour vos besoins sp\u00e9cifiques. Les modifications, les r\u00e9parations, le transport et le financement font partie d&rsquo;une exp\u00e9rience client pratique, [&hellip;]<\/p>\n","protected":false},"author":1,"featured_media":0,"parent":0,"menu_order":0,"comment_status":"closed","ping_status":"closed","template":"","meta":{"_acf_changed":false,"footnotes":""},"acf":[],"yoast_head":"<!-- This site is optimized with the Yoast SEO plugin v22.3 - https:\/\/yoast.com\/wordpress\/plugins\/seo\/ -->\n<title>\u00c9QUIPEMENTS DE LEVAGE D\u2019OCCASION - Latin America \/ Caribbean<\/title>\n<meta name=\"robots\" content=\"index, follow, max-snippet:-1, max-image-preview:large, max-video-preview:-1\" \/>\n<link rel=\"canonical\" href=\"https:\/\/www.tadano.com\/latam\/fr\/equipements-de-levage-doccasion\/\" \/>\n<meta property=\"og:locale\" content=\"fr_FR\" \/>\n<meta property=\"og:type\" content=\"article\" \/>\n<meta property=\"og:title\" content=\"\u00c9QUIPEMENTS DE LEVAGE D\u2019OCCASION - Latin America \/ Caribbean\" \/>\n<meta property=\"og:description\" content=\"GRUES D&rsquo;OCCASION &#8211; NOTRE PROMESSE Le r\u00e9seau mondial d&rsquo;experts de Tadano vous aidera \u00e0 trouver la bonne solution pour tout projet. Une vari\u00e9t\u00e9 de grues d&rsquo;occasion approuv\u00e9es par les \u00e9quipementiers, entretenues et certifi\u00e9es peuvent \u00eatre optimis\u00e9es pour vos besoins sp\u00e9cifiques. Les modifications, les r\u00e9parations, le transport et le financement font partie d&rsquo;une exp\u00e9rience client pratique, [&hellip;]\" \/>\n<meta property=\"og:url\" content=\"https:\/\/www.tadano.com\/latam\/fr\/equipements-de-levage-doccasion\/\" \/>\n<meta property=\"og:site_name\" content=\"Latin America \/ Caribbean\" \/>\n<meta property=\"article:modified_time\" content=\"2023-11-06T09:35:37+00:00\" \/>\n<meta name=\"twitter:card\" content=\"summary_large_image\" \/>\n<meta name=\"twitter:label1\" content=\"Dur\u00e9e de lecture estim\u00e9e\" \/>\n\t<meta name=\"twitter:data1\" content=\"1 minute\" \/>\n<script type=\"application\/ld+json\" class=\"yoast-schema-graph\">{\"@context\":\"https:\/\/schema.org\",\"@graph\":[{\"@type\":\"WebPage\",\"@id\":\"https:\/\/www.tadano.com\/latam\/fr\/equipements-de-levage-doccasion\/\",\"url\":\"https:\/\/www.tadano.com\/latam\/fr\/equipements-de-levage-doccasion\/\",\"name\":\"\u00c9QUIPEMENTS DE LEVAGE D\u2019OCCASION - Latin America \/ Caribbean\",\"isPartOf\":{\"@id\":\"https:\/\/www.tadano.com\/latam\/en\/#website\"},\"datePublished\":\"2022-04-29T07:45:51+00:00\",\"dateModified\":\"2023-11-06T09:35:37+00:00\",\"inLanguage\":\"fr-FR\",\"potentialAction\":[{\"@type\":\"ReadAction\",\"target\":[\"https:\/\/www.tadano.com\/latam\/fr\/equipements-de-levage-doccasion\/\"]}]},{\"@type\":\"WebSite\",\"@id\":\"https:\/\/www.tadano.com\/latam\/en\/#website\",\"url\":\"https:\/\/www.tadano.com\/latam\/en\/\",\"name\":\"Latin America \/ Caribbean\",\"description\":\"Just another TADANO EUROPE site\",\"potentialAction\":[{\"@type\":\"SearchAction\",\"target\":{\"@type\":\"EntryPoint\",\"urlTemplate\":\"https:\/\/www.tadano.com\/latam\/en\/?s={search_term_string}\"},\"query-input\":\"required name=search_term_string\"}],\"inLanguage\":\"fr-FR\"}]}<\/script>\n<!-- \/ Yoast SEO plugin. -->","yoast_head_json":{"title":"\u00c9QUIPEMENTS DE LEVAGE D\u2019OCCASION - Latin America \/ Caribbean","robots":{"index":"index","follow":"follow","max-snippet":"max-snippet:-1","max-image-preview":"max-image-preview:large","max-video-preview":"max-video-preview:-1"},"canonical":"https:\/\/www.tadano.com\/latam\/fr\/equipements-de-levage-doccasion\/","og_locale":"fr_FR","og_type":"article","og_title":"\u00c9QUIPEMENTS DE LEVAGE D\u2019OCCASION - Latin America \/ Caribbean","og_description":"GRUES D&rsquo;OCCASION &#8211; NOTRE PROMESSE Le r\u00e9seau mondial d&rsquo;experts de Tadano vous aidera \u00e0 trouver la bonne solution pour tout projet. Une vari\u00e9t\u00e9 de grues d&rsquo;occasion approuv\u00e9es par les \u00e9quipementiers, entretenues et certifi\u00e9es peuvent \u00eatre optimis\u00e9es pour vos besoins sp\u00e9cifiques. Les modifications, les r\u00e9parations, le transport et le financement font partie d&rsquo;une exp\u00e9rience client pratique, [&hellip;]","og_url":"https:\/\/www.tadano.com\/latam\/fr\/equipements-de-levage-doccasion\/","og_site_name":"Latin America \/ Caribbean","article_modified_time":"2023-11-06T09:35:37+00:00","twitter_card":"summary_large_image","twitter_misc":{"Dur\u00e9e de lecture estim\u00e9e":"1 minute"},"schema":{"@context":"https:\/\/schema.org","@graph":[{"@type":"WebPage","@id":"https:\/\/www.tadano.com\/latam\/fr\/equipements-de-levage-doccasion\/","url":"https:\/\/www.tadano.com\/latam\/fr\/equipements-de-levage-doccasion\/","name":"\u00c9QUIPEMENTS DE LEVAGE D\u2019OCCASION - Latin America \/ Caribbean","isPartOf":{"@id":"https:\/\/www.tadano.com\/latam\/en\/#website"},"datePublished":"2022-04-29T07:45:51+00:00","dateModified":"2023-11-06T09:35:37+00:00","inLanguage":"fr-FR","potentialAction":[{"@type":"ReadAction","target":["https:\/\/www.tadano.com\/latam\/fr\/equipements-de-levage-doccasion\/"]}]},{"@type":"WebSite","@id":"https:\/\/www.tadano.com\/latam\/en\/#website","url":"https:\/\/www.tadano.com\/latam\/en\/","name":"Latin America \/ Caribbean","description":"Just another TADANO EUROPE site","potentialAction":[{"@type":"SearchAction","target":{"@type":"EntryPoint","urlTemplate":"https:\/\/www.tadano.com\/latam\/en\/?s={search_term_string}"},"query-input":"required name=search_term_string"}],"inLanguage":"fr-FR"}]}},"_links":{"self":[{"href":"https:\/\/www.tadano.com\/latam\/fr\/wp-json\/wp\/v2\/pages\/7829"}],"collection":[{"href":"https:\/\/www.tadano.com\/latam\/fr\/wp-json\/wp\/v2\/pages"}],"about":[{"href":"https:\/\/www.tadano.com\/latam\/fr\/wp-json\/wp\/v2\/types\/page"}],"author":[{"embeddable":true,"href":"https:\/\/www.tadano.com\/latam\/fr\/wp-json\/wp\/v2\/users\/1"}],"replies":[{"embeddable":true,"href":"https:\/\/www.tadano.com\/latam\/fr\/wp-json\/wp\/v2\/comments?post=7829"}],"version-history":[{"count":1,"href":"https:\/\/www.tadano.com\/latam\/fr\/wp-json\/wp\/v2\/pages\/7829\/revisions"}],"predecessor-version":[{"id":7978,"href":"https:\/\/www.tadano.com\/latam\/fr\/wp-json\/wp\/v2\/pages\/7829\/revisions\/7978"}],"wp:attachment":[{"href":"https:\/\/www.tadano.com\/latam\/fr\/wp-json\/wp\/v2\/media?parent=7829"}],"curies":[{"name":"wp","href":"https:\/\/api.w.org\/{rel}","templated":true}]}}