{"id":7864,"date":"2021-03-17T15:54:28","date_gmt":"2021-03-17T15:54:28","guid":{"rendered":"https:\/\/www.tadano.com\/latam\/a-propos\/dirigeants\/"},"modified":"2023-09-18T09:29:07","modified_gmt":"2023-09-18T09:29:07","slug":"dirigeants","status":"publish","type":"page","link":"https:\/\/www.tadano.com\/latam\/fr\/a-propos\/dirigeants\/","title":{"rendered":"Dirigeants"},"content":{"rendered":"\n\n\n<section class=\"hero-section\">\n\n\t\n\t\n\t\n\t<div class=\"img-holder \">\n\t\t\t\t<div class=\"bg-stretch\" style=\"background-position: 50% 50%; \">\n\t\t\t<span data-srcset=\"https:\/\/assets.onetadano.com\/celum_assets\/hero\/TDN+Joining+Forces+Hero+Image+4K.jpg, https:\/\/assets.onetadano.com\/celum_assets\/hero-2x\/TDN+Joining+Forces+Hero+Image+4K.jpg 2x\"><\/span>\n\t\t<\/div>\n\t\t\t\t\t\t<div class=\"logo green-solutions\" style=\"display:none;\">\n\t\t\t<a href=\"#\"><img decoding=\"async\" src=\"https:\/\/www.tadano.com\/latam\/wp-content\/themes\/tadano\/assets\/dist\/images\/Green-Solutions_Logo_White.svg\"><\/a>\n\t\t<\/div>\n\t<\/div>\n\t<div class=\"container\">\n\t\t<div class=\"text-holder \">\n\t\t\t<div class=\"wrap\">\n\t\t\t\t\n\t\t\t\t<ul class=\"breadcrumbs\"><li><a href=\"https:\/\/www.tadano.com\/latam\/fr\/\">Accueil<\/a><\/li><\/ul>\n\t\t\t\t\n\n<h1 class=\"wp-block-heading\">DIRIGEANTS<\/h1>\n\n\n\n<p>La direction de Tadano se voue \u00e0 accro\u00eetre la rentabilit\u00e9 des clients, en offrant des produits, des services et des syst\u00e8mes ax\u00e9s sur la s\u00e9curit\u00e9, la qualit\u00e9, l&rsquo;efficacit\u00e9 et la conformit\u00e9..<\/p>\n\n\n\n\t\t\t\t\n\t\t\t<\/div>\n\n\t\t\t\n\t\t\t\n\t\t\t\n\t\t<\/div>\n\t<\/div>\n<\/section>\n\n\n<section class=\"sales-team hide-background-triangle  \">\n   <div class=\"container\">\n                    <div class=\"section-heading\">\n                <div class=\"heading\">\n                    <h2>NOS DIRIGEANTS<\/h2>\n                <\/div>\n            <\/div>\n              <div class=\"threerow-slider dots-info has-no-images\">\n                 \n                        <div class=\"card-col no-img wide-card\">\n                <div class=\"info-card responsive\">\n                    <div class=\"card-img\">\n                                            <\/div>\n                    <div class=\"card-content\">\n                        <div class=\"card-title\">\n                            <p>Dean Barley<\/p>\n                        <\/div>\n                        <div class=\"card-info\">\n                            <strong class=\"first-row row\">President &#038; PDG<\/strong>\n                            <strong class=\"row\">PANAM<\/strong>\n                            <strong class=\"row\">Anglais<\/strong>\n                                                            <strong class=\"row\">\n                                <svg style=\"display:inline;\" xmlns=\"http:\/\/www.w3.org\/2000\/svg\" id=\"Layer_1\" data-name=\"Layer 1\" viewBox=\"0 0 24 24\" width=\"15\" height=\"15\"><path d=\"M24,6.24c0,7.64-10.13,17.76-17.76,17.76-1.67,0-3.23-.63-4.38-1.78l-1-1.15c-1.16-1.16-1.16-3.12,.05-4.33,.03-.03,2.44-1.88,2.44-1.88,1.2-1.14,3.09-1.14,4.28,0l1.46,1.17c3.2-1.36,5.47-3.64,6.93-6.95l-1.16-1.46c-1.15-1.19-1.15-3.09,0-4.28,0,0,1.85-2.41,1.88-2.44,1.21-1.21,3.17-1.21,4.38,0l1.05,.91c1.2,1.19,1.83,2.75,1.83,4.42Z\"\/><\/svg>\n                                <a href=\"tel:+1(832)823-1732\">+1 (832) 823-1732<\/a>\n                                <\/strong> \n                                                                                        <strong class=\"row\">\n                                <svg tyle=\"display:inline;\"  xmlns=\"http:\/\/www.w3.org\/2000\/svg\" id=\"Filled\" viewBox=\"0 0 24 24\" width=\"15\" height=\"15\"><path d=\"M23.954,5.542,15.536,13.96a5.007,5.007,0,0,1-7.072,0L.046,5.542C.032,5.7,0,5.843,0,6V18a5.006,5.006,0,0,0,5,5H19a5.006,5.006,0,0,0,5-5V6C24,5.843,23.968,5.7,23.954,5.542Z\"\/><path d=\"M14.122,12.546l9.134-9.135A4.986,4.986,0,0,0,19,1H5A4.986,4.986,0,0,0,.744,3.411l9.134,9.135A3.007,3.007,0,0,0,14.122,12.546Z\"\/><\/svg>\n                                <a href=\"mailto:dean.barley@tadano.com\">dean.barley@tadano.com<\/a>\n                            <\/strong>\n                                                    <\/div>\n                    <\/div>\n                <\/div>\n            <\/div>\n         \n                        <div class=\"card-col no-img wide-card\">\n                <div class=\"info-card responsive\">\n                    <div class=\"card-img\">\n                                            <\/div>\n                    <div class=\"card-content\">\n                        <div class=\"card-title\">\n                            <p>Adriano Batazza<\/p>\n                        <\/div>\n                        <div class=\"card-info\">\n                            <strong class=\"first-row row\">Vice Pr\u00e9sident &#038; Manager G\u00e9n\u00e9ral<\/strong>\n                            <strong class=\"row\">Ventes Am\u00e9rique Latine<\/strong>\n                            <strong class=\"row\">Espagnol, Anglais<\/strong>\n                                                            <strong class=\"row\">\n                                <svg style=\"display:inline;\" xmlns=\"http:\/\/www.w3.org\/2000\/svg\" id=\"Layer_1\" data-name=\"Layer 1\" viewBox=\"0 0 24 24\" width=\"15\" height=\"15\"><path d=\"M24,6.24c0,7.64-10.13,17.76-17.76,17.76-1.67,0-3.23-.63-4.38-1.78l-1-1.15c-1.16-1.16-1.16-3.12,.05-4.33,.03-.03,2.44-1.88,2.44-1.88,1.2-1.14,3.09-1.14,4.28,0l1.46,1.17c3.2-1.36,5.47-3.64,6.93-6.95l-1.16-1.46c-1.15-1.19-1.15-3.09,0-4.28,0,0,1.85-2.41,1.88-2.44,1.21-1.21,3.17-1.21,4.38,0l1.05,.91c1.2,1.19,1.83,2.75,1.83,4.42Z\"\/><\/svg>\n                                <a href=\"tel:+5511994967275\">+55 11 99496 7275<\/a>\n                                <\/strong> \n                                                                                        <strong class=\"row\">\n                                <svg tyle=\"display:inline;\"  xmlns=\"http:\/\/www.w3.org\/2000\/svg\" id=\"Filled\" viewBox=\"0 0 24 24\" width=\"15\" height=\"15\"><path d=\"M23.954,5.542,15.536,13.96a5.007,5.007,0,0,1-7.072,0L.046,5.542C.032,5.7,0,5.843,0,6V18a5.006,5.006,0,0,0,5,5H19a5.006,5.006,0,0,0,5-5V6C24,5.843,23.968,5.7,23.954,5.542Z\"\/><path d=\"M14.122,12.546l9.134-9.135A4.986,4.986,0,0,0,19,1H5A4.986,4.986,0,0,0,.744,3.411l9.134,9.135A3.007,3.007,0,0,0,14.122,12.546Z\"\/><\/svg>\n                                <a href=\"mailto:Adriano.Battazza@tadano.com\">Adriano.Battazza@tadano.com<\/a>\n                            <\/strong>\n                                                    <\/div>\n                    <\/div>\n                <\/div>\n            <\/div>\n              <\/div>\n   <\/div>\n<\/section>\n\n\n    <section class=\"news-section\">\n\n    <div class=\"container\">\n      <div class=\"text-block\">\n        <h2>Actualit\u00e9s<\/h2>\n                        \n                  <a href=\"https:\/\/www.tadano.com\/latam\/fr\/news-list\/\" class=\"link-more\">EXPLORER TOUTES les News<\/a>\n        \n\n                <div class=\"controls\">\n          <svg width=\"14\" height=\"31\" viewBox=\"0 0 14 31\" fill=\"none\" xmlns=\"http:\/\/www.w3.org\/2000\/svg\">\n           <path d=\"M13 1L1 15.5L13 30\" stroke=\"#fff\"\/>\n          <\/svg>\n          <svg width=\"15\" height=\"31\" viewBox=\"0 0 15 31\" fill=\"none\" xmlns=\"http:\/\/www.w3.org\/2000\/svg\">\n           <path d=\"M1 1L14 15.5L1 30\" stroke=\"#fff\"\/>\n          <\/svg>\n        <\/div>\n        \n\n        \n      <\/div>\n      <div class=\"slick-slider simple-slider\">\n                              <div>\n              <div class=\"news-single\">\n                <a href=\"https:\/\/www.tadano.com\/latam\/fr\/news\/tadano-finalise-lacquisition-de-lactivite-systemes-de-transport-de-la-societe-ihi-transport-machinery\/\">\n                  <strong class=\"title\">Tadano finalise l\u2019acquisition de l\u2019activit\u00e9 Syst\u00e8mes de transport de la soci\u00e9t\u00e9 IHI Transport Machinery<\/strong>\n                  <ul class=\"meta\">\n                    <li>Publication<\/li>\n                    <li><time datetime=\"2020-01-01\">Juil\/01\/2025<\/time><\/li>\n                  <\/ul>\n                <\/a>\n              <\/div>\n            <\/div>\n                      <div>\n              <div class=\"news-single\">\n                <a href=\"https:\/\/www.tadano.com\/latam\/fr\/news\/tadano-at-bauma-2025\/\">\n                  <strong class=\"title\">Tadano \u00e0 la bauma 2025<\/strong>\n                  <ul class=\"meta\">\n                    <li>Publication<\/li>\n                    <li><time datetime=\"2020-01-01\">Avr\/07\/2025<\/time><\/li>\n                  <\/ul>\n                <\/a>\n              <\/div>\n            <\/div>\n                      <div>\n              <div class=\"news-single\">\n                <a href=\"https:\/\/www.tadano.com\/latam\/fr\/news\/the-new-cc-78-1250-1\/\">\n                  <strong class=\"title\">La nouvelle Tadano CC 78.1250-1<\/strong>\n                  <ul class=\"meta\">\n                    <li>Publication<\/li>\n                    <li><time datetime=\"2020-01-01\">Avr\/03\/2025<\/time><\/li>\n                  <\/ul>\n                <\/a>\n              <\/div>\n            <\/div>\n                      <div>\n              <div class=\"news-single\">\n                <a href=\"https:\/\/www.tadano.com\/latam\/fr\/news\/longueur-hauteur-et-portee-accrues-nouvelle-grue-tout-terrain-tadano-ac-5-250l-2-equipee-dune-fleche-principale-de-79-metres\/\">\n                  <strong class=\"title\">LONGUEUR, HAUTEUR ET PORT\u00c9E ACCRUES: NOUVELLE GRUE TOUT-TERRAIN TADANO AC 5.250L-2 \u00c9QUIP\u00c9E D\u2019UNE FL\u00c8CHE PRINCIPALE DE 79 M\u00c8TRES<\/strong>\n                  <ul class=\"meta\">\n                    <li>Publication<\/li>\n                    <li><time datetime=\"2020-01-01\">F\u00e9v\/20\/2025<\/time><\/li>\n                  <\/ul>\n                <\/a>\n              <\/div>\n            <\/div>\n                      <div>\n              <div class=\"news-single\">\n                <a href=\"https:\/\/www.tadano.com\/latam\/fr\/news\/la-tadano-ac-7-450-1-fait-coup-double-dans-le-wisconsin\/\">\n                  <strong class=\"title\">La Tadano AC 7.450-1 fait coup double dans le Wisconsin<\/strong>\n                  <ul class=\"meta\">\n                    <li>Publication<\/li>\n                    <li><time datetime=\"2020-01-01\">Nov\/12\/2024<\/time><\/li>\n                  <\/ul>\n                <\/a>\n              <\/div>\n            <\/div>\n                      <div>\n              <div class=\"news-single\">\n                <a href=\"https:\/\/www.tadano.com\/latam\/fr\/news\/la-nouvelle-tadano-ac-5-250-2-seduit-par-ses-solutions-innovantes\/\">\n                  <strong class=\"title\">La nouvelle Tadano AC 5.250-2 s\u00e9duit par ses solutions innovantes<\/strong>\n                  <ul class=\"meta\">\n                    <li>Publication<\/li>\n                    <li><time datetime=\"2020-01-01\">Juil\/22\/2024<\/time><\/li>\n                  <\/ul>\n                <\/a>\n              <\/div>\n            <\/div>\n                        <\/div>\n    <\/div>\n  <\/section>\n  ","protected":false},"excerpt":{"rendered":"","protected":false},"author":1,"featured_media":0,"parent":7862,"menu_order":0,"comment_status":"closed","ping_status":"closed","template":"","meta":{"_acf_changed":false,"footnotes":""},"acf":[],"yoast_head":"<!-- This site is optimized with the Yoast SEO plugin v22.3 - https:\/\/yoast.com\/wordpress\/plugins\/seo\/ -->\n<title>Dirigeants - Latin America \/ Caribbean<\/title>\n<meta name=\"robots\" content=\"index, follow, max-snippet:-1, max-image-preview:large, max-video-preview:-1\" \/>\n<link rel=\"canonical\" href=\"https:\/\/www.tadano.com\/latam\/fr\/a-propos\/dirigeants\/\" \/>\n<meta property=\"og:locale\" content=\"fr_FR\" \/>\n<meta property=\"og:type\" content=\"article\" \/>\n<meta property=\"og:title\" content=\"Dirigeants - Latin America \/ Caribbean\" \/>\n<meta property=\"og:url\" content=\"https:\/\/www.tadano.com\/latam\/fr\/a-propos\/dirigeants\/\" \/>\n<meta property=\"og:site_name\" content=\"Latin America \/ Caribbean\" \/>\n<meta property=\"article:modified_time\" content=\"2023-09-18T09:29:07+00:00\" \/>\n<meta name=\"twitter:card\" content=\"summary_large_image\" \/>\n<meta name=\"twitter:label1\" content=\"Dur\u00e9e de lecture estim\u00e9e\" \/>\n\t<meta name=\"twitter:data1\" content=\"1 minute\" \/>\n<script type=\"application\/ld+json\" class=\"yoast-schema-graph\">{\"@context\":\"https:\/\/schema.org\",\"@graph\":[{\"@type\":\"WebPage\",\"@id\":\"https:\/\/www.tadano.com\/latam\/fr\/a-propos\/dirigeants\/\",\"url\":\"https:\/\/www.tadano.com\/latam\/fr\/a-propos\/dirigeants\/\",\"name\":\"Dirigeants - Latin America \/ Caribbean\",\"isPartOf\":{\"@id\":\"https:\/\/www.tadano.com\/latam\/en\/#website\"},\"datePublished\":\"2021-03-17T15:54:28+00:00\",\"dateModified\":\"2023-09-18T09:29:07+00:00\",\"inLanguage\":\"fr-FR\",\"potentialAction\":[{\"@type\":\"ReadAction\",\"target\":[\"https:\/\/www.tadano.com\/latam\/fr\/a-propos\/dirigeants\/\"]}]},{\"@type\":\"WebSite\",\"@id\":\"https:\/\/www.tadano.com\/latam\/en\/#website\",\"url\":\"https:\/\/www.tadano.com\/latam\/en\/\",\"name\":\"Latin America \/ Caribbean\",\"description\":\"Just another TADANO EUROPE site\",\"potentialAction\":[{\"@type\":\"SearchAction\",\"target\":{\"@type\":\"EntryPoint\",\"urlTemplate\":\"https:\/\/www.tadano.com\/latam\/en\/?s={search_term_string}\"},\"query-input\":\"required name=search_term_string\"}],\"inLanguage\":\"fr-FR\"}]}<\/script>\n<!-- \/ Yoast SEO plugin. -->","yoast_head_json":{"title":"Dirigeants - Latin America \/ Caribbean","robots":{"index":"index","follow":"follow","max-snippet":"max-snippet:-1","max-image-preview":"max-image-preview:large","max-video-preview":"max-video-preview:-1"},"canonical":"https:\/\/www.tadano.com\/latam\/fr\/a-propos\/dirigeants\/","og_locale":"fr_FR","og_type":"article","og_title":"Dirigeants - Latin America \/ Caribbean","og_url":"https:\/\/www.tadano.com\/latam\/fr\/a-propos\/dirigeants\/","og_site_name":"Latin America \/ Caribbean","article_modified_time":"2023-09-18T09:29:07+00:00","twitter_card":"summary_large_image","twitter_misc":{"Dur\u00e9e de lecture estim\u00e9e":"1 minute"},"schema":{"@context":"https:\/\/schema.org","@graph":[{"@type":"WebPage","@id":"https:\/\/www.tadano.com\/latam\/fr\/a-propos\/dirigeants\/","url":"https:\/\/www.tadano.com\/latam\/fr\/a-propos\/dirigeants\/","name":"Dirigeants - Latin America \/ Caribbean","isPartOf":{"@id":"https:\/\/www.tadano.com\/latam\/en\/#website"},"datePublished":"2021-03-17T15:54:28+00:00","dateModified":"2023-09-18T09:29:07+00:00","inLanguage":"fr-FR","potentialAction":[{"@type":"ReadAction","target":["https:\/\/www.tadano.com\/latam\/fr\/a-propos\/dirigeants\/"]}]},{"@type":"WebSite","@id":"https:\/\/www.tadano.com\/latam\/en\/#website","url":"https:\/\/www.tadano.com\/latam\/en\/","name":"Latin America \/ Caribbean","description":"Just another TADANO EUROPE site","potentialAction":[{"@type":"SearchAction","target":{"@type":"EntryPoint","urlTemplate":"https:\/\/www.tadano.com\/latam\/en\/?s={search_term_string}"},"query-input":"required name=search_term_string"}],"inLanguage":"fr-FR"}]}},"_links":{"self":[{"href":"https:\/\/www.tadano.com\/latam\/fr\/wp-json\/wp\/v2\/pages\/7864"}],"collection":[{"href":"https:\/\/www.tadano.com\/latam\/fr\/wp-json\/wp\/v2\/pages"}],"about":[{"href":"https:\/\/www.tadano.com\/latam\/fr\/wp-json\/wp\/v2\/types\/page"}],"author":[{"embeddable":true,"href":"https:\/\/www.tadano.com\/latam\/fr\/wp-json\/wp\/v2\/users\/1"}],"replies":[{"embeddable":true,"href":"https:\/\/www.tadano.com\/latam\/fr\/wp-json\/wp\/v2\/comments?post=7864"}],"version-history":[{"count":0,"href":"https:\/\/www.tadano.com\/latam\/fr\/wp-json\/wp\/v2\/pages\/7864\/revisions"}],"up":[{"embeddable":true,"href":"https:\/\/www.tadano.com\/latam\/fr\/wp-json\/wp\/v2\/pages\/7862"}],"wp:attachment":[{"href":"https:\/\/www.tadano.com\/latam\/fr\/wp-json\/wp\/v2\/media?parent=7864"}],"curies":[{"name":"wp","href":"https:\/\/api.w.org\/{rel}","templated":true}]}}