{"id":7883,"date":"2023-09-18T11:07:04","date_gmt":"2023-09-18T11:07:04","guid":{"rendered":"https:\/\/www.tadano.com\/latam\/investisseurs\/"},"modified":"2023-09-18T11:07:05","modified_gmt":"2023-09-18T11:07:05","slug":"investisseurs","status":"publish","type":"page","link":"https:\/\/www.tadano.com\/latam\/fr\/investisseurs\/","title":{"rendered":"Investisseurs"},"content":{"rendered":"\n\n\n<section class=\"hero-section\">\n\n\t\n\t\n\t\n\t<div class=\"img-holder \">\n\t\t\t\t<div class=\"bg-stretch\" style=\"background-position: 50% 50%; \">\n\t\t\t<span data-srcset=\"https:\/\/assets.onetadano.com\/celum_assets\/hero\/AdobeStock_225681297+%5BConverted%5D.jpg, https:\/\/assets.onetadano.com\/celum_assets\/hero-2x\/AdobeStock_225681297+%5BConverted%5D.jpg 2x\"><\/span>\n\t\t<\/div>\n\t\t\t\t\t\t<div class=\"logo green-solutions\" style=\"display:none;\">\n\t\t\t<a href=\"#\"><img decoding=\"async\" src=\"https:\/\/www.tadano.com\/latam\/wp-content\/themes\/tadano\/assets\/dist\/images\/Green-Solutions_Logo_White.svg\"><\/a>\n\t\t<\/div>\n\t<\/div>\n\t<div class=\"container\">\n\t\t<div class=\"text-holder \">\n\t\t\t<div class=\"wrap\">\n\t\t\t\t\n\t\t\t\t<ul class=\"breadcrumbs\"><li><a href=\"https:\/\/www.tadano.com\/latam\/fr\/\">Accueil<\/a><\/li><\/ul>\n\t\t\t\t\n\n<h1 class=\"wp-block-heading\">Investisseurs<\/h1>\n\n\n\n<p>Une culture manag\u00e9riale saine et transparente. Des produits et services de qualit\u00e9 exceptionnelle. Des contributions soci\u00e9tales importantes. Le tout r\u00e9uni en une synth\u00e8se destin\u00e9e \u00e0 maximiser la valeur et le rendement des investissements.<\/p>\n\n\n\n\t\t\t\t\n\t\t\t<\/div>\n\n\t\t\t\n\t\t\t\n\t\t\t\n\t\t<\/div>\n\t<\/div>\n<\/section>\n\n\n<div class=\"wp-block-group is-style-background-triangle-left is-layout-flow wp-block-group-is-layout-flow\"><div class=\"wp-block-group__inner-container\">\n<p>Tadano a pour objectif d&rsquo;accro\u00eetre au maximum la valeur de l&rsquo;entreprise afin de r\u00e9pondre aux attentes de ses actionnaires. Cela implique notamment une culture de gestion saine et transparente, la recherche permanente de l&rsquo;excellence gr\u00e2ce \u00e0 des produits et services de qualit\u00e9 et des contributions au d\u00e9veloppement de la soci\u00e9t\u00e9, r\u00e9gies par notre philosophie d&rsquo;entreprise \u00ab&nbsp;Cr\u00e9ation, contribution et coop\u00e9ration&nbsp;\u00bb (\u00ab&nbsp;Creation, Contribution, and Coop\u00e9ration&nbsp;\u00bb). Le groupe Tadano est convaincu qu&rsquo;une entreprise ne peut prosp\u00e9rer que si elle est en harmonie avec la soci\u00e9t\u00e9 et les individus. En tant que fabricant d&rsquo;\u00e9quipements de levage b\u00e9n\u00e9ficiant d&rsquo;une excellente r\u00e9putation, Tadano est particuli\u00e8rement bien plac\u00e9 pour participer \u00e0 des projets de r\u00e9habilitation culturelle et \u00e0 des travaux majeurs d&rsquo;installation et de r\u00e9paration d&rsquo;infrastructures dans le monde entier. Nous nous attachons en permanence \u00e0 am\u00e9liorer l&rsquo;efficacit\u00e9 de nos activit\u00e9s, dans le domaine de la production comme dans celui de la production d&rsquo;\u00e9nergie renouvelable, afin de maximiser les retours sur investissements.<\/p>\n\n\n\n<div class=\"wp-block-buttons is-layout-flex wp-block-buttons-is-layout-flex\">\n<div class=\"wp-block-button is-style-text-only\"><a class=\"wp-block-button__link\" href=\"https:\/\/www.tadano.com\/ir\/index.html\">Relations avec les investisseurs<\/a><\/div>\n<\/div>\n<\/div><\/div>\n","protected":false},"excerpt":{"rendered":"<p>Tadano a pour objectif d&rsquo;accro\u00eetre au maximum la valeur de l&rsquo;entreprise afin de r\u00e9pondre aux attentes de ses actionnaires. Cela implique notamment une culture de gestion saine et transparente, la recherche permanente de l&rsquo;excellence gr\u00e2ce \u00e0 des produits et services de qualit\u00e9 et des contributions au d\u00e9veloppement de la soci\u00e9t\u00e9, r\u00e9gies par notre philosophie d&rsquo;entreprise [&hellip;]<\/p>\n","protected":false},"author":3,"featured_media":0,"parent":0,"menu_order":0,"comment_status":"closed","ping_status":"closed","template":"","meta":{"_acf_changed":false,"footnotes":""},"acf":[],"yoast_head":"<!-- This site is optimized with the Yoast SEO plugin v22.3 - https:\/\/yoast.com\/wordpress\/plugins\/seo\/ -->\n<title>Investisseurs - Latin America \/ Caribbean<\/title>\n<meta name=\"robots\" content=\"index, follow, max-snippet:-1, max-image-preview:large, max-video-preview:-1\" \/>\n<link rel=\"canonical\" href=\"https:\/\/www.tadano.com\/latam\/fr\/investisseurs\/\" \/>\n<meta property=\"og:locale\" content=\"fr_FR\" \/>\n<meta property=\"og:type\" content=\"article\" \/>\n<meta property=\"og:title\" content=\"Investisseurs - Latin America \/ Caribbean\" \/>\n<meta property=\"og:description\" content=\"Tadano a pour objectif d&rsquo;accro\u00eetre au maximum la valeur de l&rsquo;entreprise afin de r\u00e9pondre aux attentes de ses actionnaires. Cela implique notamment une culture de gestion saine et transparente, la recherche permanente de l&rsquo;excellence gr\u00e2ce \u00e0 des produits et services de qualit\u00e9 et des contributions au d\u00e9veloppement de la soci\u00e9t\u00e9, r\u00e9gies par notre philosophie d&rsquo;entreprise [&hellip;]\" \/>\n<meta property=\"og:url\" content=\"https:\/\/www.tadano.com\/latam\/fr\/investisseurs\/\" \/>\n<meta property=\"og:site_name\" content=\"Latin America \/ Caribbean\" \/>\n<meta property=\"article:modified_time\" content=\"2023-09-18T11:07:05+00:00\" \/>\n<meta name=\"twitter:card\" content=\"summary_large_image\" \/>\n<meta name=\"twitter:label1\" content=\"Dur\u00e9e de lecture estim\u00e9e\" \/>\n\t<meta name=\"twitter:data1\" content=\"1 minute\" \/>\n<script type=\"application\/ld+json\" class=\"yoast-schema-graph\">{\"@context\":\"https:\/\/schema.org\",\"@graph\":[{\"@type\":\"WebPage\",\"@id\":\"https:\/\/www.tadano.com\/latam\/fr\/investisseurs\/\",\"url\":\"https:\/\/www.tadano.com\/latam\/fr\/investisseurs\/\",\"name\":\"Investisseurs - Latin America \/ Caribbean\",\"isPartOf\":{\"@id\":\"https:\/\/www.tadano.com\/latam\/en\/#website\"},\"datePublished\":\"2023-09-18T11:07:04+00:00\",\"dateModified\":\"2023-09-18T11:07:05+00:00\",\"inLanguage\":\"fr-FR\",\"potentialAction\":[{\"@type\":\"ReadAction\",\"target\":[\"https:\/\/www.tadano.com\/latam\/fr\/investisseurs\/\"]}]},{\"@type\":\"WebSite\",\"@id\":\"https:\/\/www.tadano.com\/latam\/en\/#website\",\"url\":\"https:\/\/www.tadano.com\/latam\/en\/\",\"name\":\"Latin America \/ Caribbean\",\"description\":\"Just another TADANO EUROPE site\",\"potentialAction\":[{\"@type\":\"SearchAction\",\"target\":{\"@type\":\"EntryPoint\",\"urlTemplate\":\"https:\/\/www.tadano.com\/latam\/en\/?s={search_term_string}\"},\"query-input\":\"required name=search_term_string\"}],\"inLanguage\":\"fr-FR\"}]}<\/script>\n<!-- \/ Yoast SEO plugin. -->","yoast_head_json":{"title":"Investisseurs - Latin America \/ Caribbean","robots":{"index":"index","follow":"follow","max-snippet":"max-snippet:-1","max-image-preview":"max-image-preview:large","max-video-preview":"max-video-preview:-1"},"canonical":"https:\/\/www.tadano.com\/latam\/fr\/investisseurs\/","og_locale":"fr_FR","og_type":"article","og_title":"Investisseurs - Latin America \/ Caribbean","og_description":"Tadano a pour objectif d&rsquo;accro\u00eetre au maximum la valeur de l&rsquo;entreprise afin de r\u00e9pondre aux attentes de ses actionnaires. Cela implique notamment une culture de gestion saine et transparente, la recherche permanente de l&rsquo;excellence gr\u00e2ce \u00e0 des produits et services de qualit\u00e9 et des contributions au d\u00e9veloppement de la soci\u00e9t\u00e9, r\u00e9gies par notre philosophie d&rsquo;entreprise [&hellip;]","og_url":"https:\/\/www.tadano.com\/latam\/fr\/investisseurs\/","og_site_name":"Latin America \/ Caribbean","article_modified_time":"2023-09-18T11:07:05+00:00","twitter_card":"summary_large_image","twitter_misc":{"Dur\u00e9e de lecture estim\u00e9e":"1 minute"},"schema":{"@context":"https:\/\/schema.org","@graph":[{"@type":"WebPage","@id":"https:\/\/www.tadano.com\/latam\/fr\/investisseurs\/","url":"https:\/\/www.tadano.com\/latam\/fr\/investisseurs\/","name":"Investisseurs - Latin America \/ Caribbean","isPartOf":{"@id":"https:\/\/www.tadano.com\/latam\/en\/#website"},"datePublished":"2023-09-18T11:07:04+00:00","dateModified":"2023-09-18T11:07:05+00:00","inLanguage":"fr-FR","potentialAction":[{"@type":"ReadAction","target":["https:\/\/www.tadano.com\/latam\/fr\/investisseurs\/"]}]},{"@type":"WebSite","@id":"https:\/\/www.tadano.com\/latam\/en\/#website","url":"https:\/\/www.tadano.com\/latam\/en\/","name":"Latin America \/ Caribbean","description":"Just another TADANO EUROPE site","potentialAction":[{"@type":"SearchAction","target":{"@type":"EntryPoint","urlTemplate":"https:\/\/www.tadano.com\/latam\/en\/?s={search_term_string}"},"query-input":"required name=search_term_string"}],"inLanguage":"fr-FR"}]}},"_links":{"self":[{"href":"https:\/\/www.tadano.com\/latam\/fr\/wp-json\/wp\/v2\/pages\/7883"}],"collection":[{"href":"https:\/\/www.tadano.com\/latam\/fr\/wp-json\/wp\/v2\/pages"}],"about":[{"href":"https:\/\/www.tadano.com\/latam\/fr\/wp-json\/wp\/v2\/types\/page"}],"author":[{"embeddable":true,"href":"https:\/\/www.tadano.com\/latam\/fr\/wp-json\/wp\/v2\/users\/3"}],"replies":[{"embeddable":true,"href":"https:\/\/www.tadano.com\/latam\/fr\/wp-json\/wp\/v2\/comments?post=7883"}],"version-history":[{"count":0,"href":"https:\/\/www.tadano.com\/latam\/fr\/wp-json\/wp\/v2\/pages\/7883\/revisions"}],"wp:attachment":[{"href":"https:\/\/www.tadano.com\/latam\/fr\/wp-json\/wp\/v2\/media?parent=7883"}],"curies":[{"name":"wp","href":"https:\/\/api.w.org\/{rel}","templated":true}]}}