{"id":8002,"date":"2021-03-19T10:12:05","date_gmt":"2021-03-19T10:12:05","guid":{"rendered":"https:\/\/www.tadano.com\/latam\/ventes-services\/pieces-de-rechange-2\/"},"modified":"2026-03-11T08:58:59","modified_gmt":"2026-03-11T08:58:59","slug":"pieces-de-rechange","status":"publish","type":"page","link":"https:\/\/www.tadano.com\/latam\/fr\/ventes-services\/pieces-de-rechange\/","title":{"rendered":"Pi\u00e8ces de rechange"},"content":{"rendered":"\n\n\n<section class=\"hero-section\">\n\n\t\n\t\t\t<style type=\"text\/css\">\n\t\t\t.hero-section .img-holder:before {\n\t\t\t\tdisplay: none;\n\t\t\t}\n\t\t<\/style>\n\t\n\t\n\t<div class=\"img-holder \">\n\t\t\t\t<div class=\"bg-stretch\" style=\"background-position: 50% 50%; \">\n\t\t\t<span data-srcset=\"https:\/\/assets.onetadano.com\/celum_assets\/hero\/Lager_Lauf_web-2.jpg, https:\/\/assets.onetadano.com\/celum_assets\/hero-2x\/Lager_Lauf_web-2.jpg 2x\"><\/span>\n\t\t<\/div>\n\t\t\t\t\t\t<div class=\"logo green-solutions\" style=\"display:none;\">\n\t\t\t<a href=\"#\"><img decoding=\"async\" src=\"https:\/\/www.tadano.com\/latam\/wp-content\/themes\/tadano\/assets\/dist\/images\/Green-Solutions_Logo_White.svg\"><\/a>\n\t\t<\/div>\n\t<\/div>\n\t<div class=\"container\">\n\t\t<div class=\"text-holder \">\n\t\t\t<div class=\"wrap\">\n\t\t\t\t\n\t\t\t\t<ul class=\"breadcrumbs\"><li><a href=\"https:\/\/www.tadano.com\/latam\/fr\/\">Accueil<\/a><\/li><\/ul>\n\t\t\t\t\n\n<h1 class=\"wp-block-heading\">PI\u00c8CES DE RECHANGE<\/h1>\n\n\n\n<p>Nos pi\u00e8ces de rechange originales pour grues Tadano et Demag aident votre entreprise et vos grues \u00e0 atteindre des performances optimales. Nous sommes l\u00e0 pour vous soutenir avec une excellente disponibilit\u00e9 des pi\u00e8ces de rechange et une exp\u00e9dition rapide.<br><br>Trouvez le distributeur Tadano le plus proche de chez vous.<\/p>\n\n\n\n<div class=\"wp-block-buttons is-layout-flex wp-block-buttons-is-layout-flex\">\n<div class=\"wp-block-button\"><a class=\"wp-block-button__link wp-element-button\" href=\"https:\/\/www.tadano.com\/latam\/fr\/ventes-services\/trouver-un-distributeur\/\">TROUVER UN DISTRIBUTEUR<\/a><\/div>\n<\/div>\n\n\n\n\t\t\t\t\n\t\t\t<\/div>\n\n\t\t\t\n\t\t\t\n\t\t\t\n\t\t<\/div>\n\t<\/div>\n<\/section>\n\n\n<h2 class=\"wp-block-heading\">PARCOURIR LES PI\u00c8CES<\/h2>\n\n\n\n<p>Les pi\u00e8ces d&rsquo;origine Tadano et Demag garantissent que votre \u00e9quipement continue \u00e0 fonctionner au maximum de ses performances. Nos agents de service et nos distributeurs peuvent vous fournir rapidement les bonnes pi\u00e8ces pour minimiser les temps d&rsquo;arr\u00eat et vous permettre de rester productif.<\/p>\n\n\n\n<h4 class=\"wp-block-heading\">Manuels de pi\u00e8ces<\/h4>\n\n\n\n<p>Parcourez nos manuels de pi\u00e8ces pour grues tout-terrain et grues sur chenilles.<\/p>\n\n\n\n<div class=\"wp-block-columns is-layout-flex wp-container-core-columns-layout-1 wp-block-columns-is-layout-flex\">\n<div class=\"wp-block-column is-layout-flow wp-block-column-is-layout-flow\" style=\"flex-basis:100%\">\n<div class=\"wp-block-buttons is-layout-flex wp-block-buttons-is-layout-flex\">\n<div class=\"wp-block-button\"><a class=\"wp-block-button__link wp-element-button\" href=\"https:\/\/spareparts.tadanoeurope.com\/catalog\/\" target=\"_blank\" rel=\"noreferrer noopener\">PRODUITS AC &amp; CC<\/a><\/div>\n\n\n\n<div class=\"wp-block-button\"><a class=\"wp-block-button__link wp-element-button\" href=\"https:\/\/spareparts.tadanoeurope.com\/catalogmlm\/\" target=\"_blank\" rel=\"noreferrer noopener\">PRODUITS HISTORIQUES MONTCEAU-LES-MINES<\/a><\/div>\n<\/div>\n\n\n\n<p><\/p>\n<\/div>\n<\/div>\n","protected":false},"excerpt":{"rendered":"<p>PARCOURIR LES PI\u00c8CES Les pi\u00e8ces d&rsquo;origine Tadano et Demag garantissent que votre \u00e9quipement continue \u00e0 fonctionner au maximum de ses performances. Nos agents de service et nos distributeurs peuvent vous fournir rapidement les bonnes pi\u00e8ces pour minimiser les temps d&rsquo;arr\u00eat et vous permettre de rester productif. Manuels de pi\u00e8ces Parcourez nos manuels de pi\u00e8ces pour [&hellip;]<\/p>\n","protected":false},"author":1,"featured_media":0,"parent":7845,"menu_order":0,"comment_status":"closed","ping_status":"closed","template":"","meta":{"_acf_changed":false,"footnotes":""},"acf":[],"yoast_head":"<!-- This site is optimized with the Yoast SEO plugin v22.3 - https:\/\/yoast.com\/wordpress\/plugins\/seo\/ -->\n<title>Pi\u00e8ces de rechange - Latin America \/ Caribbean<\/title>\n<meta name=\"robots\" content=\"index, follow, max-snippet:-1, max-image-preview:large, max-video-preview:-1\" \/>\n<link rel=\"canonical\" href=\"https:\/\/www.tadano.com\/latam\/fr\/ventes-services\/pieces-de-rechange\/\" \/>\n<meta property=\"og:locale\" content=\"fr_FR\" \/>\n<meta property=\"og:type\" content=\"article\" \/>\n<meta property=\"og:title\" content=\"Pi\u00e8ces de rechange - Latin America \/ Caribbean\" \/>\n<meta property=\"og:description\" content=\"PARCOURIR LES PI\u00c8CES Les pi\u00e8ces d&rsquo;origine Tadano et Demag garantissent que votre \u00e9quipement continue \u00e0 fonctionner au maximum de ses performances. Nos agents de service et nos distributeurs peuvent vous fournir rapidement les bonnes pi\u00e8ces pour minimiser les temps d&rsquo;arr\u00eat et vous permettre de rester productif. Manuels de pi\u00e8ces Parcourez nos manuels de pi\u00e8ces pour [&hellip;]\" \/>\n<meta property=\"og:url\" content=\"https:\/\/www.tadano.com\/latam\/fr\/ventes-services\/pieces-de-rechange\/\" \/>\n<meta property=\"og:site_name\" content=\"Latin America \/ Caribbean\" \/>\n<meta property=\"article:modified_time\" content=\"2026-03-11T08:58:59+00:00\" \/>\n<meta name=\"twitter:card\" content=\"summary_large_image\" \/>\n<meta name=\"twitter:label1\" content=\"Dur\u00e9e de lecture estim\u00e9e\" \/>\n\t<meta name=\"twitter:data1\" content=\"1 minute\" \/>\n<script type=\"application\/ld+json\" class=\"yoast-schema-graph\">{\"@context\":\"https:\/\/schema.org\",\"@graph\":[{\"@type\":\"WebPage\",\"@id\":\"https:\/\/www.tadano.com\/latam\/fr\/ventes-services\/pieces-de-rechange\/\",\"url\":\"https:\/\/www.tadano.com\/latam\/fr\/ventes-services\/pieces-de-rechange\/\",\"name\":\"Pi\u00e8ces de rechange - Latin America \/ Caribbean\",\"isPartOf\":{\"@id\":\"https:\/\/www.tadano.com\/latam\/en\/#website\"},\"datePublished\":\"2021-03-19T10:12:05+00:00\",\"dateModified\":\"2026-03-11T08:58:59+00:00\",\"breadcrumb\":{\"@id\":\"https:\/\/www.tadano.com\/latam\/fr\/ventes-services\/pieces-de-rechange\/#breadcrumb\"},\"inLanguage\":\"fr-FR\",\"potentialAction\":[{\"@type\":\"ReadAction\",\"target\":[\"https:\/\/www.tadano.com\/latam\/fr\/ventes-services\/pieces-de-rechange\/\"]}]},{\"@type\":\"BreadcrumbList\",\"@id\":\"https:\/\/www.tadano.com\/latam\/fr\/ventes-services\/pieces-de-rechange\/#breadcrumb\",\"itemListElement\":[{\"@type\":\"ListItem\",\"position\":1,\"name\":\"Ventes et Services\",\"item\":\"https:\/\/www.tadano.com\/latam\/fr\/ventes-services\/\"},{\"@type\":\"ListItem\",\"position\":2,\"name\":\"Pi\u00e8ces de rechange\"}]},{\"@type\":\"WebSite\",\"@id\":\"https:\/\/www.tadano.com\/latam\/en\/#website\",\"url\":\"https:\/\/www.tadano.com\/latam\/en\/\",\"name\":\"Latin America \/ Caribbean\",\"description\":\"Just another TADANO EUROPE site\",\"potentialAction\":[{\"@type\":\"SearchAction\",\"target\":{\"@type\":\"EntryPoint\",\"urlTemplate\":\"https:\/\/www.tadano.com\/latam\/en\/?s={search_term_string}\"},\"query-input\":\"required name=search_term_string\"}],\"inLanguage\":\"fr-FR\"}]}<\/script>\n<!-- \/ Yoast SEO plugin. -->","yoast_head_json":{"title":"Pi\u00e8ces de rechange - Latin America \/ Caribbean","robots":{"index":"index","follow":"follow","max-snippet":"max-snippet:-1","max-image-preview":"max-image-preview:large","max-video-preview":"max-video-preview:-1"},"canonical":"https:\/\/www.tadano.com\/latam\/fr\/ventes-services\/pieces-de-rechange\/","og_locale":"fr_FR","og_type":"article","og_title":"Pi\u00e8ces de rechange - Latin America \/ Caribbean","og_description":"PARCOURIR LES PI\u00c8CES Les pi\u00e8ces d&rsquo;origine Tadano et Demag garantissent que votre \u00e9quipement continue \u00e0 fonctionner au maximum de ses performances. Nos agents de service et nos distributeurs peuvent vous fournir rapidement les bonnes pi\u00e8ces pour minimiser les temps d&rsquo;arr\u00eat et vous permettre de rester productif. Manuels de pi\u00e8ces Parcourez nos manuels de pi\u00e8ces pour [&hellip;]","og_url":"https:\/\/www.tadano.com\/latam\/fr\/ventes-services\/pieces-de-rechange\/","og_site_name":"Latin America \/ Caribbean","article_modified_time":"2026-03-11T08:58:59+00:00","twitter_card":"summary_large_image","twitter_misc":{"Dur\u00e9e de lecture estim\u00e9e":"1 minute"},"schema":{"@context":"https:\/\/schema.org","@graph":[{"@type":"WebPage","@id":"https:\/\/www.tadano.com\/latam\/fr\/ventes-services\/pieces-de-rechange\/","url":"https:\/\/www.tadano.com\/latam\/fr\/ventes-services\/pieces-de-rechange\/","name":"Pi\u00e8ces de rechange - Latin America \/ Caribbean","isPartOf":{"@id":"https:\/\/www.tadano.com\/latam\/en\/#website"},"datePublished":"2021-03-19T10:12:05+00:00","dateModified":"2026-03-11T08:58:59+00:00","breadcrumb":{"@id":"https:\/\/www.tadano.com\/latam\/fr\/ventes-services\/pieces-de-rechange\/#breadcrumb"},"inLanguage":"fr-FR","potentialAction":[{"@type":"ReadAction","target":["https:\/\/www.tadano.com\/latam\/fr\/ventes-services\/pieces-de-rechange\/"]}]},{"@type":"BreadcrumbList","@id":"https:\/\/www.tadano.com\/latam\/fr\/ventes-services\/pieces-de-rechange\/#breadcrumb","itemListElement":[{"@type":"ListItem","position":1,"name":"Ventes et Services","item":"https:\/\/www.tadano.com\/latam\/fr\/ventes-services\/"},{"@type":"ListItem","position":2,"name":"Pi\u00e8ces de rechange"}]},{"@type":"WebSite","@id":"https:\/\/www.tadano.com\/latam\/en\/#website","url":"https:\/\/www.tadano.com\/latam\/en\/","name":"Latin America \/ Caribbean","description":"Just another TADANO EUROPE site","potentialAction":[{"@type":"SearchAction","target":{"@type":"EntryPoint","urlTemplate":"https:\/\/www.tadano.com\/latam\/en\/?s={search_term_string}"},"query-input":"required name=search_term_string"}],"inLanguage":"fr-FR"}]}},"_links":{"self":[{"href":"https:\/\/www.tadano.com\/latam\/fr\/wp-json\/wp\/v2\/pages\/8002"}],"collection":[{"href":"https:\/\/www.tadano.com\/latam\/fr\/wp-json\/wp\/v2\/pages"}],"about":[{"href":"https:\/\/www.tadano.com\/latam\/fr\/wp-json\/wp\/v2\/types\/page"}],"author":[{"embeddable":true,"href":"https:\/\/www.tadano.com\/latam\/fr\/wp-json\/wp\/v2\/users\/1"}],"replies":[{"embeddable":true,"href":"https:\/\/www.tadano.com\/latam\/fr\/wp-json\/wp\/v2\/comments?post=8002"}],"version-history":[{"count":1,"href":"https:\/\/www.tadano.com\/latam\/fr\/wp-json\/wp\/v2\/pages\/8002\/revisions"}],"predecessor-version":[{"id":8939,"href":"https:\/\/www.tadano.com\/latam\/fr\/wp-json\/wp\/v2\/pages\/8002\/revisions\/8939"}],"up":[{"embeddable":true,"href":"https:\/\/www.tadano.com\/latam\/fr\/wp-json\/wp\/v2\/pages\/7845"}],"wp:attachment":[{"href":"https:\/\/www.tadano.com\/latam\/fr\/wp-json\/wp\/v2\/media?parent=8002"}],"curies":[{"name":"wp","href":"https:\/\/api.w.org\/{rel}","templated":true}]}}