{"id":4248,"date":"2021-02-25T12:25:19","date_gmt":"2021-02-25T12:25:19","guid":{"rendered":"https:\/\/www.tadano.com\/mexico\/sales-services\/find-a-distributor\/"},"modified":"2021-08-24T12:12:03","modified_gmt":"2021-08-24T12:12:03","slug":"find-a-distributor","status":"publish","type":"page","link":"https:\/\/www.tadano.com\/mexico\/en\/sales-services\/find-a-distributor\/","title":{"rendered":"Find A Distributor"},"content":{"rendered":"\n\n\n\n<style type=\"text\/css\">\n  .header .main-menu .accordion >li >a,\n  .header .language-opener {\n    color: #fff;\n  }\n  .header .main-menu .accordion >li >a:hover,\n  .header .language-opener:hover {\n    color: #00AAE8;\n  }    \n  .header .language-block .selected {\n   color: #fff;\n }\n .header .logo .black_blue {\n  display: none;\n }\n  .header .logo .white_blue {\n    display: block;\n  }\n .header .language-block .drop {\n  background: #00AAE8;\n  border-color: #fff;\n}\n.editor-styles-wrapper .hero-section-alt2.bg-off .img-holder {\n  height: 0px!important;\n}\n.language-block .drop .switch {\n  color: #fff;\n}\n.hero-section-alt2.bg-off .img-holder {\n  height: 100%;\n}\n\n<\/style>\n\n<script src=\"https:\/\/maps.googleapis.com\/maps\/api\/js?key=AIzaSyABxGjfTBfPX-l-XuJE6pzzzea5HUG3AbI\"><\/script>\n\n<script type=\"text\/javascript\">\n  const dealerfinder_data = [{\"name\":\"PM Oil&Steel Mexico\",\"address\":\"Carretera Quer\\u00e9taro- M\\u00e9xico KM 201.5 , Bodega #50 Eurobusiness Park El Marqu\\u00e9s, Colonia Cumbres de Con\\u00edn Tercera Secci\\u00f3n,\\t76246 Mcpio. El Marqu\\u00e9s, Quer\\u00e9taro. M\\u00e9xico\",\"notes\":\"\",\"web\":\"\",\"phone\":\"+52 442 2102753\",\"mail\":\"info_pm-latinamerica@tadano.com\",\"lat\":\"20.56489755931009\",\"lng\":\"-100.30732473372896\",\"countries_served\":[\"Mexico\"],\"product_portfolio\":[\"Knuckle boom cranes (PM series)\",\"Truck-mounted and Self-propelled AWPs (Oil & Steel series)\",\"Pick & carry cranes (Valla series)\",\"Boom trucks (Manitex series)\"]},{\"name\":\"Equinova Sa De Cv\",\"address\":\"Calle 81 A N\\u00fam. 645 entre 96 y 100. Col. Nueva Sambul\\u00e1\\u00a0 C.P. 97250 MERIDA YUCATAN MESSICO, Yucat\\u00e1n\",\"notes\":\"\",\"web\":\"\",\"phone\":\"\",\"mail\":\"lineabepensa@bepensa.com\",\"lat\":\"20.9450727\",\"lng\":\"-89.6578283\",\"countries_served\":[\"Mexico\"],\"product_portfolio\":[\"Knuckle boom cranes (PM series)\"]},{\"name\":\"Tadano - Ruben Olivas\",\"address\":\"4242 W Greens Rd, Houston, TX 77066\",\"notes\":\"\",\"web\":\"https:\\\/\\\/group.tadano.com\\\/latam\\\/en\",\"phone\":\"+1 281-753-7563\",\"mail\":\"ruben.olivas@tadano.com\",\"lat\":\"29.9428102529888\",\"lng\":\"-95.48707271351958\",\"countries_served\":[\"Central America\",\"Caribbean\"],\"product_portfolio\":[\"All terrain and City cranes (AC, City)\",\"Lattice boom crawler cranes (CC)\",\"Rough terrain cranes (GR)\",\"Telescopic boom crawler cranes (GTC)\",\"Truck cranes (GT)\"]}];\n  const dealerfinder_markerPath = 'https:\/\/www.tadano.com\/mexico\/wp-content\/themes\/tadano\/assets\/dist\/images\/locator.svg';\n  window.dealerfinder_defaultMapView = {\"lat\":22.8856879,\"lng\":-104.6735411,\"zoom\":5.5};\n<\/script>\n\n\n<div class=\"bh-sl-form-container dealer-finder-eu\">\n  <section class=\"hero-section-alt2 company-hero find-dealer bg-off cookieconsent-optin-marketing\">\n    <div class=\"img-holder\"><\/div>\n    <div class=\"container\">\n      <div class=\"text-holder l-equipments support\">\n        <div class=\"wrap\">\n                                          \n\n<h1 class=\"wp-block-heading\">FIND A DISTRIBUTOR<\/h1>\n\n\n\n<p>Locate your nearest Tadano distributor.<\/p>\n\n\n        <\/div>\n\n        \n                    <div class=\"location-search\" id=\"dealerfinder-eu\">\n              <div class=\"title\">\n                <h2>Find a distributor for your country:<\/h2>\n              <\/div>\n              <form id=\"bh-sl-user-location\" method=\"post\" action=\"#\" class=\"location-form\">\n                <div class=\"form-group bh-sl-filters-container\">\n                  <label for=\"selectlocation\" class=\"hidden\">Select your country<\/label>\n                  <select name=\"city\" id=\"selectlocation\">\n                    <option value=\"\">Select your country<\/option>\n                    <option value=\"Caribbean\">Caribbean<\/option><option value=\"Central America\">Central America<\/option><option value=\"Mexico\">Mexico<\/option>                  <\/select>\n                <\/div>\n                <div class=\"form-group bh-sl-filters-container\">\n                  <label for=\"selectproduct\" class=\"hidden\">Select product category<\/label>\n                  <select name=\"product\" id=\"selectproduct\">\n                    <option value=\"\">All product categories<\/option>\n                    <option value=\"All terrain and City cranes (AC, City)\">All terrain and City cranes (AC, City)<\/option><option value=\"Boom trucks (Manitex series)\">Boom trucks (Manitex series)<\/option><option value=\"Knuckle boom cranes (PM series)\">Knuckle boom cranes (PM series)<\/option><option value=\"Lattice boom crawler cranes (CC)\">Lattice boom crawler cranes (CC)<\/option><option value=\"Pick &amp; carry cranes (Valla series)\">Pick &#038; carry cranes (Valla series)<\/option><option value=\"Rough terrain cranes (GR)\">Rough terrain cranes (GR)<\/option><option value=\"Telescopic boom crawler cranes (GTC)\">Telescopic boom crawler cranes (GTC)<\/option><option value=\"Truck cranes (GT)\">Truck cranes (GT)<\/option><option value=\"Truck-mounted and Self-propelled AWPs (Oil &amp; Steel series)\">Truck-mounted and Self-propelled AWPs (Oil &#038; Steel series)<\/option>                  <\/select>\n                <\/div>\n                <div class=\"form-group\">\n                  <button type=\"button\" id=\"dealer-search-btn\" class=\"btn btn-secondary search-btn\">Search<\/button>\n                <\/div>\n              <\/form>\n                              <a style=\"color: #fff; text-decoration:underline;\" href=\"https:\/\/www.tadano.com\/mexico\/en\/wp-json\/wp\/v2\/pages\/4248?showall=true\">Show all countries<\/a>\n                          <\/div>\n              <\/div>\n    <\/div>\n  <\/section>\n\n\n\n          <section class=\"dealer-section cookieconsent-optin-marketing\">\n        <div class=\"map-holder fixedElement\">\n          <div id=\"bh-sl-map\" class=\"bh-sl-map\"><\/div>\n        <\/div>\n        <div class=\"result-col\" style=\"background-color:#04aae8\" >\n          <div class=\"section-heading\">\n            <h2>Your Distributor<\/h2>\n          <\/div>\n          <div class=\"result-holder\">\n            <div class=\"bh-sl-loc-list\">\n              <ul class=\"list\">\n                                  <li \n                    data-countries=\"Mexico\" \n                    data-products=\"Knuckle boom cranes (PM series)|Truck-mounted and Self-propelled AWPs (Oil &#038; Steel series)|Pick &#038; carry cranes (Valla series)|Boom trucks (Manitex series)\"\n                    data-lat=\"20.56489755931009\" \n                    data-lng=\"-100.30732473372896\"\n                    data-name=\"PM Oil&#038;Steel Mexico\"\n                    data-address=\"Carretera Quer\u00e9taro- M\u00e9xico KM 201.5 , Bodega #50 Eurobusiness Park El Marqu\u00e9s, Colonia Cumbres de Con\u00edn Tercera Secci\u00f3n,\t76246 Mcpio. El Marqu\u00e9s, Quer\u00e9taro. M\u00e9xico\"\n                    data-website=\"\"\n                    data-phone=\"+52 442 2102753\"\n                    data-zoom=\"9\">\n                   <div class=\"result\">\n                        \n                        <h3>PM Oil&#038;Steel Mexico<\/h3> \n\n                                                  <ul class=\"result-list\">\n                            <li>\n                              <span class=\"product\">Knuckle boom cranes (PM series)<\/span><span class=\"product\">Truck-mounted and Self-propelled AWPs (Oil &#038; Steel series)<\/span><span class=\"product\">Pick &#038; carry cranes (Valla series)<\/span><span class=\"product\">Boom trucks (Manitex series)<\/span>                            <\/li>\n                          <\/ul>\n                        \n                                                  <ul class=\"result-list\">\n                            <li>Carretera Quer\u00e9taro- M\u00e9xico KM 201.5 , Bodega #50 Eurobusiness Park El Marqu\u00e9s, Colonia Cumbres de Con\u00edn Tercera Secci\u00f3n,\t76246 Mcpio. El Marqu\u00e9s, Quer\u00e9taro. M\u00e9xico<\/li>\n                          <\/ul>\n                        \n                        \n                                                  <ul class=\"result-list\">\n                            <li>+52 442 2102753<\/li>\n                          <\/ul>\n                        \n                        \n\n                        <ul class=\"btn-group\">\n                                                      <li>\n                              <a href=\"https:\/\/maps.google.com\/maps?daddr=Carretera Quer\u00e9taro- M\u00e9xico KM 201.5 , Bodega #50 Eurobusiness Park El Marqu\u00e9s, Colonia Cumbres de Con\u00edn Tercera Secci\u00f3n,\t76246 Mcpio. El Marqu\u00e9s, Quer\u00e9taro. M\u00e9xico\" target=\"_blank\" class=\"btn\">Directions<\/a>\n                            <\/li>\n                          \n                                                    <li>\n                            <a href=\"mailto:info_pm-latinamerica@tadano.com\" class=\"btn btn-outline\">EMAIL<\/a>\n                          <\/li>\n                          \n                        <\/ul>\n                    <\/div>\n                  <\/li>\n                                  <li \n                    data-countries=\"Mexico\" \n                    data-products=\"Knuckle boom cranes (PM series)\"\n                    data-lat=\"20.9450727\" \n                    data-lng=\"-89.6578283\"\n                    data-name=\"Equinova Sa De Cv\"\n                    data-address=\"Calle 81 A N\u00fam. 645 entre 96 y 100. Col. Nueva Sambul\u00e1\u00a0 C.P. 97250 MERIDA YUCATAN MESSICO, Yucat\u00e1n\"\n                    data-website=\"\"\n                    data-phone=\"\"\n                    data-zoom=\"9\">\n                   <div class=\"result\">\n                        \n                        <h3>Equinova Sa De Cv<\/h3> \n\n                                                  <ul class=\"result-list\">\n                            <li>\n                              <span class=\"product\">Knuckle boom cranes (PM series)<\/span>                            <\/li>\n                          <\/ul>\n                        \n                                                  <ul class=\"result-list\">\n                            <li>Calle 81 A N\u00fam. 645 entre 96 y 100. Col. Nueva Sambul\u00e1\u00a0 C.P. 97250 MERIDA YUCATAN MESSICO, Yucat\u00e1n<\/li>\n                          <\/ul>\n                        \n                        \n                        \n                        \n\n                        <ul class=\"btn-group\">\n                                                      <li>\n                              <a href=\"https:\/\/maps.google.com\/maps?daddr=Calle 81 A N\u00fam. 645 entre 96 y 100. Col. Nueva Sambul\u00e1\u00a0 C.P. 97250 MERIDA YUCATAN MESSICO, Yucat\u00e1n\" target=\"_blank\" class=\"btn\">Directions<\/a>\n                            <\/li>\n                          \n                                                    <li>\n                            <a href=\"mailto:lineabepensa@bepensa.com\" class=\"btn btn-outline\">EMAIL<\/a>\n                          <\/li>\n                          \n                        <\/ul>\n                    <\/div>\n                  <\/li>\n                                  <li \n                    data-countries=\"Central America|Caribbean\" \n                    data-products=\"All terrain and City cranes (AC, City)|Lattice boom crawler cranes (CC)|Rough terrain cranes (GR)|Telescopic boom crawler cranes (GTC)|Truck cranes (GT)\"\n                    data-lat=\"29.9428102529888\" \n                    data-lng=\"-95.48707271351958\"\n                    data-name=\"Tadano - Ruben Olivas\"\n                    data-address=\"4242 W Greens Rd, Houston, TX 77066\"\n                    data-website=\"https:\/\/group.tadano.com\/latam\/en\"\n                    data-phone=\"+1 281-753-7563\"\n                    data-zoom=\"9\">\n                   <div class=\"result\">\n                        \n                        <h3>Tadano &#8211; Ruben Olivas<\/h3> \n\n                                                  <ul class=\"result-list\">\n                            <li>\n                              <span class=\"product\">All terrain and City cranes (AC, City)<\/span><span class=\"product\">Lattice boom crawler cranes (CC)<\/span><span class=\"product\">Rough terrain cranes (GR)<\/span><span class=\"product\">Telescopic boom crawler cranes (GTC)<\/span><span class=\"product\">Truck cranes (GT)<\/span>                            <\/li>\n                          <\/ul>\n                        \n                                                  <ul class=\"result-list\">\n                            <li>4242 W Greens Rd, Houston, TX 77066<\/li>\n                          <\/ul>\n                        \n                                                  <ul class=\"result-list\">\n                            <li><a href=\"https:\/\/group.tadano.com\/latam\/en\" target=\"_blank\">group.tadano.com\/latam\/en<\/a><\/li>\n                          <\/ul>\n                        \n                                                  <ul class=\"result-list\">\n                            <li>+1 281-753-7563<\/li>\n                          <\/ul>\n                        \n                        \n\n                        <ul class=\"btn-group\">\n                                                      <li>\n                              <a href=\"https:\/\/maps.google.com\/maps?daddr=4242 W Greens Rd, Houston, TX 77066\" target=\"_blank\" class=\"btn\">Directions<\/a>\n                            <\/li>\n                          \n                                                    <li>\n                            <a href=\"mailto:ruben.olivas@tadano.com\" class=\"btn btn-outline\">EMAIL<\/a>\n                          <\/li>\n                          \n                        <\/ul>\n                    <\/div>\n                  <\/li>\n                              <\/ul>\n            <\/div>\n          <\/div>\n        <\/div>\n        <div class=\"bottom-overlay-gradient\"><\/div>\n      <\/section>\n    \n\n    <div class=\"cookieconsent-optout-marketing cookieconsent\" style=\"background-image: url('https:\/\/www.tadano.com\/mexico\/wp-content\/themes\/tadano\/assets\/dist\/images\/nocookie_dealer.jpg');\">\n        <div class=\"wrapper\" style=\"padding-top:200px\">\n          <h3>You need to accept marketing cookies to view this content<\/h3>\n          <a href=\"javascript: Cookiebot.renew();\" class=\"btn btn-outline-white\">accept<\/a>\n      <\/div>\n  <\/div>\n\n \n  \n<\/div>\n\n","protected":false},"excerpt":{"rendered":"","protected":false},"author":1,"featured_media":0,"parent":4222,"menu_order":0,"comment_status":"closed","ping_status":"closed","template":"","meta":{"_acf_changed":false,"footnotes":""},"acf":[],"yoast_head":"<!-- This site is optimized with the Yoast SEO plugin v22.3 - https:\/\/yoast.com\/wordpress\/plugins\/seo\/ -->\n<title>Find A Distributor - Mexico<\/title>\n<meta name=\"robots\" content=\"index, follow, max-snippet:-1, max-image-preview:large, max-video-preview:-1\" \/>\n<link rel=\"canonical\" href=\"https:\/\/www.tadano.com\/mexico\/en\/sales-services\/find-a-distributor\/\" \/>\n<meta property=\"og:locale\" content=\"en_US\" \/>\n<meta property=\"og:type\" content=\"article\" \/>\n<meta property=\"og:title\" content=\"Find A Distributor - Mexico\" \/>\n<meta property=\"og:url\" content=\"https:\/\/www.tadano.com\/mexico\/en\/sales-services\/find-a-distributor\/\" \/>\n<meta property=\"og:site_name\" content=\"Mexico\" \/>\n<meta property=\"article:modified_time\" content=\"2021-08-24T12:12:03+00:00\" \/>\n<meta name=\"twitter:card\" content=\"summary_large_image\" \/>\n<meta name=\"twitter:label1\" content=\"Est. reading time\" \/>\n\t<meta name=\"twitter:data1\" content=\"1 minute\" \/>\n<script type=\"application\/ld+json\" class=\"yoast-schema-graph\">{\"@context\":\"https:\/\/schema.org\",\"@graph\":[{\"@type\":\"WebPage\",\"@id\":\"https:\/\/www.tadano.com\/mexico\/en\/sales-services\/find-a-distributor\/\",\"url\":\"https:\/\/www.tadano.com\/mexico\/en\/sales-services\/find-a-distributor\/\",\"name\":\"Find A Distributor - Mexico\",\"isPartOf\":{\"@id\":\"https:\/\/www.tadano.com\/mexico\/en\/#website\"},\"datePublished\":\"2021-02-25T12:25:19+00:00\",\"dateModified\":\"2021-08-24T12:12:03+00:00\",\"inLanguage\":\"en-US\",\"potentialAction\":[{\"@type\":\"ReadAction\",\"target\":[\"https:\/\/www.tadano.com\/mexico\/en\/sales-services\/find-a-distributor\/\"]}]},{\"@type\":\"WebSite\",\"@id\":\"https:\/\/www.tadano.com\/mexico\/en\/#website\",\"url\":\"https:\/\/www.tadano.com\/mexico\/en\/\",\"name\":\"Mexico\",\"description\":\"Just another TADANO EUROPE site\",\"potentialAction\":[{\"@type\":\"SearchAction\",\"target\":{\"@type\":\"EntryPoint\",\"urlTemplate\":\"https:\/\/www.tadano.com\/mexico\/en\/?s={search_term_string}\"},\"query-input\":\"required name=search_term_string\"}],\"inLanguage\":\"en-US\"}]}<\/script>\n<!-- \/ Yoast SEO plugin. -->","yoast_head_json":{"title":"Find A Distributor - Mexico","robots":{"index":"index","follow":"follow","max-snippet":"max-snippet:-1","max-image-preview":"max-image-preview:large","max-video-preview":"max-video-preview:-1"},"canonical":"https:\/\/www.tadano.com\/mexico\/en\/sales-services\/find-a-distributor\/","og_locale":"en_US","og_type":"article","og_title":"Find A Distributor - Mexico","og_url":"https:\/\/www.tadano.com\/mexico\/en\/sales-services\/find-a-distributor\/","og_site_name":"Mexico","article_modified_time":"2021-08-24T12:12:03+00:00","twitter_card":"summary_large_image","twitter_misc":{"Est. reading time":"1 minute"},"schema":{"@context":"https:\/\/schema.org","@graph":[{"@type":"WebPage","@id":"https:\/\/www.tadano.com\/mexico\/en\/sales-services\/find-a-distributor\/","url":"https:\/\/www.tadano.com\/mexico\/en\/sales-services\/find-a-distributor\/","name":"Find A Distributor - Mexico","isPartOf":{"@id":"https:\/\/www.tadano.com\/mexico\/en\/#website"},"datePublished":"2021-02-25T12:25:19+00:00","dateModified":"2021-08-24T12:12:03+00:00","inLanguage":"en-US","potentialAction":[{"@type":"ReadAction","target":["https:\/\/www.tadano.com\/mexico\/en\/sales-services\/find-a-distributor\/"]}]},{"@type":"WebSite","@id":"https:\/\/www.tadano.com\/mexico\/en\/#website","url":"https:\/\/www.tadano.com\/mexico\/en\/","name":"Mexico","description":"Just another TADANO EUROPE site","potentialAction":[{"@type":"SearchAction","target":{"@type":"EntryPoint","urlTemplate":"https:\/\/www.tadano.com\/mexico\/en\/?s={search_term_string}"},"query-input":"required name=search_term_string"}],"inLanguage":"en-US"}]}},"_links":{"self":[{"href":"https:\/\/www.tadano.com\/mexico\/en\/wp-json\/wp\/v2\/pages\/4248"}],"collection":[{"href":"https:\/\/www.tadano.com\/mexico\/en\/wp-json\/wp\/v2\/pages"}],"about":[{"href":"https:\/\/www.tadano.com\/mexico\/en\/wp-json\/wp\/v2\/types\/page"}],"author":[{"embeddable":true,"href":"https:\/\/www.tadano.com\/mexico\/en\/wp-json\/wp\/v2\/users\/1"}],"replies":[{"embeddable":true,"href":"https:\/\/www.tadano.com\/mexico\/en\/wp-json\/wp\/v2\/comments?post=4248"}],"version-history":[{"count":0,"href":"https:\/\/www.tadano.com\/mexico\/en\/wp-json\/wp\/v2\/pages\/4248\/revisions"}],"up":[{"embeddable":true,"href":"https:\/\/www.tadano.com\/mexico\/en\/wp-json\/wp\/v2\/pages\/4222"}],"wp:attachment":[{"href":"https:\/\/www.tadano.com\/mexico\/en\/wp-json\/wp\/v2\/media?parent=4248"}],"curies":[{"name":"wp","href":"https:\/\/api.w.org\/{rel}","templated":true}]}}