{"id":4640,"date":"2021-02-25T12:25:19","date_gmt":"2021-02-25T12:25:19","guid":{"rendered":"https:\/\/www.tadano.com\/mexico\/ventas-y-servicios\/encuentre-un-distribuidor\/"},"modified":"2021-08-24T12:12:54","modified_gmt":"2021-08-24T12:12:54","slug":"encuentre-un-distribuidor","status":"publish","type":"page","link":"https:\/\/www.tadano.com\/mexico\/es\/ventas-y-servicios\/encuentre-un-distribuidor\/","title":{"rendered":"Encuentre un distribuidor"},"content":{"rendered":"\n\n\n\n<style type=\"text\/css\">\n  .header .main-menu .accordion >li >a,\n  .header .language-opener {\n    color: #fff;\n  }\n  .header .main-menu .accordion >li >a:hover,\n  .header .language-opener:hover {\n    color: #00AAE8;\n  }    \n  .header .language-block .selected {\n   color: #fff;\n }\n .header .logo .black_blue {\n  display: none;\n }\n  .header .logo .white_blue {\n    display: block;\n  }\n .header .language-block .drop {\n  background: #00AAE8;\n  border-color: #fff;\n}\n.editor-styles-wrapper .hero-section-alt2.bg-off .img-holder {\n  height: 0px!important;\n}\n.language-block .drop .switch {\n  color: #fff;\n}\n.hero-section-alt2.bg-off .img-holder {\n  height: 100%;\n}\n\n<\/style>\n\n<script src=\"https:\/\/maps.googleapis.com\/maps\/api\/js?key=AIzaSyABxGjfTBfPX-l-XuJE6pzzzea5HUG3AbI\"><\/script>\n\n<script type=\"text\/javascript\">\n  const dealerfinder_data = [{\"name\":\"PM Oil&Steel Mexico\",\"address\":\"Carretera Quer\\u00e9taro- M\\u00e9xico KM 201.5 , Bodega #50 Eurobusiness Park El Marqu\\u00e9s, Colonia Cumbres de Con\\u00edn Tercera Secci\\u00f3n,\\t76246 Mcpio. El Marqu\\u00e9s, Quer\\u00e9taro. M\\u00e9xico\",\"notes\":\"\",\"web\":\"\",\"phone\":\"+52 442 2102753\",\"mail\":\"info_pm-latinamerica@tadano.com\",\"lat\":\"20.56489755931009\",\"lng\":\"-100.30732473372896\",\"countries_served\":[\"Mexico\"],\"product_portfolio\":[\"Knuckle boom cranes (PM series)\",\"Truck-mounted and Self-propelled AWPs (Oil & Steel series)\",\"Pick & carry cranes (Valla series)\",\"Boom trucks (Manitex series)\"]},{\"name\":\"Equinova Sa De Cv\",\"address\":\"Calle 81 A N\\u00fam. 645 entre 96 y 100. Col. Nueva Sambul\\u00e1\\u00a0 C.P. 97250 MERIDA YUCATAN MESSICO, Yucat\\u00e1n\",\"notes\":\"\",\"web\":\"\",\"phone\":\"\",\"mail\":\"lineabepensa@bepensa.com\",\"lat\":\"20.9450727\",\"lng\":\"-89.6578283\",\"countries_served\":[\"Mexico\"],\"product_portfolio\":[\"Knuckle boom cranes (PM series)\"]},{\"name\":\"Tadano - Ruben Olivas\",\"address\":\"4242 W Greens Rd, Houston, TX 77066\",\"notes\":\"\",\"web\":\"https:\\\/\\\/group.tadano.com\\\/latam\\\/en\",\"phone\":\"+1 281-753-7563\",\"mail\":\"ruben.olivas@tadano.com\",\"lat\":\"29.9428102529888\",\"lng\":\"-95.48707271351958\",\"countries_served\":[\"Central America\",\"Caribbean\"],\"product_portfolio\":[\"All terrain and City cranes (AC, City)\",\"Lattice boom crawler cranes (CC)\",\"Rough terrain cranes (GR)\",\"Telescopic boom crawler cranes (GTC)\",\"Truck cranes (GT)\"]}];\n  const dealerfinder_markerPath = 'https:\/\/www.tadano.com\/mexico\/wp-content\/themes\/tadano\/assets\/dist\/images\/locator.svg';\n  window.dealerfinder_defaultMapView = {\"lat\":22.8856879,\"lng\":-104.6735411,\"zoom\":5.5};\n<\/script>\n\n\n<div class=\"bh-sl-form-container dealer-finder-eu\">\n  <section class=\"hero-section-alt2 company-hero find-dealer bg-off cookieconsent-optin-marketing\">\n    <div class=\"img-holder\"><\/div>\n    <div class=\"container\">\n      <div class=\"text-holder l-equipments support\">\n        <div class=\"wrap\">\n                                          \n\n<h1 class=\"wp-block-heading\">Encuentre un distribuidor<\/h1>\n\n\n\n<p>Localice su distribuidor Tadano m\u00e1s cercano.<\/p>\n\n\n        <\/div>\n\n        \n                    <div class=\"location-search\" id=\"dealerfinder-eu\">\n              <div class=\"title\">\n                <h2>Encuentre un distribuidor para su pa\u00eds:<\/h2>\n              <\/div>\n              <form id=\"bh-sl-user-location\" method=\"post\" action=\"#\" class=\"location-form\">\n                <div class=\"form-group bh-sl-filters-container\">\n                  <label for=\"selectlocation\" class=\"hidden\">Seleccione su pa\u00eds<\/label>\n                  <select name=\"city\" id=\"selectlocation\">\n                    <option value=\"\">Seleccione su pa\u00eds<\/option>\n                    <option value=\"Caribbean\">Caribbean<\/option><option value=\"Central America\">Central America<\/option><option value=\"Mexico\">M\u00e9xico<\/option>                  <\/select>\n                <\/div>\n                <div class=\"form-group bh-sl-filters-container\">\n                  <label for=\"selectproduct\" class=\"hidden\">Select product category<\/label>\n                  <select name=\"product\" id=\"selectproduct\">\n                    <option value=\"\">Todas las categor\u00edas de productos<\/option>\n                    <option value=\"All terrain and City cranes (AC, City)\">Gr\u00faas todo terreno (AC, City)<\/option><option value=\"Boom trucks (Manitex series)\">Camiones gr\u00faa (Serie Manitex)<\/option><option value=\"Knuckle boom cranes (PM series)\">Gr\u00faas articuladas (Serie PM)<\/option><option value=\"Lattice boom crawler cranes (CC)\">Gr\u00faas sobre orugas con pluma de Celos\u00eda (CC)<\/option><option value=\"Pick &amp; carry cranes (Valla series)\">Gr\u00faas pick and carry (Serie Valla)<\/option><option value=\"Rough terrain cranes (GR)\">Gr\u00faas para terrenos irregulares (GR)<\/option><option value=\"Telescopic boom crawler cranes (GTC)\">Gr\u00faas sobre orugas con pluma telesc\u00f3pica (GTC)<\/option><option value=\"Truck cranes (GT)\">Gr\u00faas sobre cami\u00f3n (GT)<\/option><option value=\"Truck-mounted and Self-propelled AWPs (Oil &amp; Steel series)\">Plataformas a\u00e9reas montadas sobre cami\u00f3n y autopropulsadas (Serie Oil &#038; Steel)<\/option>                  <\/select>\n                <\/div>\n                <div class=\"form-group\">\n                  <button type=\"button\" id=\"dealer-search-btn\" class=\"btn btn-secondary search-btn\">Buscar<\/button>\n                <\/div>\n              <\/form>\n                              <a style=\"color: #fff; text-decoration:underline;\" href=\"https:\/\/www.tadano.com\/mexico\/es\/wp-json\/wp\/v2\/pages\/4640?showall=true\">Mostrar todos los pa\u00edses<\/a>\n                          <\/div>\n              <\/div>\n    <\/div>\n  <\/section>\n\n\n\n          <section class=\"dealer-section cookieconsent-optin-marketing\">\n        <div class=\"map-holder fixedElement\">\n          <div id=\"bh-sl-map\" class=\"bh-sl-map\"><\/div>\n        <\/div>\n        <div class=\"result-col\" style=\"background-color:#04aae8\" >\n          <div class=\"section-heading\">\n            <h2>Su distribuidor<\/h2>\n          <\/div>\n          <div class=\"result-holder\">\n            <div class=\"bh-sl-loc-list\">\n              <ul class=\"list\">\n                                  <li \n                    data-countries=\"Mexico\" \n                    data-products=\"Knuckle boom cranes (PM series)|Truck-mounted and Self-propelled AWPs (Oil &#038; Steel series)|Pick &#038; carry cranes (Valla series)|Boom trucks (Manitex series)\"\n                    data-lat=\"20.56489755931009\" \n                    data-lng=\"-100.30732473372896\"\n                    data-name=\"PM Oil&#038;Steel Mexico\"\n                    data-address=\"Carretera Quer\u00e9taro- M\u00e9xico KM 201.5 , Bodega #50 Eurobusiness Park El Marqu\u00e9s, Colonia Cumbres de Con\u00edn Tercera Secci\u00f3n,\t76246 Mcpio. El Marqu\u00e9s, Quer\u00e9taro. M\u00e9xico\"\n                    data-website=\"\"\n                    data-phone=\"+52 442 2102753\"\n                    data-zoom=\"9\">\n                   <div class=\"result\">\n                        \n                        <h3>PM Oil&#038;Steel Mexico<\/h3> \n\n                                                  <ul class=\"result-list\">\n                            <li>\n                              <span class=\"product\">Gr\u00faas articuladas (Serie PM)<\/span><span class=\"product\">Plataformas a\u00e9reas montadas sobre cami\u00f3n y autopropulsadas (Serie Oil &#038; Steel)<\/span><span class=\"product\">Gr\u00faas pick and carry (Serie Valla)<\/span><span class=\"product\">Camiones gr\u00faa (Serie Manitex)<\/span>                            <\/li>\n                          <\/ul>\n                        \n                                                  <ul class=\"result-list\">\n                            <li>Carretera Quer\u00e9taro- M\u00e9xico KM 201.5 , Bodega #50 Eurobusiness Park El Marqu\u00e9s, Colonia Cumbres de Con\u00edn Tercera Secci\u00f3n,\t76246 Mcpio. El Marqu\u00e9s, Quer\u00e9taro. M\u00e9xico<\/li>\n                          <\/ul>\n                        \n                        \n                                                  <ul class=\"result-list\">\n                            <li>+52 442 2102753<\/li>\n                          <\/ul>\n                        \n                        \n\n                        <ul class=\"btn-group\">\n                                                      <li>\n                              <a href=\"https:\/\/maps.google.com\/maps?daddr=Carretera Quer\u00e9taro- M\u00e9xico KM 201.5 , Bodega #50 Eurobusiness Park El Marqu\u00e9s, Colonia Cumbres de Con\u00edn Tercera Secci\u00f3n,\t76246 Mcpio. El Marqu\u00e9s, Quer\u00e9taro. M\u00e9xico\" target=\"_blank\" class=\"btn\">Itinerario<\/a>\n                            <\/li>\n                          \n                                                    <li>\n                            <a href=\"mailto:info_pm-latinamerica@tadano.com\" class=\"btn btn-outline\">EMAIL<\/a>\n                          <\/li>\n                          \n                        <\/ul>\n                    <\/div>\n                  <\/li>\n                                  <li \n                    data-countries=\"Mexico\" \n                    data-products=\"Knuckle boom cranes (PM series)\"\n                    data-lat=\"20.9450727\" \n                    data-lng=\"-89.6578283\"\n                    data-name=\"Equinova Sa De Cv\"\n                    data-address=\"Calle 81 A N\u00fam. 645 entre 96 y 100. Col. Nueva Sambul\u00e1\u00a0 C.P. 97250 MERIDA YUCATAN MESSICO, Yucat\u00e1n\"\n                    data-website=\"\"\n                    data-phone=\"\"\n                    data-zoom=\"9\">\n                   <div class=\"result\">\n                        \n                        <h3>Equinova Sa De Cv<\/h3> \n\n                                                  <ul class=\"result-list\">\n                            <li>\n                              <span class=\"product\">Gr\u00faas articuladas (Serie PM)<\/span>                            <\/li>\n                          <\/ul>\n                        \n                                                  <ul class=\"result-list\">\n                            <li>Calle 81 A N\u00fam. 645 entre 96 y 100. Col. Nueva Sambul\u00e1\u00a0 C.P. 97250 MERIDA YUCATAN MESSICO, Yucat\u00e1n<\/li>\n                          <\/ul>\n                        \n                        \n                        \n                        \n\n                        <ul class=\"btn-group\">\n                                                      <li>\n                              <a href=\"https:\/\/maps.google.com\/maps?daddr=Calle 81 A N\u00fam. 645 entre 96 y 100. Col. Nueva Sambul\u00e1\u00a0 C.P. 97250 MERIDA YUCATAN MESSICO, Yucat\u00e1n\" target=\"_blank\" class=\"btn\">Itinerario<\/a>\n                            <\/li>\n                          \n                                                    <li>\n                            <a href=\"mailto:lineabepensa@bepensa.com\" class=\"btn btn-outline\">EMAIL<\/a>\n                          <\/li>\n                          \n                        <\/ul>\n                    <\/div>\n                  <\/li>\n                                  <li \n                    data-countries=\"Central America|Caribbean\" \n                    data-products=\"All terrain and City cranes (AC, City)|Lattice boom crawler cranes (CC)|Rough terrain cranes (GR)|Telescopic boom crawler cranes (GTC)|Truck cranes (GT)\"\n                    data-lat=\"29.9428102529888\" \n                    data-lng=\"-95.48707271351958\"\n                    data-name=\"Tadano - Ruben Olivas\"\n                    data-address=\"4242 W Greens Rd, Houston, TX 77066\"\n                    data-website=\"https:\/\/group.tadano.com\/latam\/en\"\n                    data-phone=\"+1 281-753-7563\"\n                    data-zoom=\"9\">\n                   <div class=\"result\">\n                        \n                        <h3>Tadano &#8211; Ruben Olivas<\/h3> \n\n                                                  <ul class=\"result-list\">\n                            <li>\n                              <span class=\"product\">Gr\u00faas todo terreno (AC, City)<\/span><span class=\"product\">Gr\u00faas sobre orugas con pluma de Celos\u00eda (CC)<\/span><span class=\"product\">Gr\u00faas para terrenos irregulares (GR)<\/span><span class=\"product\">Gr\u00faas sobre orugas con pluma telesc\u00f3pica (GTC)<\/span><span class=\"product\">Gr\u00faas sobre cami\u00f3n (GT)<\/span>                            <\/li>\n                          <\/ul>\n                        \n                                                  <ul class=\"result-list\">\n                            <li>4242 W Greens Rd, Houston, TX 77066<\/li>\n                          <\/ul>\n                        \n                                                  <ul class=\"result-list\">\n                            <li><a href=\"https:\/\/group.tadano.com\/latam\/en\" target=\"_blank\">group.tadano.com\/latam\/en<\/a><\/li>\n                          <\/ul>\n                        \n                                                  <ul class=\"result-list\">\n                            <li>+1 281-753-7563<\/li>\n                          <\/ul>\n                        \n                        \n\n                        <ul class=\"btn-group\">\n                                                      <li>\n                              <a href=\"https:\/\/maps.google.com\/maps?daddr=4242 W Greens Rd, Houston, TX 77066\" target=\"_blank\" class=\"btn\">Itinerario<\/a>\n                            <\/li>\n                          \n                                                    <li>\n                            <a href=\"mailto:ruben.olivas@tadano.com\" class=\"btn btn-outline\">EMAIL<\/a>\n                          <\/li>\n                          \n                        <\/ul>\n                    <\/div>\n                  <\/li>\n                              <\/ul>\n            <\/div>\n          <\/div>\n        <\/div>\n        <div class=\"bottom-overlay-gradient\"><\/div>\n      <\/section>\n    \n\n    <div class=\"cookieconsent-optout-marketing cookieconsent\" style=\"background-image: url('https:\/\/www.tadano.com\/mexico\/wp-content\/themes\/tadano\/assets\/dist\/images\/nocookie_dealer.jpg');\">\n        <div class=\"wrapper\" style=\"padding-top:200px\">\n          <h3>Debe aceptar las cookies de marketing para ver este contenido<\/h3>\n          <a href=\"javascript: Cookiebot.renew();\" class=\"btn btn-outline-white\">aceptar<\/a>\n      <\/div>\n  <\/div>\n\n \n  \n<\/div>\n\n","protected":false},"excerpt":{"rendered":"","protected":false},"author":1,"featured_media":0,"parent":4587,"menu_order":0,"comment_status":"closed","ping_status":"closed","template":"","meta":{"_acf_changed":false,"footnotes":""},"acf":[],"yoast_head":"<!-- This site is optimized with the Yoast SEO plugin v22.3 - https:\/\/yoast.com\/wordpress\/plugins\/seo\/ -->\n<title>Encuentre un distribuidor - Mexico<\/title>\n<meta name=\"robots\" content=\"index, follow, max-snippet:-1, max-image-preview:large, max-video-preview:-1\" \/>\n<link rel=\"canonical\" href=\"https:\/\/www.tadano.com\/mexico\/es\/ventas-y-servicios\/encuentre-un-distribuidor\/\" \/>\n<meta property=\"og:locale\" content=\"es_ES\" \/>\n<meta property=\"og:type\" content=\"article\" \/>\n<meta property=\"og:title\" content=\"Encuentre un distribuidor - Mexico\" \/>\n<meta property=\"og:url\" content=\"https:\/\/www.tadano.com\/mexico\/es\/ventas-y-servicios\/encuentre-un-distribuidor\/\" \/>\n<meta property=\"og:site_name\" content=\"Mexico\" \/>\n<meta property=\"article:modified_time\" content=\"2021-08-24T12:12:54+00:00\" \/>\n<meta name=\"twitter:card\" content=\"summary_large_image\" \/>\n<meta name=\"twitter:label1\" content=\"Tiempo de lectura\" \/>\n\t<meta name=\"twitter:data1\" content=\"1 minuto\" \/>\n<script type=\"application\/ld+json\" class=\"yoast-schema-graph\">{\"@context\":\"https:\/\/schema.org\",\"@graph\":[{\"@type\":\"WebPage\",\"@id\":\"https:\/\/www.tadano.com\/mexico\/es\/ventas-y-servicios\/encuentre-un-distribuidor\/\",\"url\":\"https:\/\/www.tadano.com\/mexico\/es\/ventas-y-servicios\/encuentre-un-distribuidor\/\",\"name\":\"Encuentre un distribuidor - Mexico\",\"isPartOf\":{\"@id\":\"https:\/\/www.tadano.com\/mexico\/en\/#website\"},\"datePublished\":\"2021-02-25T12:25:19+00:00\",\"dateModified\":\"2021-08-24T12:12:54+00:00\",\"breadcrumb\":{\"@id\":\"https:\/\/www.tadano.com\/mexico\/es\/ventas-y-servicios\/encuentre-un-distribuidor\/#breadcrumb\"},\"inLanguage\":\"es\",\"potentialAction\":[{\"@type\":\"ReadAction\",\"target\":[\"https:\/\/www.tadano.com\/mexico\/es\/ventas-y-servicios\/encuentre-un-distribuidor\/\"]}]},{\"@type\":\"BreadcrumbList\",\"@id\":\"https:\/\/www.tadano.com\/mexico\/es\/ventas-y-servicios\/encuentre-un-distribuidor\/#breadcrumb\",\"itemListElement\":[{\"@type\":\"ListItem\",\"position\":1,\"name\":\"Ventas y Servicios\",\"item\":\"https:\/\/www.tadano.com\/mexico\/es\/ventas-y-servicios\/\"},{\"@type\":\"ListItem\",\"position\":2,\"name\":\"Encuentre un distribuidor\"}]},{\"@type\":\"WebSite\",\"@id\":\"https:\/\/www.tadano.com\/mexico\/en\/#website\",\"url\":\"https:\/\/www.tadano.com\/mexico\/en\/\",\"name\":\"Mexico\",\"description\":\"Just another TADANO EUROPE site\",\"potentialAction\":[{\"@type\":\"SearchAction\",\"target\":{\"@type\":\"EntryPoint\",\"urlTemplate\":\"https:\/\/www.tadano.com\/mexico\/en\/?s={search_term_string}\"},\"query-input\":\"required name=search_term_string\"}],\"inLanguage\":\"es\"}]}<\/script>\n<!-- \/ Yoast SEO plugin. -->","yoast_head_json":{"title":"Encuentre un distribuidor - Mexico","robots":{"index":"index","follow":"follow","max-snippet":"max-snippet:-1","max-image-preview":"max-image-preview:large","max-video-preview":"max-video-preview:-1"},"canonical":"https:\/\/www.tadano.com\/mexico\/es\/ventas-y-servicios\/encuentre-un-distribuidor\/","og_locale":"es_ES","og_type":"article","og_title":"Encuentre un distribuidor - Mexico","og_url":"https:\/\/www.tadano.com\/mexico\/es\/ventas-y-servicios\/encuentre-un-distribuidor\/","og_site_name":"Mexico","article_modified_time":"2021-08-24T12:12:54+00:00","twitter_card":"summary_large_image","twitter_misc":{"Tiempo de lectura":"1 minuto"},"schema":{"@context":"https:\/\/schema.org","@graph":[{"@type":"WebPage","@id":"https:\/\/www.tadano.com\/mexico\/es\/ventas-y-servicios\/encuentre-un-distribuidor\/","url":"https:\/\/www.tadano.com\/mexico\/es\/ventas-y-servicios\/encuentre-un-distribuidor\/","name":"Encuentre un distribuidor - Mexico","isPartOf":{"@id":"https:\/\/www.tadano.com\/mexico\/en\/#website"},"datePublished":"2021-02-25T12:25:19+00:00","dateModified":"2021-08-24T12:12:54+00:00","breadcrumb":{"@id":"https:\/\/www.tadano.com\/mexico\/es\/ventas-y-servicios\/encuentre-un-distribuidor\/#breadcrumb"},"inLanguage":"es","potentialAction":[{"@type":"ReadAction","target":["https:\/\/www.tadano.com\/mexico\/es\/ventas-y-servicios\/encuentre-un-distribuidor\/"]}]},{"@type":"BreadcrumbList","@id":"https:\/\/www.tadano.com\/mexico\/es\/ventas-y-servicios\/encuentre-un-distribuidor\/#breadcrumb","itemListElement":[{"@type":"ListItem","position":1,"name":"Ventas y Servicios","item":"https:\/\/www.tadano.com\/mexico\/es\/ventas-y-servicios\/"},{"@type":"ListItem","position":2,"name":"Encuentre un distribuidor"}]},{"@type":"WebSite","@id":"https:\/\/www.tadano.com\/mexico\/en\/#website","url":"https:\/\/www.tadano.com\/mexico\/en\/","name":"Mexico","description":"Just another TADANO EUROPE site","potentialAction":[{"@type":"SearchAction","target":{"@type":"EntryPoint","urlTemplate":"https:\/\/www.tadano.com\/mexico\/en\/?s={search_term_string}"},"query-input":"required name=search_term_string"}],"inLanguage":"es"}]}},"_links":{"self":[{"href":"https:\/\/www.tadano.com\/mexico\/es\/wp-json\/wp\/v2\/pages\/4640"}],"collection":[{"href":"https:\/\/www.tadano.com\/mexico\/es\/wp-json\/wp\/v2\/pages"}],"about":[{"href":"https:\/\/www.tadano.com\/mexico\/es\/wp-json\/wp\/v2\/types\/page"}],"author":[{"embeddable":true,"href":"https:\/\/www.tadano.com\/mexico\/es\/wp-json\/wp\/v2\/users\/1"}],"replies":[{"embeddable":true,"href":"https:\/\/www.tadano.com\/mexico\/es\/wp-json\/wp\/v2\/comments?post=4640"}],"version-history":[{"count":1,"href":"https:\/\/www.tadano.com\/mexico\/es\/wp-json\/wp\/v2\/pages\/4640\/revisions"}],"predecessor-version":[{"id":4869,"href":"https:\/\/www.tadano.com\/mexico\/es\/wp-json\/wp\/v2\/pages\/4640\/revisions\/4869"}],"up":[{"embeddable":true,"href":"https:\/\/www.tadano.com\/mexico\/es\/wp-json\/wp\/v2\/pages\/4587"}],"wp:attachment":[{"href":"https:\/\/www.tadano.com\/mexico\/es\/wp-json\/wp\/v2\/media?parent=4640"}],"curies":[{"name":"wp","href":"https:\/\/api.w.org\/{rel}","templated":true}]}}