{"id":22509,"date":"2021-07-28T07:25:07","date_gmt":"2021-07-28T07:25:07","guid":{"rendered":"https:\/\/www.tadano.com\/uscan\/acerca-de\/"},"modified":"2026-02-24T15:06:31","modified_gmt":"2026-02-24T15:06:31","slug":"acerca-de","status":"publish","type":"page","link":"https:\/\/www.tadano.com\/uscan\/es\/acerca-de\/","title":{"rendered":"Acerca de"},"content":{"rendered":"\n\n\n<section class=\"hero-section\">\n\n\t\n\t\n\t\n\t<div class=\"img-holder \">\n\t\t\t\t<div class=\"bg-stretch\" style=\"background-position: 100% 100%; \">\n\t\t\t<span data-srcset=\"https:\/\/assets.onetadano.com\/celum_assets\/hero\/TDN+Joining+Forces+Hero+Image+4K.jpg, https:\/\/assets.onetadano.com\/celum_assets\/hero-2x\/TDN+Joining+Forces+Hero+Image+4K.jpg 2x\"><\/span>\n\t\t<\/div>\n\t\t\t\t\t\t<div class=\"logo green-solutions\" style=\"display:none;\">\n\t\t\t<a href=\"#\"><img decoding=\"async\" src=\"https:\/\/www.tadano.com\/uscan\/wp-content\/themes\/tadano\/assets\/dist\/images\/Green-Solutions_Logo_White.svg\"><\/a>\n\t\t<\/div>\n\t<\/div>\n\t<div class=\"container\">\n\t\t<div class=\"text-holder \">\n\t\t\t<div class=\"wrap\">\n\t\t\t\t\n\t\t\t\t<ul class=\"breadcrumbs\"><li><a href=\"https:\/\/www.tadano.com\/uscan\/es\/\">Inicio<\/a><\/li><\/ul>\n\t\t\t\t\n\n<h1 class=\"wp-block-heading\">Qui\u00e9nes somos<\/h1>\n\n\n\n<p>Tadano se dedica a proporcionar soluciones de elevaci\u00f3n excepcionales e innovadoras que satisfacen una amplia variedad de necesidades de clientes de todo el mundo.<\/p>\n\n\n\n\t\t\t\t\n\t\t\t<\/div>\n\n\t\t\t\n\t\t\t\n\t\t\t\n\t\t<\/div>\n\t<\/div>\n<\/section>\n\n\n<div class=\"wp-block-group is-layout-flow wp-block-group-is-layout-flow\"><div class=\"wp-block-group__inner-container\">\n<h2 class=\"wp-block-heading\">Nuestra misi\u00f3n<\/h2>\n\n\n\n<p>El eslogan de Tadano, \u00abReaching new heights\u00bb, representa nuestro compromiso por superar las expectativas de los clientes y promover un futuro sostenible. A trav\u00e9s de equipos de elevaci\u00f3n y acceso l\u00edderes en el mundo, ofrecemos tecnolog\u00eda innovadora y seguridad, fomentando el progreso y la prosperidad de nuestros clientes y la sociedad. Al ampliar continuamente los l\u00edmites de lo posible, Tadano se compromete a crear valor que contribuya a un mundo mejor y un futuro m\u00e1s brillante.<\/p>\n\n\n\n<h2 class=\"wp-block-heading\">Nuestra filosof\u00eda<\/h2>\n\n\n\n<p>El Grupo Tadano se ci\u00f1e a su Filosof\u00eda Corporativa deSozo (Creaci\u00f3n), Hoshi (Contribuci\u00f3n) y Kyoryoku (Cooperaci\u00f3n), creyendo firmemente que una empresa s\u00f3lo puede existir con \u00e9xito si est\u00e1 en armon\u00eda con la sociedad y las personas. Con este objetivo, Tadano y su personal contribuyen al desarrollo de las comunidades locales e internacionales, y promueven actividades empresariales que ayuden a proteger el medio ambiente. Nosotros tambi\u00e9n trabajamos para maximizar el valor corporativo y satisfacer y superar las expectativas de las partes interesadas.<\/p>\n\n\n\n<div class=\"wp-block-columns is-layout-flex wp-container-core-columns-layout-1 wp-block-columns-is-layout-flex\">\n<div class=\"wp-block-column is-layout-flow wp-block-column-is-layout-flow\">\n<h3 class=\"wp-block-heading alignfull\">Sozo (Creaci\u00f3n)<\/h3>\n\n\n\n<p class=\"has-small-font-size\">Crearemos innovando y sinti\u00e9ndonos orgullosos de nuestros productos de alta calidad.<\/p>\n<\/div>\n\n\n\n<div class=\"wp-block-column is-layout-flow wp-block-column-is-layout-flow\">\n<h3 class=\"wp-block-heading\">Hoshi (Contribuci\u00f3n)<\/h3>\n\n\n\n<p class=\"has-small-font-size\">Contribuiremos al \u00e9xito de nuestros clientes y serviremos a la sociedad.<\/p>\n<\/div>\n\n\n\n<div class=\"wp-block-column is-layout-flow wp-block-column-is-layout-flow\">\n<h3 class=\"wp-block-heading\">Kyoryoku (Cooperaci\u00f3n)<\/h3>\n\n\n\n<p class=\"has-small-font-size\">Cooperaremos para asegurar nuestra felicidad y fortalecer los lazos entre nosotros.<\/p>\n<\/div>\n<\/div>\n\n\n\n<h2 class=\"wp-block-heading\">Nuestros valores<\/h2>\n\n\n\n<p>Los valores fundamentales de Tadano son \u00abSeguridad, Calidad y Eficiencia, basados en el cumplimiento\u00bb (C+SQE). Damos la m\u00e1xima prioridad a la seguridad de la sociedad y de todos los que fabrican y utilizan nuestros productos y servicios. Buscamos mejorar la calidad, tanto la de nuestros productos y servicios como nuestras operaciones empresariales. Mejoramos la eficiencia de nuestras propias operaciones empresariales, adem\u00e1s de contribuir a mejorar la eficiencia empresarial de nuestros clientes. <\/p>\n\n\n\n<p>El cumplimiento proporciona la base que permite a Tadano actualizar la seguridad, la calidad y la eficiencia, ya que actuamos con equidad y honestidad y mantenemos un alto sentido de la \u00e9tica.<\/p>\n<\/div><\/div>\n\n\n\n<div style=\"height:68px\" aria-hidden=\"true\" class=\"wp-block-spacer\"><\/div>\n\n\n\n<h2 class=\"wp-block-heading\" id=\"h-nuestra-empresa\">NUESTRA EMPRESA<\/h2>\n\n\n\n<p>Tadano America Corporation (TAC) es la&nbsp;<strong><em>Base panamericana de ventas de gr\u00faas para terrenos irregulares, gr\u00faas todo terreno, gr\u00faas sobre orugas con pluma telesc\u00f3pica y gr\u00faas sobre orugas con pluma de celos\u00eda.&nbsp;<\/em><\/strong>Nuestra oficina corporativa en Houston, Texas, cuenta con m\u00e1s de 46.000 pies cuadrados para piezas y almacenamiento, con asistencia directa al cliente desde Houston y Edmonton, Alberta. El personal de servicio de campo de TAC est\u00e1 presente en todo el continente, con productos disponibles a trav\u00e9s de una amplia red de distribuidores, agentes y asociaciones. Creemos que las m\u00e1quinas deben beneficiar a todos: a los propietarios, a la comunidad y a al entorno que compartimos. Utilizando sistemas operativos de \u00faltima generaci\u00f3n y caracter\u00edsticas de dise\u00f1o probadas en el campo, Tadano es un l\u00edder tecnol\u00f3gico con sus ideales y valores fundamentales de seguridad, calidad y eficiencia.<\/p>\n\n\n\n<div class=\"wp-block-columns is-layout-flex wp-container-core-columns-layout-2 wp-block-columns-is-layout-flex\">\n<div class=\"wp-block-column is-layout-flow wp-block-column-is-layout-flow\">\n<figure class=\"wp-block-image size-large\"><a href=\"https:\/\/www.tadano.co.jp\/en\/history\/\" target=\"_blank\" rel=\"noreferrer noopener\"><img decoding=\"async\" src=\"https:\/\/mediahub.tadano.com\/m\/7ef36e95b449b643\/original\/img_tadano_history_jp-1.jpg\" alt=\"\"\/><\/a><\/figure>\n<\/div>\n\n\n\n<div class=\"wp-block-column is-layout-flow wp-block-column-is-layout-flow\">\n<h1 class=\"wp-block-heading\">LA HISTORIA DE TADANO<\/h1>\n\n\n\n<p>Desde sus or\u00edgenes en 1919, cuando su fundador Masuo Tadano decidi\u00f3 contribuir a la sociedad mediante innovaciones en el campo de la soldadura, hasta su ascenso como l\u00edder mundial en el sector de los equipos de elevaci\u00f3n, la historia de Tadano se caracteriza por la excelencia t\u00e9cnica, una visi\u00f3n audaz y un crecimiento continuo. Moldeada por hitos pioneros en Jap\u00f3n, Alemania, Italia y Estados Unidos, en particular gracias al legado de Demag, Faun, Manitex y otros, Tadano lleva m\u00e1s de un siglo siendo fuente de innovaciones en el campo de las gr\u00faas. Descubra c\u00f3mo los avances tecnol\u00f3gicos, la expansi\u00f3n global y el compromiso con la calidad han definido la trayectoria de Tadano y han situado a la empresa a la vanguardia del sector mundial de la elevaci\u00f3n.<\/p>\n\n\n\n<div class=\"wp-block-buttons is-layout-flex wp-block-buttons-is-layout-flex\">\n<div class=\"wp-block-button\"><a class=\"wp-block-button__link wp-element-button\" href=\"https:\/\/www.tadano.co.jp\/en\/history\/\" target=\"_blank\" rel=\"noreferrer noopener\">DESCUBRA LA HISTORIA DE TADANO<\/a><\/div>\n<\/div>\n<\/div>\n<\/div>\n\n\n\n    <section class=\"news-section\">\n\n    <div class=\"container\">\n      <div class=\"text-block\">\n        <h2>Noticias<\/h2>\n        <p>Dive into the latest news and developments from the Tadano Group.<\/p>                \n                  <a href=\"https:\/\/www.tadano.com\/uscan\/es\/news-list\/\" class=\"link-more\">EXPLORAR TODAS las noticias<\/a>\n        \n\n                <div class=\"controls\">\n          <svg width=\"14\" height=\"31\" viewBox=\"0 0 14 31\" fill=\"none\" xmlns=\"http:\/\/www.w3.org\/2000\/svg\">\n           <path d=\"M13 1L1 15.5L13 30\" stroke=\"#fff\"\/>\n          <\/svg>\n          <svg width=\"15\" height=\"31\" viewBox=\"0 0 15 31\" fill=\"none\" xmlns=\"http:\/\/www.w3.org\/2000\/svg\">\n           <path d=\"M1 1L14 15.5L1 30\" stroke=\"#fff\"\/>\n          <\/svg>\n        <\/div>\n        \n\n        \n      <\/div>\n      <div class=\"slick-slider simple-slider\">\n                              <div>\n              <div class=\"news-single\">\n                <a href=\"https:\/\/www.tadano.com\/uscan\/es\/news\/www.tadano.completa-la-adquisicion-del-sector-empresarial-de-sistemas-de-transporte-de-ihi-transport-machinery\">\n                  <strong class=\"title\">Tadano completa la adquisici\u00f3n del sector empresarial de sistemas de transporte de IHI Transport Machinery<\/strong>\n                  <ul class=\"meta\">\n                    <li>Publicaci\u00f3n<\/li>\n                    <li><time datetime=\"2020-01-01\">Jul\/01\/2025<\/time><\/li>\n                  <\/ul>\n                <\/a>\n              <\/div>\n            <\/div>\n                      <div>\n              <div class=\"news-single\">\n                <a href=\"https:\/\/www.tadano.com\/uscan\/es\/news\/mpm-adquiere-la-primera-tadano-evolt-egr-1000xll-1-en-la-region-panamericana\/\">\n                  <strong class=\"title\">MPM ADQUIERE LA PRIMERA TADANO EVOLT eGR-1000XLL-1 EN LA REGI\u00d3N PANAMERICANA<\/strong>\n                  <ul class=\"meta\">\n                    <li>Publicaci\u00f3n<\/li>\n                    <li><time datetime=\"2020-01-01\">Abr\/22\/2025<\/time><\/li>\n                  <\/ul>\n                <\/a>\n              <\/div>\n            <\/div>\n                      <div>\n              <div class=\"news-single\">\n                <a href=\"https:\/\/www.tadano.com\/uscan\/es\/news\/tadano-at-bauma-2025\/\">\n                  <strong class=\"title\">Tadano en bauma 2025<\/strong>\n                  <ul class=\"meta\">\n                    <li>Publicaci\u00f3n<\/li>\n                    <li><time datetime=\"2020-01-01\">Abr\/07\/2025<\/time><\/li>\n                  <\/ul>\n                <\/a>\n              <\/div>\n            <\/div>\n                      <div>\n              <div class=\"news-single\">\n                <a href=\"https:\/\/www.tadano.com\/uscan\/es\/news\/the-new-cc-78-1250-1\/\">\n                  <strong class=\"title\">La nueva CC 78.1250-1<\/strong>\n                  <ul class=\"meta\">\n                    <li>Publicaci\u00f3n<\/li>\n                    <li><time datetime=\"2020-01-01\">Abr\/03\/2025<\/time><\/li>\n                  <\/ul>\n                <\/a>\n              <\/div>\n            <\/div>\n                      <div>\n              <div class=\"news-single\">\n                <a href=\"https:\/\/www.tadano.com\/uscan\/es\/news\/tadano-celebra-el-dia-internacional-de-la-mujer\/\">\n                  <strong class=\"title\">TADANO CELEBRA EL D\u00cdA INTERNACIONAL DE LA MUJER<\/strong>\n                  <ul class=\"meta\">\n                    <li>Publicaci\u00f3n<\/li>\n                    <li><time datetime=\"2020-01-01\">Mar\/10\/2025<\/time><\/li>\n                  <\/ul>\n                <\/a>\n              <\/div>\n            <\/div>\n                      <div>\n              <div class=\"news-single\">\n                <a href=\"https:\/\/www.tadano.com\/uscan\/es\/news\/mas-largo-mas-alto-mas-lejos-la-nueva-grua-todo-terreno-tadano-ac-5-250l-2-cuenta-con-la-pluma-principal-de-79-metros\/\">\n                  <strong class=\"title\">M\u00c1S LARGO, M\u00c1S ALTO, M\u00c1S LEJOS: LA NUEVA GR\u00daA TODO TERRENO TADANO AC 5.250L-2 CUENTA CON LA PLUMA PRINCIPAL DE 79 METROS<\/strong>\n                  <ul class=\"meta\">\n                    <li>Publicaci\u00f3n<\/li>\n                    <li><time datetime=\"2020-01-01\">Feb\/19\/2025<\/time><\/li>\n                  <\/ul>\n                <\/a>\n              <\/div>\n            <\/div>\n                      <div>\n              <div class=\"news-single\">\n                <a href=\"https:\/\/www.tadano.com\/uscan\/es\/news\/grua-tadano-ac-7-450-1-cumple-doble-funcion-en-wisconsin\/\">\n                  <strong class=\"title\">GR\u00daA TADANO AC 7.450-1 cumple doble funci\u00f3n en Wisconsin<\/strong>\n                  <ul class=\"meta\">\n                    <li>Publicaci\u00f3n<\/li>\n                    <li><time datetime=\"2020-01-01\">Nov\/12\/2024<\/time><\/li>\n                  <\/ul>\n                <\/a>\n              <\/div>\n            <\/div>\n                      <div>\n              <div class=\"news-single\">\n                <a href=\"https:\/\/www.tadano.com\/uscan\/es\/news\/tadano-presenta-la-primera-grua-para-terrenos-irregulares-totalmente-electrica-de-ee-uu-y-canada\/\">\n                  <strong class=\"title\">TADANO PRESENTA LA PRIMERA GR\u00daA PARA TERRENOS IRREGULARES TOTALMENTE EL\u00c9CTRICA DE EE.UU. Y CANAD\u00c1<\/strong>\n                  <ul class=\"meta\">\n                    <li>Publicaci\u00f3n<\/li>\n                    <li><time datetime=\"2020-01-01\">Oct\/30\/2024<\/time><\/li>\n                  <\/ul>\n                <\/a>\n              <\/div>\n            <\/div>\n                      <div>\n              <div class=\"news-single\">\n                <a href=\"https:\/\/www.tadano.com\/uscan\/es\/news\/la-nueva-tadano-ac-5-250-2-convence-con-soluciones-innovadoras\/\">\n                  <strong class=\"title\">La nueva Tadano AC 5.250-2 convence con soluciones innovadoras<\/strong>\n                  <ul class=\"meta\">\n                    <li>Publicaci\u00f3n<\/li>\n                    <li><time datetime=\"2020-01-01\">Jul\/22\/2024<\/time><\/li>\n                  <\/ul>\n                <\/a>\n              <\/div>\n            <\/div>\n                      <div>\n              <div class=\"news-single\">\n                <a href=\"https:\/\/www.tadano.com\/uscan\/es\/news\/northbank-civil-and-marine-adquiere-una-grua-tadano-gtc-1600\/\">\n                  <strong class=\"title\">Northbank Civil and Marine adquiere una gr\u00faa Tadano GTC-1600<\/strong>\n                  <ul class=\"meta\">\n                    <li>Publicaci\u00f3n<\/li>\n                    <li><time datetime=\"2020-01-01\">Jun\/27\/2024<\/time><\/li>\n                  <\/ul>\n                <\/a>\n              <\/div>\n            <\/div>\n                        <\/div>\n    <\/div>\n  <\/section>\n  ","protected":false},"excerpt":{"rendered":"<p>Nuestra misi\u00f3n El eslogan de Tadano, \u00abReaching new heights\u00bb, representa nuestro compromiso por superar las expectativas de los clientes y promover un futuro sostenible. A trav\u00e9s de equipos de elevaci\u00f3n y acceso l\u00edderes en el mundo, ofrecemos tecnolog\u00eda innovadora y seguridad, fomentando el progreso y la prosperidad de nuestros clientes y la sociedad. Al ampliar [&hellip;]<\/p>\n","protected":false},"author":3,"featured_media":0,"parent":0,"menu_order":0,"comment_status":"closed","ping_status":"closed","template":"","meta":{"_acf_changed":false,"footnotes":""},"acf":[],"yoast_head":"<!-- This site is optimized with the Yoast SEO plugin v22.3 - https:\/\/yoast.com\/wordpress\/plugins\/seo\/ -->\n<title>Acerca de - US\/Canada<\/title>\n<meta name=\"robots\" content=\"index, follow, max-snippet:-1, max-image-preview:large, max-video-preview:-1\" \/>\n<link rel=\"canonical\" href=\"https:\/\/www.tadano.com\/uscan\/es\/acerca-de\/\" \/>\n<meta property=\"og:locale\" content=\"es_ES\" \/>\n<meta property=\"og:type\" content=\"article\" \/>\n<meta property=\"og:title\" content=\"Acerca de - US\/Canada\" \/>\n<meta property=\"og:description\" content=\"Nuestra misi\u00f3n El eslogan de Tadano, \u00abReaching new heights\u00bb, representa nuestro compromiso por superar las expectativas de los clientes y promover un futuro sostenible. A trav\u00e9s de equipos de elevaci\u00f3n y acceso l\u00edderes en el mundo, ofrecemos tecnolog\u00eda innovadora y seguridad, fomentando el progreso y la prosperidad de nuestros clientes y la sociedad. Al ampliar [&hellip;]\" \/>\n<meta property=\"og:url\" content=\"https:\/\/www.tadano.com\/uscan\/es\/acerca-de\/\" \/>\n<meta property=\"og:site_name\" content=\"US\/Canada\" \/>\n<meta property=\"article:modified_time\" content=\"2026-02-24T15:06:31+00:00\" \/>\n<meta property=\"og:image\" content=\"https:\/\/mediahub.tadano.com\/m\/7ef36e95b449b643\/original\/img_tadano_history_jp-1.jpg\" \/>\n<meta name=\"twitter:card\" content=\"summary_large_image\" \/>\n<meta name=\"twitter:label1\" content=\"Tiempo de lectura\" \/>\n\t<meta name=\"twitter:data1\" content=\"3 minutos\" \/>\n<script type=\"application\/ld+json\" class=\"yoast-schema-graph\">{\"@context\":\"https:\/\/schema.org\",\"@graph\":[{\"@type\":\"WebPage\",\"@id\":\"https:\/\/www.tadano.com\/uscan\/es\/acerca-de\/\",\"url\":\"https:\/\/www.tadano.com\/uscan\/es\/acerca-de\/\",\"name\":\"Acerca de - US\/Canada\",\"isPartOf\":{\"@id\":\"https:\/\/www.tadano.com\/uscan\/en\/#website\"},\"primaryImageOfPage\":{\"@id\":\"https:\/\/www.tadano.com\/uscan\/es\/acerca-de\/#primaryimage\"},\"image\":{\"@id\":\"https:\/\/www.tadano.com\/uscan\/es\/acerca-de\/#primaryimage\"},\"thumbnailUrl\":\"https:\/\/mediahub.tadano.com\/m\/7ef36e95b449b643\/original\/img_tadano_history_jp-1.jpg\",\"datePublished\":\"2021-07-28T07:25:07+00:00\",\"dateModified\":\"2026-02-24T15:06:31+00:00\",\"inLanguage\":\"es\",\"potentialAction\":[{\"@type\":\"ReadAction\",\"target\":[\"https:\/\/www.tadano.com\/uscan\/es\/acerca-de\/\"]}]},{\"@type\":\"ImageObject\",\"inLanguage\":\"es\",\"@id\":\"https:\/\/www.tadano.com\/uscan\/es\/acerca-de\/#primaryimage\",\"url\":\"https:\/\/mediahub.tadano.com\/m\/7ef36e95b449b643\/original\/img_tadano_history_jp-1.jpg\",\"contentUrl\":\"https:\/\/mediahub.tadano.com\/m\/7ef36e95b449b643\/original\/img_tadano_history_jp-1.jpg\"},{\"@type\":\"WebSite\",\"@id\":\"https:\/\/www.tadano.com\/uscan\/en\/#website\",\"url\":\"https:\/\/www.tadano.com\/uscan\/en\/\",\"name\":\"US\/Canada\",\"description\":\"Just another TADANO EUROPE site\",\"potentialAction\":[{\"@type\":\"SearchAction\",\"target\":{\"@type\":\"EntryPoint\",\"urlTemplate\":\"https:\/\/www.tadano.com\/uscan\/en\/?s={search_term_string}\"},\"query-input\":\"required name=search_term_string\"}],\"inLanguage\":\"es\"}]}<\/script>\n<!-- \/ Yoast SEO plugin. -->","yoast_head_json":{"title":"Acerca de - US\/Canada","robots":{"index":"index","follow":"follow","max-snippet":"max-snippet:-1","max-image-preview":"max-image-preview:large","max-video-preview":"max-video-preview:-1"},"canonical":"https:\/\/www.tadano.com\/uscan\/es\/acerca-de\/","og_locale":"es_ES","og_type":"article","og_title":"Acerca de - US\/Canada","og_description":"Nuestra misi\u00f3n El eslogan de Tadano, \u00abReaching new heights\u00bb, representa nuestro compromiso por superar las expectativas de los clientes y promover un futuro sostenible. A trav\u00e9s de equipos de elevaci\u00f3n y acceso l\u00edderes en el mundo, ofrecemos tecnolog\u00eda innovadora y seguridad, fomentando el progreso y la prosperidad de nuestros clientes y la sociedad. Al ampliar [&hellip;]","og_url":"https:\/\/www.tadano.com\/uscan\/es\/acerca-de\/","og_site_name":"US\/Canada","article_modified_time":"2026-02-24T15:06:31+00:00","og_image":[{"url":"https:\/\/mediahub.tadano.com\/m\/7ef36e95b449b643\/original\/img_tadano_history_jp-1.jpg"}],"twitter_card":"summary_large_image","twitter_misc":{"Tiempo de lectura":"3 minutos"},"schema":{"@context":"https:\/\/schema.org","@graph":[{"@type":"WebPage","@id":"https:\/\/www.tadano.com\/uscan\/es\/acerca-de\/","url":"https:\/\/www.tadano.com\/uscan\/es\/acerca-de\/","name":"Acerca de - US\/Canada","isPartOf":{"@id":"https:\/\/www.tadano.com\/uscan\/en\/#website"},"primaryImageOfPage":{"@id":"https:\/\/www.tadano.com\/uscan\/es\/acerca-de\/#primaryimage"},"image":{"@id":"https:\/\/www.tadano.com\/uscan\/es\/acerca-de\/#primaryimage"},"thumbnailUrl":"https:\/\/mediahub.tadano.com\/m\/7ef36e95b449b643\/original\/img_tadano_history_jp-1.jpg","datePublished":"2021-07-28T07:25:07+00:00","dateModified":"2026-02-24T15:06:31+00:00","inLanguage":"es","potentialAction":[{"@type":"ReadAction","target":["https:\/\/www.tadano.com\/uscan\/es\/acerca-de\/"]}]},{"@type":"ImageObject","inLanguage":"es","@id":"https:\/\/www.tadano.com\/uscan\/es\/acerca-de\/#primaryimage","url":"https:\/\/mediahub.tadano.com\/m\/7ef36e95b449b643\/original\/img_tadano_history_jp-1.jpg","contentUrl":"https:\/\/mediahub.tadano.com\/m\/7ef36e95b449b643\/original\/img_tadano_history_jp-1.jpg"},{"@type":"WebSite","@id":"https:\/\/www.tadano.com\/uscan\/en\/#website","url":"https:\/\/www.tadano.com\/uscan\/en\/","name":"US\/Canada","description":"Just another TADANO EUROPE site","potentialAction":[{"@type":"SearchAction","target":{"@type":"EntryPoint","urlTemplate":"https:\/\/www.tadano.com\/uscan\/en\/?s={search_term_string}"},"query-input":"required name=search_term_string"}],"inLanguage":"es"}]}},"_links":{"self":[{"href":"https:\/\/www.tadano.com\/uscan\/es\/wp-json\/wp\/v2\/pages\/22509"}],"collection":[{"href":"https:\/\/www.tadano.com\/uscan\/es\/wp-json\/wp\/v2\/pages"}],"about":[{"href":"https:\/\/www.tadano.com\/uscan\/es\/wp-json\/wp\/v2\/types\/page"}],"author":[{"embeddable":true,"href":"https:\/\/www.tadano.com\/uscan\/es\/wp-json\/wp\/v2\/users\/3"}],"replies":[{"embeddable":true,"href":"https:\/\/www.tadano.com\/uscan\/es\/wp-json\/wp\/v2\/comments?post=22509"}],"version-history":[{"count":3,"href":"https:\/\/www.tadano.com\/uscan\/es\/wp-json\/wp\/v2\/pages\/22509\/revisions"}],"predecessor-version":[{"id":27295,"href":"https:\/\/www.tadano.com\/uscan\/es\/wp-json\/wp\/v2\/pages\/22509\/revisions\/27295"}],"wp:attachment":[{"href":"https:\/\/www.tadano.com\/uscan\/es\/wp-json\/wp\/v2\/media?parent=22509"}],"curies":[{"name":"wp","href":"https:\/\/api.w.org\/{rel}","templated":true}]}}