{"id":22513,"date":"2021-02-03T07:59:32","date_gmt":"2021-02-03T07:59:32","guid":{"rendered":"https:\/\/www.tadano.com\/uscan\/equipos-de-elevacion\/"},"modified":"2023-11-16T14:29:02","modified_gmt":"2023-11-16T14:29:02","slug":"equipos-de-elevacion","status":"publish","type":"page","link":"https:\/\/www.tadano.com\/uscan\/es\/equipos-de-elevacion\/","title":{"rendered":"Equipos de elevaci\u00f3n"},"content":{"rendered":"\n\n\n<section class=\"hero-section\">\n\n\t\n\t\t\t<style type=\"text\/css\">\n\t\t\t.hero-section .img-holder:before {\n\t\t\t\tdisplay: none;\n\t\t\t}\n\t\t<\/style>\n\t\n\t\n\t<div class=\"img-holder \">\n\t\t\t\t<div class=\"bg-stretch\" style=\"background-position: 50% 50%; \">\n\t\t\t<span data-srcset=\"https:\/\/assets.onetadano.com\/celum_assets\/hero\/TADANO_line-up_june_2021.jpg, https:\/\/assets.onetadano.com\/celum_assets\/hero-2x\/TADANO_line-up_june_2021.jpg 2x\"><\/span>\n\t\t<\/div>\n\t\t\t\t\t\t<div class=\"logo green-solutions\" style=\"display:none;\">\n\t\t\t<a href=\"#\"><img decoding=\"async\" src=\"https:\/\/www.tadano.com\/uscan\/wp-content\/themes\/tadano\/assets\/dist\/images\/Green-Solutions_Logo_White.svg\"><\/a>\n\t\t<\/div>\n\t<\/div>\n\t<div class=\"container\">\n\t\t<div class=\"text-holder \">\n\t\t\t<div class=\"wrap\">\n\t\t\t\t\n\t\t\t\t<ul class=\"breadcrumbs\"><li><a href=\"https:\/\/www.tadano.com\/uscan\/es\/\">Inicio<\/a><\/li><\/ul>\n\t\t\t\t\n\n<h1 class=\"wp-block-heading\">Equipos de elevaci\u00f3n<\/h1>\n\n\n\n<p>El Grupo Tadano ofrece una amplia gama de equipos de elevaci\u00f3n de calidad que se adaptan a pr\u00e1cticamente cualquier terreno, escenario de aplicaci\u00f3n y carga.<\/p>\n\n\n\n<div class=\"wp-block-buttons is-layout-flex wp-block-buttons-is-layout-flex\">\n<div class=\"wp-block-button\"><a class=\"wp-block-button__link\" href=\"https:\/\/www.tadano.com\/uscan\/es\/product-overview\/\"><strong>VER TODOS LOS PRODUCTOS<\/strong><\/a><\/div>\n<\/div>\n\n\n\n\t\t\t\t\n\t\t\t<\/div>\n\n\t\t\t\n\t\t\t\n\t\t\t\n\t\t<\/div>\n\t<\/div>\n<\/section>\n\n\n<div class=\"wp-block-group is-style-background-triangle-right has-white-color has-dark-blue-background-color has-text-color has-background is-layout-flow wp-block-group-is-layout-flow\"><div class=\"wp-block-group__inner-container\">\n<div class=\"wp-block-columns is-layout-flex wp-container-core-columns-layout-1 wp-block-columns-is-layout-flex\">\n<div class=\"wp-block-column is-layout-flow wp-block-column-is-layout-flow\" style=\"flex-basis:33.33%\">\n<h2 class=\"wp-block-heading\">Examinar categor\u00edas<\/h2>\n\n\n\n<p>Sea cual sea su trabajo, tenemos las soluciones. Vea lo que los diferentes modelos de gr\u00faa de Tadano pueden ayudarle a conseguir.<\/p>\n\n\n\n<h3 class=\"wp-block-heading\">\u00bfInteresado en gr\u00faas de segunda mano?<\/h3>\n\n\n\n<p>Explore ofertas de gr\u00faas todo terreno, para terrenos irregulares y sobre orugas de segunda mano con buen mantenimiento.<\/p>\n\n\n\n<div class=\"wp-block-buttons is-layout-flex wp-block-buttons-is-layout-flex\">\n<div class=\"wp-block-button is-style-btn-light\"><a class=\"wp-block-button__link\" href=\"https:\/\/www.tadano.com\/uscan\/es\/equipos-de-elevacion\/gruas-de-segunda-mano\/\">Examinar gr\u00faas de segunda mano<\/a><\/div>\n<\/div>\n<\/div>\n\n\n\n<div class=\"wp-block-column is-layout-flow wp-block-column-is-layout-flow\" style=\"flex-basis:66.66%\"><div class=\"links-block-wrapper\">\n  <div class=\"container\">\n    <section class=\"links-block\">\n              <div class=\"links-block\">\n                                  <div class=\"link-single  \">\n                              <a href=\"https:\/\/www.tadano.com\/uscan\/es\/gruas-todo-terreno\/\">\n                               \n                                  <strong class='title'>Gr\u00faas todo terreno<\/strong>\n                                                  <p>Direcci\u00f3n integral y diversas longitudes de pluma para un rendimiento seguro y robusto en pr\u00e1cticamente cualquier lugar.\r\n<\/p>\n                              <\/a>\n            <\/div>\n                                  <div class=\"link-single  \">\n                              <a href=\"https:\/\/www.tadano.com\/uscan\/es\/gruas-city\/\">\n                               \n                                  <strong class='title'>Gr\u00faas City<\/strong>\n                                                  <p>La corta base de la pluma permite trabajar con \u00e1ngulos pronunciados y en zonas con reducida altura libre.<\/p>\n                              <\/a>\n            <\/div>\n                                  <div class=\"link-single  \">\n                              <a href=\"https:\/\/www.tadano.com\/uscan\/es\/truck-cranes\/\">\n                               \n                                  <strong class='title'>Gr\u00faas sobre cami\u00f3n<\/strong>\n                                                  <p>La tecnolog\u00eda punta de los gr\u00faas sobre cami\u00f3n mejora la pluma, el plum\u00edn, los estabilizadores, la eficiencia energ\u00e9tica y la comodidad del conductor.<\/p>\n                              <\/a>\n            <\/div>\n                                  <div class=\"link-single  \">\n                              <a href=\"https:\/\/www.tadano.com\/uscan\/es\/gruas-sobre-orugas-con-pluma-de-celosia\/\">\n                               \n                                  <strong class='title'>Gr\u00faas sobre orugas con pluma de celos\u00eda<\/strong>\n                                                  <p>F\u00e1cil de transportar a pesar de su tama\u00f1o; los accesorios las equipan para casi cualquier trabajo.\r\n<\/p>\n                              <\/a>\n            <\/div>\n                                  <div class=\"link-single  \">\n                              <a href=\"https:\/\/www.tadano.com\/uscan\/es\/gruas-sobre-orugas-con-pluma-telescopica\/\">\n                               \n                                  <strong class='title'>Gr\u00faas sobre orugas con pluma telesc\u00f3pica<\/strong>\n                                                  <p>Versatilidad m\u00e1s all\u00e1 de la potencia con capacidades pick-and-carry de 360\u00ba y accesorios que mejoran la productividad.\r\n<\/p>\n                              <\/a>\n            <\/div>\n                                  <div class=\"link-single  \">\n                              <a href=\"https:\/\/www.tadano.com\/uscan\/es\/gruas-para-terrenos-irregulares\/\">\n                               \n                                  <strong class='title'>Gr\u00faas para terrenos irregulares<\/strong>\n                                                  <p>La direcci\u00f3n integral y la tracci\u00f3n integral permiten desplazarse f\u00e1cilmente por espacios reducidos y terrenos irregulares.\r\n<\/p>\n                              <\/a>\n            <\/div>\n                  <\/div>\n                    \n    <\/section>\n  <\/div>\n<\/div><\/div>\n<\/div>\n<\/div><\/div>\n\n\n\n<div style=\"height:100px\" aria-hidden=\"true\" class=\"wp-block-spacer\"><\/div>\n\n\n\n<h2 class=\"wp-block-heading\">La ventaja Tadano<\/h2>\n\n\n\n<p>Tadano lidera el sector de la elevaci\u00f3n porque para Tadano la calidad tiene la m\u00e1xima consideraci\u00f3n. Nuestras gr\u00faas ofrecen valor, durabilidad y fiabilidad excepcionales para todas las necesidades de su proyecto. Los datos recopilados por los clientes revelan niveles de eficiencia operativa significativamente superiores con Tadano en comparaci\u00f3n con la competencia. La durabilidad se basa con un dise\u00f1o estructural y de ingenier\u00eda superior, que se plasma en el proceso de fabricaci\u00f3n y los componentes individuales de primera calidad instalados en cada gr\u00faa. Si se decide por Tadano, requerir\u00e1 menos piezas y menos servicio y, por tanto, tendr\u00e1 menos tiempo de inactividad. \u00bfEl resultado? Mayores tasas de retorno y menores costes de propiedad y operativos en comparaci\u00f3n con cualquier otra gr\u00faa del mercado.<\/p>\n\n\n\n<div class=\"wp-block-columns is-layout-flex wp-container-core-columns-layout-2 wp-block-columns-is-layout-flex\">\n<div class=\"wp-block-column is-layout-flow wp-block-column-is-layout-flow\">\n<h3 class=\"wp-block-heading\">VALOR.<\/h3>\n\n\n\n<p>La calidad superior de Tadano se traduce en un funcionamiento eficiente con menos tiempo de inactividad. \u00bfEl resultado? Mayores tasas de retorno y menores costes de propiedad y operativos en comparaci\u00f3n con cualquier otra gr\u00faa del mercado.<\/p>\n<\/div>\n\n\n\n<div class=\"wp-block-column is-layout-flow wp-block-column-is-layout-flow\">\n<h3 class=\"wp-block-heading\">Durabilidad de serie.<\/h3>\n\n\n\n<p>La ingenier\u00eda y el dise\u00f1o estructural superiores, en combinaci\u00f3n con procesos de fabricaci\u00f3n y componentes de calidad, hacen que las gr\u00faas Tadano sean dif\u00edciles de romper y f\u00e1ciles de reparar.<\/p>\n<\/div>\n\n\n\n<div class=\"wp-block-column is-layout-flow wp-block-column-is-layout-flow\">\n<h3 class=\"wp-block-heading\">Confiabilidad.<\/h3>\n\n\n\n<p>Tadano se compromete a fabricar gr\u00faas libres de defectos, deficiencias y variaciones significativas mediante conceptos, procesos, proveedores, dise\u00f1os y pruebas y servicio al cliente s\u00f3lidos y fiables.<\/p>\n<\/div>\n<\/div>\n\n\n\n\n<section class=\"featured-block01\">\n  <div class=\"img-holder\">\n        <div class=\"bg-stretch\" style=\"background-position: 50% 50%; \">\n      <span data-srcset=\"https:\/\/www.tadano.com\/uscan\/wp-content\/uploads\/sites\/12\/2023\/09\/tad19ib_3696-1200x1207.jpg, https:\/\/www.tadano.com\/uscan\/wp-content\/uploads\/sites\/12\/2023\/09\/tad19ib_3696.jpg 2x\"><\/span>\n    <\/div>\n      <\/div>\n  <div class=\"container\">\n    <div class=\"text-holder\">\n      \n\n<h2 class=\"wp-block-heading\">Tecnolog\u00eda<\/h2>\n\n\n\n<p>En Tadano, vemos cada producto como un medio para hacer que la experiencia de elevaci\u00f3n sea mejor, m\u00e1s eficiente y m\u00e1s rentable. Descubra c\u00f3mo Tadano lo consigue a trav\u00e9s de innovaciones tecnol\u00f3gicas l\u00edderes junto con un soporte y servicios inteligentes.<\/p>\n\n\n\n<div class=\"wp-block-buttons is-layout-flex wp-block-buttons-is-layout-flex\">\n<div class=\"wp-block-button is-style-default\"><a class=\"wp-block-button__link\" href=\"https:\/\/www.tadano.com\/en\/technology\/\">EXPLORAR LA TECNOLOG\u00cdA<\/a><\/div>\n<\/div>\n\n\n    <\/div>\n  <\/div>\n<\/section>\n\n\n\n<section class=\"featured-block02\">\n  <div class=\"img-holder\">\n        <div class=\"bg-stretch\" style=\"background-position: 0 100%; \">\n      <span data-srcset=\"https:\/\/www.tadano.com\/uscan\/wp-content\/uploads\/sites\/12\/2023\/09\/TAD19I2-scaled-1200x800.jpg, https:\/\/www.tadano.com\/uscan\/wp-content\/uploads\/sites\/12\/2023\/09\/TAD19I2-scaled-2400x1600.jpg 2x\"><\/span>\n    <\/div>\n      <\/div>\n  <div class=\"container\">\n    <div class=\"text-holder\">\n      \n\n<h2 class=\"wp-block-heading\">Fant\u00e1sticas ofertas de diferentes marcas, modelos y tama\u00f1os de gr\u00faa para satisfacer las necesidades de su proyecto.<\/h2>\n\n\n\n<p>Explore ofertas de gr\u00faas todo terreno, para terrenos irregulares y sobre orugas de segunda mano con buen mantenimiento.<\/p>\n\n\n\n<div class=\"wp-block-buttons is-layout-flex wp-block-buttons-is-layout-flex\">\n<div class=\"wp-block-button\"><a class=\"wp-block-button__link\" href=\"https:\/\/www.tadano.com\/en\/lifting-equipment\/used-cranes\/\">Examinar gr\u00faas de segunda mano<\/a><\/div>\n<\/div>\n\n\n    <\/div>\n  <\/div>\n<\/section>","protected":false},"excerpt":{"rendered":"<p>Examinar categor\u00edas Sea cual sea su trabajo, tenemos las soluciones. Vea lo que los diferentes modelos de gr\u00faa de Tadano pueden ayudarle a conseguir. \u00bfInteresado en gr\u00faas de segunda mano? Explore ofertas de gr\u00faas todo terreno, para terrenos irregulares y sobre orugas de segunda mano con buen mantenimiento. La ventaja Tadano Tadano lidera el sector [&hellip;]<\/p>\n","protected":false},"author":1,"featured_media":0,"parent":0,"menu_order":0,"comment_status":"closed","ping_status":"closed","template":"","meta":{"_acf_changed":false,"footnotes":""},"acf":[],"yoast_head":"<!-- This site is optimized with the Yoast SEO plugin v22.3 - https:\/\/yoast.com\/wordpress\/plugins\/seo\/ -->\n<title>Equipos de elevaci\u00f3n - US\/Canada<\/title>\n<meta name=\"robots\" content=\"index, follow, max-snippet:-1, max-image-preview:large, max-video-preview:-1\" \/>\n<link rel=\"canonical\" href=\"https:\/\/www.tadano.com\/uscan\/es\/equipos-de-elevacion\/\" \/>\n<meta property=\"og:locale\" content=\"es_ES\" \/>\n<meta property=\"og:type\" content=\"article\" \/>\n<meta property=\"og:title\" content=\"Equipos de elevaci\u00f3n - US\/Canada\" \/>\n<meta property=\"og:description\" content=\"Examinar categor\u00edas Sea cual sea su trabajo, tenemos las soluciones. Vea lo que los diferentes modelos de gr\u00faa de Tadano pueden ayudarle a conseguir. \u00bfInteresado en gr\u00faas de segunda mano? Explore ofertas de gr\u00faas todo terreno, para terrenos irregulares y sobre orugas de segunda mano con buen mantenimiento. La ventaja Tadano Tadano lidera el sector [&hellip;]\" \/>\n<meta property=\"og:url\" content=\"https:\/\/www.tadano.com\/uscan\/es\/equipos-de-elevacion\/\" \/>\n<meta property=\"og:site_name\" content=\"US\/Canada\" \/>\n<meta property=\"article:modified_time\" content=\"2023-11-16T14:29:02+00:00\" \/>\n<meta name=\"twitter:card\" content=\"summary_large_image\" \/>\n<meta name=\"twitter:label1\" content=\"Tiempo de lectura\" \/>\n\t<meta name=\"twitter:data1\" content=\"2 minutos\" \/>\n<script type=\"application\/ld+json\" class=\"yoast-schema-graph\">{\"@context\":\"https:\/\/schema.org\",\"@graph\":[{\"@type\":\"WebPage\",\"@id\":\"https:\/\/www.tadano.com\/uscan\/es\/equipos-de-elevacion\/\",\"url\":\"https:\/\/www.tadano.com\/uscan\/es\/equipos-de-elevacion\/\",\"name\":\"Equipos de elevaci\u00f3n - US\/Canada\",\"isPartOf\":{\"@id\":\"https:\/\/www.tadano.com\/uscan\/en\/#website\"},\"datePublished\":\"2021-02-03T07:59:32+00:00\",\"dateModified\":\"2023-11-16T14:29:02+00:00\",\"inLanguage\":\"es\",\"potentialAction\":[{\"@type\":\"ReadAction\",\"target\":[\"https:\/\/www.tadano.com\/uscan\/es\/equipos-de-elevacion\/\"]}]},{\"@type\":\"WebSite\",\"@id\":\"https:\/\/www.tadano.com\/uscan\/en\/#website\",\"url\":\"https:\/\/www.tadano.com\/uscan\/en\/\",\"name\":\"US\/Canada\",\"description\":\"Just another TADANO EUROPE site\",\"potentialAction\":[{\"@type\":\"SearchAction\",\"target\":{\"@type\":\"EntryPoint\",\"urlTemplate\":\"https:\/\/www.tadano.com\/uscan\/en\/?s={search_term_string}\"},\"query-input\":\"required name=search_term_string\"}],\"inLanguage\":\"es\"}]}<\/script>\n<!-- \/ Yoast SEO plugin. -->","yoast_head_json":{"title":"Equipos de elevaci\u00f3n - US\/Canada","robots":{"index":"index","follow":"follow","max-snippet":"max-snippet:-1","max-image-preview":"max-image-preview:large","max-video-preview":"max-video-preview:-1"},"canonical":"https:\/\/www.tadano.com\/uscan\/es\/equipos-de-elevacion\/","og_locale":"es_ES","og_type":"article","og_title":"Equipos de elevaci\u00f3n - US\/Canada","og_description":"Examinar categor\u00edas Sea cual sea su trabajo, tenemos las soluciones. Vea lo que los diferentes modelos de gr\u00faa de Tadano pueden ayudarle a conseguir. \u00bfInteresado en gr\u00faas de segunda mano? Explore ofertas de gr\u00faas todo terreno, para terrenos irregulares y sobre orugas de segunda mano con buen mantenimiento. La ventaja Tadano Tadano lidera el sector [&hellip;]","og_url":"https:\/\/www.tadano.com\/uscan\/es\/equipos-de-elevacion\/","og_site_name":"US\/Canada","article_modified_time":"2023-11-16T14:29:02+00:00","twitter_card":"summary_large_image","twitter_misc":{"Tiempo de lectura":"2 minutos"},"schema":{"@context":"https:\/\/schema.org","@graph":[{"@type":"WebPage","@id":"https:\/\/www.tadano.com\/uscan\/es\/equipos-de-elevacion\/","url":"https:\/\/www.tadano.com\/uscan\/es\/equipos-de-elevacion\/","name":"Equipos de elevaci\u00f3n - US\/Canada","isPartOf":{"@id":"https:\/\/www.tadano.com\/uscan\/en\/#website"},"datePublished":"2021-02-03T07:59:32+00:00","dateModified":"2023-11-16T14:29:02+00:00","inLanguage":"es","potentialAction":[{"@type":"ReadAction","target":["https:\/\/www.tadano.com\/uscan\/es\/equipos-de-elevacion\/"]}]},{"@type":"WebSite","@id":"https:\/\/www.tadano.com\/uscan\/en\/#website","url":"https:\/\/www.tadano.com\/uscan\/en\/","name":"US\/Canada","description":"Just another TADANO EUROPE site","potentialAction":[{"@type":"SearchAction","target":{"@type":"EntryPoint","urlTemplate":"https:\/\/www.tadano.com\/uscan\/en\/?s={search_term_string}"},"query-input":"required name=search_term_string"}],"inLanguage":"es"}]}},"_links":{"self":[{"href":"https:\/\/www.tadano.com\/uscan\/es\/wp-json\/wp\/v2\/pages\/22513"}],"collection":[{"href":"https:\/\/www.tadano.com\/uscan\/es\/wp-json\/wp\/v2\/pages"}],"about":[{"href":"https:\/\/www.tadano.com\/uscan\/es\/wp-json\/wp\/v2\/types\/page"}],"author":[{"embeddable":true,"href":"https:\/\/www.tadano.com\/uscan\/es\/wp-json\/wp\/v2\/users\/1"}],"replies":[{"embeddable":true,"href":"https:\/\/www.tadano.com\/uscan\/es\/wp-json\/wp\/v2\/comments?post=22513"}],"version-history":[{"count":5,"href":"https:\/\/www.tadano.com\/uscan\/es\/wp-json\/wp\/v2\/pages\/22513\/revisions"}],"predecessor-version":[{"id":25568,"href":"https:\/\/www.tadano.com\/uscan\/es\/wp-json\/wp\/v2\/pages\/22513\/revisions\/25568"}],"wp:attachment":[{"href":"https:\/\/www.tadano.com\/uscan\/es\/wp-json\/wp\/v2\/media?parent=22513"}],"curies":[{"name":"wp","href":"https:\/\/api.w.org\/{rel}","templated":true}]}}