{"id":22544,"date":"2021-03-19T11:48:58","date_gmt":"2021-03-19T11:48:58","guid":{"rendered":"https:\/\/www.tadano.com\/uscan\/ventas-y-servicios\/soporte-al-cliente\/"},"modified":"2023-09-18T12:54:28","modified_gmt":"2023-09-18T12:54:28","slug":"servicios","status":"publish","type":"page","link":"https:\/\/www.tadano.com\/uscan\/es\/ventas-y-servicios\/servicios\/","title":{"rendered":"Servicios"},"content":{"rendered":"\n\n\n<section class=\"hero-section\">\n\n\t\n\t\n\t\n\t<div class=\"img-holder \">\n\t\t\t\t<div class=\"bg-stretch\" style=\"background-position: 50% 0; \">\n\t\t\t<span data-srcset=\"https:\/\/assets.onetadano.com\/celum_assets\/hero\/i-NQVDBHZ-X3.jpg, https:\/\/assets.onetadano.com\/celum_assets\/hero-2x\/i-NQVDBHZ-X3.jpg 2x\"><\/span>\n\t\t<\/div>\n\t\t\t\t\t\t<div class=\"logo green-solutions\" style=\"display:none;\">\n\t\t\t<a href=\"#\"><img decoding=\"async\" src=\"https:\/\/www.tadano.com\/uscan\/wp-content\/themes\/tadano\/assets\/dist\/images\/Green-Solutions_Logo_White.svg\"><\/a>\n\t\t<\/div>\n\t<\/div>\n\t<div class=\"container\">\n\t\t<div class=\"text-holder \">\n\t\t\t<div class=\"wrap\">\n\t\t\t\t\n\t\t\t\t<ul class=\"breadcrumbs\"><li><a href=\"https:\/\/www.tadano.com\/uscan\/es\/\">Inicio<\/a><\/li><\/ul>\n\t\t\t\t\n\n<h1 class=\"wp-block-heading\" id=\"h-servicio\">Servicio<\/h1>\n\n\n\n<p>Los equipos de servicio t\u00e9cnico de Tadano est\u00e1n capacitados para mantener todos los productos en funcionamiento de forma segura, y cuentan con t\u00e9cnicos de servicio formados en f\u00e1brica y t\u00e9cnicos del canal de distribuci\u00f3n. <\/p>\n\n\n\n<p>L\u00ednea de soporte 24 \/ 7: <a href=\"tel:1-281-869-5925\">+1 281-869-5925<\/a>; correo electr\u00f3nico <a href=\"mailto:customersupport@tadano.com\">customersupport@tadano.com<\/a><\/p>\n\n\n\n<div class=\"wp-block-buttons is-layout-flex wp-block-buttons-is-layout-flex\">\n<div class=\"wp-block-button\"><a class=\"wp-block-button__link\" href=\"mailto:customersupport@tadano.com\"><meta charset=\"utf-8\">Env\u00edenos un correo electr\u00f3nico<\/a><\/div>\n<\/div>\n\n\n\n\t\t\t\t\n\t\t\t<\/div>\n\n\t\t\t\n\t\t\t\n\t\t\t\n\t\t<\/div>\n\t<\/div>\n<\/section>\n\n\n<div class=\"wp-block-group is-style-default is-layout-flow wp-block-group-is-layout-flow\"><div class=\"wp-block-group__inner-container\">\n<div class=\"wp-block-columns is-layout-flex wp-container-core-columns-layout-1 wp-block-columns-is-layout-flex\">\n<div class=\"wp-block-column is-style-white-background is-layout-flow wp-block-column-is-layout-flow\">\n<h4 class=\"wp-block-heading\" id=\"h-ventas\">Ventas<\/h4>\n\n\n\n<p>Los dedicados representantes de ventas de Tadano le asesoran estrechamente, desde la adquisici\u00f3n y la financiaci\u00f3n, para asegurar que obtendr\u00e1 el m\u00e1ximo rendimiento de sus gr\u00faas con un servicio atento y completo tras la venta.<\/p>\n\n\n\n<div class=\"wp-block-buttons is-layout-flex wp-block-buttons-is-layout-flex\">\n<div class=\"wp-block-button\"><a class=\"wp-block-button__link\" href=\"https:\/\/www.tadano.com\/uscan\/es\/ventas-y-servicios\/ventas\/\">M\u00e1s informaci\u00f3n<\/a><\/div>\n<\/div>\n<\/div>\n\n\n\n<div class=\"wp-block-column is-style-white-background is-layout-flow wp-block-column-is-layout-flow\">\n<h4 class=\"wp-block-heading\" id=\"h-cont-ctenos\">Cont\u00e1ctenos<\/h4>\n\n\n\n<p>Para nosotros en Tadano, la opini\u00f3n de nuestros clientes es fundamental. Agradecemos sus comentarios, preguntas y sugerencias por tel\u00e9fono o correo electr\u00f3nico en cualquier momento.<\/p>\n\n\n\n<div class=\"wp-block-buttons is-layout-flex wp-block-buttons-is-layout-flex\">\n<div class=\"wp-block-button\"><a class=\"wp-block-button__link\" href=\"https:\/\/www.tadano.com\/uscan\/es\/acerca-de\/contacteno\/\">Cont\u00e1ctenos<\/a><\/div>\n<\/div>\n<\/div>\n<\/div>\n<\/div><\/div>\n\n\n\n<div class=\"wp-block-group is-style-background-cyan is-layout-flow wp-block-group-is-layout-flow\"><div class=\"wp-block-group__inner-container\">\n<div class=\"wp-block-columns is-layout-flex wp-container-core-columns-layout-3 wp-block-columns-is-layout-flex\">\n<div class=\"wp-block-column is-vertically-aligned-center is-layout-flow wp-block-column-is-layout-flow\" style=\"flex-basis:33.33%\">\n<h2 class=\"wp-block-heading\" id=\"h-cont-ctenos-1\"><meta charset=\"utf-8\">Cont\u00e1ctenos<\/h2>\n\n\n\n<p><\/p>\n<\/div>\n\n\n\n<div class=\"wp-block-column is-vertically-aligned-center is-layout-flow wp-block-column-is-layout-flow\" style=\"flex-basis:66.66%\">\n<div class=\"wp-block-columns is-layout-flex wp-container-core-columns-layout-2 wp-block-columns-is-layout-flex\">\n<div class=\"wp-block-column is-layout-flow wp-block-column-is-layout-flow\">\n<p>Houston Service Department<br>+1 (281) 869-5925<br><a href=\"mailto:customersupport@tadano.com\">customersupport@tadano.com<\/a><\/p>\n<\/div>\n\n\n\n<div class=\"wp-block-column is-layout-flow wp-block-column-is-layout-flow\">\n<p>Canadian Service Department<br>+1 (780) 986-2079<br><a href=\"mailto:tac.canada@tadano.com\">tac.canada@tadano.com<\/a><\/p>\n<\/div>\n<\/div>\n<\/div>\n<\/div>\n<\/div><\/div>\n","protected":false},"excerpt":{"rendered":"<p>Ventas Los dedicados representantes de ventas de Tadano le asesoran estrechamente, desde la adquisici\u00f3n y la financiaci\u00f3n, para asegurar que obtendr\u00e1 el m\u00e1ximo rendimiento de sus gr\u00faas con un servicio atento y completo tras la venta. Cont\u00e1ctenos Para nosotros en Tadano, la opini\u00f3n de nuestros clientes es fundamental. Agradecemos sus comentarios, preguntas y sugerencias por [&hellip;]<\/p>\n","protected":false},"author":1,"featured_media":0,"parent":22521,"menu_order":0,"comment_status":"closed","ping_status":"closed","template":"","meta":{"_acf_changed":false,"footnotes":""},"acf":[],"yoast_head":"<!-- This site is optimized with the Yoast SEO plugin v22.3 - https:\/\/yoast.com\/wordpress\/plugins\/seo\/ -->\n<title>Servicios - US\/Canada<\/title>\n<meta name=\"robots\" content=\"index, follow, max-snippet:-1, max-image-preview:large, max-video-preview:-1\" \/>\n<link rel=\"canonical\" href=\"https:\/\/www.tadano.com\/uscan\/es\/ventas-y-servicios\/servicios\/\" \/>\n<meta property=\"og:locale\" content=\"es_ES\" \/>\n<meta property=\"og:type\" content=\"article\" \/>\n<meta property=\"og:title\" content=\"Servicios - US\/Canada\" \/>\n<meta property=\"og:description\" content=\"Ventas Los dedicados representantes de ventas de Tadano le asesoran estrechamente, desde la adquisici\u00f3n y la financiaci\u00f3n, para asegurar que obtendr\u00e1 el m\u00e1ximo rendimiento de sus gr\u00faas con un servicio atento y completo tras la venta. Cont\u00e1ctenos Para nosotros en Tadano, la opini\u00f3n de nuestros clientes es fundamental. Agradecemos sus comentarios, preguntas y sugerencias por [&hellip;]\" \/>\n<meta property=\"og:url\" content=\"https:\/\/www.tadano.com\/uscan\/es\/ventas-y-servicios\/servicios\/\" \/>\n<meta property=\"og:site_name\" content=\"US\/Canada\" \/>\n<meta property=\"article:modified_time\" content=\"2023-09-18T12:54:28+00:00\" \/>\n<meta name=\"twitter:card\" content=\"summary_large_image\" \/>\n<meta name=\"twitter:label1\" content=\"Tiempo de lectura\" \/>\n\t<meta name=\"twitter:data1\" content=\"1 minuto\" \/>\n<script type=\"application\/ld+json\" class=\"yoast-schema-graph\">{\"@context\":\"https:\/\/schema.org\",\"@graph\":[{\"@type\":\"WebPage\",\"@id\":\"https:\/\/www.tadano.com\/uscan\/es\/ventas-y-servicios\/servicios\/\",\"url\":\"https:\/\/www.tadano.com\/uscan\/es\/ventas-y-servicios\/servicios\/\",\"name\":\"Servicios - US\/Canada\",\"isPartOf\":{\"@id\":\"https:\/\/www.tadano.com\/uscan\/en\/#website\"},\"datePublished\":\"2021-03-19T11:48:58+00:00\",\"dateModified\":\"2023-09-18T12:54:28+00:00\",\"inLanguage\":\"es\",\"potentialAction\":[{\"@type\":\"ReadAction\",\"target\":[\"https:\/\/www.tadano.com\/uscan\/es\/ventas-y-servicios\/servicios\/\"]}]},{\"@type\":\"WebSite\",\"@id\":\"https:\/\/www.tadano.com\/uscan\/en\/#website\",\"url\":\"https:\/\/www.tadano.com\/uscan\/en\/\",\"name\":\"US\/Canada\",\"description\":\"Just another TADANO EUROPE site\",\"potentialAction\":[{\"@type\":\"SearchAction\",\"target\":{\"@type\":\"EntryPoint\",\"urlTemplate\":\"https:\/\/www.tadano.com\/uscan\/en\/?s={search_term_string}\"},\"query-input\":\"required name=search_term_string\"}],\"inLanguage\":\"es\"}]}<\/script>\n<!-- \/ Yoast SEO plugin. -->","yoast_head_json":{"title":"Servicios - US\/Canada","robots":{"index":"index","follow":"follow","max-snippet":"max-snippet:-1","max-image-preview":"max-image-preview:large","max-video-preview":"max-video-preview:-1"},"canonical":"https:\/\/www.tadano.com\/uscan\/es\/ventas-y-servicios\/servicios\/","og_locale":"es_ES","og_type":"article","og_title":"Servicios - US\/Canada","og_description":"Ventas Los dedicados representantes de ventas de Tadano le asesoran estrechamente, desde la adquisici\u00f3n y la financiaci\u00f3n, para asegurar que obtendr\u00e1 el m\u00e1ximo rendimiento de sus gr\u00faas con un servicio atento y completo tras la venta. Cont\u00e1ctenos Para nosotros en Tadano, la opini\u00f3n de nuestros clientes es fundamental. Agradecemos sus comentarios, preguntas y sugerencias por [&hellip;]","og_url":"https:\/\/www.tadano.com\/uscan\/es\/ventas-y-servicios\/servicios\/","og_site_name":"US\/Canada","article_modified_time":"2023-09-18T12:54:28+00:00","twitter_card":"summary_large_image","twitter_misc":{"Tiempo de lectura":"1 minuto"},"schema":{"@context":"https:\/\/schema.org","@graph":[{"@type":"WebPage","@id":"https:\/\/www.tadano.com\/uscan\/es\/ventas-y-servicios\/servicios\/","url":"https:\/\/www.tadano.com\/uscan\/es\/ventas-y-servicios\/servicios\/","name":"Servicios - US\/Canada","isPartOf":{"@id":"https:\/\/www.tadano.com\/uscan\/en\/#website"},"datePublished":"2021-03-19T11:48:58+00:00","dateModified":"2023-09-18T12:54:28+00:00","inLanguage":"es","potentialAction":[{"@type":"ReadAction","target":["https:\/\/www.tadano.com\/uscan\/es\/ventas-y-servicios\/servicios\/"]}]},{"@type":"WebSite","@id":"https:\/\/www.tadano.com\/uscan\/en\/#website","url":"https:\/\/www.tadano.com\/uscan\/en\/","name":"US\/Canada","description":"Just another TADANO EUROPE site","potentialAction":[{"@type":"SearchAction","target":{"@type":"EntryPoint","urlTemplate":"https:\/\/www.tadano.com\/uscan\/en\/?s={search_term_string}"},"query-input":"required name=search_term_string"}],"inLanguage":"es"}]}},"_links":{"self":[{"href":"https:\/\/www.tadano.com\/uscan\/es\/wp-json\/wp\/v2\/pages\/22544"}],"collection":[{"href":"https:\/\/www.tadano.com\/uscan\/es\/wp-json\/wp\/v2\/pages"}],"about":[{"href":"https:\/\/www.tadano.com\/uscan\/es\/wp-json\/wp\/v2\/types\/page"}],"author":[{"embeddable":true,"href":"https:\/\/www.tadano.com\/uscan\/es\/wp-json\/wp\/v2\/users\/1"}],"replies":[{"embeddable":true,"href":"https:\/\/www.tadano.com\/uscan\/es\/wp-json\/wp\/v2\/comments?post=22544"}],"version-history":[{"count":1,"href":"https:\/\/www.tadano.com\/uscan\/es\/wp-json\/wp\/v2\/pages\/22544\/revisions"}],"predecessor-version":[{"id":22854,"href":"https:\/\/www.tadano.com\/uscan\/es\/wp-json\/wp\/v2\/pages\/22544\/revisions\/22854"}],"up":[{"embeddable":true,"href":"https:\/\/www.tadano.com\/uscan\/es\/wp-json\/wp\/v2\/pages\/22521"}],"wp:attachment":[{"href":"https:\/\/www.tadano.com\/uscan\/es\/wp-json\/wp\/v2\/media?parent=22544"}],"curies":[{"name":"wp","href":"https:\/\/api.w.org\/{rel}","templated":true}]}}