{"id":22599,"date":"2021-08-31T14:47:53","date_gmt":"2021-08-31T12:47:53","guid":{"rendered":"https:\/\/www.tadano.com\/uscan\/herramientas-tadano\/"},"modified":"2026-03-13T09:23:08","modified_gmt":"2026-03-13T09:23:08","slug":"herramientas-tadano","status":"publish","type":"page","link":"https:\/\/www.tadano.com\/uscan\/es\/herramientas-tadano\/","title":{"rendered":"Herramientas Tadano"},"content":{"rendered":"\n\n\n<section class=\"hero-section\">\n\n\t\n\t\n\t\n\t<div class=\"img-holder \">\n\t\t\t\t<div class=\"bg-stretch\" style=\"background-position: 50% 50%; \">\n\t\t\t<span data-srcset=\"https:\/\/www.tadano.com\/uscan\/wp-content\/uploads\/sites\/12\/2023\/09\/Design-ohne-Titel-28-1200x1200.png, https:\/\/www.tadano.com\/uscan\/wp-content\/uploads\/sites\/12\/2023\/09\/Design-ohne-Titel-28.png 2x\"><\/span>\n\t\t<\/div>\n\t\t\t\t\t\t<div class=\"logo green-solutions\" style=\"display:none;\">\n\t\t\t<a href=\"#\"><img decoding=\"async\" src=\"https:\/\/www.tadano.com\/uscan\/wp-content\/themes\/tadano\/assets\/dist\/images\/Green-Solutions_Logo_White.svg\"><\/a>\n\t\t<\/div>\n\t<\/div>\n\t<div class=\"container\">\n\t\t<div class=\"text-holder \">\n\t\t\t<div class=\"wrap\">\n\t\t\t\t\n\t\t\t\t<ul class=\"breadcrumbs\"><li><a href=\"https:\/\/www.tadano.com\/uscan\/es\/\">Inicio<\/a><\/li><\/ul>\n\t\t\t\t\n\n<h1 class=\"wp-block-heading\">Herramientas Tadano<\/h1>\n\n\n\n<p>Nuestras herramientas Tadano ayudan a utilizar las gr\u00faas aprovechando su m\u00e1ximo potencial.<\/p>\n\n\n\n\t\t\t\t\n\t\t\t<\/div>\n\n\t\t\t\n\t\t\t\n\t\t\t\n\t\t<\/div>\n\t<\/div>\n<\/section>\n\n\n<div class=\"wp-block-group is-style-background-triangle-right has-white-color has-dark-blue-background-color has-text-color has-background is-layout-flow wp-block-group-is-layout-flow\"><div class=\"wp-block-group__inner-container\">\n<div class=\"wp-block-columns is-layout-flex wp-container-core-columns-layout-1 wp-block-columns-is-layout-flex\">\n<div class=\"wp-block-column is-layout-flow wp-block-column-is-layout-flow\" style=\"flex-basis:33.33%\">\n<h2 class=\"wp-block-heading\">EXPLORAR LAS HERRAMIENTAS TADANO<\/h2>\n\n\n\n<p>Las herramientas en l\u00ednea Tadano le ayudan a que las gr\u00faas Tadano se utilices de forma m\u00e1s eficiente y fiable.<\/p>\n<\/div>\n\n\n\n<div class=\"wp-block-column is-layout-flow wp-block-column-is-layout-flow\" style=\"flex-basis:66.66%\"><div class=\"links-block-wrapper\">\n  <div class=\"container\">\n    <section class=\"links-block\">\n              <div class=\"links-block\">\n                                  <div class=\"link-single  \">\n                              <a href=\"https:\/\/www.tadano.com\/uscan\/es\/technologies\/heytadano\/\">\n                               \n                                  <strong class='title'>heyTadano<\/strong>\n                                                  <p>Asistente de gr\u00faa con inteligencia artificial para acceder al instante a los conocimientos de Tadano. Disponible en cualquier momento y lugar, en la obra o en la oficina.<\/p>\n                              <\/a>\n            <\/div>\n                                  <div class=\"link-single  \">\n                              <a href=\"https:\/\/eservice.tadano.co.jp\/lp\/\">\n                               \n                                  <strong class='title'>Cuenta de servicio electr\u00f3nico<\/strong>\n                                                  <p>Una amplia gama de servicios proporcionados por Tadano est\u00e1 f\u00e1cilmente disponible con una sola cuenta.<\/p>\n                              <\/a>\n            <\/div>\n                                  <div class=\"link-single  \">\n                              <a href=\"https:\/\/www.tadano.com\/uscan\/es\/ficha-tecnica-y-datos-de-ingenieria\/\">\n                               \n                                  <strong class='title'>Ficha t\u00e9cnica y datos de ingenier\u00eda<\/strong>\n                                                  <p>Modelos GR, GT y antiguos de gr\u00faas todoterreno y gr\u00faas para camiones.<\/p>\n                              <\/a>\n            <\/div>\n                                  <div class=\"link-single  \">\n                              <a href=\"https:\/\/www.tadano.com\/uscan\/es\/2d-cad\/\">\n                               \n                                  <strong class='title'>DATOS CAD 2D<\/strong>\n                                                  <p>Modelos GR, GT y antiguos de gr\u00faas todoterreno y gr\u00faas para camiones.<\/p>\n                              <\/a>\n            <\/div>\n                                  <div class=\"link-single  \">\n                              <a href=\"https:\/\/www.tadano.com\/uscan\/es\/3d-cad\/\">\n                               \n                                  <strong class='title'>DATOS CAD 3D<\/strong>\n                                                  <p>Modelos GR, GT y antiguos de gr\u00faas todoterreno y gr\u00faas para camiones.<\/p>\n                              <\/a>\n            <\/div>\n                                  <div class=\"link-single  \">\n                              <a href=\"https:\/\/www.tadano.com\/uscan\/es\/datos-bim\/\">\n                               \n                                  <strong class='title'>DATOS BIM<\/strong>\n                                                  <p>Archivos BIM disponibles en formato Autodesk\u00ae Revit\u00ae Family File (.rfa).<\/p>\n                              <\/a>\n            <\/div>\n                                  <div class=\"link-single  \">\n                              <a href=\"https:\/\/docsearch.tadano.co.jp\/\">\n                               \n                                  <strong class='title'>Manuales de funcionamiento<\/strong>\n                                              <\/a>\n            <\/div>\n                                  <div class=\"link-single  \">\n                              <a href=\"https:\/\/cspages.tadano.com\/manual-net\/?LGA=WSTDNGLBHP&amp;LGP=5\">\n                               \n                                  <strong class='title'>Cat\u00e1logos de repuestos y tablas de carga<\/strong>\n                                                  <p>Gr\u00faas para terrenos irregulares, camiones gr\u00faa, gr\u00faas cargadoras sobre cami\u00f3n y plataformas a\u00e9reas<\/p>\n                              <\/a>\n            <\/div>\n                                  <div class=\"link-single  \">\n                              <a href=\"https:\/\/spareparts.tadanoeurope.com\/catalog\/\">\n                               \n                                  <strong class='title'>Cat\u00e1logos de repuestos para productos AC &#038; CC<\/strong>\n                                              <\/a>\n            <\/div>\n                                  <div class=\"link-single  \">\n                              <a href=\"https:\/\/www.tadano.com\/uscan\/es\/cranebee\/\">\n                               \n                                  <strong class='title'>CRANEbee<\/strong>\n                                                  <p>Planificaci\u00f3n inteligente de izajes \u2013 powered by CRANIMAX.<\/p>\n                              <\/a>\n            <\/div>\n                                  <div class=\"link-single  \">\n                              <a href=\"https:\/\/tools.global.tadano.com\/Tadano_Frontend\/login.cfm\">\n                               \n                                  <strong class='title'>REACCI\u00d3N DE LOS ESTABILIZADORES<\/strong>\n                                                  <p>Modelos Tadano AC, ATF y HK<\/p>\n                              <\/a>\n            <\/div>\n                                  <div class=\"link-single  \">\n                              <a href=\"https:\/\/Jackal.tadano.com\/JackalE\/logon_public.aspx\">\n                               \n                                  <strong class='title'>Servicio de suministro de la fuerza de reacci\u00f3n de los estabilizadores<\/strong>\n                                                  <p>Gr\u00faas todoterreno, y gr\u00faas sobre cami\u00f3n<\/p>\n                              <\/a>\n            <\/div>\n                                  <div class=\"link-single  \">\n                              <a href=\"https:\/\/tools.global.tadano.com\/Tadano_Frontend\/login.cfm\">\n                               \n                                  <strong class='title'>RANGO DE TRABAJO<\/strong>\n                                                  <p>Modelos Tadano AC, ATF<\/p>\n                              <\/a>\n            <\/div>\n                                  <div class=\"link-single  \">\n                              <a href=\"https:\/\/tools.global.tadano.com\/Tadano_Frontend\/login.cfm\">\n                               \n                                  <strong class='title'>CONDICI\u00d3N DE PREPARACI\u00d3N<\/strong>\n                                                  <p>Modelos Tadano AC, ATF y HK<\/p>\n                              <\/a>\n            <\/div>\n                                  <div class=\"link-single  \">\n                              <a href=\"https:\/\/app.heavygoods.net?ref=tadano\">\n                               \n                                  <strong class='title'>Visualizador de trayectorias barridas \u2013 HeavyGoods.net<\/strong>\n                                                  <p>Simulaci\u00f3n de maniobras de conducci\u00f3n en Google Maps y CAD para modelos Tadano AC<\/p>\n                              <\/a>\n            <\/div>\n                  <\/div>\n                    \n    <\/section>\n  <\/div>\n<\/div><\/div>\n<\/div>\n<\/div><\/div>\n","protected":false},"excerpt":{"rendered":"<p>EXPLORAR LAS HERRAMIENTAS TADANO Las herramientas en l\u00ednea Tadano le ayudan a que las gr\u00faas Tadano se utilices de forma m\u00e1s eficiente y fiable.<\/p>\n","protected":false},"author":2,"featured_media":0,"parent":0,"menu_order":0,"comment_status":"closed","ping_status":"closed","template":"","meta":{"_acf_changed":false,"footnotes":""},"acf":[],"yoast_head":"<!-- This site is optimized with the Yoast SEO plugin v22.3 - https:\/\/yoast.com\/wordpress\/plugins\/seo\/ -->\n<title>Herramientas Tadano - US\/Canada<\/title>\n<meta name=\"robots\" content=\"index, follow, max-snippet:-1, max-image-preview:large, max-video-preview:-1\" \/>\n<link rel=\"canonical\" href=\"https:\/\/www.tadano.com\/uscan\/en\/online-tools\/\" \/>\n<meta property=\"og:locale\" content=\"es_ES\" \/>\n<meta property=\"og:type\" content=\"article\" \/>\n<meta property=\"og:title\" content=\"Herramientas Tadano - US\/Canada\" \/>\n<meta property=\"og:description\" content=\"EXPLORAR LAS HERRAMIENTAS TADANO Las herramientas en l\u00ednea Tadano le ayudan a que las gr\u00faas Tadano se utilices de forma m\u00e1s eficiente y fiable.\" \/>\n<meta property=\"og:url\" content=\"https:\/\/www.tadano.com\/uscan\/en\/online-tools\/\" \/>\n<meta property=\"og:site_name\" content=\"US\/Canada\" \/>\n<meta property=\"article:modified_time\" content=\"2026-03-13T09:23:08+00:00\" \/>\n<meta name=\"twitter:card\" content=\"summary_large_image\" \/>\n<meta name=\"twitter:label1\" content=\"Tiempo de lectura\" \/>\n\t<meta name=\"twitter:data1\" content=\"1 minuto\" \/>\n<script type=\"application\/ld+json\" class=\"yoast-schema-graph\">{\"@context\":\"https:\/\/schema.org\",\"@graph\":[{\"@type\":\"WebPage\",\"@id\":\"https:\/\/www.tadano.com\/uscan\/en\/online-tools\/\",\"url\":\"https:\/\/www.tadano.com\/uscan\/en\/online-tools\/\",\"name\":\"Herramientas Tadano - US\/Canada\",\"isPartOf\":{\"@id\":\"https:\/\/www.tadano.com\/uscan\/en\/#website\"},\"datePublished\":\"2021-08-31T12:47:53+00:00\",\"dateModified\":\"2026-03-13T09:23:08+00:00\",\"inLanguage\":\"es\",\"potentialAction\":[{\"@type\":\"ReadAction\",\"target\":[\"https:\/\/www.tadano.com\/uscan\/en\/online-tools\/\"]}]},{\"@type\":\"WebSite\",\"@id\":\"https:\/\/www.tadano.com\/uscan\/en\/#website\",\"url\":\"https:\/\/www.tadano.com\/uscan\/en\/\",\"name\":\"US\/Canada\",\"description\":\"Just another TADANO EUROPE site\",\"potentialAction\":[{\"@type\":\"SearchAction\",\"target\":{\"@type\":\"EntryPoint\",\"urlTemplate\":\"https:\/\/www.tadano.com\/uscan\/en\/?s={search_term_string}\"},\"query-input\":\"required name=search_term_string\"}],\"inLanguage\":\"es\"}]}<\/script>\n<!-- \/ Yoast SEO plugin. -->","yoast_head_json":{"title":"Herramientas Tadano - US\/Canada","robots":{"index":"index","follow":"follow","max-snippet":"max-snippet:-1","max-image-preview":"max-image-preview:large","max-video-preview":"max-video-preview:-1"},"canonical":"https:\/\/www.tadano.com\/uscan\/en\/online-tools\/","og_locale":"es_ES","og_type":"article","og_title":"Herramientas Tadano - US\/Canada","og_description":"EXPLORAR LAS HERRAMIENTAS TADANO Las herramientas en l\u00ednea Tadano le ayudan a que las gr\u00faas Tadano se utilices de forma m\u00e1s eficiente y fiable.","og_url":"https:\/\/www.tadano.com\/uscan\/en\/online-tools\/","og_site_name":"US\/Canada","article_modified_time":"2026-03-13T09:23:08+00:00","twitter_card":"summary_large_image","twitter_misc":{"Tiempo de lectura":"1 minuto"},"schema":{"@context":"https:\/\/schema.org","@graph":[{"@type":"WebPage","@id":"https:\/\/www.tadano.com\/uscan\/en\/online-tools\/","url":"https:\/\/www.tadano.com\/uscan\/en\/online-tools\/","name":"Herramientas Tadano - US\/Canada","isPartOf":{"@id":"https:\/\/www.tadano.com\/uscan\/en\/#website"},"datePublished":"2021-08-31T12:47:53+00:00","dateModified":"2026-03-13T09:23:08+00:00","inLanguage":"es","potentialAction":[{"@type":"ReadAction","target":["https:\/\/www.tadano.com\/uscan\/en\/online-tools\/"]}]},{"@type":"WebSite","@id":"https:\/\/www.tadano.com\/uscan\/en\/#website","url":"https:\/\/www.tadano.com\/uscan\/en\/","name":"US\/Canada","description":"Just another TADANO EUROPE site","potentialAction":[{"@type":"SearchAction","target":{"@type":"EntryPoint","urlTemplate":"https:\/\/www.tadano.com\/uscan\/en\/?s={search_term_string}"},"query-input":"required name=search_term_string"}],"inLanguage":"es"}]}},"_links":{"self":[{"href":"https:\/\/www.tadano.com\/uscan\/es\/wp-json\/wp\/v2\/pages\/22599"}],"collection":[{"href":"https:\/\/www.tadano.com\/uscan\/es\/wp-json\/wp\/v2\/pages"}],"about":[{"href":"https:\/\/www.tadano.com\/uscan\/es\/wp-json\/wp\/v2\/types\/page"}],"author":[{"embeddable":true,"href":"https:\/\/www.tadano.com\/uscan\/es\/wp-json\/wp\/v2\/users\/2"}],"replies":[{"embeddable":true,"href":"https:\/\/www.tadano.com\/uscan\/es\/wp-json\/wp\/v2\/comments?post=22599"}],"version-history":[{"count":5,"href":"https:\/\/www.tadano.com\/uscan\/es\/wp-json\/wp\/v2\/pages\/22599\/revisions"}],"predecessor-version":[{"id":27483,"href":"https:\/\/www.tadano.com\/uscan\/es\/wp-json\/wp\/v2\/pages\/22599\/revisions\/27483"}],"wp:attachment":[{"href":"https:\/\/www.tadano.com\/uscan\/es\/wp-json\/wp\/v2\/media?parent=22599"}],"curies":[{"name":"wp","href":"https:\/\/api.w.org\/{rel}","templated":true}]}}