{"id":22600,"date":"2021-11-09T15:32:24","date_gmt":"2021-11-09T15:32:24","guid":{"rendered":"https:\/\/www.tadano.com\/uscan\/objetivos-medioambientales-y-de-sostenibilidad\/"},"modified":"2026-01-29T08:09:49","modified_gmt":"2026-01-29T08:09:49","slug":"objetivos-medioambientales-y-de-sostenibilidad","status":"publish","type":"page","link":"https:\/\/www.tadano.com\/uscan\/es\/objetivos-medioambientales-y-de-sostenibilidad\/","title":{"rendered":"Objetivos medioambientales y de sostenibilidad"},"content":{"rendered":"\n\n\n<section class=\"hero-section\">\n\n\t\n\t\n\t\n\t<div class=\"img-holder \">\n\t\t\t\t<div class=\"bg-stretch\" style=\"background-position: 50% 50%; \">\n\t\t\t<span data-srcset=\"https:\/\/assets.onetadano.com\/celum_assets\/hero\/green-leaf-texture-close-up-green-leaf-background-plant-ecology-scaled.jpg, https:\/\/assets.onetadano.com\/celum_assets\/hero-2x\/green-leaf-texture-close-up-green-leaf-background-plant-ecology-scaled.jpg 2x\"><\/span>\n\t\t<\/div>\n\t\t\t\t\t\t<div class=\"logo green-solutions\" style=\"display:none;\">\n\t\t\t<a href=\"#\"><img decoding=\"async\" src=\"https:\/\/www.tadano.com\/uscan\/wp-content\/themes\/tadano\/assets\/dist\/images\/Green-Solutions_Logo_White.svg\"><\/a>\n\t\t<\/div>\n\t<\/div>\n\t<div class=\"container\">\n\t\t<div class=\"text-holder \">\n\t\t\t<div class=\"wrap\">\n\t\t\t\t\n\t\t\t\t<ul class=\"breadcrumbs\"><li><a href=\"https:\/\/www.tadano.com\/uscan\/es\/\">Inicio<\/a><\/li><\/ul>\n\t\t\t\t\n\n<h1 class=\"wp-block-heading\"><strong>Objetivos medioambientales y de sostenibilidad<\/strong><\/h1>\n\n\n\n<p>El Grupo Tadano se esfuerza por ayudar a proteger el medio ambiente y contribuir a la creaci\u00f3n de una sociedad m\u00e1s sostenible.<\/p>\n\n\n\n\t\t\t\t\n\t\t\t<\/div>\n\n\t\t\t\n\t\t\t\n\t\t\t\n\t\t<\/div>\n\t<\/div>\n<\/section>\n\n\n<div class=\"wp-block-group is-layout-flow wp-block-group-is-layout-flow\"><div class=\"wp-block-group__inner-container\">\n<h1 class=\"wp-block-heading\"><strong>Pol\u00edtica medioambiental<\/strong><\/h1>\n\n\n\n<p>Aportamos a la sociedad armonizando el equilibrio entre las personas, la maquinaria y el medio ambiente.<\/p>\n\n\n\n<h3 class=\"wp-block-heading\">1. PROMOVER UN COMPORTAMIENTO RESPONSABLE CON EL MEDIO AMBIENTE.<\/h3>\n\n\n\n<p>Convencidos de que la conciencia propia es el primer paso hacia el esfuerzo y la mejora sostenidos, brindamos gran importancia a la educaci\u00f3n de cada empleado y a los esfuerzos cotidianos de cada persona.<\/p>\n\n\n\n<h3 class=\"wp-block-heading\">2. DESARROLLAR PRODUCTOS RESPETUOSOS CON EL MEDIO AMBIENTE.<\/h3>\n\n\n\n<p>Conscientes de que el uso de los productos del Grupo Tadano tiene un efecto sobre el medio ambiente, trabajamos para desarrollar productos que sean respetuosos con el medio ambiente durante todo su ciclo de vida, especialmente en t\u00e9rminos de eficiencia de combustible y baja emisi\u00f3n de ruido.<\/p>\n\n\n\n<h3 class=\"wp-block-heading\">3. REALIZAR ACTIVIDADES EMPRESARIALES RESPONSABLES CON EL MEDIO AMBIENTE.<\/h3>\n\n\n\n<p>En todos nuestros procesos empresariales, estamos comprometidos con reducir la carga medioambiental que suponen, mediante la conservaci\u00f3n de recursos, el reciclaje, la prevenci\u00f3n de la contaminaci\u00f3n ambiental y otros esfuerzos.<\/p>\n\n\n\n<p><\/p>\n\n\n\n<div class=\"wp-block-buttons is-layout-flex wp-block-buttons-is-layout-flex\">\n<div class=\"wp-block-button is-style-btn-outline-white\"><a class=\"wp-block-button__link wp-element-button\" href=\"https:\/\/www.tadano.co.jp\/en\/ir\/esg\/\" target=\"_blank\" rel=\"noreferrer noopener\">visitE www.tadano.co.JP<\/a><\/div>\n<\/div>\n<\/div><\/div>\n\n\n\n<div class=\"wp-block-group is-style-background-white is-layout-flow wp-block-group-is-layout-flow\"><div class=\"wp-block-group__inner-container\">\n<h1 class=\"wp-block-heading\">OBJETIVOS MEDIOAMBIENTALES A LARGO PLAZO DEL GRUPO TADANO<\/h1>\n\n\n\n<div class=\"wp-block-columns is-layout-flex wp-container-core-columns-layout-2 wp-block-columns-is-layout-flex\">\n<div class=\"wp-block-column is-layout-flow wp-block-column-is-layout-flow\" style=\"flex-basis:66.66%\">\n<p>Bas\u00e1ndose en las recomendaciones del Grupo de Trabajo sobre Divulgaci\u00f3n Financiera Relacionada con el Clima (TCFD), el Grupo Tadano se ha fijado objetivos claros:<\/p>\n\n\n\n<div style=\"height:81px\" aria-hidden=\"true\" class=\"wp-block-spacer\"><\/div>\n\n\n\n<div class=\"wp-block-columns is-layout-flex wp-container-core-columns-layout-1 wp-block-columns-is-layout-flex\">\n<div class=\"wp-block-column is-layout-flow wp-block-column-is-layout-flow\">\n<h1 class=\"wp-block-heading has-text-align-right\">-25%<\/h1>\n\n\n\n<h1 class=\"wp-block-heading has-text-align-right\">-35%<\/h1>\n<\/div>\n\n\n\n<div class=\"wp-block-column is-layout-flow wp-block-column-is-layout-flow\">\n<p>de emisiones de CO2 como resultado de las <strong>actividades empresariales<\/strong><\/p>\n\n\n\n<p>de emisiones de CO2 de nuestros <strong>productos<\/strong><\/p>\n<\/div>\n<\/div>\n<\/div>\n\n\n\n<div class=\"wp-block-column is-layout-flow wp-block-column-is-layout-flow\" style=\"flex-basis:33.33%\">\n<figure class=\"wp-block-image size-large\"><img decoding=\"async\" src=\"https:\/\/assets.onetadano.com\/celum_assets\/TDN Green Solutions Pos RGB.jpg\" alt=\"\"\/><\/figure>\n<\/div>\n<\/div>\n<\/div><\/div>\n\n\n\n<div class=\"wp-block-group is-style-background-cyan is-layout-flow wp-block-group-is-layout-flow\"><div class=\"wp-block-group__inner-container\">\n<h2 class=\"wp-block-heading\">DE MENOS EMISIONES A CERO EMISIONES<\/h2>\n\n\n\n<p>Con nuestros E-Pack y motores compatibles con HVO, ya ofrecemos soluciones para un funcionamiento de gr\u00faa respetuoso con el medio ambiente.<\/p>\n\n\n\n<div class=\"wp-block-buttons is-layout-flex wp-block-buttons-is-layout-flex\">\n<div class=\"wp-block-button is-style-default\"><a class=\"wp-block-button__link wp-element-button\">M\u00c1S INFORMACI\u00d3N<\/a><\/div>\n<\/div>\n<\/div><\/div>\n","protected":false},"excerpt":{"rendered":"<p>Pol\u00edtica medioambiental Aportamos a la sociedad armonizando el equilibrio entre las personas, la maquinaria y el medio ambiente. 1. PROMOVER UN COMPORTAMIENTO RESPONSABLE CON EL MEDIO AMBIENTE. Convencidos de que la conciencia propia es el primer paso hacia el esfuerzo y la mejora sostenidos, brindamos gran importancia a la educaci\u00f3n de cada empleado y a [&hellip;]<\/p>\n","protected":false},"author":2,"featured_media":0,"parent":0,"menu_order":0,"comment_status":"closed","ping_status":"closed","template":"","meta":{"_acf_changed":false,"footnotes":""},"acf":[],"yoast_head":"<!-- This site is optimized with the Yoast SEO plugin v22.3 - https:\/\/yoast.com\/wordpress\/plugins\/seo\/ -->\n<title>Objetivos medioambientales y de sostenibilidad - US\/Canada<\/title>\n<meta name=\"robots\" content=\"index, follow, max-snippet:-1, max-image-preview:large, max-video-preview:-1\" \/>\n<link rel=\"canonical\" href=\"https:\/\/www.tadano.com\/uscan\/en\/environmental-and-sustainability-goals\/\" \/>\n<meta property=\"og:locale\" content=\"es_ES\" \/>\n<meta property=\"og:type\" content=\"article\" \/>\n<meta property=\"og:title\" content=\"Objetivos medioambientales y de sostenibilidad - US\/Canada\" \/>\n<meta property=\"og:description\" content=\"Pol\u00edtica medioambiental Aportamos a la sociedad armonizando el equilibrio entre las personas, la maquinaria y el medio ambiente. 1. PROMOVER UN COMPORTAMIENTO RESPONSABLE CON EL MEDIO AMBIENTE. Convencidos de que la conciencia propia es el primer paso hacia el esfuerzo y la mejora sostenidos, brindamos gran importancia a la educaci\u00f3n de cada empleado y a [&hellip;]\" \/>\n<meta property=\"og:url\" content=\"https:\/\/www.tadano.com\/uscan\/en\/environmental-and-sustainability-goals\/\" \/>\n<meta property=\"og:site_name\" content=\"US\/Canada\" \/>\n<meta property=\"article:modified_time\" content=\"2026-01-29T08:09:49+00:00\" \/>\n<meta name=\"twitter:card\" content=\"summary_large_image\" \/>\n<meta name=\"twitter:label1\" content=\"Tiempo de lectura\" \/>\n\t<meta name=\"twitter:data1\" content=\"2 minutos\" \/>\n<script type=\"application\/ld+json\" class=\"yoast-schema-graph\">{\"@context\":\"https:\/\/schema.org\",\"@graph\":[{\"@type\":\"WebPage\",\"@id\":\"https:\/\/www.tadano.com\/uscan\/en\/environmental-and-sustainability-goals\/\",\"url\":\"https:\/\/www.tadano.com\/uscan\/en\/environmental-and-sustainability-goals\/\",\"name\":\"Objetivos medioambientales y de sostenibilidad - US\/Canada\",\"isPartOf\":{\"@id\":\"https:\/\/www.tadano.com\/uscan\/en\/#website\"},\"datePublished\":\"2021-11-09T15:32:24+00:00\",\"dateModified\":\"2026-01-29T08:09:49+00:00\",\"inLanguage\":\"es\",\"potentialAction\":[{\"@type\":\"ReadAction\",\"target\":[\"https:\/\/www.tadano.com\/uscan\/en\/environmental-and-sustainability-goals\/\"]}]},{\"@type\":\"WebSite\",\"@id\":\"https:\/\/www.tadano.com\/uscan\/en\/#website\",\"url\":\"https:\/\/www.tadano.com\/uscan\/en\/\",\"name\":\"US\/Canada\",\"description\":\"Just another TADANO EUROPE site\",\"potentialAction\":[{\"@type\":\"SearchAction\",\"target\":{\"@type\":\"EntryPoint\",\"urlTemplate\":\"https:\/\/www.tadano.com\/uscan\/en\/?s={search_term_string}\"},\"query-input\":\"required name=search_term_string\"}],\"inLanguage\":\"es\"}]}<\/script>\n<!-- \/ Yoast SEO plugin. -->","yoast_head_json":{"title":"Objetivos medioambientales y de sostenibilidad - US\/Canada","robots":{"index":"index","follow":"follow","max-snippet":"max-snippet:-1","max-image-preview":"max-image-preview:large","max-video-preview":"max-video-preview:-1"},"canonical":"https:\/\/www.tadano.com\/uscan\/en\/environmental-and-sustainability-goals\/","og_locale":"es_ES","og_type":"article","og_title":"Objetivos medioambientales y de sostenibilidad - US\/Canada","og_description":"Pol\u00edtica medioambiental Aportamos a la sociedad armonizando el equilibrio entre las personas, la maquinaria y el medio ambiente. 1. PROMOVER UN COMPORTAMIENTO RESPONSABLE CON EL MEDIO AMBIENTE. Convencidos de que la conciencia propia es el primer paso hacia el esfuerzo y la mejora sostenidos, brindamos gran importancia a la educaci\u00f3n de cada empleado y a [&hellip;]","og_url":"https:\/\/www.tadano.com\/uscan\/en\/environmental-and-sustainability-goals\/","og_site_name":"US\/Canada","article_modified_time":"2026-01-29T08:09:49+00:00","twitter_card":"summary_large_image","twitter_misc":{"Tiempo de lectura":"2 minutos"},"schema":{"@context":"https:\/\/schema.org","@graph":[{"@type":"WebPage","@id":"https:\/\/www.tadano.com\/uscan\/en\/environmental-and-sustainability-goals\/","url":"https:\/\/www.tadano.com\/uscan\/en\/environmental-and-sustainability-goals\/","name":"Objetivos medioambientales y de sostenibilidad - US\/Canada","isPartOf":{"@id":"https:\/\/www.tadano.com\/uscan\/en\/#website"},"datePublished":"2021-11-09T15:32:24+00:00","dateModified":"2026-01-29T08:09:49+00:00","inLanguage":"es","potentialAction":[{"@type":"ReadAction","target":["https:\/\/www.tadano.com\/uscan\/en\/environmental-and-sustainability-goals\/"]}]},{"@type":"WebSite","@id":"https:\/\/www.tadano.com\/uscan\/en\/#website","url":"https:\/\/www.tadano.com\/uscan\/en\/","name":"US\/Canada","description":"Just another TADANO EUROPE site","potentialAction":[{"@type":"SearchAction","target":{"@type":"EntryPoint","urlTemplate":"https:\/\/www.tadano.com\/uscan\/en\/?s={search_term_string}"},"query-input":"required name=search_term_string"}],"inLanguage":"es"}]}},"_links":{"self":[{"href":"https:\/\/www.tadano.com\/uscan\/es\/wp-json\/wp\/v2\/pages\/22600"}],"collection":[{"href":"https:\/\/www.tadano.com\/uscan\/es\/wp-json\/wp\/v2\/pages"}],"about":[{"href":"https:\/\/www.tadano.com\/uscan\/es\/wp-json\/wp\/v2\/types\/page"}],"author":[{"embeddable":true,"href":"https:\/\/www.tadano.com\/uscan\/es\/wp-json\/wp\/v2\/users\/2"}],"replies":[{"embeddable":true,"href":"https:\/\/www.tadano.com\/uscan\/es\/wp-json\/wp\/v2\/comments?post=22600"}],"version-history":[{"count":2,"href":"https:\/\/www.tadano.com\/uscan\/es\/wp-json\/wp\/v2\/pages\/22600\/revisions"}],"predecessor-version":[{"id":27151,"href":"https:\/\/www.tadano.com\/uscan\/es\/wp-json\/wp\/v2\/pages\/22600\/revisions\/27151"}],"wp:attachment":[{"href":"https:\/\/www.tadano.com\/uscan\/es\/wp-json\/wp\/v2\/media?parent=22600"}],"curies":[{"name":"wp","href":"https:\/\/api.w.org\/{rel}","templated":true}]}}